{"id":1576,"date":"2021-01-20T12:13:49","date_gmt":"2021-01-20T12:13:49","guid":{"rendered":"https:\/\/mobilise-sme.eu\/ueber-mobilisesme\/"},"modified":"2022-03-17T16:09:43","modified_gmt":"2022-03-17T15:09:43","slug":"ueber-mobilisesme","status":"publish","type":"page","link":"https:\/\/mobilise-sme.eu\/de\/ueber-mobilisesme\/","title":{"rendered":"\u00dcber MobiliseSME"},"content":{"rendered":"<p>[vc_row el_class=&#8220;espaciado&#8220;][vc_column css=&#8220;.vc_custom_1602685030902{padding-top: 20px !important;}&#8220;][vc_column_text css=&#8220;.vc_custom_1607951141542{margin-bottom: 5px !important;}&#8220;]<\/p>\n<p class=\"titulo-blue\" style=\"text-align: center;\">\u00dcber MobiliseSME<\/p>\n<p>[\/vc_column_text][vc_separator color=&#8220;custom&#8220; border_width=&#8220;2&#8243; el_width=&#8220;20&#8243; accent_color=&#8220;#0d5387&#8243;][vc_column_text]MobiliseSME ist ein von der EU (EURES, EASI) initiiertes Programm. Es zielt darauf ab, die <strong>Entwicklung von F\u00e4higkeiten und Kapazit\u00e4ten von unternehmerischem Personal<\/strong> (Angestellte, Manager und Eigent\u00fcmer oder Miteigent\u00fcmer), durch die Unterst\u00fctzung kurzfristiger grenz\u00fcberschreitender Entsendungen zu f\u00f6rdern.<\/p>\n<p>Aufbauend auf dem erfolgreichen Pilotprojekt &#8222;MobiliseSME&#8220;, das zwischen 2015 und 2017 umgesetzt wurde, zielt dieses Programm darauf ab, Personen zu unterst\u00fctzen, die bereits erwerbst\u00e4tig sind und f\u00fcr einen begrenzten Zeitraum in einem anderen Unternehmen <strong>grenz\u00fcberschreitende Mobilit\u00e4t<\/strong> erfahren m\u00f6chten. Das aktuelle Dienstverh\u00e4ltnis bleibt w\u00e4hrenddessen aufrecht.<\/p>\n<p>Hauptmerkmale des Programms:<\/p>\n<p>[\/vc_column_text][vc_row_inner el_class=&#8220;numeros align&#8220;][vc_column_inner width=&#8220;1\/2&#8243;][vc_column_text]<\/p>\n<p class=\"number\">1<\/p>\n<p class=\"text-numbers\">Das Programm beinhaltet den grenz\u00fcberschreitenden Austausch von Personal zwschen KMUs aus verschiedenen EU-Mitgliedstaaten.<\/p>\n<p>[\/vc_column_text][vc_column_text]<\/p>\n<p class=\"number\">2<\/p>\n<p class=\"text-numbers\">Das Programm kann auch zur St\u00e4rkung von bereits bestehenden Kooperationen benutzt werden.<\/p>\n<p>[\/vc_column_text][vc_column_text]<\/p>\n<p class=\"number\">3<\/p>\n<p class=\"text-numbers\">Es gibt keine Fristen f\u00fcr die Teilnahme. Das Programm Mobilise SME arbeitet auf kontinuierlicher Basis.<\/p>\n<p>[\/vc_column_text][\/vc_column_inner][vc_column_inner width=&#8220;1\/2&#8243;][vc_column_text]<\/p>\n<p class=\"number\">4<\/p>\n<p class=\"text-numbers\">Das Mobilise SME-Programm f\u00f6rdert einen befristeten Austausch mit einer Dauer von mindestens 1 bis maximal 6 Monaten.<\/p>\n<p>[\/vc_column_text][vc_column_text]<\/p>\n<p class=\"number\">5<\/p>\n<p class=\"text-numbers\">Das Personal bleibt w\u00e4hrend der Dauer der Entsendung beim Entsendeunternehmen angestellt. Der Entsendearbeitgeber zahlt weiterhin sein Gehalt und die anfallenden Kosten.<\/p>\n<p>[\/vc_column_text][\/vc_column_inner][\/vc_row_inner][vc_row_inner][vc_column_inner css=&#8220;.vc_custom_1602685657320{padding-left: 0px !important;}&#8220;][vc_column_text]Dar\u00fcber hinaus bietet das Programm MobiliseSME weitere Aktivit\u00e4ten und Unterst\u00fctzung f\u00fcr Unternehmen. Es beinhaltet auch:<\/p>\n<p>[\/vc_column_text][\/vc_column_inner][\/vc_row_inner][vc_row_inner el_class=&#8220;checks align&#8220;][vc_column_inner width=&#8220;1\/2&#8243;][vc_column_text]<img class=\"check\" src=\"https:\/\/mobilise-sme.eu\/wp-content\/uploads\/2020\/10\/check.png\" \/><\/p>\n<p class=\"text-numbers\"><strong>Informationen \u00fcber die Beteiligung an einem Internationalisierungsprogramm<\/strong>. Es tr\u00e4gt unter anderem dazu bei, das Bewusstsein f\u00fcr die Bedeutung der Ausbildung und der Internationalisierung von Unternehmen zu sch\u00e4rfen.<\/p>\n<p>[\/vc_column_text][vc_column_text]<img class=\"check\" src=\"https:\/\/mobilise-sme.eu\/wp-content\/uploads\/2020\/10\/check.png\" \/><\/p>\n<p class=\"text-numbers\"><strong>Bereitstellung von Instrumenten um Kontakte mit anderen Peers auf EU-Ebene herzustellen<\/strong>, vor allem durch den Zugang zur Matchmaking-Plattform und zu den Netzwerken der lokalen Informationsstellen.<\/p>\n<p>[\/vc_column_text][vc_column_text]<img class=\"check\" src=\"https:\/\/mobilise-sme.eu\/wp-content\/uploads\/2020\/10\/check.png\" \/><\/p>\n<p class=\"text-numbers\"><strong>Analyse des Profils und der Bed\u00fcrfnisse der Teilnehmer<\/strong>.<\/p>\n<p>&nbsp;<\/p>\n<p>[\/vc_column_text][vc_column_text]<img class=\"check\" src=\"https:\/\/mobilise-sme.eu\/wp-content\/uploads\/2020\/10\/check.png\" \/><\/p>\n<p class=\"text-numbers\"><strong>Unterst\u00fctzung bei der Partnersuche<\/strong>. Lokale Informationsstellen tragen dazu bei, dass KMU ein passendes Gegen\u00fcber f\u00fcr eine Entsendung finden k\u00f6nnen.<\/p>\n<p>[\/vc_column_text][vc_column_text]<img class=\"check\" src=\"https:\/\/mobilise-sme.eu\/wp-content\/uploads\/2020\/10\/check.png\" \/><\/p>\n<p class=\"text-numbers\"><strong>Beratung zum und \u00dcberpr\u00fcfung des MobiliseSME Lernprojekts<\/strong>. Das MobiliseSME-Lernprojekt ist das wichtigste Arbeitsdokument. Lokale Informationsstellen in jedem Land helfen Ihnen bei der Erstellung eines solchen Dokuments, das auf Ihre Bed\u00fcrfnisse zugeschnitten ist.<\/p>\n<p>[\/vc_column_text][\/vc_column_inner][vc_column_inner width=&#8220;1\/2&#8243;][vc_column_text]<img class=\"check\" src=\"https:\/\/mobilise-sme.eu\/wp-content\/uploads\/2020\/10\/check.png\" \/><\/p>\n<p class=\"text-numbers\"><strong>Unterst\u00fctzungsleistungen im Vorfeld der Entsendung<\/strong>. N\u00fctzliche Informationen und Schulungsmaterialien werden von den Partnerorganisationen vor der Abreise zur Verf\u00fcgung gestellt. Diese Unterst\u00fctzungsleistungen umfassen ein breites Angebot wie etwa Beratung zu wirtschaftsrelevanten Themen in den EU-L\u00e4ndern oder praktische Informationen f\u00fcr den Auslandsaufenthalt.<\/p>\n<p>[\/vc_column_text][vc_column_text]<img class=\"check\" src=\"https:\/\/mobilise-sme.eu\/wp-content\/uploads\/2020\/10\/check.png\" \/><\/p>\n<p class=\"text-numbers\"><strong>Laufende Evaluierung der Lernziele<\/strong>. Das Programm MobiliseSME begleitet auch den laufenden Austausch.<\/p>\n<p>[\/vc_column_text][vc_column_text]<img class=\"check\" src=\"https:\/\/mobilise-sme.eu\/wp-content\/uploads\/2020\/10\/check.png\" \/><\/p>\n<p class=\"text-numbers\"><strong>Empfehlungen f\u00fcr die weitere Entwicklung und Anleitung<\/strong>. Das Programm MobiliseSME wird Empfehlungen und Anleitungen zu den Themenbereichen Ausbildung, Innovation, Internationalisierung und Mobilit\u00e4t abgeben.<\/p>\n<p>[\/vc_column_text][\/vc_column_inner][\/vc_row_inner][vc_row_inner][vc_column_inner css=&#8220;.vc_custom_1602685657320{padding-left: 0px !important;}&#8220;][vc_column_text]Weitere Einzelheiten finden Sie in den Abschnitten <strong><a href=\"https:\/\/mobilise-sme.eu\/de\/wer-kann-teilnehmen\/\">Wer kann teilnehmen<\/a>, <a href=\"https:\/\/mobilise-sme.eu\/de\/wie-koennen-sie-teilnehmen\/\">Wie kann man teilnehmen<\/a><\/strong> oder bei den verschiedenen lokalen Informationsstellen in der EUU.[\/vc_column_text][\/vc_column_inner][\/vc_row_inner][\/vc_column][\/vc_row]<\/p>\n","protected":false},"excerpt":{"rendered":"<p>[vc_row el_class=&#8220;espaciado&#8220;][vc_column css=&#8220;.vc_custom_1602685030902{padding-top: 20px !important;}&#8220;][vc_column_text css=&#8220;.vc_custom_1607951141542{margin-bottom: 5px !important;}&#8220;] \u00dcber MobiliseSME [\/vc_column_text][vc_separator color=&#8220;custom&#8220; border_width=&#8220;2&#8243; el_width=&#8220;20&#8243; accent_color=&#8220;#0d5387&#8243;][vc_column_text]MobiliseSME ist ein von der EU (EURES, EASI) initiiertes Programm. Es zielt darauf ab, die Entwicklung von F\u00e4higkeiten und Kapazit\u00e4ten von unternehmerischem Personal (Angestellte, Manager und Eigent\u00fcmer oder Miteigent\u00fcmer), durch die Unterst\u00fctzung kurzfristiger grenz\u00fcberschreitender Entsendungen zu f\u00f6rdern. Aufbauend auf dem erfolgreichen Pilotprojekt &#8222;MobiliseSME&#8220;, das zwischen 2015 und 2017 umgesetzt wurde, zielt dieses Programm darauf ab, Personen zu unterst\u00fctzen, die bereits erwerbst\u00e4tig sind und f\u00fcr einen begrenzten Zeitraum in einem anderen Unternehmen grenz\u00fcberschreitende Mobilit\u00e4t erfahren m\u00f6chten. Das aktuelle Dienstverh\u00e4ltnis bleibt w\u00e4hrenddessen aufrecht. Hauptmerkmale des Programms: [\/vc_column_text][vc_row_inner el_class=&#8220;numeros [&hellip;]<\/p>\n","protected":false},"author":1,"featured_media":0,"parent":0,"menu_order":0,"comment_status":"closed","ping_status":"closed","template":"","meta":[],"yoast_head":"<!-- This site is optimized with the Yoast SEO plugin v15.4 - https:\/\/yoast.com\/wordpress\/plugins\/seo\/ -->\n<title>\u00dcber MobiliseSME - Mobilsesme<\/title>\n<meta name=\"robots\" content=\"index, follow, max-snippet:-1, max-image-preview:large, max-video-preview:-1\" \/>\n<link rel=\"canonical\" href=\"https:\/\/mobilise-sme.eu\/de\/ueber-mobilisesme\/\" \/>\n<meta property=\"og:locale\" content=\"de_DE\" \/>\n<meta property=\"og:type\" content=\"article\" \/>\n<meta property=\"og:title\" content=\"\u00dcber MobiliseSME - Mobilsesme\" \/>\n<meta property=\"og:description\" content=\"[vc_row el_class=&#8220;espaciado&#8220;][vc_column css=&#8220;.vc_custom_1602685030902{padding-top: 20px !important;}&#8220;][vc_column_text css=&#8220;.vc_custom_1607951141542{margin-bottom: 5px !important;}&#8220;] \u00dcber MobiliseSME [\/vc_column_text][vc_separator color=&#8220;custom&#8220; border_width=&#8220;2&#8243; el_width=&#8220;20&#8243; accent_color=&#8220;#0d5387&#8243;][vc_column_text]MobiliseSME ist ein von der EU (EURES, EASI) initiiertes Programm. Es zielt darauf ab, die Entwicklung von F\u00e4higkeiten und Kapazit\u00e4ten von unternehmerischem Personal (Angestellte, Manager und Eigent\u00fcmer oder Miteigent\u00fcmer), durch die Unterst\u00fctzung kurzfristiger grenz\u00fcberschreitender Entsendungen zu f\u00f6rdern. Aufbauend auf dem erfolgreichen Pilotprojekt &#8222;MobiliseSME&#8220;, das zwischen 2015 und 2017 umgesetzt wurde, zielt dieses Programm darauf ab, Personen zu unterst\u00fctzen, die bereits erwerbst\u00e4tig sind und f\u00fcr einen begrenzten Zeitraum in einem anderen Unternehmen grenz\u00fcberschreitende Mobilit\u00e4t erfahren m\u00f6chten. Das aktuelle Dienstverh\u00e4ltnis bleibt w\u00e4hrenddessen aufrecht. Hauptmerkmale des Programms: [\/vc_column_text][vc_row_inner el_class=&#8220;numeros [&hellip;]\" \/>\n<meta property=\"og:url\" content=\"https:\/\/mobilise-sme.eu\/de\/ueber-mobilisesme\/\" \/>\n<meta property=\"og:site_name\" content=\"Mobilsesme\" \/>\n<meta property=\"article:modified_time\" content=\"2022-03-17T15:09:43+00:00\" \/>\n<meta property=\"og:image\" content=\"https:\/\/mobilise-sme.eu\/wp-content\/uploads\/2020\/10\/check.png\" \/>\n<meta name=\"twitter:card\" content=\"summary_large_image\" \/>\n<meta name=\"twitter:label1\" content=\"Verfasst von\">\n\t<meta name=\"twitter:data1\" content=\"sumaysube\">\n\t<meta name=\"twitter:label2\" content=\"Gesch\u00e4tzte Lesezeit\">\n\t<meta name=\"twitter:data2\" content=\"3 Minuten\">\n<script type=\"application\/ld+json\" class=\"yoast-schema-graph\">{\"@context\":\"https:\/\/schema.org\",\"@graph\":[{\"@type\":\"WebSite\",\"@id\":\"https:\/\/mobilise-sme.eu\/#website\",\"url\":\"https:\/\/mobilise-sme.eu\/\",\"name\":\"Mobilsesme\",\"description\":\"Otro sitio realizado con WordPress\",\"potentialAction\":[{\"@type\":\"SearchAction\",\"target\":\"https:\/\/mobilise-sme.eu\/?s={search_term_string}\",\"query-input\":\"required name=search_term_string\"}],\"inLanguage\":\"de-DE\"},{\"@type\":\"ImageObject\",\"@id\":\"https:\/\/mobilise-sme.eu\/de\/ueber-mobilisesme\/#primaryimage\",\"inLanguage\":\"de-DE\",\"url\":\"https:\/\/mobilise-sme.eu\/wp-content\/uploads\/2020\/10\/check.png\",\"width\":100,\"height\":100},{\"@type\":\"WebPage\",\"@id\":\"https:\/\/mobilise-sme.eu\/de\/ueber-mobilisesme\/#webpage\",\"url\":\"https:\/\/mobilise-sme.eu\/de\/ueber-mobilisesme\/\",\"name\":\"\\u00dcber MobiliseSME - Mobilsesme\",\"isPartOf\":{\"@id\":\"https:\/\/mobilise-sme.eu\/#website\"},\"primaryImageOfPage\":{\"@id\":\"https:\/\/mobilise-sme.eu\/de\/ueber-mobilisesme\/#primaryimage\"},\"datePublished\":\"2021-01-20T12:13:49+00:00\",\"dateModified\":\"2022-03-17T15:09:43+00:00\",\"inLanguage\":\"de-DE\",\"potentialAction\":[{\"@type\":\"ReadAction\",\"target\":[\"https:\/\/mobilise-sme.eu\/de\/ueber-mobilisesme\/\"]}]}]}<\/script>\n<!-- \/ Yoast SEO plugin. -->","_links":{"self":[{"href":"https:\/\/mobilise-sme.eu\/de\/wp-json\/wp\/v2\/pages\/1576\/"}],"collection":[{"href":"https:\/\/mobilise-sme.eu\/de\/wp-json\/wp\/v2\/pages\/"}],"about":[{"href":"https:\/\/mobilise-sme.eu\/de\/wp-json\/wp\/v2\/types\/page\/"}],"author":[{"embeddable":true,"href":"https:\/\/mobilise-sme.eu\/de\/wp-json\/wp\/v2\/users\/1\/"}],"replies":[{"embeddable":true,"href":"https:\/\/mobilise-sme.eu\/de\/wp-json\/wp\/v2\/comments\/?post=1576"}],"version-history":[{"count":4,"href":"https:\/\/mobilise-sme.eu\/de\/wp-json\/wp\/v2\/pages\/1576\/revisions\/"}],"predecessor-version":[{"id":3955,"href":"https:\/\/mobilise-sme.eu\/de\/wp-json\/wp\/v2\/pages\/1576\/revisions\/3955\/"}],"wp:attachment":[{"href":"https:\/\/mobilise-sme.eu\/de\/wp-json\/wp\/v2\/media\/?parent=1576"}],"curies":[{"name":"wp","href":"https:\/\/api.w.org\/{rel}","templated":true}]}}