{"id":1579,"date":"2021-01-20T12:29:00","date_gmt":"2021-01-20T12:29:00","guid":{"rendered":"https:\/\/mobilise-sme.eu\/finanzielle-unterstuetzung\/"},"modified":"2021-02-08T10:16:46","modified_gmt":"2021-02-08T10:16:46","slug":"finanzielle-unterstuetzung","status":"publish","type":"page","link":"https:\/\/mobilise-sme.eu\/de\/finanzielle-unterstuetzung\/","title":{"rendered":"Finanzielle Unterst\u00fctzung"},"content":{"rendered":"<p>[vc_row el_class=&#8220;espaciado&#8220;][vc_column css=&#8220;.vc_custom_1602769662476{padding-top: 20px !important;}&#8220;][vc_column_text css=&#8220;.vc_custom_1602769942285{margin-bottom: 5px !important;}&#8220;]<\/p>\n<p class=\"titulo-yellow\" style=\"text-align: center;\">Finanzielle Unterst\u00fctzung<\/p>\n<p>[\/vc_column_text][vc_separator color=&#8220;custom&#8220; border_width=&#8220;2&#8243; el_width=&#8220;20&#8243; accent_color=&#8220;#efca34&#8243;][vc_column_text]<\/p>\n<p>Die Entsendungen werden teilweise durch das Programm MobiliseSME finanziert.<\/p>\n<p>Der Zweck der finanziellen Unterst\u00fctzung besteht darin, einen Beitrag zu den w\u00e4hrend des Aufenthalts durch die entsendete Person get\u00e4tigten Ausgaben zu leisten.<\/p>\n<p>Die finanzielle Unterst\u00fctzung h\u00e4ngt von dem Land ab, in dem die Entsendung stattfindet. Die monatliche finanzielle Unterst\u00fctzung ist in der folgenden Tabelle angef\u00fchrt:<\/p>\n<p>[\/vc_column_text][vc_column_text el_class=&#8220;tabla&#8220;]<\/p>\n<p><strong>Monatliche finanzielle Unterst\u00fctzung, die von entsendenden Partnerorganisationen an Dritte (Entsendeunternehmen) gezahlt wird<\/strong><\/p>\n<table class=\"table aligncenter\">\n<thead>\n<tr>\n<th scope=\"col\">Gastland<\/th>\n<th scope=\"col\">Betrag per Monat\/\u20ac<\/th>\n<\/tr>\n<\/thead>\n<tbody>\n<tr>\n<td>Albanien<\/td>\n<td>530<\/td>\n<\/tr>\n<tr>\n<td>\u00d6sterreich<\/td>\n<td>900<\/td>\n<\/tr>\n<tr>\n<td>Belgien<\/td>\n<td>830<\/td>\n<\/tr>\n<tr>\n<td>Bulgarien<\/td>\n<td>560<\/td>\n<\/tr>\n<tr>\n<td>Kroatien<\/td>\n<td>720<\/td>\n<\/tr>\n<tr>\n<td>Zypern<\/td>\n<td>780<\/td>\n<\/tr>\n<tr>\n<td>Tschechien<\/td>\n<td>610<\/td>\n<\/tr>\n<tr>\n<td>D\u00e4nemark<\/td>\n<td>1100<\/td>\n<\/tr>\n<tr>\n<td>Deutschland<\/td>\n<td>830<\/td>\n<\/tr>\n<tr>\n<td>Estland<\/td>\n<td>670<\/td>\n<\/tr>\n<tr>\n<td>Finnland<\/td>\n<td>950<\/td>\n<\/tr>\n<tr>\n<td>Nordmazedonien<\/td>\n<td>560<\/td>\n<\/tr>\n<tr>\n<td>Frankreich<\/td>\n<td>900<\/td>\n<\/tr>\n<tr>\n<td>Griechenland<\/td>\n<td>780<\/td>\n<\/tr>\n<tr>\n<td>Ungarn<\/td>\n<td>670<\/td>\n<\/tr>\n<tr>\n<td>Island<\/td>\n<td>900<\/td>\n<\/tr>\n<tr>\n<td>Irland<\/td>\n<td>1000<\/td>\n<\/tr>\n<tr>\n<td>Italien<\/td>\n<td>900<\/td>\n<\/tr>\n<tr>\n<td>Lettland<\/td>\n<td>610<\/td>\n<\/tr>\n<tr>\n<td>Litauen<\/td>\n<td>560<\/td>\n<\/tr>\n<tr>\n<td>Luxemburg<\/td>\n<td>830<\/td>\n<\/tr>\n<tr>\n<td>Malta<\/td>\n<td>720<\/td>\n<\/tr>\n<tr>\n<td>Montenegro<\/td>\n<td>560<\/td>\n<\/tr>\n<tr>\n<td>Niederlande<\/td>\n<td>830<\/td>\n<\/tr>\n<tr>\n<td>Polen<\/td>\n<td>610<\/td>\n<\/tr>\n<tr>\n<td>Portugal<\/td>\n<td>780<\/td>\n<\/tr>\n<tr>\n<td>Rum\u00e4nien<\/td>\n<td>560<\/td>\n<\/tr>\n<tr>\n<td>Serbien<\/td>\n<td>560<\/td>\n<\/tr>\n<tr>\n<td>Slowakei<\/td>\n<td>610<\/td>\n<\/tr>\n<tr>\n<td>Slowenien<\/td>\n<td>720<\/td>\n<\/tr>\n<tr>\n<td>Spanien<\/td>\n<td>830<\/td>\n<\/tr>\n<tr>\n<td>Schweden<\/td>\n<td>950<\/td>\n<\/tr>\n<tr>\n<td>T\u00fcrkei<\/td>\n<td>750<\/td>\n<\/tr>\n<tr>\n<td>Vereinigts K\u00f6nigreich<\/td>\n<td>1000<\/td>\n<\/tr>\n<tr>\n<td>Angestellte mit Behinderungen (unabh\u00e4ngig vom Gastland)<\/td>\n<td>1100<\/td>\n<\/tr>\n<\/tbody>\n<\/table>\n<p>[\/vc_column_text][vc_column_text]<\/p>\n<p>Mit dem Zuschuss der Union k\u00f6nnen Reisekosten im Zusammenhang mit der Aufnahme der T\u00e4tigkeit im Gastunternehmen, ein Teil der Auslands- und Integrationskosten und gegebenenfalls auch Kosten f\u00fcr eine kurze Fremdsprachenprachausbildung abdeckt werden.<\/p>\n<p>F\u00fcr weitere Einzelheiten wenden Sie sich bitte an eine der lokalen Informationsstellen, die das MobiliseSME-Programm verwalten. Sie finden diese im Abschnitt &#8222;Lokale Informationsstellen&#8220;.<\/p>\n<p>[\/vc_column_text][\/vc_column][\/vc_row]<\/p>\n","protected":false},"excerpt":{"rendered":"<p>[vc_row el_class=&#8220;espaciado&#8220;][vc_column css=&#8220;.vc_custom_1602769662476{padding-top: 20px !important;}&#8220;][vc_column_text css=&#8220;.vc_custom_1602769942285{margin-bottom: 5px !important;}&#8220;] Finanzielle Unterst\u00fctzung [\/vc_column_text][vc_separator color=&#8220;custom&#8220; border_width=&#8220;2&#8243; el_width=&#8220;20&#8243; accent_color=&#8220;#efca34&#8243;][vc_column_text] Die Entsendungen werden teilweise durch das Programm MobiliseSME finanziert. Der Zweck der finanziellen Unterst\u00fctzung besteht darin, einen Beitrag zu den w\u00e4hrend des Aufenthalts durch die entsendete Person get\u00e4tigten Ausgaben zu leisten. Die finanzielle Unterst\u00fctzung h\u00e4ngt von dem Land ab, in dem die Entsendung stattfindet. Die monatliche finanzielle Unterst\u00fctzung ist in der folgenden Tabelle angef\u00fchrt: [\/vc_column_text][vc_column_text el_class=&#8220;tabla&#8220;] Monatliche finanzielle Unterst\u00fctzung, die von entsendenden Partnerorganisationen an Dritte (Entsendeunternehmen) gezahlt wird Gastland Betrag per Monat\/\u20ac Albanien 530 \u00d6sterreich 900 Belgien 830 Bulgarien 560 Kroatien 720 Zypern 780 Tschechien [&hellip;]<\/p>\n","protected":false},"author":1,"featured_media":0,"parent":0,"menu_order":0,"comment_status":"closed","ping_status":"closed","template":"","meta":[],"yoast_head":"<!-- This site is optimized with the Yoast SEO plugin v15.4 - https:\/\/yoast.com\/wordpress\/plugins\/seo\/ -->\n<title>Finanzielle Unterst\u00fctzung - Mobilsesme<\/title>\n<meta name=\"robots\" content=\"index, follow, max-snippet:-1, max-image-preview:large, max-video-preview:-1\" \/>\n<link rel=\"canonical\" href=\"https:\/\/mobilise-sme.eu\/de\/financial-support\/\" \/>\n<meta property=\"og:locale\" content=\"de_DE\" \/>\n<meta property=\"og:type\" content=\"article\" \/>\n<meta property=\"og:title\" content=\"Finanzielle Unterst\u00fctzung - Mobilsesme\" \/>\n<meta property=\"og:description\" content=\"[vc_row el_class=&#8220;espaciado&#8220;][vc_column css=&#8220;.vc_custom_1602769662476{padding-top: 20px !important;}&#8220;][vc_column_text css=&#8220;.vc_custom_1602769942285{margin-bottom: 5px !important;}&#8220;] Finanzielle Unterst\u00fctzung [\/vc_column_text][vc_separator color=&#8220;custom&#8220; border_width=&#8220;2&#8243; el_width=&#8220;20&#8243; accent_color=&#8220;#efca34&#8243;][vc_column_text] Die Entsendungen werden teilweise durch das Programm MobiliseSME finanziert. Der Zweck der finanziellen Unterst\u00fctzung besteht darin, einen Beitrag zu den w\u00e4hrend des Aufenthalts durch die entsendete Person get\u00e4tigten Ausgaben zu leisten. Die finanzielle Unterst\u00fctzung h\u00e4ngt von dem Land ab, in dem die Entsendung stattfindet. Die monatliche finanzielle Unterst\u00fctzung ist in der folgenden Tabelle angef\u00fchrt: [\/vc_column_text][vc_column_text el_class=&#8220;tabla&#8220;] Monatliche finanzielle Unterst\u00fctzung, die von entsendenden Partnerorganisationen an Dritte (Entsendeunternehmen) gezahlt wird Gastland Betrag per Monat\/\u20ac Albanien 530 \u00d6sterreich 900 Belgien 830 Bulgarien 560 Kroatien 720 Zypern 780 Tschechien [&hellip;]\" \/>\n<meta property=\"og:url\" content=\"https:\/\/mobilise-sme.eu\/financial-support\/\" \/>\n<meta property=\"og:site_name\" content=\"Mobilsesme\" \/>\n<meta property=\"article:modified_time\" content=\"2021-02-08T10:16:46+00:00\" \/>\n<meta name=\"twitter:card\" content=\"summary_large_image\" \/>\n<meta name=\"twitter:label1\" content=\"Verfasst von\">\n\t<meta name=\"twitter:data1\" content=\"sumaysube\">\n\t<meta name=\"twitter:label2\" content=\"Gesch\u00e4tzte Lesezeit\">\n\t<meta name=\"twitter:data2\" content=\"1 Minute\">\n<script type=\"application\/ld+json\" class=\"yoast-schema-graph\">{\"@context\":\"https:\/\/schema.org\",\"@graph\":[{\"@type\":\"WebSite\",\"@id\":\"https:\/\/mobilise-sme.eu\/#website\",\"url\":\"https:\/\/mobilise-sme.eu\/\",\"name\":\"Mobilsesme\",\"description\":\"Otro sitio realizado con WordPress\",\"potentialAction\":[{\"@type\":\"SearchAction\",\"target\":\"https:\/\/mobilise-sme.eu\/?s={search_term_string}\",\"query-input\":\"required name=search_term_string\"}],\"inLanguage\":\"de-DE\"},{\"@type\":\"WebPage\",\"@id\":\"https:\/\/mobilise-sme.eu\/financial-support\/#webpage\",\"url\":\"https:\/\/mobilise-sme.eu\/financial-support\/\",\"name\":\"Finanzielle Unterst\\u00fctzung - Mobilsesme\",\"isPartOf\":{\"@id\":\"https:\/\/mobilise-sme.eu\/#website\"},\"datePublished\":\"2021-01-20T12:29:00+00:00\",\"dateModified\":\"2021-02-08T10:16:46+00:00\",\"inLanguage\":\"de-DE\",\"potentialAction\":[{\"@type\":\"ReadAction\",\"target\":[\"https:\/\/mobilise-sme.eu\/financial-support\/\"]}]}]}<\/script>\n<!-- \/ Yoast SEO plugin. -->","_links":{"self":[{"href":"https:\/\/mobilise-sme.eu\/de\/wp-json\/wp\/v2\/pages\/1579\/"}],"collection":[{"href":"https:\/\/mobilise-sme.eu\/de\/wp-json\/wp\/v2\/pages\/"}],"about":[{"href":"https:\/\/mobilise-sme.eu\/de\/wp-json\/wp\/v2\/types\/page\/"}],"author":[{"embeddable":true,"href":"https:\/\/mobilise-sme.eu\/de\/wp-json\/wp\/v2\/users\/1\/"}],"replies":[{"embeddable":true,"href":"https:\/\/mobilise-sme.eu\/de\/wp-json\/wp\/v2\/comments\/?post=1579"}],"version-history":[{"count":5,"href":"https:\/\/mobilise-sme.eu\/de\/wp-json\/wp\/v2\/pages\/1579\/revisions\/"}],"predecessor-version":[{"id":1819,"href":"https:\/\/mobilise-sme.eu\/de\/wp-json\/wp\/v2\/pages\/1579\/revisions\/1819\/"}],"wp:attachment":[{"href":"https:\/\/mobilise-sme.eu\/de\/wp-json\/wp\/v2\/media\/?parent=1579"}],"curies":[{"name":"wp","href":"https:\/\/api.w.org\/{rel}","templated":true}]}}