{"id":1585,"date":"2021-01-20T12:37:17","date_gmt":"2021-01-20T12:37:17","guid":{"rendered":"https:\/\/mobilise-sme.eu\/home\/"},"modified":"2022-06-28T11:22:20","modified_gmt":"2022-06-28T09:22:20","slug":"home","status":"publish","type":"page","link":"https:\/\/mobilise-sme.eu\/de\/","title":{"rendered":"Home"},"content":{"rendered":"<p>[vc_row css=&#8220;.vc_custom_1608032447507{padding-top: 200px !important;padding-bottom: 200px !important;background-image: url(https:\/\/mobilise-sme.eu\/wp-content\/uploads\/2020\/11\/portada.png?id=430) !important;background-position: center !important;background-repeat: no-repeat !important;background-size: cover !important;}&#8220; el_class=&#8220;bloque1&#8243;][vc_column width=&#8220;2\/5&#8243; css=&#8220;.vc_custom_1656408136235{padding-top: 20px !important;padding-right: 20px !important;padding-bottom: 15px !important;padding-left: 20px !important;background-color: rgba(0,74,135,0.9) !important;*background-color: rgb(0,74,135) !important;}&#8220; el_class=&#8220;bloque_azul&#8220;][vc_column_text css=&#8220;.vc_custom_1656404846138{margin-bottom: 15px !important;}&#8220;]<\/p>\n<p class=\"titulo\">MobiliseSME<\/p>\n<p class=\"text\" style=\"margin-bottom: 7px;\">MobiliseSME ist ein von der EU (EURES, EASI) initiiertes Programm. Es zielt darauf ab, die Entwicklung von F\u00e4higkeiten und Kapazit\u00e4ten von unternehmerischem Personal (Angestellte, Manager und Eigent\u00fcmer oder Miteigent\u00fcmer), durch die Unterst\u00fctzung kurzfristiger grenz\u00fcberschreitender Entsendungen zu f\u00f6rdern.<\/p>\n<p class=\"text\">Aufbauend auf dem erfolgreichen Pilotprogramm <a href=\"https:\/\/www.european-entrepreneurs.org\/projects\/mobilisesme\/\" target=\"_blank\" rel=\"noopener noreferrer\">\u201cMobiliseSME\u201d (VS\/2015\/0354)<\/a>, das zwischen 2015 und 2017 von European Entrepreneurs CEA-PME durchgef\u00fchrt wurde, zielt dieses Programm darauf ab, Menschen zu unterst\u00fctzen, die bereits in einem Arbeitsverh\u00e4ltnis stehen und f\u00fcr einen begrenzten Zeitraum grenz\u00fcberschreitende Mobilit\u00e4t in einem anderen Unternehmen erleben m\u00f6chten, wobei sie gleichzeitig ihr Dienstverh\u00e4ltnis zu ihrem Arbeitgeber aufrechterhalten.<\/p>\n<p>[\/vc_column_text][vc_btn title=&#8220;Mehr Informationen&#8220; shape=&#8220;round&#8220; color=&#8220;white&#8220; align=&#8220;left&#8220; link=&#8220;url:https%3A%2F%2Fmobilise-sme.eu%2Fde%2Fueber-mobilisesme%2F|title:Mehr%20Informationen|&#8220; el_class=&#8220;boton-blanco boton-home1&#8243;][vc_column_text el_class=&#8220;boton-home2&#8243;]<\/p>\n<p class=\"homebutton\" style=\"text-align: center;\"><a href=\"https:\/\/mobilise-sme.eu\/wp-content\/uploads\/2022\/03\/GER_MobiliseSME_Guide-for-participants.pdf\" target=\"_blank\" rel=\"noopener noreferrer\"><img src=\"https:\/\/mobilise-sme.eu\/wp-content\/uploads\/2020\/11\/Rectangle-42.png\" alt=\"icono documento\" \/> MobiliseSME Leitfaden<\/a><\/p>\n<p>[\/vc_column_text][\/vc_column][vc_column width=&#8220;3\/5&#8243;][\/vc_column][\/vc_row][vc_row content_placement=&#8220;middle&#8220; css=&#8220;.vc_custom_1602673164695{padding-top: 20px !important;padding-bottom: 20px !important;background-color: #efca34 !important;}&#8220; el_class=&#8220;bloque2&#8243;][vc_column][vc_column_text css=&#8220;.vc_custom_1602673371394{margin-bottom: 5px !important;}&#8220;]<\/p>\n<p class=\"titulo\" style=\"text-align: center;\">Wer kann teilnehmen?<\/p>\n<p>[\/vc_column_text][vc_separator color=&#8220;white&#8220; border_width=&#8220;2&#8243; el_width=&#8220;10&#8243; css=&#8220;.vc_custom_1602673333400{margin-top: 0px !important;margin-bottom: 0px !important;}&#8220;][vc_row_inner][vc_column_inner width=&#8220;1\/2&#8243;][vc_single_image image=&#8220;437&#8243; img_size=&#8220;full&#8220; alignment=&#8220;center&#8220; css=&#8220;.vc_custom_1604398623363{margin-bottom: 10px !important;}&#8220;][vc_column_text el_class=&#8220;texto-home&#8220;]<\/p>\n<p style=\"text-align: center;\"><strong>Antragsteller (KMUs)<\/strong><\/p>\n<p style=\"text-align: center;\">Antragsteller sind kleine und mittlere Unternehmen (KMU). Sie k\u00f6nnen sich f\u00fcr das Programm bewerben, indem sie sich in der Matchmaking-Plattform registrieren oder sich an eine der lokalen Informationsstellen wenden, die das Programm in ihrem Gebiet vertreten.<\/p>\n<p>[\/vc_column_text][vc_btn title=&#8220;Mehr Informationen&#8220; shape=&#8220;round&#8220; color=&#8220;white&#8220; align=&#8220;center&#8220; link=&#8220;url:https%3A%2F%2Fmobilise-sme.eu%2Fde%2Fwer-kann-teilnehmen%2F|title:Mehr%20Informationen|&#8220; el_class=&#8220;boton-blanco boton-desk&#8220;][\/vc_column_inner][vc_column_inner width=&#8220;1\/2&#8243;][vc_single_image image=&#8220;442&#8243; img_size=&#8220;full&#8220; alignment=&#8220;center&#8220; css=&#8220;.vc_custom_1604398630351{margin-bottom: 10px !important;}&#8220;][vc_column_text el_class=&#8220;texto-home&#8220;]<\/p>\n<p style=\"text-align: center;\"><strong>Teilnehmer (Angestellte, Manager und Miteigent\u00fcmer)<\/strong><\/p>\n<p style=\"text-align: center;\">Teilnehmer sind die Mitarbeiter der Antragsteller (KMU). Sie nehmen am Programm MobiliseSME teil. Der Begriff Teilnehmer umfasst Personal\/Mitarbeiter, Manager und Eigent\u00fcmer oder Miteigent\u00fcmer von KMU.<\/p>\n<p>[\/vc_column_text][vc_btn title=&#8220;Mehr Informationen&#8220; shape=&#8220;round&#8220; color=&#8220;white&#8220; align=&#8220;center&#8220; link=&#8220;url:https%3A%2F%2Fmobilise-sme.eu%2Fde%2Fwer-kann-teilnehmen%2F|title:Mehr%20Informationen|&#8220; el_class=&#8220;boton-blanco boton-desk&#8220;][\/vc_column_inner][vc_column_inner el_class=&#8220;boton-resp&#8220;][vc_btn title=&#8220;Mehr Informationen&#8220; shape=&#8220;round&#8220; color=&#8220;white&#8220; align=&#8220;center&#8220; link=&#8220;url:https%3A%2F%2Fmobilise-sme.eu%2Fde%2Fwie-koennen-sie-teilnehmen%2F|title:Mehr%20Informationen|&#8220; el_class=&#8220;boton-blanco&#8220;][\/vc_column_inner][\/vc_row_inner][\/vc_column][\/vc_row][vc_row content_placement=&#8220;middle&#8220; css=&#8220;.vc_custom_1602674082740{padding-top: 20px !important;padding-bottom: 20px !important;}&#8220; el_class=&#8220;bloque3&#8243;][vc_column][vc_column_text css=&#8220;.vc_custom_1602674037059{margin-bottom: 5px !important;}&#8220;]<\/p>\n<p class=\"titulo\" style=\"text-align: center;\">Wie kann man teilnehmen?<\/p>\n<p>[\/vc_column_text][vc_separator color=&#8220;custom&#8220; border_width=&#8220;2&#8243; el_width=&#8220;10&#8243; css=&#8220;.vc_custom_1602674075761{margin-top: 0px !important;margin-bottom: 0px !important;}&#8220; accent_color=&#8220;#0d5387&#8243;][vc_row_inner css=&#8220;.vc_custom_1602762299583{padding-top: 30px !important;}&#8220;][vc_column_inner width=&#8220;1\/4&#8243;][vc_column_text]<\/p>\n<div class=\"number-block\">\n<p class=\"number\" style=\"text-align: center;\"><strong>1<\/strong><\/p>\n<\/div>\n<p class=\"text\" style=\"text-align: center;\">Kontaktieren Sie Ihre lokale Informationsstelle.<\/p>\n<p>[\/vc_column_text][\/vc_column_inner][vc_column_inner width=&#8220;1\/4&#8243;][vc_column_text]<\/p>\n<div class=\"number-block\">\n<p class=\"number\" style=\"text-align: center;\"><strong>2<\/strong><\/p>\n<\/div>\n<p class=\"text\" style=\"text-align: center;\">Registrieren Sie sich auf der Matchmaking-Plattform und finden Sie einen Gesch\u00e4ftspartner.<\/p>\n<p>[\/vc_column_text][\/vc_column_inner][vc_column_inner width=&#8220;1\/4&#8243;][vc_column_text]<\/p>\n<div class=\"number-block\">\n<p class=\"number\" style=\"text-align: center;\"><strong>3<\/strong><\/p>\n<\/div>\n<p class=\"text\" style=\"text-align: center;\">Arbeit am MobiliseSME-Lerndokument.<\/p>\n<p>[\/vc_column_text][\/vc_column_inner][vc_column_inner width=&#8220;1\/4&#8243;][vc_column_text]<\/p>\n<div class=\"number-block\">\n<p class=\"number\" style=\"text-align: center;\"><strong>4<\/strong><\/p>\n<\/div>\n<p class=\"text\" style=\"text-align: center;\">Los geht&#8217;s!!<\/p>\n<p>[\/vc_column_text][\/vc_column_inner][\/vc_row_inner][vc_row_inner el_class=&#8220;boton&#8220;][vc_column_inner][vc_btn title=&#8220;Mehr Informationen&#8220; shape=&#8220;round&#8220; color=&#8220;blue&#8220; align=&#8220;center&#8220; link=&#8220;url:https%3A%2F%2Fmobilise-sme.eu%2Fde%2Fwie-koennen-sie-teilnehmen%2F|title:Mehr%20Informationen|&#8220;][\/vc_column_inner][\/vc_row_inner][\/vc_column][\/vc_row][vc_row content_placement=&#8220;middle&#8220; css=&#8220;.vc_custom_1602675566973{padding-top: 20px !important;padding-right: 0px !important;padding-bottom: 20px !important;padding-left: 0px !important;}&#8220; el_class=&#8220;bloque4&#8243;][vc_column][vc_row_inner el_class=&#8220;bloque4&#8243;][vc_column_inner el_class=&#8220;bloque-flecha&#8220; width=&#8220;1\/2&#8243; css=&#8220;.vc_custom_1639665119500{padding-top: 57.5px !important;padding-bottom: 57.5px !important;background-color: #efca34 !important;}&#8220;][vc_column_text]<\/p>\n<p class=\"flecha\"><a href=\"https:\/\/mobilise-sme.eu\/de\/finanzielle-unterstuetzung\/\">Finanzielle Unterst\u00fctzung<img src=\"https:\/\/mobilise-sme.eu\/wp-content\/uploads\/2020\/11\/flecha.png\" alt=\"Financial support\" \/><\/a><\/p>\n<p>[\/vc_column_text][\/vc_column_inner][vc_column_inner el_class=&#8220;bloque-flecha&#8220; width=&#8220;1\/2&#8243; css=&#8220;.vc_custom_1639665126695{padding-top: 57.5px !important;padding-bottom: 57.5px !important;background-color: #0d5387 !important;}&#8220;][vc_column_text]<\/p>\n<p class=\"flecha\"><a href=\"https:\/\/mobilise-sme.eu\/de\/lokale-kontaktstellen\/\">Lokale Kontaktstellen<img src=\"https:\/\/mobilise-sme.eu\/wp-content\/uploads\/2020\/11\/flecha.png\" alt=\"Local contact points\" \/><\/a><\/p>\n<p>[\/vc_column_text][\/vc_column_inner][\/vc_row_inner][\/vc_column][\/vc_row][vc_row content_placement=&#8220;middle&#8220; css=&#8220;.vc_custom_1606896014959{padding-top: 20px !important;padding-bottom: 0px !important;}&#8220; el_class=&#8220;bloque5&#8243;][vc_column][vc_column_text css=&#8220;.vc_custom_1602675887684{margin-bottom: 5px !important;}&#8220;]<\/p>\n<p class=\"titulo\" style=\"text-align: center;\">Neuigkeiten<\/p>\n<p>[\/vc_column_text][vc_separator color=&#8220;custom&#8220; border_width=&#8220;2&#8243; el_width=&#8220;10&#8243; css=&#8220;.vc_custom_1602674075761{margin-top: 0px !important;margin-bottom: 0px !important;}&#8220; accent_color=&#8220;#0d5387&#8243;][vc_row_inner css=&#8220;.vc_custom_1639993204030{padding-top: 30px !important;padding-right: 0px !important;padding-left: 0px !important;}&#8220;][vc_column_inner css=&#8220;.vc_custom_1606289082552{padding-right: 0px !important;padding-left: 0px !important;}&#8220;][vc_raw_html]JTVCc3Bfd3BjYXJvdXNlbCUyMGlkJTNEJTIyMzIyMyUyMiU1RA==[\/vc_raw_html][\/vc_column_inner][\/vc_row_inner][\/vc_column][\/vc_row][vc_row css=&#8220;.vc_custom_1608032515955{padding-top: 100px !important;padding-bottom: 100px !important;background-image: url(https:\/\/mobilise-sme.eu\/wp-content\/uploads\/2020\/11\/Rectangle-11.png?id=504) !important;background-position: center !important;background-repeat: no-repeat !important;background-size: cover !important;}&#8220; el_class=&#8220;bloque6&#8243;][vc_column width=&#8220;2\/5&#8243; css=&#8220;.vc_custom_1606895071608{padding-top: 30px !important;padding-right: 20px !important;padding-bottom: 20px !important;padding-left: 20px !important;background-color: rgba(239,202,52,0.9) !important;*background-color: rgb(239,202,52) !important;}&#8220;][vc_column_text]<\/p>\n<p class=\"titulo\">Willkommen auf der MobiliseSME Matchmaking Plattform<\/p>\n<p class=\"text\">Wenn Sie ein neuer Interessent sind, der einen neuen Wirtschaftstreibenenden bzw. ein neues KMU registrieren m\u00f6chte, klicken Sie bitte auf &#8222;Starte App&#8220;. Wenn Sie sich schon registriert haben, klicken Sie auf &#8222;Login&#8220;.<\/p>\n<p class=\"text\">Klicken Sie auf &#8222;MobiliseSME Registrierungsguide&#8220; f\u00fcr eine schrittweise Anleitung zur Registrierung auf der Plattform.<\/p>\n<p class=\"text\">Sie k\u00f6nnen auch auf &#8222;MobiliseSME Leitfaden&#8220; klicken, um mehr Details zur Teilnahme am Programm zu erfahren. Nachfolgend finden Sie Informationen zu den Anforderungen an die Teilnehmer.<\/p>\n<p>[\/vc_column_text][vc_btn title=&#8220;Mehr Informationen&#8220; shape=&#8220;round&#8220; color=&#8220;white&#8220; align=&#8220;left&#8220; link=&#8220;url:https%3A%2F%2Fmobilise-sme.eu%2Fde%2Fmatchmaking-plattform%2F|title:Mehr%20Informationen|&#8220; css=&#8220;.vc_custom_1607952988802{margin-bottom: 0px !important;}&#8220;][\/vc_column][vc_column width=&#8220;3\/5&#8243;][\/vc_column][\/vc_row]<\/p>\n","protected":false},"excerpt":{"rendered":"<p>[vc_row css=&#8220;.vc_custom_1608032447507{padding-top: 200px !important;padding-bottom: 200px !important;background-image: url(https:\/\/mobilise-sme.eu\/wp-content\/uploads\/2020\/11\/portada.png?id=430) !important;background-position: center !important;background-repeat: no-repeat !important;background-size: cover !important;}&#8220; el_class=&#8220;bloque1&#8243;][vc_column width=&#8220;2\/5&#8243; css=&#8220;.vc_custom_1656408136235{padding-top: 20px !important;padding-right: 20px !important;padding-bottom: 15px !important;padding-left: 20px !important;background-color: rgba(0,74,135,0.9) !important;*background-color: rgb(0,74,135) !important;}&#8220; el_class=&#8220;bloque_azul&#8220;][vc_column_text css=&#8220;.vc_custom_1656404846138{margin-bottom: 15px !important;}&#8220;] MobiliseSME MobiliseSME ist ein von der EU (EURES, EASI) initiiertes Programm. Es zielt darauf ab, die Entwicklung von F\u00e4higkeiten und Kapazit\u00e4ten von unternehmerischem Personal (Angestellte, Manager und Eigent\u00fcmer oder Miteigent\u00fcmer), durch die Unterst\u00fctzung kurzfristiger grenz\u00fcberschreitender Entsendungen zu f\u00f6rdern. Aufbauend auf dem erfolgreichen Pilotprogramm \u201cMobiliseSME\u201d (VS\/2015\/0354), das zwischen 2015 und 2017 von European Entrepreneurs CEA-PME durchgef\u00fchrt wurde, zielt dieses Programm darauf ab, Menschen zu unterst\u00fctzen, die bereits in [&hellip;]<\/p>\n","protected":false},"author":1,"featured_media":0,"parent":0,"menu_order":0,"comment_status":"closed","ping_status":"closed","template":"","meta":[],"yoast_head":"<!-- This site is optimized with the Yoast SEO plugin v15.4 - https:\/\/yoast.com\/wordpress\/plugins\/seo\/ -->\n<title>Home - Mobilsesme<\/title>\n<meta name=\"description\" content=\"Mobilsesme\" \/>\n<meta name=\"robots\" content=\"index, follow, max-snippet:-1, max-image-preview:large, max-video-preview:-1\" \/>\n<link rel=\"canonical\" href=\"https:\/\/mobilise-sme.eu\/de\/\" \/>\n<meta property=\"og:locale\" content=\"de_DE\" \/>\n<meta property=\"og:type\" content=\"article\" \/>\n<meta property=\"og:title\" content=\"Home - Mobilsesme\" \/>\n<meta property=\"og:description\" content=\"Mobilsesme\" \/>\n<meta property=\"og:url\" content=\"https:\/\/mobilise-sme.eu\/de\/\" \/>\n<meta property=\"og:site_name\" content=\"Mobilsesme\" \/>\n<meta property=\"article:modified_time\" content=\"2022-06-28T09:22:20+00:00\" \/>\n<meta property=\"og:image\" content=\"https:\/\/mobilise-sme.eu\/wp-content\/uploads\/2020\/10\/logo_mobilisesme.png\" \/>\n\t<meta property=\"og:image:width\" content=\"11138\" \/>\n\t<meta property=\"og:image:height\" content=\"2117\" \/>\n<meta name=\"twitter:card\" content=\"summary_large_image\" \/>\n<meta name=\"twitter:image\" content=\"https:\/\/mobilise-sme.eu\/wp-content\/uploads\/2020\/10\/logo_mobilisesme.png\" \/>\n<meta name=\"twitter:label1\" content=\"Verfasst von\">\n\t<meta name=\"twitter:data1\" content=\"sumaysube\">\n\t<meta name=\"twitter:label2\" content=\"Gesch\u00e4tzte Lesezeit\">\n\t<meta name=\"twitter:data2\" content=\"4 Minuten\">\n<script type=\"application\/ld+json\" class=\"yoast-schema-graph\">{\"@context\":\"https:\/\/schema.org\",\"@graph\":[{\"@type\":\"WebSite\",\"@id\":\"https:\/\/mobilise-sme.eu\/#website\",\"url\":\"https:\/\/mobilise-sme.eu\/\",\"name\":\"Mobilsesme\",\"description\":\"Otro sitio realizado con WordPress\",\"potentialAction\":[{\"@type\":\"SearchAction\",\"target\":\"https:\/\/mobilise-sme.eu\/?s={search_term_string}\",\"query-input\":\"required name=search_term_string\"}],\"inLanguage\":\"de-DE\"},{\"@type\":\"ImageObject\",\"@id\":\"https:\/\/mobilise-sme.eu\/de\/#primaryimage\",\"inLanguage\":\"de-DE\",\"url\":\"https:\/\/mobilise-sme.eu\/wp-content\/uploads\/2020\/11\/Rectangle-42.png\",\"width\":22,\"height\":23},{\"@type\":\"WebPage\",\"@id\":\"https:\/\/mobilise-sme.eu\/de\/#webpage\",\"url\":\"https:\/\/mobilise-sme.eu\/de\/\",\"name\":\"Home - Mobilsesme\",\"isPartOf\":{\"@id\":\"https:\/\/mobilise-sme.eu\/#website\"},\"primaryImageOfPage\":{\"@id\":\"https:\/\/mobilise-sme.eu\/de\/#primaryimage\"},\"datePublished\":\"2021-01-20T12:37:17+00:00\",\"dateModified\":\"2022-06-28T09:22:20+00:00\",\"description\":\"Mobilsesme\",\"inLanguage\":\"de-DE\",\"potentialAction\":[{\"@type\":\"ReadAction\",\"target\":[\"https:\/\/mobilise-sme.eu\/de\/\"]}]}]}<\/script>\n<!-- \/ Yoast SEO plugin. -->","_links":{"self":[{"href":"https:\/\/mobilise-sme.eu\/de\/wp-json\/wp\/v2\/pages\/1585\/"}],"collection":[{"href":"https:\/\/mobilise-sme.eu\/de\/wp-json\/wp\/v2\/pages\/"}],"about":[{"href":"https:\/\/mobilise-sme.eu\/de\/wp-json\/wp\/v2\/types\/page\/"}],"author":[{"embeddable":true,"href":"https:\/\/mobilise-sme.eu\/de\/wp-json\/wp\/v2\/users\/1\/"}],"replies":[{"embeddable":true,"href":"https:\/\/mobilise-sme.eu\/de\/wp-json\/wp\/v2\/comments\/?post=1585"}],"version-history":[{"count":14,"href":"https:\/\/mobilise-sme.eu\/de\/wp-json\/wp\/v2\/pages\/1585\/revisions\/"}],"predecessor-version":[{"id":4160,"href":"https:\/\/mobilise-sme.eu\/de\/wp-json\/wp\/v2\/pages\/1585\/revisions\/4160\/"}],"wp:attachment":[{"href":"https:\/\/mobilise-sme.eu\/de\/wp-json\/wp\/v2\/media\/?parent=1585"}],"curies":[{"name":"wp","href":"https:\/\/api.w.org\/{rel}","templated":true}]}}