{"id":1590,"date":"2021-01-20T12:43:45","date_gmt":"2021-01-20T12:43:45","guid":{"rendered":"https:\/\/mobilise-sme.eu\/wie-koennen-sie-teilnehmen\/"},"modified":"2022-03-17T16:12:13","modified_gmt":"2022-03-17T15:12:13","slug":"wie-koennen-sie-teilnehmen","status":"publish","type":"page","link":"https:\/\/mobilise-sme.eu\/de\/wie-koennen-sie-teilnehmen\/","title":{"rendered":"Wie k\u00f6nnen Sie teilnehmen"},"content":{"rendered":"<p>[vc_row el_class=&#8220;espaciado&#8220;][vc_column css=&#8220;.vc_custom_1602768873572{padding-top: 20px !important;}&#8220;][vc_column_text css=&#8220;.vc_custom_1602768906017{margin-bottom: 5px !important;}&#8220;]<\/p>\n<p class=\"titulo-blue\" style=\"text-align: center;\">Wie kann man teilnehmen?<\/p>\n<p>[\/vc_column_text][vc_separator color=&#8220;custom&#8220; border_width=&#8220;2&#8243; el_width=&#8220;20&#8243; accent_color=&#8220;#0d5387&#8243;][vc_column_text]<\/p>\n<p class=\"numero\">1<\/p>\n<p class=\"texto-numero\"><strong>Kontaktieren Sie Ihre lokale Informationsstelle<\/strong><\/p>\n<p class=\"texto-numero\">Lokale Informationsstellen (Vermittlungsorganisationen) wurden offiziell vom EASI-Programm beauftragt, im Rahmen des MobiliseSME-Programms Kontakte zwischen KMU aus den EU-L\u00e4ndern herzustellen.<\/p>\n<p class=\"texto-numero\">Es handelt sich dabei unter anderen um Einrichtungen wie Handelskammern, Innovationsagenturen, Stiftungen, Handelskammerverb\u00e4ndeUnternehmensorganisationen, Universit\u00e4ten und Gr\u00fcnderzentren.<\/p>\n<p class=\"texto-numero\">Ihre Hauptaufgabe besteht darin, erfolgreiche Entsendungen zwischen gastgebenden und entsendenden Unternehmen zu erleichtern und Matchmaking-Dienstleistungen anzubieten. Sie k\u00f6nnen jede von ihnen in Ihrem Land kontaktieren, indem Sie den Abschnitt &#8222;Lokale Informationsstellen&#8220; auf der Website besuchen.<\/p>\n<p class=\"texto-numero\">Weitere Informationsquellen zum Programm bildend der <a href=\"https:\/\/mobilise-sme.eu\/wp-content\/uploads\/2022\/03\/GER_MobiliseSME_Guide-for-participants.pdf\"><b>MobiliseSME Guide<\/b><\/a> oder der <a href=\"https:\/\/mobilise-sme.eu\/wp-content\/uploads\/2021\/09\/Registration-form_MobiliseSME.pdf\"><b>Registration Guide<\/b><\/a>.<\/p>\n<p>[\/vc_column_text][vc_column_text]<\/p>\n<p class=\"numero\">2<\/p>\n<p class=\"texto-numero\"><strong>Registrieren Sie sich auf der Matchmaking-Plattform und finden Sie einen Gesch\u00e4ftspartner<\/strong><\/p>\n<p class=\"texto-numero\">Jede einem f\u00f6rderf\u00e4higen KMU zugeh\u00f6rige Person kann sich f\u00fcr die Teilnahme am MobiliseSME-Programm an eine Partnerorganisation wenden und das KMU von sich aus registrieren.<\/p>\n<p class=\"texto-numero\">KMU m\u00fcssen ihre Antr\u00e4ge \u00fcber ein Online-Registrierungstool in der Matchmaking-Plattform einreichen. Als Teil der Registrierung m\u00fcssen die KMU eine der lokalen Informationsstellen w\u00e4hlen, die offiziell f\u00fcr diese Aufgabe ernannt wurden.<\/p>\n<p class=\"texto-numero\">Sobald Sie registriert sind, wird Ihnen eine lokale Informationsstelle zugewiesen, die Sie durch das Verfahren begleiten wird.<\/p>\n<p class=\"texto-numero\">Die Matchmaking-Plattform wird Ihnen dabei helfen, Gesch\u00e4ftspartner aus allen EU-L\u00e4ndern zu finden. MobiliseSME erm\u00f6glicht die Nutzung des F\u00f6rderma\u00dfnahmen, um bereits bestehende Unternehmenskooperationen weiter auszubauen.<\/p>\n<p>[\/vc_column_text][vc_column_text]<\/p>\n<p class=\"numero\">3<\/p>\n<p class=\"texto-numero\"><strong>Arbeit am MobiliseSME-Lerndokument<\/strong><\/p>\n<p class=\"texto-numero\">Das MobiliseSME-Lerndokument oder der Aktivit\u00e4tsplan mit den Zielvorgaben, der Projektbeschreibung, den geplanten Ma\u00dfnahmen und Ergebnissen ist das wichtigste Arbeitsdokument und Bindeglied f\u00fcr alle beteiligten Seiten.<\/p>\n<p class=\"texto-numero\">Es gibt einen klaren Leitfaden vom MobiliseSME-Programm, wie dieses Lerndokument zu entwickeln ist.<\/p>\n<p class=\"texto-numero\">Es gibt dar\u00fcber hinaus weitere Arbeitsdokumente. Wenden Sie sich f\u00fcr weitere Einzelheiten einfach an Ihre lokale Informationsstelle.<\/p>\n<p>[\/vc_column_text][vc_column_text]<\/p>\n<p class=\"numero\">4<\/p>\n<p class=\"texto-numero\"><strong>Los geht&#8217;s!<\/strong><\/p>\n<p class=\"texto-numero\">Vor der Abreise liefert Ihnen das MobiliseSME-Programm alle praktischen Informationen, die f\u00fcr den Austausch notwendig sind. Dazu geh\u00f6ren alle Fragen zu EU- und Wirtschaftsthemen sowie praktische Informationen \u00fcber den Auslandsaufenthalt.<\/p>\n<p class=\"texto-numero\">F\u00fcr Einzelheiten \u00fcber m\u00f6gliche rechtliche Auswirkungen (Verwaltungs-, Sozialversicherungs-, Gesundheits-, Arbeits- und Steuerrecht) wenden Sie sich bitte an Ihre \u00f6rtliche Informationsstelle.<\/p>\n<p class=\"texto-numero\">Am Ende des Austauschs ist eine kurze Zufriedenheitsumfrage verbindlich durchzuf\u00fchren.<\/p>\n<p>[\/vc_column_text][\/vc_column][\/vc_row]<\/p>\n","protected":false},"excerpt":{"rendered":"<p>[vc_row el_class=&#8220;espaciado&#8220;][vc_column css=&#8220;.vc_custom_1602768873572{padding-top: 20px !important;}&#8220;][vc_column_text css=&#8220;.vc_custom_1602768906017{margin-bottom: 5px !important;}&#8220;] Wie kann man teilnehmen? [\/vc_column_text][vc_separator color=&#8220;custom&#8220; border_width=&#8220;2&#8243; el_width=&#8220;20&#8243; accent_color=&#8220;#0d5387&#8243;][vc_column_text] 1 Kontaktieren Sie Ihre lokale Informationsstelle Lokale Informationsstellen (Vermittlungsorganisationen) wurden offiziell vom EASI-Programm beauftragt, im Rahmen des MobiliseSME-Programms Kontakte zwischen KMU aus den EU-L\u00e4ndern herzustellen. Es handelt sich dabei unter anderen um Einrichtungen wie Handelskammern, Innovationsagenturen, Stiftungen, Handelskammerverb\u00e4ndeUnternehmensorganisationen, Universit\u00e4ten und Gr\u00fcnderzentren. Ihre Hauptaufgabe besteht darin, erfolgreiche Entsendungen zwischen gastgebenden und entsendenden Unternehmen zu erleichtern und Matchmaking-Dienstleistungen anzubieten. Sie k\u00f6nnen jede von ihnen in Ihrem Land kontaktieren, indem Sie den Abschnitt &#8222;Lokale Informationsstellen&#8220; auf der Website besuchen. Weitere Informationsquellen zum Programm bildend der MobiliseSME [&hellip;]<\/p>\n","protected":false},"author":1,"featured_media":0,"parent":0,"menu_order":0,"comment_status":"closed","ping_status":"closed","template":"","meta":[],"yoast_head":"<!-- This site is optimized with the Yoast SEO plugin v15.4 - https:\/\/yoast.com\/wordpress\/plugins\/seo\/ -->\n<title>Wie k\u00f6nnen Sie teilnehmen - Mobilsesme<\/title>\n<meta name=\"robots\" content=\"index, follow, max-snippet:-1, max-image-preview:large, max-video-preview:-1\" \/>\n<link rel=\"canonical\" href=\"https:\/\/mobilise-sme.eu\/de\/wie-koennen-sie-teilnehmen\/\" \/>\n<meta property=\"og:locale\" content=\"de_DE\" \/>\n<meta property=\"og:type\" content=\"article\" \/>\n<meta property=\"og:title\" content=\"Wie k\u00f6nnen Sie teilnehmen - Mobilsesme\" \/>\n<meta property=\"og:description\" content=\"[vc_row el_class=&#8220;espaciado&#8220;][vc_column css=&#8220;.vc_custom_1602768873572{padding-top: 20px !important;}&#8220;][vc_column_text css=&#8220;.vc_custom_1602768906017{margin-bottom: 5px !important;}&#8220;] Wie kann man teilnehmen? [\/vc_column_text][vc_separator color=&#8220;custom&#8220; border_width=&#8220;2&#8243; el_width=&#8220;20&#8243; accent_color=&#8220;#0d5387&#8243;][vc_column_text] 1 Kontaktieren Sie Ihre lokale Informationsstelle Lokale Informationsstellen (Vermittlungsorganisationen) wurden offiziell vom EASI-Programm beauftragt, im Rahmen des MobiliseSME-Programms Kontakte zwischen KMU aus den EU-L\u00e4ndern herzustellen. Es handelt sich dabei unter anderen um Einrichtungen wie Handelskammern, Innovationsagenturen, Stiftungen, Handelskammerverb\u00e4ndeUnternehmensorganisationen, Universit\u00e4ten und Gr\u00fcnderzentren. Ihre Hauptaufgabe besteht darin, erfolgreiche Entsendungen zwischen gastgebenden und entsendenden Unternehmen zu erleichtern und Matchmaking-Dienstleistungen anzubieten. Sie k\u00f6nnen jede von ihnen in Ihrem Land kontaktieren, indem Sie den Abschnitt &#8222;Lokale Informationsstellen&#8220; auf der Website besuchen. Weitere Informationsquellen zum Programm bildend der MobiliseSME [&hellip;]\" \/>\n<meta property=\"og:url\" content=\"https:\/\/mobilise-sme.eu\/de\/wie-koennen-sie-teilnehmen\/\" \/>\n<meta property=\"og:site_name\" content=\"Mobilsesme\" \/>\n<meta property=\"article:modified_time\" content=\"2022-03-17T15:12:13+00:00\" \/>\n<meta name=\"twitter:card\" content=\"summary_large_image\" \/>\n<meta name=\"twitter:label1\" content=\"Verfasst von\">\n\t<meta name=\"twitter:data1\" content=\"sumaysube\">\n\t<meta name=\"twitter:label2\" content=\"Gesch\u00e4tzte Lesezeit\">\n\t<meta name=\"twitter:data2\" content=\"2 Minuten\">\n<script type=\"application\/ld+json\" class=\"yoast-schema-graph\">{\"@context\":\"https:\/\/schema.org\",\"@graph\":[{\"@type\":\"WebSite\",\"@id\":\"https:\/\/mobilise-sme.eu\/#website\",\"url\":\"https:\/\/mobilise-sme.eu\/\",\"name\":\"Mobilsesme\",\"description\":\"Otro sitio realizado con WordPress\",\"potentialAction\":[{\"@type\":\"SearchAction\",\"target\":\"https:\/\/mobilise-sme.eu\/?s={search_term_string}\",\"query-input\":\"required name=search_term_string\"}],\"inLanguage\":\"de-DE\"},{\"@type\":\"WebPage\",\"@id\":\"https:\/\/mobilise-sme.eu\/de\/wie-koennen-sie-teilnehmen\/#webpage\",\"url\":\"https:\/\/mobilise-sme.eu\/de\/wie-koennen-sie-teilnehmen\/\",\"name\":\"Wie k\\u00f6nnen Sie teilnehmen - Mobilsesme\",\"isPartOf\":{\"@id\":\"https:\/\/mobilise-sme.eu\/#website\"},\"datePublished\":\"2021-01-20T12:43:45+00:00\",\"dateModified\":\"2022-03-17T15:12:13+00:00\",\"inLanguage\":\"de-DE\",\"potentialAction\":[{\"@type\":\"ReadAction\",\"target\":[\"https:\/\/mobilise-sme.eu\/de\/wie-koennen-sie-teilnehmen\/\"]}]}]}<\/script>\n<!-- \/ Yoast SEO plugin. -->","_links":{"self":[{"href":"https:\/\/mobilise-sme.eu\/de\/wp-json\/wp\/v2\/pages\/1590\/"}],"collection":[{"href":"https:\/\/mobilise-sme.eu\/de\/wp-json\/wp\/v2\/pages\/"}],"about":[{"href":"https:\/\/mobilise-sme.eu\/de\/wp-json\/wp\/v2\/types\/page\/"}],"author":[{"embeddable":true,"href":"https:\/\/mobilise-sme.eu\/de\/wp-json\/wp\/v2\/users\/1\/"}],"replies":[{"embeddable":true,"href":"https:\/\/mobilise-sme.eu\/de\/wp-json\/wp\/v2\/comments\/?post=1590"}],"version-history":[{"count":10,"href":"https:\/\/mobilise-sme.eu\/de\/wp-json\/wp\/v2\/pages\/1590\/revisions\/"}],"predecessor-version":[{"id":3956,"href":"https:\/\/mobilise-sme.eu\/de\/wp-json\/wp\/v2\/pages\/1590\/revisions\/3956\/"}],"wp:attachment":[{"href":"https:\/\/mobilise-sme.eu\/de\/wp-json\/wp\/v2\/media\/?parent=1590"}],"curies":[{"name":"wp","href":"https:\/\/api.w.org\/{rel}","templated":true}]}}