{"id":1596,"date":"2021-01-20T12:55:54","date_gmt":"2021-01-20T12:55:54","guid":{"rendered":"https:\/\/mobilise-sme.eu\/lokale-kontaktstellen\/"},"modified":"2022-09-29T12:26:34","modified_gmt":"2022-09-29T10:26:34","slug":"lokale-kontaktstellen","status":"publish","type":"page","link":"https:\/\/mobilise-sme.eu\/de\/lokale-kontaktstellen\/","title":{"rendered":"Lokale Kontaktstellen"},"content":{"rendered":"<p>[vc_row el_class=&#8220;espaciado bloquelocal&#8220;][vc_column css=&#8220;.vc_custom_1602769966142{padding-top: 20px !important;}&#8220;][vc_column_text css=&#8220;.vc_custom_1602769996122{margin-bottom: 5px !important;}&#8220;]<\/p>\n<p class=\"titulo-blue\" style=\"text-align: center;\">Lokale Kontaktstellen<\/p>\n<p>[\/vc_column_text][vc_separator color=&#8220;custom&#8220; border_width=&#8220;2&#8243; el_width=&#8220;20&#8243; accent_color=&#8220;#0d5387&#8243;][vc_column_text]Falls Sie interessiert sind, am Programm MobiliseSME teilzunehmen, k\u00f6nnen Sie jede der folgenden Einrichtungen kontaktieren.<\/p>\n<p>Es handelt sich dabei unteranderen um Einrichtungen wie Handelskammern, Innovationsagenturen, Stiftungen, Handelskammerverb\u00e4nde, Unternehmensorganisationen, Universit\u00e4ten und Gr\u00fcnderzentren<\/p>\n<p>Die Einrichtungen wurden offiziell vom EASI-Programm ernannt, um im Rahmen von MobiliseSME Kontakte zwischen KMUs in der EU herzustellen.<\/p>\n<p>Wenn Ihr Land keinen lokalen Kontaktpunkt haben sollte, dann kontaktieren Sie bitte <em>support@mobilise-sme.eu<\/em>. Ein lokaler Kontaktpunkt wird Ihnen dann zugeordnet.<\/p>\n<p>[\/vc_column_text][\/vc_column][\/vc_row][vc_row el_class=&#8220;espaciado2&#8243;][vc_column width=&#8220;1\/3&#8243; el_class=&#8220;bloquelocal2&#8243;][vc_raw_html]PGRpdiBjbGFzcz0ic2VsZWNjaW9uLWNpdWRhZCI+DQo8cCBjbGFzcz0ic2VsZWN0LWNvdW50cnkiPlfDpGhsZW4gU2llIElociBMYW5kPC9wPg0KPHNlbGVjdD4NCjxvcHRpb24gdmFsdWU9Im1hcCI+TGFuZDwvb3B0aW9uPg0KPG9wdGlvbiB2YWx1ZT0ibWFwIj5BbGJhbmllbjwvb3B0aW9uPg0KPG9wdGlvbiB2YWx1ZT0iYXVzdHJpYSI+w5ZzdGVycmVpY2g8L29wdGlvbj4NCjxvcHRpb24gdmFsdWU9ImJlbGdpdW0iPkJlbGdpZW48L29wdGlvbj4NCjxvcHRpb24gdmFsdWU9Im1hcCI+QnVsZ2FyaWVuPC9vcHRpb24+DQo8b3B0aW9uIHZhbHVlPSJjcm9hdGlhIj5Lcm9hdGllbjwvb3B0aW9uPg0KPG9wdGlvbiB2YWx1ZT0ibWFwIj5aeXBlcm48L29wdGlvbj4NCjxvcHRpb24gdmFsdWU9Im1hcCI+VHNjaGVjaGllbjwvb3B0aW9uPg0KPG9wdGlvbiB2YWx1ZT0ibWFwIj5Ew6RuZW1hcms8L29wdGlvbj4NCjxvcHRpb24gdmFsdWU9Im1hcCI+RGV1dHNjaGxhbmQ8L29wdGlvbj4NCjxvcHRpb24gdmFsdWU9Im1hcCI+RXN0bGFuZDwvb3B0aW9uPg0KPG9wdGlvbiB2YWx1ZT0ibWFwIj5GaW5ubGFuZDwvb3B0aW9uPg0KPG9wdGlvbiB2YWx1ZT0ibWFwIj5Ob3JkbWF6ZWRvbmllbjwvb3B0aW9uPg0KPG9wdGlvbiB2YWx1ZT0iZnJhbmNlIj5GcmFua3JlaWNoPC9vcHRpb24+DQo8b3B0aW9uIHZhbHVlPSJncmVlY2UiPkdyaWVjaGVubGFuZDwvb3B0aW9uPg0KPG9wdGlvbiB2YWx1ZT0ibWFwIj5Vbmdhcm48L29wdGlvbj4NCjxvcHRpb24gdmFsdWU9Im1hcCI+SXNsYW5kPC9vcHRpb24+DQo8b3B0aW9uIHZhbHVlPSJpcmVsYW5kIj5JcmxhbmQ8L29wdGlvbj4NCjxvcHRpb24gdmFsdWU9Iml0YWx5MiI+SXRhbGllbjwvb3B0aW9uPg0KPG9wdGlvbiB2YWx1ZT0ibWFwIj5MaXRhdWVuPC9vcHRpb24+DQo8b3B0aW9uIHZhbHVlPSJiZWxnaXVtIj5MdXhlbWJ1cmc8L29wdGlvbj4NCjxvcHRpb24gdmFsdWU9Im1hcCI+TWFsdGE8L29wdGlvbj4NCjxvcHRpb24gdmFsdWU9Im1vbnRlbmVncm8iPk1vbnRlbmVncm88L29wdGlvbj4NCjxvcHRpb24gdmFsdWU9ImJlbGdpdW0iPk5pZWRlcmxhbmRlPC9vcHRpb24+DQo8b3B0aW9uIHZhbHVlPSJtYXAiPlBvbGVuPC9vcHRpb24+DQo8b3B0aW9uIHZhbHVlPSJtYXAiPlBvcnR1Z2FsPC9vcHRpb24+DQo8b3B0aW9uIHZhbHVlPSJzZXJiaWEiPlNlcmJpZW48L29wdGlvbj4NCjxvcHRpb24gdmFsdWU9Iml0YWx5Ij5TbG93YWtlaTwvb3B0aW9uPg0KPG9wdGlvbiB2YWx1ZT0ic2xvdmVuaWEiPlNsb3dlbmllbjwvb3B0aW9uPg0KPG9wdGlvbiB2YWx1ZT0ic3BhaW4iPlNwYW5pZW48L29wdGlvbj4NCjwvc2VsZWN0PjwvZGl2Pg==[\/vc_raw_html][vc_wp_text]<\/p>\n<div class=\"map box\">\n<p class=\"titulo-select\"><strong>MobiliseSME-Programm<\/strong><\/p>\n<p class=\"nombre\"><strong>Kontaktieren Sie die unten stehende E-Mail, wenn es in Ihrem Land keine lokale Kontaktstelle gibt:<\/strong><\/p>\n<p class=\"mail\"><img src=\"https:\/\/mobilise-sme.eu\/wp-content\/uploads\/2020\/11\/mail.png\" \/> <a href=\"mailto:support@mobilise-sme.eu\" target=\"_blank\" rel=\"noopener noreferrer\">support@mobilise-sme.eu<\/a><\/p>\n<\/div>\n<p>[\/vc_wp_text][vc_wp_text]<\/p>\n<div class=\"belgium box\">\n<p class=\"titulo-select\"><strong>Offizielle Spanische Handelskammer in Belgien und Luxemburg (CAMARABELUX, Belgien)<\/strong><\/p>\n<div class=\"boton\"><a>https:\/\/e-camara.com\/web\/<\/a><\/div>\n<p class=\"nombre\"><strong>Noelia S\u00e1nchez, EU-Projektleiter<\/strong><\/p>\n<p class=\"nombre\"><strong>Marta Gonz\u00e1lez, Generalsekret\u00e4r<\/strong><\/p>\n<p class=\"mail\"><img src=\"https:\/\/mobilise-sme.eu\/wp-content\/uploads\/2020\/11\/mail.png\" \/> <a href=\"mailto:mobilisesme@e-camara.com\" target=\"_blank\" rel=\"noopener noreferrer\">mobilisesme@e-camara.com<\/a><\/p>\n<p class=\"telefono\"><img src=\"https:\/\/mobilise-sme.eu\/wp-content\/uploads\/2020\/11\/phone.png\" \/> +32 2517 17 40<\/p>\n<\/div>\n<p>[\/vc_wp_text][vc_wp_text]<\/p>\n<div class=\"spain box\">\n<p class=\"titulo-select\"><b>Fundaci\u00f3n Equipo Humano (FEH, Spanien)<\/b><\/p>\n<div class=\"boton\"><a href=\"https:\/\/fundacionequipohumano.es\/\" target=\"_blank\" rel=\"noopener noreferrer\">www.fundacionequipohumano.es<\/a><\/div>\n<p class=\"nombre\"><strong>Alfonso Cadenas Ca\u00f1am\u00e1s, EU-Projektkoordinator<\/strong><\/p>\n<p class=\"mail\"><img src=\"https:\/\/mobilise-sme.eu\/wp-content\/uploads\/2020\/11\/mail.png\" \/> <a href=\"mailto:alfonso.cadenas@fundacionequipohumano.es\">alfonso.cadenas@fundacionequipohumano.es<\/a><\/p>\n<p class=\"nombre\"><strong>Jose Enrique Val, EU-Projektleiter<\/strong><\/p>\n<p class=\"mail\"><img src=\"https:\/\/mobilise-sme.eu\/wp-content\/uploads\/2020\/11\/mail.png\" \/> <a href=\"mailto:je.val@fundacionequipohumano.es\" target=\"_blank\" rel=\"noopener noreferrer\">je.val@fundacionequipohumano.es<\/a><\/p>\n<p class=\"telefono\"><img src=\"https:\/\/mobilise-sme.eu\/wp-content\/uploads\/2020\/11\/phone.png\" \/> +34 670 36 72 16 +34 963 468 580<\/p>\n<\/div>\n<p>[\/vc_wp_text][vc_wp_text]<\/p>\n<div class=\"ireland box\">\n<p class=\"titulo-select\"><strong>Handelskammer Dublin (DCC, Irland)<\/strong><\/p>\n<div class=\"boton\"><a href=\"https:\/\/www.dublinchamber.ie\/\" target=\"_blank\" rel=\"noopener noreferrer\">https:\/\/www.dublinchamber.ie\/ <\/a><\/div>\n<p class=\"nombre\"><strong>Maria Deady, Internationaler Projektleiter<\/strong><\/p>\n<p class=\"nombre\"><strong>Miriam Tuomey, Projektleiter<\/strong><\/p>\n<p class=\"mail\"><img src=\"https:\/\/mobilise-sme.eu\/wp-content\/uploads\/2020\/11\/mail.png\" \/> <a href=\"mailto:international@dublinchamber.ie\">international@dublinchamber.ie<\/a><\/p>\n<p class=\"telefono\"><img src=\"https:\/\/mobilise-sme.eu\/wp-content\/uploads\/2020\/11\/phone.png\" \/> +353 1 6447200<\/p>\n<\/div>\n<p>[\/vc_wp_text][vc_wp_text]<\/p>\n<div class=\"serbia box\">\n<p class=\"titulo-select\"><strong>Unternehmensinkubator Novi Sad Drustvo SA, (BINS, Serbien)<\/strong><\/p>\n<div class=\"boton\"><a href=\"http:\/\/inkubator.biz\" target=\"_blank\" rel=\"noopener noreferrer\">http:\/\/inkubator.biz<\/a><\/div>\n<p class=\"mail\"><img src=\"https:\/\/mobilise-sme.eu\/wp-content\/uploads\/2020\/11\/mail.png\" \/> <a href=\"mailto:mobilisesme@inkubator.biz\">mobilisesme@inkubator.biz<\/a><\/p>\n<p class=\"telefono\"><img src=\"https:\/\/mobilise-sme.eu\/wp-content\/uploads\/2020\/11\/phone.png\" \/> +381 21 3000 300<\/p>\n<\/div>\n<p>[\/vc_wp_text][vc_wp_text]<\/p>\n<div class=\"croatia box\">\n<p class=\"titulo-select\"><strong><b>Tera Tehnopolis d.o.o.<\/b> (TERA, Kroatien)<\/strong><\/p>\n<div class=\"boton\"><a href=\"http:\/\/web.tera.hr\/\" target=\"_blank\" rel=\"noopener noreferrer\">http:\/\/web.tera.hr\/<\/a><\/div>\n<p class=\"nombre\"><strong>Ivana Duman\u010di\u0107, Assoziierter Experte<\/strong><\/p>\n<p class=\"mail\"><img src=\"https:\/\/mobilise-sme.eu\/wp-content\/uploads\/2020\/11\/mail.png\" \/> <a href=\"mailto:ivana@tera.hr\">ivana@tera.hr<\/a><\/p>\n<p class=\"telefono\"><img src=\"https:\/\/mobilise-sme.eu\/wp-content\/uploads\/2020\/11\/phone.png\" \/> +38 531 251 000<\/p>\n<\/div>\n<p>[\/vc_wp_text][vc_wp_text]<\/p>\n<div class=\"italy box\">\n<p class=\"titulo-select\"><strong>Italo-Slowenische Handelskammer (CCIS-TSOK, Slowakei)<\/strong><\/p>\n<div class=\"boton\"><a href=\"www.camit.sk\" target=\"_blank\" rel=\"noopener noreferrer\">www.camit.sk<\/a><\/div>\n<p class=\"mail\"><img src=\"https:\/\/mobilise-sme.eu\/wp-content\/uploads\/2020\/11\/mail.png\" \/> <a href=\"mailto:info@camitslovakia.sk\">info@camitslovakia.sk<\/a><\/p>\n<p class=\"telefono\"><img src=\"https:\/\/mobilise-sme.eu\/wp-content\/uploads\/2020\/11\/phone.png\" \/> +42 1948 899 880<\/p>\n<\/div>\n<p>[\/vc_wp_text][vc_wp_text]<\/p>\n<div class=\"slovenia box\">\n<p class=\"titulo-select\"><strong>BSC, poslovno podporni center, d.o.o., Kranj (BSC, Slowenien)<\/strong><\/p>\n<div class=\"boton\"><a href=\"http:\/\/www.bsc-kranj.si\/\" target=\"_blank\" rel=\"noopener noreferrer\">http:\/\/www.bsc-kranj.si\/<\/a><\/div>\n<p class=\"mail\"><img src=\"https:\/\/mobilise-sme.eu\/wp-content\/uploads\/2020\/11\/mail.png\" \/> <a href=\"mailto:Nives.justin@bsc-kranj.si\">Nives.justin@bsc-kranj.si<\/a><\/p>\n<p class=\"mail\"><img src=\"https:\/\/mobilise-sme.eu\/wp-content\/uploads\/2020\/11\/mail.png\" \/> <a href=\"mailto:tamara.mravinec@bsc-kranj.si\">tamara.mravinec@bsc-kranj.si<\/a><\/p>\n<p class=\"telefono\"><img src=\"https:\/\/mobilise-sme.eu\/wp-content\/uploads\/2020\/11\/phone.png\" \/> +386 4 28 17 247<\/p>\n<p class=\"telefono\"><img src=\"https:\/\/mobilise-sme.eu\/wp-content\/uploads\/2020\/11\/phone.png\" \/> + 386 4 77 77 250<\/p>\n<\/div>\n<p>[\/vc_wp_text][vc_wp_text]<\/p>\n<div class=\"italy2 box\">\n<p class=\"titulo-select\"><strong>Das Forum der Adriatischen und Ionischen Handelskammern (FORUM, Italien)<\/strong><\/p>\n<div class=\"boton\"><a href=\"https:\/\/www.forumaic.org\/\" target=\"_blank\" rel=\"noopener noreferrer\">https:\/\/www.forumaic.org\/<\/a><\/div>\n<p>&nbsp;<\/p>\n<p class=\"mail\"><img src=\"https:\/\/mobilise-sme.eu\/wp-content\/uploads\/2020\/11\/mail.png\" \/> <a href=\"mailto:segreteria.forum@marche.camcom.it\">segreteria.forum@marche.camcom.it<\/a><\/p>\n<p class=\"nombre\"><strong>Alina Nistor<\/strong><\/p>\n<p class=\"mail\"><img src=\"https:\/\/mobilise-sme.eu\/wp-content\/uploads\/2020\/11\/mail.png\" \/> <a href=\"mailto:alina.nistor@marche.camcom.it\" target=\"_blank\" rel=\"noopener noreferrer\">alina.nistor@marche.camcom.it<\/a><\/p>\n<\/div>\n<p>[\/vc_wp_text][vc_wp_text]<\/p>\n<div class=\"austria box\">\n<p class=\"titulo-select\"><strong>Wirtschaftskammer \u00d6sterreich (WKO, \u00d6sterreich)<\/strong><\/p>\n<div class=\"boton\"><a href=\"https:\/\/wko.at\" target=\"_blank\" rel=\"noopener noreferrer\">https:\/\/wko.at<\/a><\/div>\n<p class=\"nombre\"><strong>Christoph Huter<\/strong><\/p>\n<p class=\"mail\"><img src=\"https:\/\/mobilise-sme.eu\/wp-content\/uploads\/2020\/11\/mail.png\" \/> <a href=\"mailto:christoph.huter@wko.at\">christoph.huter@wko.at<\/a><\/p>\n<p class=\"telefono\"><img src=\"https:\/\/mobilise-sme.eu\/wp-content\/uploads\/2020\/11\/phone.png\" \/> +43 590900-3220<\/p>\n<p class=\"nombre\"><strong>Thomas Reichenbach<\/strong><\/p>\n<p class=\"mail\"><img src=\"https:\/\/mobilise-sme.eu\/wp-content\/uploads\/2020\/11\/mail.png\" \/> <a href=\"mailto:thomas.reichenbach@wko.at\">thomas.reichenbach@wko.at<\/a><\/p>\n<p class=\"telefono\"><img src=\"https:\/\/mobilise-sme.eu\/wp-content\/uploads\/2020\/11\/phone.png\" \/> +43 590900-4077<\/p>\n<\/div>\n<div class=\"austria box\">\n<p class=\"titulo-select\"><b>Internationaler Fachkr\u00e4fteaustausch (IFA)<\/b><\/p>\n<div class=\"boton\"><a href=\"https:\/\/ifa.or.at\/\" target=\"_blank\" rel=\"noopener noreferrer\">https:\/\/ifa.or.at\/<\/a><\/div>\n<p class=\"nombre\"><strong>Chirstina Prohammer<\/strong><\/p>\n<p class=\"mail\"><img src=\"https:\/\/mobilise-sme.eu\/wp-content\/uploads\/2020\/11\/mail.png\" \/> <a href=\"mailto:prohammer@ifa.or.at\">prohammer@ifa.or.at<\/a><\/p>\n<p class=\"telefono\"><img src=\"https:\/\/mobilise-sme.eu\/wp-content\/uploads\/2020\/11\/phone.png\" \/> +43-1-3665544-13<\/p>\n<\/div>\n<p>[\/vc_wp_text][vc_wp_text]<\/p>\n<div class=\"greece box\">\n<p class=\"titulo-select\"><strong>Verband der thessalischen Unternehmen und Industrien (STHEV, Griechenland)<\/strong><\/p>\n<div class=\"boton\"><a href=\"www.sthev.gr\" target=\"_blank\" rel=\"noopener noreferrer\">www.sthev.gr<\/a><\/div>\n<p class=\"nombre\"><strong>Eleni Evagelopoulou<\/strong><\/p>\n<p class=\"mail\"><img src=\"https:\/\/mobilise-sme.eu\/wp-content\/uploads\/2020\/11\/mail.png\" \/> <a href=\"mailto:education@sthev.gr\">education@sthev.gr<\/a><\/p>\n<\/div>\n<p>[\/vc_wp_text][vc_wp_text]<\/p>\n<div class=\"france box\">\n<p class=\"titulo-select\"><strong>Industrie- und Handelskammer der Nouvelle-Aquitaine (CCI-NA, Frankreich)<\/strong><\/p>\n<div class=\"boton\"><a href=\"www.nouvelle-aquitaine.cci.fr\" target=\"_blank\" rel=\"noopener noreferrer\">www.nouvelle-aquitaine.cci.fr<\/a><\/div>\n<p class=\"nombre\"><strong>Stephanie VINCENT<\/strong><\/p>\n<p class=\"mail\"><img src=\"https:\/\/mobilise-sme.eu\/wp-content\/uploads\/2020\/11\/mail.png\" \/> <a href=\"mailto:stephanie.vincent@nouvelle-aquitaine.cci.fr\">stephanie.vincent@nouvelle-aquitaine.cci.fr<\/a><\/p>\n<p class=\"telefono\"><img src=\"https:\/\/mobilise-sme.eu\/wp-content\/uploads\/2020\/11\/phone.png\" \/> +33556112813<\/p>\n<\/div>\n<p>[\/vc_wp_text][vc_wp_text]<\/p>\n<div class=\"montenegro box\">\n<p class=\"titulo-select\"><strong>Wirtschaftskammer von Montenegro (CEM, Montenegro)<\/strong><\/p>\n<div class=\"boton\"><a href=\"www.privrednakomora.me\" target=\"_blank\" rel=\"noopener noreferrer\">www.privrednakomora.me<\/a><\/div>\n<p class=\"mail\"><img src=\"https:\/\/mobilise-sme.eu\/wp-content\/uploads\/2020\/11\/mail.png\" \/> <a href=\"mailto:pkcg@pkcg.org\">pkcg@pkcg.org<\/a><\/p>\n<p class=\"telefono\"><img src=\"https:\/\/mobilise-sme.eu\/wp-content\/uploads\/2020\/11\/phone.png\" \/> +38 22 0230706<\/p>\n<\/div>\n<p>[\/vc_wp_text][\/vc_column][vc_column width=&#8220;2\/3&#8243; css=&#8220;.vc_custom_1639998142022{margin-right: 0px !important;margin-left: 0px !important;padding-right: 0px !important;padding-left: 0px !important;}&#8220; el_class=&#8220;mapa&#8220;][vc_wp_text]<\/p>\n<div class=\"map box\"><img loading=\"lazy\" src=\"https:\/\/mobilise-sme.eu\/wp-content\/uploads\/2020\/11\/map_2.png\" alt=\"\" width=\"100%\" height=\"auto\" \/><\/div>\n<p>[\/vc_wp_text][vc_wp_text]<\/p>\n<div class=\"belgium box\"><img loading=\"lazy\" src=\"https:\/\/mobilise-sme.eu\/wp-content\/uploads\/2020\/11\/CAMARABELUX.png\" alt=\"\" width=\"100%\" height=\"auto\" \/><\/div>\n<p>[\/vc_wp_text][vc_wp_text]<\/p>\n<div class=\"spain box\"><img loading=\"lazy\" src=\"https:\/\/mobilise-sme.eu\/wp-content\/uploads\/2020\/11\/FEH.png\" alt=\"\" width=\"100%\" height=\"auto\" \/><\/div>\n<p>[\/vc_wp_text][vc_wp_text]<\/p>\n<div class=\"ireland box\"><img loading=\"lazy\" src=\"https:\/\/mobilise-sme.eu\/wp-content\/uploads\/2020\/11\/DCC.png\" alt=\"\" width=\"100%\" height=\"auto\" \/><\/div>\n<p>[\/vc_wp_text][vc_wp_text]<\/p>\n<div class=\"serbia box\"><img loading=\"lazy\" src=\"https:\/\/mobilise-sme.eu\/wp-content\/uploads\/2020\/11\/BINS.png\" alt=\"\" width=\"100%\" height=\"auto\" \/><\/div>\n<p>[\/vc_wp_text][vc_wp_text]<\/p>\n<div class=\"croatia box\"><img loading=\"lazy\" src=\"https:\/\/mobilise-sme.eu\/wp-content\/uploads\/2021\/03\/TERA-1.jpg\" alt=\"\" width=\"100%\" height=\"auto\" \/><\/div>\n<p>[\/vc_wp_text][vc_wp_text]<\/p>\n<div class=\"italy box\"><img loading=\"lazy\" src=\"https:\/\/mobilise-sme.eu\/wp-content\/uploads\/2021\/03\/CCIS-TSOK-1.jpg\" alt=\"\" width=\"100%\" height=\"auto\" \/><\/div>\n<p>[\/vc_wp_text][vc_wp_text]<\/p>\n<div class=\"slovenia box\"><img loading=\"lazy\" src=\"https:\/\/mobilise-sme.eu\/wp-content\/uploads\/2020\/11\/BSC-2.png\" alt=\"\" width=\"100%\" height=\"auto\" \/><\/div>\n<p>[\/vc_wp_text][vc_wp_text]<\/p>\n<div class=\"italy2 box\"><img loading=\"lazy\" src=\"https:\/\/mobilise-sme.eu\/wp-content\/uploads\/2020\/11\/FORUM.png\" alt=\"\" width=\"100%\" height=\"auto\" \/><\/div>\n<p>[\/vc_wp_text][vc_wp_text]<\/p>\n<div class=\"austria box\"><img loading=\"lazy\" src=\"https:\/\/mobilise-sme.eu\/wp-content\/uploads\/2020\/11\/WKO.png\" alt=\"\" width=\"100%\" height=\"auto\" \/><\/div>\n<p>[\/vc_wp_text][vc_wp_text]<\/p>\n<div class=\"greece box\"><img loading=\"lazy\" src=\"https:\/\/mobilise-sme.eu\/wp-content\/uploads\/2020\/11\/STHEV.png\" alt=\"\" width=\"100%\" height=\"auto\" \/><\/div>\n<p>[\/vc_wp_text][vc_wp_text]<\/p>\n<div class=\"france box\"><img loading=\"lazy\" src=\"https:\/\/mobilise-sme.eu\/wp-content\/uploads\/2020\/11\/CCI-NA.png\" alt=\"\" width=\"100%\" height=\"auto\" \/><\/div>\n<p>[\/vc_wp_text][vc_wp_text]<\/p>\n<div class=\"montenegro box\"><img loading=\"lazy\" src=\"https:\/\/mobilise-sme.eu\/wp-content\/uploads\/2020\/11\/CEM.png\" alt=\"\" width=\"100%\" height=\"auto\" \/><\/div>\n<p>[\/vc_wp_text][\/vc_column][\/vc_row]<\/p>\n","protected":false},"excerpt":{"rendered":"<p>[vc_row el_class=&#8220;espaciado bloquelocal&#8220;][vc_column css=&#8220;.vc_custom_1602769966142{padding-top: 20px !important;}&#8220;][vc_column_text css=&#8220;.vc_custom_1602769996122{margin-bottom: 5px !important;}&#8220;] Lokale Kontaktstellen [\/vc_column_text][vc_separator color=&#8220;custom&#8220; border_width=&#8220;2&#8243; el_width=&#8220;20&#8243; accent_color=&#8220;#0d5387&#8243;][vc_column_text]Falls Sie interessiert sind, am Programm MobiliseSME teilzunehmen, k\u00f6nnen Sie jede der folgenden Einrichtungen kontaktieren. Es handelt sich dabei unteranderen um Einrichtungen wie Handelskammern, Innovationsagenturen, Stiftungen, Handelskammerverb\u00e4nde, Unternehmensorganisationen, Universit\u00e4ten und Gr\u00fcnderzentren Die Einrichtungen wurden offiziell vom EASI-Programm ernannt, um im Rahmen von MobiliseSME Kontakte zwischen KMUs in der EU herzustellen. Wenn Ihr Land keinen lokalen Kontaktpunkt haben sollte, dann kontaktieren Sie bitte support@mobilise-sme.eu. Ein lokaler Kontaktpunkt wird Ihnen dann zugeordnet. [\/vc_column_text][\/vc_column][\/vc_row][vc_row el_class=&#8220;espaciado2&#8243;][vc_column width=&#8220;1\/3&#8243; el_class=&#8220;bloquelocal2&#8243;][vc_raw_html]PGRpdiBjbGFzcz0ic2VsZWNjaW9uLWNpdWRhZCI+DQo8cCBjbGFzcz0ic2VsZWN0LWNvdW50cnkiPlfDpGhsZW4gU2llIElociBMYW5kPC9wPg0KPHNlbGVjdD4NCjxvcHRpb24gdmFsdWU9Im1hcCI+TGFuZDwvb3B0aW9uPg0KPG9wdGlvbiB2YWx1ZT0ibWFwIj5BbGJhbmllbjwvb3B0aW9uPg0KPG9wdGlvbiB2YWx1ZT0iYXVzdHJpYSI+w5ZzdGVycmVpY2g8L29wdGlvbj4NCjxvcHRpb24gdmFsdWU9ImJlbGdpdW0iPkJlbGdpZW48L29wdGlvbj4NCjxvcHRpb24gdmFsdWU9Im1hcCI+QnVsZ2FyaWVuPC9vcHRpb24+DQo8b3B0aW9uIHZhbHVlPSJjcm9hdGlhIj5Lcm9hdGllbjwvb3B0aW9uPg0KPG9wdGlvbiB2YWx1ZT0ibWFwIj5aeXBlcm48L29wdGlvbj4NCjxvcHRpb24gdmFsdWU9Im1hcCI+VHNjaGVjaGllbjwvb3B0aW9uPg0KPG9wdGlvbiB2YWx1ZT0ibWFwIj5Ew6RuZW1hcms8L29wdGlvbj4NCjxvcHRpb24gdmFsdWU9Im1hcCI+RGV1dHNjaGxhbmQ8L29wdGlvbj4NCjxvcHRpb24gdmFsdWU9Im1hcCI+RXN0bGFuZDwvb3B0aW9uPg0KPG9wdGlvbiB2YWx1ZT0ibWFwIj5GaW5ubGFuZDwvb3B0aW9uPg0KPG9wdGlvbiB2YWx1ZT0ibWFwIj5Ob3JkbWF6ZWRvbmllbjwvb3B0aW9uPg0KPG9wdGlvbiB2YWx1ZT0iZnJhbmNlIj5GcmFua3JlaWNoPC9vcHRpb24+DQo8b3B0aW9uIHZhbHVlPSJncmVlY2UiPkdyaWVjaGVubGFuZDwvb3B0aW9uPg0KPG9wdGlvbiB2YWx1ZT0ibWFwIj5Vbmdhcm48L29wdGlvbj4NCjxvcHRpb24gdmFsdWU9Im1hcCI+SXNsYW5kPC9vcHRpb24+DQo8b3B0aW9uIHZhbHVlPSJpcmVsYW5kIj5JcmxhbmQ8L29wdGlvbj4NCjxvcHRpb24gdmFsdWU9Iml0YWx5MiI+SXRhbGllbjwvb3B0aW9uPg0KPG9wdGlvbiB2YWx1ZT0ibWFwIj5MaXRhdWVuPC9vcHRpb24+DQo8b3B0aW9uIHZhbHVlPSJiZWxnaXVtIj5MdXhlbWJ1cmc8L29wdGlvbj4NCjxvcHRpb24gdmFsdWU9Im1hcCI+TWFsdGE8L29wdGlvbj4NCjxvcHRpb24gdmFsdWU9Im1vbnRlbmVncm8iPk1vbnRlbmVncm88L29wdGlvbj4NCjxvcHRpb24gdmFsdWU9ImJlbGdpdW0iPk5pZWRlcmxhbmRlPC9vcHRpb24+DQo8b3B0aW9uIHZhbHVlPSJtYXAiPlBvbGVuPC9vcHRpb24+DQo8b3B0aW9uIHZhbHVlPSJtYXAiPlBvcnR1Z2FsPC9vcHRpb24+DQo8b3B0aW9uIHZhbHVlPSJzZXJiaWEiPlNlcmJpZW48L29wdGlvbj4NCjxvcHRpb24gdmFsdWU9Iml0YWx5Ij5TbG93YWtlaTwvb3B0aW9uPg0KPG9wdGlvbiB2YWx1ZT0ic2xvdmVuaWEiPlNsb3dlbmllbjwvb3B0aW9uPg0KPG9wdGlvbiB2YWx1ZT0ic3BhaW4iPlNwYW5pZW48L29wdGlvbj4NCjwvc2VsZWN0PjwvZGl2Pg==[\/vc_raw_html][vc_wp_text] MobiliseSME-Programm Kontaktieren Sie die unten stehende E-Mail, wenn es in Ihrem [&hellip;]<\/p>\n","protected":false},"author":1,"featured_media":0,"parent":0,"menu_order":0,"comment_status":"closed","ping_status":"closed","template":"","meta":[],"yoast_head":"<!-- This site is optimized with the Yoast SEO plugin v15.4 - https:\/\/yoast.com\/wordpress\/plugins\/seo\/ -->\n<title>Lokale Kontaktstellen - Mobilsesme<\/title>\n<meta name=\"robots\" content=\"index, follow, max-snippet:-1, max-image-preview:large, max-video-preview:-1\" \/>\n<link rel=\"canonical\" href=\"https:\/\/mobilise-sme.eu\/de\/lokale-kontaktstellen\/\" \/>\n<meta property=\"og:locale\" content=\"de_DE\" \/>\n<meta property=\"og:type\" content=\"article\" \/>\n<meta property=\"og:title\" content=\"Lokale Kontaktstellen - Mobilsesme\" \/>\n<meta property=\"og:description\" content=\"[vc_row el_class=&#8220;espaciado bloquelocal&#8220;][vc_column css=&#8220;.vc_custom_1602769966142{padding-top: 20px !important;}&#8220;][vc_column_text css=&#8220;.vc_custom_1602769996122{margin-bottom: 5px !important;}&#8220;] Lokale Kontaktstellen [\/vc_column_text][vc_separator color=&#8220;custom&#8220; border_width=&#8220;2&#8243; el_width=&#8220;20&#8243; accent_color=&#8220;#0d5387&#8243;][vc_column_text]Falls Sie interessiert sind, am Programm MobiliseSME teilzunehmen, k\u00f6nnen Sie jede der folgenden Einrichtungen kontaktieren. Es handelt sich dabei unteranderen um Einrichtungen wie Handelskammern, Innovationsagenturen, Stiftungen, Handelskammerverb\u00e4nde, Unternehmensorganisationen, Universit\u00e4ten und Gr\u00fcnderzentren Die Einrichtungen wurden offiziell vom EASI-Programm ernannt, um im Rahmen von MobiliseSME Kontakte zwischen KMUs in der EU herzustellen. Wenn Ihr Land keinen lokalen Kontaktpunkt haben sollte, dann kontaktieren Sie bitte support@mobilise-sme.eu. Ein lokaler Kontaktpunkt wird Ihnen dann zugeordnet. [\/vc_column_text][\/vc_column][\/vc_row][vc_row el_class=&#8220;espaciado2&#8243;][vc_column width=&#8220;1\/3&#8243; el_class=&#8220;bloquelocal2&#8243;][vc_raw_html]PGRpdiBjbGFzcz0ic2VsZWNjaW9uLWNpdWRhZCI+DQo8cCBjbGFzcz0ic2VsZWN0LWNvdW50cnkiPlfDpGhsZW4gU2llIElociBMYW5kPC9wPg0KPHNlbGVjdD4NCjxvcHRpb24gdmFsdWU9Im1hcCI+TGFuZDwvb3B0aW9uPg0KPG9wdGlvbiB2YWx1ZT0ibWFwIj5BbGJhbmllbjwvb3B0aW9uPg0KPG9wdGlvbiB2YWx1ZT0iYXVzdHJpYSI+w5ZzdGVycmVpY2g8L29wdGlvbj4NCjxvcHRpb24gdmFsdWU9ImJlbGdpdW0iPkJlbGdpZW48L29wdGlvbj4NCjxvcHRpb24gdmFsdWU9Im1hcCI+QnVsZ2FyaWVuPC9vcHRpb24+DQo8b3B0aW9uIHZhbHVlPSJjcm9hdGlhIj5Lcm9hdGllbjwvb3B0aW9uPg0KPG9wdGlvbiB2YWx1ZT0ibWFwIj5aeXBlcm48L29wdGlvbj4NCjxvcHRpb24gdmFsdWU9Im1hcCI+VHNjaGVjaGllbjwvb3B0aW9uPg0KPG9wdGlvbiB2YWx1ZT0ibWFwIj5Ew6RuZW1hcms8L29wdGlvbj4NCjxvcHRpb24gdmFsdWU9Im1hcCI+RGV1dHNjaGxhbmQ8L29wdGlvbj4NCjxvcHRpb24gdmFsdWU9Im1hcCI+RXN0bGFuZDwvb3B0aW9uPg0KPG9wdGlvbiB2YWx1ZT0ibWFwIj5GaW5ubGFuZDwvb3B0aW9uPg0KPG9wdGlvbiB2YWx1ZT0ibWFwIj5Ob3JkbWF6ZWRvbmllbjwvb3B0aW9uPg0KPG9wdGlvbiB2YWx1ZT0iZnJhbmNlIj5GcmFua3JlaWNoPC9vcHRpb24+DQo8b3B0aW9uIHZhbHVlPSJncmVlY2UiPkdyaWVjaGVubGFuZDwvb3B0aW9uPg0KPG9wdGlvbiB2YWx1ZT0ibWFwIj5Vbmdhcm48L29wdGlvbj4NCjxvcHRpb24gdmFsdWU9Im1hcCI+SXNsYW5kPC9vcHRpb24+DQo8b3B0aW9uIHZhbHVlPSJpcmVsYW5kIj5JcmxhbmQ8L29wdGlvbj4NCjxvcHRpb24gdmFsdWU9Iml0YWx5MiI+SXRhbGllbjwvb3B0aW9uPg0KPG9wdGlvbiB2YWx1ZT0ibWFwIj5MaXRhdWVuPC9vcHRpb24+DQo8b3B0aW9uIHZhbHVlPSJiZWxnaXVtIj5MdXhlbWJ1cmc8L29wdGlvbj4NCjxvcHRpb24gdmFsdWU9Im1hcCI+TWFsdGE8L29wdGlvbj4NCjxvcHRpb24gdmFsdWU9Im1vbnRlbmVncm8iPk1vbnRlbmVncm88L29wdGlvbj4NCjxvcHRpb24gdmFsdWU9ImJlbGdpdW0iPk5pZWRlcmxhbmRlPC9vcHRpb24+DQo8b3B0aW9uIHZhbHVlPSJtYXAiPlBvbGVuPC9vcHRpb24+DQo8b3B0aW9uIHZhbHVlPSJtYXAiPlBvcnR1Z2FsPC9vcHRpb24+DQo8b3B0aW9uIHZhbHVlPSJzZXJiaWEiPlNlcmJpZW48L29wdGlvbj4NCjxvcHRpb24gdmFsdWU9Iml0YWx5Ij5TbG93YWtlaTwvb3B0aW9uPg0KPG9wdGlvbiB2YWx1ZT0ic2xvdmVuaWEiPlNsb3dlbmllbjwvb3B0aW9uPg0KPG9wdGlvbiB2YWx1ZT0ic3BhaW4iPlNwYW5pZW48L29wdGlvbj4NCjwvc2VsZWN0PjwvZGl2Pg==[\/vc_raw_html][vc_wp_text] MobiliseSME-Programm Kontaktieren Sie die unten stehende E-Mail, wenn es in Ihrem [&hellip;]\" \/>\n<meta property=\"og:url\" content=\"https:\/\/mobilise-sme.eu\/de\/lokale-kontaktstellen\/\" \/>\n<meta property=\"og:site_name\" content=\"Mobilsesme\" \/>\n<meta property=\"article:modified_time\" content=\"2022-09-29T10:26:34+00:00\" \/>\n<meta property=\"og:image\" content=\"https:\/\/mobilise-sme.eu\/wp-content\/uploads\/2020\/11\/mail.png\" \/>\n<meta name=\"twitter:card\" content=\"summary_large_image\" \/>\n<meta name=\"twitter:label1\" content=\"Verfasst von\">\n\t<meta name=\"twitter:data1\" content=\"sumaysube\">\n\t<meta name=\"twitter:label2\" content=\"Gesch\u00e4tzte Lesezeit\">\n\t<meta name=\"twitter:data2\" content=\"3 Minuten\">\n<script type=\"application\/ld+json\" class=\"yoast-schema-graph\">{\"@context\":\"https:\/\/schema.org\",\"@graph\":[{\"@type\":\"WebSite\",\"@id\":\"https:\/\/mobilise-sme.eu\/#website\",\"url\":\"https:\/\/mobilise-sme.eu\/\",\"name\":\"Mobilsesme\",\"description\":\"Otro sitio realizado con WordPress\",\"potentialAction\":[{\"@type\":\"SearchAction\",\"target\":\"https:\/\/mobilise-sme.eu\/?s={search_term_string}\",\"query-input\":\"required name=search_term_string\"}],\"inLanguage\":\"de-DE\"},{\"@type\":\"ImageObject\",\"@id\":\"https:\/\/mobilise-sme.eu\/de\/lokale-kontaktstellen\/#primaryimage\",\"inLanguage\":\"de-DE\",\"url\":\"https:\/\/mobilise-sme.eu\/wp-content\/uploads\/2020\/11\/mail.png\",\"width\":15,\"height\":10},{\"@type\":\"WebPage\",\"@id\":\"https:\/\/mobilise-sme.eu\/de\/lokale-kontaktstellen\/#webpage\",\"url\":\"https:\/\/mobilise-sme.eu\/de\/lokale-kontaktstellen\/\",\"name\":\"Lokale Kontaktstellen - Mobilsesme\",\"isPartOf\":{\"@id\":\"https:\/\/mobilise-sme.eu\/#website\"},\"primaryImageOfPage\":{\"@id\":\"https:\/\/mobilise-sme.eu\/de\/lokale-kontaktstellen\/#primaryimage\"},\"datePublished\":\"2021-01-20T12:55:54+00:00\",\"dateModified\":\"2022-09-29T10:26:34+00:00\",\"inLanguage\":\"de-DE\",\"potentialAction\":[{\"@type\":\"ReadAction\",\"target\":[\"https:\/\/mobilise-sme.eu\/de\/lokale-kontaktstellen\/\"]}]}]}<\/script>\n<!-- \/ Yoast SEO plugin. -->","_links":{"self":[{"href":"https:\/\/mobilise-sme.eu\/de\/wp-json\/wp\/v2\/pages\/1596\/"}],"collection":[{"href":"https:\/\/mobilise-sme.eu\/de\/wp-json\/wp\/v2\/pages\/"}],"about":[{"href":"https:\/\/mobilise-sme.eu\/de\/wp-json\/wp\/v2\/types\/page\/"}],"author":[{"embeddable":true,"href":"https:\/\/mobilise-sme.eu\/de\/wp-json\/wp\/v2\/users\/1\/"}],"replies":[{"embeddable":true,"href":"https:\/\/mobilise-sme.eu\/de\/wp-json\/wp\/v2\/comments\/?post=1596"}],"version-history":[{"count":14,"href":"https:\/\/mobilise-sme.eu\/de\/wp-json\/wp\/v2\/pages\/1596\/revisions\/"}],"predecessor-version":[{"id":4455,"href":"https:\/\/mobilise-sme.eu\/de\/wp-json\/wp\/v2\/pages\/1596\/revisions\/4455\/"}],"wp:attachment":[{"href":"https:\/\/mobilise-sme.eu\/de\/wp-json\/wp\/v2\/media\/?parent=1596"}],"curies":[{"name":"wp","href":"https:\/\/api.w.org\/{rel}","templated":true}]}}