{"id":1602,"date":"2021-01-20T13:07:43","date_gmt":"2021-01-20T13:07:43","guid":{"rendered":"https:\/\/mobilise-sme.eu\/wer-kann-teilnehmen\/"},"modified":"2022-03-15T17:17:16","modified_gmt":"2022-03-15T16:17:16","slug":"wer-kann-teilnehmen","status":"publish","type":"page","link":"https:\/\/mobilise-sme.eu\/de\/wer-kann-teilnehmen\/","title":{"rendered":"Wer kann teilnehmen"},"content":{"rendered":"<p>[vc_row el_class=&#8220;espaciado&#8220;][vc_column css=&#8220;.vc_custom_1602686899070{padding-top: 20px !important;}&#8220;][vc_column_text css=&#8220;.vc_custom_1602686966717{margin-bottom: 5px !important;}&#8220;]<\/p>\n<p class=\"titulo-yellow\" style=\"text-align: center;\">Wer kann teilnehmen?<\/p>\n<p>[\/vc_column_text][vc_separator color=&#8220;custom&#8220; border_width=&#8220;2&#8243; el_width=&#8220;20&#8243; accent_color=&#8220;#efca34&#8243;][vc_row_inner][vc_column_inner width=&#8220;1\/2&#8243;][vc_column_text]<\/p>\n<p style=\"text-align: center;\"><strong>Antragsteller (KMUs)<\/strong><\/p>\n<p>Antragsteller sind kleine und mittlere Unternehmen (KMU). Sie k\u00f6nnen sich f\u00fcr das Programm bewerben, indem sie sich in der Matchmaking-Plattform registrieren oder sich an eine der lokalen Informationsstellen wenden, die das Programm in ihrem Gebiet vertreten.<\/p>\n<p>Alle teilnehmenden KMU m\u00fcssen die geographischen Kriterien erf\u00fcllen. Das Programm ber\u00fccksichtigt Antragsteller, die in den folgenden L\u00e4ndern ordnungsgem\u00e4\u00df niedergelassen und registriert sind:<\/p>\n<ul>\n<li>EU -Mitgliedstaaten.<\/li>\n<li>Island und Norwegen in \u00dcbereinstimmung mit dem EWR-Abkommen.<\/li>\n<li>Albanien, Nordmazedonien, Montenegro, Serbien und die T\u00fcrkei.<\/li>\n<\/ul>\n<p><strong>Ein-Personen-Unternehmen<\/strong> k\u00f6nnen teilnehmen, wenn sie \u00fcber eine Rechtsform verf\u00fcgen und eine Umsatzsteuernummer haben. Andere Profile wie Selbst\u00e4ndige, Freelancer, Neue Selbst\u00e4ndige und eine Reihe von freien Berufen wie Rechtsanw\u00e4lte, Notare, Steuerberater, Wirtschaftspr\u00fcfer, vereidigte Buchpr\u00fcfer, \u00c4rzte, Apotheker, Psychologen, Architekten oder Ingenieure sind ebenfalls teilnahmeberechtigt.<\/p>\n<p>Andere Formen der selbst\u00e4ndigen Erwerbst\u00e4tigkeit sind ausgeschlossen. Es wird jedoch empfohlen, die \u00f6rtlichen Informationsstellen zu konsultieren, da eine Einzelfallbetrachtung vorgenommen wird.<\/p>\n<p><strong>Gr\u00f6\u00dfere Unternehmen<\/strong> k\u00f6nnen teilnehmen, aber nur als Gastunternehmen (sie empfangen entsandte Mitarbeiter, entsenden aber keine).<\/p>\n<p>F\u00fcr die Teilnahme am Programm ist die Registrierung auf der Matchmaking-Plattform verpflichtend. Jede Person in einem f\u00f6rderf\u00e4higen KMU kann sich an einen lokale Informationsstelle wenden, um am Programm MobiliseSME teilzunehmen und das KMU in ihrem Namen zu registrieren.<\/p>\n<p>[\/vc_column_text][\/vc_column_inner][vc_column_inner width=&#8220;1\/2&#8243;][vc_column_text]<\/p>\n<p style=\"text-align: center;\"><strong>Teilnehmer (Angestellte, Manager und Miteigent\u00fcmer)<\/strong><\/p>\n<p>Teilnehmer sind die Mitarbeiter der Antragsteller (KMU). Sie nehmen am Programm MobiliseSME teil. Der Begriff Teilnehmer umfasst Personal\/Mitarbeiter, Manager und Eigent\u00fcmer oder Miteigent\u00fcmer von KMU. Konkret:<\/p>\n<ul>\n<li>Im Rahmen von MobiliseSME ist ein Arbeitnehmer definiert als eine Person, die <strong>vollzeitlich auf Grundlage eines Dienstvertrages<\/strong> arbeitet.<\/li>\n<li>Im Rahmen von MobiliseSME ist die Definition eines Managers eine Person, die in einem Vollzeitbesch\u00e4ftigungsverh\u00e4ltnis steht. Dar\u00fcber hinaus muss sie eine besondere Verantwortung im Rahmen der allt\u00e4glichen Aktivit\u00e4ten des Unternehmens haben.<\/li>\n<li>Im Rahmen von MobiliseSME bedeutet Eigent\u00fcmer oder Miteigent\u00fcmer jede Person, die das KMU gegr\u00fcndet haben oder Mitglied des Vorstandes ist.<\/li>\n<\/ul>\n<p>F\u00fcr weitere Einzelheiten oder bei Zweifeln \u00fcber die Teilnahmebedingungen wenden Sie sich bitte an die n\u00e4chstgelegene lokale Kontaktstelle.<\/p>\n<p>[\/vc_column_text][\/vc_column_inner][\/vc_row_inner][vc_row_inner][vc_column_inner width=&#8220;1\/3&#8243;][vc_column_text]<\/p>\n<p class=\"homebutton\" style=\"text-align: center;\"><a href=\"https:\/\/mobilise-sme.eu\/wp-content\/uploads\/2022\/03\/GER_leaflet_mobilisesme_GENERAL.pdf\" target=\"_blank\" rel=\"noopener noreferrer\"><img src=\"https:\/\/mobilise-sme.eu\/wp-content\/uploads\/2020\/11\/Rectangle-42.png\" \/> Allgemeines Merkblatt<\/a><\/p>\n<p>[\/vc_column_text][\/vc_column_inner][vc_column_inner width=&#8220;1\/3&#8243;][vc_column_text]<\/p>\n<p class=\"homebutton\" style=\"text-align: center;\"><a href=\"https:\/\/mobilise-sme.eu\/wp-content\/uploads\/2022\/03\/GER_leaflet_mobilisesme_HC.pdf\" target=\"_blank\" rel=\"noopener noreferrer\"><img src=\"https:\/\/mobilise-sme.eu\/wp-content\/uploads\/2020\/11\/Rectangle-42.png\" \/> Merkblatt f\u00fcr Gastunternehmen (HC-Merkblatt)<\/a><\/p>\n<p>[\/vc_column_text][\/vc_column_inner][vc_column_inner width=&#8220;1\/3&#8243;][vc_column_text]<\/p>\n<p class=\"homebutton\" style=\"text-align: center;\"><a href=\"https:\/\/mobilise-sme.eu\/wp-content\/uploads\/2022\/03\/GER_leaflet_mobilisesme_SC.pdf\" target=\"_blank\" rel=\"noopener noreferrer\"><img src=\"https:\/\/mobilise-sme.eu\/wp-content\/uploads\/2020\/11\/Rectangle-42.png\" \/> Merkblatt f\u00fcr Entsendeunternehmen (SC-Merkblatt)<\/a><\/p>\n<p>[\/vc_column_text][\/vc_column_inner][\/vc_row_inner][\/vc_column][\/vc_row]<\/p>\n","protected":false},"excerpt":{"rendered":"<p>[vc_row el_class=&#8220;espaciado&#8220;][vc_column css=&#8220;.vc_custom_1602686899070{padding-top: 20px !important;}&#8220;][vc_column_text css=&#8220;.vc_custom_1602686966717{margin-bottom: 5px !important;}&#8220;] Wer kann teilnehmen? [\/vc_column_text][vc_separator color=&#8220;custom&#8220; border_width=&#8220;2&#8243; el_width=&#8220;20&#8243; accent_color=&#8220;#efca34&#8243;][vc_row_inner][vc_column_inner width=&#8220;1\/2&#8243;][vc_column_text] Antragsteller (KMUs) Antragsteller sind kleine und mittlere Unternehmen (KMU). Sie k\u00f6nnen sich f\u00fcr das Programm bewerben, indem sie sich in der Matchmaking-Plattform registrieren oder sich an eine der lokalen Informationsstellen wenden, die das Programm in ihrem Gebiet vertreten. Alle teilnehmenden KMU m\u00fcssen die geographischen Kriterien erf\u00fcllen. Das Programm ber\u00fccksichtigt Antragsteller, die in den folgenden L\u00e4ndern ordnungsgem\u00e4\u00df niedergelassen und registriert sind: EU -Mitgliedstaaten. Island und Norwegen in \u00dcbereinstimmung mit dem EWR-Abkommen. Albanien, Nordmazedonien, Montenegro, Serbien und die T\u00fcrkei. Ein-Personen-Unternehmen k\u00f6nnen teilnehmen, wenn sie \u00fcber [&hellip;]<\/p>\n","protected":false},"author":1,"featured_media":0,"parent":0,"menu_order":0,"comment_status":"closed","ping_status":"closed","template":"","meta":[],"yoast_head":"<!-- This site is optimized with the Yoast SEO plugin v15.4 - https:\/\/yoast.com\/wordpress\/plugins\/seo\/ -->\n<title>Wer kann teilnehmen - Mobilsesme<\/title>\n<meta name=\"robots\" content=\"index, follow, max-snippet:-1, max-image-preview:large, max-video-preview:-1\" \/>\n<link rel=\"canonical\" href=\"https:\/\/mobilise-sme.eu\/de\/wer-kann-teilnehmen\/\" \/>\n<meta property=\"og:locale\" content=\"de_DE\" \/>\n<meta property=\"og:type\" content=\"article\" \/>\n<meta property=\"og:title\" content=\"Wer kann teilnehmen - Mobilsesme\" \/>\n<meta property=\"og:description\" content=\"[vc_row el_class=&#8220;espaciado&#8220;][vc_column css=&#8220;.vc_custom_1602686899070{padding-top: 20px !important;}&#8220;][vc_column_text css=&#8220;.vc_custom_1602686966717{margin-bottom: 5px !important;}&#8220;] Wer kann teilnehmen? [\/vc_column_text][vc_separator color=&#8220;custom&#8220; border_width=&#8220;2&#8243; el_width=&#8220;20&#8243; accent_color=&#8220;#efca34&#8243;][vc_row_inner][vc_column_inner width=&#8220;1\/2&#8243;][vc_column_text] Antragsteller (KMUs) Antragsteller sind kleine und mittlere Unternehmen (KMU). Sie k\u00f6nnen sich f\u00fcr das Programm bewerben, indem sie sich in der Matchmaking-Plattform registrieren oder sich an eine der lokalen Informationsstellen wenden, die das Programm in ihrem Gebiet vertreten. Alle teilnehmenden KMU m\u00fcssen die geographischen Kriterien erf\u00fcllen. Das Programm ber\u00fccksichtigt Antragsteller, die in den folgenden L\u00e4ndern ordnungsgem\u00e4\u00df niedergelassen und registriert sind: EU -Mitgliedstaaten. Island und Norwegen in \u00dcbereinstimmung mit dem EWR-Abkommen. Albanien, Nordmazedonien, Montenegro, Serbien und die T\u00fcrkei. Ein-Personen-Unternehmen k\u00f6nnen teilnehmen, wenn sie \u00fcber [&hellip;]\" \/>\n<meta property=\"og:url\" content=\"https:\/\/mobilise-sme.eu\/de\/wer-kann-teilnehmen\/\" \/>\n<meta property=\"og:site_name\" content=\"Mobilsesme\" \/>\n<meta property=\"article:modified_time\" content=\"2022-03-15T16:17:16+00:00\" \/>\n<meta property=\"og:image\" content=\"https:\/\/mobilise-sme.eu\/wp-content\/uploads\/2020\/11\/Rectangle-42.png\" \/>\n<meta name=\"twitter:card\" content=\"summary_large_image\" \/>\n<meta name=\"twitter:label1\" content=\"Verfasst von\">\n\t<meta name=\"twitter:data1\" content=\"sumaysube\">\n\t<meta name=\"twitter:label2\" content=\"Gesch\u00e4tzte Lesezeit\">\n\t<meta name=\"twitter:data2\" content=\"2 Minuten\">\n<script type=\"application\/ld+json\" class=\"yoast-schema-graph\">{\"@context\":\"https:\/\/schema.org\",\"@graph\":[{\"@type\":\"WebSite\",\"@id\":\"https:\/\/mobilise-sme.eu\/#website\",\"url\":\"https:\/\/mobilise-sme.eu\/\",\"name\":\"Mobilsesme\",\"description\":\"Otro sitio realizado con WordPress\",\"potentialAction\":[{\"@type\":\"SearchAction\",\"target\":\"https:\/\/mobilise-sme.eu\/?s={search_term_string}\",\"query-input\":\"required name=search_term_string\"}],\"inLanguage\":\"de-DE\"},{\"@type\":\"ImageObject\",\"@id\":\"https:\/\/mobilise-sme.eu\/de\/wer-kann-teilnehmen\/#primaryimage\",\"inLanguage\":\"de-DE\",\"url\":\"https:\/\/mobilise-sme.eu\/wp-content\/uploads\/2020\/11\/Rectangle-42.png\",\"width\":22,\"height\":23},{\"@type\":\"WebPage\",\"@id\":\"https:\/\/mobilise-sme.eu\/de\/wer-kann-teilnehmen\/#webpage\",\"url\":\"https:\/\/mobilise-sme.eu\/de\/wer-kann-teilnehmen\/\",\"name\":\"Wer kann teilnehmen - Mobilsesme\",\"isPartOf\":{\"@id\":\"https:\/\/mobilise-sme.eu\/#website\"},\"primaryImageOfPage\":{\"@id\":\"https:\/\/mobilise-sme.eu\/de\/wer-kann-teilnehmen\/#primaryimage\"},\"datePublished\":\"2021-01-20T13:07:43+00:00\",\"dateModified\":\"2022-03-15T16:17:16+00:00\",\"inLanguage\":\"de-DE\",\"potentialAction\":[{\"@type\":\"ReadAction\",\"target\":[\"https:\/\/mobilise-sme.eu\/de\/wer-kann-teilnehmen\/\"]}]}]}<\/script>\n<!-- \/ Yoast SEO plugin. -->","_links":{"self":[{"href":"https:\/\/mobilise-sme.eu\/de\/wp-json\/wp\/v2\/pages\/1602\/"}],"collection":[{"href":"https:\/\/mobilise-sme.eu\/de\/wp-json\/wp\/v2\/pages\/"}],"about":[{"href":"https:\/\/mobilise-sme.eu\/de\/wp-json\/wp\/v2\/types\/page\/"}],"author":[{"embeddable":true,"href":"https:\/\/mobilise-sme.eu\/de\/wp-json\/wp\/v2\/users\/1\/"}],"replies":[{"embeddable":true,"href":"https:\/\/mobilise-sme.eu\/de\/wp-json\/wp\/v2\/comments\/?post=1602"}],"version-history":[{"count":6,"href":"https:\/\/mobilise-sme.eu\/de\/wp-json\/wp\/v2\/pages\/1602\/revisions\/"}],"predecessor-version":[{"id":3827,"href":"https:\/\/mobilise-sme.eu\/de\/wp-json\/wp\/v2\/pages\/1602\/revisions\/3827\/"}],"wp:attachment":[{"href":"https:\/\/mobilise-sme.eu\/de\/wp-json\/wp\/v2\/media\/?parent=1602"}],"curies":[{"name":"wp","href":"https:\/\/api.w.org\/{rel}","templated":true}]}}