{"id":1718,"date":"2021-02-02T08:33:52","date_gmt":"2021-02-02T08:33:52","guid":{"rendered":"https:\/\/mobilise-sme.eu\/conoce-mobilisesme\/"},"modified":"2022-03-17T17:29:16","modified_gmt":"2022-03-17T16:29:16","slug":"conoce-mobilisesme","status":"publish","type":"page","link":"https:\/\/mobilise-sme.eu\/es\/conoce-mobilisesme\/","title":{"rendered":"Conoce MobiliseSME"},"content":{"rendered":"<p>[vc_row el_class=\u00bbespaciado\u00bb][vc_column css=\u00bb.vc_custom_1602685030902{padding-top: 20px !important;}\u00bb][vc_column_text css=\u00bb.vc_custom_1607951141542{margin-bottom: 5px !important;}\u00bb]<\/p>\n<p class=\"titulo-blue\" style=\"text-align: center;\">Conoce MobiliseSME<\/p>\n<p>[\/vc_column_text][vc_separator color=\u00bbcustom\u00bb border_width=\u00bb2&#8243; el_width=\u00bb20&#8243; accent_color=\u00bb#0d5387&#8243;][vc_column_text]MobiliseSME es un programa lanzado por la Uni\u00f3n Europea (EURES, EASI). Su objetivo es <strong>ayudar al desarrollo de las compentecias y capacidades del personal de las empresas<\/strong> (empleados, directivos y propietarios o copropietarios) apoyando la movilidad empresarial transfronteriza de corta duraci\u00f3n.<\/p>\n<p>Bas\u00e1ndose en el exitoso proyecto piloto \u201cMobiliseSME\u201d, implementado entre 2015 y 2017, este programa tiene como objetivo apoyar a las personas que ya est\u00e1n empleadas y desean experimentar <strong>la\u00a0movilidad transfronteriza<\/strong> en otra empresa por un per\u00edodo de tiempo limitado, manteniendo el v\u00ednculo contractual con su empleador.<\/p>\n<p>Principales caracter\u00edsticas del programa MobiliseSME:<\/p>\n<p>[\/vc_column_text][vc_row_inner el_class=\u00bbnumeros align\u00bb][vc_column_inner width=\u00bb1\/2&#8243;][vc_column_text]<\/p>\n<p class=\"number\">1<\/p>\n<p class=\"text-numbers\">El plan consiste en el intercambio de personal de una PYME de un pa\u00eds de la UE a otra PYME de otro pa\u00eds de la UE.<\/p>\n<p>[\/vc_column_text][vc_column_text]<\/p>\n<p class=\"number\">2<\/p>\n<p class=\"text-numbers\">El programa permite el uso del mismo para impulsar colaboraciones que ya est\u00e1n en marcha entre PYMEs europeas.<\/p>\n<p>[\/vc_column_text][vc_column_text]<\/p>\n<p class=\"number\">3<\/p>\n<p class=\"text-numbers\">No hay fechas l\u00edmite para participar. El programa MobiliseSME funciona de forma continua.<\/p>\n<p>[\/vc_column_text][\/vc_column_inner][vc_column_inner width=\u00bb1\/2&#8243;][vc_column_text]<\/p>\n<p class=\"number\">4<\/p>\n<p class=\"text-numbers\">El programa MobiliseSME consiste en un intercambio\/movilidad temporal de un m\u00ednimo de 1 mes a un m\u00e1ximo de 6 meses.<\/p>\n<p>[\/vc_column_text][vc_column_text]<\/p>\n<p class=\"number\">5<\/p>\n<p class=\"text-numbers\">El personal sigue empleado por la Empresa de Env\u00edo durante el per\u00edodo de la estancia. La empresa todav\u00eda paga su salario y los gastos ocasionados.<\/p>\n<p>[\/vc_column_text][\/vc_column_inner][\/vc_row_inner][vc_row_inner][vc_column_inner css=\u00bb.vc_custom_1602685657320{padding-left: 0px !important;}\u00bb][vc_column_text]Adem\u00e1s, el programa MobiliseSME ofrece m\u00e1s actividades y apoyo a las empresas. Tambi\u00e9n ofrece:<\/p>\n<p>[\/vc_column_text][\/vc_column_inner][\/vc_row_inner][vc_row_inner el_class=\u00bbchecks align\u00bb][vc_column_inner width=\u00bb1\/2&#8243;][vc_column_text]<img class=\"check\" src=\"https:\/\/mobilise-sme.eu\/wp-content\/uploads\/2020\/10\/check.png\" \/><\/p>\n<p class=\"text-numbers\"><strong>Informaci\u00f3n sobre la participaci\u00f3n de una PYME en un plan de internacionalizaci\u00f3n<\/strong>. Contribuye a la sensibilizaci\u00f3n sobre la importancia de la formaci\u00f3n e internacionalizaci\u00f3n de las empresas, entre otras cosas.<\/p>\n<p>[\/vc_column_text][vc_column_text]<img class=\"check\" src=\"https:\/\/mobilise-sme.eu\/wp-content\/uploads\/2020\/10\/check.png\" \/><\/p>\n<p class=\"text-numbers\"><strong>Proporcionar herramientas disponibles para establecer intercambios y contactos con otras empresas a nivel de la UE<\/strong>. Principalmente a trav\u00e9s del acceso a la plataforma Matchmaking y las redes de los Puntos de Contacto Local.<\/p>\n<p>[\/vc_column_text][vc_column_text]<img class=\"check\" src=\"https:\/\/mobilise-sme.eu\/wp-content\/uploads\/2020\/10\/check.png\" \/><\/p>\n<p class=\"text-numbers\"><strong>An\u00e1lisis del perfil y las necesidades de los participantes.<\/strong><\/p>\n<p>&nbsp;<\/p>\n<p>[\/vc_column_text][vc_column_text]<img class=\"check\" src=\"https:\/\/mobilise-sme.eu\/wp-content\/uploads\/2020\/10\/check.png\" \/><\/p>\n<p class=\"text-numbers\"><strong>Servicios de <em>matching<\/em><\/strong>. Los Puntos de Contacto Local son fundamentales para encontrar un hom\u00f3logo con el que las PYME puedan acordar una comisi\u00f3n de servicio.<\/p>\n<p>[\/vc_column_text][vc_column_text]<img class=\"check\" src=\"https:\/\/mobilise-sme.eu\/wp-content\/uploads\/2020\/10\/check.png\" \/><\/p>\n<p class=\"text-numbers\"><strong>Orientaci\u00f3n y revisi\u00f3n del Proyecto MobiliseSME Learning<\/strong>. El Proyecto MobiliseSME Learning es el principal documento de trabajo. Los Puntos de Contacto Local de cada pa\u00eds le ayudar\u00e1n a redactar uno basado en sus necesidades.<\/p>\n<p>[\/vc_column_text][\/vc_column_inner][vc_column_inner width=\u00bb1\/2&#8243;][vc_column_text]<img class=\"check\" src=\"https:\/\/mobilise-sme.eu\/wp-content\/uploads\/2020\/10\/check.png\" \/><\/p>\n<p class=\"text-numbers\"><strong>Servicios de formaci\u00f3n antes de la salida<\/strong>. Las organizaciones asociadas proporcionar\u00e1n informaci\u00f3n y formaci\u00f3n \u00fatiles antes de la salida. Esto cubre una amplia gama de temas, como cuestiones relacionadas con los negocios en los pa\u00edses de la UE e informaci\u00f3n pr\u00e1ctica sobre la estancia en el extranjero.<\/p>\n<p>[\/vc_column_text][vc_column_text]<img class=\"check\" src=\"https:\/\/mobilise-sme.eu\/wp-content\/uploads\/2020\/10\/check.png\" \/><\/p>\n<p class=\"text-numbers\"><strong>Evaluaci\u00f3n continua de los objetivos de aprendizaje<\/strong>. El programa MobiliseSME tambi\u00e9n revisa el intercambio de forma continua.<\/p>\n<p>[\/vc_column_text][vc_column_text]<img class=\"check\" src=\"https:\/\/mobilise-sme.eu\/wp-content\/uploads\/2020\/10\/check.png\" \/><\/p>\n<p class=\"text-numbers\"><strong>Recomendaciones para un mayor desarrollo y orientaci\u00f3n<\/strong>. El programa MobiliseSME proporcionar\u00e1 recomendaciones y orientaci\u00f3n sobre formaci\u00f3n, innovaci\u00f3n, internacionalizaci\u00f3n y movilidad.<\/p>\n<p>[\/vc_column_text][\/vc_column_inner][\/vc_row_inner][vc_row_inner][vc_column_inner css=\u00bb.vc_custom_1602685657320{padding-left: 0px !important;}\u00bb][vc_column_text]Para m\u00e1s detalles, puede consultar <strong><a href=\"https:\/\/mobilise-sme.eu\/es\/quien-puede-participar\/\" target=\"_blank\" rel=\"noopener noreferrer\">Qui\u00e9n puede participar<\/a>, <a href=\"https:\/\/mobilise-sme.eu\/es\/como-participar\/\" target=\"_blank\" rel=\"noopener noreferrer\">C\u00f3mo participar<\/a><\/strong> o los diversos Puntos de Contacto Local en la UE.[\/vc_column_text][\/vc_column_inner][\/vc_row_inner][\/vc_column][\/vc_row]<\/p>\n","protected":false},"excerpt":{"rendered":"<p>[vc_row el_class=\u00bbespaciado\u00bb][vc_column css=\u00bb.vc_custom_1602685030902{padding-top: 20px !important;}\u00bb][vc_column_text css=\u00bb.vc_custom_1607951141542{margin-bottom: 5px !important;}\u00bb] Conoce MobiliseSME [\/vc_column_text][vc_separator color=\u00bbcustom\u00bb border_width=\u00bb2&#8243; el_width=\u00bb20&#8243; accent_color=\u00bb#0d5387&#8243;][vc_column_text]MobiliseSME es un programa lanzado por la Uni\u00f3n Europea (EURES, EASI). Su objetivo es ayudar al desarrollo de las compentecias y capacidades del personal de las empresas (empleados, directivos y propietarios o copropietarios) apoyando la movilidad empresarial transfronteriza de corta duraci\u00f3n. Bas\u00e1ndose en el exitoso proyecto piloto \u201cMobiliseSME\u201d, implementado entre 2015 y 2017, este programa tiene como objetivo apoyar a las personas que ya est\u00e1n empleadas y desean experimentar la\u00a0movilidad transfronteriza en otra empresa por un per\u00edodo de tiempo limitado, manteniendo el v\u00ednculo contractual con su [&hellip;]<\/p>\n","protected":false},"author":1,"featured_media":0,"parent":0,"menu_order":0,"comment_status":"closed","ping_status":"closed","template":"","meta":[],"yoast_head":"<!-- This site is optimized with the Yoast SEO plugin v15.4 - https:\/\/yoast.com\/wordpress\/plugins\/seo\/ -->\n<title>Conoce MobiliseSME - Mobilsesme<\/title>\n<meta name=\"robots\" content=\"index, follow, max-snippet:-1, max-image-preview:large, max-video-preview:-1\" \/>\n<link rel=\"canonical\" href=\"https:\/\/mobilise-sme.eu\/es\/conoce-mobilisesme\/\" \/>\n<meta property=\"og:locale\" content=\"es_ES\" \/>\n<meta property=\"og:type\" content=\"article\" \/>\n<meta property=\"og:title\" content=\"Conoce MobiliseSME - Mobilsesme\" \/>\n<meta property=\"og:description\" content=\"[vc_row el_class=\u00bbespaciado\u00bb][vc_column css=\u00bb.vc_custom_1602685030902{padding-top: 20px !important;}\u00bb][vc_column_text css=\u00bb.vc_custom_1607951141542{margin-bottom: 5px !important;}\u00bb] Conoce MobiliseSME [\/vc_column_text][vc_separator color=\u00bbcustom\u00bb border_width=\u00bb2&#8243; el_width=\u00bb20&#8243; accent_color=\u00bb#0d5387&#8243;][vc_column_text]MobiliseSME es un programa lanzado por la Uni\u00f3n Europea (EURES, EASI). Su objetivo es ayudar al desarrollo de las compentecias y capacidades del personal de las empresas (empleados, directivos y propietarios o copropietarios) apoyando la movilidad empresarial transfronteriza de corta duraci\u00f3n. Bas\u00e1ndose en el exitoso proyecto piloto \u201cMobiliseSME\u201d, implementado entre 2015 y 2017, este programa tiene como objetivo apoyar a las personas que ya est\u00e1n empleadas y desean experimentar la\u00a0movilidad transfronteriza en otra empresa por un per\u00edodo de tiempo limitado, manteniendo el v\u00ednculo contractual con su [&hellip;]\" \/>\n<meta property=\"og:url\" content=\"https:\/\/mobilise-sme.eu\/es\/conoce-mobilisesme\/\" \/>\n<meta property=\"og:site_name\" content=\"Mobilsesme\" \/>\n<meta property=\"article:modified_time\" content=\"2022-03-17T16:29:16+00:00\" \/>\n<meta property=\"og:image\" content=\"https:\/\/mobilise-sme.eu\/wp-content\/uploads\/2020\/10\/check.png\" \/>\n<meta name=\"twitter:card\" content=\"summary_large_image\" \/>\n<meta name=\"twitter:label1\" content=\"Escrito por\">\n\t<meta name=\"twitter:data1\" content=\"sumaysube\">\n\t<meta name=\"twitter:label2\" content=\"Tiempo de lectura\">\n\t<meta name=\"twitter:data2\" content=\"3 minutos\">\n<script type=\"application\/ld+json\" class=\"yoast-schema-graph\">{\"@context\":\"https:\/\/schema.org\",\"@graph\":[{\"@type\":\"WebSite\",\"@id\":\"https:\/\/mobilise-sme.eu\/#website\",\"url\":\"https:\/\/mobilise-sme.eu\/\",\"name\":\"Mobilsesme\",\"description\":\"Otro sitio realizado con WordPress\",\"potentialAction\":[{\"@type\":\"SearchAction\",\"target\":\"https:\/\/mobilise-sme.eu\/?s={search_term_string}\",\"query-input\":\"required name=search_term_string\"}],\"inLanguage\":\"es\"},{\"@type\":\"ImageObject\",\"@id\":\"https:\/\/mobilise-sme.eu\/es\/conoce-mobilisesme\/#primaryimage\",\"inLanguage\":\"es\",\"url\":\"https:\/\/mobilise-sme.eu\/wp-content\/uploads\/2020\/10\/check.png\",\"width\":100,\"height\":100},{\"@type\":\"WebPage\",\"@id\":\"https:\/\/mobilise-sme.eu\/es\/conoce-mobilisesme\/#webpage\",\"url\":\"https:\/\/mobilise-sme.eu\/es\/conoce-mobilisesme\/\",\"name\":\"Conoce MobiliseSME - Mobilsesme\",\"isPartOf\":{\"@id\":\"https:\/\/mobilise-sme.eu\/#website\"},\"primaryImageOfPage\":{\"@id\":\"https:\/\/mobilise-sme.eu\/es\/conoce-mobilisesme\/#primaryimage\"},\"datePublished\":\"2021-02-02T08:33:52+00:00\",\"dateModified\":\"2022-03-17T16:29:16+00:00\",\"inLanguage\":\"es\",\"potentialAction\":[{\"@type\":\"ReadAction\",\"target\":[\"https:\/\/mobilise-sme.eu\/es\/conoce-mobilisesme\/\"]}]}]}<\/script>\n<!-- \/ Yoast SEO plugin. -->","_links":{"self":[{"href":"https:\/\/mobilise-sme.eu\/es\/wp-json\/wp\/v2\/pages\/1718\/"}],"collection":[{"href":"https:\/\/mobilise-sme.eu\/es\/wp-json\/wp\/v2\/pages\/"}],"about":[{"href":"https:\/\/mobilise-sme.eu\/es\/wp-json\/wp\/v2\/types\/page\/"}],"author":[{"embeddable":true,"href":"https:\/\/mobilise-sme.eu\/es\/wp-json\/wp\/v2\/users\/1\/"}],"replies":[{"embeddable":true,"href":"https:\/\/mobilise-sme.eu\/es\/wp-json\/wp\/v2\/comments\/?post=1718"}],"version-history":[{"count":13,"href":"https:\/\/mobilise-sme.eu\/es\/wp-json\/wp\/v2\/pages\/1718\/revisions\/"}],"predecessor-version":[{"id":3961,"href":"https:\/\/mobilise-sme.eu\/es\/wp-json\/wp\/v2\/pages\/1718\/revisions\/3961\/"}],"wp:attachment":[{"href":"https:\/\/mobilise-sme.eu\/es\/wp-json\/wp\/v2\/media\/?parent=1718"}],"curies":[{"name":"wp","href":"https:\/\/api.w.org\/{rel}","templated":true}]}}