{"id":2475,"date":"2021-03-23T12:26:05","date_gmt":"2021-03-23T12:26:05","guid":{"rendered":"https:\/\/mobilise-sme.eu\/puntos-de-contacto-local\/"},"modified":"2022-09-29T12:10:45","modified_gmt":"2022-09-29T10:10:45","slug":"puntos-de-contacto-local","status":"publish","type":"page","link":"https:\/\/mobilise-sme.eu\/es\/puntos-de-contacto-local\/","title":{"rendered":"Puntos de Contacto Local"},"content":{"rendered":"<p>[vc_row el_class=\u00bbespaciado bloquelocal\u00bb][vc_column css=\u00bb.vc_custom_1602769966142{padding-top: 20px !important;}\u00bb][vc_column_text css=\u00bb.vc_custom_1602769996122{margin-bottom: 5px !important;}\u00bb]<\/p>\n<p class=\"titulo-blue\" style=\"text-align: center;\">Puntos de Contacto Local<\/p>\n<p>[\/vc_column_text][vc_separator color=\u00bbcustom\u00bb border_width=\u00bb2&#8243; el_width=\u00bb20&#8243; accent_color=\u00bb#0d5387&#8243;][vc_column_text]Si est\u00e1s interesado en participar en el programa MobiliseSME, puedes dirigirte a cualquiera de las entidades que se indican a continuaci\u00f3n.<\/p>\n<p>Son entidades como C\u00e1maras de Comercio, Agencias de Innovaci\u00f3n, Fundaciones, Asociaci\u00f3n de C\u00e1maras de Comercio, Organizaciones Empresariales, Universidades e Incubadoras de Empresas, entre otras.<\/p>\n<p>Estas han sido designados oficialmente por el Programa EASI para ayudar a establecer contactos entre las PYME de la UE en el marco de MobiliseSME.<\/p>\n<p>Si tu pa\u00eds no tiene un Punto de Contacto Local, ponte en contacto con support@mobilise-sme.eu y se te asignar\u00e1 uno.<\/p>\n<p>[\/vc_column_text][\/vc_column][\/vc_row][vc_row el_class=\u00bbespaciado2&#8243;][vc_column width=\u00bb1\/3&#8243; el_class=\u00bbbloquelocal2&#8243;][vc_raw_html]PGRpdiBjbGFzcz0ic2VsZWNjaW9uLWNpdWRhZCI+DQo8cCBjbGFzcz0ic2VsZWN0LWNvdW50cnkiPlNlbGVjY2lvbmEgdHUgcGHDrXM8L3A+DQo8c2VsZWN0Pg0KPG9wdGlvbiB2YWx1ZT0ibWFwIj5QYcOtczwvb3B0aW9uPg0KPG9wdGlvbiB2YWx1ZT0ibWFwIj5BbGJhbmlhPC9vcHRpb24+DQo8b3B0aW9uIHZhbHVlPSJhdXN0cmlhIj5BdXN0cmlhPC9vcHRpb24+DQo8b3B0aW9uIHZhbHVlPSJiZWxnaXVtIj5Cw6lsZ2ljYTwvb3B0aW9uPg0KPG9wdGlvbiB2YWx1ZT0ibWFwIj5CdWxnYXJpYTwvb3B0aW9uPg0KPG9wdGlvbiB2YWx1ZT0iY3JvYXRpYSI+Q3JvYWNpYTwvb3B0aW9uPg0KPG9wdGlvbiB2YWx1ZT0ibWFwIj5DaGlwcmU8L29wdGlvbj4NCjxvcHRpb24gdmFsdWU9Im1hcCI+UmVww7pibGljYSBDaGVjYTwvb3B0aW9uPg0KPG9wdGlvbiB2YWx1ZT0ibWFwIj5EaW5hbWFyY2E8L29wdGlvbj4NCjxvcHRpb24gdmFsdWU9Im1hcCI+QWxlbWFuaWE8L29wdGlvbj4NCjxvcHRpb24gdmFsdWU9Im1hcCI+RXN0b25pYTwvb3B0aW9uPg0KPG9wdGlvbiB2YWx1ZT0ibWFwIj5GaW5sYW5kaWE8L29wdGlvbj4NCjxvcHRpb24gdmFsdWU9Im1hcCI+UmVww7pibGljYSBkZSBNYWNlZG9uaWEgZGVsIE5vcnRlPC9vcHRpb24+DQo8b3B0aW9uIHZhbHVlPSJmcmFuY2UiPkZyYW5jaWE8L29wdGlvbj4NCjxvcHRpb24gdmFsdWU9ImdyZWVjZSI+R3JlY2lhPC9vcHRpb24+DQo8b3B0aW9uIHZhbHVlPSJtYXAiPkh1bmdyw61hPC9vcHRpb24+DQo8b3B0aW9uIHZhbHVlPSJtYXAiPklzbGFuZGlhPC9vcHRpb24+DQo8b3B0aW9uIHZhbHVlPSJpcmVsYW5kIj5JcmxhbmRhPC9vcHRpb24+DQo8b3B0aW9uIHZhbHVlPSJpdGFseTIiPkl0YWxpYTwvb3B0aW9uPg0KPG9wdGlvbiB2YWx1ZT0ibWFwIj5MaXR1YW5pYTwvb3B0aW9uPg0KPG9wdGlvbiB2YWx1ZT0iYmVsZ2l1bSI+THV4ZW1idXJnbzwvb3B0aW9uPg0KPG9wdGlvbiB2YWx1ZT0ibWFwIj5NYWx0YTwvb3B0aW9uPg0KPG9wdGlvbiB2YWx1ZT0ibW9udGVuZWdybyI+TW9udGVuZWdybzwvb3B0aW9uPg0KPG9wdGlvbiB2YWx1ZT0iYmVsZ2l1bSI+UGHDrXNlcyBCYWpvczwvb3B0aW9uPg0KPG9wdGlvbiB2YWx1ZT0ibWFwIj5Qb2xvbmlhPC9vcHRpb24+DQo8b3B0aW9uIHZhbHVlPSJtYXAiPlBvcnR1Z2FsPC9vcHRpb24+DQo8b3B0aW9uIHZhbHVlPSJzZXJiaWEiPlNlcmJpYTwvb3B0aW9uPg0KPG9wdGlvbiB2YWx1ZT0iaXRhbHkiPkVzbG92YXF1aWE8L29wdGlvbj4NCjxvcHRpb24gdmFsdWU9InNsb3ZlbmlhIj5Fc2xvdmVuaWE8L29wdGlvbj4NCjxvcHRpb24gdmFsdWU9InNwYWluIj5Fc3Bhw7FhPC9vcHRpb24+DQo8L3NlbGVjdD48L2Rpdj4=[\/vc_raw_html][vc_wp_text]<\/p>\n<div class=\"map box\">\n<p class=\"titulo-select\"><b>Programa MobiliseSME<\/b><\/p>\n<p class=\"nombre\"><strong>Ponte en contacto con el siguiente correo electr\u00f3nico si no hay un Punto de Contacto Local en tu pa\u00eds:<\/strong><\/p>\n<p class=\"mail\"><img src=\"https:\/\/mobilise-sme.eu\/wp-content\/uploads\/2020\/11\/mail.png\" \/> <a href=\"mailto:support@mobilise-sme.eu\" target=\"_blank\" rel=\"noopener noreferrer\">support@mobilise-sme.eu<\/a><\/p>\n<\/div>\n<p>[\/vc_wp_text][vc_wp_text]<\/p>\n<div class=\"belgium box\">\n<p class=\"titulo-select\"><b>Official Spanish Chamber of Commerce in Belgium and Luxembourg (CAMARABELUX, B\u00e9lgica)<\/b><\/p>\n<div class=\"boton\"><a>https:\/\/e-camara.com\/web\/<\/a><\/div>\n<p class=\"nombre\"><strong>Noelia S\u00e1nchez, EU Project Manager<\/strong><\/p>\n<p class=\"nombre\"><strong>Marta Gonz\u00e1lez, Secretary General<\/strong><\/p>\n<p class=\"mail\"><img src=\"https:\/\/mobilise-sme.eu\/wp-content\/uploads\/2020\/11\/mail.png\" \/> <a href=\"mailto:mobilisesme@e-camara.com\" target=\"_blank\" rel=\"noopener noreferrer\">mobilisesme@e-camara.com<\/a><\/p>\n<p class=\"telefono\"><img src=\"https:\/\/mobilise-sme.eu\/wp-content\/uploads\/2020\/11\/phone.png\" \/> +32 2517 17 40<\/p>\n<\/div>\n<p>[\/vc_wp_text][vc_wp_text]<\/p>\n<div class=\"spain box\">\n<p class=\"titulo-select\"><b>Fundaci\u00f3n Equipo Humano (FEH, Espa\u00f1a)<\/b><\/p>\n<div class=\"boton\"><a href=\"https:\/\/fundacionequipohumano.es\/\" target=\"_blank\" rel=\"noopener noreferrer\">www.fundacionequipohumano.es<\/a><\/div>\n<p class=\"nombre\"><strong>Alfonso Cadenas Ca\u00f1am\u00e1s, EU Project Coordinator<\/strong><\/p>\n<p class=\"mail\"><img src=\"https:\/\/mobilise-sme.eu\/wp-content\/uploads\/2020\/11\/mail.png\" \/> <a href=\"mailto:alfonso.cadenas@fundacionequipohumano.es\" target=\"_blank\" rel=\"noopener noreferrer\">alfonso.cadenas@fundacionequipohumano.es<\/a><\/p>\n<p class=\"nombre\"><strong>Jose Enrique Val, EU Project Manager<\/strong><\/p>\n<p class=\"mail\"><img src=\"https:\/\/mobilise-sme.eu\/wp-content\/uploads\/2020\/11\/mail.png\" \/> <a href=\"mailto:je.val@fundacionequipohumano.es\" target=\"_blank\" rel=\"noopener noreferrer\">je.val@fundacionequipohumano.es<\/a><\/p>\n<p class=\"telefono\"><img src=\"https:\/\/mobilise-sme.eu\/wp-content\/uploads\/2020\/11\/phone.png\" \/> +34 670 36 72 16 +34 963 468 580<\/p>\n<\/div>\n<p>[\/vc_wp_text][vc_wp_text]<\/p>\n<div class=\"ireland box\">\n<p class=\"titulo-select\"><b>Dublin Chamber of Commerce (DCC, Irlanda)<\/b><\/p>\n<div class=\"boton\"><a href=\"https:\/\/www.dublinchamber.ie\/\" target=\"_blank\" rel=\"noopener noreferrer\">https:\/\/www.dublinchamber.ie\/ <\/a><\/div>\n<p class=\"nombre\"><strong>Maria Deady, International Project Manager<\/strong><\/p>\n<p class=\"nombre\"><strong>Miriam Tuomey, Project Executive<\/strong><\/p>\n<p class=\"mail\"><img src=\"https:\/\/mobilise-sme.eu\/wp-content\/uploads\/2020\/11\/mail.png\" \/> <a href=\"mailto:international@dublinchamber.ie\" target=\"_blank\" rel=\"noopener noreferrer\">international@dublinchamber.ie<\/a><\/p>\n<p class=\"telefono\"><img src=\"https:\/\/mobilise-sme.eu\/wp-content\/uploads\/2020\/11\/phone.png\" \/> +353 1 6447200<\/p>\n<\/div>\n<p>[\/vc_wp_text][vc_wp_text]<\/p>\n<div class=\"serbia box\">\n<p class=\"titulo-select\"><b>Business incubator Novi Sad Drustvo SA, (BINS, Serbia)<\/b><\/p>\n<div class=\"boton\"><a href=\"http:\/\/inkubator.biz\" target=\"_blank\" rel=\"noopener noreferrer\">http:\/\/inkubator.biz<\/a><\/div>\n<p class=\"mail\"><img src=\"https:\/\/mobilise-sme.eu\/wp-content\/uploads\/2020\/11\/mail.png\" \/> <a href=\"mailto:mobilisesme@inkubator.biz\">mobilisesme@inkubator.biz<\/a><\/p>\n<p class=\"telefono\"><img src=\"https:\/\/mobilise-sme.eu\/wp-content\/uploads\/2020\/11\/phone.png\" \/> +381 21 3000 300<\/p>\n<\/div>\n<p>[\/vc_wp_text][vc_wp_text]<\/p>\n<div class=\"croatia box\">\n<p class=\"titulo-select\"><b>Tera Tehnopolis d.o.o. (TERA, Croacia)<\/b><\/p>\n<div class=\"boton\"><a href=\"http:\/\/web.tera.hr\/\" target=\"_blank\" rel=\"noopener noreferrer\">http:\/\/web.tera.hr\/<\/a><\/div>\n<p class=\"nombre\"><strong>Ivana Duman\u010di\u0107, Associate Expert<\/strong><\/p>\n<p class=\"mail\"><img src=\"https:\/\/mobilise-sme.eu\/wp-content\/uploads\/2020\/11\/mail.png\" \/> <a href=\"mailto:ivana@tera.hr\">ivana@tera.hr<\/a><\/p>\n<p class=\"telefono\"><img src=\"https:\/\/mobilise-sme.eu\/wp-content\/uploads\/2020\/11\/phone.png\" \/> +38 531 251 000<\/p>\n<\/div>\n<p>[\/vc_wp_text][vc_wp_text]<\/p>\n<div class=\"italy box\">\n<p class=\"titulo-select\"><b>Italian-Slovak Chamber of Commerce (CCIS-TSOK, Eslovaquia)<\/b><\/p>\n<div class=\"boton\"><a href=\"www.camit.sk\" target=\"_blank\" rel=\"noopener noreferrer\">www.camit.sk<\/a><\/div>\n<p class=\"mail\"><img src=\"https:\/\/mobilise-sme.eu\/wp-content\/uploads\/2020\/11\/mail.png\" \/> <a href=\"mailto:info@camitslovakia.sk\">info@camitslovakia.sk<\/a><\/p>\n<p class=\"telefono\"><img src=\"https:\/\/mobilise-sme.eu\/wp-content\/uploads\/2020\/11\/phone.png\" \/> +42 1948 899 880<\/p>\n<\/div>\n<p>[\/vc_wp_text][vc_wp_text]<\/p>\n<div class=\"slovenia box\">\n<p class=\"titulo-select\"><b>BSC, poslovno podporni center, d.o.o., Kranj (BSC, Eslovenia)<\/b><\/p>\n<div class=\"boton\"><a href=\"http:\/\/www.bsc-kranj.si\/\" target=\"_blank\" rel=\"noopener noreferrer\">http:\/\/www.bsc-kranj.si\/<\/a><\/div>\n<p class=\"mail\"><img src=\"https:\/\/mobilise-sme.eu\/wp-content\/uploads\/2020\/11\/mail.png\" \/> <a href=\"mailto:Nives.justin@bsc-kranj.si\">Nives.justin@bsc-kranj.si<\/a><\/p>\n<p class=\"mail\"><img src=\"https:\/\/mobilise-sme.eu\/wp-content\/uploads\/2020\/11\/mail.png\" \/> <a href=\"mailto:tamara.mravinec@bsc-kranj.si\">tamara.mravinec@bsc-kranj.si<\/a><\/p>\n<p class=\"telefono\"><img src=\"https:\/\/mobilise-sme.eu\/wp-content\/uploads\/2020\/11\/phone.png\" \/> +386 4 28 17 247<\/p>\n<p class=\"telefono\"><img src=\"https:\/\/mobilise-sme.eu\/wp-content\/uploads\/2020\/11\/phone.png\" \/> + 386 4 77 77 250<\/p>\n<\/div>\n<p>[\/vc_wp_text][vc_wp_text]<\/p>\n<div class=\"italy2 box\">\n<p class=\"titulo-select\"><b>The Forum of the Adriatic and Ionian Chambers of Commerce (FORUM, Italia)<\/b><\/p>\n<div class=\"boton\"><a href=\"https:\/\/www.forumaic.org\/\" target=\"_blank\" rel=\"noopener noreferrer\">https:\/\/www.forumaic.org\/<\/a><\/div>\n<p>&nbsp;<\/p>\n<p class=\"mail\"><img src=\"https:\/\/mobilise-sme.eu\/wp-content\/uploads\/2020\/11\/mail.png\" \/> <a href=\"mailto:segreteria.forum@marche.camcom.it\" target=\"_blank\" rel=\"noopener noreferrer\">segreteria.forum@marche.camcom.it<\/a><\/p>\n<p class=\"nombre\"><strong>Alina Nistor<\/strong><\/p>\n<p class=\"mail\"><img src=\"https:\/\/mobilise-sme.eu\/wp-content\/uploads\/2020\/11\/mail.png\" \/> <a href=\"mailto:alina.nistor@marche.camcom.it\">alina.nistor@marche.camcom.it<\/a><\/p>\n<\/div>\n<p>[\/vc_wp_text][vc_wp_text]<\/p>\n<div class=\"austria box\">\n<p class=\"titulo-select\"><b>Chamber of Commerce of Austria (WKO, Austria)<\/b><\/p>\n<div class=\"boton\"><a href=\"https:\/\/wko.at\" target=\"_blank\" rel=\"noopener noreferrer\">https:\/\/wko.at<\/a><\/div>\n<p class=\"nombre\"><strong>Christoph Huter<\/strong><\/p>\n<p class=\"mail\"><img src=\"https:\/\/mobilise-sme.eu\/wp-content\/uploads\/2020\/11\/mail.png\" \/> <a href=\"mailto:christoph.huter@wko.at\">christoph.huter@wko.at<\/a><\/p>\n<p class=\"telefono\"><img src=\"https:\/\/mobilise-sme.eu\/wp-content\/uploads\/2020\/11\/phone.png\" \/> +43 590900-3220<\/p>\n<p class=\"nombre\"><strong>Thomas Reichenbach<\/strong><\/p>\n<p class=\"mail\"><img src=\"https:\/\/mobilise-sme.eu\/wp-content\/uploads\/2020\/11\/mail.png\" \/> <a href=\"mailto:thomas.reichenbach@wko.at\">thomas.reichenbach@wko.at<\/a><\/p>\n<p class=\"telefono\"><img src=\"https:\/\/mobilise-sme.eu\/wp-content\/uploads\/2020\/11\/phone.png\" \/> +43 590900-4077<\/p>\n<\/div>\n<div class=\"austria box\">\n<p class=\"titulo-select\"><b>Internationaler Fachkr\u00e4fteaustausch (IFA)<\/b><\/p>\n<div class=\"boton\"><a href=\"https:\/\/ifa.or.at\/\" target=\"_blank\" rel=\"noopener noreferrer\">https:\/\/ifa.or.at\/<\/a><\/div>\n<p class=\"nombre\"><strong>Chirstina Prohammer<\/strong><\/p>\n<p class=\"mail\"><img src=\"https:\/\/mobilise-sme.eu\/wp-content\/uploads\/2020\/11\/mail.png\" \/> <a href=\"mailto:prohammer@ifa.or.at\">prohammer@ifa.or.at<\/a><\/p>\n<p class=\"telefono\"><img src=\"https:\/\/mobilise-sme.eu\/wp-content\/uploads\/2020\/11\/phone.png\" \/> +43-1-3665544-13<\/p>\n<\/div>\n<p>[\/vc_wp_text][vc_wp_text]<\/p>\n<div class=\"greece box\">\n<p class=\"titulo-select\"><b>Association of Thessalian Enterprises and Industries (STHEV, Grecia)<\/b><\/p>\n<div class=\"boton\"><a href=\"www.sthev.gr\" target=\"_blank\" rel=\"noopener noreferrer\">www.sthev.gr<\/a><\/div>\n<p class=\"nombre\"><strong>Eleni Evagelopoulou<\/strong><\/p>\n<p class=\"mail\"><img src=\"https:\/\/mobilise-sme.eu\/wp-content\/uploads\/2020\/11\/mail.png\" \/> <a href=\"mailto:education@sthev.gr\">education@sthev.gr<\/a><\/p>\n<\/div>\n<p>[\/vc_wp_text][vc_wp_text]<\/p>\n<div class=\"france box\">\n<p class=\"titulo-select\"><b>Chamber of Commerce and Industry of Nouvelle-Aquitaine (CCI-NA, Francia)<\/b><\/p>\n<div class=\"boton\"><a href=\"www.nouvelle-aquitaine.cci.fr\" target=\"_blank\" rel=\"noopener noreferrer\">www.nouvelle-aquitaine.cci.fr<\/a><\/div>\n<p class=\"nombre\"><strong>Stephanie VINCENT<\/strong><\/p>\n<p class=\"mail\"><img src=\"https:\/\/mobilise-sme.eu\/wp-content\/uploads\/2020\/11\/mail.png\" \/> <a href=\"mailto:stephanie.vincent@nouvelle-aquitaine.cci.fr\">stephanie.vincent@nouvelle-aquitaine.cci.fr<\/a><\/p>\n<p class=\"telefono\"><img src=\"https:\/\/mobilise-sme.eu\/wp-content\/uploads\/2020\/11\/phone.png\" \/> +33556112813<\/p>\n<\/div>\n<p>[\/vc_wp_text][vc_wp_text]<\/p>\n<div class=\"montenegro box\">\n<p class=\"titulo-select\"><b>Chamber of Economy of Montenegro (CEM, Montenegro)<\/b><\/p>\n<div class=\"boton\"><a href=\"www.privrednakomora.me\" target=\"_blank\" rel=\"noopener noreferrer\">www.privrednakomora.me<\/a><\/div>\n<p class=\"mail\"><img src=\"https:\/\/mobilise-sme.eu\/wp-content\/uploads\/2020\/11\/mail.png\" \/> <a href=\"mailto:pkcg@pkcg.org\">pkcg@pkcg.org<\/a><\/p>\n<p class=\"telefono\"><img src=\"https:\/\/mobilise-sme.eu\/wp-content\/uploads\/2020\/11\/phone.png\" \/> +38 22 0230706<\/p>\n<\/div>\n<p>[\/vc_wp_text][\/vc_column][vc_column width=\u00bb2\/3&#8243; css=\u00bb.vc_custom_1639997400838{margin-right: 0px !important;margin-left: 0px !important;padding-right: 0px !important;padding-left: 0px !important;}\u00bb el_class=\u00bbmapa\u00bb][vc_wp_text]<\/p>\n<div class=\"map box\"><img loading=\"lazy\" src=\"https:\/\/mobilise-sme.eu\/wp-content\/uploads\/2020\/11\/map_2.png\" alt=\"\" width=\"100%\" height=\"auto\" \/><\/div>\n<p>[\/vc_wp_text][vc_wp_text]<\/p>\n<div class=\"belgium box\"><img loading=\"lazy\" src=\"https:\/\/mobilise-sme.eu\/wp-content\/uploads\/2020\/11\/CAMARABELUX.png\" alt=\"\" width=\"100%\" height=\"auto\" \/><\/div>\n<p>[\/vc_wp_text][vc_wp_text]<\/p>\n<div class=\"spain box\"><img loading=\"lazy\" src=\"https:\/\/mobilise-sme.eu\/wp-content\/uploads\/2020\/11\/FEH.png\" alt=\"\" width=\"100%\" height=\"auto\" \/><\/div>\n<p>[\/vc_wp_text][vc_wp_text]<\/p>\n<div class=\"ireland box\"><img loading=\"lazy\" src=\"https:\/\/mobilise-sme.eu\/wp-content\/uploads\/2020\/11\/DCC.png\" alt=\"\" width=\"100%\" height=\"auto\" \/><\/div>\n<p>[\/vc_wp_text][vc_wp_text]<\/p>\n<div class=\"serbia box\"><img loading=\"lazy\" src=\"https:\/\/mobilise-sme.eu\/wp-content\/uploads\/2020\/11\/BINS.png\" alt=\"\" width=\"100%\" height=\"auto\" \/><\/div>\n<p>[\/vc_wp_text][vc_wp_text]<\/p>\n<div class=\"croatia box\"><img loading=\"lazy\" src=\"https:\/\/mobilise-sme.eu\/wp-content\/uploads\/2021\/03\/TERA-1.jpg\" alt=\"\" width=\"100%\" height=\"auto\" \/><\/div>\n<p>[\/vc_wp_text][vc_wp_text]<\/p>\n<div class=\"italy box\"><img loading=\"lazy\" src=\"https:\/\/mobilise-sme.eu\/wp-content\/uploads\/2021\/03\/CCIS-TSOK-1.jpg\" alt=\"\" width=\"100%\" height=\"auto\" \/><\/div>\n<p>[\/vc_wp_text][vc_wp_text]<\/p>\n<div class=\"slovenia box\"><img loading=\"lazy\" src=\"https:\/\/mobilise-sme.eu\/wp-content\/uploads\/2020\/11\/BSC-2.png\" alt=\"\" width=\"100%\" height=\"auto\" \/><\/div>\n<p>[\/vc_wp_text][vc_wp_text]<\/p>\n<div class=\"italy2 box\"><img loading=\"lazy\" src=\"https:\/\/mobilise-sme.eu\/wp-content\/uploads\/2020\/11\/FORUM.png\" alt=\"\" width=\"100%\" height=\"auto\" \/><\/div>\n<p>[\/vc_wp_text][vc_wp_text]<\/p>\n<div class=\"austria box\"><img loading=\"lazy\" src=\"https:\/\/mobilise-sme.eu\/wp-content\/uploads\/2020\/11\/WKO.png\" alt=\"\" width=\"100%\" height=\"auto\" \/><\/div>\n<p>[\/vc_wp_text][vc_wp_text]<\/p>\n<div class=\"greece box\"><img loading=\"lazy\" src=\"https:\/\/mobilise-sme.eu\/wp-content\/uploads\/2020\/11\/STHEV.png\" alt=\"\" width=\"100%\" height=\"auto\" \/><\/div>\n<p>[\/vc_wp_text][vc_wp_text]<\/p>\n<div class=\"france box\"><img loading=\"lazy\" src=\"https:\/\/mobilise-sme.eu\/wp-content\/uploads\/2020\/11\/CCI-NA.png\" alt=\"\" width=\"100%\" height=\"auto\" \/><\/div>\n<p>[\/vc_wp_text][vc_wp_text]<\/p>\n<div class=\"montenegro box\"><img loading=\"lazy\" src=\"https:\/\/mobilise-sme.eu\/wp-content\/uploads\/2020\/11\/CEM.png\" alt=\"\" width=\"100%\" height=\"auto\" \/><\/div>\n<p>[\/vc_wp_text][\/vc_column][\/vc_row]<\/p>\n","protected":false},"excerpt":{"rendered":"<p>[vc_row el_class=\u00bbespaciado bloquelocal\u00bb][vc_column css=\u00bb.vc_custom_1602769966142{padding-top: 20px !important;}\u00bb][vc_column_text css=\u00bb.vc_custom_1602769996122{margin-bottom: 5px !important;}\u00bb] Puntos de Contacto Local [\/vc_column_text][vc_separator color=\u00bbcustom\u00bb border_width=\u00bb2&#8243; el_width=\u00bb20&#8243; accent_color=\u00bb#0d5387&#8243;][vc_column_text]Si est\u00e1s interesado en participar en el programa MobiliseSME, puedes dirigirte a cualquiera de las entidades que se indican a continuaci\u00f3n. Son entidades como C\u00e1maras de Comercio, Agencias de Innovaci\u00f3n, Fundaciones, Asociaci\u00f3n de C\u00e1maras de Comercio, Organizaciones Empresariales, Universidades e Incubadoras de Empresas, entre otras. Estas han sido designados oficialmente por el Programa EASI para ayudar a establecer contactos entre las PYME de la UE en el marco de MobiliseSME. Si tu pa\u00eds no tiene un Punto de Contacto Local, ponte en contacto [&hellip;]<\/p>\n","protected":false},"author":1,"featured_media":0,"parent":0,"menu_order":0,"comment_status":"closed","ping_status":"closed","template":"","meta":[],"yoast_head":"<!-- This site is optimized with the Yoast SEO plugin v15.4 - https:\/\/yoast.com\/wordpress\/plugins\/seo\/ -->\n<title>Puntos de Contacto Local - Mobilsesme<\/title>\n<meta name=\"robots\" content=\"index, follow, max-snippet:-1, max-image-preview:large, max-video-preview:-1\" \/>\n<link rel=\"canonical\" href=\"https:\/\/mobilise-sme.eu\/es\/puntos-de-contacto-local\/\" \/>\n<meta property=\"og:locale\" content=\"es_ES\" \/>\n<meta property=\"og:type\" content=\"article\" \/>\n<meta property=\"og:title\" content=\"Puntos de Contacto Local - Mobilsesme\" \/>\n<meta property=\"og:description\" content=\"[vc_row el_class=\u00bbespaciado bloquelocal\u00bb][vc_column css=\u00bb.vc_custom_1602769966142{padding-top: 20px !important;}\u00bb][vc_column_text css=\u00bb.vc_custom_1602769996122{margin-bottom: 5px !important;}\u00bb] Puntos de Contacto Local [\/vc_column_text][vc_separator color=\u00bbcustom\u00bb border_width=\u00bb2&#8243; el_width=\u00bb20&#8243; accent_color=\u00bb#0d5387&#8243;][vc_column_text]Si est\u00e1s interesado en participar en el programa MobiliseSME, puedes dirigirte a cualquiera de las entidades que se indican a continuaci\u00f3n. Son entidades como C\u00e1maras de Comercio, Agencias de Innovaci\u00f3n, Fundaciones, Asociaci\u00f3n de C\u00e1maras de Comercio, Organizaciones Empresariales, Universidades e Incubadoras de Empresas, entre otras. Estas han sido designados oficialmente por el Programa EASI para ayudar a establecer contactos entre las PYME de la UE en el marco de MobiliseSME. Si tu pa\u00eds no tiene un Punto de Contacto Local, ponte en contacto [&hellip;]\" \/>\n<meta property=\"og:url\" content=\"https:\/\/mobilise-sme.eu\/es\/puntos-de-contacto-local\/\" \/>\n<meta property=\"og:site_name\" content=\"Mobilsesme\" \/>\n<meta property=\"article:modified_time\" content=\"2022-09-29T10:10:45+00:00\" \/>\n<meta property=\"og:image\" content=\"https:\/\/mobilise-sme.eu\/wp-content\/uploads\/2020\/11\/mail.png\" \/>\n<meta name=\"twitter:card\" content=\"summary_large_image\" \/>\n<meta name=\"twitter:label1\" content=\"Escrito por\">\n\t<meta name=\"twitter:data1\" content=\"sumaysube\">\n\t<meta name=\"twitter:label2\" content=\"Tiempo de lectura\">\n\t<meta name=\"twitter:data2\" content=\"4 minutos\">\n<script type=\"application\/ld+json\" class=\"yoast-schema-graph\">{\"@context\":\"https:\/\/schema.org\",\"@graph\":[{\"@type\":\"WebSite\",\"@id\":\"https:\/\/mobilise-sme.eu\/#website\",\"url\":\"https:\/\/mobilise-sme.eu\/\",\"name\":\"Mobilsesme\",\"description\":\"Otro sitio realizado con WordPress\",\"potentialAction\":[{\"@type\":\"SearchAction\",\"target\":\"https:\/\/mobilise-sme.eu\/?s={search_term_string}\",\"query-input\":\"required name=search_term_string\"}],\"inLanguage\":\"es\"},{\"@type\":\"ImageObject\",\"@id\":\"https:\/\/mobilise-sme.eu\/es\/puntos-de-contacto-local\/#primaryimage\",\"inLanguage\":\"es\",\"url\":\"https:\/\/mobilise-sme.eu\/wp-content\/uploads\/2020\/11\/mail.png\",\"width\":15,\"height\":10},{\"@type\":\"WebPage\",\"@id\":\"https:\/\/mobilise-sme.eu\/es\/puntos-de-contacto-local\/#webpage\",\"url\":\"https:\/\/mobilise-sme.eu\/es\/puntos-de-contacto-local\/\",\"name\":\"Puntos de Contacto Local - Mobilsesme\",\"isPartOf\":{\"@id\":\"https:\/\/mobilise-sme.eu\/#website\"},\"primaryImageOfPage\":{\"@id\":\"https:\/\/mobilise-sme.eu\/es\/puntos-de-contacto-local\/#primaryimage\"},\"datePublished\":\"2021-03-23T12:26:05+00:00\",\"dateModified\":\"2022-09-29T10:10:45+00:00\",\"inLanguage\":\"es\",\"potentialAction\":[{\"@type\":\"ReadAction\",\"target\":[\"https:\/\/mobilise-sme.eu\/es\/puntos-de-contacto-local\/\"]}]}]}<\/script>\n<!-- \/ Yoast SEO plugin. -->","_links":{"self":[{"href":"https:\/\/mobilise-sme.eu\/es\/wp-json\/wp\/v2\/pages\/2475\/"}],"collection":[{"href":"https:\/\/mobilise-sme.eu\/es\/wp-json\/wp\/v2\/pages\/"}],"about":[{"href":"https:\/\/mobilise-sme.eu\/es\/wp-json\/wp\/v2\/types\/page\/"}],"author":[{"embeddable":true,"href":"https:\/\/mobilise-sme.eu\/es\/wp-json\/wp\/v2\/users\/1\/"}],"replies":[{"embeddable":true,"href":"https:\/\/mobilise-sme.eu\/es\/wp-json\/wp\/v2\/comments\/?post=2475"}],"version-history":[{"count":16,"href":"https:\/\/mobilise-sme.eu\/es\/wp-json\/wp\/v2\/pages\/2475\/revisions\/"}],"predecessor-version":[{"id":4452,"href":"https:\/\/mobilise-sme.eu\/es\/wp-json\/wp\/v2\/pages\/2475\/revisions\/4452\/"}],"wp:attachment":[{"href":"https:\/\/mobilise-sme.eu\/es\/wp-json\/wp\/v2\/media\/?parent=2475"}],"curies":[{"name":"wp","href":"https:\/\/api.w.org\/{rel}","templated":true}]}}