{"id":2481,"date":"2021-03-23T12:41:13","date_gmt":"2021-03-23T12:41:13","guid":{"rendered":"https:\/\/mobilise-sme.eu\/plataforma-de-matchmaking\/"},"modified":"2022-03-16T10:04:28","modified_gmt":"2022-03-16T09:04:28","slug":"plataforma-de-matchmaking","status":"publish","type":"page","link":"https:\/\/mobilise-sme.eu\/es\/plataforma-de-matchmaking\/","title":{"rendered":"Plataforma de Matchmaking"},"content":{"rendered":"<p>[vc_row el_class=\u00bbespaciado\u00bb][vc_column css=\u00bb.vc_custom_1602770862010{padding-top: 20px !important;}\u00bb][vc_column_text css=\u00bb.vc_custom_1602770908628{margin-bottom: 5px !important;}\u00bb]<\/p>\n<p class=\"titulo-blue\" style=\"text-align: center;\">Plataforma de Matchmaking<\/p>\n<p>[\/vc_column_text][vc_separator color=\u00bbcustom\u00bb border_width=\u00bb2&#8243; el_width=\u00bb20&#8243; accent_color=\u00bb#0d5387&#8243;][vc_row_inner][vc_column_inner width=\u00bb1\/2&#8243;][vc_column_text]Bienvenido a la Plataforma de <em>Matchmaking de<\/em> MobiliseSME.<\/p>\n<p>Si eres un nuevo usuario y deseas registrar una nueva PYME o empresa, haz click en <em><strong>Iniciar solicitud<\/strong><\/em>. Si ya est\u00e1s registrado, haz click en <strong><em>Iniciar sesi\u00f3n<\/em><\/strong>.<\/p>\n<p>[\/vc_column_text][vc_column_text el_class=\u00bbbloque-botones\u00bb]<\/p>\n<p style=\"text-align: center;\">\u00bfA\u00fan no eres miembro?<\/p>\n<p class=\"blue-button\" style=\"text-align: center;\"><a href=\"#\">Iniciar solicitud<\/a><\/p>\n<p style=\"text-align: center;\">\u00bfYa eres miembro?<\/p>\n<p class=\"blue-button\" style=\"text-align: center;\"><a href=\"https:\/\/mobilise-sme.eu\/wp-content\/uploads\/2021\/06\/Registration-form_MobiliseSME.pdf\"><b>Iniciar sesi\u00f3n<\/b><\/a><\/p>\n<p>[\/vc_column_text][\/vc_column_inner][vc_column_inner width=\u00bb1\/2&#8243;][vc_column_text]Haz click en la <em><strong>Gu\u00eda de Registro de MobiliseSME<\/strong><\/em> para obtener una gu\u00eda paso a paso sobre c\u00f3mo registrarte en la plataforma. Tambi\u00e9n puedes hacer click en la <em><strong>Gu\u00eda de MobiliseSME<\/strong><\/em> para conocer m\u00e1s detalles sobre c\u00f3mo participar en el programa.<\/p>\n<p>[\/vc_column_text][vc_column_text el_class=\u00bbbloque-botones\u00bb css=\u00bb.vc_custom_1647421009288{margin-top: 50px !important;padding-top: 52px !important;padding-bottom: 52px !important;}\u00bb]<\/p>\n<p class=\"yellow-button\" style=\"text-align: center;\"><a href=\"#\"><img src=\"https:\/\/mobilise-sme.eu\/wp-content\/uploads\/2020\/11\/Rectangle-42.png\" \/> Gu\u00eda de Registro de MobiliseSME<\/a><\/p>\n<p class=\"yellow-button\" style=\"text-align: center;\"><a href=\"https:\/\/mobilise-sme.eu\/wp-content\/uploads\/2022\/03\/ES_leaflet_mobilisesme_SC.pdf\" target=\"_blank\" rel=\"noopener noreferrer\"><img src=\"https:\/\/mobilise-sme.eu\/wp-content\/uploads\/2020\/11\/Rectangle-42.png\" \/> Gu\u00eda de MobiliseSME<\/a><\/p>\n<p>[\/vc_column_text][\/vc_column_inner][\/vc_row_inner][\/vc_column][\/vc_row]<\/p>\n","protected":false},"excerpt":{"rendered":"<p>[vc_row el_class=\u00bbespaciado\u00bb][vc_column css=\u00bb.vc_custom_1602770862010{padding-top: 20px !important;}\u00bb][vc_column_text css=\u00bb.vc_custom_1602770908628{margin-bottom: 5px !important;}\u00bb] Plataforma de Matchmaking [\/vc_column_text][vc_separator color=\u00bbcustom\u00bb border_width=\u00bb2&#8243; el_width=\u00bb20&#8243; accent_color=\u00bb#0d5387&#8243;][vc_row_inner][vc_column_inner width=\u00bb1\/2&#8243;][vc_column_text]Bienvenido a la Plataforma de Matchmaking de MobiliseSME. Si eres un nuevo usuario y deseas registrar una nueva PYME o empresa, haz click en Iniciar solicitud. Si ya est\u00e1s registrado, haz click en Iniciar sesi\u00f3n. [\/vc_column_text][vc_column_text el_class=\u00bbbloque-botones\u00bb] \u00bfA\u00fan no eres miembro? Iniciar solicitud \u00bfYa eres miembro? Iniciar sesi\u00f3n [\/vc_column_text][\/vc_column_inner][vc_column_inner width=\u00bb1\/2&#8243;][vc_column_text]Haz click en la Gu\u00eda de Registro de MobiliseSME para obtener una gu\u00eda paso a paso sobre c\u00f3mo registrarte en la plataforma. Tambi\u00e9n puedes hacer click en la Gu\u00eda de MobiliseSME para conocer m\u00e1s detalles [&hellip;]<\/p>\n","protected":false},"author":1,"featured_media":0,"parent":0,"menu_order":0,"comment_status":"closed","ping_status":"closed","template":"","meta":[],"yoast_head":"<!-- This site is optimized with the Yoast SEO plugin v15.4 - https:\/\/yoast.com\/wordpress\/plugins\/seo\/ -->\n<title>Plataforma de Matchmaking - Mobilsesme<\/title>\n<meta name=\"robots\" content=\"index, follow, max-snippet:-1, max-image-preview:large, max-video-preview:-1\" \/>\n<link rel=\"canonical\" href=\"https:\/\/mobilise-sme.eu\/es\/plataforma-de-matchmaking\/\" \/>\n<meta property=\"og:locale\" content=\"es_ES\" \/>\n<meta property=\"og:type\" content=\"article\" \/>\n<meta property=\"og:title\" content=\"Plataforma de Matchmaking - Mobilsesme\" \/>\n<meta property=\"og:description\" content=\"[vc_row el_class=\u00bbespaciado\u00bb][vc_column css=\u00bb.vc_custom_1602770862010{padding-top: 20px !important;}\u00bb][vc_column_text css=\u00bb.vc_custom_1602770908628{margin-bottom: 5px !important;}\u00bb] Plataforma de Matchmaking [\/vc_column_text][vc_separator color=\u00bbcustom\u00bb border_width=\u00bb2&#8243; el_width=\u00bb20&#8243; accent_color=\u00bb#0d5387&#8243;][vc_row_inner][vc_column_inner width=\u00bb1\/2&#8243;][vc_column_text]Bienvenido a la Plataforma de Matchmaking de MobiliseSME. Si eres un nuevo usuario y deseas registrar una nueva PYME o empresa, haz click en Iniciar solicitud. Si ya est\u00e1s registrado, haz click en Iniciar sesi\u00f3n. [\/vc_column_text][vc_column_text el_class=\u00bbbloque-botones\u00bb] \u00bfA\u00fan no eres miembro? Iniciar solicitud \u00bfYa eres miembro? Iniciar sesi\u00f3n [\/vc_column_text][\/vc_column_inner][vc_column_inner width=\u00bb1\/2&#8243;][vc_column_text]Haz click en la Gu\u00eda de Registro de MobiliseSME para obtener una gu\u00eda paso a paso sobre c\u00f3mo registrarte en la plataforma. Tambi\u00e9n puedes hacer click en la Gu\u00eda de MobiliseSME para conocer m\u00e1s detalles [&hellip;]\" \/>\n<meta property=\"og:url\" content=\"https:\/\/mobilise-sme.eu\/es\/plataforma-de-matchmaking\/\" \/>\n<meta property=\"og:site_name\" content=\"Mobilsesme\" \/>\n<meta property=\"article:modified_time\" content=\"2022-03-16T09:04:28+00:00\" \/>\n<meta property=\"og:image\" content=\"https:\/\/mobilise-sme.eu\/wp-content\/uploads\/2020\/11\/Rectangle-42.png\" \/>\n<meta name=\"twitter:card\" content=\"summary_large_image\" \/>\n<meta name=\"twitter:label1\" content=\"Escrito por\">\n\t<meta name=\"twitter:data1\" content=\"sumaysube\">\n\t<meta name=\"twitter:label2\" content=\"Tiempo de lectura\">\n\t<meta name=\"twitter:data2\" content=\"1 minuto\">\n<script type=\"application\/ld+json\" class=\"yoast-schema-graph\">{\"@context\":\"https:\/\/schema.org\",\"@graph\":[{\"@type\":\"WebSite\",\"@id\":\"https:\/\/mobilise-sme.eu\/#website\",\"url\":\"https:\/\/mobilise-sme.eu\/\",\"name\":\"Mobilsesme\",\"description\":\"Otro sitio realizado con WordPress\",\"potentialAction\":[{\"@type\":\"SearchAction\",\"target\":\"https:\/\/mobilise-sme.eu\/?s={search_term_string}\",\"query-input\":\"required name=search_term_string\"}],\"inLanguage\":\"es\"},{\"@type\":\"ImageObject\",\"@id\":\"https:\/\/mobilise-sme.eu\/es\/plataforma-de-matchmaking\/#primaryimage\",\"inLanguage\":\"es\",\"url\":\"https:\/\/mobilise-sme.eu\/wp-content\/uploads\/2020\/11\/Rectangle-42.png\",\"width\":22,\"height\":23},{\"@type\":\"WebPage\",\"@id\":\"https:\/\/mobilise-sme.eu\/es\/plataforma-de-matchmaking\/#webpage\",\"url\":\"https:\/\/mobilise-sme.eu\/es\/plataforma-de-matchmaking\/\",\"name\":\"Plataforma de Matchmaking - Mobilsesme\",\"isPartOf\":{\"@id\":\"https:\/\/mobilise-sme.eu\/#website\"},\"primaryImageOfPage\":{\"@id\":\"https:\/\/mobilise-sme.eu\/es\/plataforma-de-matchmaking\/#primaryimage\"},\"datePublished\":\"2021-03-23T12:41:13+00:00\",\"dateModified\":\"2022-03-16T09:04:28+00:00\",\"inLanguage\":\"es\",\"potentialAction\":[{\"@type\":\"ReadAction\",\"target\":[\"https:\/\/mobilise-sme.eu\/es\/plataforma-de-matchmaking\/\"]}]}]}<\/script>\n<!-- \/ Yoast SEO plugin. -->","_links":{"self":[{"href":"https:\/\/mobilise-sme.eu\/es\/wp-json\/wp\/v2\/pages\/2481\/"}],"collection":[{"href":"https:\/\/mobilise-sme.eu\/es\/wp-json\/wp\/v2\/pages\/"}],"about":[{"href":"https:\/\/mobilise-sme.eu\/es\/wp-json\/wp\/v2\/types\/page\/"}],"author":[{"embeddable":true,"href":"https:\/\/mobilise-sme.eu\/es\/wp-json\/wp\/v2\/users\/1\/"}],"replies":[{"embeddable":true,"href":"https:\/\/mobilise-sme.eu\/es\/wp-json\/wp\/v2\/comments\/?post=2481"}],"version-history":[{"count":6,"href":"https:\/\/mobilise-sme.eu\/es\/wp-json\/wp\/v2\/pages\/2481\/revisions\/"}],"predecessor-version":[{"id":3887,"href":"https:\/\/mobilise-sme.eu\/es\/wp-json\/wp\/v2\/pages\/2481\/revisions\/3887\/"}],"wp:attachment":[{"href":"https:\/\/mobilise-sme.eu\/es\/wp-json\/wp\/v2\/media\/?parent=2481"}],"curies":[{"name":"wp","href":"https:\/\/api.w.org\/{rel}","templated":true}]}}