{"id":2506,"date":"2021-03-25T09:40:03","date_gmt":"2021-03-25T09:40:03","guid":{"rendered":"https:\/\/mobilise-sme.eu\/como-participar\/"},"modified":"2022-03-17T17:40:09","modified_gmt":"2022-03-17T16:40:09","slug":"como-participar","status":"publish","type":"page","link":"https:\/\/mobilise-sme.eu\/es\/como-participar\/","title":{"rendered":"C\u00f3mo participar"},"content":{"rendered":"<p>[vc_row el_class=\u00bbespaciado\u00bb][vc_column css=\u00bb.vc_custom_1602768873572{padding-top: 20px !important;}\u00bb][vc_column_text css=\u00bb.vc_custom_1602768906017{margin-bottom: 5px !important;}\u00bb]<\/p>\n<p class=\"titulo-blue\" style=\"text-align: center;\">\u00bfC\u00f3mo participar?<\/p>\n<p>[\/vc_column_text][vc_separator color=\u00bbcustom\u00bb border_width=\u00bb2&#8243; el_width=\u00bb20&#8243; accent_color=\u00bb#0d5387&#8243;][vc_column_text]<\/p>\n<p class=\"numero\">1<\/p>\n<p class=\"texto-numero\"><strong>Contacta con tu Punto de Contacto Local <\/strong><\/p>\n<p class=\"texto-numero\">Los Puntos de Contacto Local (Organizaciones Intermediarias) han sido designados oficialmente por el Programa EASI para ayudar a establecer contactos entre las PYME de la UE en el marco del programa MobiliseSME.<\/p>\n<p class=\"texto-numero\">Se trata de entidades como C\u00e1maras de Comercio, Agencias de Innovaci\u00f3n, Fundaciones, Asociaciones de C\u00e1maras de Comercio, Organizaciones Empresariales, Universidades e Incubadoras de Empresas, entre otras.<\/p>\n<p class=\"texto-numero\">Su principal cometido es facilitar el \u00e9xito de las comisiones de servicio entre las empresas de acogida y las de env\u00edo y ofrecer servicios de emparejamiento. Puede ponerse en contacto con cualquiera de ellos en su pa\u00eds visitando la secci\u00f3n de puntos de informaci\u00f3n local de la web.<\/p>\n<p class=\"texto-numero\">Otras herramientas que pueden ayudarle a conocer el programa son la <a href=\"https:\/\/mobilise-sme.eu\/es\/plataforma-de-matchmaking\/\" target=\"_blank\" rel=\"noopener noreferrer\"><b>Gu\u00eda MobiliseSME<\/b><\/a> o la <a href=\"https:\/\/mobilise-sme.eu\/es\/plataforma-de-matchmaking\/\" target=\"_blank\" rel=\"noopener noreferrer\"><b>Gu\u00eda de Registro<\/b><\/a>.<\/p>\n<p>[\/vc_column_text][vc_column_text]<\/p>\n<p class=\"numero\">2<\/p>\n<p class=\"texto-numero\"><strong>Reg\u00edstrate en la Plataforma de Matchmaking y encuentra un socio comercial<\/strong><\/p>\n<p class=\"texto-numero\">Cualquier persona perteneciente a una PYME puede ponerse en contacto con una Organizaci\u00f3n Asociada para participar en el programa MobiliseSME y registrar la PYME en su nombre.<\/p>\n<p class=\"texto-numero\">Las PYME deben presentar sus solicitudes a trav\u00e9s de una herramienta de registro en l\u00ednea en la Plataforma de Matchmaking. Como parte del registro, las PYME tienen que elegir uno de los Puntos de Contacto Local designados oficialmente para encargarse de esta tarea.<\/p>\n<p class=\"texto-numero\">Una vez registradas, se les asignar\u00e1 un Punto de Contacto Local que les ayudar\u00e1 durante el proceso.<\/p>\n<p class=\"texto-numero\">La Plataforma de Matchmaking tambi\u00e9n te ayudar\u00e1 a encontrar compa\u00f1eros de negocios en cualquiera de los pa\u00edses de la UE. El programa permite utilizarlo para impulsar las colaboraciones empresariales que ya est\u00e1n en marcha.<\/p>\n<p>[\/vc_column_text][vc_column_text]<\/p>\n<p class=\"numero\">3<\/p>\n<p class=\"texto-numero\"><strong>Trabaja en el documento MobiliseSME Learning<\/strong><\/p>\n<p class=\"texto-numero\">El documento MobiliseSME Learning o plan de actividades es el principal documento de trabajo y de uni\u00f3n para todas las partes implicadas, donde se describir\u00e1n los objetivos de todas las partes, la descripci\u00f3n del proyecto de aprendizaje, la planificaci\u00f3n de las actividades y los resultados esperados.<\/p>\n<p class=\"texto-numero\">Existe una gu\u00eda clara de c\u00f3mo desarrollar esta parte dise\u00f1ada por el programa MobiliseSME.<\/p>\n<p class=\"texto-numero\">Existen otros documentos de trabajo. Ponte en contacto con tu Punto de Contacto Local para obtener m\u00e1s detalles.<\/p>\n<p>[\/vc_column_text][vc_column_text]<\/p>\n<p class=\"numero\">4<\/p>\n<p class=\"texto-numero\"><strong>\u00a1Listo para partir!<\/strong><\/p>\n<p class=\"texto-numero\">Antes de partir, el programa MobiliseSME te proporcionar\u00e1 toda la informaci\u00f3n pr\u00e1ctica necesaria para el intercambio. Esto incluye cualquier cuesti\u00f3n relacionada con la UE y temas empresariales e informaci\u00f3n pr\u00e1ctica sobre la estancia en el extranjero.<\/p>\n<p class=\"texto-numero\">Para conocer las posibles implicaciones legales (administrativas, de seguridad social, sanitarias, laborales y fiscales) ponte en contacto con tu Punto de Contacto Local.<\/p>\n<p class=\"texto-numero\">Al final del intercambio, se requiere un peque\u00f1o cuestionario de satisfacci\u00f3n.<\/p>\n<p>[\/vc_column_text][\/vc_column][\/vc_row]<\/p>\n","protected":false},"excerpt":{"rendered":"<p>[vc_row el_class=\u00bbespaciado\u00bb][vc_column css=\u00bb.vc_custom_1602768873572{padding-top: 20px !important;}\u00bb][vc_column_text css=\u00bb.vc_custom_1602768906017{margin-bottom: 5px !important;}\u00bb] \u00bfC\u00f3mo participar? [\/vc_column_text][vc_separator color=\u00bbcustom\u00bb border_width=\u00bb2&#8243; el_width=\u00bb20&#8243; accent_color=\u00bb#0d5387&#8243;][vc_column_text] 1 Contacta con tu Punto de Contacto Local Los Puntos de Contacto Local (Organizaciones Intermediarias) han sido designados oficialmente por el Programa EASI para ayudar a establecer contactos entre las PYME de la UE en el marco del programa MobiliseSME. Se trata de entidades como C\u00e1maras de Comercio, Agencias de Innovaci\u00f3n, Fundaciones, Asociaciones de C\u00e1maras de Comercio, Organizaciones Empresariales, Universidades e Incubadoras de Empresas, entre otras. Su principal cometido es facilitar el \u00e9xito de las comisiones de servicio entre las empresas de acogida y las [&hellip;]<\/p>\n","protected":false},"author":1,"featured_media":0,"parent":0,"menu_order":0,"comment_status":"closed","ping_status":"closed","template":"","meta":[],"yoast_head":"<!-- This site is optimized with the Yoast SEO plugin v15.4 - https:\/\/yoast.com\/wordpress\/plugins\/seo\/ -->\n<title>C\u00f3mo participar - Mobilsesme<\/title>\n<meta name=\"robots\" content=\"index, follow, max-snippet:-1, max-image-preview:large, max-video-preview:-1\" \/>\n<link rel=\"canonical\" href=\"https:\/\/mobilise-sme.eu\/es\/como-participar\/\" \/>\n<meta property=\"og:locale\" content=\"es_ES\" \/>\n<meta property=\"og:type\" content=\"article\" \/>\n<meta property=\"og:title\" content=\"C\u00f3mo participar - Mobilsesme\" \/>\n<meta property=\"og:description\" content=\"[vc_row el_class=\u00bbespaciado\u00bb][vc_column css=\u00bb.vc_custom_1602768873572{padding-top: 20px !important;}\u00bb][vc_column_text css=\u00bb.vc_custom_1602768906017{margin-bottom: 5px !important;}\u00bb] \u00bfC\u00f3mo participar? [\/vc_column_text][vc_separator color=\u00bbcustom\u00bb border_width=\u00bb2&#8243; el_width=\u00bb20&#8243; accent_color=\u00bb#0d5387&#8243;][vc_column_text] 1 Contacta con tu Punto de Contacto Local Los Puntos de Contacto Local (Organizaciones Intermediarias) han sido designados oficialmente por el Programa EASI para ayudar a establecer contactos entre las PYME de la UE en el marco del programa MobiliseSME. Se trata de entidades como C\u00e1maras de Comercio, Agencias de Innovaci\u00f3n, Fundaciones, Asociaciones de C\u00e1maras de Comercio, Organizaciones Empresariales, Universidades e Incubadoras de Empresas, entre otras. Su principal cometido es facilitar el \u00e9xito de las comisiones de servicio entre las empresas de acogida y las [&hellip;]\" \/>\n<meta property=\"og:url\" content=\"https:\/\/mobilise-sme.eu\/es\/como-participar\/\" \/>\n<meta property=\"og:site_name\" content=\"Mobilsesme\" \/>\n<meta property=\"article:modified_time\" content=\"2022-03-17T16:40:09+00:00\" \/>\n<meta name=\"twitter:card\" content=\"summary_large_image\" \/>\n<meta name=\"twitter:label1\" content=\"Escrito por\">\n\t<meta name=\"twitter:data1\" content=\"sumaysube\">\n\t<meta name=\"twitter:label2\" content=\"Tiempo de lectura\">\n\t<meta name=\"twitter:data2\" content=\"2 minutos\">\n<script type=\"application\/ld+json\" class=\"yoast-schema-graph\">{\"@context\":\"https:\/\/schema.org\",\"@graph\":[{\"@type\":\"WebSite\",\"@id\":\"https:\/\/mobilise-sme.eu\/#website\",\"url\":\"https:\/\/mobilise-sme.eu\/\",\"name\":\"Mobilsesme\",\"description\":\"Otro sitio realizado con WordPress\",\"potentialAction\":[{\"@type\":\"SearchAction\",\"target\":\"https:\/\/mobilise-sme.eu\/?s={search_term_string}\",\"query-input\":\"required name=search_term_string\"}],\"inLanguage\":\"es\"},{\"@type\":\"WebPage\",\"@id\":\"https:\/\/mobilise-sme.eu\/es\/como-participar\/#webpage\",\"url\":\"https:\/\/mobilise-sme.eu\/es\/como-participar\/\",\"name\":\"C\\u00f3mo participar - Mobilsesme\",\"isPartOf\":{\"@id\":\"https:\/\/mobilise-sme.eu\/#website\"},\"datePublished\":\"2021-03-25T09:40:03+00:00\",\"dateModified\":\"2022-03-17T16:40:09+00:00\",\"inLanguage\":\"es\",\"potentialAction\":[{\"@type\":\"ReadAction\",\"target\":[\"https:\/\/mobilise-sme.eu\/es\/como-participar\/\"]}]}]}<\/script>\n<!-- \/ Yoast SEO plugin. -->","_links":{"self":[{"href":"https:\/\/mobilise-sme.eu\/es\/wp-json\/wp\/v2\/pages\/2506\/"}],"collection":[{"href":"https:\/\/mobilise-sme.eu\/es\/wp-json\/wp\/v2\/pages\/"}],"about":[{"href":"https:\/\/mobilise-sme.eu\/es\/wp-json\/wp\/v2\/types\/page\/"}],"author":[{"embeddable":true,"href":"https:\/\/mobilise-sme.eu\/es\/wp-json\/wp\/v2\/users\/1\/"}],"replies":[{"embeddable":true,"href":"https:\/\/mobilise-sme.eu\/es\/wp-json\/wp\/v2\/comments\/?post=2506"}],"version-history":[{"count":11,"href":"https:\/\/mobilise-sme.eu\/es\/wp-json\/wp\/v2\/pages\/2506\/revisions\/"}],"predecessor-version":[{"id":3962,"href":"https:\/\/mobilise-sme.eu\/es\/wp-json\/wp\/v2\/pages\/2506\/revisions\/3962\/"}],"wp:attachment":[{"href":"https:\/\/mobilise-sme.eu\/es\/wp-json\/wp\/v2\/media\/?parent=2506"}],"curies":[{"name":"wp","href":"https:\/\/api.w.org\/{rel}","templated":true}]}}