{"id":2520,"date":"2021-03-25T09:49:18","date_gmt":"2021-03-25T09:49:18","guid":{"rendered":"https:\/\/mobilise-sme.eu\/quien-puede-participar\/"},"modified":"2022-03-16T09:52:35","modified_gmt":"2022-03-16T08:52:35","slug":"quien-puede-participar","status":"publish","type":"page","link":"https:\/\/mobilise-sme.eu\/es\/quien-puede-participar\/","title":{"rendered":"Qui\u00e9n puede participar"},"content":{"rendered":"<p>[vc_row el_class=\u00bbespaciado\u00bb][vc_column css=\u00bb.vc_custom_1602686899070{padding-top: 20px !important;}\u00bb][vc_column_text css=\u00bb.vc_custom_1602686966717{margin-bottom: 5px !important;}\u00bb]<\/p>\n<p class=\"titulo-yellow\" style=\"text-align: center;\">\u00bfQui\u00e9n puede participar?<\/p>\n<p>[\/vc_column_text][vc_separator color=\u00bbcustom\u00bb border_width=\u00bb2&#8243; el_width=\u00bb20&#8243; accent_color=\u00bb#efca34&#8243;][vc_row_inner][vc_column_inner width=\u00bb1\/2&#8243;][vc_column_text]<\/p>\n<p style=\"text-align: center;\"><strong>Solicitantes (PYME)<\/strong><\/p>\n<p>Las solicitantes son <strong>Peque\u00f1as y medianas empresas (PYME)<\/strong>. Pueden presentar su candidatura al programa registr\u00e1ndose en la Plataforma de Matchmaking o poni\u00e9ndose en contacto con cualquiera de los Puntos de Contacto Local que representan al programa en sus territorios.<\/p>\n<p>Todas las PYME participantes deben cumplir los criterios geogr\u00e1ficos. El programa tendr\u00e1 en cuenta a los solicitantes debidamente establecidos y registrados en los siguientes pa\u00edses:<\/p>\n<ul>\n<li>Estados miembros de la UE.<\/li>\n<li>Islandia y Noruega, de conformidad con el Acuerdo sobre el EEE.<\/li>\n<li>Albania, Rep\u00fablica de Macedonia del Norte, Montenegro, Serbia y Turqu\u00eda.<\/li>\n<\/ul>\n<p><strong>Las empresas unipersonales<\/strong> pueden participar si est\u00e1n constituidas en una entidad legal y tienen un n\u00famero de IVA. Tambi\u00e9n se consideran elegibles otros perfiles como <strong>aut\u00f3nomos, trabajadores freelance, contratistas independientes<\/strong> y un conjunto de <strong>profesiones liberales<\/strong> como abogados, notarios, contables fiscales, auditores financieros certificados, m\u00e9dicos, farmac\u00e9uticos, psic\u00f3logos, arquitectos, ingenieros.<\/p>\n<p>Quedan excluidas otras formas de trabajo por cuenta propia. No obstante, se recomienda consultar a los Puntos de Informaci\u00f3n Locales, ya que podr\u00eda aplicarse un criterio de caso por caso.<\/p>\n<p><strong>Las empresas m\u00e1s grandes<\/strong> pueden participar, pero s\u00f3lo como empresas de acogida (que reciben a los empleados desplazados pero no los env\u00edan).<\/p>\n<p>Es obligatorio registrarse en la plataforma de Matchmaking para participar en el programa. Cualquier persona de una PYME elegible puede ponerse en contacto con un Punto de Contacto Local para participar en el programa MobiliseSME y registrar la PYME en su nombre.<\/p>\n<p>[\/vc_column_text][\/vc_column_inner][vc_column_inner width=\u00bb1\/2&#8243;][vc_column_text]<\/p>\n<p style=\"text-align: center;\"><strong>Participantes (empleados, directivos y copropietarios)<\/strong><\/p>\n<p>Los participantes son el personal perteneciente a los solicitantes (PYME). Ellos participan en el programa MobiliseSME. El t\u00e9rmino participante abarca al personal\/empleados, a los directivos y a los propietarios o copropietarios de las PYME. Concretamente:<\/p>\n<ul>\n<li>En el marco de MobiliseSME, la definici\u00f3n de empleado es una persona que trabaja a tiempo completo con un contrato de trabajo.<\/li>\n<li>En el marco de MobiliseSME, la definici\u00f3n de gerente es una persona que trabaja a tiempo completo. Adem\u00e1s, debe tener una responsabilidad especial dentro de las actividades diarias.<\/li>\n<li>En el marco de MobiliseSME, se entiende por propietario o copropietario cualquier persona que haya fundado la PYME o que forme parte del consejo de administraci\u00f3n.<\/li>\n<\/ul>\n<p>Para m\u00e1s detalles o dudas sobre los requisitos de cualquiera de los participantes, ponte en contacto con tu Punto de Contacto Local m\u00e1s cercano.<\/p>\n<p>[\/vc_column_text][\/vc_column_inner][\/vc_row_inner][vc_row_inner][vc_column_inner width=\u00bb1\/3&#8243;][vc_column_text]<\/p>\n<p class=\"homebutton\" style=\"text-align: center;\"><a href=\"https:\/\/mobilise-sme.eu\/wp-content\/uploads\/2022\/03\/ES_leaflet_mobilisesme_GENERAL.pdf\" target=\"_blank\" rel=\"noopener noreferrer\"><img src=\"https:\/\/mobilise-sme.eu\/wp-content\/uploads\/2020\/11\/Rectangle-42.png\" \/> Folleto general<\/a><\/p>\n<p>[\/vc_column_text][\/vc_column_inner][vc_column_inner width=\u00bb1\/3&#8243;][vc_column_text]<\/p>\n<p class=\"homebutton\" style=\"text-align: center;\"><a href=\"https:\/\/mobilise-sme.eu\/wp-content\/uploads\/2022\/03\/ES_leaflet_mobilisesme_HC.pdf\" target=\"_blank\" rel=\"noopener noreferrer\"><img src=\"https:\/\/mobilise-sme.eu\/wp-content\/uploads\/2020\/11\/Rectangle-42.png\" \/> Folleto de la Empresa de Acogida<\/a><\/p>\n<p>[\/vc_column_text][\/vc_column_inner][vc_column_inner width=\u00bb1\/3&#8243;][vc_column_text]<\/p>\n<p class=\"homebutton\" style=\"text-align: center;\"><a href=\"https:\/\/mobilise-sme.eu\/wp-content\/uploads\/2022\/03\/ES_leaflet_mobilisesme_SC.pdf\" target=\"_blank\" rel=\"noopener noreferrer\"><img src=\"https:\/\/mobilise-sme.eu\/wp-content\/uploads\/2020\/11\/Rectangle-42.png\" \/> Folleto de la Empresa de Env\u00edo<\/a><\/p>\n<p>[\/vc_column_text][\/vc_column_inner][\/vc_row_inner][\/vc_column][\/vc_row]<\/p>\n","protected":false},"excerpt":{"rendered":"<p>[vc_row el_class=\u00bbespaciado\u00bb][vc_column css=\u00bb.vc_custom_1602686899070{padding-top: 20px !important;}\u00bb][vc_column_text css=\u00bb.vc_custom_1602686966717{margin-bottom: 5px !important;}\u00bb] \u00bfQui\u00e9n puede participar? [\/vc_column_text][vc_separator color=\u00bbcustom\u00bb border_width=\u00bb2&#8243; el_width=\u00bb20&#8243; accent_color=\u00bb#efca34&#8243;][vc_row_inner][vc_column_inner width=\u00bb1\/2&#8243;][vc_column_text] Solicitantes (PYME) Las solicitantes son Peque\u00f1as y medianas empresas (PYME). Pueden presentar su candidatura al programa registr\u00e1ndose en la Plataforma de Matchmaking o poni\u00e9ndose en contacto con cualquiera de los Puntos de Contacto Local que representan al programa en sus territorios. Todas las PYME participantes deben cumplir los criterios geogr\u00e1ficos. El programa tendr\u00e1 en cuenta a los solicitantes debidamente establecidos y registrados en los siguientes pa\u00edses: Estados miembros de la UE. Islandia y Noruega, de conformidad con el Acuerdo sobre el EEE. Albania, [&hellip;]<\/p>\n","protected":false},"author":1,"featured_media":0,"parent":0,"menu_order":0,"comment_status":"closed","ping_status":"closed","template":"","meta":[],"yoast_head":"<!-- This site is optimized with the Yoast SEO plugin v15.4 - https:\/\/yoast.com\/wordpress\/plugins\/seo\/ -->\n<title>Qui\u00e9n puede participar - Mobilsesme<\/title>\n<meta name=\"robots\" content=\"index, follow, max-snippet:-1, max-image-preview:large, max-video-preview:-1\" \/>\n<link rel=\"canonical\" href=\"https:\/\/mobilise-sme.eu\/es\/quien-puede-participar\/\" \/>\n<meta property=\"og:locale\" content=\"es_ES\" \/>\n<meta property=\"og:type\" content=\"article\" \/>\n<meta property=\"og:title\" content=\"Qui\u00e9n puede participar - Mobilsesme\" \/>\n<meta property=\"og:description\" content=\"[vc_row el_class=\u00bbespaciado\u00bb][vc_column css=\u00bb.vc_custom_1602686899070{padding-top: 20px !important;}\u00bb][vc_column_text css=\u00bb.vc_custom_1602686966717{margin-bottom: 5px !important;}\u00bb] \u00bfQui\u00e9n puede participar? [\/vc_column_text][vc_separator color=\u00bbcustom\u00bb border_width=\u00bb2&#8243; el_width=\u00bb20&#8243; accent_color=\u00bb#efca34&#8243;][vc_row_inner][vc_column_inner width=\u00bb1\/2&#8243;][vc_column_text] Solicitantes (PYME) Las solicitantes son Peque\u00f1as y medianas empresas (PYME). Pueden presentar su candidatura al programa registr\u00e1ndose en la Plataforma de Matchmaking o poni\u00e9ndose en contacto con cualquiera de los Puntos de Contacto Local que representan al programa en sus territorios. Todas las PYME participantes deben cumplir los criterios geogr\u00e1ficos. El programa tendr\u00e1 en cuenta a los solicitantes debidamente establecidos y registrados en los siguientes pa\u00edses: Estados miembros de la UE. Islandia y Noruega, de conformidad con el Acuerdo sobre el EEE. Albania, [&hellip;]\" \/>\n<meta property=\"og:url\" content=\"https:\/\/mobilise-sme.eu\/es\/quien-puede-participar\/\" \/>\n<meta property=\"og:site_name\" content=\"Mobilsesme\" \/>\n<meta property=\"article:modified_time\" content=\"2022-03-16T08:52:35+00:00\" \/>\n<meta property=\"og:image\" content=\"https:\/\/mobilise-sme.eu\/wp-content\/uploads\/2020\/11\/Rectangle-42.png\" \/>\n<meta name=\"twitter:card\" content=\"summary_large_image\" \/>\n<meta name=\"twitter:label1\" content=\"Escrito por\">\n\t<meta name=\"twitter:data1\" content=\"sumaysube\">\n\t<meta name=\"twitter:label2\" content=\"Tiempo de lectura\">\n\t<meta name=\"twitter:data2\" content=\"2 minutos\">\n<script type=\"application\/ld+json\" class=\"yoast-schema-graph\">{\"@context\":\"https:\/\/schema.org\",\"@graph\":[{\"@type\":\"WebSite\",\"@id\":\"https:\/\/mobilise-sme.eu\/#website\",\"url\":\"https:\/\/mobilise-sme.eu\/\",\"name\":\"Mobilsesme\",\"description\":\"Otro sitio realizado con WordPress\",\"potentialAction\":[{\"@type\":\"SearchAction\",\"target\":\"https:\/\/mobilise-sme.eu\/?s={search_term_string}\",\"query-input\":\"required name=search_term_string\"}],\"inLanguage\":\"es\"},{\"@type\":\"ImageObject\",\"@id\":\"https:\/\/mobilise-sme.eu\/es\/quien-puede-participar\/#primaryimage\",\"inLanguage\":\"es\",\"url\":\"https:\/\/mobilise-sme.eu\/wp-content\/uploads\/2020\/11\/Rectangle-42.png\",\"width\":22,\"height\":23},{\"@type\":\"WebPage\",\"@id\":\"https:\/\/mobilise-sme.eu\/es\/quien-puede-participar\/#webpage\",\"url\":\"https:\/\/mobilise-sme.eu\/es\/quien-puede-participar\/\",\"name\":\"Qui\\u00e9n puede participar - Mobilsesme\",\"isPartOf\":{\"@id\":\"https:\/\/mobilise-sme.eu\/#website\"},\"primaryImageOfPage\":{\"@id\":\"https:\/\/mobilise-sme.eu\/es\/quien-puede-participar\/#primaryimage\"},\"datePublished\":\"2021-03-25T09:49:18+00:00\",\"dateModified\":\"2022-03-16T08:52:35+00:00\",\"inLanguage\":\"es\",\"potentialAction\":[{\"@type\":\"ReadAction\",\"target\":[\"https:\/\/mobilise-sme.eu\/es\/quien-puede-participar\/\"]}]}]}<\/script>\n<!-- \/ Yoast SEO plugin. -->","_links":{"self":[{"href":"https:\/\/mobilise-sme.eu\/es\/wp-json\/wp\/v2\/pages\/2520\/"}],"collection":[{"href":"https:\/\/mobilise-sme.eu\/es\/wp-json\/wp\/v2\/pages\/"}],"about":[{"href":"https:\/\/mobilise-sme.eu\/es\/wp-json\/wp\/v2\/types\/page\/"}],"author":[{"embeddable":true,"href":"https:\/\/mobilise-sme.eu\/es\/wp-json\/wp\/v2\/users\/1\/"}],"replies":[{"embeddable":true,"href":"https:\/\/mobilise-sme.eu\/es\/wp-json\/wp\/v2\/comments\/?post=2520"}],"version-history":[{"count":4,"href":"https:\/\/mobilise-sme.eu\/es\/wp-json\/wp\/v2\/pages\/2520\/revisions\/"}],"predecessor-version":[{"id":3885,"href":"https:\/\/mobilise-sme.eu\/es\/wp-json\/wp\/v2\/pages\/2520\/revisions\/3885\/"}],"wp:attachment":[{"href":"https:\/\/mobilise-sme.eu\/es\/wp-json\/wp\/v2\/media\/?parent=2520"}],"curies":[{"name":"wp","href":"https:\/\/api.w.org\/{rel}","templated":true}]}}