{"id":2532,"date":"2021-03-25T09:57:10","date_gmt":"2021-03-25T09:57:10","guid":{"rendered":"https:\/\/mobilise-sme.eu\/home\/"},"modified":"2022-07-11T17:54:52","modified_gmt":"2022-07-11T15:54:52","slug":"home","status":"publish","type":"page","link":"https:\/\/mobilise-sme.eu\/es\/","title":{"rendered":"Home"},"content":{"rendered":"<p>[vc_row css=\u00bb.vc_custom_1608032447507{padding-top: 200px !important;padding-bottom: 200px !important;background-image: url(https:\/\/mobilise-sme.eu\/wp-content\/uploads\/2020\/11\/portada.png?id=430) !important;background-position: center !important;background-repeat: no-repeat !important;background-size: cover !important;}\u00bb el_class=\u00bbbloque1&#8243;][vc_column width=\u00bb2\/5&#8243; css=\u00bb.vc_custom_1645598800675{padding-top: 20px !important;padding-right: 20px !important;padding-bottom: 15px !important;padding-left: 20px !important;background-color: rgba(0,74,135,0.9) !important;*background-color: rgb(0,74,135) !important;}\u00bb el_class=\u00bbbloque_azul\u00bb][vc_column_text css=\u00bb.vc_custom_1657554900779{margin-bottom: 15px !important;}\u00bb]<\/p>\n<p class=\"titulo\">MobiliseSME<\/p>\n<p class=\"text\" style=\"margin-bottom: 7px;\">MobiliseSME es un programa lanzado por la Uni\u00f3n Europea (EURES, EASI). Su objetivo es <strong>ayudar al desarrollo de las competencias y capacidades del personal de las empresas<\/strong> (empleados, directivos y propietarios o copropietarios) apoyando la movilidad empresarial transfronteriza de corta duraci\u00f3n.<\/p>\n<p class=\"text\">Bas\u00e1ndose en previo proyecto piloto <a href=\"https:\/\/www.european-entrepreneurs.org\/projects\/mobilisesme\/\" target=\"_blank\" rel=\"noopener noreferrer\">\u201cMobiliseSME\u201d (VS\/2015\/0354)<\/a>\u00a0implementado entre 2015 y 2017 por European Entrepreneurs CEA-PME este programa tiene como objetivo apoyar a las personas que ya est\u00e1n empleadas y desean experimentar\u00a0<b>la\u00a0movilidad transfronteriza<\/b>\u00a0en otra empresa por un per\u00edodo de tiempo limitado, manteniendo el v\u00ednculo contractual con su empleador.<\/p>\n<p>[\/vc_column_text][vc_btn title=\u00bbM\u00e1s info\u00bb shape=\u00bbround\u00bb color=\u00bbwhite\u00bb align=\u00bbleft\u00bb link=\u00bburl:https%3A%2F%2Fmobilise-sme.eu%2Fes%2Fconoce-mobilisesme%2F|title:M%C3%A1s%20info|\u00bb el_class=\u00bbboton-blanco boton-home1&#8243;][vc_column_text el_class=\u00bbboton-home2&#8243;]<\/p>\n<p class=\"homebutton\" style=\"text-align: center;\"><a href=\"https:\/\/mobilise-sme.eu\/wp-content\/uploads\/2022\/03\/ES_MobiliseSME_Guide-for-participants.pdf\" target=\"_blank\" rel=\"noopener noreferrer\"><img src=\"https:\/\/mobilise-sme.eu\/wp-content\/uploads\/2020\/11\/Rectangle-42.png\" alt=\"icono documento\" \/> Gu\u00eda de MobiliseSME<\/a><\/p>\n<p>[\/vc_column_text][\/vc_column][vc_column width=\u00bb3\/5&#8243;][\/vc_column][\/vc_row][vc_row content_placement=\u00bbmiddle\u00bb css=\u00bb.vc_custom_1602673164695{padding-top: 20px !important;padding-bottom: 20px !important;background-color: #efca34 !important;}\u00bb el_class=\u00bbbloque2&#8243;][vc_column][vc_column_text css=\u00bb.vc_custom_1602673371394{margin-bottom: 5px !important;}\u00bb]<\/p>\n<p class=\"titulo\" style=\"text-align: center;\">\u00bfQui\u00e9n puede participar?<\/p>\n<p>[\/vc_column_text][vc_separator color=\u00bbwhite\u00bb border_width=\u00bb2&#8243; el_width=\u00bb10&#8243; css=\u00bb.vc_custom_1602673333400{margin-top: 0px !important;margin-bottom: 0px !important;}\u00bb][vc_row_inner][vc_column_inner width=\u00bb1\/2&#8243;][vc_single_image image=\u00bb439&#8243; img_size=\u00bbfull\u00bb alignment=\u00bbcenter\u00bb css=\u00bb.vc_custom_1604398623363{margin-bottom: 10px !important;}\u00bb][vc_column_text el_class=\u00bbtexto-home\u00bb]<\/p>\n<p style=\"text-align: center;\"><strong>Solicitantes (PYME)<\/strong><\/p>\n<p style=\"text-align: center;\">Las solicitantes son Peque\u00f1as y medianas empresas (PYME). Pueden presentar su candidatura al programa registr\u00e1ndose en la Plataforma de Matchmaking o poni\u00e9ndose en contacto con cualquiera de los Puntos de Contacto Local que representan al programa en sus territorios.<\/p>\n<p>[\/vc_column_text][vc_btn title=\u00bbM\u00e1s info\u00bb shape=\u00bbround\u00bb color=\u00bbwhite\u00bb align=\u00bbcenter\u00bb link=\u00bburl:https%3A%2F%2Fmobilise-sme.eu%2Fwho-can-participate%2F|title:M%C3%A1s%20info|\u00bb el_class=\u00bbboton-blanco boton-desk\u00bb][\/vc_column_inner][vc_column_inner width=\u00bb1\/2&#8243;][vc_single_image image=\u00bb444&#8243; img_size=\u00bbfull\u00bb alignment=\u00bbcenter\u00bb css=\u00bb.vc_custom_1604398630351{margin-bottom: 10px !important;}\u00bb][vc_column_text el_class=\u00bbtexto-home\u00bb]<\/p>\n<p style=\"text-align: center;\"><strong>Participantes (empleados, directivos y copropietarios)<\/strong><\/p>\n<p style=\"text-align: center;\">Los participantes son el personal perteneciente a los solicitantes (PYME). Ellos participan en el programa MobiliseSME. El t\u00e9rmino participante abarca al personal\/empleados, a los directivos y a los propietarios o copropietarios de las PYME.<\/p>\n<p>[\/vc_column_text][vc_btn title=\u00bbM\u00e1s info\u00bb shape=\u00bbround\u00bb color=\u00bbwhite\u00bb align=\u00bbcenter\u00bb link=\u00bburl:https%3A%2F%2Fmobilise-sme.eu%2Fwho-can-participate%2F|title:M%C3%A1s%20info|\u00bb el_class=\u00bbboton-blanco boton-desk\u00bb][\/vc_column_inner][vc_column_inner el_class=\u00bbboton-resp\u00bb][vc_btn title=\u00bbM\u00e1s info\u00bb shape=\u00bbround\u00bb color=\u00bbwhite\u00bb align=\u00bbcenter\u00bb link=\u00bburl:https%3A%2F%2Fmobilise-sme.eu%2Fhow-to-participate%2F|title:M%C3%A1s%20info|\u00bb el_class=\u00bbboton-blanco\u00bb][\/vc_column_inner][\/vc_row_inner][\/vc_column][\/vc_row][vc_row content_placement=\u00bbmiddle\u00bb css=\u00bb.vc_custom_1602674082740{padding-top: 20px !important;padding-bottom: 20px !important;}\u00bb el_class=\u00bbbloque3&#8243;][vc_column][vc_column_text css=\u00bb.vc_custom_1602674037059{margin-bottom: 5px !important;}\u00bb]<\/p>\n<p class=\"titulo\" style=\"text-align: center;\">\u00bfC\u00f3mo participar?<\/p>\n<p>[\/vc_column_text][vc_separator color=\u00bbcustom\u00bb border_width=\u00bb2&#8243; el_width=\u00bb10&#8243; css=\u00bb.vc_custom_1602674075761{margin-top: 0px !important;margin-bottom: 0px !important;}\u00bb accent_color=\u00bb#0d5387&#8243;][vc_row_inner css=\u00bb.vc_custom_1602762299583{padding-top: 30px !important;}\u00bb][vc_column_inner width=\u00bb1\/4&#8243;][vc_column_text]<\/p>\n<div class=\"number-block\">\n<p class=\"number\" style=\"text-align: center;\"><strong>1<\/strong><\/p>\n<\/div>\n<p class=\"text\" style=\"text-align: center;\">Contacta con tu Punto de Contacto Local.<\/p>\n<p>[\/vc_column_text][\/vc_column_inner][vc_column_inner width=\u00bb1\/4&#8243;][vc_column_text]<\/p>\n<div class=\"number-block\">\n<p class=\"number\" style=\"text-align: center;\"><strong>2<\/strong><\/p>\n<\/div>\n<p class=\"text\" style=\"text-align: center;\">Reg\u00edstrate en la Plataforma de Matchmaking y encuentra un socio comercial.<\/p>\n<p>[\/vc_column_text][\/vc_column_inner][vc_column_inner width=\u00bb1\/4&#8243;][vc_column_text]<\/p>\n<div class=\"number-block\">\n<p class=\"number\" style=\"text-align: center;\"><strong>3<\/strong><\/p>\n<\/div>\n<p class=\"text\" style=\"text-align: center;\">Trabaja en el documento MobiliseSME Learning.<\/p>\n<p>[\/vc_column_text][\/vc_column_inner][vc_column_inner width=\u00bb1\/4&#8243;][vc_column_text]<\/p>\n<div class=\"number-block\">\n<p class=\"number\" style=\"text-align: center;\"><strong>4<\/strong><\/p>\n<\/div>\n<p class=\"text\" style=\"text-align: center;\">\u00a1Listo para partir!<\/p>\n<p>[\/vc_column_text][\/vc_column_inner][\/vc_row_inner][vc_row_inner el_class=\u00bbboton\u00bb][vc_column_inner][vc_btn title=\u00bbM\u00e1s info\u00bb shape=\u00bbround\u00bb color=\u00bbblue\u00bb align=\u00bbcenter\u00bb link=\u00bburl:https%3A%2F%2Fmobilise-sme.eu%2Fhow-to-participate%2F|title:M%C3%A1s%20info|\u00bb][\/vc_column_inner][\/vc_row_inner][\/vc_column][\/vc_row][vc_row content_placement=\u00bbmiddle\u00bb css=\u00bb.vc_custom_1602675566973{padding-top: 20px !important;padding-right: 0px !important;padding-bottom: 20px !important;padding-left: 0px !important;}\u00bb el_class=\u00bbbloque4&#8243;][vc_column][vc_row_inner el_class=\u00bbbloque4&#8243;][vc_column_inner el_class=\u00bbbloque-flecha\u00bb width=\u00bb1\/2&#8243; css=\u00bb.vc_custom_1639741637494{padding-top: 57.5px !important;padding-bottom: 57.5px !important;background-color: #efca34 !important;}\u00bb][vc_column_text]<\/p>\n<p class=\"flecha\"><a href=\"https:\/\/mobilise-sme.eu\/es\/soporte-financiero\/\">Apoyo Financiero<img src=\"https:\/\/mobilise-sme.eu\/wp-content\/uploads\/2020\/11\/flecha.png\" alt=\"Financial support\" \/><\/a><\/p>\n<p>[\/vc_column_text][\/vc_column_inner][vc_column_inner el_class=\u00bbbloque-flecha\u00bb width=\u00bb1\/2&#8243; css=\u00bb.vc_custom_1639741601085{padding-top: 57.5px !important;padding-bottom: 57.5px !important;background-color: #0d5387 !important;}\u00bb][vc_column_text]<\/p>\n<p class=\"flecha\"><a href=\"https:\/\/mobilise-sme.eu\/es\/puntos-de-contacto-local\/\">Puntos de Contacto Local<img src=\"https:\/\/mobilise-sme.eu\/wp-content\/uploads\/2020\/11\/flecha.png\" alt=\"Puntos de Contacto Local\" \/><\/a><\/p>\n<p>[\/vc_column_text][\/vc_column_inner][\/vc_row_inner][\/vc_column][\/vc_row][vc_row content_placement=\u00bbmiddle\u00bb css=\u00bb.vc_custom_1606896014959{padding-top: 20px !important;padding-bottom: 0px !important;}\u00bb el_class=\u00bbbloque5&#8243;][vc_column][vc_column_text css=\u00bb.vc_custom_1602675887684{margin-bottom: 5px !important;}\u00bb]<\/p>\n<p class=\"titulo\" style=\"text-align: center;\">Noticias<\/p>\n<p>[\/vc_column_text][vc_separator color=\u00bbcustom\u00bb border_width=\u00bb2&#8243; el_width=\u00bb10&#8243; css=\u00bb.vc_custom_1602674075761{margin-top: 0px !important;margin-bottom: 0px !important;}\u00bb accent_color=\u00bb#0d5387&#8243;][vc_row_inner css=\u00bb.vc_custom_1639992809196{padding-top: 30px !important;padding-right: 0px !important;padding-left: 0px !important;}\u00bb][vc_column_inner css=\u00bb.vc_custom_1606289082552{padding-right: 0px !important;padding-left: 0px !important;}\u00bb][vc_raw_html]JTVCc3Bfd3BjYXJvdXNlbCUyMGlkJTNEJTIyMzIyMyUyMiU1RA==[\/vc_raw_html][\/vc_column_inner][\/vc_row_inner][\/vc_column][\/vc_row][vc_row css=\u00bb.vc_custom_1608032515955{padding-top: 100px !important;padding-bottom: 100px !important;background-image: url(https:\/\/mobilise-sme.eu\/wp-content\/uploads\/2020\/11\/Rectangle-11.png?id=504) !important;background-position: center !important;background-repeat: no-repeat !important;background-size: cover !important;}\u00bb el_class=\u00bbbloque6&#8243;][vc_column width=\u00bb2\/5&#8243; css=\u00bb.vc_custom_1606895071608{padding-top: 30px !important;padding-right: 20px !important;padding-bottom: 20px !important;padding-left: 20px !important;background-color: rgba(239,202,52,0.9) !important;*background-color: rgb(239,202,52) !important;}\u00bb][vc_column_text]<\/p>\n<p class=\"titulo\">Bienvenido a la Plataforma de Matchmaking de MobiliseSME<\/p>\n<p class=\"text\">Si eres un nuevo usuario y deseas registrar una nueva PYME o empresa, haz click en Iniciar solicitud. Si ya est\u00e1s registrado, haz click en Iniciar sesi\u00f3n.<\/p>\n<p class=\"text\">Haz click en la Gu\u00eda de Registro de MobiliseSME para obtener una gu\u00eda paso a paso sobre c\u00f3mo registrarte en la plataforma.<\/p>\n<p class=\"text\">Tambi\u00e9n puedes hacer click en la Gu\u00eda de MobiliseSME para conocer m\u00e1s detalles sobre c\u00f3mo participar en el programa. A continuaci\u00f3n encontrar\u00e1s informaci\u00f3n sobre los requisitos para los participantes.<\/p>\n<p>[\/vc_column_text][vc_btn title=\u00bbM\u00e1s info\u00bb shape=\u00bbround\u00bb color=\u00bbwhite\u00bb align=\u00bbleft\u00bb link=\u00bburl:https%3A%2F%2Fmobilise-sme.eu%2Fmatchmaking-platform%2F|title:M%C3%A1s%20info|\u00bb css=\u00bb.vc_custom_1607952988802{margin-bottom: 0px !important;}\u00bb][\/vc_column][vc_column width=\u00bb3\/5&#8243;][\/vc_column][\/vc_row]<\/p>\n","protected":false},"excerpt":{"rendered":"<p>[vc_row css=\u00bb.vc_custom_1608032447507{padding-top: 200px !important;padding-bottom: 200px !important;background-image: url(https:\/\/mobilise-sme.eu\/wp-content\/uploads\/2020\/11\/portada.png?id=430) !important;background-position: center !important;background-repeat: no-repeat !important;background-size: cover !important;}\u00bb el_class=\u00bbbloque1&#8243;][vc_column width=\u00bb2\/5&#8243; css=\u00bb.vc_custom_1645598800675{padding-top: 20px !important;padding-right: 20px !important;padding-bottom: 15px !important;padding-left: 20px !important;background-color: rgba(0,74,135,0.9) !important;*background-color: rgb(0,74,135) !important;}\u00bb el_class=\u00bbbloque_azul\u00bb][vc_column_text css=\u00bb.vc_custom_1657554900779{margin-bottom: 15px !important;}\u00bb] MobiliseSME MobiliseSME es un programa lanzado por la Uni\u00f3n Europea (EURES, EASI). Su objetivo es ayudar al desarrollo de las competencias y capacidades del personal de las empresas (empleados, directivos y propietarios o copropietarios) apoyando la movilidad empresarial transfronteriza de corta duraci\u00f3n. Bas\u00e1ndose en previo proyecto piloto \u201cMobiliseSME\u201d (VS\/2015\/0354)\u00a0implementado entre 2015 y 2017 por European Entrepreneurs CEA-PME este programa tiene como objetivo apoyar a las personas que [&hellip;]<\/p>\n","protected":false},"author":1,"featured_media":0,"parent":0,"menu_order":0,"comment_status":"closed","ping_status":"closed","template":"","meta":[],"yoast_head":"<!-- This site is optimized with the Yoast SEO plugin v15.4 - https:\/\/yoast.com\/wordpress\/plugins\/seo\/ -->\n<title>Home - Mobilsesme<\/title>\n<meta name=\"description\" content=\"Mobilsesme\" \/>\n<meta name=\"robots\" content=\"index, follow, max-snippet:-1, max-image-preview:large, max-video-preview:-1\" \/>\n<link rel=\"canonical\" href=\"https:\/\/mobilise-sme.eu\/es\/\" \/>\n<meta property=\"og:locale\" content=\"es_ES\" \/>\n<meta property=\"og:type\" content=\"article\" \/>\n<meta property=\"og:title\" content=\"Home - Mobilsesme\" \/>\n<meta property=\"og:description\" content=\"Mobilsesme\" \/>\n<meta property=\"og:url\" content=\"https:\/\/mobilise-sme.eu\/es\/\" \/>\n<meta property=\"og:site_name\" content=\"Mobilsesme\" \/>\n<meta property=\"article:modified_time\" content=\"2022-07-11T15:54:52+00:00\" \/>\n<meta property=\"og:image\" content=\"https:\/\/mobilise-sme.eu\/wp-content\/uploads\/2020\/10\/logo_mobilisesme.png\" \/>\n\t<meta property=\"og:image:width\" content=\"11138\" \/>\n\t<meta property=\"og:image:height\" content=\"2117\" \/>\n<meta name=\"twitter:card\" content=\"summary_large_image\" \/>\n<meta name=\"twitter:image\" content=\"https:\/\/mobilise-sme.eu\/wp-content\/uploads\/2021\/02\/logo_mobilisesme-1536x292-1.png\" \/>\n<meta name=\"twitter:label1\" content=\"Escrito por\">\n\t<meta name=\"twitter:data1\" content=\"sumaysube\">\n\t<meta name=\"twitter:label2\" content=\"Tiempo de lectura\">\n\t<meta name=\"twitter:data2\" content=\"5 minutos\">\n<script type=\"application\/ld+json\" class=\"yoast-schema-graph\">{\"@context\":\"https:\/\/schema.org\",\"@graph\":[{\"@type\":\"WebSite\",\"@id\":\"https:\/\/mobilise-sme.eu\/#website\",\"url\":\"https:\/\/mobilise-sme.eu\/\",\"name\":\"Mobilsesme\",\"description\":\"Otro sitio realizado con WordPress\",\"potentialAction\":[{\"@type\":\"SearchAction\",\"target\":\"https:\/\/mobilise-sme.eu\/?s={search_term_string}\",\"query-input\":\"required name=search_term_string\"}],\"inLanguage\":\"es\"},{\"@type\":\"ImageObject\",\"@id\":\"https:\/\/mobilise-sme.eu\/es\/#primaryimage\",\"inLanguage\":\"es\",\"url\":\"https:\/\/mobilise-sme.eu\/wp-content\/uploads\/2020\/11\/Rectangle-42.png\",\"width\":22,\"height\":23},{\"@type\":\"WebPage\",\"@id\":\"https:\/\/mobilise-sme.eu\/es\/#webpage\",\"url\":\"https:\/\/mobilise-sme.eu\/es\/\",\"name\":\"Home - Mobilsesme\",\"isPartOf\":{\"@id\":\"https:\/\/mobilise-sme.eu\/#website\"},\"primaryImageOfPage\":{\"@id\":\"https:\/\/mobilise-sme.eu\/es\/#primaryimage\"},\"datePublished\":\"2021-03-25T09:57:10+00:00\",\"dateModified\":\"2022-07-11T15:54:52+00:00\",\"description\":\"Mobilsesme\",\"inLanguage\":\"es\",\"potentialAction\":[{\"@type\":\"ReadAction\",\"target\":[\"https:\/\/mobilise-sme.eu\/es\/\"]}]}]}<\/script>\n<!-- \/ Yoast SEO plugin. -->","_links":{"self":[{"href":"https:\/\/mobilise-sme.eu\/es\/wp-json\/wp\/v2\/pages\/2532\/"}],"collection":[{"href":"https:\/\/mobilise-sme.eu\/es\/wp-json\/wp\/v2\/pages\/"}],"about":[{"href":"https:\/\/mobilise-sme.eu\/es\/wp-json\/wp\/v2\/types\/page\/"}],"author":[{"embeddable":true,"href":"https:\/\/mobilise-sme.eu\/es\/wp-json\/wp\/v2\/users\/1\/"}],"replies":[{"embeddable":true,"href":"https:\/\/mobilise-sme.eu\/es\/wp-json\/wp\/v2\/comments\/?post=2532"}],"version-history":[{"count":17,"href":"https:\/\/mobilise-sme.eu\/es\/wp-json\/wp\/v2\/pages\/2532\/revisions\/"}],"predecessor-version":[{"id":4179,"href":"https:\/\/mobilise-sme.eu\/es\/wp-json\/wp\/v2\/pages\/2532\/revisions\/4179\/"}],"wp:attachment":[{"href":"https:\/\/mobilise-sme.eu\/es\/wp-json\/wp\/v2\/media\/?parent=2532"}],"curies":[{"name":"wp","href":"https:\/\/api.w.org\/{rel}","templated":true}]}}