{"id":1450,"date":"2021-01-11T13:05:30","date_gmt":"2021-01-11T13:05:30","guid":{"rendered":"https:\/\/mobilise-sme.eu\/a-propos-de-mobilisesme\/"},"modified":"2021-12-20T11:15:50","modified_gmt":"2021-12-20T10:15:50","slug":"a-propos-de-mobilisesme","status":"publish","type":"page","link":"https:\/\/mobilise-sme.eu\/fr\/a-propos-de-mobilisesme\/","title":{"rendered":"\u00c0 propos de MobiliseSME"},"content":{"rendered":"<p>[vc_row el_class=\u00a0\u00bbespaciado\u00a0\u00bb][vc_column css=\u00a0\u00bb.vc_custom_1602685030902{padding-top: 20px !important;}\u00a0\u00bb][vc_column_text css=\u00a0\u00bb.vc_custom_1607951141542{margin-bottom: 5px !important;}\u00a0\u00bb]<\/p>\n<p class=\"titulo-blue\" style=\"text-align: center;\">\u00c0 propos de MobiliseSME<\/p>\n<p>[\/vc_column_text][vc_separator color=\u00a0\u00bbcustom\u00a0\u00bb border_width=\u00a0\u00bb2&Prime; el_width=\u00a0\u00bb20&Prime; accent_color=\u00a0\u00bb#0d5387&Prime;][vc_column_text]MobiliseSME est un programme initi\u00e9 par l&rsquo;UE (EURES, EASI). Il vise \u00e0 soutenir le d\u00e9veloppement des comp\u00e9tences et des connaissances des salari\u00e9s, dirigeants et propri\u00e9taires ou copropri\u00e9taires d&rsquo;entreprises, en apportant son soutien aux d\u00e9tachements transfrontaliers de courte dur\u00e9e.<\/p>\n<p>S&rsquo;appuyant sur la r\u00e9ussite du projet pilote \u00ab\u00a0MobiliseSME\u00a0\u00bb mis en \u0153uvre entre 2015 et 2017, ce nouveau programme vise \u00e0 soutenir les personnes en poste dans une PME et souhaitant faire l&rsquo;exp\u00e9rience d&rsquo;une mobilit\u00e9 transfrontali\u00e8re dans une autre entreprise pour une dur\u00e9e limit\u00e9e tout en maintenant le lien contractuel avec leur employeur.<\/p>\n<p>Principales caract\u00e9ristiques du programme MobiliseSME :<\/p>\n<p>[\/vc_column_text][vc_row_inner el_class=\u00a0\u00bbnumeros align\u00a0\u00bb][vc_column_inner width=\u00a0\u00bb1\/2&Prime;][vc_column_text]<\/p>\n<p class=\"number\">1<\/p>\n<p class=\"text-numbers\">Le programme pr\u00e9voit l&rsquo;\u00e9change de personnel d&rsquo;une PME d&rsquo;un pays de l&rsquo;UE vers une autre PME d&rsquo;un autre pays de l&rsquo;UE.<\/p>\n<p>[\/vc_column_text][vc_column_text]<\/p>\n<p class=\"number\">2<\/p>\n<p class=\"text-numbers\">Le programme permet aussi d&rsquo;utiliser son dispositif pour renforcer les collaborations d\u00e9j\u00e0 en place.<\/p>\n<p>[\/vc_column_text][vc_column_text]<\/p>\n<p class=\"number\">3<\/p>\n<p class=\"text-numbers\">Il n&rsquo;y a pas de date limite pour participer. Le programme MobiliseSME fonctionne au fil de l&rsquo;eau des candidatures.<\/p>\n<p>[\/vc_column_text][\/vc_column_inner][vc_column_inner width=\u00a0\u00bb1\/2&Prime;][vc_column_text]<\/p>\n<p class=\"number\">4<\/p>\n<p class=\"text-numbers\">Le programme MobiliseSME consiste en un \u00e9change temporaire d&rsquo;une dur\u00e9e minimale de 1 mois et maximale de 6 mois, avec un fractionnement possible en semaines.<\/p>\n<p>[\/vc_column_text][vc_column_text]<\/p>\n<p class=\"number\">5<\/p>\n<p class=\"text-numbers\">Le salari\u00e9 reste employ\u00e9 par la soci\u00e9t\u00e9 qui l&rsquo;envoie pendant la dur\u00e9e du d\u00e9tachement. L&#8217;employeur continue de payer son salaire et les d\u00e9penses encourues.<\/p>\n<p>[\/vc_column_text][\/vc_column_inner][\/vc_row_inner][vc_row_inner][vc_column_inner css=\u00a0\u00bb.vc_custom_1602685657320{padding-left: 0px !important;}\u00a0\u00bb][vc_column_text]En outre, le programme MobiliseSME pr\u00e9voit des activit\u00e9s suppl\u00e9mentaires et apporte un soutien aux entreprises. Il offre notamment:<\/p>\n<p>[\/vc_column_text][\/vc_column_inner][\/vc_row_inner][vc_row_inner el_class=\u00a0\u00bbchecks align\u00a0\u00bb][vc_column_inner width=\u00a0\u00bb1\/2&Prime;][vc_column_text]<img class=\"check\" src=\"https:\/\/mobilise-sme.eu\/wp-content\/uploads\/2020\/10\/check.png\" \/><\/p>\n<p class=\"text-numbers\"><strong>Informations sur la participation \u00e0 un programme de d\u00e9veloppement international<\/strong>. Il contribue \u00e0 sensibiliser \u00e0 l&rsquo;importance de la formation et de l&rsquo;internationalisation des entreprises, entre autres.<\/p>\n<p>[\/vc_column_text][vc_column_text]<img class=\"check\" src=\"https:\/\/mobilise-sme.eu\/wp-content\/uploads\/2020\/10\/check.png\" \/><\/p>\n<p class=\"text-numbers\"><strong>Fourniture d&rsquo;outils permettant d&rsquo;\u00e9tablir des \u00e9changes et des contacts avec des homologues dans l&rsquo;UE<\/strong>. Principalement par l&rsquo;interm\u00e9diaire de la plateforme de matchmaking et via les r\u00e9seaux des points de contact locaux.<\/p>\n<p>[\/vc_column_text][vc_column_text]<img class=\"check\" src=\"https:\/\/mobilise-sme.eu\/wp-content\/uploads\/2020\/10\/check.png\" \/><\/p>\n<p class=\"text-numbers\"><strong>Analyse du profil et des besoins des participants<\/strong>.<\/p>\n<p>&nbsp;<\/p>\n<p>[\/vc_column_text][vc_column_text]<img class=\"check\" src=\"https:\/\/mobilise-sme.eu\/wp-content\/uploads\/2020\/10\/check.png\" \/><\/p>\n<p class=\"text-numbers\"><strong>Services de matchmaking<\/strong>. Les points de contact locaux sont essentiels pour trouver une PME partenaire pour organiser un d\u00e9tachement.<\/p>\n<p>[\/vc_column_text][vc_column_text]<img class=\"check\" src=\"https:\/\/mobilise-sme.eu\/wp-content\/uploads\/2020\/10\/check.png\" \/><\/p>\n<p class=\"text-numbers\"><strong>Conseils et analyse du projet de formation\/d&rsquo;apprentissage MobiliseSME<\/strong>. Le projet de formation MobiliseSME est le principal document de travail. Les points de contact locaux dans chaque pays vous aideront \u00e0 le r\u00e9diger en fonction de vos besoins.<\/p>\n<p>[\/vc_column_text][\/vc_column_inner][vc_column_inner width=\u00a0\u00bb1\/2&Prime;][vc_column_text]<img class=\"check\" src=\"https:\/\/mobilise-sme.eu\/wp-content\/uploads\/2020\/10\/check.png\" \/><\/p>\n<p class=\"text-numbers\"><strong>Services de pr\u00e9paration avant le d\u00e9part<\/strong>. Des informations utiles seront dispens\u00e9es par les organisations partenaires avant le d\u00e9part. Ces informations couvrent un large \u00e9ventail de sujets, tels que les questions li\u00e9es aux entreprises dans les pays de l&rsquo;UE et des informations pratiques sur le s\u00e9jour \u00e0 l&rsquo;\u00e9tranger.<\/p>\n<p>[\/vc_column_text][vc_column_text]<img class=\"check\" src=\"https:\/\/mobilise-sme.eu\/wp-content\/uploads\/2020\/10\/check.png\" \/><\/p>\n<p class=\"text-numbers\"><strong>\u00c9valuation continue des objectifs d&rsquo;apprentissage<\/strong>. Le programme Mobilise SME supervise \u00e9galement l&rsquo;\u00e9change tout au long de sa r\u00e9alisation.<\/p>\n<p>[\/vc_column_text][vc_column_text]<img class=\"check\" src=\"https:\/\/mobilise-sme.eu\/wp-content\/uploads\/2020\/10\/check.png\" \/><\/p>\n<p class=\"text-numbers\"><strong>Recommandations pour la poursuite du processus et conseils<\/strong>. Le programme MobiliseSME \u00e9mettra des recommandations et des orientations en mati\u00e8re de formation, d&rsquo;innovation, d&rsquo;internationalisation et de mobilit\u00e9.<\/p>\n<p>[\/vc_column_text][\/vc_column_inner][\/vc_row_inner][vc_row_inner][vc_column_inner css=\u00a0\u00bb.vc_custom_1602685657320{padding-left: 0px !important;}\u00a0\u00bb][vc_column_text]Pour plus de d\u00e9tails, vous pouvez consulter les rubriques <strong><a href=\"https:\/\/mobilise-sme.eu\/fr\/qui-peut-participer\/\">Qui peut participer<\/a><\/strong> et <strong><a href=\"https:\/\/mobilise-sme.eu\/fr\/comment-participer\/\">Comment participer<\/a><\/strong> ou les diff\u00e9rents points de contact locaux dans l&rsquo;UE.<\/p>\n<p>[\/vc_column_text][\/vc_column_inner][\/vc_row_inner][\/vc_column][\/vc_row]<\/p>\n","protected":false},"excerpt":{"rendered":"<p>[vc_row el_class=\u00a0\u00bbespaciado\u00a0\u00bb][vc_column css=\u00a0\u00bb.vc_custom_1602685030902{padding-top: 20px !important;}\u00a0\u00bb][vc_column_text css=\u00a0\u00bb.vc_custom_1607951141542{margin-bottom: 5px !important;}\u00a0\u00bb] \u00c0 propos de MobiliseSME [\/vc_column_text][vc_separator color=\u00a0\u00bbcustom\u00a0\u00bb border_width=\u00a0\u00bb2&Prime; el_width=\u00a0\u00bb20&Prime; accent_color=\u00a0\u00bb#0d5387&Prime;][vc_column_text]MobiliseSME est un programme initi\u00e9 par l&rsquo;UE (EURES, EASI). Il vise \u00e0 soutenir le d\u00e9veloppement des comp\u00e9tences et des connaissances des salari\u00e9s, dirigeants et propri\u00e9taires ou copropri\u00e9taires d&rsquo;entreprises, en apportant son soutien aux d\u00e9tachements transfrontaliers de courte dur\u00e9e. S&rsquo;appuyant sur la r\u00e9ussite du projet pilote \u00ab\u00a0MobiliseSME\u00a0\u00bb mis en \u0153uvre entre 2015 et 2017, ce nouveau programme vise \u00e0 soutenir les personnes en poste dans une PME et souhaitant faire l&rsquo;exp\u00e9rience d&rsquo;une mobilit\u00e9 transfrontali\u00e8re dans une autre entreprise pour une dur\u00e9e limit\u00e9e tout en maintenant [&hellip;]<\/p>\n","protected":false},"author":1,"featured_media":0,"parent":0,"menu_order":0,"comment_status":"closed","ping_status":"closed","template":"","meta":[],"yoast_head":"<!-- This site is optimized with the Yoast SEO plugin v15.4 - https:\/\/yoast.com\/wordpress\/plugins\/seo\/ -->\n<title>\u00c0 propos de MobiliseSME - Mobilsesme<\/title>\n<meta name=\"robots\" content=\"index, follow, max-snippet:-1, max-image-preview:large, max-video-preview:-1\" \/>\n<link rel=\"canonical\" href=\"https:\/\/mobilise-sme.eu\/fr\/a-propos-de-mobilisesme\/\" \/>\n<meta property=\"og:locale\" content=\"fr_FR\" \/>\n<meta property=\"og:type\" content=\"article\" \/>\n<meta property=\"og:title\" content=\"\u00c0 propos de MobiliseSME - Mobilsesme\" \/>\n<meta property=\"og:description\" content=\"[vc_row el_class=\u00a0\u00bbespaciado\u00a0\u00bb][vc_column css=\u00a0\u00bb.vc_custom_1602685030902{padding-top: 20px !important;}\u00a0\u00bb][vc_column_text css=\u00a0\u00bb.vc_custom_1607951141542{margin-bottom: 5px !important;}\u00a0\u00bb] \u00c0 propos de MobiliseSME [\/vc_column_text][vc_separator color=\u00a0\u00bbcustom\u00a0\u00bb border_width=\u00a0\u00bb2&Prime; el_width=\u00a0\u00bb20&Prime; accent_color=\u00a0\u00bb#0d5387&Prime;][vc_column_text]MobiliseSME est un programme initi\u00e9 par l&rsquo;UE (EURES, EASI). Il vise \u00e0 soutenir le d\u00e9veloppement des comp\u00e9tences et des connaissances des salari\u00e9s, dirigeants et propri\u00e9taires ou copropri\u00e9taires d&rsquo;entreprises, en apportant son soutien aux d\u00e9tachements transfrontaliers de courte dur\u00e9e. S&rsquo;appuyant sur la r\u00e9ussite du projet pilote \u00ab\u00a0MobiliseSME\u00a0\u00bb mis en \u0153uvre entre 2015 et 2017, ce nouveau programme vise \u00e0 soutenir les personnes en poste dans une PME et souhaitant faire l&rsquo;exp\u00e9rience d&rsquo;une mobilit\u00e9 transfrontali\u00e8re dans une autre entreprise pour une dur\u00e9e limit\u00e9e tout en maintenant [&hellip;]\" \/>\n<meta property=\"og:url\" content=\"https:\/\/mobilise-sme.eu\/fr\/a-propos-de-mobilisesme\/\" \/>\n<meta property=\"og:site_name\" content=\"Mobilsesme\" \/>\n<meta property=\"article:modified_time\" content=\"2021-12-20T10:15:50+00:00\" \/>\n<meta property=\"og:image\" content=\"https:\/\/mobilise-sme.eu\/wp-content\/uploads\/2020\/10\/check.png\" \/>\n<meta name=\"twitter:card\" content=\"summary_large_image\" \/>\n<meta name=\"twitter:label1\" content=\"Written by\">\n\t<meta name=\"twitter:data1\" content=\"sumaysube\">\n\t<meta name=\"twitter:label2\" content=\"Est. reading time\">\n\t<meta name=\"twitter:data2\" content=\"3 minutes\">\n<script type=\"application\/ld+json\" class=\"yoast-schema-graph\">{\"@context\":\"https:\/\/schema.org\",\"@graph\":[{\"@type\":\"WebSite\",\"@id\":\"https:\/\/mobilise-sme.eu\/#website\",\"url\":\"https:\/\/mobilise-sme.eu\/\",\"name\":\"Mobilsesme\",\"description\":\"Otro sitio realizado con WordPress\",\"potentialAction\":[{\"@type\":\"SearchAction\",\"target\":\"https:\/\/mobilise-sme.eu\/?s={search_term_string}\",\"query-input\":\"required name=search_term_string\"}],\"inLanguage\":\"fr-FR\"},{\"@type\":\"ImageObject\",\"@id\":\"https:\/\/mobilise-sme.eu\/fr\/a-propos-de-mobilisesme\/#primaryimage\",\"inLanguage\":\"fr-FR\",\"url\":\"https:\/\/mobilise-sme.eu\/wp-content\/uploads\/2020\/10\/check.png\",\"width\":100,\"height\":100},{\"@type\":\"WebPage\",\"@id\":\"https:\/\/mobilise-sme.eu\/fr\/a-propos-de-mobilisesme\/#webpage\",\"url\":\"https:\/\/mobilise-sme.eu\/fr\/a-propos-de-mobilisesme\/\",\"name\":\"\\u00c0 propos de MobiliseSME - Mobilsesme\",\"isPartOf\":{\"@id\":\"https:\/\/mobilise-sme.eu\/#website\"},\"primaryImageOfPage\":{\"@id\":\"https:\/\/mobilise-sme.eu\/fr\/a-propos-de-mobilisesme\/#primaryimage\"},\"datePublished\":\"2021-01-11T13:05:30+00:00\",\"dateModified\":\"2021-12-20T10:15:50+00:00\",\"inLanguage\":\"fr-FR\",\"potentialAction\":[{\"@type\":\"ReadAction\",\"target\":[\"https:\/\/mobilise-sme.eu\/fr\/a-propos-de-mobilisesme\/\"]}]}]}<\/script>\n<!-- \/ Yoast SEO plugin. -->","_links":{"self":[{"href":"https:\/\/mobilise-sme.eu\/fr\/wp-json\/wp\/v2\/pages\/1450\/"}],"collection":[{"href":"https:\/\/mobilise-sme.eu\/fr\/wp-json\/wp\/v2\/pages\/"}],"about":[{"href":"https:\/\/mobilise-sme.eu\/fr\/wp-json\/wp\/v2\/types\/page\/"}],"author":[{"embeddable":true,"href":"https:\/\/mobilise-sme.eu\/fr\/wp-json\/wp\/v2\/users\/1\/"}],"replies":[{"embeddable":true,"href":"https:\/\/mobilise-sme.eu\/fr\/wp-json\/wp\/v2\/comments\/?post=1450"}],"version-history":[{"count":8,"href":"https:\/\/mobilise-sme.eu\/fr\/wp-json\/wp\/v2\/pages\/1450\/revisions\/"}],"predecessor-version":[{"id":3579,"href":"https:\/\/mobilise-sme.eu\/fr\/wp-json\/wp\/v2\/pages\/1450\/revisions\/3579\/"}],"wp:attachment":[{"href":"https:\/\/mobilise-sme.eu\/fr\/wp-json\/wp\/v2\/media\/?parent=1450"}],"curies":[{"name":"wp","href":"https:\/\/api.w.org\/{rel}","templated":true}]}}