{"id":1453,"date":"2021-01-11T13:24:29","date_gmt":"2021-01-11T13:24:29","guid":{"rendered":"https:\/\/mobilise-sme.eu\/home\/"},"modified":"2022-07-12T12:10:55","modified_gmt":"2022-07-12T10:10:55","slug":"home","status":"publish","type":"page","link":"https:\/\/mobilise-sme.eu\/fr\/","title":{"rendered":"Home"},"content":{"rendered":"<p>[vc_row css=\u00a0\u00bb.vc_custom_1608032447507{padding-top: 200px !important;padding-bottom: 200px !important;background-image: url(https:\/\/mobilise-sme.eu\/wp-content\/uploads\/2020\/11\/portada.png?id=430) !important;background-position: center !important;background-repeat: no-repeat !important;background-size: cover !important;}\u00a0\u00bb el_class=\u00a0\u00bbbloque1&Prime;][vc_column width=\u00a0\u00bb2\/5&Prime; css=\u00a0\u00bb.vc_custom_1645599783724{padding-top: 20px !important;padding-right: 20px !important;padding-bottom: 15px !important;padding-left: 20px !important;background-color: rgba(0,74,135,0.9) !important;*background-color: rgb(0,74,135) !important;}\u00a0\u00bb el_class=\u00a0\u00bbbloque_azul\u00a0\u00bb][vc_column_text css=\u00a0\u00bb.vc_custom_1657620653958{margin-bottom: 15px !important;}\u00a0\u00bb]<\/p>\n<p class=\"titulo\">MobiliseSME<\/p>\n<p class=\"text\" style=\"margin-bottom: 7px;\">MobiliseSME est un programme initi\u00e9 par l&rsquo;UE (EURES, EASI). Il vise \u00e0 soutenir le d\u00e9veloppement des comp\u00e9tences et des connaissances des salari\u00e9s, dirigeants et propri\u00e9taires ou copropri\u00e9taires d&rsquo;entreprises, en apportant son soutien aux d\u00e9tachements transfrontaliers de courte dur\u00e9e.<\/p>\n<p class=\"text\">S&rsquo;appuyant sur le succ\u00e8s du dispositif pilote <a href=\"https:\/\/www.european-entrepreneurs.org\/projects\/mobilisesme\/\" target=\"_blank\" rel=\"noopener noreferrer\">\u00ab\u00a0MobiliseSME\u00a0\u00bb (VS\/2015\/0354)<\/a> mis en \u0153uvre entre 2015 et 2017 par European Entrepreneurs CEA-PME, ce programme vise \u00e0 soutenir les personnes d\u00e9j\u00e0 en poste et souhaitant faire l&rsquo;exp\u00e9rience d&rsquo;une mobilit\u00e9 transfrontali\u00e8re dans une autre entreprise pour une dur\u00e9e limit\u00e9e tout en maintenant le lien contractuel avec leur employeur.<\/p>\n<p>[\/vc_column_text][vc_btn title=\u00a0\u00bbPlus d&rsquo;informations\u00a0\u00bb shape=\u00a0\u00bbround\u00a0\u00bb color=\u00a0\u00bbwhite\u00a0\u00bb align=\u00a0\u00bbleft\u00a0\u00bb link=\u00a0\u00bburl:https%3A%2F%2Fmobilise-sme.eu%2Ffr%2Fa-propos-de-mobilisesme%2F|title:Plus%20d%27informations|\u00a0\u00bb el_class=\u00a0\u00bbboton-blanco boton-home1&Prime;][vc_column_text el_class=\u00a0\u00bbboton-home2&Prime;]<\/p>\n<p class=\"homebutton\" style=\"text-align: center;\"><a href=\"https:\/\/mobilise-sme.eu\/wp-content\/uploads\/2020\/12\/MobiliseSME_Guide-for-participants-1.pdf\" target=\"_blank\" rel=\"noopener noreferrer\"><img src=\"https:\/\/mobilise-sme.eu\/wp-content\/uploads\/2020\/11\/Rectangle-42.png\" alt=\"icono documento\" \/> Guide MobiliseSME<\/a><\/p>\n<p>[\/vc_column_text][\/vc_column][vc_column width=\u00a0\u00bb3\/5&Prime;][\/vc_column][\/vc_row][vc_row content_placement=\u00a0\u00bbmiddle\u00a0\u00bb css=\u00a0\u00bb.vc_custom_1602673164695{padding-top: 20px !important;padding-bottom: 20px !important;background-color: #efca34 !important;}\u00a0\u00bb el_class=\u00a0\u00bbbloque2&Prime;][vc_column][vc_column_text css=\u00a0\u00bb.vc_custom_1602673371394{margin-bottom: 5px !important;}\u00a0\u00bb]<\/p>\n<p class=\"titulo\" style=\"text-align: center;\">Qui peut participer ?<\/p>\n<p>[\/vc_column_text][vc_separator color=\u00a0\u00bbwhite\u00a0\u00bb border_width=\u00a0\u00bb2&Prime; el_width=\u00a0\u00bb10&Prime; css=\u00a0\u00bb.vc_custom_1602673333400{margin-top: 0px !important;margin-bottom: 0px !important;}\u00a0\u00bb][vc_row_inner][vc_column_inner width=\u00a0\u00bb1\/2&Prime;][vc_single_image image=\u00a0\u00bb1319&Prime; img_size=\u00a0\u00bbfull\u00a0\u00bb alignment=\u00a0\u00bbcenter\u00a0\u00bb css=\u00a0\u00bb.vc_custom_1604398623363{margin-bottom: 10px !important;}\u00a0\u00bb][vc_column_text el_class=\u00a0\u00bbtexto-home\u00a0\u00bb]<\/p>\n<p style=\"text-align: center;\"><strong>Les candidats (PME)<\/strong><\/p>\n<p style=\"text-align: center;\">Les candidats sont des petites et moyennes entreprises (PME). Elles peuvent d\u00e9poser leur candidature au programme en s&rsquo;inscrivant sur la plateforme de matchmaking ou en contactant l&rsquo;un des points de contact locaux sur leur territoire.<\/p>\n<p>[\/vc_column_text][vc_btn title=\u00a0\u00bbPlus d&rsquo;informations\u00a0\u00bb shape=\u00a0\u00bbround\u00a0\u00bb color=\u00a0\u00bbwhite\u00a0\u00bb align=\u00a0\u00bbcenter\u00a0\u00bb link=\u00a0\u00bburl:https%3A%2F%2Fmobilise-sme.eu%2Ffr%2Fqui-peut-participer%2F|title:Plus%20d%27informations|\u00a0\u00bb el_class=\u00a0\u00bbboton-blanco boton-desk\u00a0\u00bb][\/vc_column_inner][vc_column_inner width=\u00a0\u00bb1\/2&Prime;][vc_single_image image=\u00a0\u00bb1325&Prime; img_size=\u00a0\u00bbfull\u00a0\u00bb alignment=\u00a0\u00bbcenter\u00a0\u00bb css=\u00a0\u00bb.vc_custom_1604398630351{margin-bottom: 10px !important;}\u00a0\u00bb][vc_column_text el_class=\u00a0\u00bbtexto-home\u00a0\u00bb]<\/p>\n<p style=\"text-align: center;\"><strong>Participants (employ\u00e9s, dirigeants et propri\u00e9taires)<\/strong><\/p>\n<p style=\"text-align: center;\">Les participants sont le personnel des PME demandeurs. Ils participent au programme MobiliseSME. Le terme \u00ab\u00a0participant\u00a0\u00bb couvre le personnel\/les employ\u00e9s, les gestionnaires, dirigeants et les propri\u00e9taires ou copropri\u00e9taires de PME.<\/p>\n<p>[\/vc_column_text][vc_btn title=\u00a0\u00bbPlus d&rsquo;informations\u00a0\u00bb shape=\u00a0\u00bbround\u00a0\u00bb color=\u00a0\u00bbwhite\u00a0\u00bb align=\u00a0\u00bbcenter\u00a0\u00bb link=\u00a0\u00bburl:https%3A%2F%2Fmobilise-sme.eu%2Ffr%2Fqui-peut-participer%2F|title:Plus%20d%27informations|\u00a0\u00bb el_class=\u00a0\u00bbboton-blanco boton-desk\u00a0\u00bb][\/vc_column_inner][vc_column_inner el_class=\u00a0\u00bbboton-resp\u00a0\u00bb][vc_btn title=\u00a0\u00bbPlus d&rsquo;informations\u00a0\u00bb shape=\u00a0\u00bbround\u00a0\u00bb color=\u00a0\u00bbwhite\u00a0\u00bb align=\u00a0\u00bbcenter\u00a0\u00bb link=\u00a0\u00bburl:https%3A%2F%2Fmobilise-sme.eu%2Ffr%2Fcomment-participer%2F|title:Plus%20d%27informations|\u00a0\u00bb el_class=\u00a0\u00bbboton-blanco\u00a0\u00bb][\/vc_column_inner][\/vc_row_inner][\/vc_column][\/vc_row][vc_row content_placement=\u00a0\u00bbmiddle\u00a0\u00bb css=\u00a0\u00bb.vc_custom_1602674082740{padding-top: 20px !important;padding-bottom: 20px !important;}\u00a0\u00bb el_class=\u00a0\u00bbbloque3&Prime;][vc_column][vc_column_text css=\u00a0\u00bb.vc_custom_1602674037059{margin-bottom: 5px !important;}\u00a0\u00bb]<\/p>\n<p class=\"titulo\" style=\"text-align: center;\">Comment participer ?<\/p>\n<p>[\/vc_column_text][vc_separator color=\u00a0\u00bbcustom\u00a0\u00bb border_width=\u00a0\u00bb2&Prime; el_width=\u00a0\u00bb10&Prime; css=\u00a0\u00bb.vc_custom_1602674075761{margin-top: 0px !important;margin-bottom: 0px !important;}\u00a0\u00bb accent_color=\u00a0\u00bb#0d5387&Prime;][vc_row_inner css=\u00a0\u00bb.vc_custom_1602762299583{padding-top: 30px !important;}\u00a0\u00bb][vc_column_inner width=\u00a0\u00bb1\/4&Prime;][vc_column_text]<\/p>\n<div class=\"number-block\">\n<p class=\"number\" style=\"text-align: center;\"><strong>1<\/strong><\/p>\n<\/div>\n<p class=\"text\" style=\"text-align: center;\">Contacter votre point d&rsquo;information local.<\/p>\n<p>[\/vc_column_text][\/vc_column_inner][vc_column_inner width=\u00a0\u00bb1\/4&Prime;][vc_column_text]<\/p>\n<div class=\"number-block\">\n<p class=\"number\" style=\"text-align: center;\"><strong>2<\/strong><\/p>\n<\/div>\n<p class=\"text\" style=\"text-align: center;\">Inscrivez-vous sur la plateforme de matchmaking et trouvez un partenaire professionnel.<\/p>\n<p>[\/vc_column_text][\/vc_column_inner][vc_column_inner width=\u00a0\u00bb1\/4&Prime;][vc_column_text]<\/p>\n<div class=\"number-block\">\n<p class=\"number\" style=\"text-align: center;\"><strong>3<\/strong><\/p>\n<\/div>\n<p class=\"text\" style=\"text-align: center;\">Pr\u00e9paration du document d&rsquo;apprentissage\/de formation MobiliseSME.<\/p>\n<p>[\/vc_column_text][\/vc_column_inner][vc_column_inner width=\u00a0\u00bb1\/4&Prime;][vc_column_text]<\/p>\n<div class=\"number-block\">\n<p class=\"number\" style=\"text-align: center;\"><strong>4<\/strong><\/p>\n<\/div>\n<p class=\"text\" style=\"text-align: center;\">Pr\u00eat \u00e0 partir !<\/p>\n<p>[\/vc_column_text][\/vc_column_inner][\/vc_row_inner][vc_row_inner el_class=\u00a0\u00bbboton\u00a0\u00bb][vc_column_inner][vc_btn title=\u00a0\u00bbPlus d&rsquo;informations\u00a0\u00bb shape=\u00a0\u00bbround\u00a0\u00bb color=\u00a0\u00bbblue\u00a0\u00bb align=\u00a0\u00bbcenter\u00a0\u00bb link=\u00a0\u00bburl:https%3A%2F%2Fmobilise-sme.eu%2Ffr%2Fcomment-participer%2F|title:Plus%20d%27informations|\u00a0\u00bb][\/vc_column_inner][\/vc_row_inner][\/vc_column][\/vc_row][vc_row content_placement=\u00a0\u00bbmiddle\u00a0\u00bb css=\u00a0\u00bb.vc_custom_1602675566973{padding-top: 20px !important;padding-right: 0px !important;padding-bottom: 20px !important;padding-left: 0px !important;}\u00a0\u00bb el_class=\u00a0\u00bbbloque4&Prime;][vc_column][vc_row_inner el_class=\u00a0\u00bbbloque4&Prime;][vc_column_inner el_class=\u00a0\u00bbbloque-flecha\u00a0\u00bb width=\u00a0\u00bb1\/2&Prime; css=\u00a0\u00bb.vc_custom_1639664212347{padding-top: 57.5px !important;padding-bottom: 57.5px !important;background-color: #efca34 !important;}\u00a0\u00bb][vc_column_text]<\/p>\n<p class=\"flecha\"><a href=\"https:\/\/mobilise-sme.eu\/fr\/aide-financiere\/\">Aide financi\u00e8re<img src=\"https:\/\/mobilise-sme.eu\/wp-content\/uploads\/2020\/11\/flecha.png\" alt=\"Aide Financi\u00e8re\" \/><\/a><\/p>\n<p>[\/vc_column_text][\/vc_column_inner][vc_column_inner el_class=\u00a0\u00bbbloque-flecha\u00a0\u00bb width=\u00a0\u00bb1\/2&Prime; css=\u00a0\u00bb.vc_custom_1639664201835{padding-top: 57.5px !important;padding-bottom: 57.5px !important;background-color: #0d5387 !important;}\u00a0\u00bb][vc_column_text]<\/p>\n<p class=\"flecha\"><a href=\"https:\/\/mobilise-sme.eu\/fr\/liste-des-points-de-contact\/\">Liste des Points de Contact<img src=\"https:\/\/mobilise-sme.eu\/wp-content\/uploads\/2020\/11\/flecha.png\" alt=\"Local contact points\" \/><\/a><\/p>\n<p>[\/vc_column_text][\/vc_column_inner][\/vc_row_inner][\/vc_column][\/vc_row][vc_row content_placement=\u00a0\u00bbmiddle\u00a0\u00bb css=\u00a0\u00bb.vc_custom_1606896014959{padding-top: 20px !important;padding-bottom: 0px !important;}\u00a0\u00bb el_class=\u00a0\u00bbbloque5&Prime;][vc_column][vc_column_text css=\u00a0\u00bb.vc_custom_1602675887684{margin-bottom: 5px !important;}\u00a0\u00bb]<\/p>\n<p class=\"titulo\" style=\"text-align: center;\">Actualit\u00e9s<\/p>\n<p>[\/vc_column_text][vc_separator color=\u00a0\u00bbcustom\u00a0\u00bb border_width=\u00a0\u00bb2&Prime; el_width=\u00a0\u00bb10&Prime; css=\u00a0\u00bb.vc_custom_1602674075761{margin-top: 0px !important;margin-bottom: 0px !important;}\u00a0\u00bb accent_color=\u00a0\u00bb#0d5387&Prime;][vc_row_inner css=\u00a0\u00bb.vc_custom_1639993125632{padding-top: 30px !important;padding-right: 0px !important;padding-left: 0px !important;}\u00a0\u00bb][vc_column_inner css=\u00a0\u00bb.vc_custom_1606289082552{padding-right: 0px !important;padding-left: 0px !important;}\u00a0\u00bb][vc_raw_html]JTVCc3Bfd3BjYXJvdXNlbCUyMGlkJTNEJTIyMzIyMyUyMiU1RA==[\/vc_raw_html][\/vc_column_inner][\/vc_row_inner][\/vc_column][\/vc_row][vc_row css=\u00a0\u00bb.vc_custom_1608032515955{padding-top: 100px !important;padding-bottom: 100px !important;background-image: url(https:\/\/mobilise-sme.eu\/wp-content\/uploads\/2020\/11\/Rectangle-11.png?id=504) !important;background-position: center !important;background-repeat: no-repeat !important;background-size: cover !important;}\u00a0\u00bb el_class=\u00a0\u00bbbloque6&Prime;][vc_column width=\u00a0\u00bb2\/5&Prime; css=\u00a0\u00bb.vc_custom_1606895071608{padding-top: 30px !important;padding-right: 20px !important;padding-bottom: 20px !important;padding-left: 20px !important;background-color: rgba(239,202,52,0.9) !important;*background-color: rgb(239,202,52) !important;}\u00a0\u00bb][vc_column_text]<\/p>\n<p class=\"titulo\">Bienvenue sur la plateforme de matchmaking MobiliseSME<\/p>\n<p class=\"text\">Si vous \u00eates un nouveau participant qui souhaite enregistrer une nouvelle PME ou une nouvelle entreprise, veuillez cliquer sur \u00ab\u00a0Commencer l&rsquo;enregistrement\u00a0\u00bb. Si vous \u00eates d\u00e9j\u00e0 inscrit, cliquez sur \u00ab\u00a0Login\u00a0\u00bb.<\/p>\n<p class=\"text\">Cliquez sur \u00ab\u00a0Manuel d&rsquo;inscription MobiliseSME\u00a0\u00bb pour acc\u00e9der \u00e0 un tutoriel sur la mani\u00e8re de s&rsquo;inscrire sur la plateforme, \u00e9tape par \u00e9tape.<\/p>\n<p class=\"text\">Vous pouvez \u00e9galement cliquer sur \u00ab\u00a0Guide MobiliseSME\u00a0\u00bb pour obtenir plus de pr\u00e9cisions sur la fa\u00e7on de participer au programme. Vous trouverez ci-dessous des informations sur les conditions requises pour participer.<\/p>\n<p>[\/vc_column_text][vc_btn title=\u00a0\u00bbPlus d&rsquo;informations\u00a0\u00bb shape=\u00a0\u00bbround\u00a0\u00bb color=\u00a0\u00bbwhite\u00a0\u00bb align=\u00a0\u00bbleft\u00a0\u00bb link=\u00a0\u00bburl:https%3A%2F%2Fmobilise-sme.eu%2Ffr%2Fplateforme-de-matchmaking%2F|title:Plus%20d%27informations|\u00a0\u00bb css=\u00a0\u00bb.vc_custom_1607952988802{margin-bottom: 0px !important;}\u00a0\u00bb][\/vc_column][vc_column width=\u00a0\u00bb3\/5&Prime;][\/vc_column][\/vc_row]<\/p>\n","protected":false},"excerpt":{"rendered":"<p>[vc_row css=\u00a0\u00bb.vc_custom_1608032447507{padding-top: 200px !important;padding-bottom: 200px !important;background-image: url(https:\/\/mobilise-sme.eu\/wp-content\/uploads\/2020\/11\/portada.png?id=430) !important;background-position: center !important;background-repeat: no-repeat !important;background-size: cover !important;}\u00a0\u00bb el_class=\u00a0\u00bbbloque1&Prime;][vc_column width=\u00a0\u00bb2\/5&Prime; css=\u00a0\u00bb.vc_custom_1645599783724{padding-top: 20px !important;padding-right: 20px !important;padding-bottom: 15px !important;padding-left: 20px !important;background-color: rgba(0,74,135,0.9) !important;*background-color: rgb(0,74,135) !important;}\u00a0\u00bb el_class=\u00a0\u00bbbloque_azul\u00a0\u00bb][vc_column_text css=\u00a0\u00bb.vc_custom_1657620653958{margin-bottom: 15px !important;}\u00a0\u00bb] MobiliseSME MobiliseSME est un programme initi\u00e9 par l&rsquo;UE (EURES, EASI). Il vise \u00e0 soutenir le d\u00e9veloppement des comp\u00e9tences et des connaissances des salari\u00e9s, dirigeants et propri\u00e9taires ou copropri\u00e9taires d&rsquo;entreprises, en apportant son soutien aux d\u00e9tachements transfrontaliers de courte dur\u00e9e. S&rsquo;appuyant sur le succ\u00e8s du dispositif pilote \u00ab\u00a0MobiliseSME\u00a0\u00bb (VS\/2015\/0354) mis en \u0153uvre entre 2015 et 2017 par European Entrepreneurs CEA-PME, ce programme vise \u00e0 soutenir les personnes d\u00e9j\u00e0 [&hellip;]<\/p>\n","protected":false},"author":1,"featured_media":0,"parent":0,"menu_order":0,"comment_status":"closed","ping_status":"closed","template":"","meta":[],"yoast_head":"<!-- This site is optimized with the Yoast SEO plugin v15.4 - https:\/\/yoast.com\/wordpress\/plugins\/seo\/ -->\n<title>Home - Mobilsesme<\/title>\n<meta name=\"description\" content=\"Mobilsesme\" \/>\n<meta name=\"robots\" content=\"index, follow, max-snippet:-1, max-image-preview:large, max-video-preview:-1\" \/>\n<link rel=\"canonical\" href=\"https:\/\/mobilise-sme.eu\/fr\/\" \/>\n<meta property=\"og:locale\" content=\"fr_FR\" \/>\n<meta property=\"og:type\" content=\"article\" \/>\n<meta property=\"og:title\" content=\"Home - Mobilsesme\" \/>\n<meta property=\"og:description\" content=\"Mobilsesme\" \/>\n<meta property=\"og:url\" content=\"https:\/\/mobilise-sme.eu\/fr\/\" \/>\n<meta property=\"og:site_name\" content=\"Mobilsesme\" \/>\n<meta property=\"article:modified_time\" content=\"2022-07-12T10:10:55+00:00\" \/>\n<meta property=\"og:image\" content=\"https:\/\/mobilise-sme.eu\/wp-content\/uploads\/2021\/02\/logo_mobilisesme-1536x292-1.png\" \/>\n\t<meta property=\"og:image:width\" content=\"1536\" \/>\n\t<meta property=\"og:image:height\" content=\"292\" \/>\n<meta name=\"twitter:card\" content=\"summary_large_image\" \/>\n<meta name=\"twitter:image\" content=\"https:\/\/mobilise-sme.eu\/wp-content\/uploads\/2021\/02\/logo_mobilisesme-1536x292-1.png\" \/>\n<meta name=\"twitter:label1\" content=\"Written by\">\n\t<meta name=\"twitter:data1\" content=\"sumaysube\">\n\t<meta name=\"twitter:label2\" content=\"Est. reading time\">\n\t<meta name=\"twitter:data2\" content=\"4 minutes\">\n<script type=\"application\/ld+json\" class=\"yoast-schema-graph\">{\"@context\":\"https:\/\/schema.org\",\"@graph\":[{\"@type\":\"WebSite\",\"@id\":\"https:\/\/mobilise-sme.eu\/#website\",\"url\":\"https:\/\/mobilise-sme.eu\/\",\"name\":\"Mobilsesme\",\"description\":\"Otro sitio realizado con WordPress\",\"potentialAction\":[{\"@type\":\"SearchAction\",\"target\":\"https:\/\/mobilise-sme.eu\/?s={search_term_string}\",\"query-input\":\"required name=search_term_string\"}],\"inLanguage\":\"fr-FR\"},{\"@type\":\"ImageObject\",\"@id\":\"https:\/\/mobilise-sme.eu\/fr\/#primaryimage\",\"inLanguage\":\"fr-FR\",\"url\":\"https:\/\/mobilise-sme.eu\/wp-content\/uploads\/2020\/11\/Rectangle-42.png\",\"width\":22,\"height\":23},{\"@type\":\"WebPage\",\"@id\":\"https:\/\/mobilise-sme.eu\/fr\/#webpage\",\"url\":\"https:\/\/mobilise-sme.eu\/fr\/\",\"name\":\"Home - Mobilsesme\",\"isPartOf\":{\"@id\":\"https:\/\/mobilise-sme.eu\/#website\"},\"primaryImageOfPage\":{\"@id\":\"https:\/\/mobilise-sme.eu\/fr\/#primaryimage\"},\"datePublished\":\"2021-01-11T13:24:29+00:00\",\"dateModified\":\"2022-07-12T10:10:55+00:00\",\"description\":\"Mobilsesme\",\"inLanguage\":\"fr-FR\",\"potentialAction\":[{\"@type\":\"ReadAction\",\"target\":[\"https:\/\/mobilise-sme.eu\/fr\/\"]}]}]}<\/script>\n<!-- \/ Yoast SEO plugin. -->","_links":{"self":[{"href":"https:\/\/mobilise-sme.eu\/fr\/wp-json\/wp\/v2\/pages\/1453\/"}],"collection":[{"href":"https:\/\/mobilise-sme.eu\/fr\/wp-json\/wp\/v2\/pages\/"}],"about":[{"href":"https:\/\/mobilise-sme.eu\/fr\/wp-json\/wp\/v2\/types\/page\/"}],"author":[{"embeddable":true,"href":"https:\/\/mobilise-sme.eu\/fr\/wp-json\/wp\/v2\/users\/1\/"}],"replies":[{"embeddable":true,"href":"https:\/\/mobilise-sme.eu\/fr\/wp-json\/wp\/v2\/comments\/?post=1453"}],"version-history":[{"count":19,"href":"https:\/\/mobilise-sme.eu\/fr\/wp-json\/wp\/v2\/pages\/1453\/revisions\/"}],"predecessor-version":[{"id":4184,"href":"https:\/\/mobilise-sme.eu\/fr\/wp-json\/wp\/v2\/pages\/1453\/revisions\/4184\/"}],"wp:attachment":[{"href":"https:\/\/mobilise-sme.eu\/fr\/wp-json\/wp\/v2\/media\/?parent=1453"}],"curies":[{"name":"wp","href":"https:\/\/api.w.org\/{rel}","templated":true}]}}