{"id":1457,"date":"2021-01-11T13:30:08","date_gmt":"2021-01-11T13:30:08","guid":{"rendered":"https:\/\/mobilise-sme.eu\/comment-participer\/"},"modified":"2021-12-17T09:42:27","modified_gmt":"2021-12-17T08:42:27","slug":"comment-participer","status":"publish","type":"page","link":"https:\/\/mobilise-sme.eu\/fr\/comment-participer\/","title":{"rendered":"Comment participer"},"content":{"rendered":"<p>[vc_row el_class=\u00a0\u00bbespaciado\u00a0\u00bb][vc_column css=\u00a0\u00bb.vc_custom_1602768873572{padding-top: 20px !important;}\u00a0\u00bb][vc_column_text css=\u00a0\u00bb.vc_custom_1602768906017{margin-bottom: 5px !important;}\u00a0\u00bb]<\/p>\n<p class=\"titulo-blue\" style=\"text-align: center;\">Comment participer ?<\/p>\n<p>[\/vc_column_text][vc_separator color=\u00a0\u00bbcustom\u00a0\u00bb border_width=\u00a0\u00bb2&Prime; el_width=\u00a0\u00bb20&Prime; accent_color=\u00a0\u00bb#0d5387&Prime;][vc_column_text]<\/p>\n<p class=\"numero\">1<\/p>\n<p class=\"texto-numero\"><strong>Contacter votre point d&rsquo;information local<\/strong><\/p>\n<p class=\"texto-numero\">Les points de contact locaux (organisations interm\u00e9diaires) ont \u00e9t\u00e9 officiellement d\u00e9sign\u00e9s par le programme EASI pour aider \u00e0 \u00e9tablir des contacts entre les PME de l&rsquo;UE dans le cadre du programme MobiliseSME.<\/p>\n<p class=\"texto-numero\">Il s&rsquo;agit d&rsquo;entit\u00e9s telles que les chambres de commerce, les agences d&rsquo;innovation, les fondations, les organisations d&rsquo;entreprises, les universit\u00e9s, les p\u00e9pini\u00e8res d&rsquo;entreprises, entre autres.<\/p>\n<p class=\"texto-numero\">Leur mission principale est de faciliter la r\u00e9ussite des d\u00e9tachements entre les entreprises d&rsquo;accueil et d&rsquo;envoi et d&rsquo;offrir des services de mise en relation. Vous pouvez les contacter dans votre pays en consultant la section \u00ab\u00a0Points de contact locaux\u00a0\u00bb sur le site web.<\/p>\n<p class=\"texto-numero\">D&rsquo;autres outils peuvent vous aider \u00e0 comprendre le programme: le <a href=\"https:\/\/mobilise-sme.eu\/fr\/plateforme-de-matchmaking\/\"><b>Guide MobiliseSME<\/b><\/a> ou le <a href=\"https:\/\/mobilise-sme.eu\/fr\/plateforme-de-matchmaking\/\"><b>Manuel d&rsquo;Inscription<\/b><\/a>.<\/p>\n<p>[\/vc_column_text][vc_column_text]<\/p>\n<p class=\"numero\">2<\/p>\n<p class=\"texto-numero\"><strong>Inscrivez-vous sur la plateforme de matchmaking et trouvez un partenaire professionnel<\/strong><\/p>\n<p class=\"texto-numero\">Toute personne d&rsquo;une PME \u00e9ligible peut contacter une organisation partenaire pour participer au programme MobiliseSME et enregistrer la PME en son nom sur la plateforme de matchmaking.<\/p>\n<p class=\"texto-numero\">Les PME doivent soumettre leurs demandes via l&rsquo;outil d&rsquo;enregistrement en ligne constitu\u00e9 de la plateforme de matchmaking. Dans le cadre de l&rsquo;enregistrement, les PME doivent choisir l&rsquo;un des points de contact locaux officiellement d\u00e9sign\u00e9s pour g\u00e9rer cette proc\u00e9dure.<\/p>\n<p class=\"texto-numero\">Une fois que vous \u00eates inscrit, un point de contact local vous sera attribu\u00e9 et vous aidera pendant la proc\u00e9dure.<\/p>\n<p class=\"texto-numero\">La plateforme de matchmaking vous aidera \u00e9galement \u00e0 trouver des partenaires de n&rsquo;importe quel pays de l&rsquo;UE. Le programme permet en outre d&rsquo;utiliser le dispositif pour renforcer les collaborations d&rsquo;entreprises d\u00e9j\u00e0 existantes.<\/p>\n<p>[\/vc_column_text][vc_column_text]<\/p>\n<p class=\"numero\">3<\/p>\n<p class=\"texto-numero\"><strong>Pr\u00e9paration du document d&rsquo;apprentissage\/de formation MobiliseSME<\/strong><\/p>\n<p class=\"texto-numero\">Le descriptif du projet d&rsquo;apprentissage ou le plan d&rsquo;activit\u00e9s de MobiliseSME est le principal document de travail et de liaison pour toutes les parties impliqu\u00e9es, dans lequel seront d\u00e9crits les objectifs pour toutes les parties, la description du projet d&rsquo;apprentissage, la planification des activit\u00e9s et les r\u00e9sultats attendus.<\/p>\n<p class=\"texto-numero\">Il existe un guide clair sur la mani\u00e8re de concevoir ce document, guide r\u00e9dig\u00e9 dans le cadre du programme MobiliseSME.<\/p>\n<p class=\"texto-numero\">D&rsquo;autres documents de travail sont disponibles, contactez votre point de contact local pour plus de d\u00e9tails.<\/p>\n<p>[\/vc_column_text][vc_column_text]<\/p>\n<p class=\"numero\">4<\/p>\n<p class=\"texto-numero\"><strong>Pr\u00eat \u00e0 partir !<\/strong><\/p>\n<p class=\"texto-numero\">Avant votre d\u00e9part, le programme MobiliseSME vous fournira toutes les informations pratiques n\u00e9cessaires \u00e0 l&rsquo;\u00e9change. Il s&rsquo;agit notamment de toute question li\u00e9e \u00e0 l&rsquo;UE, aux entreprises, ainsi que des informations pratiques sur le s\u00e9jour \u00e0 l&rsquo;\u00e9tranger.<\/p>\n<p class=\"texto-numero\">Pour plus de d\u00e9tails sur les \u00e9ventuelles implications juridiques (droit administratif, s\u00e9curit\u00e9 sociale, soins de sant\u00e9, droit du travail et droit fiscal), contactez votre point d&rsquo;information local.<\/p>\n<p class=\"texto-numero\">A l&rsquo;issue de l&rsquo;\u00e9change, un questionnaire de satisfaction est \u00e0 remplir.<\/p>\n<p>[\/vc_column_text][\/vc_column][\/vc_row]<\/p>\n","protected":false},"excerpt":{"rendered":"<p>[vc_row el_class=\u00a0\u00bbespaciado\u00a0\u00bb][vc_column css=\u00a0\u00bb.vc_custom_1602768873572{padding-top: 20px !important;}\u00a0\u00bb][vc_column_text css=\u00a0\u00bb.vc_custom_1602768906017{margin-bottom: 5px !important;}\u00a0\u00bb] Comment participer ? [\/vc_column_text][vc_separator color=\u00a0\u00bbcustom\u00a0\u00bb border_width=\u00a0\u00bb2&Prime; el_width=\u00a0\u00bb20&Prime; accent_color=\u00a0\u00bb#0d5387&Prime;][vc_column_text] 1 Contacter votre point d&rsquo;information local Les points de contact locaux (organisations interm\u00e9diaires) ont \u00e9t\u00e9 officiellement d\u00e9sign\u00e9s par le programme EASI pour aider \u00e0 \u00e9tablir des contacts entre les PME de l&rsquo;UE dans le cadre du programme MobiliseSME. Il s&rsquo;agit d&rsquo;entit\u00e9s telles que les chambres de commerce, les agences d&rsquo;innovation, les fondations, les organisations d&rsquo;entreprises, les universit\u00e9s, les p\u00e9pini\u00e8res d&rsquo;entreprises, entre autres. Leur mission principale est de faciliter la r\u00e9ussite des d\u00e9tachements entre les entreprises d&rsquo;accueil et d&rsquo;envoi et d&rsquo;offrir des services de mise [&hellip;]<\/p>\n","protected":false},"author":1,"featured_media":0,"parent":0,"menu_order":0,"comment_status":"closed","ping_status":"closed","template":"","meta":[],"yoast_head":"<!-- This site is optimized with the Yoast SEO plugin v15.4 - https:\/\/yoast.com\/wordpress\/plugins\/seo\/ -->\n<title>Comment participer - Mobilsesme<\/title>\n<meta name=\"robots\" content=\"index, follow, max-snippet:-1, max-image-preview:large, max-video-preview:-1\" \/>\n<link rel=\"canonical\" href=\"https:\/\/mobilise-sme.eu\/fr\/comment-participer\/\" \/>\n<meta property=\"og:locale\" content=\"fr_FR\" \/>\n<meta property=\"og:type\" content=\"article\" \/>\n<meta property=\"og:title\" content=\"Comment participer - Mobilsesme\" \/>\n<meta property=\"og:description\" content=\"[vc_row el_class=\u00a0\u00bbespaciado\u00a0\u00bb][vc_column css=\u00a0\u00bb.vc_custom_1602768873572{padding-top: 20px !important;}\u00a0\u00bb][vc_column_text css=\u00a0\u00bb.vc_custom_1602768906017{margin-bottom: 5px !important;}\u00a0\u00bb] Comment participer ? [\/vc_column_text][vc_separator color=\u00a0\u00bbcustom\u00a0\u00bb border_width=\u00a0\u00bb2&Prime; el_width=\u00a0\u00bb20&Prime; accent_color=\u00a0\u00bb#0d5387&Prime;][vc_column_text] 1 Contacter votre point d&rsquo;information local Les points de contact locaux (organisations interm\u00e9diaires) ont \u00e9t\u00e9 officiellement d\u00e9sign\u00e9s par le programme EASI pour aider \u00e0 \u00e9tablir des contacts entre les PME de l&rsquo;UE dans le cadre du programme MobiliseSME. Il s&rsquo;agit d&rsquo;entit\u00e9s telles que les chambres de commerce, les agences d&rsquo;innovation, les fondations, les organisations d&rsquo;entreprises, les universit\u00e9s, les p\u00e9pini\u00e8res d&rsquo;entreprises, entre autres. Leur mission principale est de faciliter la r\u00e9ussite des d\u00e9tachements entre les entreprises d&rsquo;accueil et d&rsquo;envoi et d&rsquo;offrir des services de mise [&hellip;]\" \/>\n<meta property=\"og:url\" content=\"https:\/\/mobilise-sme.eu\/fr\/comment-participer\/\" \/>\n<meta property=\"og:site_name\" content=\"Mobilsesme\" \/>\n<meta property=\"article:modified_time\" content=\"2021-12-17T08:42:27+00:00\" \/>\n<meta name=\"twitter:card\" content=\"summary_large_image\" \/>\n<meta name=\"twitter:label1\" content=\"Written by\">\n\t<meta name=\"twitter:data1\" content=\"sumaysube\">\n\t<meta name=\"twitter:label2\" content=\"Est. reading time\">\n\t<meta name=\"twitter:data2\" content=\"2 minutes\">\n<script type=\"application\/ld+json\" class=\"yoast-schema-graph\">{\"@context\":\"https:\/\/schema.org\",\"@graph\":[{\"@type\":\"WebSite\",\"@id\":\"https:\/\/mobilise-sme.eu\/#website\",\"url\":\"https:\/\/mobilise-sme.eu\/\",\"name\":\"Mobilsesme\",\"description\":\"Otro sitio realizado con WordPress\",\"potentialAction\":[{\"@type\":\"SearchAction\",\"target\":\"https:\/\/mobilise-sme.eu\/?s={search_term_string}\",\"query-input\":\"required name=search_term_string\"}],\"inLanguage\":\"fr-FR\"},{\"@type\":\"WebPage\",\"@id\":\"https:\/\/mobilise-sme.eu\/fr\/comment-participer\/#webpage\",\"url\":\"https:\/\/mobilise-sme.eu\/fr\/comment-participer\/\",\"name\":\"Comment participer - Mobilsesme\",\"isPartOf\":{\"@id\":\"https:\/\/mobilise-sme.eu\/#website\"},\"datePublished\":\"2021-01-11T13:30:08+00:00\",\"dateModified\":\"2021-12-17T08:42:27+00:00\",\"inLanguage\":\"fr-FR\",\"potentialAction\":[{\"@type\":\"ReadAction\",\"target\":[\"https:\/\/mobilise-sme.eu\/fr\/comment-participer\/\"]}]}]}<\/script>\n<!-- \/ Yoast SEO plugin. -->","_links":{"self":[{"href":"https:\/\/mobilise-sme.eu\/fr\/wp-json\/wp\/v2\/pages\/1457\/"}],"collection":[{"href":"https:\/\/mobilise-sme.eu\/fr\/wp-json\/wp\/v2\/pages\/"}],"about":[{"href":"https:\/\/mobilise-sme.eu\/fr\/wp-json\/wp\/v2\/types\/page\/"}],"author":[{"embeddable":true,"href":"https:\/\/mobilise-sme.eu\/fr\/wp-json\/wp\/v2\/users\/1\/"}],"replies":[{"embeddable":true,"href":"https:\/\/mobilise-sme.eu\/fr\/wp-json\/wp\/v2\/comments\/?post=1457"}],"version-history":[{"count":8,"href":"https:\/\/mobilise-sme.eu\/fr\/wp-json\/wp\/v2\/pages\/1457\/revisions\/"}],"predecessor-version":[{"id":3457,"href":"https:\/\/mobilise-sme.eu\/fr\/wp-json\/wp\/v2\/pages\/1457\/revisions\/3457\/"}],"wp:attachment":[{"href":"https:\/\/mobilise-sme.eu\/fr\/wp-json\/wp\/v2\/media\/?parent=1457"}],"curies":[{"name":"wp","href":"https:\/\/api.w.org\/{rel}","templated":true}]}}