{"id":1463,"date":"2021-01-12T09:44:37","date_gmt":"2021-01-12T09:44:37","guid":{"rendered":"https:\/\/mobilise-sme.eu\/plateforme-de-matchmaking\/"},"modified":"2021-01-20T13:27:04","modified_gmt":"2021-01-20T13:27:04","slug":"plateforme-de-matchmaking","status":"publish","type":"page","link":"https:\/\/mobilise-sme.eu\/fr\/plateforme-de-matchmaking\/","title":{"rendered":"Plateforme de Matchmaking"},"content":{"rendered":"<p>[vc_row el_class=\u00a0\u00bbespaciado\u00a0\u00bb][vc_column css=\u00a0\u00bb.vc_custom_1602770862010{padding-top: 20px !important;}\u00a0\u00bb][vc_column_text css=\u00a0\u00bb.vc_custom_1602770908628{margin-bottom: 5px !important;}\u00a0\u00bb]<\/p>\n<p class=\"titulo-blue\" style=\"text-align: center;\">Plateforme de Matchmaking<\/p>\n<p>[\/vc_column_text][vc_separator color=\u00a0\u00bbcustom\u00a0\u00bb border_width=\u00a0\u00bb2&Prime; el_width=\u00a0\u00bb20&Prime; accent_color=\u00a0\u00bb#0d5387&Prime;][vc_row_inner][vc_column_inner width=\u00a0\u00bb1\/2&Prime;][vc_column_text]<\/p>\n<p>Bienvenue sur la plateforme de matchmaking MobiliseSME.<\/p>\n<p>Si vous \u00eates un nouveau participant qui souhaite enregistrer une nouvelle PME ou une nouvelle entreprise, veuillez cliquer sur <em><strong>Commencer l&rsquo;enregistrement<\/strong><\/em>. Si vous \u00eates d\u00e9j\u00e0 inscrit, cliquez sur <strong><em>Login<\/em><\/strong>.<\/p>\n<p>[\/vc_column_text][vc_column_text el_class=\u00a0\u00bbbloque-botones\u00a0\u00bb]<\/p>\n<p style=\"text-align: center;\">Vous n&rsquo;\u00eates pas membre ?<\/p>\n<p class=\"blue-button\" style=\"text-align: center;\"><a href=\"#\">Commencer l&rsquo;enregistrement<\/a><\/p>\n<p style=\"text-align: center;\">D\u00e9j\u00e0 membre ?<\/p>\n<p class=\"blue-button\" style=\"text-align: center;\"><a href=\"#\">Login<\/a><\/p>\n<p>[\/vc_column_text][\/vc_column_inner][vc_column_inner width=\u00a0\u00bb1\/2&Prime;][vc_column_text]<\/p>\n<p>Cliquez sur <strong><em>Manuel d&rsquo;inscription MobiliseSME<\/em><\/strong> pour acc\u00e9der \u00e0 un tutoriel sur la mani\u00e8re de s&rsquo;inscrire sur la plateforme, \u00e9tape par \u00e9tape.<\/p>\n<p>Vous pouvez \u00e9galement cliquer sur <strong><em>Guide MobiliseSME<\/em><\/strong> pour obtenir plus de pr\u00e9cisions sur la fa\u00e7on de participer au programme.<\/p>\n<p>[\/vc_column_text][vc_column_text el_class=\u00a0\u00bbbloque-botones\u00a0\u00bb css=\u00a0\u00bb.vc_custom_1608193578345{margin-top: 50px !important;padding-top: 52px !important;padding-bottom: 52px !important;}\u00a0\u00bb]<\/p>\n<p class=\"yellow-button\" style=\"text-align: center;\"><a href=\"#\"><img src=\"https:\/\/mobilise-sme.eu\/wp-content\/uploads\/2020\/11\/Rectangle-42.png\" \/> Manuel d&rsquo;inscription MobiliseSME<\/a><\/p>\n<p class=\"yellow-button\" style=\"text-align: center;\"><a href=\"https:\/\/mobilise-sme.eu\/wp-content\/uploads\/2020\/12\/MobiliseSME_Guide-for-participants-1.pdf\" target=\"_blank\" rel=\"noopener noreferrer\"><img src=\"https:\/\/mobilise-sme.eu\/wp-content\/uploads\/2020\/11\/Rectangle-42.png\" \/> Guide MobiliseSME<\/a><\/p>\n<p>[\/vc_column_text][\/vc_column_inner][\/vc_row_inner][\/vc_column][\/vc_row]<\/p>\n","protected":false},"excerpt":{"rendered":"<p>[vc_row el_class=\u00a0\u00bbespaciado\u00a0\u00bb][vc_column css=\u00a0\u00bb.vc_custom_1602770862010{padding-top: 20px !important;}\u00a0\u00bb][vc_column_text css=\u00a0\u00bb.vc_custom_1602770908628{margin-bottom: 5px !important;}\u00a0\u00bb] Plateforme de Matchmaking [\/vc_column_text][vc_separator color=\u00a0\u00bbcustom\u00a0\u00bb border_width=\u00a0\u00bb2&Prime; el_width=\u00a0\u00bb20&Prime; accent_color=\u00a0\u00bb#0d5387&Prime;][vc_row_inner][vc_column_inner width=\u00a0\u00bb1\/2&Prime;][vc_column_text] Bienvenue sur la plateforme de matchmaking MobiliseSME. Si vous \u00eates un nouveau participant qui souhaite enregistrer une nouvelle PME ou une nouvelle entreprise, veuillez cliquer sur Commencer l&rsquo;enregistrement. Si vous \u00eates d\u00e9j\u00e0 inscrit, cliquez sur Login. [\/vc_column_text][vc_column_text el_class=\u00a0\u00bbbloque-botones\u00a0\u00bb] Vous n&rsquo;\u00eates pas membre ? Commencer l&rsquo;enregistrement D\u00e9j\u00e0 membre ? Login [\/vc_column_text][\/vc_column_inner][vc_column_inner width=\u00a0\u00bb1\/2&Prime;][vc_column_text] Cliquez sur Manuel d&rsquo;inscription MobiliseSME pour acc\u00e9der \u00e0 un tutoriel sur la mani\u00e8re de s&rsquo;inscrire sur la plateforme, \u00e9tape par \u00e9tape. Vous pouvez \u00e9galement cliquer sur Guide MobiliseSME pour obtenir plus de [&hellip;]<\/p>\n","protected":false},"author":1,"featured_media":0,"parent":0,"menu_order":0,"comment_status":"closed","ping_status":"closed","template":"","meta":[],"yoast_head":"<!-- This site is optimized with the Yoast SEO plugin v15.4 - https:\/\/yoast.com\/wordpress\/plugins\/seo\/ -->\n<title>Plateforme de Matchmaking - Mobilsesme<\/title>\n<meta name=\"robots\" content=\"index, follow, max-snippet:-1, max-image-preview:large, max-video-preview:-1\" \/>\n<link rel=\"canonical\" href=\"https:\/\/mobilise-sme.eu\/fr\/matchmaking-platform\/\" \/>\n<meta property=\"og:locale\" content=\"fr_FR\" \/>\n<meta property=\"og:type\" content=\"article\" \/>\n<meta property=\"og:title\" content=\"Plateforme de Matchmaking - Mobilsesme\" \/>\n<meta property=\"og:description\" content=\"[vc_row el_class=\u00a0\u00bbespaciado\u00a0\u00bb][vc_column css=\u00a0\u00bb.vc_custom_1602770862010{padding-top: 20px !important;}\u00a0\u00bb][vc_column_text css=\u00a0\u00bb.vc_custom_1602770908628{margin-bottom: 5px !important;}\u00a0\u00bb] Plateforme de Matchmaking [\/vc_column_text][vc_separator color=\u00a0\u00bbcustom\u00a0\u00bb border_width=\u00a0\u00bb2&Prime; el_width=\u00a0\u00bb20&Prime; accent_color=\u00a0\u00bb#0d5387&Prime;][vc_row_inner][vc_column_inner width=\u00a0\u00bb1\/2&Prime;][vc_column_text] Bienvenue sur la plateforme de matchmaking MobiliseSME. Si vous \u00eates un nouveau participant qui souhaite enregistrer une nouvelle PME ou une nouvelle entreprise, veuillez cliquer sur Commencer l&rsquo;enregistrement. Si vous \u00eates d\u00e9j\u00e0 inscrit, cliquez sur Login. [\/vc_column_text][vc_column_text el_class=\u00a0\u00bbbloque-botones\u00a0\u00bb] Vous n&rsquo;\u00eates pas membre ? Commencer l&rsquo;enregistrement D\u00e9j\u00e0 membre ? Login [\/vc_column_text][\/vc_column_inner][vc_column_inner width=\u00a0\u00bb1\/2&Prime;][vc_column_text] Cliquez sur Manuel d&rsquo;inscription MobiliseSME pour acc\u00e9der \u00e0 un tutoriel sur la mani\u00e8re de s&rsquo;inscrire sur la plateforme, \u00e9tape par \u00e9tape. Vous pouvez \u00e9galement cliquer sur Guide MobiliseSME pour obtenir plus de [&hellip;]\" \/>\n<meta property=\"og:url\" content=\"https:\/\/mobilise-sme.eu\/matchmaking-platform\/\" \/>\n<meta property=\"og:site_name\" content=\"Mobilsesme\" \/>\n<meta property=\"article:modified_time\" content=\"2021-01-20T13:27:04+00:00\" \/>\n<meta property=\"og:image\" content=\"https:\/\/mobilise-sme.eu\/wp-content\/uploads\/2020\/11\/Rectangle-42.png\" \/>\n<meta name=\"twitter:card\" content=\"summary_large_image\" \/>\n<meta name=\"twitter:label1\" content=\"Written by\">\n\t<meta name=\"twitter:data1\" content=\"sumaysube\">\n\t<meta name=\"twitter:label2\" content=\"Est. reading time\">\n\t<meta name=\"twitter:data2\" content=\"1 minute\">\n<script type=\"application\/ld+json\" class=\"yoast-schema-graph\">{\"@context\":\"https:\/\/schema.org\",\"@graph\":[{\"@type\":\"WebSite\",\"@id\":\"https:\/\/mobilise-sme.eu\/#website\",\"url\":\"https:\/\/mobilise-sme.eu\/\",\"name\":\"Mobilsesme\",\"description\":\"Otro sitio realizado con WordPress\",\"potentialAction\":[{\"@type\":\"SearchAction\",\"target\":\"https:\/\/mobilise-sme.eu\/?s={search_term_string}\",\"query-input\":\"required name=search_term_string\"}],\"inLanguage\":\"fr-FR\"},{\"@type\":\"ImageObject\",\"@id\":\"https:\/\/mobilise-sme.eu\/matchmaking-platform\/#primaryimage\",\"inLanguage\":\"fr-FR\",\"url\":\"https:\/\/mobilise-sme.eu\/wp-content\/uploads\/2020\/11\/Rectangle-42.png\",\"width\":22,\"height\":23},{\"@type\":\"WebPage\",\"@id\":\"https:\/\/mobilise-sme.eu\/matchmaking-platform\/#webpage\",\"url\":\"https:\/\/mobilise-sme.eu\/matchmaking-platform\/\",\"name\":\"Plateforme de Matchmaking - Mobilsesme\",\"isPartOf\":{\"@id\":\"https:\/\/mobilise-sme.eu\/#website\"},\"primaryImageOfPage\":{\"@id\":\"https:\/\/mobilise-sme.eu\/matchmaking-platform\/#primaryimage\"},\"datePublished\":\"2021-01-12T09:44:37+00:00\",\"dateModified\":\"2021-01-20T13:27:04+00:00\",\"inLanguage\":\"fr-FR\",\"potentialAction\":[{\"@type\":\"ReadAction\",\"target\":[\"https:\/\/mobilise-sme.eu\/matchmaking-platform\/\"]}]}]}<\/script>\n<!-- \/ Yoast SEO plugin. -->","_links":{"self":[{"href":"https:\/\/mobilise-sme.eu\/fr\/wp-json\/wp\/v2\/pages\/1463\/"}],"collection":[{"href":"https:\/\/mobilise-sme.eu\/fr\/wp-json\/wp\/v2\/pages\/"}],"about":[{"href":"https:\/\/mobilise-sme.eu\/fr\/wp-json\/wp\/v2\/types\/page\/"}],"author":[{"embeddable":true,"href":"https:\/\/mobilise-sme.eu\/fr\/wp-json\/wp\/v2\/users\/1\/"}],"replies":[{"embeddable":true,"href":"https:\/\/mobilise-sme.eu\/fr\/wp-json\/wp\/v2\/comments\/?post=1463"}],"version-history":[{"count":4,"href":"https:\/\/mobilise-sme.eu\/fr\/wp-json\/wp\/v2\/pages\/1463\/revisions\/"}],"predecessor-version":[{"id":1614,"href":"https:\/\/mobilise-sme.eu\/fr\/wp-json\/wp\/v2\/pages\/1463\/revisions\/1614\/"}],"wp:attachment":[{"href":"https:\/\/mobilise-sme.eu\/fr\/wp-json\/wp\/v2\/media\/?parent=1463"}],"curies":[{"name":"wp","href":"https:\/\/api.w.org\/{rel}","templated":true}]}}