{"id":1610,"date":"2021-01-20T13:25:31","date_gmt":"2021-01-20T13:25:31","guid":{"rendered":"https:\/\/mobilise-sme.eu\/qui-peut-participer\/"},"modified":"2021-02-17T13:39:33","modified_gmt":"2021-02-17T13:39:33","slug":"qui-peut-participer","status":"publish","type":"page","link":"https:\/\/mobilise-sme.eu\/fr\/qui-peut-participer\/","title":{"rendered":"Qui peut participer"},"content":{"rendered":"<p>[vc_row el_class=\u00a0\u00bbespaciado\u00a0\u00bb][vc_column css=\u00a0\u00bb.vc_custom_1602686899070{padding-top: 20px !important;}\u00a0\u00bb][vc_column_text css=\u00a0\u00bb.vc_custom_1602686966717{margin-bottom: 5px !important;}\u00a0\u00bb]<\/p>\n<p class=\"titulo-yellow\" style=\"text-align: center;\">Qui peut participer ?<\/p>\n<p>[\/vc_column_text][vc_separator color=\u00a0\u00bbcustom\u00a0\u00bb border_width=\u00a0\u00bb2&Prime; el_width=\u00a0\u00bb20&Prime; accent_color=\u00a0\u00bb#efca34&Prime;][vc_row_inner][vc_column_inner width=\u00a0\u00bb1\/2&Prime;][vc_column_text]<\/p>\n<p style=\"text-align: center;\"><strong>Les candidats (PME)<\/strong><\/p>\n<p>Les candidats sont des petites et moyennes entreprises (PME). Elles peuvent d\u00e9poser leur candidature au programme en s&rsquo;inscrivant sur la plateforme de matchmaking ou en contactant l&rsquo;un des points de contact locaux sur leur territoire.<\/p>\n<p>Toutes les PME participantes doivent d\u00fbment \u00eatre \u00e9tablies et enregistr\u00e9es dans les pays suivants :<\/p>\n<ul>\n<li>Etats membres de l&rsquo;Union europ\u00e9enne.<\/li>\n<li>Islande et Norv\u00e8ge, conform\u00e9ment \u00e0 l&rsquo;accord EEE.<\/li>\n<li>Albanie, R\u00e9publique de Mac\u00e9doine du Nord, Mont\u00e9n\u00e9gro, Serbie et Turquie.<\/li>\n<\/ul>\n<p>Les entreprises unipersonnelles sont autoris\u00e9es \u00e0 participer si elles sont constitu\u00e9es en personne morale et poss\u00e8dent un num\u00e9ro de TVA. D&rsquo;autres profils tels que les ind\u00e9pendants, les freelances, les entrepreneurs ind\u00e9pendants et un ensemble de professions lib\u00e9rales telles que les avocats, les notaires, les comptables fiscaux, les auditeurs financiers certifi\u00e9s, les m\u00e9decins, les pharmaciens, les psychologues, les architectes, les ing\u00e9nieurs sont \u00e9galement consid\u00e9r\u00e9s comme \u00e9ligibles.<\/p>\n<p>Les autres formes de travail ind\u00e9pendant sont exclues. Toutefois, il est recommand\u00e9 de consulter les points de contact locaux, car il est possible de v\u00e9rifier au cas par cas.<\/p>\n<p>Les grandes entreprises peuvent participer, mais uniquement en tant qu&rsquo;entreprises d&rsquo;accueil : elles re\u00e7oivent des employ\u00e9s d\u00e9tach\u00e9s de PME mais n&rsquo;envoient pas de salari\u00e9s en d\u00e9tachement.<\/p>\n<p>Il est obligatoire de s&rsquo;inscrire sur la plateforme de matchmaking pour participer au programme. Toute personne faisant partie d&rsquo;une PME \u00e9ligible peut contacter un point de contact local pour participer au programme Mobilise SME et inscrire la PME en son nom.<\/p>\n<p>[\/vc_column_text][\/vc_column_inner][vc_column_inner width=\u00a0\u00bb1\/2&Prime;][vc_column_text]<\/p>\n<p style=\"text-align: center;\"><strong>Participants (employ\u00e9s, dirigeants et propri\u00e9taires)<\/strong><\/p>\n<p>Les participants sont le personnel des PME demandeurs. Ils participent au programme MobiliseSME. Le terme \u00ab\u00a0participant\u00a0\u00bb couvre le personnel\/les employ\u00e9s, les gestionnaires, dirigeants et les propri\u00e9taires ou copropri\u00e9taires de PME. Concr\u00e8tement :<\/p>\n<ul>\n<li>Dans le cadre de MobiliseSME, la d\u00e9finition d&rsquo;un salari\u00e9 est une personne qui est sous contrat de travail.<\/li>\n<li>Dans le cadre de MobiliseSME, la d\u00e9finition d&rsquo;un manager est une personne sous contrat de travail et qui doit avoir une responsabilit\u00e9 sp\u00e9cifique d&rsquo;encadrement dans le cadre des activit\u00e9s quotidiennes de l&rsquo;entreprise.<\/li>\n<li>Dans le cadre de MobiliseSME, on entend par propri\u00e9taire ou copropri\u00e9taire toute personne qui a fond\u00e9 la PME ou qui fait partie du conseil d&rsquo;administration.<\/li>\n<\/ul>\n<p>Pour plus de d\u00e9tails ou en cas de doute sur les exigences relatives aux participants, veuillez contacter votre point de contact local le plus proche.<\/p>\n<p>[\/vc_column_text][\/vc_column_inner][\/vc_row_inner][vc_row_inner][vc_column_inner width=\u00a0\u00bb1\/3&Prime;][vc_column_text]<\/p>\n<p class=\"homebutton\" style=\"text-align: center;\"><a href=\"https:\/\/mobilise-sme.eu\/wp-content\/uploads\/2020\/12\/leaflet_mobilisesme_GENERAL-1.pdf\" target=\"_blank\" rel=\"noopener noreferrer\"><img src=\"https:\/\/mobilise-sme.eu\/wp-content\/uploads\/2020\/11\/Rectangle-42.png\" \/> Plaquette de pr\u00e9sentation g\u00e9n\u00e9rale<\/a><\/p>\n<p>[\/vc_column_text][\/vc_column_inner][vc_column_inner width=\u00a0\u00bb1\/3&Prime;][vc_column_text]<\/p>\n<p class=\"homebutton\" style=\"text-align: center;\"><a href=\"https:\/\/mobilise-sme.eu\/wp-content\/uploads\/2020\/12\/leaflet_mobilisesme_HC-1.pdf\" target=\"_blank\" rel=\"noopener noreferrer\"><img src=\"https:\/\/mobilise-sme.eu\/wp-content\/uploads\/2020\/11\/Rectangle-42.png\" \/> Plaquette Entreprise d&rsquo;Accueil<\/a><\/p>\n<p>[\/vc_column_text][\/vc_column_inner][vc_column_inner width=\u00a0\u00bb1\/3&Prime;][vc_column_text]<\/p>\n<p class=\"homebutton\" style=\"text-align: center;\"><a href=\"https:\/\/mobilise-sme.eu\/wp-content\/uploads\/2020\/12\/leaflet_mobilisesme_SC-1.pdf\" target=\"_blank\" rel=\"noopener noreferrer\"><img src=\"https:\/\/mobilise-sme.eu\/wp-content\/uploads\/2020\/11\/Rectangle-42.png\" \/> Plaquette Entreprise d&rsquo;Envoi<\/a><\/p>\n<p>[\/vc_column_text][\/vc_column_inner][\/vc_row_inner][\/vc_column][\/vc_row]<\/p>\n","protected":false},"excerpt":{"rendered":"<p>[vc_row el_class=\u00a0\u00bbespaciado\u00a0\u00bb][vc_column css=\u00a0\u00bb.vc_custom_1602686899070{padding-top: 20px !important;}\u00a0\u00bb][vc_column_text css=\u00a0\u00bb.vc_custom_1602686966717{margin-bottom: 5px !important;}\u00a0\u00bb] Qui peut participer ? [\/vc_column_text][vc_separator color=\u00a0\u00bbcustom\u00a0\u00bb border_width=\u00a0\u00bb2&Prime; el_width=\u00a0\u00bb20&Prime; accent_color=\u00a0\u00bb#efca34&Prime;][vc_row_inner][vc_column_inner width=\u00a0\u00bb1\/2&Prime;][vc_column_text] Les candidats (PME) Les candidats sont des petites et moyennes entreprises (PME). Elles peuvent d\u00e9poser leur candidature au programme en s&rsquo;inscrivant sur la plateforme de matchmaking ou en contactant l&rsquo;un des points de contact locaux sur leur territoire. Toutes les PME participantes doivent d\u00fbment \u00eatre \u00e9tablies et enregistr\u00e9es dans les pays suivants : Etats membres de l&rsquo;Union europ\u00e9enne. Islande et Norv\u00e8ge, conform\u00e9ment \u00e0 l&rsquo;accord EEE. Albanie, R\u00e9publique de Mac\u00e9doine du Nord, Mont\u00e9n\u00e9gro, Serbie et Turquie. Les entreprises unipersonnelles sont autoris\u00e9es \u00e0 participer [&hellip;]<\/p>\n","protected":false},"author":1,"featured_media":0,"parent":0,"menu_order":0,"comment_status":"closed","ping_status":"closed","template":"","meta":[],"yoast_head":"<!-- This site is optimized with the Yoast SEO plugin v15.4 - https:\/\/yoast.com\/wordpress\/plugins\/seo\/ -->\n<title>Qui peut participer - Mobilsesme<\/title>\n<meta name=\"robots\" content=\"index, follow, max-snippet:-1, max-image-preview:large, max-video-preview:-1\" \/>\n<link rel=\"canonical\" href=\"https:\/\/mobilise-sme.eu\/fr\/who-can-participate\/\" \/>\n<meta property=\"og:locale\" content=\"fr_FR\" \/>\n<meta property=\"og:type\" content=\"article\" \/>\n<meta property=\"og:title\" content=\"Qui peut participer - Mobilsesme\" \/>\n<meta property=\"og:description\" content=\"[vc_row el_class=\u00a0\u00bbespaciado\u00a0\u00bb][vc_column css=\u00a0\u00bb.vc_custom_1602686899070{padding-top: 20px !important;}\u00a0\u00bb][vc_column_text css=\u00a0\u00bb.vc_custom_1602686966717{margin-bottom: 5px !important;}\u00a0\u00bb] Qui peut participer ? [\/vc_column_text][vc_separator color=\u00a0\u00bbcustom\u00a0\u00bb border_width=\u00a0\u00bb2&Prime; el_width=\u00a0\u00bb20&Prime; accent_color=\u00a0\u00bb#efca34&Prime;][vc_row_inner][vc_column_inner width=\u00a0\u00bb1\/2&Prime;][vc_column_text] Les candidats (PME) Les candidats sont des petites et moyennes entreprises (PME). Elles peuvent d\u00e9poser leur candidature au programme en s&rsquo;inscrivant sur la plateforme de matchmaking ou en contactant l&rsquo;un des points de contact locaux sur leur territoire. Toutes les PME participantes doivent d\u00fbment \u00eatre \u00e9tablies et enregistr\u00e9es dans les pays suivants : Etats membres de l&rsquo;Union europ\u00e9enne. Islande et Norv\u00e8ge, conform\u00e9ment \u00e0 l&rsquo;accord EEE. Albanie, R\u00e9publique de Mac\u00e9doine du Nord, Mont\u00e9n\u00e9gro, Serbie et Turquie. Les entreprises unipersonnelles sont autoris\u00e9es \u00e0 participer [&hellip;]\" \/>\n<meta property=\"og:url\" content=\"https:\/\/mobilise-sme.eu\/who-can-participate\/\" \/>\n<meta property=\"og:site_name\" content=\"Mobilsesme\" \/>\n<meta property=\"article:modified_time\" content=\"2021-02-17T13:39:33+00:00\" \/>\n<meta property=\"og:image\" content=\"https:\/\/mobilise-sme.eu\/wp-content\/uploads\/2020\/11\/Rectangle-42.png\" \/>\n<meta name=\"twitter:card\" content=\"summary_large_image\" \/>\n<meta name=\"twitter:label1\" content=\"Written by\">\n\t<meta name=\"twitter:data1\" content=\"sumaysube\">\n\t<meta name=\"twitter:label2\" content=\"Est. reading time\">\n\t<meta name=\"twitter:data2\" content=\"2 minutes\">\n<script type=\"application\/ld+json\" class=\"yoast-schema-graph\">{\"@context\":\"https:\/\/schema.org\",\"@graph\":[{\"@type\":\"WebSite\",\"@id\":\"https:\/\/mobilise-sme.eu\/#website\",\"url\":\"https:\/\/mobilise-sme.eu\/\",\"name\":\"Mobilsesme\",\"description\":\"Otro sitio realizado con WordPress\",\"potentialAction\":[{\"@type\":\"SearchAction\",\"target\":\"https:\/\/mobilise-sme.eu\/?s={search_term_string}\",\"query-input\":\"required name=search_term_string\"}],\"inLanguage\":\"fr-FR\"},{\"@type\":\"ImageObject\",\"@id\":\"https:\/\/mobilise-sme.eu\/who-can-participate\/#primaryimage\",\"inLanguage\":\"fr-FR\",\"url\":\"https:\/\/mobilise-sme.eu\/wp-content\/uploads\/2020\/11\/Rectangle-42.png\",\"width\":22,\"height\":23},{\"@type\":\"WebPage\",\"@id\":\"https:\/\/mobilise-sme.eu\/who-can-participate\/#webpage\",\"url\":\"https:\/\/mobilise-sme.eu\/who-can-participate\/\",\"name\":\"Qui peut participer - Mobilsesme\",\"isPartOf\":{\"@id\":\"https:\/\/mobilise-sme.eu\/#website\"},\"primaryImageOfPage\":{\"@id\":\"https:\/\/mobilise-sme.eu\/who-can-participate\/#primaryimage\"},\"datePublished\":\"2021-01-20T13:25:31+00:00\",\"dateModified\":\"2021-02-17T13:39:33+00:00\",\"inLanguage\":\"fr-FR\",\"potentialAction\":[{\"@type\":\"ReadAction\",\"target\":[\"https:\/\/mobilise-sme.eu\/who-can-participate\/\"]}]}]}<\/script>\n<!-- \/ Yoast SEO plugin. -->","_links":{"self":[{"href":"https:\/\/mobilise-sme.eu\/fr\/wp-json\/wp\/v2\/pages\/1610\/"}],"collection":[{"href":"https:\/\/mobilise-sme.eu\/fr\/wp-json\/wp\/v2\/pages\/"}],"about":[{"href":"https:\/\/mobilise-sme.eu\/fr\/wp-json\/wp\/v2\/types\/page\/"}],"author":[{"embeddable":true,"href":"https:\/\/mobilise-sme.eu\/fr\/wp-json\/wp\/v2\/users\/1\/"}],"replies":[{"embeddable":true,"href":"https:\/\/mobilise-sme.eu\/fr\/wp-json\/wp\/v2\/comments\/?post=1610"}],"version-history":[{"count":7,"href":"https:\/\/mobilise-sme.eu\/fr\/wp-json\/wp\/v2\/pages\/1610\/revisions\/"}],"predecessor-version":[{"id":2040,"href":"https:\/\/mobilise-sme.eu\/fr\/wp-json\/wp\/v2\/pages\/1610\/revisions\/2040\/"}],"wp:attachment":[{"href":"https:\/\/mobilise-sme.eu\/fr\/wp-json\/wp\/v2\/media\/?parent=1610"}],"curies":[{"name":"wp","href":"https:\/\/api.w.org\/{rel}","templated":true}]}}