{"id":1615,"date":"2021-01-20T13:32:30","date_gmt":"2021-01-20T13:32:30","guid":{"rendered":"https:\/\/mobilise-sme.eu\/liste-des-points-de-contact\/"},"modified":"2022-09-29T12:13:26","modified_gmt":"2022-09-29T10:13:26","slug":"liste-des-points-de-contact","status":"publish","type":"page","link":"https:\/\/mobilise-sme.eu\/fr\/liste-des-points-de-contact\/","title":{"rendered":"Liste des Points de Contact"},"content":{"rendered":"<p>[vc_row el_class=\u00a0\u00bbespaciado bloquelocal\u00a0\u00bb][vc_column css=\u00a0\u00bb.vc_custom_1602769966142{padding-top: 20px !important;}\u00a0\u00bb][vc_column_text css=\u00a0\u00bb.vc_custom_1602769996122{margin-bottom: 5px !important;}\u00a0\u00bb]<\/p>\n<p class=\"titulo-blue\" style=\"text-align: center;\">Liste des Points de Contact<\/p>\n<p>[\/vc_column_text][vc_separator color=\u00a0\u00bbcustom\u00a0\u00bb border_width=\u00a0\u00bb2&Prime; el_width=\u00a0\u00bb20&Prime; accent_color=\u00a0\u00bb#0d5387&Prime;][vc_column_text]Si vous \u00eates int\u00e9ress\u00e9 par participer au programme MobiliseSME, vous pouvez contacter l&rsquo;une des entit\u00e9s indiqu\u00e9es ci-dessous.<\/p>\n<p>Il s&rsquo;agit d&rsquo;entit\u00e9s telles que les chambres de commerce, les agences d&rsquo;innovation, les fondations, les organisations d&rsquo;entreprises, les universit\u00e9s, les p\u00e9pini\u00e8res d&rsquo;entreprises, entre autres.<\/p>\n<p>Ils ont \u00e9t\u00e9 officiellement d\u00e9sign\u00e9s par le programme EASI pour aider \u00e0 \u00e9tablir des contacts entre les PME de l&rsquo;UE dans le cadre du programme MobiliseSME.<\/p>\n<p>Si votre pays ne dispose pas d&rsquo;un point d&rsquo;information local, veuillez contacter <em>support@mobilise-sme.eu<\/em>. Un point de contact local vous sera attribu\u00e9.<\/p>\n<p>[\/vc_column_text][\/vc_column][\/vc_row][vc_row el_class=\u00a0\u00bbespaciado2&Prime;][vc_column width=\u00a0\u00bb1\/3&Prime; el_class=\u00a0\u00bbbloquelocal2&Prime;][vc_raw_html]PGRpdiBjbGFzcz0ic2VsZWNjaW9uLWNpdWRhZCI+DQo8cCBjbGFzcz0ic2VsZWN0LWNvdW50cnkiPlPDqWxlY3Rpb25uZXogdm90cmUgcGF5czwvcD4NCjxzZWxlY3Q+DQo8b3B0aW9uIHZhbHVlPSJtYXAiPlBheXM8L29wdGlvbj4NCjxvcHRpb24gdmFsdWU9Im1hcCI+QWxiYW5pZTwvb3B0aW9uPg0KPG9wdGlvbiB2YWx1ZT0iYXVzdHJpYSI+QXV0cmljaGU8L29wdGlvbj4NCjxvcHRpb24gdmFsdWU9ImJlbGdpdW0iPkJlbGdpcXVlPC9vcHRpb24+DQo8b3B0aW9uIHZhbHVlPSJtYXAiPkJ1bGdhcmllPC9vcHRpb24+DQo8b3B0aW9uIHZhbHVlPSJjcm9hdGlhIj5Dcm9hdGllPC9vcHRpb24+DQo8b3B0aW9uIHZhbHVlPSJtYXAiPkNoeXByZTwvb3B0aW9uPg0KPG9wdGlvbiB2YWx1ZT0ibWFwIj5Sw6lwdWJsaXF1ZSBUY2jDqHF1ZTwvb3B0aW9uPg0KPG9wdGlvbiB2YWx1ZT0ibWFwIj5EYW5lbWFyazwvb3B0aW9uPg0KPG9wdGlvbiB2YWx1ZT0ibWFwIj5BbGxlbWFnbmU8L29wdGlvbj4NCjxvcHRpb24gdmFsdWU9Im1hcCI+RXN0b25pZTwvb3B0aW9uPg0KPG9wdGlvbiB2YWx1ZT0ibWFwIj5GaW5sYW5kZTwvb3B0aW9uPg0KPG9wdGlvbiB2YWx1ZT0ibWFwIj5Sw6lwdWJsaXF1ZSBkZSBNYWPDqWRvaW5lIGR1IE5vcmQ8L29wdGlvbj4NCjxvcHRpb24gdmFsdWU9ImZyYW5jZSI+RnJhbmNlPC9vcHRpb24+DQo8b3B0aW9uIHZhbHVlPSJncmVlY2UiPkdyw6hjZTwvb3B0aW9uPg0KPG9wdGlvbiB2YWx1ZT0ibWFwIj5Ib25ncmllPC9vcHRpb24+DQo8b3B0aW9uIHZhbHVlPSJtYXAiPklzbGFuZGU8L29wdGlvbj4NCjxvcHRpb24gdmFsdWU9ImlyZWxhbmQiPklybGFuZGU8L29wdGlvbj4NCjxvcHRpb24gdmFsdWU9Iml0YWx5MiI+SXRhbGllPC9vcHRpb24+DQo8b3B0aW9uIHZhbHVlPSJtYXAiPkxpdHVhbmllPC9vcHRpb24+DQo8b3B0aW9uIHZhbHVlPSJiZWxnaXVtIj5MdXhlbWJvdXJnPC9vcHRpb24+DQo8b3B0aW9uIHZhbHVlPSJtYXAiPk1hbHRlPC9vcHRpb24+DQo8b3B0aW9uIHZhbHVlPSJtb250ZW5lZ3JvIj5Nb250w6luw6lncm88L29wdGlvbj4NCjxvcHRpb24gdmFsdWU9ImJlbGdpdW0iPlBheXMtQmFzPC9vcHRpb24+DQo8b3B0aW9uIHZhbHVlPSJtYXAiPlBvbG9nbmU8L29wdGlvbj4NCjxvcHRpb24gdmFsdWU9Im1hcCI+UG9ydHVnYWw8L29wdGlvbj4NCjxvcHRpb24gdmFsdWU9InNlcmJpYSI+U2VyYmllPC9vcHRpb24+DQo8b3B0aW9uIHZhbHVlPSJpdGFseSI+U2xvdmFxdWllPC9vcHRpb24+DQo8b3B0aW9uIHZhbHVlPSJzbG92ZW5pYSI+U2xvdsOpbmllPC9vcHRpb24+DQo8b3B0aW9uIHZhbHVlPSJzcGFpbiI+RXNwYWduZTwvb3B0aW9uPg0KPC9zZWxlY3Q+PC9kaXY+[\/vc_raw_html][vc_wp_text]<\/p>\n<div class=\"map box\">\n<p class=\"titulo-select\"><strong>Programme MobiliseSME<\/strong><\/p>\n<p class=\"nombre\"><strong>Contactez l&#8217;email ci-dessous s&rsquo;il n&rsquo;y a pas de point de contact local dans votre pays :<\/strong><\/p>\n<p class=\"mail\"><img src=\"https:\/\/mobilise-sme.eu\/wp-content\/uploads\/2020\/11\/mail.png\" \/> <a href=\"mailto:support@mobilise-sme.eu\" target=\"_blank\" rel=\"noopener noreferrer\">support@mobilise-sme.eu<\/a><\/p>\n<\/div>\n<p>[\/vc_wp_text][vc_wp_text]<\/p>\n<div class=\"belgium box\">\n<p class=\"titulo-select\"><strong>Chambre Officielle de Commerce Espagnole en Belgique et au Luxembourg (CAMARABELUX, Belgique)<\/strong><\/p>\n<div class=\"boton\"><a>https:\/\/e-camara.com\/web\/<\/a><\/div>\n<p class=\"nombre\"><strong>Noelia S\u00e1nchez, Chef de projet UE<\/strong><\/p>\n<p class=\"nombre\"><strong>Marta Gonz\u00e1lez, Secr\u00e9taire G\u00e9n\u00e9ral<\/strong><\/p>\n<p class=\"mail\"><img src=\"https:\/\/mobilise-sme.eu\/wp-content\/uploads\/2020\/11\/mail.png\" \/> <a href=\"mailto:mobilisesme@e-camara.com\" target=\"_blank\" rel=\"noopener noreferrer\">mobilisesme@e-camara.com<\/a><\/p>\n<p class=\"telefono\"><img src=\"https:\/\/mobilise-sme.eu\/wp-content\/uploads\/2020\/11\/phone.png\" \/> +32 2517 17 40<\/p>\n<\/div>\n<p>[\/vc_wp_text][vc_wp_text]<\/p>\n<div class=\"spain box\">\n<p class=\"titulo-select\"><strong>Fondation Equipo Humano (FEH, Espagne)<\/strong><\/p>\n<div class=\"boton\"><a href=\"https:\/\/fundacionequipohumano.es\/\" target=\"_blank\" rel=\"noopener noreferrer\">www.fundacionequipohumano.es<\/a><\/div>\n<p class=\"nombre\"><strong>Alfonso Cadenas Ca\u00f1am\u00e1s, Coordinateur de projets UE<\/strong><\/p>\n<p class=\"mail\"><img src=\"https:\/\/mobilise-sme.eu\/wp-content\/uploads\/2020\/11\/mail.png\" \/> <a href=\"mailto:alfonso.cadenas@fundacionequipohumano.es\">alfonso.cadenas@fundacionequipohumano.es<\/a><\/p>\n<p class=\"nombre\"><strong>Jose Enrique Val, Chef de projet UE<\/strong><\/p>\n<p class=\"mail\"><img src=\"https:\/\/mobilise-sme.eu\/wp-content\/uploads\/2020\/11\/mail.png\" \/> <a href=\"mailto:je.val@fundacionequipohumano.es\">je.val@fundacionequipohumano.es<\/a><\/p>\n<p class=\"telefono\"><img src=\"https:\/\/mobilise-sme.eu\/wp-content\/uploads\/2020\/11\/phone.png\" \/> +34 670 36 72 16 +34 963 468 580<\/p>\n<\/div>\n<p>[\/vc_wp_text][vc_wp_text]<\/p>\n<div class=\"ireland box\">\n<p class=\"titulo-select\"><strong>Chambre de commerce de Dublin (DCC, Irlande)<\/strong><\/p>\n<div class=\"boton\"><a href=\"https:\/\/www.dublinchamber.ie\/\" target=\"_blank\" rel=\"noopener noreferrer\">https:\/\/www.dublinchamber.ie\/ <\/a><\/div>\n<p class=\"nombre\"><strong>Maria Deady, Chef de projet international<\/strong><\/p>\n<p class=\"nombre\"><strong>Miriam Tuomey, Directeur de projet<\/strong><\/p>\n<p class=\"mail\"><img src=\"https:\/\/mobilise-sme.eu\/wp-content\/uploads\/2020\/11\/mail.png\" \/> <a href=\"mailto:international@dublinchamber.ie\" target=\"_blank\" rel=\"noopener noreferrer\">international@dublinchamber.ie<\/a><\/p>\n<p class=\"telefono\"><img src=\"https:\/\/mobilise-sme.eu\/wp-content\/uploads\/2020\/11\/phone.png\" \/> +353 1 6447200<\/p>\n<\/div>\n<p>[\/vc_wp_text][vc_wp_text]<\/p>\n<div class=\"serbia box\">\n<p class=\"titulo-select\"><strong>Incubateur d&rsquo;entreprises Novi Sad Drustvo SA, (BINS, Serbie)<\/strong><\/p>\n<div class=\"boton\"><a href=\"http:\/\/inkubator.biz\" target=\"_blank\" rel=\"noopener noreferrer\">http:\/\/inkubator.biz<\/a><\/div>\n<p class=\"mail\"><img src=\"https:\/\/mobilise-sme.eu\/wp-content\/uploads\/2020\/11\/mail.png\" \/> <a href=\"mailto:mobilisesme@inkubator.biz\" target=\"_blank\" rel=\"noopener noreferrer\">mobilisesme@inkubator.biz<\/a><\/p>\n<p class=\"telefono\"><img src=\"https:\/\/mobilise-sme.eu\/wp-content\/uploads\/2020\/11\/phone.png\" \/> +381 21 3000 300<\/p>\n<\/div>\n<p>[\/vc_wp_text][vc_wp_text]<\/p>\n<div class=\"croatia box\">\n<p class=\"titulo-select\"><strong><b>Tera Tehnopolis d.o.o. <\/b>(TERA, Croatie)<\/strong><\/p>\n<div class=\"boton\"><a href=\"http:\/\/web.tera.hr\/\" target=\"_blank\" rel=\"noopener noreferrer\">http:\/\/web.tera.hr\/<\/a><\/div>\n<p class=\"nombre\"><strong>Ivana Duman\u010di\u0107, Expert associ\u00e9<\/strong><\/p>\n<p class=\"mail\"><img src=\"https:\/\/mobilise-sme.eu\/wp-content\/uploads\/2020\/11\/mail.png\" \/> <a href=\"mailto:ivana@tera.hr\">ivana@tera.hr<\/a><\/p>\n<p class=\"telefono\"><img src=\"https:\/\/mobilise-sme.eu\/wp-content\/uploads\/2020\/11\/phone.png\" \/> +38 531 251 000<\/p>\n<\/div>\n<p>[\/vc_wp_text][vc_wp_text]<\/p>\n<div class=\"italy box\">\n<p class=\"titulo-select\"><strong>Chambre de commerce italo-slov\u00e8ne (CCIS-TSOK, Slovaquie)<\/strong><\/p>\n<div class=\"boton\"><a href=\"www.camit.sk\" target=\"_blank\" rel=\"noopener noreferrer\">www.camit.sk<\/a><\/div>\n<p class=\"mail\"><img src=\"https:\/\/mobilise-sme.eu\/wp-content\/uploads\/2020\/11\/mail.png\" \/> <a href=\"mailto:info@camitslovakia.sk\">info@camitslovakia.sk<\/a><\/p>\n<p class=\"telefono\"><img src=\"https:\/\/mobilise-sme.eu\/wp-content\/uploads\/2020\/11\/phone.png\" \/> +42 1948 899 880<\/p>\n<\/div>\n<p>[\/vc_wp_text][vc_wp_text]<\/p>\n<div class=\"slovenia box\">\n<p class=\"titulo-select\"><strong>BSC, poslovno podporni center, d.o.o., Kranj (BSC, Slov\u00e9nie)<\/strong><\/p>\n<div class=\"boton\"><a href=\"http:\/\/www.bsc-kranj.si\/\" target=\"_blank\" rel=\"noopener noreferrer\">http:\/\/www.bsc-kranj.si\/<\/a><\/div>\n<p class=\"mail\"><img src=\"https:\/\/mobilise-sme.eu\/wp-content\/uploads\/2020\/11\/mail.png\" \/> <a href=\"mailto:Nives.justin@bsc-kranj.si\">Nives.justin@bsc-kranj.si<\/a><\/p>\n<p class=\"mail\"><img src=\"https:\/\/mobilise-sme.eu\/wp-content\/uploads\/2020\/11\/mail.png\" \/> <a href=\"mailto:tamara.mravinec@bsc-kranj.si\">tamara.mravinec@bsc-kranj.si<\/a><\/p>\n<p class=\"telefono\"><img src=\"https:\/\/mobilise-sme.eu\/wp-content\/uploads\/2020\/11\/phone.png\" \/> +386 4 28 17 247<\/p>\n<p class=\"telefono\"><img src=\"https:\/\/mobilise-sme.eu\/wp-content\/uploads\/2020\/11\/phone.png\" \/> + 386 4 77 77 250<\/p>\n<\/div>\n<p>[\/vc_wp_text][vc_wp_text]<\/p>\n<div class=\"italy2 box\">\n<p class=\"titulo-select\"><strong>Le Forum des chambres de commerce adriatique et ionienne (FORUM, Italie)<\/strong><\/p>\n<div class=\"boton\"><a href=\"https:\/\/www.forumaic.org\/\" target=\"_blank\" rel=\"noopener noreferrer\">https:\/\/www.forumaic.org\/<\/a><\/div>\n<p>&nbsp;<\/p>\n<p class=\"mail\"><img src=\"https:\/\/mobilise-sme.eu\/wp-content\/uploads\/2020\/11\/mail.png\" \/> <a href=\"mailto:segreteria.forum@marche.camcom.it\">segreteria.forum@marche.camcom.it<\/a><\/p>\n<p class=\"nombre\"><strong>Alina Nistor<\/strong><\/p>\n<p class=\"mail\"><img src=\"https:\/\/mobilise-sme.eu\/wp-content\/uploads\/2020\/11\/mail.png\" \/> <a href=\"mailto:alina.nistor@marche.camcom.it\">alina.nistor@marche.camcom.it<\/a><\/p>\n<\/div>\n<p>[\/vc_wp_text][vc_wp_text]<\/p>\n<div class=\"austria box\">\n<p class=\"titulo-select\"><strong>Chambre de commerce d&rsquo;Autriche (WKO, Autriche)<\/strong><\/p>\n<div class=\"boton\"><a href=\"https:\/\/wko.at\" target=\"_blank\" rel=\"noopener noreferrer\">https:\/\/wko.at<\/a><\/div>\n<p class=\"nombre\"><strong>Christoph Huter<\/strong><\/p>\n<p class=\"mail\"><img src=\"https:\/\/mobilise-sme.eu\/wp-content\/uploads\/2020\/11\/mail.png\" \/> <a href=\"mailto:christoph.huter@wko.at\">christoph.huter@wko.at<\/a><\/p>\n<p class=\"telefono\"><img src=\"https:\/\/mobilise-sme.eu\/wp-content\/uploads\/2020\/11\/phone.png\" \/> +43 590900-3220<\/p>\n<p class=\"nombre\"><strong>Thomas Reichenbach<\/strong><\/p>\n<p class=\"mail\"><img src=\"https:\/\/mobilise-sme.eu\/wp-content\/uploads\/2020\/11\/mail.png\" \/> <a href=\"mailto:thomas.reichenbach@wko.at\">thomas.reichenbach@wko.at<\/a><\/p>\n<p class=\"telefono\"><img src=\"https:\/\/mobilise-sme.eu\/wp-content\/uploads\/2020\/11\/phone.png\" \/> +43 590900-4077<\/p>\n<\/div>\n<div class=\"austria box\">\n<p class=\"titulo-select\"><b>Internationaler Fachkr\u00e4fteaustausch (IFA)<\/b><\/p>\n<div class=\"boton\"><a href=\"https:\/\/ifa.or.at\/\" target=\"_blank\" rel=\"noopener noreferrer\">https:\/\/ifa.or.at\/<\/a><\/div>\n<p class=\"nombre\"><strong>Chirstina Prohammer<\/strong><\/p>\n<p class=\"mail\"><img src=\"https:\/\/mobilise-sme.eu\/wp-content\/uploads\/2020\/11\/mail.png\" \/> <a href=\"mailto:prohammer@ifa.or.at\">prohammer@ifa.or.at<\/a><\/p>\n<p class=\"telefono\"><img src=\"https:\/\/mobilise-sme.eu\/wp-content\/uploads\/2020\/11\/phone.png\" \/> +43-1-3665544-13<\/p>\n<\/div>\n<p>[\/vc_wp_text][vc_wp_text]<\/p>\n<div class=\"greece box\">\n<p class=\"titulo-select\"><strong>Association des entreprises et industries de Thessalie (STHEV, Gr\u00e8ce)<\/strong><\/p>\n<div class=\"boton\"><a href=\"www.sthev.gr\" target=\"_blank\" rel=\"noopener noreferrer\">www.sthev.gr<\/a><\/div>\n<p class=\"nombre\"><strong>Eleni Evagelopoulou<\/strong><\/p>\n<p class=\"mail\"><img src=\"https:\/\/mobilise-sme.eu\/wp-content\/uploads\/2020\/11\/mail.png\" \/> <a href=\"mailto:education@sthev.gr\">education@sthev.gr<\/a><\/p>\n<p class=\"nombre\"><strong>Konstantinos Grigoriou<\/strong><\/p>\n<p class=\"mail\"><img src=\"https:\/\/mobilise-sme.eu\/wp-content\/uploads\/2020\/11\/mail.png\" \/> <a href=\"mailto:sthev@sthev.gr\">sthev@sthev.gr<\/a><\/p>\n<p class=\"telefono\"><img src=\"https:\/\/mobilise-sme.eu\/wp-content\/uploads\/2020\/11\/phone.png\" \/> +30 2410555507<\/p>\n<\/div>\n<p>[\/vc_wp_text][vc_wp_text]<\/p>\n<div class=\"france box\">\n<p class=\"titulo-select\"><strong>Chambre de commerce et d&rsquo;industrie de Nouvelle-Aquitaine (CCI-NA, France)<\/strong><\/p>\n<div class=\"boton\"><a href=\"www.nouvelle-aquitaine.cci.fr\" target=\"_blank\" rel=\"noopener noreferrer\">www.nouvelle-aquitaine.cci.fr<\/a><\/div>\n<p class=\"nombre\"><strong>Stephanie VINCENT<\/strong><\/p>\n<p class=\"mail\"><img src=\"https:\/\/mobilise-sme.eu\/wp-content\/uploads\/2020\/11\/mail.png\" \/> <a href=\"mailto:stephanie.vincent@nouvelle-aquitaine.cci.fr\">stephanie.vincent@nouvelle-aquitaine.cci.fr<\/a><\/p>\n<p class=\"telefono\"><img src=\"https:\/\/mobilise-sme.eu\/wp-content\/uploads\/2020\/11\/phone.png\" \/> +33556112813<\/p>\n<\/div>\n<p>[\/vc_wp_text][vc_wp_text]<\/p>\n<div class=\"montenegro box\">\n<p class=\"titulo-select\"><strong>Chambre d&rsquo;Economie du Mont\u00e9n\u00e9gro (CEM, Mont\u00e9n\u00e9gro)<\/strong><\/p>\n<div class=\"boton\"><a href=\"www.privrednakomora.me\" target=\"_blank\" rel=\"noopener noreferrer\">www.privrednakomora.me<\/a><\/div>\n<p>&nbsp;<\/p>\n<p class=\"mail\"><img src=\"https:\/\/mobilise-sme.eu\/wp-content\/uploads\/2020\/11\/mail.png\" \/> <a href=\"mailto:pkcg@pkcg.org\">pkcg@pkcg.org<\/a><\/p>\n<p class=\"telefono\"><img src=\"https:\/\/mobilise-sme.eu\/wp-content\/uploads\/2020\/11\/phone.png\" \/> +38 22 0230706<\/p>\n<\/div>\n<p>[\/vc_wp_text][\/vc_column][vc_column width=\u00a0\u00bb2\/3&Prime; css=\u00a0\u00bb.vc_custom_1639998089301{margin-right: 0px !important;margin-left: 0px !important;padding-right: 0px !important;padding-left: 0px !important;}\u00a0\u00bb el_class=\u00a0\u00bbmapa\u00a0\u00bb][vc_wp_text]<\/p>\n<div class=\"map box\"><img loading=\"lazy\" src=\"https:\/\/mobilise-sme.eu\/wp-content\/uploads\/2020\/11\/map_2.png\" alt=\"\" width=\"100%\" height=\"auto\" \/><\/div>\n<p>[\/vc_wp_text][vc_wp_text]<\/p>\n<div class=\"belgium box\"><img loading=\"lazy\" src=\"https:\/\/mobilise-sme.eu\/wp-content\/uploads\/2020\/11\/CAMARABELUX.png\" alt=\"\" width=\"100%\" height=\"auto\" \/><\/div>\n<p>[\/vc_wp_text][vc_wp_text]<\/p>\n<div class=\"spain box\"><img loading=\"lazy\" src=\"https:\/\/mobilise-sme.eu\/wp-content\/uploads\/2020\/11\/FEH.png\" alt=\"\" width=\"100%\" height=\"auto\" \/><\/div>\n<p>[\/vc_wp_text][vc_wp_text]<\/p>\n<div class=\"ireland box\"><img loading=\"lazy\" src=\"https:\/\/mobilise-sme.eu\/wp-content\/uploads\/2020\/11\/DCC.png\" alt=\"\" width=\"100%\" height=\"auto\" \/><\/div>\n<p>[\/vc_wp_text][vc_wp_text]<\/p>\n<div class=\"serbia box\"><img loading=\"lazy\" src=\"https:\/\/mobilise-sme.eu\/wp-content\/uploads\/2020\/11\/BINS.png\" alt=\"\" width=\"100%\" height=\"auto\" \/><\/div>\n<p>[\/vc_wp_text][vc_wp_text]<\/p>\n<div class=\"croatia box\"><img loading=\"lazy\" src=\"https:\/\/mobilise-sme.eu\/wp-content\/uploads\/2021\/03\/TERA-1.jpg\" alt=\"\" width=\"100%\" height=\"auto\" \/><\/div>\n<p>[\/vc_wp_text][vc_wp_text]<\/p>\n<div class=\"italy box\"><img loading=\"lazy\" src=\"https:\/\/mobilise-sme.eu\/wp-content\/uploads\/2021\/03\/CCIS-TSOK-1.jpg\" alt=\"\" width=\"100%\" height=\"auto\" \/><\/div>\n<p>[\/vc_wp_text][vc_wp_text]<\/p>\n<div class=\"slovenia box\"><img loading=\"lazy\" src=\"https:\/\/mobilise-sme.eu\/wp-content\/uploads\/2020\/11\/BSC-2.png\" alt=\"\" width=\"100%\" height=\"auto\" \/><\/div>\n<p>[\/vc_wp_text][vc_wp_text]<\/p>\n<div class=\"italy2 box\"><img loading=\"lazy\" src=\"https:\/\/mobilise-sme.eu\/wp-content\/uploads\/2020\/11\/FORUM.png\" alt=\"\" width=\"100%\" height=\"auto\" \/><\/div>\n<p>[\/vc_wp_text][vc_wp_text]<\/p>\n<div class=\"austria box\"><img loading=\"lazy\" src=\"https:\/\/mobilise-sme.eu\/wp-content\/uploads\/2020\/11\/WKO.png\" alt=\"\" width=\"100%\" height=\"auto\" \/><\/div>\n<p>[\/vc_wp_text][vc_wp_text]<\/p>\n<div class=\"greece box\"><img loading=\"lazy\" src=\"https:\/\/mobilise-sme.eu\/wp-content\/uploads\/2020\/11\/STHEV.png\" alt=\"\" width=\"100%\" height=\"auto\" \/><\/div>\n<p>[\/vc_wp_text][vc_wp_text]<\/p>\n<div class=\"france box\"><img loading=\"lazy\" src=\"https:\/\/mobilise-sme.eu\/wp-content\/uploads\/2020\/11\/CCI-NA.png\" alt=\"\" width=\"100%\" height=\"auto\" \/><\/div>\n<p>[\/vc_wp_text][vc_wp_text]<\/p>\n<div class=\"montenegro box\"><img loading=\"lazy\" src=\"https:\/\/mobilise-sme.eu\/wp-content\/uploads\/2020\/11\/CEM.png\" alt=\"\" width=\"100%\" height=\"auto\" \/><\/div>\n<p>[\/vc_wp_text][\/vc_column][\/vc_row]<\/p>\n","protected":false},"excerpt":{"rendered":"<p>[vc_row el_class=\u00a0\u00bbespaciado bloquelocal\u00a0\u00bb][vc_column css=\u00a0\u00bb.vc_custom_1602769966142{padding-top: 20px !important;}\u00a0\u00bb][vc_column_text css=\u00a0\u00bb.vc_custom_1602769996122{margin-bottom: 5px !important;}\u00a0\u00bb] Liste des Points de Contact [\/vc_column_text][vc_separator color=\u00a0\u00bbcustom\u00a0\u00bb border_width=\u00a0\u00bb2&Prime; el_width=\u00a0\u00bb20&Prime; accent_color=\u00a0\u00bb#0d5387&Prime;][vc_column_text]Si vous \u00eates int\u00e9ress\u00e9 par participer au programme MobiliseSME, vous pouvez contacter l&rsquo;une des entit\u00e9s indiqu\u00e9es ci-dessous. Il s&rsquo;agit d&rsquo;entit\u00e9s telles que les chambres de commerce, les agences d&rsquo;innovation, les fondations, les organisations d&rsquo;entreprises, les universit\u00e9s, les p\u00e9pini\u00e8res d&rsquo;entreprises, entre autres. Ils ont \u00e9t\u00e9 officiellement d\u00e9sign\u00e9s par le programme EASI pour aider \u00e0 \u00e9tablir des contacts entre les PME de l&rsquo;UE dans le cadre du programme MobiliseSME. Si votre pays ne dispose pas d&rsquo;un point d&rsquo;information local, veuillez contacter support@mobilise-sme.eu. Un point [&hellip;]<\/p>\n","protected":false},"author":1,"featured_media":0,"parent":0,"menu_order":0,"comment_status":"closed","ping_status":"closed","template":"","meta":[],"yoast_head":"<!-- This site is optimized with the Yoast SEO plugin v15.4 - https:\/\/yoast.com\/wordpress\/plugins\/seo\/ -->\n<title>Liste des Points de Contact - Mobilsesme<\/title>\n<meta name=\"robots\" content=\"index, follow, max-snippet:-1, max-image-preview:large, max-video-preview:-1\" \/>\n<link rel=\"canonical\" href=\"https:\/\/mobilise-sme.eu\/fr\/liste-des-points-de-contact\/\" \/>\n<meta property=\"og:locale\" content=\"fr_FR\" \/>\n<meta property=\"og:type\" content=\"article\" \/>\n<meta property=\"og:title\" content=\"Liste des Points de Contact - Mobilsesme\" \/>\n<meta property=\"og:description\" content=\"[vc_row el_class=\u00a0\u00bbespaciado bloquelocal\u00a0\u00bb][vc_column css=\u00a0\u00bb.vc_custom_1602769966142{padding-top: 20px !important;}\u00a0\u00bb][vc_column_text css=\u00a0\u00bb.vc_custom_1602769996122{margin-bottom: 5px !important;}\u00a0\u00bb] Liste des Points de Contact [\/vc_column_text][vc_separator color=\u00a0\u00bbcustom\u00a0\u00bb border_width=\u00a0\u00bb2&Prime; el_width=\u00a0\u00bb20&Prime; accent_color=\u00a0\u00bb#0d5387&Prime;][vc_column_text]Si vous \u00eates int\u00e9ress\u00e9 par participer au programme MobiliseSME, vous pouvez contacter l&rsquo;une des entit\u00e9s indiqu\u00e9es ci-dessous. Il s&rsquo;agit d&rsquo;entit\u00e9s telles que les chambres de commerce, les agences d&rsquo;innovation, les fondations, les organisations d&rsquo;entreprises, les universit\u00e9s, les p\u00e9pini\u00e8res d&rsquo;entreprises, entre autres. Ils ont \u00e9t\u00e9 officiellement d\u00e9sign\u00e9s par le programme EASI pour aider \u00e0 \u00e9tablir des contacts entre les PME de l&rsquo;UE dans le cadre du programme MobiliseSME. Si votre pays ne dispose pas d&rsquo;un point d&rsquo;information local, veuillez contacter support@mobilise-sme.eu. Un point [&hellip;]\" \/>\n<meta property=\"og:url\" content=\"https:\/\/mobilise-sme.eu\/fr\/liste-des-points-de-contact\/\" \/>\n<meta property=\"og:site_name\" content=\"Mobilsesme\" \/>\n<meta property=\"article:modified_time\" content=\"2022-09-29T10:13:26+00:00\" \/>\n<meta property=\"og:image\" content=\"https:\/\/mobilise-sme.eu\/wp-content\/uploads\/2020\/11\/mail.png\" \/>\n<meta name=\"twitter:card\" content=\"summary_large_image\" \/>\n<meta name=\"twitter:label1\" content=\"Written by\">\n\t<meta name=\"twitter:data1\" content=\"sumaysube\">\n\t<meta name=\"twitter:label2\" content=\"Est. reading time\">\n\t<meta name=\"twitter:data2\" content=\"4 minutes\">\n<script type=\"application\/ld+json\" class=\"yoast-schema-graph\">{\"@context\":\"https:\/\/schema.org\",\"@graph\":[{\"@type\":\"WebSite\",\"@id\":\"https:\/\/mobilise-sme.eu\/#website\",\"url\":\"https:\/\/mobilise-sme.eu\/\",\"name\":\"Mobilsesme\",\"description\":\"Otro sitio realizado con WordPress\",\"potentialAction\":[{\"@type\":\"SearchAction\",\"target\":\"https:\/\/mobilise-sme.eu\/?s={search_term_string}\",\"query-input\":\"required name=search_term_string\"}],\"inLanguage\":\"fr-FR\"},{\"@type\":\"ImageObject\",\"@id\":\"https:\/\/mobilise-sme.eu\/fr\/liste-des-points-de-contact\/#primaryimage\",\"inLanguage\":\"fr-FR\",\"url\":\"https:\/\/mobilise-sme.eu\/wp-content\/uploads\/2020\/11\/mail.png\",\"width\":15,\"height\":10},{\"@type\":\"WebPage\",\"@id\":\"https:\/\/mobilise-sme.eu\/fr\/liste-des-points-de-contact\/#webpage\",\"url\":\"https:\/\/mobilise-sme.eu\/fr\/liste-des-points-de-contact\/\",\"name\":\"Liste des Points de Contact - Mobilsesme\",\"isPartOf\":{\"@id\":\"https:\/\/mobilise-sme.eu\/#website\"},\"primaryImageOfPage\":{\"@id\":\"https:\/\/mobilise-sme.eu\/fr\/liste-des-points-de-contact\/#primaryimage\"},\"datePublished\":\"2021-01-20T13:32:30+00:00\",\"dateModified\":\"2022-09-29T10:13:26+00:00\",\"inLanguage\":\"fr-FR\",\"potentialAction\":[{\"@type\":\"ReadAction\",\"target\":[\"https:\/\/mobilise-sme.eu\/fr\/liste-des-points-de-contact\/\"]}]}]}<\/script>\n<!-- \/ Yoast SEO plugin. -->","_links":{"self":[{"href":"https:\/\/mobilise-sme.eu\/fr\/wp-json\/wp\/v2\/pages\/1615\/"}],"collection":[{"href":"https:\/\/mobilise-sme.eu\/fr\/wp-json\/wp\/v2\/pages\/"}],"about":[{"href":"https:\/\/mobilise-sme.eu\/fr\/wp-json\/wp\/v2\/types\/page\/"}],"author":[{"embeddable":true,"href":"https:\/\/mobilise-sme.eu\/fr\/wp-json\/wp\/v2\/users\/1\/"}],"replies":[{"embeddable":true,"href":"https:\/\/mobilise-sme.eu\/fr\/wp-json\/wp\/v2\/comments\/?post=1615"}],"version-history":[{"count":14,"href":"https:\/\/mobilise-sme.eu\/fr\/wp-json\/wp\/v2\/pages\/1615\/revisions\/"}],"predecessor-version":[{"id":4454,"href":"https:\/\/mobilise-sme.eu\/fr\/wp-json\/wp\/v2\/pages\/1615\/revisions\/4454\/"}],"wp:attachment":[{"href":"https:\/\/mobilise-sme.eu\/fr\/wp-json\/wp\/v2\/media\/?parent=1615"}],"curies":[{"name":"wp","href":"https:\/\/api.w.org\/{rel}","templated":true}]}}