{"id":1624,"date":"2021-01-20T13:43:56","date_gmt":"2021-01-20T13:43:56","guid":{"rendered":"https:\/\/mobilise-sme.eu\/aide-financiere\/"},"modified":"2021-06-23T09:08:09","modified_gmt":"2021-06-23T09:08:09","slug":"aide-financiere","status":"publish","type":"page","link":"https:\/\/mobilise-sme.eu\/fr\/aide-financiere\/","title":{"rendered":"Aide financi\u00e8re"},"content":{"rendered":"<p>[vc_row el_class=\u00a0\u00bbespaciado\u00a0\u00bb][vc_column css=\u00a0\u00bb.vc_custom_1602769662476{padding-top: 20px !important;}\u00a0\u00bb][vc_column_text css=\u00a0\u00bb.vc_custom_1602769942285{margin-bottom: 5px !important;}\u00a0\u00bb]<\/p>\n<p class=\"titulo-yellow\" style=\"text-align: center;\">Aide financi\u00e8re<\/p>\n<p>[\/vc_column_text][vc_separator color=\u00a0\u00bbcustom\u00a0\u00bb border_width=\u00a0\u00bb2&Prime; el_width=\u00a0\u00bb20&Prime; accent_color=\u00a0\u00bb#efca34&Prime;][vc_column_text]Les d\u00e9tachements sont partiellement financ\u00e9s par le programme MobiliseSME.<\/p>\n<p>La subvention a pour but de contribuer aux d\u00e9penses effectu\u00e9es par le salari\u00e9, le dirigeant, le propri\u00e9taire ou le copropri\u00e9taire pendant le s\u00e9jour.<\/p>\n<p>Le montant de la subvention d\u00e9pend du pays o\u00f9 le d\u00e9tachement a lieu; ils sont d\u00e9taill\u00e9es dans le tableau suivant:[\/vc_column_text][vc_column_text el_class=\u00a0\u00bbtabla\u00a0\u00bb]<strong>Subvention forfaitaire mensuelle vers\u00e9e par les organisations partenaires aux PME qui envoient une personne \u00e0 l&rsquo;\u00e9tranger (entreprises d&rsquo;envoi)<\/strong><\/p>\n<table class=\"table aligncenter\">\n<thead>\n<tr>\n<th scope=\"col\">Pays du s\u00e9jour\/pays d&rsquo;accueil<\/th>\n<th scope=\"col\">Montant par mois\/\u20ac<\/th>\n<\/tr>\n<\/thead>\n<tbody>\n<tr>\n<td>Albanie<\/td>\n<td>530<\/td>\n<\/tr>\n<tr>\n<td>Autriche<\/td>\n<td>900<\/td>\n<\/tr>\n<tr>\n<td>Belgique<\/td>\n<td>830<\/td>\n<\/tr>\n<tr>\n<td>Bulgarie<\/td>\n<td>560<\/td>\n<\/tr>\n<tr>\n<td>Croatie<\/td>\n<td>720<\/td>\n<\/tr>\n<tr>\n<td>Chypre<\/td>\n<td>780<\/td>\n<\/tr>\n<tr>\n<td>R\u00e9publique tch\u00e8que<\/td>\n<td>610<\/td>\n<\/tr>\n<tr>\n<td>Danemark<\/td>\n<td>1100<\/td>\n<\/tr>\n<tr>\n<td>Allemagne<\/td>\n<td>830<\/td>\n<\/tr>\n<tr>\n<td>Estonie<\/td>\n<td>670<\/td>\n<\/tr>\n<tr>\n<td>Finlande<\/td>\n<td>950<\/td>\n<\/tr>\n<tr>\n<td>R\u00e9publique de Mac\u00e9doine du Nord<\/td>\n<td>560<\/td>\n<\/tr>\n<tr>\n<td>France<\/td>\n<td>900<\/td>\n<\/tr>\n<tr>\n<td>Gr\u00e8ce<\/td>\n<td>780<\/td>\n<\/tr>\n<tr>\n<td>Hongrie<\/td>\n<td>670<\/td>\n<\/tr>\n<tr>\n<td>Islande<\/td>\n<td>900<\/td>\n<\/tr>\n<tr>\n<td>Irlande<\/td>\n<td>1000<\/td>\n<\/tr>\n<tr>\n<td>Italie<\/td>\n<td>900<\/td>\n<\/tr>\n<tr>\n<td>Lettonie<\/td>\n<td>610<\/td>\n<\/tr>\n<tr>\n<td>Lituanie<\/td>\n<td>560<\/td>\n<\/tr>\n<tr>\n<td>Luxembourg<\/td>\n<td>830<\/td>\n<\/tr>\n<tr>\n<td>Malte<\/td>\n<td>720<\/td>\n<\/tr>\n<tr>\n<td>Mont\u00e9n\u00e9gro<\/td>\n<td>560<\/td>\n<\/tr>\n<tr>\n<td>Pays-Bas<\/td>\n<td>830<\/td>\n<\/tr>\n<tr>\n<td>Pologne<\/td>\n<td>610<\/td>\n<\/tr>\n<tr>\n<td>Portugal<\/td>\n<td>780<\/td>\n<\/tr>\n<tr>\n<td>Roumanie<\/td>\n<td>560<\/td>\n<\/tr>\n<tr>\n<td>Serbie<\/td>\n<td>560<\/td>\n<\/tr>\n<tr>\n<td>Slovaquie<\/td>\n<td>610<\/td>\n<\/tr>\n<tr>\n<td>Slov\u00e9nie<\/td>\n<td>720<\/td>\n<\/tr>\n<tr>\n<td>Espagne<\/td>\n<td>830<\/td>\n<\/tr>\n<tr>\n<td>Su\u00e8de<\/td>\n<td>950<\/td>\n<\/tr>\n<tr>\n<td>Turquie<\/td>\n<td>750<\/td>\n<\/tr>\n<tr>\n<td>Royaume-Uni<\/td>\n<td>1000<\/td>\n<\/tr>\n<tr>\n<td>Personnes souffrant d&rsquo;un handicap (quel que soit le pays de s\u00e9jour)<\/td>\n<td>1100<\/td>\n<\/tr>\n<\/tbody>\n<\/table>\n<p>[\/vc_column_text][vc_column_text]La subvention de l&rsquo;UE peut couvrir les frais de voyage dans l&rsquo;entreprise d&rsquo;accueil, une partie des frais d&rsquo;expatriation et de s\u00e9jour et, le cas \u00e9ch\u00e9ant, une courte formation linguistique.<\/p>\n<p>Pour plus de d\u00e9tails, veuillez contacter l&rsquo;un des points de contact charg\u00e9s du programme MobiliseSME dans la section \u00ab\u00a0Liste des points de contact\u00a0\u00bb.<\/p>\n<p>[\/vc_column_text][\/vc_column][\/vc_row]<\/p>\n","protected":false},"excerpt":{"rendered":"<p>[vc_row el_class=\u00a0\u00bbespaciado\u00a0\u00bb][vc_column css=\u00a0\u00bb.vc_custom_1602769662476{padding-top: 20px !important;}\u00a0\u00bb][vc_column_text css=\u00a0\u00bb.vc_custom_1602769942285{margin-bottom: 5px !important;}\u00a0\u00bb] Aide financi\u00e8re [\/vc_column_text][vc_separator color=\u00a0\u00bbcustom\u00a0\u00bb border_width=\u00a0\u00bb2&Prime; el_width=\u00a0\u00bb20&Prime; accent_color=\u00a0\u00bb#efca34&Prime;][vc_column_text]Les d\u00e9tachements sont partiellement financ\u00e9s par le programme MobiliseSME. La subvention a pour but de contribuer aux d\u00e9penses effectu\u00e9es par le salari\u00e9, le dirigeant, le propri\u00e9taire ou le copropri\u00e9taire pendant le s\u00e9jour. Le montant de la subvention d\u00e9pend du pays o\u00f9 le d\u00e9tachement a lieu; ils sont d\u00e9taill\u00e9es dans le tableau suivant:[\/vc_column_text][vc_column_text el_class=\u00a0\u00bbtabla\u00a0\u00bb]Subvention forfaitaire mensuelle vers\u00e9e par les organisations partenaires aux PME qui envoient une personne \u00e0 l&rsquo;\u00e9tranger (entreprises d&rsquo;envoi) Pays du s\u00e9jour\/pays d&rsquo;accueil Montant par mois\/\u20ac Albanie 530 Autriche 900 Belgique 830 Bulgarie 560 Croatie [&hellip;]<\/p>\n","protected":false},"author":1,"featured_media":0,"parent":0,"menu_order":0,"comment_status":"closed","ping_status":"closed","template":"","meta":[],"yoast_head":"<!-- This site is optimized with the Yoast SEO plugin v15.4 - https:\/\/yoast.com\/wordpress\/plugins\/seo\/ -->\n<title>Aide financi\u00e8re - Mobilsesme<\/title>\n<meta name=\"robots\" content=\"index, follow, max-snippet:-1, max-image-preview:large, max-video-preview:-1\" \/>\n<link rel=\"canonical\" href=\"https:\/\/mobilise-sme.eu\/fr\/aide-financiere\/\" \/>\n<meta property=\"og:locale\" content=\"fr_FR\" \/>\n<meta property=\"og:type\" content=\"article\" \/>\n<meta property=\"og:title\" content=\"Aide financi\u00e8re - Mobilsesme\" \/>\n<meta property=\"og:description\" content=\"[vc_row el_class=\u00a0\u00bbespaciado\u00a0\u00bb][vc_column css=\u00a0\u00bb.vc_custom_1602769662476{padding-top: 20px !important;}\u00a0\u00bb][vc_column_text css=\u00a0\u00bb.vc_custom_1602769942285{margin-bottom: 5px !important;}\u00a0\u00bb] Aide financi\u00e8re [\/vc_column_text][vc_separator color=\u00a0\u00bbcustom\u00a0\u00bb border_width=\u00a0\u00bb2&Prime; el_width=\u00a0\u00bb20&Prime; accent_color=\u00a0\u00bb#efca34&Prime;][vc_column_text]Les d\u00e9tachements sont partiellement financ\u00e9s par le programme MobiliseSME. La subvention a pour but de contribuer aux d\u00e9penses effectu\u00e9es par le salari\u00e9, le dirigeant, le propri\u00e9taire ou le copropri\u00e9taire pendant le s\u00e9jour. Le montant de la subvention d\u00e9pend du pays o\u00f9 le d\u00e9tachement a lieu; ils sont d\u00e9taill\u00e9es dans le tableau suivant:[\/vc_column_text][vc_column_text el_class=\u00a0\u00bbtabla\u00a0\u00bb]Subvention forfaitaire mensuelle vers\u00e9e par les organisations partenaires aux PME qui envoient une personne \u00e0 l&rsquo;\u00e9tranger (entreprises d&rsquo;envoi) Pays du s\u00e9jour\/pays d&rsquo;accueil Montant par mois\/\u20ac Albanie 530 Autriche 900 Belgique 830 Bulgarie 560 Croatie [&hellip;]\" \/>\n<meta property=\"og:url\" content=\"https:\/\/mobilise-sme.eu\/fr\/aide-financiere\/\" \/>\n<meta property=\"og:site_name\" content=\"Mobilsesme\" \/>\n<meta property=\"article:modified_time\" content=\"2021-06-23T09:08:09+00:00\" \/>\n<meta name=\"twitter:card\" content=\"summary_large_image\" \/>\n<meta name=\"twitter:label1\" content=\"Written by\">\n\t<meta name=\"twitter:data1\" content=\"sumaysube\">\n\t<meta name=\"twitter:label2\" content=\"Est. reading time\">\n\t<meta name=\"twitter:data2\" content=\"1 minute\">\n<script type=\"application\/ld+json\" class=\"yoast-schema-graph\">{\"@context\":\"https:\/\/schema.org\",\"@graph\":[{\"@type\":\"WebSite\",\"@id\":\"https:\/\/mobilise-sme.eu\/#website\",\"url\":\"https:\/\/mobilise-sme.eu\/\",\"name\":\"Mobilsesme\",\"description\":\"Otro sitio realizado con WordPress\",\"potentialAction\":[{\"@type\":\"SearchAction\",\"target\":\"https:\/\/mobilise-sme.eu\/?s={search_term_string}\",\"query-input\":\"required name=search_term_string\"}],\"inLanguage\":\"fr-FR\"},{\"@type\":\"WebPage\",\"@id\":\"https:\/\/mobilise-sme.eu\/fr\/aide-financiere\/#webpage\",\"url\":\"https:\/\/mobilise-sme.eu\/fr\/aide-financiere\/\",\"name\":\"Aide financi\\u00e8re - Mobilsesme\",\"isPartOf\":{\"@id\":\"https:\/\/mobilise-sme.eu\/#website\"},\"datePublished\":\"2021-01-20T13:43:56+00:00\",\"dateModified\":\"2021-06-23T09:08:09+00:00\",\"inLanguage\":\"fr-FR\",\"potentialAction\":[{\"@type\":\"ReadAction\",\"target\":[\"https:\/\/mobilise-sme.eu\/fr\/aide-financiere\/\"]}]}]}<\/script>\n<!-- \/ Yoast SEO plugin. -->","_links":{"self":[{"href":"https:\/\/mobilise-sme.eu\/fr\/wp-json\/wp\/v2\/pages\/1624\/"}],"collection":[{"href":"https:\/\/mobilise-sme.eu\/fr\/wp-json\/wp\/v2\/pages\/"}],"about":[{"href":"https:\/\/mobilise-sme.eu\/fr\/wp-json\/wp\/v2\/types\/page\/"}],"author":[{"embeddable":true,"href":"https:\/\/mobilise-sme.eu\/fr\/wp-json\/wp\/v2\/users\/1\/"}],"replies":[{"embeddable":true,"href":"https:\/\/mobilise-sme.eu\/fr\/wp-json\/wp\/v2\/comments\/?post=1624"}],"version-history":[{"count":6,"href":"https:\/\/mobilise-sme.eu\/fr\/wp-json\/wp\/v2\/pages\/1624\/revisions\/"}],"predecessor-version":[{"id":2829,"href":"https:\/\/mobilise-sme.eu\/fr\/wp-json\/wp\/v2\/pages\/1624\/revisions\/2829\/"}],"wp:attachment":[{"href":"https:\/\/mobilise-sme.eu\/fr\/wp-json\/wp\/v2\/media\/?parent=1624"}],"curies":[{"name":"wp","href":"https:\/\/api.w.org\/{rel}","templated":true}]}}