{"id":1469,"date":"2021-01-12T11:13:26","date_gmt":"2021-01-12T11:13:26","guid":{"rendered":"https:\/\/mobilise-sme.eu\/o-programu-mobilisesme\/"},"modified":"2021-12-20T11:16:52","modified_gmt":"2021-12-20T10:16:52","slug":"o-programu-mobilisesme","status":"publish","type":"page","link":"https:\/\/mobilise-sme.eu\/hr\/o-programu-mobilisesme\/","title":{"rendered":"O programu MobiliseSME"},"content":{"rendered":"<p>[vc_row el_class=&#8221;espaciado&#8221;][vc_column css=&#8221;.vc_custom_1602685030902{padding-top: 20px !important;}&#8221;][vc_column_text css=&#8221;.vc_custom_1607951141542{margin-bottom: 5px !important;}&#8221;]<\/p>\n<p class=\"titulo-blue\" style=\"text-align: center;\">O programu MobiliseSME<\/p>\n<p>[\/vc_column_text][vc_separator color=&#8221;custom&#8221; border_width=&#8221;2&#8243; el_width=&#8221;20&#8243; accent_color=&#8221;#0d5387&#8243;][vc_column_text]MobiliseSME je program pokrenut od strane EU-a (EUREAS, EASI). Cilj je ovog programa <strong>pomo\u0107i razvoju stru\u010dnih vje\u0161tina i kapaciteta osoblja poduze\u0107a<\/strong> (zaposlenika, menad\u017eera, vlasnika ili suvlasnika) kroz poticanje kratkotrajnih prekograni\u010dnih razmjena.<\/p>\n<p>Nadovezuju\u0107i se na uspje\u0161an pilot-program \u201eMobiliseSME\u201d, koji se provodio od 2015. do 2017. godine, svrha je ovog programa pru\u017eiti potporu zaposlenim ljudima koji \u017eele iskusiti <strong>prekograni\u010dnu razmjenu<\/strong> u drugoj tvrtki na ograni\u010deno razdoblje, zadr\u017eavaju\u0107i ugovornu obvezu sa svojim poslodavcem.<\/p>\n<p>Glavne zna\u010dajke programa MobiliseSME:<\/p>\n<p>[\/vc_column_text][vc_row_inner el_class=&#8221;numeros align&#8221;][vc_column_inner width=&#8221;1\/2&#8243;][vc_column_text]<\/p>\n<p class=\"number\">1<\/p>\n<p class=\"text-numbers\">Program uklju\u010duje razmjenu osoblja MSP-a koji se nalazi u jednoj od zemalja Europske unije s drugim MSP-om iz druge zemlje Europske unije.<\/p>\n<p>[\/vc_column_text][vc_column_text]<\/p>\n<p class=\"number\">2<\/p>\n<p class=\"text-numbers\">U okviru programa korisnici imaju mogu\u0107nost osna\u017eiti postoje\u0107u suradnju s inozemnim tvrtkama.<\/p>\n<p>[\/vc_column_text][vc_column_text]<\/p>\n<p class=\"number\">3<\/p>\n<p class=\"text-numbers\">Ne postoje rokovi za sudjelovanje u programu. Program MobiliseSME djeluje kontinuirano.<\/p>\n<p>[\/vc_column_text][\/vc_column_inner][vc_column_inner width=&#8221;1\/2&#8243;][vc_column_text]<\/p>\n<p class=\"number\">4<\/p>\n<p class=\"text-numbers\">Program MobiliseSME uklju\u010duje privremenu razmjenu u trajanju od 1 do 6 mjeseci.<\/p>\n<p>[\/vc_column_text][vc_column_text]<\/p>\n<p class=\"number\">5<\/p>\n<p class=\"text-numbers\">Tijekom mobilnosti osoblje ostaje u radnom odnosu s mati\u010dnom tvrtkom koja ih \u0161alje na razmjenu. Poslodavac i dalje ima obvezu ispla\u0107ivanja pla\u0107e i ostalih tro\u0161kova zaposlenicima na razmjeni.<\/p>\n<p>[\/vc_column_text][\/vc_column_inner][\/vc_row_inner][vc_row_inner][vc_column_inner css=&#8221;.vc_custom_1602685657320{padding-left: 0px !important;}&#8221;][vc_column_text]Osim toga, program MobiliseSME pru\u017ea daljnje aktivnosti i podr\u0161ku tvrtkama. Tako\u0111er nudi:<\/p>\n<p>[\/vc_column_text][\/vc_column_inner][\/vc_row_inner][vc_row_inner el_class=&#8221;checks align&#8221;][vc_column_inner width=&#8221;1\/2&#8243;][vc_column_text]<img class=\"check\" src=\"https:\/\/mobilise-sme.eu\/wp-content\/uploads\/2020\/10\/check.png\" \/><\/p>\n<p class=\"text-numbers\"><strong>Informacije o njihovom sudjelovanju u programu internacionalizacije<\/strong>. Izme\u0111u ostalog, doprinosi podizanju svijesti o va\u017enosti obuke i internacionalizacije tvrtki.<\/p>\n<p>[\/vc_column_text][vc_column_text]<img class=\"check\" src=\"https:\/\/mobilise-sme.eu\/wp-content\/uploads\/2020\/10\/check.png\" \/><\/p>\n<p class=\"text-numbers\"><strong>Osigurava alate za ostvarivanje razmjena i kontakata s drugim tvrtkama na razini EU-a<\/strong>. Uglavnom putem pristupa Matchmaking platformi i mre\u017ee lokalnih kontakt to\u010daka.<\/p>\n<p>[\/vc_column_text][vc_column_text]<img class=\"check\" src=\"https:\/\/mobilise-sme.eu\/wp-content\/uploads\/2020\/10\/check.png\" \/><\/p>\n<p class=\"text-numbers\"><strong>Analizu profila i potreba sudionika.<\/strong><\/p>\n<p>&nbsp;<\/p>\n<p>[\/vc_column_text][vc_column_text]<img class=\"check\" src=\"https:\/\/mobilise-sme.eu\/wp-content\/uploads\/2020\/10\/check.png\" \/><\/p>\n<p class=\"text-numbers\"><strong>Usluge povezivanja <em>(matchmaking)<\/em><\/strong>. Lokalne kontakt to\u010dke klju\u010dne su za pronalazak odgovaraju\u0107ih MSP-ova koji mogu ostvariti dogovor za prekograni\u010dnu razmjenu zaposlenika.<\/p>\n<p>[\/vc_column_text][vc_column_text]<img class=\"check\" src=\"https:\/\/mobilise-sme.eu\/wp-content\/uploads\/2020\/10\/check.png\" \/><\/p>\n<p class=\"text-numbers\"><strong>Upute i pregled programa \u201eMobiliseSME Learning Project\u201d<\/strong>. \u201eMobiliseSME Learning Project\u201d glavni je radni dokument. Lokalne kontakt to\u010dke u svakoj dr\u017eavi pomo\u0107i \u0107e vam u izradi dokumenta prilago\u0111enog va\u0161im potrebama.<\/p>\n<p>[\/vc_column_text][\/vc_column_inner][vc_column_inner width=&#8221;1\/2&#8243;][vc_column_text]<img class=\"check\" src=\"https:\/\/mobilise-sme.eu\/wp-content\/uploads\/2020\/10\/check.png\" \/><\/p>\n<p class=\"text-numbers\"><strong>Usluge obuke prije odlaska na razmjenu<\/strong>. Korisne informacije i obuku pru\u017eaju partnerske organizacije prije odlaska na razmjenu. Obuka pokriva \u0161irok spektar tema poput poslovnih pitanja u dr\u017eavama \u010dlanicama EU-a i prakti\u010dnih informacija o boravku u inozemstvu.<\/p>\n<p>[\/vc_column_text][vc_column_text]<img class=\"check\" src=\"https:\/\/mobilise-sme.eu\/wp-content\/uploads\/2020\/10\/check.png\" \/><\/p>\n<p class=\"text-numbers\"><strong>Kontinuiranu evaluaciju ishoda u\u010denja<\/strong>. Program MobiliseSME ima kontinuiran uvid u prekograni\u010dnu razmjenu zaposlenika.<\/p>\n<p>[\/vc_column_text][vc_column_text]<img class=\"check\" src=\"https:\/\/mobilise-sme.eu\/wp-content\/uploads\/2020\/10\/check.png\" \/><\/p>\n<p class=\"text-numbers\"><strong>Preporuke za daljnji razvoj i upute<\/strong>. Program MobiliseSME pru\u017ea preporuke i upute o obuci, inovacijama, internacionalizaciji tvrtki i prekograni\u010dnoj razmjeni zaposlenika.<\/p>\n<p>[\/vc_column_text][\/vc_column_inner][\/vc_row_inner][vc_row_inner][vc_column_inner css=&#8221;.vc_custom_1602685657320{padding-left: 0px !important;}&#8221;][vc_column_text]Vi\u0161e informacija doznajte klikom na odjeljak <strong><a href=\"https:\/\/mobilise-sme.eu\/who-can-participate\/\">\u201eTko mo\u017ee sudjelovati\u201d<\/a>, <a href=\"https:\/\/mobilise-sme.eu\/hr\/kako-sudjelovati\/\">\u201eKako sudjelovati\u201d<\/a><\/strong> ili \u201eLokalne kontakt to\u010dke\u201d.<\/p>\n<p>[\/vc_column_text][\/vc_column_inner][\/vc_row_inner][\/vc_column][\/vc_row]<\/p>\n","protected":false},"excerpt":{"rendered":"<p>[vc_row el_class=&#8221;espaciado&#8221;][vc_column css=&#8221;.vc_custom_1602685030902{padding-top: 20px !important;}&#8221;][vc_column_text css=&#8221;.vc_custom_1607951141542{margin-bottom: 5px !important;}&#8221;] O programu MobiliseSME [\/vc_column_text][vc_separator color=&#8221;custom&#8221; border_width=&#8221;2&#8243; el_width=&#8221;20&#8243; accent_color=&#8221;#0d5387&#8243;][vc_column_text]MobiliseSME je program pokrenut od strane EU-a (EUREAS, EASI). Cilj je ovog programa pomo\u0107i razvoju stru\u010dnih vje\u0161tina i kapaciteta osoblja poduze\u0107a (zaposlenika, menad\u017eera, vlasnika ili suvlasnika) kroz poticanje kratkotrajnih prekograni\u010dnih razmjena. Nadovezuju\u0107i se na uspje\u0161an pilot-program \u201eMobiliseSME\u201d, koji se provodio od 2015. do 2017. godine, svrha je ovog programa pru\u017eiti potporu zaposlenim ljudima koji \u017eele iskusiti prekograni\u010dnu razmjenu u drugoj tvrtki na ograni\u010deno razdoblje, zadr\u017eavaju\u0107i ugovornu obvezu sa svojim poslodavcem. Glavne zna\u010dajke programa MobiliseSME: [\/vc_column_text][vc_row_inner el_class=&#8221;numeros align&#8221;][vc_column_inner width=&#8221;1\/2&#8243;][vc_column_text] 1 Program uklju\u010duje razmjenu osoblja MSP-a koji [&hellip;]<\/p>\n","protected":false},"author":1,"featured_media":0,"parent":0,"menu_order":0,"comment_status":"closed","ping_status":"closed","template":"","meta":[],"yoast_head":"<!-- This site is optimized with the Yoast SEO plugin v15.4 - https:\/\/yoast.com\/wordpress\/plugins\/seo\/ -->\n<title>O programu MobiliseSME - Mobilsesme<\/title>\n<meta name=\"robots\" content=\"index, follow, max-snippet:-1, max-image-preview:large, max-video-preview:-1\" \/>\n<link rel=\"canonical\" href=\"https:\/\/mobilise-sme.eu\/hr\/o-programu-mobilisesme\/\" \/>\n<meta property=\"og:locale\" content=\"hr_HR\" \/>\n<meta property=\"og:type\" content=\"article\" \/>\n<meta property=\"og:title\" content=\"O programu MobiliseSME - Mobilsesme\" \/>\n<meta property=\"og:description\" content=\"[vc_row el_class=&#8221;espaciado&#8221;][vc_column css=&#8221;.vc_custom_1602685030902{padding-top: 20px !important;}&#8221;][vc_column_text css=&#8221;.vc_custom_1607951141542{margin-bottom: 5px !important;}&#8221;] O programu MobiliseSME [\/vc_column_text][vc_separator color=&#8221;custom&#8221; border_width=&#8221;2&#8243; el_width=&#8221;20&#8243; accent_color=&#8221;#0d5387&#8243;][vc_column_text]MobiliseSME je program pokrenut od strane EU-a (EUREAS, EASI). Cilj je ovog programa pomo\u0107i razvoju stru\u010dnih vje\u0161tina i kapaciteta osoblja poduze\u0107a (zaposlenika, menad\u017eera, vlasnika ili suvlasnika) kroz poticanje kratkotrajnih prekograni\u010dnih razmjena. Nadovezuju\u0107i se na uspje\u0161an pilot-program \u201eMobiliseSME\u201d, koji se provodio od 2015. do 2017. godine, svrha je ovog programa pru\u017eiti potporu zaposlenim ljudima koji \u017eele iskusiti prekograni\u010dnu razmjenu u drugoj tvrtki na ograni\u010deno razdoblje, zadr\u017eavaju\u0107i ugovornu obvezu sa svojim poslodavcem. Glavne zna\u010dajke programa MobiliseSME: [\/vc_column_text][vc_row_inner el_class=&#8221;numeros align&#8221;][vc_column_inner width=&#8221;1\/2&#8243;][vc_column_text] 1 Program uklju\u010duje razmjenu osoblja MSP-a koji [&hellip;]\" \/>\n<meta property=\"og:url\" content=\"https:\/\/mobilise-sme.eu\/hr\/o-programu-mobilisesme\/\" \/>\n<meta property=\"og:site_name\" content=\"Mobilsesme\" \/>\n<meta property=\"article:modified_time\" content=\"2021-12-20T10:16:52+00:00\" \/>\n<meta property=\"og:image\" content=\"https:\/\/mobilise-sme.eu\/wp-content\/uploads\/2020\/10\/check.png\" \/>\n<meta name=\"twitter:card\" content=\"summary_large_image\" \/>\n<meta name=\"twitter:label1\" content=\"Written by\">\n\t<meta name=\"twitter:data1\" content=\"sumaysube\">\n\t<meta name=\"twitter:label2\" content=\"Est. reading time\">\n\t<meta name=\"twitter:data2\" content=\"2 minute\">\n<script type=\"application\/ld+json\" class=\"yoast-schema-graph\">{\"@context\":\"https:\/\/schema.org\",\"@graph\":[{\"@type\":\"WebSite\",\"@id\":\"https:\/\/mobilise-sme.eu\/#website\",\"url\":\"https:\/\/mobilise-sme.eu\/\",\"name\":\"Mobilsesme\",\"description\":\"Otro sitio realizado con WordPress\",\"potentialAction\":[{\"@type\":\"SearchAction\",\"target\":\"https:\/\/mobilise-sme.eu\/?s={search_term_string}\",\"query-input\":\"required name=search_term_string\"}],\"inLanguage\":\"hr\"},{\"@type\":\"ImageObject\",\"@id\":\"https:\/\/mobilise-sme.eu\/hr\/o-programu-mobilisesme\/#primaryimage\",\"inLanguage\":\"hr\",\"url\":\"https:\/\/mobilise-sme.eu\/wp-content\/uploads\/2020\/10\/check.png\",\"width\":100,\"height\":100},{\"@type\":\"WebPage\",\"@id\":\"https:\/\/mobilise-sme.eu\/hr\/o-programu-mobilisesme\/#webpage\",\"url\":\"https:\/\/mobilise-sme.eu\/hr\/o-programu-mobilisesme\/\",\"name\":\"O programu MobiliseSME - Mobilsesme\",\"isPartOf\":{\"@id\":\"https:\/\/mobilise-sme.eu\/#website\"},\"primaryImageOfPage\":{\"@id\":\"https:\/\/mobilise-sme.eu\/hr\/o-programu-mobilisesme\/#primaryimage\"},\"datePublished\":\"2021-01-12T11:13:26+00:00\",\"dateModified\":\"2021-12-20T10:16:52+00:00\",\"inLanguage\":\"hr\",\"potentialAction\":[{\"@type\":\"ReadAction\",\"target\":[\"https:\/\/mobilise-sme.eu\/hr\/o-programu-mobilisesme\/\"]}]}]}<\/script>\n<!-- \/ Yoast SEO plugin. -->","_links":{"self":[{"href":"https:\/\/mobilise-sme.eu\/hr\/wp-json\/wp\/v2\/pages\/1469\/"}],"collection":[{"href":"https:\/\/mobilise-sme.eu\/hr\/wp-json\/wp\/v2\/pages\/"}],"about":[{"href":"https:\/\/mobilise-sme.eu\/hr\/wp-json\/wp\/v2\/types\/page\/"}],"author":[{"embeddable":true,"href":"https:\/\/mobilise-sme.eu\/hr\/wp-json\/wp\/v2\/users\/1\/"}],"replies":[{"embeddable":true,"href":"https:\/\/mobilise-sme.eu\/hr\/wp-json\/wp\/v2\/comments\/?post=1469"}],"version-history":[{"count":5,"href":"https:\/\/mobilise-sme.eu\/hr\/wp-json\/wp\/v2\/pages\/1469\/revisions\/"}],"predecessor-version":[{"id":3580,"href":"https:\/\/mobilise-sme.eu\/hr\/wp-json\/wp\/v2\/pages\/1469\/revisions\/3580\/"}],"wp:attachment":[{"href":"https:\/\/mobilise-sme.eu\/hr\/wp-json\/wp\/v2\/media\/?parent=1469"}],"curies":[{"name":"wp","href":"https:\/\/api.w.org\/{rel}","templated":true}]}}