{"id":1475,"date":"2021-01-12T11:56:26","date_gmt":"2021-01-12T11:56:26","guid":{"rendered":"https:\/\/mobilise-sme.eu\/financijska-potpora\/"},"modified":"2021-02-08T09:57:40","modified_gmt":"2021-02-08T09:57:40","slug":"financijska-potpora","status":"publish","type":"page","link":"https:\/\/mobilise-sme.eu\/hr\/financijska-potpora\/","title":{"rendered":"Financijska potpora"},"content":{"rendered":"<p>[vc_row el_class=&#8221;espaciado&#8221;][vc_column css=&#8221;.vc_custom_1602769662476{padding-top: 20px !important;}&#8221;][vc_column_text css=&#8221;.vc_custom_1602769942285{margin-bottom: 5px !important;}&#8221;]<\/p>\n<p class=\"titulo-yellow\" style=\"text-align: center;\">Financijska potpora<\/p>\n<p>[\/vc_column_text][vc_separator color=&#8221;custom&#8221; border_width=&#8221;2&#8243; el_width=&#8221;20&#8243; accent_color=&#8221;#efca34&#8243;][vc_column_text]<\/p>\n<p>Razmjene su djelomi\u010dno financirane od strane programa MobiliseSME.<\/p>\n<p>Svrha je financijske potpore doprinos tro\u0161kovima zaposlenika, menad\u017eera te su(vlasnika) MSP-ova tijekom boravka u inozemstvu.<\/p>\n<p>Iznos financijske potpore ovisi o dr\u017eavi u kojoj se prekograni\u010dna razmjena zaposlenika odvija, a iznos mjese\u010dne financijske potpore detaljno je prikazan u sljede\u0107oj tablici.<\/p>\n<p>[\/vc_column_text][vc_column_text el_class=&#8221;tabla&#8221;]<\/p>\n<p><strong>Mjese\u010dna financijska pomo\u0107 koju partnerske organizacije osiguravaju tre\u0107im stranama (tvrtkama koje \u0161alju zaposlenike na razmjenu)<\/strong><\/p>\n<table class=\"table aligncenter\">\n<thead>\n<tr>\n<th scope=\"col\">Dr\u017eava boravka \/ Dr\u017eava doma\u0107in<\/th>\n<th scope=\"col\">Mjese\u010dni iznos \/ \u20ac<\/th>\n<\/tr>\n<\/thead>\n<tbody>\n<tr>\n<td>Albanija<\/td>\n<td>530<\/td>\n<\/tr>\n<tr>\n<td>Austrija<\/td>\n<td>900<\/td>\n<\/tr>\n<tr>\n<td>Belgija<\/td>\n<td>830<\/td>\n<\/tr>\n<tr>\n<td>Bugarska<\/td>\n<td>560<\/td>\n<\/tr>\n<tr>\n<td>Hrvatska<\/td>\n<td>720<\/td>\n<\/tr>\n<tr>\n<td>Cipar<\/td>\n<td>780<\/td>\n<\/tr>\n<tr>\n<td>\u010ce\u0161ka<\/td>\n<td>610<\/td>\n<\/tr>\n<tr>\n<td>Danska<\/td>\n<td>1100<\/td>\n<\/tr>\n<tr>\n<td>Njema\u010dka<\/td>\n<td>830<\/td>\n<\/tr>\n<tr>\n<td>Estonija<\/td>\n<td>670<\/td>\n<\/tr>\n<tr>\n<td>Finska<\/td>\n<td>950<\/td>\n<\/tr>\n<tr>\n<td>Sjeverna Makedonija<\/td>\n<td>560<\/td>\n<\/tr>\n<tr>\n<td>Francuska<\/td>\n<td>900<\/td>\n<\/tr>\n<tr>\n<td>Gr\u010dka<\/td>\n<td>780<\/td>\n<\/tr>\n<tr>\n<td>Ma\u0111arska<\/td>\n<td>670<\/td>\n<\/tr>\n<tr>\n<td>Island<\/td>\n<td>900<\/td>\n<\/tr>\n<tr>\n<td>Irska<\/td>\n<td>1000<\/td>\n<\/tr>\n<tr>\n<td>Italija<\/td>\n<td>900<\/td>\n<\/tr>\n<tr>\n<td>Latvija<\/td>\n<td>610<\/td>\n<\/tr>\n<tr>\n<td>Litva<\/td>\n<td>560<\/td>\n<\/tr>\n<tr>\n<td>Luksemburg<\/td>\n<td>830<\/td>\n<\/tr>\n<tr>\n<td>Malta<\/td>\n<td>720<\/td>\n<\/tr>\n<tr>\n<td>Crna Gora<\/td>\n<td>560<\/td>\n<\/tr>\n<tr>\n<td>Nizozemska<\/td>\n<td>830<\/td>\n<\/tr>\n<tr>\n<td>Poljska<\/td>\n<td>610<\/td>\n<\/tr>\n<tr>\n<td>Portugal<\/td>\n<td>780<\/td>\n<\/tr>\n<tr>\n<td>Rumunjska<\/td>\n<td>560<\/td>\n<\/tr>\n<tr>\n<td>Srbija<\/td>\n<td>560<\/td>\n<\/tr>\n<tr>\n<td>Slova\u010dka<\/td>\n<td>610<\/td>\n<\/tr>\n<tr>\n<td>Slovenija<\/td>\n<td>720<\/td>\n<\/tr>\n<tr>\n<td>\u0160panjolska<\/td>\n<td>830<\/td>\n<\/tr>\n<tr>\n<td>\u0160vedska<\/td>\n<td>950<\/td>\n<\/tr>\n<tr>\n<td>Turska<\/td>\n<td>750<\/td>\n<\/tr>\n<tr>\n<td>Ujedinjena Kraljevina<\/td>\n<td>1000<\/td>\n<\/tr>\n<tr>\n<td>Zaposlenici s invaliditetom (bez obzira na zemlju boravka)<\/td>\n<td>1100<\/td>\n<\/tr>\n<\/tbody>\n<\/table>\n<p>[\/vc_column_text][vc_column_text]<\/p>\n<p>Bespovratna sredstva Europske unije pokrivaju putne tro\u0161kove do preuzimanja du\u017enosti u tvrtki u koju zaposlenik odlazi na razmjenu, naknade za boravak u inozemstvu, a po potrebi i tro\u0161kove kratke jezi\u010dne obuke.<\/p>\n<p>Za vi\u0161e informacija obratite se bilo kojoj lokalnoj kontakt to\u010dki koja je zadu\u017eena za provo\u0111enje programa MobiliseSME u odjeljku \u201eLokalne kontakt to\u010dke\u201d.<\/p>\n<p>[\/vc_column_text][\/vc_column][\/vc_row]<\/p>\n","protected":false},"excerpt":{"rendered":"<p>[vc_row el_class=&#8221;espaciado&#8221;][vc_column css=&#8221;.vc_custom_1602769662476{padding-top: 20px !important;}&#8221;][vc_column_text css=&#8221;.vc_custom_1602769942285{margin-bottom: 5px !important;}&#8221;] Financijska potpora [\/vc_column_text][vc_separator color=&#8221;custom&#8221; border_width=&#8221;2&#8243; el_width=&#8221;20&#8243; accent_color=&#8221;#efca34&#8243;][vc_column_text] Razmjene su djelomi\u010dno financirane od strane programa MobiliseSME. Svrha je financijske potpore doprinos tro\u0161kovima zaposlenika, menad\u017eera te su(vlasnika) MSP-ova tijekom boravka u inozemstvu. Iznos financijske potpore ovisi o dr\u017eavi u kojoj se prekograni\u010dna razmjena zaposlenika odvija, a iznos mjese\u010dne financijske potpore detaljno je prikazan u sljede\u0107oj tablici. [\/vc_column_text][vc_column_text el_class=&#8221;tabla&#8221;] Mjese\u010dna financijska pomo\u0107 koju partnerske organizacije osiguravaju tre\u0107im stranama (tvrtkama koje \u0161alju zaposlenike na razmjenu) Dr\u017eava boravka \/ Dr\u017eava doma\u0107in Mjese\u010dni iznos \/ \u20ac Albanija 530 Austrija 900 Belgija 830 Bugarska 560 Hrvatska 720 Cipar 780 [&hellip;]<\/p>\n","protected":false},"author":1,"featured_media":0,"parent":0,"menu_order":0,"comment_status":"closed","ping_status":"closed","template":"","meta":[],"yoast_head":"<!-- This site is optimized with the Yoast SEO plugin v15.4 - https:\/\/yoast.com\/wordpress\/plugins\/seo\/ -->\n<title>Financijska potpora - Mobilsesme<\/title>\n<meta name=\"robots\" content=\"index, follow, max-snippet:-1, max-image-preview:large, max-video-preview:-1\" \/>\n<link rel=\"canonical\" href=\"https:\/\/mobilise-sme.eu\/hr\/financial-support\/\" \/>\n<meta property=\"og:locale\" content=\"hr_HR\" \/>\n<meta property=\"og:type\" content=\"article\" \/>\n<meta property=\"og:title\" content=\"Financijska potpora - Mobilsesme\" \/>\n<meta property=\"og:description\" content=\"[vc_row el_class=&#8221;espaciado&#8221;][vc_column css=&#8221;.vc_custom_1602769662476{padding-top: 20px !important;}&#8221;][vc_column_text css=&#8221;.vc_custom_1602769942285{margin-bottom: 5px !important;}&#8221;] Financijska potpora [\/vc_column_text][vc_separator color=&#8221;custom&#8221; border_width=&#8221;2&#8243; el_width=&#8221;20&#8243; accent_color=&#8221;#efca34&#8243;][vc_column_text] Razmjene su djelomi\u010dno financirane od strane programa MobiliseSME. Svrha je financijske potpore doprinos tro\u0161kovima zaposlenika, menad\u017eera te su(vlasnika) MSP-ova tijekom boravka u inozemstvu. Iznos financijske potpore ovisi o dr\u017eavi u kojoj se prekograni\u010dna razmjena zaposlenika odvija, a iznos mjese\u010dne financijske potpore detaljno je prikazan u sljede\u0107oj tablici. [\/vc_column_text][vc_column_text el_class=&#8221;tabla&#8221;] Mjese\u010dna financijska pomo\u0107 koju partnerske organizacije osiguravaju tre\u0107im stranama (tvrtkama koje \u0161alju zaposlenike na razmjenu) Dr\u017eava boravka \/ Dr\u017eava doma\u0107in Mjese\u010dni iznos \/ \u20ac Albanija 530 Austrija 900 Belgija 830 Bugarska 560 Hrvatska 720 Cipar 780 [&hellip;]\" \/>\n<meta property=\"og:url\" content=\"https:\/\/mobilise-sme.eu\/financial-support\/\" \/>\n<meta property=\"og:site_name\" content=\"Mobilsesme\" \/>\n<meta property=\"article:modified_time\" content=\"2021-02-08T09:57:40+00:00\" \/>\n<meta name=\"twitter:card\" content=\"summary_large_image\" \/>\n<meta name=\"twitter:label1\" content=\"Written by\">\n\t<meta name=\"twitter:data1\" content=\"sumaysube\">\n\t<meta name=\"twitter:label2\" content=\"Est. reading time\">\n\t<meta name=\"twitter:data2\" content=\"1 minuta\">\n<script type=\"application\/ld+json\" class=\"yoast-schema-graph\">{\"@context\":\"https:\/\/schema.org\",\"@graph\":[{\"@type\":\"WebSite\",\"@id\":\"https:\/\/mobilise-sme.eu\/#website\",\"url\":\"https:\/\/mobilise-sme.eu\/\",\"name\":\"Mobilsesme\",\"description\":\"Otro sitio realizado con WordPress\",\"potentialAction\":[{\"@type\":\"SearchAction\",\"target\":\"https:\/\/mobilise-sme.eu\/?s={search_term_string}\",\"query-input\":\"required name=search_term_string\"}],\"inLanguage\":\"hr\"},{\"@type\":\"WebPage\",\"@id\":\"https:\/\/mobilise-sme.eu\/financial-support\/#webpage\",\"url\":\"https:\/\/mobilise-sme.eu\/financial-support\/\",\"name\":\"Financijska potpora - Mobilsesme\",\"isPartOf\":{\"@id\":\"https:\/\/mobilise-sme.eu\/#website\"},\"datePublished\":\"2021-01-12T11:56:26+00:00\",\"dateModified\":\"2021-02-08T09:57:40+00:00\",\"inLanguage\":\"hr\",\"potentialAction\":[{\"@type\":\"ReadAction\",\"target\":[\"https:\/\/mobilise-sme.eu\/financial-support\/\"]}]}]}<\/script>\n<!-- \/ Yoast SEO plugin. -->","_links":{"self":[{"href":"https:\/\/mobilise-sme.eu\/hr\/wp-json\/wp\/v2\/pages\/1475\/"}],"collection":[{"href":"https:\/\/mobilise-sme.eu\/hr\/wp-json\/wp\/v2\/pages\/"}],"about":[{"href":"https:\/\/mobilise-sme.eu\/hr\/wp-json\/wp\/v2\/types\/page\/"}],"author":[{"embeddable":true,"href":"https:\/\/mobilise-sme.eu\/hr\/wp-json\/wp\/v2\/users\/1\/"}],"replies":[{"embeddable":true,"href":"https:\/\/mobilise-sme.eu\/hr\/wp-json\/wp\/v2\/comments\/?post=1475"}],"version-history":[{"count":7,"href":"https:\/\/mobilise-sme.eu\/hr\/wp-json\/wp\/v2\/pages\/1475\/revisions\/"}],"predecessor-version":[{"id":1816,"href":"https:\/\/mobilise-sme.eu\/hr\/wp-json\/wp\/v2\/pages\/1475\/revisions\/1816\/"}],"wp:attachment":[{"href":"https:\/\/mobilise-sme.eu\/hr\/wp-json\/wp\/v2\/media\/?parent=1475"}],"curies":[{"name":"wp","href":"https:\/\/api.w.org\/{rel}","templated":true}]}}