{"id":1481,"date":"2021-01-12T12:43:24","date_gmt":"2021-01-12T12:43:24","guid":{"rendered":"https:\/\/mobilise-sme.eu\/kako-sudjelovati\/"},"modified":"2021-12-17T09:38:59","modified_gmt":"2021-12-17T08:38:59","slug":"kako-sudjelovati","status":"publish","type":"page","link":"https:\/\/mobilise-sme.eu\/hr\/kako-sudjelovati\/","title":{"rendered":"Kako sudjelovati"},"content":{"rendered":"<p>[vc_row el_class=&#8221;espaciado&#8221;][vc_column css=&#8221;.vc_custom_1602768873572{padding-top: 20px !important;}&#8221;][vc_column_text css=&#8221;.vc_custom_1602768906017{margin-bottom: 5px !important;}&#8221;]<\/p>\n<p class=\"titulo-blue\" style=\"text-align: center;\">Kako sudjelovati u programu?<\/p>\n<p>[\/vc_column_text][vc_separator color=&#8221;custom&#8221; border_width=&#8221;2&#8243; el_width=&#8221;20&#8243; accent_color=&#8221;#0d5387&#8243;][vc_column_text]<\/p>\n<p class=\"numero\">1<\/p>\n<p class=\"texto-numero\"><strong>Obratite se najbli\u017eoj lokalnoj kontakt to\u010dki<\/strong><\/p>\n<p class=\"texto-numero\">Lokalne kontakt to\u010dke (posredni\u010dke organizacije) slu\u017ebeno su imenovane od strane <strong>programa EASI<\/strong> da bi pomogle uspostaviti kontakte izme\u0111u MSP-ova na podru\u010dju EU-a u okviru programa MobiliseSME.<\/p>\n<p class=\"texto-numero\">To su subjekti poput gospodarskih komora, poslovno-inovacijskih agencija, zaklada, udru\u017eenja gospodarskih komora, poslovnih organizacija, sveu\u010dili\u0161ta i poduzetni\u010dkih inkubatora.<\/p>\n<p class=\"texto-numero\">Njihov je glavni zadatak osigurati uspje\u0161nu prekograni\u010dnu razmjenu zaposlenika izme\u0111u tvrtke \u010diji zaposlenik odlazi na razmjenu i tvrtke u koju zaposlenik dolazi na razmjenu te pru\u017eiti usluge povezivanja. Mo\u017eete se obratiti bilo kojoj lokalnoj kontakt to\u010dki uspostavljenoj u va\u0161oj dr\u017eavi.<\/p>\n<p class=\"texto-numero\">Ostali alati koji vam mogu pomo\u0107i da doznate vi\u0161e o programu su priru\u010dnik <a href=\"https:\/\/mobilise-sme.eu\/hr\/matchmaking-platforma\/\"><b>\u201eMobiliseSME Guide\u201d<\/b><\/a> i vodi\u010d za registraciju <a href=\"https:\/\/mobilise-sme.eu\/hr\/matchmaking-platforma\/\"><b>\u201eMobiliseSME Registration Guide\u201d<\/b><\/a>.<\/p>\n<p>[\/vc_column_text][vc_column_text]<\/p>\n<p class=\"numero\">2<\/p>\n<p class=\"texto-numero\"><strong>Registrirajte se na Matchmaking platformu i prona\u0111ite poslovnog partnera<\/strong><\/p>\n<p class=\"texto-numero\">Svi zaposlenici prihvatljivih MSP-ova mogu se obratiti partnerskim organizacijama da bi sudjelovali u programu MobiliseSME i registrirali MSP u svoje ime.<\/p>\n<p class=\"texto-numero\">MSP-ovi prijave podnose putem online alata za registraciju na Matchmaking platformi. Tijekom registracije MSP-ovi moraju odabrati jednu od lokalnih kontakt to\u010daka, koja \u0107e im pru\u017eiti podr\u0161ku.<\/p>\n<p class=\"texto-numero\">Jednom kad se registrirate, bit \u0107e vam dodijeljena lokalna kontakt to\u010dka koja \u0107e vam pomo\u0107i u postupku prijave.<\/p>\n<p class=\"texto-numero\">Matchmaking platforma pru\u017ea pomo\u0107 u pronalasku poslovnih partnera iz bilo koje zemlje Europske unije. U okviru programa korisnici imaju mogu\u0107nost osna\u017eiti postoje\u0107u suradnju s inozemnim tvrtkama.<\/p>\n<p>[\/vc_column_text][vc_column_text]<\/p>\n<p class=\"numero\">3<\/p>\n<p class=\"texto-numero\"><strong>Rad na dokumentu \u201eMobiliseSME Learning document\u201d<\/strong><\/p>\n<p class=\"texto-numero\">Dokument \u201eMobiliseSME Learning document\u201d je glavni radni i obvezuju\u0107i dokument koji obuhva\u0107a opis projekta, plan aktivnosti te o\u010dekivane ishode, a ispunjavaju ga sve stranke uklju\u010dene u program.<\/p>\n<p class=\"texto-numero\">Jasne upute za ispunjavanje dokumenta izradio je program MobiliseSME.<\/p>\n<p class=\"texto-numero\">Postoje i drugi radni dokumenti. Za vi\u0161e informacija obratite se lokalnoj kontakt to\u010dki.<\/p>\n<p>[\/vc_column_text][vc_column_text]<\/p>\n<p class=\"numero\">4<\/p>\n<p class=\"texto-numero\"><strong>Spremni za polazak!<\/strong><\/p>\n<p class=\"texto-numero\">Prije odlaska na razmjenu program MobiliseSME pru\u017eit \u0107e vam sve potrebne prakti\u010dne informacije. To se odnosi na sva pitanja vezana uz Europsku uniju i poslovne subjekte te na prakti\u010dne informacije o boravku u inozemstvu.<\/p>\n<p class=\"texto-numero\">Za vi\u0161e detalja o mogu\u0107im pravnim implikacijama (administrativne, implikacije vezane uz socijalno osiguranje, zdravstvenu skrb te radno i porezno pravo) obratite se lokalnoj kontakt to\u010dki.<\/p>\n<p class=\"texto-numero\">Po zavr\u0161etku razmjene potrebno je ispuniti upitnik s povratnim informacijama o uspje\u0161nosti iste.<\/p>\n<p>[\/vc_column_text][\/vc_column][\/vc_row]<\/p>\n","protected":false},"excerpt":{"rendered":"<p>[vc_row el_class=&#8221;espaciado&#8221;][vc_column css=&#8221;.vc_custom_1602768873572{padding-top: 20px !important;}&#8221;][vc_column_text css=&#8221;.vc_custom_1602768906017{margin-bottom: 5px !important;}&#8221;] Kako sudjelovati u programu? [\/vc_column_text][vc_separator color=&#8221;custom&#8221; border_width=&#8221;2&#8243; el_width=&#8221;20&#8243; accent_color=&#8221;#0d5387&#8243;][vc_column_text] 1 Obratite se najbli\u017eoj lokalnoj kontakt to\u010dki Lokalne kontakt to\u010dke (posredni\u010dke organizacije) slu\u017ebeno su imenovane od strane programa EASI da bi pomogle uspostaviti kontakte izme\u0111u MSP-ova na podru\u010dju EU-a u okviru programa MobiliseSME. To su subjekti poput gospodarskih komora, poslovno-inovacijskih agencija, zaklada, udru\u017eenja gospodarskih komora, poslovnih organizacija, sveu\u010dili\u0161ta i poduzetni\u010dkih inkubatora. Njihov je glavni zadatak osigurati uspje\u0161nu prekograni\u010dnu razmjenu zaposlenika izme\u0111u tvrtke \u010diji zaposlenik odlazi na razmjenu i tvrtke u koju zaposlenik dolazi na razmjenu te pru\u017eiti usluge povezivanja. Mo\u017eete se obratiti bilo [&hellip;]<\/p>\n","protected":false},"author":1,"featured_media":0,"parent":0,"menu_order":0,"comment_status":"closed","ping_status":"closed","template":"","meta":[],"yoast_head":"<!-- This site is optimized with the Yoast SEO plugin v15.4 - https:\/\/yoast.com\/wordpress\/plugins\/seo\/ -->\n<title>Kako sudjelovati - Mobilsesme<\/title>\n<meta name=\"robots\" content=\"index, follow, max-snippet:-1, max-image-preview:large, max-video-preview:-1\" \/>\n<link rel=\"canonical\" href=\"https:\/\/mobilise-sme.eu\/hr\/kako-sudjelovati\/\" \/>\n<meta property=\"og:locale\" content=\"hr_HR\" \/>\n<meta property=\"og:type\" content=\"article\" \/>\n<meta property=\"og:title\" content=\"Kako sudjelovati - Mobilsesme\" \/>\n<meta property=\"og:description\" content=\"[vc_row el_class=&#8221;espaciado&#8221;][vc_column css=&#8221;.vc_custom_1602768873572{padding-top: 20px !important;}&#8221;][vc_column_text css=&#8221;.vc_custom_1602768906017{margin-bottom: 5px !important;}&#8221;] Kako sudjelovati u programu? [\/vc_column_text][vc_separator color=&#8221;custom&#8221; border_width=&#8221;2&#8243; el_width=&#8221;20&#8243; accent_color=&#8221;#0d5387&#8243;][vc_column_text] 1 Obratite se najbli\u017eoj lokalnoj kontakt to\u010dki Lokalne kontakt to\u010dke (posredni\u010dke organizacije) slu\u017ebeno su imenovane od strane programa EASI da bi pomogle uspostaviti kontakte izme\u0111u MSP-ova na podru\u010dju EU-a u okviru programa MobiliseSME. To su subjekti poput gospodarskih komora, poslovno-inovacijskih agencija, zaklada, udru\u017eenja gospodarskih komora, poslovnih organizacija, sveu\u010dili\u0161ta i poduzetni\u010dkih inkubatora. Njihov je glavni zadatak osigurati uspje\u0161nu prekograni\u010dnu razmjenu zaposlenika izme\u0111u tvrtke \u010diji zaposlenik odlazi na razmjenu i tvrtke u koju zaposlenik dolazi na razmjenu te pru\u017eiti usluge povezivanja. Mo\u017eete se obratiti bilo [&hellip;]\" \/>\n<meta property=\"og:url\" content=\"https:\/\/mobilise-sme.eu\/hr\/kako-sudjelovati\/\" \/>\n<meta property=\"og:site_name\" content=\"Mobilsesme\" \/>\n<meta property=\"article:modified_time\" content=\"2021-12-17T08:38:59+00:00\" \/>\n<meta name=\"twitter:card\" content=\"summary_large_image\" \/>\n<meta name=\"twitter:label1\" content=\"Written by\">\n\t<meta name=\"twitter:data1\" content=\"sumaysube\">\n\t<meta name=\"twitter:label2\" content=\"Est. reading time\">\n\t<meta name=\"twitter:data2\" content=\"2 minute\">\n<script type=\"application\/ld+json\" class=\"yoast-schema-graph\">{\"@context\":\"https:\/\/schema.org\",\"@graph\":[{\"@type\":\"WebSite\",\"@id\":\"https:\/\/mobilise-sme.eu\/#website\",\"url\":\"https:\/\/mobilise-sme.eu\/\",\"name\":\"Mobilsesme\",\"description\":\"Otro sitio realizado con WordPress\",\"potentialAction\":[{\"@type\":\"SearchAction\",\"target\":\"https:\/\/mobilise-sme.eu\/?s={search_term_string}\",\"query-input\":\"required name=search_term_string\"}],\"inLanguage\":\"hr\"},{\"@type\":\"WebPage\",\"@id\":\"https:\/\/mobilise-sme.eu\/hr\/kako-sudjelovati\/#webpage\",\"url\":\"https:\/\/mobilise-sme.eu\/hr\/kako-sudjelovati\/\",\"name\":\"Kako sudjelovati - Mobilsesme\",\"isPartOf\":{\"@id\":\"https:\/\/mobilise-sme.eu\/#website\"},\"datePublished\":\"2021-01-12T12:43:24+00:00\",\"dateModified\":\"2021-12-17T08:38:59+00:00\",\"inLanguage\":\"hr\",\"potentialAction\":[{\"@type\":\"ReadAction\",\"target\":[\"https:\/\/mobilise-sme.eu\/hr\/kako-sudjelovati\/\"]}]}]}<\/script>\n<!-- \/ Yoast SEO plugin. -->","_links":{"self":[{"href":"https:\/\/mobilise-sme.eu\/hr\/wp-json\/wp\/v2\/pages\/1481\/"}],"collection":[{"href":"https:\/\/mobilise-sme.eu\/hr\/wp-json\/wp\/v2\/pages\/"}],"about":[{"href":"https:\/\/mobilise-sme.eu\/hr\/wp-json\/wp\/v2\/types\/page\/"}],"author":[{"embeddable":true,"href":"https:\/\/mobilise-sme.eu\/hr\/wp-json\/wp\/v2\/users\/1\/"}],"replies":[{"embeddable":true,"href":"https:\/\/mobilise-sme.eu\/hr\/wp-json\/wp\/v2\/comments\/?post=1481"}],"version-history":[{"count":6,"href":"https:\/\/mobilise-sme.eu\/hr\/wp-json\/wp\/v2\/pages\/1481\/revisions\/"}],"predecessor-version":[{"id":3454,"href":"https:\/\/mobilise-sme.eu\/hr\/wp-json\/wp\/v2\/pages\/1481\/revisions\/3454\/"}],"wp:attachment":[{"href":"https:\/\/mobilise-sme.eu\/hr\/wp-json\/wp\/v2\/media\/?parent=1481"}],"curies":[{"name":"wp","href":"https:\/\/api.w.org\/{rel}","templated":true}]}}