{"id":1484,"date":"2021-01-13T08:41:45","date_gmt":"2021-01-13T08:41:45","guid":{"rendered":"https:\/\/mobilise-sme.eu\/matchmaking-platforma\/"},"modified":"2021-03-02T09:24:57","modified_gmt":"2021-03-02T09:24:57","slug":"matchmaking-platforma","status":"publish","type":"page","link":"https:\/\/mobilise-sme.eu\/hr\/matchmaking-platforma\/","title":{"rendered":"Matchmaking Platforma"},"content":{"rendered":"<p>[vc_row el_class=&#8221;espaciado&#8221;][vc_column css=&#8221;.vc_custom_1602770862010{padding-top: 20px !important;}&#8221;][vc_column_text css=&#8221;.vc_custom_1602770908628{margin-bottom: 5px !important;}&#8221;]<\/p>\n<p class=\"titulo-blue\" style=\"text-align: center;\">Matchmaking Platforma<\/p>\n<p>[\/vc_column_text][vc_separator color=&#8221;custom&#8221; border_width=&#8221;2&#8243; el_width=&#8221;20&#8243; accent_color=&#8221;#0d5387&#8243;][vc_row_inner][vc_column_inner width=&#8221;1\/2&#8243;][vc_column_text]<\/p>\n<p>Dobro do\u0161li na Matchmaking platformu programa MobiliseSME.<\/p>\n<p>Ako ste prijavitelj koji \u017eeli registrirati novi MSP ili tvrtku, kliknite na <strong>\u201eZapo\u010dni prijavu\u201d<\/strong>. Ako ste ve\u0107 registrirani, kliknite na <strong>\u201ePrijava\u201d<\/strong>.<\/p>\n<p>[\/vc_column_text][vc_column_text el_class=&#8221;bloque-botones&#8221;]<\/p>\n<p style=\"text-align: center;\">Jo\u0161 niste \u010dlan?<\/p>\n<p class=\"blue-button\" style=\"text-align: center;\"><a href=\"#\">Zapo\u010dni prijavu<\/a><\/p>\n<p style=\"text-align: center;\">Ve\u0107 ste \u010dlan?<\/p>\n<p class=\"blue-button\" style=\"text-align: center;\"><a href=\"#\"><b>Prijava<\/b><\/a><\/p>\n<p>[\/vc_column_text][\/vc_column_inner][vc_column_inner width=&#8221;1\/2&#8243;][vc_column_text]<\/p>\n<p>Kliknite na <em><strong>\u201eMobiliseSME Registration Guide\u201d<\/strong><\/em> za detaljne upute za registraciju na Matchmaking platformu.<\/p>\n<p>Kliknite na <em><strong>\u201eMobiliseSME Guide\u201d<\/strong><\/em> da biste doznali vi\u0161e o tome kako sudjelovati u programu.<\/p>\n<p>[\/vc_column_text][vc_column_text el_class=&#8221;bloque-botones&#8221; css=&#8221;.vc_custom_1608193578345{margin-top: 50px !important;padding-top: 52px !important;padding-bottom: 52px !important;}&#8221;]<\/p>\n<p class=\"yellow-button\" style=\"text-align: center;\"><a href=\"#\"><img src=\"https:\/\/mobilise-sme.eu\/wp-content\/uploads\/2020\/11\/Rectangle-42.png\" \/> Vodi\u010d za registraciju \u201eMobiliseSME Registration Guide\u201d<\/a><\/p>\n<p class=\"yellow-button\" style=\"text-align: center;\"><a href=\"https:\/\/mobilise-sme.eu\/wp-content\/uploads\/2020\/12\/MobiliseSME_Guide-for-participants-1.pdf\" target=\"_blank\" rel=\"noopener noreferrer\"><img src=\"https:\/\/mobilise-sme.eu\/wp-content\/uploads\/2020\/11\/Rectangle-42.png\" \/> Priru\u010dnik  \u201eMobiliseSME Guide\u201d<\/a><\/p>\n<p>[\/vc_column_text][\/vc_column_inner][\/vc_row_inner][\/vc_column][\/vc_row]<\/p>\n","protected":false},"excerpt":{"rendered":"<p>[vc_row el_class=&#8221;espaciado&#8221;][vc_column css=&#8221;.vc_custom_1602770862010{padding-top: 20px !important;}&#8221;][vc_column_text css=&#8221;.vc_custom_1602770908628{margin-bottom: 5px !important;}&#8221;] Matchmaking Platforma [\/vc_column_text][vc_separator color=&#8221;custom&#8221; border_width=&#8221;2&#8243; el_width=&#8221;20&#8243; accent_color=&#8221;#0d5387&#8243;][vc_row_inner][vc_column_inner width=&#8221;1\/2&#8243;][vc_column_text] Dobro do\u0161li na Matchmaking platformu programa MobiliseSME. Ako ste prijavitelj koji \u017eeli registrirati novi MSP ili tvrtku, kliknite na \u201eZapo\u010dni prijavu\u201d. Ako ste ve\u0107 registrirani, kliknite na \u201ePrijava\u201d. [\/vc_column_text][vc_column_text el_class=&#8221;bloque-botones&#8221;] Jo\u0161 niste \u010dlan? Zapo\u010dni prijavu Ve\u0107 ste \u010dlan? Prijava [\/vc_column_text][\/vc_column_inner][vc_column_inner width=&#8221;1\/2&#8243;][vc_column_text] Kliknite na \u201eMobiliseSME Registration Guide\u201d za detaljne upute za registraciju na Matchmaking platformu. Kliknite na \u201eMobiliseSME Guide\u201d da biste doznali vi\u0161e o tome kako sudjelovati u programu. [\/vc_column_text][vc_column_text el_class=&#8221;bloque-botones&#8221; css=&#8221;.vc_custom_1608193578345{margin-top: 50px !important;padding-top: 52px !important;padding-bottom: 52px !important;}&#8221;] Vodi\u010d za registraciju \u201eMobiliseSME Registration Guide\u201d Priru\u010dnik [&hellip;]<\/p>\n","protected":false},"author":1,"featured_media":0,"parent":0,"menu_order":0,"comment_status":"closed","ping_status":"closed","template":"","meta":[],"yoast_head":"<!-- This site is optimized with the Yoast SEO plugin v15.4 - https:\/\/yoast.com\/wordpress\/plugins\/seo\/ -->\n<title>Matchmaking Platforma - Mobilsesme<\/title>\n<meta name=\"robots\" content=\"index, follow, max-snippet:-1, max-image-preview:large, max-video-preview:-1\" \/>\n<link rel=\"canonical\" href=\"https:\/\/mobilise-sme.eu\/hr\/matchmaking-platform\/\" \/>\n<meta property=\"og:locale\" content=\"hr_HR\" \/>\n<meta property=\"og:type\" content=\"article\" \/>\n<meta property=\"og:title\" content=\"Matchmaking Platforma - Mobilsesme\" \/>\n<meta property=\"og:description\" content=\"[vc_row el_class=&#8221;espaciado&#8221;][vc_column css=&#8221;.vc_custom_1602770862010{padding-top: 20px !important;}&#8221;][vc_column_text css=&#8221;.vc_custom_1602770908628{margin-bottom: 5px !important;}&#8221;] Matchmaking Platforma [\/vc_column_text][vc_separator color=&#8221;custom&#8221; border_width=&#8221;2&#8243; el_width=&#8221;20&#8243; accent_color=&#8221;#0d5387&#8243;][vc_row_inner][vc_column_inner width=&#8221;1\/2&#8243;][vc_column_text] Dobro do\u0161li na Matchmaking platformu programa MobiliseSME. Ako ste prijavitelj koji \u017eeli registrirati novi MSP ili tvrtku, kliknite na \u201eZapo\u010dni prijavu\u201d. Ako ste ve\u0107 registrirani, kliknite na \u201ePrijava\u201d. [\/vc_column_text][vc_column_text el_class=&#8221;bloque-botones&#8221;] Jo\u0161 niste \u010dlan? Zapo\u010dni prijavu Ve\u0107 ste \u010dlan? Prijava [\/vc_column_text][\/vc_column_inner][vc_column_inner width=&#8221;1\/2&#8243;][vc_column_text] Kliknite na \u201eMobiliseSME Registration Guide\u201d za detaljne upute za registraciju na Matchmaking platformu. Kliknite na \u201eMobiliseSME Guide\u201d da biste doznali vi\u0161e o tome kako sudjelovati u programu. [\/vc_column_text][vc_column_text el_class=&#8221;bloque-botones&#8221; css=&#8221;.vc_custom_1608193578345{margin-top: 50px !important;padding-top: 52px !important;padding-bottom: 52px !important;}&#8221;] Vodi\u010d za registraciju \u201eMobiliseSME Registration Guide\u201d Priru\u010dnik [&hellip;]\" \/>\n<meta property=\"og:url\" content=\"https:\/\/mobilise-sme.eu\/matchmaking-platform\/\" \/>\n<meta property=\"og:site_name\" content=\"Mobilsesme\" \/>\n<meta property=\"article:modified_time\" content=\"2021-03-02T09:24:57+00:00\" \/>\n<meta property=\"og:image\" content=\"https:\/\/mobilise-sme.eu\/wp-content\/uploads\/2020\/11\/Rectangle-42.png\" \/>\n<meta name=\"twitter:card\" content=\"summary_large_image\" \/>\n<meta name=\"twitter:label1\" content=\"Written by\">\n\t<meta name=\"twitter:data1\" content=\"sumaysube\">\n\t<meta name=\"twitter:label2\" content=\"Est. reading time\">\n\t<meta name=\"twitter:data2\" content=\"1 minuta\">\n<script type=\"application\/ld+json\" class=\"yoast-schema-graph\">{\"@context\":\"https:\/\/schema.org\",\"@graph\":[{\"@type\":\"WebSite\",\"@id\":\"https:\/\/mobilise-sme.eu\/#website\",\"url\":\"https:\/\/mobilise-sme.eu\/\",\"name\":\"Mobilsesme\",\"description\":\"Otro sitio realizado con WordPress\",\"potentialAction\":[{\"@type\":\"SearchAction\",\"target\":\"https:\/\/mobilise-sme.eu\/?s={search_term_string}\",\"query-input\":\"required name=search_term_string\"}],\"inLanguage\":\"hr\"},{\"@type\":\"ImageObject\",\"@id\":\"https:\/\/mobilise-sme.eu\/matchmaking-platform\/#primaryimage\",\"inLanguage\":\"hr\",\"url\":\"https:\/\/mobilise-sme.eu\/wp-content\/uploads\/2020\/11\/Rectangle-42.png\",\"width\":22,\"height\":23},{\"@type\":\"WebPage\",\"@id\":\"https:\/\/mobilise-sme.eu\/matchmaking-platform\/#webpage\",\"url\":\"https:\/\/mobilise-sme.eu\/matchmaking-platform\/\",\"name\":\"Matchmaking Platforma - Mobilsesme\",\"isPartOf\":{\"@id\":\"https:\/\/mobilise-sme.eu\/#website\"},\"primaryImageOfPage\":{\"@id\":\"https:\/\/mobilise-sme.eu\/matchmaking-platform\/#primaryimage\"},\"datePublished\":\"2021-01-13T08:41:45+00:00\",\"dateModified\":\"2021-03-02T09:24:57+00:00\",\"inLanguage\":\"hr\",\"potentialAction\":[{\"@type\":\"ReadAction\",\"target\":[\"https:\/\/mobilise-sme.eu\/matchmaking-platform\/\"]}]}]}<\/script>\n<!-- \/ Yoast SEO plugin. -->","_links":{"self":[{"href":"https:\/\/mobilise-sme.eu\/hr\/wp-json\/wp\/v2\/pages\/1484\/"}],"collection":[{"href":"https:\/\/mobilise-sme.eu\/hr\/wp-json\/wp\/v2\/pages\/"}],"about":[{"href":"https:\/\/mobilise-sme.eu\/hr\/wp-json\/wp\/v2\/types\/page\/"}],"author":[{"embeddable":true,"href":"https:\/\/mobilise-sme.eu\/hr\/wp-json\/wp\/v2\/users\/1\/"}],"replies":[{"embeddable":true,"href":"https:\/\/mobilise-sme.eu\/hr\/wp-json\/wp\/v2\/comments\/?post=1484"}],"version-history":[{"count":4,"href":"https:\/\/mobilise-sme.eu\/hr\/wp-json\/wp\/v2\/pages\/1484\/revisions\/"}],"predecessor-version":[{"id":2067,"href":"https:\/\/mobilise-sme.eu\/hr\/wp-json\/wp\/v2\/pages\/1484\/revisions\/2067\/"}],"wp:attachment":[{"href":"https:\/\/mobilise-sme.eu\/hr\/wp-json\/wp\/v2\/media\/?parent=1484"}],"curies":[{"name":"wp","href":"https:\/\/api.w.org\/{rel}","templated":true}]}}