{"id":2054,"date":"2021-03-02T08:56:24","date_gmt":"2021-03-02T08:56:24","guid":{"rendered":"https:\/\/mobilise-sme.eu\/home\/"},"modified":"2022-07-06T08:23:37","modified_gmt":"2022-07-06T06:23:37","slug":"home","status":"publish","type":"page","link":"https:\/\/mobilise-sme.eu\/hr\/","title":{"rendered":"Home"},"content":{"rendered":"<p>[vc_row css=&#8221;.vc_custom_1608032447507{padding-top: 200px !important;padding-bottom: 200px !important;background-image: url(https:\/\/mobilise-sme.eu\/wp-content\/uploads\/2020\/11\/portada.png?id=430) !important;background-position: center !important;background-repeat: no-repeat !important;background-size: cover !important;}&#8221; el_class=&#8221;bloque1&#8243;][vc_column width=&#8221;2\/5&#8243; css=&#8221;.vc_custom_1645599762268{padding-top: 20px !important;padding-right: 20px !important;padding-bottom: 15px !important;padding-left: 20px !important;background-color: rgba(0,74,135,0.9) !important;*background-color: rgb(0,74,135) !important;}&#8221; el_class=&#8221;bloque_azul&#8221;][vc_column_text css=&#8221;.vc_custom_1657021504999{margin-bottom: 15px !important;}&#8221;]<\/p>\n<p class=\"titulo\">MobiliseSME<\/p>\n<p class=\"text\" style=\"margin-bottom: 7px;\">MobiliseSME je program pokrenut od strane EU-a (EUREAS, EASI). Cilj je ovog programa pomo\u0107i razvoju stru\u010dnih vje\u0161tina i kapaciteta osoblja poduze\u0107a (zaposlenika, menad\u017eera, vlasnika ili suvlasnika) kroz poticanje kratkotrajnih prekograni\u010dnih razmjena.<\/p>\n<p class=\"text\">Nastavljaju\u0107i se na uspje\u0161an pilot-projekt <a href=\"https:\/\/www.european-entrepreneurs.org\/projects\/mobilisesme\/\" target=\"_blank\" rel=\"noopener noreferrer\">\u201eMobiliseSME\u201d (VS\/2015\/0354)<\/a> kojeg su izme\u0111u 2015. i 2017. proveli\u00a0europski poduzetnici\u00a0CEAA-PME, cilj ovog programa je podr\u017eati ve\u0107 zaposlene osobe sa \u017eeljom za prekograni\u010dnom mobilnosti u drugoj tvrtki na odre\u0111eno vrijeme, uz istodobno zadr\u017eavanje ugovorne veze s trenutnim poslodavcem.<\/p>\n<p>[\/vc_column_text][vc_btn title=&#8221;Vi\u0161e informacija&#8221; shape=&#8221;round&#8221; color=&#8221;white&#8221; align=&#8221;left&#8221; link=&#8221;url:https%3A%2F%2Fmobilise-sme.eu%2Fhr%2Fo-programu-mobilisesme%2F|title:Vi%C5%A1e%20informacija|&#8221; el_class=&#8221;boton-blanco boton-home1&#8243;][vc_column_text el_class=&#8221;boton-home2&#8243;]<\/p>\n<p class=\"homebutton\" style=\"text-align: center;\"><a href=\"https:\/\/mobilise-sme.eu\/wp-content\/uploads\/2020\/12\/MobiliseSME_Guide-for-participants-1.pdf\" target=\"_blank\" rel=\"noopener noreferrer\"><img src=\"https:\/\/mobilise-sme.eu\/wp-content\/uploads\/2020\/11\/Rectangle-42.png\" alt=\"icono documento\" \/> Priru\u010dnik \u201eMobiliseSME Guide\u201d<\/a><\/p>\n<p>[\/vc_column_text][\/vc_column][vc_column width=&#8221;3\/5&#8243;][\/vc_column][\/vc_row][vc_row content_placement=&#8221;middle&#8221; css=&#8221;.vc_custom_1602673164695{padding-top: 20px !important;padding-bottom: 20px !important;background-color: #efca34 !important;}&#8221; el_class=&#8221;bloque2&#8243;][vc_column][vc_column_text css=&#8221;.vc_custom_1602673371394{margin-bottom: 5px !important;}&#8221;]<\/p>\n<p class=\"titulo\" style=\"text-align: center;\">Tko mo\u017ee sudjelovati?<\/p>\n<p>[\/vc_column_text][vc_separator color=&#8221;white&#8221; border_width=&#8221;2&#8243; el_width=&#8221;10&#8243; css=&#8221;.vc_custom_1602673333400{margin-top: 0px !important;margin-bottom: 0px !important;}&#8221;][vc_row_inner][vc_column_inner width=&#8221;1\/2&#8243;][vc_single_image image=&#8221;1318&#8243; img_size=&#8221;full&#8221; alignment=&#8221;center&#8221; css=&#8221;.vc_custom_1604398623363{margin-bottom: 10px !important;}&#8221;][vc_column_text el_class=&#8221;texto-home&#8221;]<\/p>\n<p style=\"text-align: center;\"><strong>Prijavitelji (MSP-ovi)<\/strong><\/p>\n<p style=\"text-align: center;\">Prijavitelji su mala i srednja poduze\u0107a (MSP-ovi). MSP-ovi se mogu prijaviti na program registracijom na Matchmaking platformu ili obra\u0107anjem lokalnoj kontakt to\u010dki koja je zadu\u017eena za provo\u0111enje programa na njihovom podru\u010dju.<\/p>\n<p>[\/vc_column_text][vc_btn title=&#8221;Vi\u0161e informacija&#8221; shape=&#8221;round&#8221; color=&#8221;white&#8221; align=&#8221;center&#8221; link=&#8221;url:https%3A%2F%2Fmobilise-sme.eu%2Fhr%2Ftko-moze-sudjelovati%2F|title:Vi%C5%A1e%20informacija|&#8221; el_class=&#8221;boton-blanco boton-desk&#8221;][\/vc_column_inner][vc_column_inner width=&#8221;1\/2&#8243;][vc_single_image image=&#8221;1324&#8243; img_size=&#8221;full&#8221; alignment=&#8221;center&#8221; css=&#8221;.vc_custom_1604398630351{margin-bottom: 10px !important;}&#8221;][vc_column_text el_class=&#8221;texto-home&#8221;]<\/p>\n<p style=\"text-align: center;\"><strong>Sudionici (zaposlenici, menad\u017eeri i suvlasnici MSP-ova)<\/strong><\/p>\n<p style=\"text-align: center;\">Sudionici programa su zaposlenici prijavitelja (MSP-ova). Oni sudjeluju u programu MobiliseSME. Pojam \u201esudionik\u201d odnosi se na osoblje\/zaposlenike, menad\u017eere i su(vlasnike) MSP-ova.<\/p>\n<p>[\/vc_column_text][vc_btn title=&#8221;Vi\u0161e informacija&#8221; shape=&#8221;round&#8221; color=&#8221;white&#8221; align=&#8221;center&#8221; link=&#8221;url:https%3A%2F%2Fmobilise-sme.eu%2Fhr%2Ftko-moze-sudjelovati%2F|title:Vi%C5%A1e%20informacija|&#8221; el_class=&#8221;boton-blanco boton-desk&#8221;][\/vc_column_inner][vc_column_inner el_class=&#8221;boton-resp&#8221;][vc_btn title=&#8221;Vi\u0161e informacija&#8221; shape=&#8221;round&#8221; color=&#8221;white&#8221; align=&#8221;center&#8221; link=&#8221;url:https%3A%2F%2Fmobilise-sme.eu%2Fhr%2Fkako-sudjelovati%2F|title:Vi%C5%A1e%20informacija|&#8221; el_class=&#8221;boton-blanco&#8221;][\/vc_column_inner][\/vc_row_inner][\/vc_column][\/vc_row][vc_row content_placement=&#8221;middle&#8221; css=&#8221;.vc_custom_1602674082740{padding-top: 20px !important;padding-bottom: 20px !important;}&#8221; el_class=&#8221;bloque3&#8243;][vc_column][vc_column_text css=&#8221;.vc_custom_1602674037059{margin-bottom: 5px !important;}&#8221;]<\/p>\n<p class=\"titulo\" style=\"text-align: center;\">Kako sudjelovati u programu?<\/p>\n<p>[\/vc_column_text][vc_separator color=&#8221;custom&#8221; border_width=&#8221;2&#8243; el_width=&#8221;10&#8243; css=&#8221;.vc_custom_1602674075761{margin-top: 0px !important;margin-bottom: 0px !important;}&#8221; accent_color=&#8221;#0d5387&#8243;][vc_row_inner css=&#8221;.vc_custom_1602762299583{padding-top: 30px !important;}&#8221;][vc_column_inner width=&#8221;1\/4&#8243;][vc_column_text]<\/p>\n<div class=\"number-block\">\n<p class=\"number\" style=\"text-align: center;\"><strong>1<\/strong><\/p>\n<\/div>\n<p class=\"text\" style=\"text-align: center;\">Obratite se najbli\u017eoj lokalnoj kontakt to\u010dki.<\/p>\n<p>[\/vc_column_text][\/vc_column_inner][vc_column_inner width=&#8221;1\/4&#8243;][vc_column_text]<\/p>\n<div class=\"number-block\">\n<p class=\"number\" style=\"text-align: center;\"><strong>2<\/strong><\/p>\n<\/div>\n<p class=\"text\" style=\"text-align: center;\">Registrirajte se na Matchmaking platformu i prona\u0111ite poslovnog partnera.<\/p>\n<p>[\/vc_column_text][\/vc_column_inner][vc_column_inner width=&#8221;1\/4&#8243;][vc_column_text]<\/p>\n<div class=\"number-block\">\n<p class=\"number\" style=\"text-align: center;\"><strong>3<\/strong><\/p>\n<\/div>\n<p class=\"text\" style=\"text-align: center;\">Rad na dokumentu \u201eMobiliseSME Learning document\u201d.<\/p>\n<p>[\/vc_column_text][\/vc_column_inner][vc_column_inner width=&#8221;1\/4&#8243;][vc_column_text]<\/p>\n<div class=\"number-block\">\n<p class=\"number\" style=\"text-align: center;\"><strong>4<\/strong><\/p>\n<\/div>\n<p class=\"text\" style=\"text-align: center;\">Spremni za polazak!<\/p>\n<p>[\/vc_column_text][\/vc_column_inner][\/vc_row_inner][vc_row_inner el_class=&#8221;boton&#8221;][vc_column_inner][vc_btn title=&#8221;Vi\u0161e informacija&#8221; shape=&#8221;round&#8221; color=&#8221;blue&#8221; align=&#8221;center&#8221; link=&#8221;url:https%3A%2F%2Fmobilise-sme.eu%2Fhr%2Fkako-sudjelovati%2F|title:Vi%C5%A1e%20informacija|&#8221;][\/vc_column_inner][\/vc_row_inner][\/vc_column][\/vc_row][vc_row content_placement=&#8221;middle&#8221; css=&#8221;.vc_custom_1602675566973{padding-top: 20px !important;padding-right: 0px !important;padding-bottom: 20px !important;padding-left: 0px !important;}&#8221; el_class=&#8221;bloque4&#8243;][vc_column][vc_row_inner el_class=&#8221;bloque4&#8243;][vc_column_inner el_class=&#8221;bloque-flecha&#8221; width=&#8221;1\/2&#8243; css=&#8221;.vc_custom_1639664691649{padding-top: 57.5px !important;padding-bottom: 57.5px !important;background-color: #efca34 !important;}&#8221;][vc_column_text]<\/p>\n<p class=\"flecha\"><a href=\"https:\/\/mobilise-sme.eu\/hr\/financijska-potpora\/\">Financijska potpora<img src=\"https:\/\/mobilise-sme.eu\/wp-content\/uploads\/2020\/11\/flecha.png\" alt=\"Financial support\" \/><\/a><\/p>\n<p>[\/vc_column_text][\/vc_column_inner][vc_column_inner el_class=&#8221;bloque-flecha&#8221; width=&#8221;1\/2&#8243; css=&#8221;.vc_custom_1639664701066{padding-top: 57.5px !important;padding-bottom: 57.5px !important;background-color: #0d5387 !important;}&#8221;][vc_column_text]<\/p>\n<p class=\"flecha\"><a href=\"https:\/\/mobilise-sme.eu\/hr\/lokalne-kontakt-tocke\/\">Lokalne kontakt to\u010dke<img src=\"https:\/\/mobilise-sme.eu\/wp-content\/uploads\/2020\/11\/flecha.png\" alt=\"Local contact points\" \/><\/a><\/p>\n<p>[\/vc_column_text][\/vc_column_inner][\/vc_row_inner][\/vc_column][\/vc_row][vc_row content_placement=&#8221;middle&#8221; css=&#8221;.vc_custom_1606896014959{padding-top: 20px !important;padding-bottom: 0px !important;}&#8221; el_class=&#8221;bloque5&#8243;][vc_column][vc_column_text css=&#8221;.vc_custom_1602675887684{margin-bottom: 5px !important;}&#8221;]<\/p>\n<p class=\"titulo\" style=\"text-align: center;\">Novosti<\/p>\n<p>[\/vc_column_text][vc_separator color=&#8221;custom&#8221; border_width=&#8221;2&#8243; el_width=&#8221;10&#8243; css=&#8221;.vc_custom_1602674075761{margin-top: 0px !important;margin-bottom: 0px !important;}&#8221; accent_color=&#8221;#0d5387&#8243;][vc_row_inner css=&#8221;.vc_custom_1639993080304{padding-top: 30px !important;padding-right: 0px !important;padding-left: 0px !important;}&#8221;][vc_column_inner css=&#8221;.vc_custom_1606289082552{padding-right: 0px !important;padding-left: 0px !important;}&#8221;][vc_raw_html]JTVCc3Bfd3BjYXJvdXNlbCUyMGlkJTNEJTIyMzIyMyUyMiU1RA==[\/vc_raw_html][\/vc_column_inner][\/vc_row_inner][\/vc_column][\/vc_row][vc_row css=&#8221;.vc_custom_1608032515955{padding-top: 100px !important;padding-bottom: 100px !important;background-image: url(https:\/\/mobilise-sme.eu\/wp-content\/uploads\/2020\/11\/Rectangle-11.png?id=504) !important;background-position: center !important;background-repeat: no-repeat !important;background-size: cover !important;}&#8221; el_class=&#8221;bloque6&#8243;][vc_column width=&#8221;2\/5&#8243; css=&#8221;.vc_custom_1606895071608{padding-top: 30px !important;padding-right: 20px !important;padding-bottom: 20px !important;padding-left: 20px !important;background-color: rgba(239,202,52,0.9) !important;*background-color: rgb(239,202,52) !important;}&#8221;][vc_column_text]<\/p>\n<p class=\"titulo\">Dobro do\u0161li na Matchmaking platformu programa MobiliseSME<\/p>\n<p class=\"text\">Ako ste prijavitelj koji \u017eeli registrirati novi MSP ili tvrtku, kliknite na \u201eZapo\u010dni prijavu\u201d. Ako ste ve\u0107 registrirani, kliknite na \u201ePrijava\u201d.<\/p>\n<p class=\"text\">Kliknite na \u201eMobiliseSME Registration Guide\u201d za detaljne upute za registraciju na Matchmaking platformu.<\/p>\n<p class=\"text\">Kliknite na \u201eMobiliseSME Guide\u201d da biste doznali vi\u0161e o tome kako sudjelovati u programu. U nastavku mo\u017eete prona\u0107i informacije o uvjetima sudjelovanja.<\/p>\n<p>[\/vc_column_text][vc_btn title=&#8221;Vi\u0161e informacija&#8221; shape=&#8221;round&#8221; color=&#8221;white&#8221; align=&#8221;left&#8221; link=&#8221;url:https%3A%2F%2Fmobilise-sme.eu%2Fhr%2Fmatchmaking-platforma%2F|title:Vi%C5%A1e%20informacija|&#8221; css=&#8221;.vc_custom_1607952988802{margin-bottom: 0px !important;}&#8221;][\/vc_column][vc_column width=&#8221;3\/5&#8243;][\/vc_column][\/vc_row]<\/p>\n","protected":false},"excerpt":{"rendered":"<p>[vc_row css=&#8221;.vc_custom_1608032447507{padding-top: 200px !important;padding-bottom: 200px !important;background-image: url(https:\/\/mobilise-sme.eu\/wp-content\/uploads\/2020\/11\/portada.png?id=430) !important;background-position: center !important;background-repeat: no-repeat !important;background-size: cover !important;}&#8221; el_class=&#8221;bloque1&#8243;][vc_column width=&#8221;2\/5&#8243; css=&#8221;.vc_custom_1645599762268{padding-top: 20px !important;padding-right: 20px !important;padding-bottom: 15px !important;padding-left: 20px !important;background-color: rgba(0,74,135,0.9) !important;*background-color: rgb(0,74,135) !important;}&#8221; el_class=&#8221;bloque_azul&#8221;][vc_column_text css=&#8221;.vc_custom_1657021504999{margin-bottom: 15px !important;}&#8221;] MobiliseSME MobiliseSME je program pokrenut od strane EU-a (EUREAS, EASI). Cilj je ovog programa pomo\u0107i razvoju stru\u010dnih vje\u0161tina i kapaciteta osoblja poduze\u0107a (zaposlenika, menad\u017eera, vlasnika ili suvlasnika) kroz poticanje kratkotrajnih prekograni\u010dnih razmjena. Nastavljaju\u0107i se na uspje\u0161an pilot-projekt \u201eMobiliseSME\u201d (VS\/2015\/0354) kojeg su izme\u0111u 2015. i 2017. proveli\u00a0europski poduzetnici\u00a0CEAA-PME, cilj ovog programa je podr\u017eati ve\u0107 zaposlene osobe sa \u017eeljom za prekograni\u010dnom mobilnosti u drugoj tvrtki na odre\u0111eno vrijeme, uz [&hellip;]<\/p>\n","protected":false},"author":1,"featured_media":0,"parent":0,"menu_order":0,"comment_status":"closed","ping_status":"closed","template":"","meta":[],"yoast_head":"<!-- This site is optimized with the Yoast SEO plugin v15.4 - https:\/\/yoast.com\/wordpress\/plugins\/seo\/ -->\n<title>Home - Mobilsesme<\/title>\n<meta name=\"description\" content=\"Mobilsesme\" \/>\n<meta name=\"robots\" content=\"index, follow, max-snippet:-1, max-image-preview:large, max-video-preview:-1\" \/>\n<link rel=\"canonical\" href=\"https:\/\/mobilise-sme.eu\/hr\/\" \/>\n<meta property=\"og:locale\" content=\"hr_HR\" \/>\n<meta property=\"og:type\" content=\"article\" \/>\n<meta property=\"og:title\" content=\"Home - Mobilsesme\" \/>\n<meta property=\"og:description\" content=\"Mobilsesme\" \/>\n<meta property=\"og:url\" content=\"https:\/\/mobilise-sme.eu\/hr\/\" \/>\n<meta property=\"og:site_name\" content=\"Mobilsesme\" \/>\n<meta property=\"article:modified_time\" content=\"2022-07-06T06:23:37+00:00\" \/>\n<meta property=\"og:image\" content=\"https:\/\/mobilise-sme.eu\/wp-content\/uploads\/2021\/02\/logo_mobilisesme-1536x292-1.png\" \/>\n\t<meta property=\"og:image:width\" content=\"1536\" \/>\n\t<meta property=\"og:image:height\" content=\"292\" \/>\n<meta name=\"twitter:card\" content=\"summary_large_image\" \/>\n<meta name=\"twitter:image\" content=\"https:\/\/mobilise-sme.eu\/wp-content\/uploads\/2021\/02\/logo_mobilisesme-1536x292-1.png\" \/>\n<meta name=\"twitter:label1\" content=\"Written by\">\n\t<meta name=\"twitter:data1\" content=\"sumaysube\">\n\t<meta name=\"twitter:label2\" content=\"Est. reading time\">\n\t<meta name=\"twitter:data2\" content=\"4 minute\">\n<script type=\"application\/ld+json\" class=\"yoast-schema-graph\">{\"@context\":\"https:\/\/schema.org\",\"@graph\":[{\"@type\":\"WebSite\",\"@id\":\"https:\/\/mobilise-sme.eu\/#website\",\"url\":\"https:\/\/mobilise-sme.eu\/\",\"name\":\"Mobilsesme\",\"description\":\"Otro sitio realizado con WordPress\",\"potentialAction\":[{\"@type\":\"SearchAction\",\"target\":\"https:\/\/mobilise-sme.eu\/?s={search_term_string}\",\"query-input\":\"required name=search_term_string\"}],\"inLanguage\":\"hr\"},{\"@type\":\"ImageObject\",\"@id\":\"https:\/\/mobilise-sme.eu\/hr\/#primaryimage\",\"inLanguage\":\"hr\",\"url\":\"https:\/\/mobilise-sme.eu\/wp-content\/uploads\/2020\/11\/Rectangle-42.png\",\"width\":22,\"height\":23},{\"@type\":\"WebPage\",\"@id\":\"https:\/\/mobilise-sme.eu\/hr\/#webpage\",\"url\":\"https:\/\/mobilise-sme.eu\/hr\/\",\"name\":\"Home - Mobilsesme\",\"isPartOf\":{\"@id\":\"https:\/\/mobilise-sme.eu\/#website\"},\"primaryImageOfPage\":{\"@id\":\"https:\/\/mobilise-sme.eu\/hr\/#primaryimage\"},\"datePublished\":\"2021-03-02T08:56:24+00:00\",\"dateModified\":\"2022-07-06T06:23:37+00:00\",\"description\":\"Mobilsesme\",\"inLanguage\":\"hr\",\"potentialAction\":[{\"@type\":\"ReadAction\",\"target\":[\"https:\/\/mobilise-sme.eu\/hr\/\"]}]}]}<\/script>\n<!-- \/ Yoast SEO plugin. -->","_links":{"self":[{"href":"https:\/\/mobilise-sme.eu\/hr\/wp-json\/wp\/v2\/pages\/2054\/"}],"collection":[{"href":"https:\/\/mobilise-sme.eu\/hr\/wp-json\/wp\/v2\/pages\/"}],"about":[{"href":"https:\/\/mobilise-sme.eu\/hr\/wp-json\/wp\/v2\/types\/page\/"}],"author":[{"embeddable":true,"href":"https:\/\/mobilise-sme.eu\/hr\/wp-json\/wp\/v2\/users\/1\/"}],"replies":[{"embeddable":true,"href":"https:\/\/mobilise-sme.eu\/hr\/wp-json\/wp\/v2\/comments\/?post=2054"}],"version-history":[{"count":14,"href":"https:\/\/mobilise-sme.eu\/hr\/wp-json\/wp\/v2\/pages\/2054\/revisions\/"}],"predecessor-version":[{"id":4169,"href":"https:\/\/mobilise-sme.eu\/hr\/wp-json\/wp\/v2\/pages\/2054\/revisions\/4169\/"}],"wp:attachment":[{"href":"https:\/\/mobilise-sme.eu\/hr\/wp-json\/wp\/v2\/media\/?parent=2054"}],"curies":[{"name":"wp","href":"https:\/\/api.w.org\/{rel}","templated":true}]}}