{"id":2060,"date":"2021-03-02T09:15:00","date_gmt":"2021-03-02T09:15:00","guid":{"rendered":"https:\/\/mobilise-sme.eu\/lokalne-kontakt-tocke\/"},"modified":"2022-09-29T12:29:04","modified_gmt":"2022-09-29T10:29:04","slug":"lokalne-kontakt-tocke","status":"publish","type":"page","link":"https:\/\/mobilise-sme.eu\/hr\/lokalne-kontakt-tocke\/","title":{"rendered":"Lokalne kontakt to\u010dke"},"content":{"rendered":"<p>[vc_row el_class=&#8221;espaciado bloquelocal&#8221;][vc_column css=&#8221;.vc_custom_1602769966142{padding-top: 20px !important;}&#8221;][vc_column_text css=&#8221;.vc_custom_1602769996122{margin-bottom: 5px !important;}&#8221;]<\/p>\n<p class=\"titulo-blue\" style=\"text-align: center;\">Lokalne kontakt to\u010dke<\/p>\n<p>[\/vc_column_text][vc_separator color=&#8221;custom&#8221; border_width=&#8221;2&#8243; el_width=&#8221;20&#8243; accent_color=&#8221;#0d5387&#8243;][vc_column_text]Ako ste zainteresirani za sudjelovanje u programu MobiliseSME, mo\u017eete se obratiti bilo kojem od dolje navedenih subjekata.<\/p>\n<p>To su subjekti poput gospodarskih komora, poslovno-inovacijskih agencija, zaklada, udru\u017eenja gospodarskih komora, poslovnih organizacija, sveu\u010dili\u0161ta i poduzetni\u010dkih inkubatora.<\/p>\n<p>Slu\u017ebeno su imenovani od strane <strong>programa EASI<\/strong> da bi pomogli uspostaviti kontakte izme\u0111u MSP-ova na podru\u010dju EU-a u okviru programa MobiliseSME.<\/p>\n<p>Ako va\u0161a dr\u017eava nema lokalnu kontakt to\u010dku, obratite se na adresu e-po\u0161te <em>support@mobilise-sme.eu<\/em>. Nakon toga \u0107e vam se dodijeliti lokalna kontakt to\u010dka.<\/p>\n<p>[\/vc_column_text][\/vc_column][\/vc_row][vc_row el_class=&#8221;espaciado2&#8243;][vc_column width=&#8221;1\/3&#8243; el_class=&#8221;bloquelocal2&#8243;][vc_raw_html]PGRpdiBjbGFzcz0ic2VsZWNjaW9uLWNpdWRhZCI+DQo8cCBjbGFzcz0ic2VsZWN0LWNvdW50cnkiPk9kYWJlcml0ZSBzdm9qdSBkcsW+YXZ1PC9wPg0KPHNlbGVjdD4NCjxvcHRpb24gdmFsdWU9Im1hcCI+RHLFvmF2YTwvb3B0aW9uPg0KPG9wdGlvbiB2YWx1ZT0ibWFwIj5BbGJhbmlqYTwvb3B0aW9uPg0KPG9wdGlvbiB2YWx1ZT0iYXVzdHJpYSI+QXVzdHJpamE8L29wdGlvbj4NCjxvcHRpb24gdmFsdWU9ImJlbGdpdW0iPkJlbGdpamE8L29wdGlvbj4NCjxvcHRpb24gdmFsdWU9Im1hcCI+QnVnYXJza2E8L29wdGlvbj4NCjxvcHRpb24gdmFsdWU9ImNyb2F0aWEiPkhydmF0c2thPC9vcHRpb24+DQo8b3B0aW9uIHZhbHVlPSJtYXAiPkNpcGFyPC9vcHRpb24+DQo8b3B0aW9uIHZhbHVlPSJtYXAiPsSMZcWha2E8L29wdGlvbj4NCjxvcHRpb24gdmFsdWU9Im1hcCI+RGFuc2thPC9vcHRpb24+DQo8b3B0aW9uIHZhbHVlPSJtYXAiPk5qZW1hxI1rYTwvb3B0aW9uPg0KPG9wdGlvbiB2YWx1ZT0ibWFwIj5Fc3RvbmlhPC9vcHRpb24+DQo8b3B0aW9uIHZhbHVlPSJtYXAiPkZpbnNrYTwvb3B0aW9uPg0KPG9wdGlvbiB2YWx1ZT0ibWFwIj5TamV2ZXJuYSBNYWtlZG9uaWphPC9vcHRpb24+DQo8b3B0aW9uIHZhbHVlPSJmcmFuY2UiPkZyYW5jdXNrYTwvb3B0aW9uPg0KPG9wdGlvbiB2YWx1ZT0iZ3JlZWNlIj5HcsSNa2E8L29wdGlvbj4NCjxvcHRpb24gdmFsdWU9Im1hcCI+TWHEkWFyc2thPC9vcHRpb24+DQo8b3B0aW9uIHZhbHVlPSJtYXAiPklzbGFuZDwvb3B0aW9uPg0KPG9wdGlvbiB2YWx1ZT0iaXJlbGFuZCI+SXJza2E8L29wdGlvbj4NCjxvcHRpb24gdmFsdWU9Iml0YWx5MiI+SXRhbGlqYTwvb3B0aW9uPg0KPG9wdGlvbiB2YWx1ZT0ibWFwIj5MaXR2YTwvb3B0aW9uPg0KPG9wdGlvbiB2YWx1ZT0iYmVsZ2l1bSI+THVrc2VtYnVyZzwvb3B0aW9uPg0KPG9wdGlvbiB2YWx1ZT0ibWFwIj5NYWx0YTwvb3B0aW9uPg0KPG9wdGlvbiB2YWx1ZT0ibW9udGVuZWdybyI+Q3JuYSBHb3JhPC9vcHRpb24+DQo8b3B0aW9uIHZhbHVlPSJiZWxnaXVtIj5OaXpvemVtc2thPC9vcHRpb24+DQo8b3B0aW9uIHZhbHVlPSJtYXAiPlBvbGpza2E8L29wdGlvbj4NCjxvcHRpb24gdmFsdWU9Im1hcCI+UG9ydHVnYWw8L29wdGlvbj4NCjxvcHRpb24gdmFsdWU9InNlcmJpYSI+U3JiaWphPC9vcHRpb24+DQo8b3B0aW9uIHZhbHVlPSJpdGFseSI+U2xvdmHEjWthPC9vcHRpb24+DQo8b3B0aW9uIHZhbHVlPSJzbG92ZW5pYSI+U2xvdmVuaWphPC9vcHRpb24+DQo8b3B0aW9uIHZhbHVlPSJzcGFpbiI+xaBwYW5qb2xza2E8L29wdGlvbj4NCjwvc2VsZWN0PjwvZGl2Pg==[\/vc_raw_html][vc_wp_text]<\/p>\n<div class=\"map box\">\n<p class=\"titulo-select\"><strong>Program MobiliseSME<\/strong><\/p>\n<p class=\"nombre\"><strong>Ako u va\u0161oj dr\u017eavi ne postoji Lokalna kontakt to\u010dka, obratite se na adresu e-po\u0161te neke od organizacija u nastavku:<\/strong><\/p>\n<p class=\"mail\"><img src=\"https:\/\/mobilise-sme.eu\/wp-content\/uploads\/2020\/11\/mail.png\" \/> <a href=\"mailto:support@mobilise-sme.eu\" target=\"_blank\" rel=\"noopener noreferrer\">support@mobilise-sme.eu<\/a><\/p>\n<\/div>\n<p>[\/vc_wp_text][vc_wp_text]<\/p>\n<div class=\"belgium box\">\n<p class=\"titulo-select\"><strong>\u0160panjolska gospodarska komora u Belgiji i Luksemburgu (CAMARABELUX, Belgija)<\/strong><\/p>\n<div class=\"boton\"><a>https:\/\/e-camara.com\/web\/<\/a><\/div>\n<p class=\"nombre\"><strong>Noelia S\u00e1nchez, EU upravitelj projekta<\/strong><\/p>\n<p class=\"nombre\"><strong>Marta Gonz\u00e1lez, Glavni tajnik<\/strong><\/p>\n<p class=\"mail\"><img src=\"https:\/\/mobilise-sme.eu\/wp-content\/uploads\/2020\/11\/mail.png\" \/> <a href=\"mailto:mobilisesme@e-camara.com\" target=\"_blank\" rel=\"noopener noreferrer\">mobilisesme@e-camara.com<\/a><\/p>\n<p class=\"telefono\"><img src=\"https:\/\/mobilise-sme.eu\/wp-content\/uploads\/2020\/11\/phone.png\" \/> +32 2517 17 40<\/p>\n<\/div>\n<p>[\/vc_wp_text][vc_wp_text]<\/p>\n<div class=\"spain box\">\n<p class=\"titulo-select\"><strong>Fundaci\u00f3n Equipo Humano (FEH, \u0160panjolska)<\/strong><\/p>\n<div class=\"boton\"><a href=\"https:\/\/fundacionequipohumano.es\/\" target=\"_blank\" rel=\"noopener noreferrer\">www.fundacionequipohumano.es<\/a><\/div>\n<p class=\"nombre\"><strong>Alfonso Cadenas Ca\u00f1am\u00e1s, EU koordinator projekta<\/strong><\/p>\n<p class=\"mail\"><img src=\"https:\/\/mobilise-sme.eu\/wp-content\/uploads\/2020\/11\/mail.png\" \/> <a href=\"mailto:alfonso.cadenas@fundacionequipohumano.es\" target=\"_blank\" rel=\"noopener noreferrer\">alfonso.cadenas@fundacionequipohumano.es<\/a><\/p>\n<p class=\"nombre\"><strong>Jose Enrique Val, EU upravitelj projekta<\/strong><\/p>\n<p class=\"mail\"><img src=\"https:\/\/mobilise-sme.eu\/wp-content\/uploads\/2020\/11\/mail.png\" \/> <a href=\"mailto:je.val@fundacionequipohumano.es\" target=\"_blank\" rel=\"noopener noreferrer\">je.val@fundacionequipohumano.es<\/a><\/p>\n<p class=\"telefono\"><img src=\"https:\/\/mobilise-sme.eu\/wp-content\/uploads\/2020\/11\/phone.png\" \/> +34 670 36 72 16 +34 963 468 580<\/p>\n<\/div>\n<p>[\/vc_wp_text][vc_wp_text]<\/p>\n<div class=\"ireland box\">\n<p class=\"titulo-select\"><strong>Gospodarska komora u Dublinu (DCC, Irska)<\/strong><\/p>\n<div class=\"boton\"><a href=\"https:\/\/www.dublinchamber.ie\/\" target=\"_blank\" rel=\"noopener noreferrer\">https:\/\/www.dublinchamber.ie\/ <\/a><\/div>\n<p class=\"nombre\"><strong>Maria Deady, Upravitelj projekta<\/strong><\/p>\n<p class=\"nombre\"><strong>Miriam Tuomey, Administrator projekta<\/strong><\/p>\n<p class=\"mail\"><img src=\"https:\/\/mobilise-sme.eu\/wp-content\/uploads\/2020\/11\/mail.png\" \/> <a href=\"mailto:international@dublinchamber.ie\" target=\"_blank\" rel=\"noopener noreferrer\">international@dublinchamber.ie<\/a><\/p>\n<p class=\"telefono\"><img src=\"https:\/\/mobilise-sme.eu\/wp-content\/uploads\/2020\/11\/phone.png\" \/> +353 1 6447200<\/p>\n<\/div>\n<p>[\/vc_wp_text][vc_wp_text]<\/p>\n<div class=\"serbia box\">\n<p class=\"titulo-select\"><strong>Poslovni inkubator Novi Sad (BINS, Srbija)<\/strong><\/p>\n<div class=\"boton\"><a href=\"http:\/\/inkubator.biz\" target=\"_blank\" rel=\"noopener noreferrer\">http:\/\/inkubator.biz<\/a><\/div>\n<p class=\"mail\"><img src=\"https:\/\/mobilise-sme.eu\/wp-content\/uploads\/2020\/11\/mail.png\" \/> <a href=\"mailto:mobilisesme@inkubator.biz\">mobilisesme@inkubator.biz<\/a><\/p>\n<p class=\"telefono\"><img src=\"https:\/\/mobilise-sme.eu\/wp-content\/uploads\/2020\/11\/phone.png\" \/> +381 21 3000 300<\/p>\n<\/div>\n<p>[\/vc_wp_text][vc_wp_text]<\/p>\n<div class=\"croatia box\">\n<p class=\"titulo-select\"><strong>Tera Tehnopolis d.o.o. (TERA, Hrvatska)<\/strong><\/p>\n<div class=\"boton\"><a href=\"http:\/\/web.tera.hr\/\" target=\"_blank\" rel=\"noopener noreferrer\">http:\/\/web.tera.hr\/<\/a><\/div>\n<p class=\"nombre\"><strong>Ivana Duman\u010di\u0107, Stru\u010dni suradnik<\/strong><\/p>\n<p class=\"mail\"><img src=\"https:\/\/mobilise-sme.eu\/wp-content\/uploads\/2020\/11\/mail.png\" \/> <a href=\"mailto:ivana@tera.hr\">ivana@tera.hr<\/a><\/p>\n<p class=\"telefono\"><img src=\"https:\/\/mobilise-sme.eu\/wp-content\/uploads\/2020\/11\/phone.png\" \/> +38 531 251 000<\/p>\n<\/div>\n<p>[\/vc_wp_text][vc_wp_text]<\/p>\n<div class=\"italy box\">\n<p class=\"titulo-select\"><strong>Talijansko-slova\u010dka gospodarska komora (CCIS-TSOK, Slova\u010dka)<\/strong><\/p>\n<div class=\"boton\"><a href=\"www.camit.sk\" target=\"_blank\" rel=\"noopener noreferrer\">www.camit.sk<\/a><\/div>\n<p class=\"mail\"><img src=\"https:\/\/mobilise-sme.eu\/wp-content\/uploads\/2020\/11\/mail.png\" \/> <a href=\"mailto:info@camitslovakia.sk\">info@camitslovakia.sk<\/a><\/p>\n<p class=\"telefono\"><img src=\"https:\/\/mobilise-sme.eu\/wp-content\/uploads\/2020\/11\/phone.png\" \/> +42 1948 899 880<\/p>\n<\/div>\n<p>[\/vc_wp_text][vc_wp_text]<\/p>\n<div class=\"slovenia box\">\n<p class=\"titulo-select\"><strong>BSC, poslovno podporni center, d.o.o., Kranj (BSC, Slovenija)<\/strong><\/p>\n<div class=\"boton\"><a href=\"http:\/\/www.bsc-kranj.si\/\" target=\"_blank\" rel=\"noopener noreferrer\">http:\/\/www.bsc-kranj.si\/<\/a><\/div>\n<p class=\"mail\"><img src=\"https:\/\/mobilise-sme.eu\/wp-content\/uploads\/2020\/11\/mail.png\" \/> <a href=\"mailto:Nives.justin@bsc-kranj.si\">Nives.justin@bsc-kranj.si<\/a><\/p>\n<p class=\"mail\"><img src=\"https:\/\/mobilise-sme.eu\/wp-content\/uploads\/2020\/11\/mail.png\" \/> <a href=\"mailto:tamara.mravinec@bsc-kranj.si\" target=\"_blank\" rel=\"noopener noreferrer\">tamara.mravinec@bsc-kranj.si<\/a><\/p>\n<p class=\"telefono\"><img src=\"https:\/\/mobilise-sme.eu\/wp-content\/uploads\/2020\/11\/phone.png\" \/> +386 4 28 17 247<\/p>\n<p class=\"telefono\"><img src=\"https:\/\/mobilise-sme.eu\/wp-content\/uploads\/2020\/11\/phone.png\" \/> + 386 4 77 77 250<\/p>\n<\/div>\n<p>[\/vc_wp_text][vc_wp_text]<\/p>\n<div class=\"italy2 box\">\n<p class=\"titulo-select\"><strong>Forum jadransko-jonskih gospodarskih komora (FORUM, Italija)<\/strong><\/p>\n<div class=\"boton\"><a href=\"https:\/\/www.forumaic.org\/\" target=\"_blank\" rel=\"noopener noreferrer\">https:\/\/www.forumaic.org\/<\/a><\/div>\n<p>&nbsp;<\/p>\n<p class=\"mail\"><img src=\"https:\/\/mobilise-sme.eu\/wp-content\/uploads\/2020\/11\/mail.png\" \/> <a href=\"mailto:segreteria.forum@marche.camcom.it\">segreteria.forum@marche.camcom.it<\/a><\/p>\n<p>&nbsp;<\/p>\n<p class=\"nombre\"><strong>Alina Nistor<\/strong><\/p>\n<p class=\"mail\"><img src=\"https:\/\/mobilise-sme.eu\/wp-content\/uploads\/2020\/11\/mail.png\" \/> <a href=\"mailto:alina.nistor@marche.camcom.it\">alina.nistor@marche.camcom.it<\/a><\/p>\n<\/div>\n<p>[\/vc_wp_text][vc_wp_text]<\/p>\n<div class=\"austria box\">\n<p class=\"titulo-select\"><strong>Austrijska gospodarska komora (WKO, Austrija)<\/strong><\/p>\n<div class=\"boton\"><a href=\"https:\/\/wko.at\" target=\"_blank\" rel=\"noopener noreferrer\">https:\/\/wko.at<\/a><\/div>\n<p class=\"nombre\"><strong>Christoph Huter<\/strong><\/p>\n<p class=\"mail\"><img src=\"https:\/\/mobilise-sme.eu\/wp-content\/uploads\/2020\/11\/mail.png\" \/> <a href=\"mailto:christoph.huter@wko.at\">christoph.huter@wko.at<\/a><\/p>\n<p class=\"telefono\"><img src=\"https:\/\/mobilise-sme.eu\/wp-content\/uploads\/2020\/11\/phone.png\" \/> +43 590900-3220<\/p>\n<p class=\"nombre\"><strong>Thomas Reichenbach<\/strong><\/p>\n<p class=\"mail\"><img src=\"https:\/\/mobilise-sme.eu\/wp-content\/uploads\/2020\/11\/mail.png\" \/> <a href=\"mailto:thomas.reichenbach@wko.at\">thomas.reichenbach@wko.at<\/a><\/p>\n<p class=\"telefono\"><img src=\"https:\/\/mobilise-sme.eu\/wp-content\/uploads\/2020\/11\/phone.png\" \/> +43 590900-4077<\/p>\n<\/div>\n<div class=\"austria box\">\n<p class=\"titulo-select\"><b>Internationaler Fachkr\u00e4fteaustausch (IFA)<\/b><\/p>\n<div class=\"boton\"><a href=\"https:\/\/ifa.or.at\/\" target=\"_blank\" rel=\"noopener noreferrer\">https:\/\/ifa.or.at\/<\/a><\/div>\n<p class=\"nombre\"><strong>Chirstina Prohammer<\/strong><\/p>\n<p class=\"mail\"><img src=\"https:\/\/mobilise-sme.eu\/wp-content\/uploads\/2020\/11\/mail.png\" \/> <a href=\"mailto:prohammer@ifa.or.at\">prohammer@ifa.or.at<\/a><\/p>\n<p class=\"telefono\"><img src=\"https:\/\/mobilise-sme.eu\/wp-content\/uploads\/2020\/11\/phone.png\" \/> +43-1-3665544-13<\/p>\n<\/div>\n<p>[\/vc_wp_text][vc_wp_text]<\/p>\n<div class=\"greece box\">\n<p class=\"titulo-select\"><strong>Udru\u017eenje tesalskih poduzetnika i industrija (STHEV, Gr\u010dka)<\/strong><\/p>\n<div class=\"boton\"><a href=\"www.sthev.gr\" target=\"_blank\" rel=\"noopener noreferrer\">www.sthev.gr<\/a><\/div>\n<p class=\"nombre\"><strong>Eleni Evagelopoulou<\/strong><\/p>\n<p class=\"mail\"><img src=\"https:\/\/mobilise-sme.eu\/wp-content\/uploads\/2020\/11\/mail.png\" \/> <a href=\"mailto:education@sthev.gr\">education@sthev.gr<\/a><\/p>\n<\/div>\n<p>[\/vc_wp_text][vc_wp_text]<\/p>\n<div class=\"france box\">\n<p class=\"titulo-select\"><strong>Trgova\u010dka i industrijska komora Nouvelle\u2011Aquitaine (CCI-NA, Francuska)<\/strong><\/p>\n<div class=\"boton\"><a href=\"www.nouvelle-aquitaine.cci.fr\" target=\"_blank\" rel=\"noopener noreferrer\">www.nouvelle-aquitaine.cci.fr<\/a><\/div>\n<p class=\"nombre\"><strong>Stephanie VINCENT<\/strong><\/p>\n<p class=\"mail\"><img src=\"https:\/\/mobilise-sme.eu\/wp-content\/uploads\/2020\/11\/mail.png\" \/> <a href=\"mailto:stephanie.vincent@nouvelle-aquitaine.cci.fr\">stephanie.vincent@nouvelle-aquitaine.cci.fr<\/a><\/p>\n<p class=\"telefono\"><img src=\"https:\/\/mobilise-sme.eu\/wp-content\/uploads\/2020\/11\/phone.png\" \/> +33556112813<\/p>\n<\/div>\n<p>[\/vc_wp_text][vc_wp_text]<\/p>\n<div class=\"montenegro box\">\n<p class=\"titulo-select\"><strong>Gospodarska komora Crne Gore (CEM, Montenegro)<\/strong><\/p>\n<div class=\"boton\"><a href=\"www.privrednakomora.me\" target=\"_blank\" rel=\"noopener noreferrer\">www.privrednakomora.me<\/a><\/div>\n<p class=\"mail\"><img src=\"https:\/\/mobilise-sme.eu\/wp-content\/uploads\/2020\/11\/mail.png\" \/> <a href=\"mailto:pkcg@pkcg.org\">pkcg@pkcg.org<\/a><\/p>\n<p class=\"telefono\"><img src=\"https:\/\/mobilise-sme.eu\/wp-content\/uploads\/2020\/11\/phone.png\" \/> +38 22 0230706<\/p>\n<\/div>\n<p>[\/vc_wp_text][\/vc_column][vc_column width=&#8221;2\/3&#8243; css=&#8221;.vc_custom_1639997871707{margin-right: 0px !important;margin-left: 0px !important;padding-right: 0px !important;padding-left: 0px !important;}&#8221; el_class=&#8221;mapa&#8221;][vc_wp_text]<\/p>\n<div class=\"map box\"><img loading=\"lazy\" src=\"https:\/\/mobilise-sme.eu\/wp-content\/uploads\/2020\/11\/map_2.png\" alt=\"\" width=\"100%\" height=\"auto\" \/><\/div>\n<p>[\/vc_wp_text][vc_wp_text]<\/p>\n<div class=\"belgium box\"><img loading=\"lazy\" src=\"https:\/\/mobilise-sme.eu\/wp-content\/uploads\/2020\/11\/CAMARABELUX.png\" alt=\"\" width=\"100%\" height=\"auto\" \/><\/div>\n<p>[\/vc_wp_text][vc_wp_text]<\/p>\n<div class=\"spain box\"><img loading=\"lazy\" src=\"https:\/\/mobilise-sme.eu\/wp-content\/uploads\/2020\/11\/FEH.png\" alt=\"\" width=\"100%\" height=\"auto\" \/><\/div>\n<p>[\/vc_wp_text][vc_wp_text]<\/p>\n<div class=\"ireland box\"><img loading=\"lazy\" src=\"https:\/\/mobilise-sme.eu\/wp-content\/uploads\/2020\/11\/DCC.png\" alt=\"\" width=\"100%\" height=\"auto\" \/><\/div>\n<p>[\/vc_wp_text][vc_wp_text]<\/p>\n<div class=\"serbia box\"><img loading=\"lazy\" src=\"https:\/\/mobilise-sme.eu\/wp-content\/uploads\/2020\/11\/BINS.png\" alt=\"\" width=\"100%\" height=\"auto\" \/><\/div>\n<p>[\/vc_wp_text][vc_wp_text]<\/p>\n<div class=\"croatia box\"><img loading=\"lazy\" src=\"https:\/\/mobilise-sme.eu\/wp-content\/uploads\/2021\/03\/TERA-1.jpg\" alt=\"\" width=\"100%\" height=\"auto\" \/><\/div>\n<p>[\/vc_wp_text][vc_wp_text]<\/p>\n<div class=\"italy box\"><img loading=\"lazy\" src=\"https:\/\/mobilise-sme.eu\/wp-content\/uploads\/2021\/03\/CCIS-TSOK-1.jpg\" alt=\"\" width=\"100%\" height=\"auto\" \/><\/div>\n<p>[\/vc_wp_text][vc_wp_text]<\/p>\n<div class=\"slovenia box\"><img loading=\"lazy\" src=\"https:\/\/mobilise-sme.eu\/wp-content\/uploads\/2020\/11\/BSC-2.png\" alt=\"\" width=\"100%\" height=\"auto\" \/><\/div>\n<p>[\/vc_wp_text][vc_wp_text]<\/p>\n<div class=\"italy2 box\"><img loading=\"lazy\" src=\"https:\/\/mobilise-sme.eu\/wp-content\/uploads\/2020\/11\/FORUM.png\" alt=\"\" width=\"100%\" height=\"auto\" \/><\/div>\n<p>[\/vc_wp_text][vc_wp_text]<\/p>\n<div class=\"austria box\"><img loading=\"lazy\" src=\"https:\/\/mobilise-sme.eu\/wp-content\/uploads\/2020\/11\/WKO.png\" alt=\"\" width=\"100%\" height=\"auto\" \/><\/div>\n<p>[\/vc_wp_text][vc_wp_text]<\/p>\n<div class=\"greece box\"><img loading=\"lazy\" src=\"https:\/\/mobilise-sme.eu\/wp-content\/uploads\/2020\/11\/STHEV.png\" alt=\"\" width=\"100%\" height=\"auto\" \/><\/div>\n<p>[\/vc_wp_text][vc_wp_text]<\/p>\n<div class=\"france box\"><img loading=\"lazy\" src=\"https:\/\/mobilise-sme.eu\/wp-content\/uploads\/2020\/11\/CCI-NA.png\" alt=\"\" width=\"100%\" height=\"auto\" \/><\/div>\n<p>[\/vc_wp_text][vc_wp_text]<\/p>\n<div class=\"montenegro box\"><img loading=\"lazy\" src=\"https:\/\/mobilise-sme.eu\/wp-content\/uploads\/2020\/11\/CEM.png\" alt=\"\" width=\"100%\" height=\"auto\" \/><\/div>\n<p>[\/vc_wp_text][\/vc_column][\/vc_row]<\/p>\n","protected":false},"excerpt":{"rendered":"<p>[vc_row el_class=&#8221;espaciado bloquelocal&#8221;][vc_column css=&#8221;.vc_custom_1602769966142{padding-top: 20px !important;}&#8221;][vc_column_text css=&#8221;.vc_custom_1602769996122{margin-bottom: 5px !important;}&#8221;] Lokalne kontakt to\u010dke [\/vc_column_text][vc_separator color=&#8221;custom&#8221; border_width=&#8221;2&#8243; el_width=&#8221;20&#8243; accent_color=&#8221;#0d5387&#8243;][vc_column_text]Ako ste zainteresirani za sudjelovanje u programu MobiliseSME, mo\u017eete se obratiti bilo kojem od dolje navedenih subjekata. To su subjekti poput gospodarskih komora, poslovno-inovacijskih agencija, zaklada, udru\u017eenja gospodarskih komora, poslovnih organizacija, sveu\u010dili\u0161ta i poduzetni\u010dkih inkubatora. Slu\u017ebeno su imenovani od strane programa EASI da bi pomogli uspostaviti kontakte izme\u0111u MSP-ova na podru\u010dju EU-a u okviru programa MobiliseSME. Ako va\u0161a dr\u017eava nema lokalnu kontakt to\u010dku, obratite se na adresu e-po\u0161te support@mobilise-sme.eu. Nakon toga \u0107e vam se dodijeliti lokalna kontakt to\u010dka. [\/vc_column_text][\/vc_column][\/vc_row][vc_row el_class=&#8221;espaciado2&#8243;][vc_column width=&#8221;1\/3&#8243; el_class=&#8221;bloquelocal2&#8243;][vc_raw_html]PGRpdiBjbGFzcz0ic2VsZWNjaW9uLWNpdWRhZCI+DQo8cCBjbGFzcz0ic2VsZWN0LWNvdW50cnkiPk9kYWJlcml0ZSBzdm9qdSBkcsW+YXZ1PC9wPg0KPHNlbGVjdD4NCjxvcHRpb24gdmFsdWU9Im1hcCI+RHLFvmF2YTwvb3B0aW9uPg0KPG9wdGlvbiB2YWx1ZT0ibWFwIj5BbGJhbmlqYTwvb3B0aW9uPg0KPG9wdGlvbiB2YWx1ZT0iYXVzdHJpYSI+QXVzdHJpamE8L29wdGlvbj4NCjxvcHRpb24gdmFsdWU9ImJlbGdpdW0iPkJlbGdpamE8L29wdGlvbj4NCjxvcHRpb24gdmFsdWU9Im1hcCI+QnVnYXJza2E8L29wdGlvbj4NCjxvcHRpb24gdmFsdWU9ImNyb2F0aWEiPkhydmF0c2thPC9vcHRpb24+DQo8b3B0aW9uIHZhbHVlPSJtYXAiPkNpcGFyPC9vcHRpb24+DQo8b3B0aW9uIHZhbHVlPSJtYXAiPsSMZcWha2E8L29wdGlvbj4NCjxvcHRpb24gdmFsdWU9Im1hcCI+RGFuc2thPC9vcHRpb24+DQo8b3B0aW9uIHZhbHVlPSJtYXAiPk5qZW1hxI1rYTwvb3B0aW9uPg0KPG9wdGlvbiB2YWx1ZT0ibWFwIj5Fc3RvbmlhPC9vcHRpb24+DQo8b3B0aW9uIHZhbHVlPSJtYXAiPkZpbnNrYTwvb3B0aW9uPg0KPG9wdGlvbiB2YWx1ZT0ibWFwIj5TamV2ZXJuYSBNYWtlZG9uaWphPC9vcHRpb24+DQo8b3B0aW9uIHZhbHVlPSJmcmFuY2UiPkZyYW5jdXNrYTwvb3B0aW9uPg0KPG9wdGlvbiB2YWx1ZT0iZ3JlZWNlIj5HcsSNa2E8L29wdGlvbj4NCjxvcHRpb24gdmFsdWU9Im1hcCI+TWHEkWFyc2thPC9vcHRpb24+DQo8b3B0aW9uIHZhbHVlPSJtYXAiPklzbGFuZDwvb3B0aW9uPg0KPG9wdGlvbiB2YWx1ZT0iaXJlbGFuZCI+SXJza2E8L29wdGlvbj4NCjxvcHRpb24gdmFsdWU9Iml0YWx5MiI+SXRhbGlqYTwvb3B0aW9uPg0KPG9wdGlvbiB2YWx1ZT0ibWFwIj5MaXR2YTwvb3B0aW9uPg0KPG9wdGlvbiB2YWx1ZT0iYmVsZ2l1bSI+THVrc2VtYnVyZzwvb3B0aW9uPg0KPG9wdGlvbiB2YWx1ZT0ibWFwIj5NYWx0YTwvb3B0aW9uPg0KPG9wdGlvbiB2YWx1ZT0ibW9udGVuZWdybyI+Q3JuYSBHb3JhPC9vcHRpb24+DQo8b3B0aW9uIHZhbHVlPSJiZWxnaXVtIj5OaXpvemVtc2thPC9vcHRpb24+DQo8b3B0aW9uIHZhbHVlPSJtYXAiPlBvbGpza2E8L29wdGlvbj4NCjxvcHRpb24gdmFsdWU9Im1hcCI+UG9ydHVnYWw8L29wdGlvbj4NCjxvcHRpb24gdmFsdWU9InNlcmJpYSI+U3JiaWphPC9vcHRpb24+DQo8b3B0aW9uIHZhbHVlPSJpdGFseSI+U2xvdmHEjWthPC9vcHRpb24+DQo8b3B0aW9uIHZhbHVlPSJzbG92ZW5pYSI+U2xvdmVuaWphPC9vcHRpb24+DQo8b3B0aW9uIHZhbHVlPSJzcGFpbiI+xaBwYW5qb2xza2E8L29wdGlvbj4NCjwvc2VsZWN0PjwvZGl2Pg==[\/vc_raw_html][vc_wp_text] Program MobiliseSME [&hellip;]<\/p>\n","protected":false},"author":1,"featured_media":0,"parent":0,"menu_order":0,"comment_status":"closed","ping_status":"closed","template":"","meta":[],"yoast_head":"<!-- This site is optimized with the Yoast SEO plugin v15.4 - https:\/\/yoast.com\/wordpress\/plugins\/seo\/ -->\n<title>Lokalne kontakt to\u010dke - Mobilsesme<\/title>\n<meta name=\"robots\" content=\"index, follow, max-snippet:-1, max-image-preview:large, max-video-preview:-1\" \/>\n<link rel=\"canonical\" href=\"https:\/\/mobilise-sme.eu\/hr\/lokalne-kontakt-tocke\/\" \/>\n<meta property=\"og:locale\" content=\"hr_HR\" \/>\n<meta property=\"og:type\" content=\"article\" \/>\n<meta property=\"og:title\" content=\"Lokalne kontakt to\u010dke - Mobilsesme\" \/>\n<meta property=\"og:description\" content=\"[vc_row el_class=&#8221;espaciado bloquelocal&#8221;][vc_column css=&#8221;.vc_custom_1602769966142{padding-top: 20px !important;}&#8221;][vc_column_text css=&#8221;.vc_custom_1602769996122{margin-bottom: 5px !important;}&#8221;] Lokalne kontakt to\u010dke [\/vc_column_text][vc_separator color=&#8221;custom&#8221; border_width=&#8221;2&#8243; el_width=&#8221;20&#8243; accent_color=&#8221;#0d5387&#8243;][vc_column_text]Ako ste zainteresirani za sudjelovanje u programu MobiliseSME, mo\u017eete se obratiti bilo kojem od dolje navedenih subjekata. To su subjekti poput gospodarskih komora, poslovno-inovacijskih agencija, zaklada, udru\u017eenja gospodarskih komora, poslovnih organizacija, sveu\u010dili\u0161ta i poduzetni\u010dkih inkubatora. Slu\u017ebeno su imenovani od strane programa EASI da bi pomogli uspostaviti kontakte izme\u0111u MSP-ova na podru\u010dju EU-a u okviru programa MobiliseSME. Ako va\u0161a dr\u017eava nema lokalnu kontakt to\u010dku, obratite se na adresu e-po\u0161te support@mobilise-sme.eu. Nakon toga \u0107e vam se dodijeliti lokalna kontakt to\u010dka. [\/vc_column_text][\/vc_column][\/vc_row][vc_row el_class=&#8221;espaciado2&#8243;][vc_column width=&#8221;1\/3&#8243; el_class=&#8221;bloquelocal2&#8243;][vc_raw_html]PGRpdiBjbGFzcz0ic2VsZWNjaW9uLWNpdWRhZCI+DQo8cCBjbGFzcz0ic2VsZWN0LWNvdW50cnkiPk9kYWJlcml0ZSBzdm9qdSBkcsW+YXZ1PC9wPg0KPHNlbGVjdD4NCjxvcHRpb24gdmFsdWU9Im1hcCI+RHLFvmF2YTwvb3B0aW9uPg0KPG9wdGlvbiB2YWx1ZT0ibWFwIj5BbGJhbmlqYTwvb3B0aW9uPg0KPG9wdGlvbiB2YWx1ZT0iYXVzdHJpYSI+QXVzdHJpamE8L29wdGlvbj4NCjxvcHRpb24gdmFsdWU9ImJlbGdpdW0iPkJlbGdpamE8L29wdGlvbj4NCjxvcHRpb24gdmFsdWU9Im1hcCI+QnVnYXJza2E8L29wdGlvbj4NCjxvcHRpb24gdmFsdWU9ImNyb2F0aWEiPkhydmF0c2thPC9vcHRpb24+DQo8b3B0aW9uIHZhbHVlPSJtYXAiPkNpcGFyPC9vcHRpb24+DQo8b3B0aW9uIHZhbHVlPSJtYXAiPsSMZcWha2E8L29wdGlvbj4NCjxvcHRpb24gdmFsdWU9Im1hcCI+RGFuc2thPC9vcHRpb24+DQo8b3B0aW9uIHZhbHVlPSJtYXAiPk5qZW1hxI1rYTwvb3B0aW9uPg0KPG9wdGlvbiB2YWx1ZT0ibWFwIj5Fc3RvbmlhPC9vcHRpb24+DQo8b3B0aW9uIHZhbHVlPSJtYXAiPkZpbnNrYTwvb3B0aW9uPg0KPG9wdGlvbiB2YWx1ZT0ibWFwIj5TamV2ZXJuYSBNYWtlZG9uaWphPC9vcHRpb24+DQo8b3B0aW9uIHZhbHVlPSJmcmFuY2UiPkZyYW5jdXNrYTwvb3B0aW9uPg0KPG9wdGlvbiB2YWx1ZT0iZ3JlZWNlIj5HcsSNa2E8L29wdGlvbj4NCjxvcHRpb24gdmFsdWU9Im1hcCI+TWHEkWFyc2thPC9vcHRpb24+DQo8b3B0aW9uIHZhbHVlPSJtYXAiPklzbGFuZDwvb3B0aW9uPg0KPG9wdGlvbiB2YWx1ZT0iaXJlbGFuZCI+SXJza2E8L29wdGlvbj4NCjxvcHRpb24gdmFsdWU9Iml0YWx5MiI+SXRhbGlqYTwvb3B0aW9uPg0KPG9wdGlvbiB2YWx1ZT0ibWFwIj5MaXR2YTwvb3B0aW9uPg0KPG9wdGlvbiB2YWx1ZT0iYmVsZ2l1bSI+THVrc2VtYnVyZzwvb3B0aW9uPg0KPG9wdGlvbiB2YWx1ZT0ibWFwIj5NYWx0YTwvb3B0aW9uPg0KPG9wdGlvbiB2YWx1ZT0ibW9udGVuZWdybyI+Q3JuYSBHb3JhPC9vcHRpb24+DQo8b3B0aW9uIHZhbHVlPSJiZWxnaXVtIj5OaXpvemVtc2thPC9vcHRpb24+DQo8b3B0aW9uIHZhbHVlPSJtYXAiPlBvbGpza2E8L29wdGlvbj4NCjxvcHRpb24gdmFsdWU9Im1hcCI+UG9ydHVnYWw8L29wdGlvbj4NCjxvcHRpb24gdmFsdWU9InNlcmJpYSI+U3JiaWphPC9vcHRpb24+DQo8b3B0aW9uIHZhbHVlPSJpdGFseSI+U2xvdmHEjWthPC9vcHRpb24+DQo8b3B0aW9uIHZhbHVlPSJzbG92ZW5pYSI+U2xvdmVuaWphPC9vcHRpb24+DQo8b3B0aW9uIHZhbHVlPSJzcGFpbiI+xaBwYW5qb2xza2E8L29wdGlvbj4NCjwvc2VsZWN0PjwvZGl2Pg==[\/vc_raw_html][vc_wp_text] Program MobiliseSME [&hellip;]\" \/>\n<meta property=\"og:url\" content=\"https:\/\/mobilise-sme.eu\/hr\/lokalne-kontakt-tocke\/\" \/>\n<meta property=\"og:site_name\" content=\"Mobilsesme\" \/>\n<meta property=\"article:modified_time\" content=\"2022-09-29T10:29:04+00:00\" \/>\n<meta property=\"og:image\" content=\"https:\/\/mobilise-sme.eu\/wp-content\/uploads\/2020\/11\/mail.png\" \/>\n<meta name=\"twitter:card\" content=\"summary_large_image\" \/>\n<meta name=\"twitter:label1\" content=\"Written by\">\n\t<meta name=\"twitter:data1\" content=\"sumaysube\">\n\t<meta name=\"twitter:label2\" content=\"Est. reading time\">\n\t<meta name=\"twitter:data2\" content=\"4 minute\">\n<script type=\"application\/ld+json\" class=\"yoast-schema-graph\">{\"@context\":\"https:\/\/schema.org\",\"@graph\":[{\"@type\":\"WebSite\",\"@id\":\"https:\/\/mobilise-sme.eu\/#website\",\"url\":\"https:\/\/mobilise-sme.eu\/\",\"name\":\"Mobilsesme\",\"description\":\"Otro sitio realizado con WordPress\",\"potentialAction\":[{\"@type\":\"SearchAction\",\"target\":\"https:\/\/mobilise-sme.eu\/?s={search_term_string}\",\"query-input\":\"required name=search_term_string\"}],\"inLanguage\":\"hr\"},{\"@type\":\"ImageObject\",\"@id\":\"https:\/\/mobilise-sme.eu\/hr\/lokalne-kontakt-tocke\/#primaryimage\",\"inLanguage\":\"hr\",\"url\":\"https:\/\/mobilise-sme.eu\/wp-content\/uploads\/2020\/11\/mail.png\",\"width\":15,\"height\":10},{\"@type\":\"WebPage\",\"@id\":\"https:\/\/mobilise-sme.eu\/hr\/lokalne-kontakt-tocke\/#webpage\",\"url\":\"https:\/\/mobilise-sme.eu\/hr\/lokalne-kontakt-tocke\/\",\"name\":\"Lokalne kontakt to\\u010dke - Mobilsesme\",\"isPartOf\":{\"@id\":\"https:\/\/mobilise-sme.eu\/#website\"},\"primaryImageOfPage\":{\"@id\":\"https:\/\/mobilise-sme.eu\/hr\/lokalne-kontakt-tocke\/#primaryimage\"},\"datePublished\":\"2021-03-02T09:15:00+00:00\",\"dateModified\":\"2022-09-29T10:29:04+00:00\",\"inLanguage\":\"hr\",\"potentialAction\":[{\"@type\":\"ReadAction\",\"target\":[\"https:\/\/mobilise-sme.eu\/hr\/lokalne-kontakt-tocke\/\"]}]}]}<\/script>\n<!-- \/ Yoast SEO plugin. -->","_links":{"self":[{"href":"https:\/\/mobilise-sme.eu\/hr\/wp-json\/wp\/v2\/pages\/2060\/"}],"collection":[{"href":"https:\/\/mobilise-sme.eu\/hr\/wp-json\/wp\/v2\/pages\/"}],"about":[{"href":"https:\/\/mobilise-sme.eu\/hr\/wp-json\/wp\/v2\/types\/page\/"}],"author":[{"embeddable":true,"href":"https:\/\/mobilise-sme.eu\/hr\/wp-json\/wp\/v2\/users\/1\/"}],"replies":[{"embeddable":true,"href":"https:\/\/mobilise-sme.eu\/hr\/wp-json\/wp\/v2\/comments\/?post=2060"}],"version-history":[{"count":12,"href":"https:\/\/mobilise-sme.eu\/hr\/wp-json\/wp\/v2\/pages\/2060\/revisions\/"}],"predecessor-version":[{"id":4460,"href":"https:\/\/mobilise-sme.eu\/hr\/wp-json\/wp\/v2\/pages\/2060\/revisions\/4460\/"}],"wp:attachment":[{"href":"https:\/\/mobilise-sme.eu\/hr\/wp-json\/wp\/v2\/media\/?parent=2060"}],"curies":[{"name":"wp","href":"https:\/\/api.w.org\/{rel}","templated":true}]}}