{"id":2063,"date":"2021-03-02T09:22:49","date_gmt":"2021-03-02T09:22:49","guid":{"rendered":"https:\/\/mobilise-sme.eu\/tko-moze-sudjelovati\/"},"modified":"2021-03-02T09:22:49","modified_gmt":"2021-03-02T09:22:49","slug":"tko-moze-sudjelovati","status":"publish","type":"page","link":"https:\/\/mobilise-sme.eu\/hr\/tko-moze-sudjelovati\/","title":{"rendered":"Tko mo\u017ee sudjelovati?"},"content":{"rendered":"<p>[vc_row el_class=&#8221;espaciado&#8221;][vc_column css=&#8221;.vc_custom_1602686899070{padding-top: 20px !important;}&#8221;][vc_column_text css=&#8221;.vc_custom_1602686966717{margin-bottom: 5px !important;}&#8221;]<\/p>\n<p class=\"titulo-yellow\" style=\"text-align: center;\">Tko mo\u017ee sudjelovati?<\/p>\n<p>[\/vc_column_text][vc_separator color=&#8221;custom&#8221; border_width=&#8221;2&#8243; el_width=&#8221;20&#8243; accent_color=&#8221;#efca34&#8243;][vc_row_inner][vc_column_inner width=&#8221;1\/2&#8243;][vc_column_text]<\/p>\n<p style=\"text-align: center;\"><strong>Prijavitelji (MSP-ovi)<\/strong><\/p>\n<p>Prijavitelji<strong> su mala i srednja poduze\u0107a (MSP-ovi)<\/strong>. MSP-ovi se mogu prijaviti na program registracijom na Matchmaking platformu ili obra\u0107anjem lokalnoj kontakt to\u010dki koja je zadu\u017eena za provo\u0111enje programa na njihovom podru\u010dju.<\/p>\n<p>Svi MSP-ovi koji sudjeluju u programu moraju ispunjavati geografske kriterije. Program \u0107e razmatrati prijavitelje koji su osnovani i registrirani u sljede\u0107im dr\u017eavama:<\/p>\n<ul>\n<li>\u010clanice EU-a.<\/li>\n<li>Island i Norve\u0161ka u skladu sa Sporazumom o Europskom gospodarskom prostoru (EGP).<\/li>\n<li>Albanija, Sjeverna Makedonija, Crna Gora, Srbija i Turska.<\/li>\n<\/ul>\n<p>Tvrtke s jednim zaposlenim (ako su registrirane kao pravna osoba i imaju porezni broj), vanjski suradnici (tzv. \u201efreelanceri\u201d) te slobodna zanimanja (odvjetnici, javni bilje\u017enici, ra\u010dunovo\u0111e, ovla\u0161teni revizori, lije\u010dnici, farmaceuti, psiholozi, arhitekti i in\u017eenjeri).<\/p>\n<p>Ostali oblici samozapo\u0161ljavanja isklju\u010deni su iz programa. Me\u0111utim, preporu\u010duje se savjetovanje s lokalnim kontakt to\u010dkama jer se procjena prihvatljivosti donosi na temelju pojedinog slu\u010daja.<\/p>\n<p><strong>Ve\u0107e tvrtke<\/strong> mogu sudjelovati u programu, ali samo kao tvrtke doma\u0107ini (primaju polaznike programa, ali ne \u0161alju svoje zaposlenike na razmjenu).<\/p>\n<p>Za sudjelovanje u programu obvezna je registracija na Matchmaking platformu. Svi zaposlenici prihvatljivih MSP-ova mogu se obratiti lokalnoj kontakt to\u010dki da bi sudjelovali u programu MobiliseSME i registrirali poduze\u0107e u svoje ime.<\/p>\n<p>[\/vc_column_text][\/vc_column_inner][vc_column_inner width=&#8221;1\/2&#8243;][vc_column_text]<\/p>\n<p style=\"text-align: center;\"><strong>Sudionici (zaposlenici, menad\u017eeri i suvlasnici MSP-ova)<\/strong><\/p>\n<p>Sudionici programa su zaposlenici prijavitelja (MSP-ova). Oni sudjeluju u programu MobiliseSME. Pojam \u201esudionik\u201d odnosi se na osoblje\/zaposlenike, menad\u017eere i su(vlasnike) MSP-ova. Konkretno:<\/p>\n<ul>\n<li>U okviru programa MobiliseSME, <strong>zaposlenik<\/strong> je osoba koja radi puno radno vrijeme prema ugovoru o radu.<\/li>\n<li>U okviru programa MobiliseSME, menad\u017eer je osoba koja radi puno radno vrijeme. Povrh toga, on\/ona mora imati <strong>posebnu odgovornost<\/strong> u svakodnevnim aktivnostima.<\/li>\n<li>U okviru programa MobiliseSME, pojam vlasnik ili suvlasnik podrazumijeva bilo koju <strong>osobu koja je osnovala MSP<\/strong> ili je \u010dlan Upravnog odbora.<\/li>\n<\/ul>\n<p>Za dodatne informacije ili nejasno\u0107e oko uvjeta koje mora ispunjavati bilo koji od sudionika programa obratite se najbli\u017eoj lokalnoj kontakt to\u010dki.<\/p>\n<p>[\/vc_column_text][\/vc_column_inner][\/vc_row_inner][vc_row_inner][vc_column_inner width=&#8221;1\/3&#8243;][vc_column_text]<\/p>\n<p class=\"homebutton\" style=\"text-align: center;\"><a href=\"https:\/\/mobilise-sme.eu\/wp-content\/uploads\/2020\/12\/leaflet_mobilisesme_GENERAL-1.pdf\" target=\"_blank\" rel=\"noopener noreferrer\"><img src=\"https:\/\/mobilise-sme.eu\/wp-content\/uploads\/2020\/11\/Rectangle-42.png\" \/> LETAK<\/a><\/p>\n<p>[\/vc_column_text][\/vc_column_inner][vc_column_inner width=&#8221;1\/3&#8243;][vc_column_text]<\/p>\n<p class=\"homebutton\" style=\"text-align: center;\"><a href=\"https:\/\/mobilise-sme.eu\/wp-content\/uploads\/2020\/12\/leaflet_mobilisesme_HC-1.pdf\" target=\"_blank\" rel=\"noopener noreferrer\"><img src=\"https:\/\/mobilise-sme.eu\/wp-content\/uploads\/2020\/11\/Rectangle-42.png\" \/> Tvrtka doma\u0107in<\/a><\/p>\n<p>[\/vc_column_text][\/vc_column_inner][vc_column_inner width=&#8221;1\/3&#8243;][vc_column_text]<\/p>\n<p class=\"homebutton\" style=\"text-align: center;\"><a href=\"https:\/\/mobilise-sme.eu\/wp-content\/uploads\/2020\/12\/leaflet_mobilisesme_SC-1.pdf\" target=\"_blank\" rel=\"noopener noreferrer\"><img src=\"https:\/\/mobilise-sme.eu\/wp-content\/uploads\/2020\/11\/Rectangle-42.png\" \/> Tvrtka korisnik<\/a><\/p>\n<p>[\/vc_column_text][\/vc_column_inner][\/vc_row_inner][\/vc_column][\/vc_row]<\/p>\n","protected":false},"excerpt":{"rendered":"<p>[vc_row el_class=&#8221;espaciado&#8221;][vc_column css=&#8221;.vc_custom_1602686899070{padding-top: 20px !important;}&#8221;][vc_column_text css=&#8221;.vc_custom_1602686966717{margin-bottom: 5px !important;}&#8221;] Tko mo\u017ee sudjelovati? [\/vc_column_text][vc_separator color=&#8221;custom&#8221; border_width=&#8221;2&#8243; el_width=&#8221;20&#8243; accent_color=&#8221;#efca34&#8243;][vc_row_inner][vc_column_inner width=&#8221;1\/2&#8243;][vc_column_text] Prijavitelji (MSP-ovi) Prijavitelji su mala i srednja poduze\u0107a (MSP-ovi). MSP-ovi se mogu prijaviti na program registracijom na Matchmaking platformu ili obra\u0107anjem lokalnoj kontakt to\u010dki koja je zadu\u017eena za provo\u0111enje programa na njihovom podru\u010dju. Svi MSP-ovi koji sudjeluju u programu moraju ispunjavati geografske kriterije. Program \u0107e razmatrati prijavitelje koji su osnovani i registrirani u sljede\u0107im dr\u017eavama: \u010clanice EU-a. Island i Norve\u0161ka u skladu sa Sporazumom o Europskom gospodarskom prostoru (EGP). Albanija, Sjeverna Makedonija, Crna Gora, Srbija i Turska. Tvrtke s jednim zaposlenim (ako su [&hellip;]<\/p>\n","protected":false},"author":1,"featured_media":0,"parent":0,"menu_order":0,"comment_status":"closed","ping_status":"closed","template":"","meta":[],"yoast_head":"<!-- This site is optimized with the Yoast SEO plugin v15.4 - https:\/\/yoast.com\/wordpress\/plugins\/seo\/ -->\n<title>Tko mo\u017ee sudjelovati? - Mobilsesme<\/title>\n<meta name=\"robots\" content=\"index, follow, max-snippet:-1, max-image-preview:large, max-video-preview:-1\" \/>\n<link rel=\"canonical\" href=\"https:\/\/mobilise-sme.eu\/hr\/who-can-participate\/\" \/>\n<meta property=\"og:locale\" content=\"hr_HR\" \/>\n<meta property=\"og:type\" content=\"article\" \/>\n<meta property=\"og:title\" content=\"Tko mo\u017ee sudjelovati? - Mobilsesme\" \/>\n<meta property=\"og:description\" content=\"[vc_row el_class=&#8221;espaciado&#8221;][vc_column css=&#8221;.vc_custom_1602686899070{padding-top: 20px !important;}&#8221;][vc_column_text css=&#8221;.vc_custom_1602686966717{margin-bottom: 5px !important;}&#8221;] Tko mo\u017ee sudjelovati? [\/vc_column_text][vc_separator color=&#8221;custom&#8221; border_width=&#8221;2&#8243; el_width=&#8221;20&#8243; accent_color=&#8221;#efca34&#8243;][vc_row_inner][vc_column_inner width=&#8221;1\/2&#8243;][vc_column_text] Prijavitelji (MSP-ovi) Prijavitelji su mala i srednja poduze\u0107a (MSP-ovi). MSP-ovi se mogu prijaviti na program registracijom na Matchmaking platformu ili obra\u0107anjem lokalnoj kontakt to\u010dki koja je zadu\u017eena za provo\u0111enje programa na njihovom podru\u010dju. Svi MSP-ovi koji sudjeluju u programu moraju ispunjavati geografske kriterije. Program \u0107e razmatrati prijavitelje koji su osnovani i registrirani u sljede\u0107im dr\u017eavama: \u010clanice EU-a. Island i Norve\u0161ka u skladu sa Sporazumom o Europskom gospodarskom prostoru (EGP). Albanija, Sjeverna Makedonija, Crna Gora, Srbija i Turska. Tvrtke s jednim zaposlenim (ako su [&hellip;]\" \/>\n<meta property=\"og:url\" content=\"https:\/\/mobilise-sme.eu\/who-can-participate\/\" \/>\n<meta property=\"og:site_name\" content=\"Mobilsesme\" \/>\n<meta property=\"og:image\" content=\"https:\/\/mobilise-sme.eu\/wp-content\/uploads\/2020\/11\/Rectangle-42.png\" \/>\n<meta name=\"twitter:card\" content=\"summary_large_image\" \/>\n<meta name=\"twitter:label1\" content=\"Written by\">\n\t<meta name=\"twitter:data1\" content=\"sumaysube\">\n\t<meta name=\"twitter:label2\" content=\"Est. reading time\">\n\t<meta name=\"twitter:data2\" content=\"2 minute\">\n<script type=\"application\/ld+json\" class=\"yoast-schema-graph\">{\"@context\":\"https:\/\/schema.org\",\"@graph\":[{\"@type\":\"WebSite\",\"@id\":\"https:\/\/mobilise-sme.eu\/#website\",\"url\":\"https:\/\/mobilise-sme.eu\/\",\"name\":\"Mobilsesme\",\"description\":\"Otro sitio realizado con WordPress\",\"potentialAction\":[{\"@type\":\"SearchAction\",\"target\":\"https:\/\/mobilise-sme.eu\/?s={search_term_string}\",\"query-input\":\"required name=search_term_string\"}],\"inLanguage\":\"hr\"},{\"@type\":\"ImageObject\",\"@id\":\"https:\/\/mobilise-sme.eu\/who-can-participate\/#primaryimage\",\"inLanguage\":\"hr\",\"url\":\"https:\/\/mobilise-sme.eu\/wp-content\/uploads\/2020\/11\/Rectangle-42.png\",\"width\":22,\"height\":23},{\"@type\":\"WebPage\",\"@id\":\"https:\/\/mobilise-sme.eu\/who-can-participate\/#webpage\",\"url\":\"https:\/\/mobilise-sme.eu\/who-can-participate\/\",\"name\":\"Tko mo\\u017ee sudjelovati? - Mobilsesme\",\"isPartOf\":{\"@id\":\"https:\/\/mobilise-sme.eu\/#website\"},\"primaryImageOfPage\":{\"@id\":\"https:\/\/mobilise-sme.eu\/who-can-participate\/#primaryimage\"},\"datePublished\":\"2021-03-02T09:22:49+00:00\",\"dateModified\":\"2021-03-02T09:22:49+00:00\",\"inLanguage\":\"hr\",\"potentialAction\":[{\"@type\":\"ReadAction\",\"target\":[\"https:\/\/mobilise-sme.eu\/who-can-participate\/\"]}]}]}<\/script>\n<!-- \/ Yoast SEO plugin. -->","_links":{"self":[{"href":"https:\/\/mobilise-sme.eu\/hr\/wp-json\/wp\/v2\/pages\/2063\/"}],"collection":[{"href":"https:\/\/mobilise-sme.eu\/hr\/wp-json\/wp\/v2\/pages\/"}],"about":[{"href":"https:\/\/mobilise-sme.eu\/hr\/wp-json\/wp\/v2\/types\/page\/"}],"author":[{"embeddable":true,"href":"https:\/\/mobilise-sme.eu\/hr\/wp-json\/wp\/v2\/users\/1\/"}],"replies":[{"embeddable":true,"href":"https:\/\/mobilise-sme.eu\/hr\/wp-json\/wp\/v2\/comments\/?post=2063"}],"version-history":[{"count":2,"href":"https:\/\/mobilise-sme.eu\/hr\/wp-json\/wp\/v2\/pages\/2063\/revisions\/"}],"predecessor-version":[{"id":2065,"href":"https:\/\/mobilise-sme.eu\/hr\/wp-json\/wp\/v2\/pages\/2063\/revisions\/2065\/"}],"wp:attachment":[{"href":"https:\/\/mobilise-sme.eu\/hr\/wp-json\/wp\/v2\/media\/?parent=2063"}],"curies":[{"name":"wp","href":"https:\/\/api.w.org\/{rel}","templated":true}]}}