{"id":1296,"date":"2021-01-11T12:52:36","date_gmt":"2021-01-11T12:52:36","guid":{"rendered":"https:\/\/mobilise-sme.eu\/informazioni-su-mobilisesme\/"},"modified":"2022-03-17T16:25:15","modified_gmt":"2022-03-17T15:25:15","slug":"informazioni-su-mobilisesme","status":"publish","type":"page","link":"https:\/\/mobilise-sme.eu\/it\/informazioni-su-mobilisesme\/","title":{"rendered":"Informazioni su MobiliseSME"},"content":{"rendered":"<p>[vc_row el_class=&#8221;espaciado&#8221;][vc_column css=&#8221;.vc_custom_1602685030902{padding-top: 20px !important;}&#8221;][vc_column_text css=&#8221;.vc_custom_1607951141542{margin-bottom: 5px !important;}&#8221;]<\/p>\n<p class=\"titulo-blue\" style=\"text-align: center;\">Informazioni su MobiliseSME<\/p>\n<p>[\/vc_column_text][vc_separator color=&#8221;custom&#8221; border_width=&#8221;2&#8243; el_width=&#8221;20&#8243; accent_color=&#8221;#0d5387&#8243;][vc_column_text]<strong>MobiliseSME<\/strong> \u00e8 un programma avviato dall&#8217;UE (EURES, EASI). Ha lo scopo di <strong>aiutare a sviluppare le abilit\u00e0 e le capacit\u00e0 del personale delle aziende<\/strong> (dipendenti, manager e proprietari o comproprietari) sostenendo trasferte transfrontaliere a breve termine.<\/p>\n<p>Basandosi sullo schema pilota di successo &#8220;MobiliseSME&#8221; implementato tra il 2015 e il 2017, questo programma mira a sostenere le persone gi\u00e0 occupate che desiderano sperimentare la <strong>mobilit\u00e0 transfrontaliera<\/strong> in un&#8217;altra azienda per un periodo di tempo limitato, mantenendo il legame contrattuale con il loro datore di lavoro.<\/p>\n<p>Caratteristiche principali del programma MobiliseSME:<\/p>\n<p>[\/vc_column_text][vc_row_inner el_class=&#8221;numeros align&#8221;][vc_column_inner width=&#8221;1\/2&#8243;][vc_column_text]<\/p>\n<p class=\"number\">1<\/p>\n<p class=\"text-numbers\">Il programma prevede lo scambio di personale da una PMI in un paese dell&#8217;UE, a un&#8217;altra PMI in un altro paese dell&#8217;UE.<\/p>\n<p>[\/vc_column_text][vc_column_text]<\/p>\n<p class=\"number\">2<\/p>\n<p class=\"text-numbers\">Il programma consente l&#8217;utilizzo di tale schema per potenziare le collaborazioni gi\u00e0 in atto.<\/p>\n<p>[\/vc_column_text][vc_column_text]<\/p>\n<p class=\"number\">3<\/p>\n<p class=\"text-numbers\">Non ci sono scadenze per partecipare. Il programma MobiliseSME funziona su base continuativa.<\/p>\n<p>[\/vc_column_text][\/vc_column_inner][vc_column_inner width=&#8221;1\/2&#8243;][vc_column_text]<\/p>\n<p class=\"number\">4<\/p>\n<p class=\"text-numbers\">Il programma MobiliseSME consiste in uno scambio temporaneo, per un periodo da un minimo di 1 mese a un massimo di 6 mesi.<\/p>\n<p>[\/vc_column_text][vc_column_text]<\/p>\n<p class=\"number\">5<\/p>\n<p class=\"text-numbers\">Il personale rimane impiegato dalla Societ\u00e0 di invio durante il periodo del distacco. Il datore di lavoro mittente paga ancora il suo stipendio e le spese sostenute.<\/p>\n<p>[\/vc_column_text][\/vc_column_inner][\/vc_row_inner][vc_row_inner][vc_column_inner css=&#8221;.vc_custom_1602685657320{padding-left: 0px !important;}&#8221;][vc_column_text]Inoltre, il programma MobiliseSME fornisce ulteriori attivit\u00e0 e supporto alle aziende. Sono previsti servizi di:<\/p>\n<p>[\/vc_column_text][\/vc_column_inner][\/vc_row_inner][vc_row_inner el_class=&#8221;checks align&#8221;][vc_column_inner width=&#8221;1\/2&#8243;][vc_column_text]<img class=\"check\" src=\"https:\/\/mobilise-sme.eu\/wp-content\/uploads\/2020\/10\/check.png\" \/><\/p>\n<p class=\"text-numbers\"><strong>Informazione sulla loro partecipazione a un programma di internazionalizzazione.<\/strong> Contribuisce alla sensibilizzazione sull&#8217;importanza, tra l&#8217;altro, della formazione e dell&#8217;internazionalizzazione delle aziende.<\/p>\n<p>[\/vc_column_text][vc_column_text]<img class=\"check\" src=\"https:\/\/mobilise-sme.eu\/wp-content\/uploads\/2020\/10\/check.png\" \/><\/p>\n<p class=\"text-numbers\"><strong>Fornisce gli strumenti disponibili per stabilire scambi e contatti con altre realt\u00e0 simili, a livello dell&#8217;UE<\/strong>. Principalmente attraverso l&#8217;accesso alla piattaforma Matchmaking e alle reti dei punti informativi locali.<\/p>\n<p>[\/vc_column_text][vc_column_text]<img class=\"check\" src=\"https:\/\/mobilise-sme.eu\/wp-content\/uploads\/2020\/10\/check.png\" \/><\/p>\n<p class=\"text-numbers\"><strong>Analisi del profilo e delle esigenze dei partecipanti.<\/strong><\/p>\n<p>&nbsp;<\/p>\n<p>[\/vc_column_text][vc_column_text]<img class=\"check\" src=\"https:\/\/mobilise-sme.eu\/wp-content\/uploads\/2020\/10\/check.png\" \/><\/p>\n<p class=\"text-numbers\"><strong>Servizi di matchmaking.<\/strong> I punti di informazione locali sono fondamentali per trovare una controparte PMI con cui concordare una trasferta.<\/p>\n<p>[\/vc_column_text][vc_column_text]<img class=\"check\" src=\"https:\/\/mobilise-sme.eu\/wp-content\/uploads\/2020\/10\/check.png\" \/><\/p>\n<p class=\"text-numbers\"><strong>Guida e revisione del MobiliseSME Learning Project.<\/strong> Il Mobilize SME Learning Project \u00e8 il principale documento di lavoro. I punti di informazione locali in ogni paese ti assisteranno nella redazione di un Learning Project in base alle tue esigenze.<\/p>\n<p>[\/vc_column_text][\/vc_column_inner][vc_column_inner width=&#8221;1\/2&#8243;][vc_column_text]<img class=\"check\" src=\"https:\/\/mobilise-sme.eu\/wp-content\/uploads\/2020\/10\/check.png\" \/><\/p>\n<p class=\"text-numbers\"><strong>Servizi di formazione prima della partenza.<\/strong> Informazioni utili e formazione saranno fornite dalle organizzazioni partner prima della partenza. Questo copre una vasta gamma di argomenti come le questioni relative alle imprese nei paesi dell&#8217;UE e informazioni pratiche sul soggiorno all&#8217;estero.<\/p>\n<p>[\/vc_column_text][vc_column_text]<img class=\"check\" src=\"https:\/\/mobilise-sme.eu\/wp-content\/uploads\/2020\/10\/check.png\" \/><\/p>\n<p class=\"text-numbers\"><strong>Valutazione continua degli obiettivi di apprendimento.<\/strong> Il programma Mobilize SME osserva lo scambio su base continuativa.<\/p>\n<p>[\/vc_column_text][vc_column_text]<img class=\"check\" src=\"https:\/\/mobilise-sme.eu\/wp-content\/uploads\/2020\/10\/check.png\" \/><\/p>\n<p class=\"text-numbers\"><strong>Raccomandazioni per ulteriore sviluppo e guida.<\/strong> Il programma MobiliseSME fornir\u00e0 raccomandazioni e orientamenti su formazione, innovazione, internazionalizzazione e mobilit\u00e0.<\/p>\n<p>[\/vc_column_text][\/vc_column_inner][\/vc_row_inner][vc_row_inner][vc_column_inner css=&#8221;.vc_custom_1602685657320{padding-left: 0px !important;}&#8221;][vc_column_text]Per ulteriori dettagli, puoi controllare su <strong><a href=\"https:\/\/mobilise-sme.eu\/it\/chi-puo-partecipare\/\">Chi pu\u00f2 partecipare<\/a>, <a href=\"https:\/\/mobilise-sme.eu\/it\/come-partecipare\/\">Come partecipare<\/a><\/strong> o i diversi Punti di informazione locali nell&#8217;UE.[\/vc_column_text][\/vc_column_inner][\/vc_row_inner][\/vc_column][\/vc_row]<\/p>\n","protected":false},"excerpt":{"rendered":"<p>[vc_row el_class=&#8221;espaciado&#8221;][vc_column css=&#8221;.vc_custom_1602685030902{padding-top: 20px !important;}&#8221;][vc_column_text css=&#8221;.vc_custom_1607951141542{margin-bottom: 5px !important;}&#8221;] Informazioni su MobiliseSME [\/vc_column_text][vc_separator color=&#8221;custom&#8221; border_width=&#8221;2&#8243; el_width=&#8221;20&#8243; accent_color=&#8221;#0d5387&#8243;][vc_column_text]MobiliseSME \u00e8 un programma avviato dall&#8217;UE (EURES, EASI). Ha lo scopo di aiutare a sviluppare le abilit\u00e0 e le capacit\u00e0 del personale delle aziende (dipendenti, manager e proprietari o comproprietari) sostenendo trasferte transfrontaliere a breve termine. Basandosi sullo schema pilota di successo &#8220;MobiliseSME&#8221; implementato tra il 2015 e il 2017, questo programma mira a sostenere le persone gi\u00e0 occupate che desiderano sperimentare la mobilit\u00e0 transfrontaliera in un&#8217;altra azienda per un periodo di tempo limitato, mantenendo il legame contrattuale con il loro datore di lavoro. Caratteristiche [&hellip;]<\/p>\n","protected":false},"author":1,"featured_media":0,"parent":0,"menu_order":0,"comment_status":"closed","ping_status":"closed","template":"","meta":[],"yoast_head":"<!-- This site is optimized with the Yoast SEO plugin v15.4 - https:\/\/yoast.com\/wordpress\/plugins\/seo\/ -->\n<title>Informazioni su MobiliseSME - Mobilsesme<\/title>\n<meta name=\"robots\" content=\"index, follow, max-snippet:-1, max-image-preview:large, max-video-preview:-1\" \/>\n<link rel=\"canonical\" href=\"https:\/\/mobilise-sme.eu\/it\/informazioni-su-mobilisesme\/\" \/>\n<meta property=\"og:locale\" content=\"it_IT\" \/>\n<meta property=\"og:type\" content=\"article\" \/>\n<meta property=\"og:title\" content=\"Informazioni su MobiliseSME - Mobilsesme\" \/>\n<meta property=\"og:description\" content=\"[vc_row el_class=&#8221;espaciado&#8221;][vc_column css=&#8221;.vc_custom_1602685030902{padding-top: 20px !important;}&#8221;][vc_column_text css=&#8221;.vc_custom_1607951141542{margin-bottom: 5px !important;}&#8221;] Informazioni su MobiliseSME [\/vc_column_text][vc_separator color=&#8221;custom&#8221; border_width=&#8221;2&#8243; el_width=&#8221;20&#8243; accent_color=&#8221;#0d5387&#8243;][vc_column_text]MobiliseSME \u00e8 un programma avviato dall&#8217;UE (EURES, EASI). Ha lo scopo di aiutare a sviluppare le abilit\u00e0 e le capacit\u00e0 del personale delle aziende (dipendenti, manager e proprietari o comproprietari) sostenendo trasferte transfrontaliere a breve termine. Basandosi sullo schema pilota di successo &#8220;MobiliseSME&#8221; implementato tra il 2015 e il 2017, questo programma mira a sostenere le persone gi\u00e0 occupate che desiderano sperimentare la mobilit\u00e0 transfrontaliera in un&#8217;altra azienda per un periodo di tempo limitato, mantenendo il legame contrattuale con il loro datore di lavoro. Caratteristiche [&hellip;]\" \/>\n<meta property=\"og:url\" content=\"https:\/\/mobilise-sme.eu\/it\/informazioni-su-mobilisesme\/\" \/>\n<meta property=\"og:site_name\" content=\"Mobilsesme\" \/>\n<meta property=\"article:modified_time\" content=\"2022-03-17T15:25:15+00:00\" \/>\n<meta property=\"og:image\" content=\"https:\/\/mobilise-sme.eu\/wp-content\/uploads\/2020\/10\/check.png\" \/>\n<meta name=\"twitter:card\" content=\"summary_large_image\" \/>\n<meta name=\"twitter:label1\" content=\"Scritto da\">\n\t<meta name=\"twitter:data1\" content=\"sumaysube\">\n\t<meta name=\"twitter:label2\" content=\"Tempo di lettura stimato\">\n\t<meta name=\"twitter:data2\" content=\"3 minuti\">\n<script type=\"application\/ld+json\" class=\"yoast-schema-graph\">{\"@context\":\"https:\/\/schema.org\",\"@graph\":[{\"@type\":\"WebSite\",\"@id\":\"https:\/\/mobilise-sme.eu\/#website\",\"url\":\"https:\/\/mobilise-sme.eu\/\",\"name\":\"Mobilsesme\",\"description\":\"Otro sitio realizado con WordPress\",\"potentialAction\":[{\"@type\":\"SearchAction\",\"target\":\"https:\/\/mobilise-sme.eu\/?s={search_term_string}\",\"query-input\":\"required name=search_term_string\"}],\"inLanguage\":\"it-IT\"},{\"@type\":\"ImageObject\",\"@id\":\"https:\/\/mobilise-sme.eu\/it\/informazioni-su-mobilisesme\/#primaryimage\",\"inLanguage\":\"it-IT\",\"url\":\"https:\/\/mobilise-sme.eu\/wp-content\/uploads\/2020\/10\/check.png\",\"width\":100,\"height\":100},{\"@type\":\"WebPage\",\"@id\":\"https:\/\/mobilise-sme.eu\/it\/informazioni-su-mobilisesme\/#webpage\",\"url\":\"https:\/\/mobilise-sme.eu\/it\/informazioni-su-mobilisesme\/\",\"name\":\"Informazioni su MobiliseSME - Mobilsesme\",\"isPartOf\":{\"@id\":\"https:\/\/mobilise-sme.eu\/#website\"},\"primaryImageOfPage\":{\"@id\":\"https:\/\/mobilise-sme.eu\/it\/informazioni-su-mobilisesme\/#primaryimage\"},\"datePublished\":\"2021-01-11T12:52:36+00:00\",\"dateModified\":\"2022-03-17T15:25:15+00:00\",\"inLanguage\":\"it-IT\",\"potentialAction\":[{\"@type\":\"ReadAction\",\"target\":[\"https:\/\/mobilise-sme.eu\/it\/informazioni-su-mobilisesme\/\"]}]}]}<\/script>\n<!-- \/ Yoast SEO plugin. -->","_links":{"self":[{"href":"https:\/\/mobilise-sme.eu\/it\/wp-json\/wp\/v2\/pages\/1296\/"}],"collection":[{"href":"https:\/\/mobilise-sme.eu\/it\/wp-json\/wp\/v2\/pages\/"}],"about":[{"href":"https:\/\/mobilise-sme.eu\/it\/wp-json\/wp\/v2\/types\/page\/"}],"author":[{"embeddable":true,"href":"https:\/\/mobilise-sme.eu\/it\/wp-json\/wp\/v2\/users\/1\/"}],"replies":[{"embeddable":true,"href":"https:\/\/mobilise-sme.eu\/it\/wp-json\/wp\/v2\/comments\/?post=1296"}],"version-history":[{"count":9,"href":"https:\/\/mobilise-sme.eu\/it\/wp-json\/wp\/v2\/pages\/1296\/revisions\/"}],"predecessor-version":[{"id":3957,"href":"https:\/\/mobilise-sme.eu\/it\/wp-json\/wp\/v2\/pages\/1296\/revisions\/3957\/"}],"wp:attachment":[{"href":"https:\/\/mobilise-sme.eu\/it\/wp-json\/wp\/v2\/media\/?parent=1296"}],"curies":[{"name":"wp","href":"https:\/\/api.w.org\/{rel}","templated":true}]}}