{"id":1305,"date":"2021-01-11T12:54:36","date_gmt":"2021-01-11T12:54:36","guid":{"rendered":"https:\/\/mobilise-sme.eu\/home\/"},"modified":"2022-07-06T08:24:50","modified_gmt":"2022-07-06T06:24:50","slug":"home","status":"publish","type":"page","link":"https:\/\/mobilise-sme.eu\/it\/","title":{"rendered":"Home"},"content":{"rendered":"<p>[vc_row css=&#8221;.vc_custom_1608032447507{padding-top: 200px !important;padding-bottom: 200px !important;background-image: url(https:\/\/mobilise-sme.eu\/wp-content\/uploads\/2020\/11\/portada.png?id=430) !important;background-position: center !important;background-repeat: no-repeat !important;background-size: cover !important;}&#8221; el_class=&#8221;bloque1&#8243;][vc_column width=&#8221;2\/5&#8243; css=&#8221;.vc_custom_1645599872243{padding-top: 20px !important;padding-right: 20px !important;padding-bottom: 15px !important;padding-left: 20px !important;background-color: rgba(0,74,135,0.9) !important;*background-color: rgb(0,74,135) !important;}&#8221; el_class=&#8221;bloque_azul&#8221;][vc_column_text css=&#8221;.vc_custom_1657020460698{margin-bottom: 15px !important;}&#8221;]<\/p>\n<p class=\"titulo\">MobiliseSME<\/p>\n<p class=\"text\" style=\"margin-bottom: 7px;\">MobiliseSME \u00e8 un programma avviato dall&#8217;UE (EURES, EASI). Ha lo scopo di <strong>aiutare a sviluppare le abilit\u00e0 e le capacit\u00e0 del personale delle aziende<\/strong> (dipendenti, manager e proprietari o comproprietari) sostenendo trasferte transfrontaliere a breve termine.<\/p>\n<p class=\"text\">Basandosi sul programma pilota di successo &#8220;<a href=\"https:\/\/www.european-entrepreneurs.org\/projects\/mobilisesme\/\">MobiliseSME\u201d (VS\/2015\/0354)<\/a>\u00a0attuato tra il 2015 e il 2017 da European Entrepreneurs CEA-PME, questo programma mira a sostenere le persone gi\u00e0 occupate e che desiderano sperimentare la mobilit\u00e0 transfrontaliera in un&#8217;altra azienda per un periodo di tempo limitato, pur mantenendo il legame contrattuale con il proprio datore di lavoro.<\/p>\n<p>[\/vc_column_text][vc_btn title=&#8221;Ulteriori informazioni&#8221; shape=&#8221;round&#8221; color=&#8221;white&#8221; align=&#8221;left&#8221; link=&#8221;url:https%3A%2F%2Fmobilise-sme.eu%2Fit%2Finformazioni-su-mobilisesme%2F|title:Ulteriori%20informazioni|&#8221; el_class=&#8221;boton-blanco boton-home1&#8243;][vc_column_text el_class=&#8221;boton-home2&#8243;]<\/p>\n<p class=\"homebutton\" style=\"text-align: center;\"><a href=\"https:\/\/mobilise-sme.eu\/wp-content\/uploads\/2022\/03\/IT_MobiliseSME_Guide-for-participants.pdf\" target=\"_blank\" rel=\"noopener noreferrer\"><img src=\"https:\/\/mobilise-sme.eu\/wp-content\/uploads\/2020\/11\/Rectangle-42.png\" alt=\"icono documento\" \/> Guida MobiliseSME<\/a><\/p>\n<p>[\/vc_column_text][\/vc_column][vc_column width=&#8221;3\/5&#8243;][\/vc_column][\/vc_row][vc_row content_placement=&#8221;middle&#8221; css=&#8221;.vc_custom_1602673164695{padding-top: 20px !important;padding-bottom: 20px !important;background-color: #efca34 !important;}&#8221; el_class=&#8221;bloque2&#8243;][vc_column][vc_column_text css=&#8221;.vc_custom_1602673371394{margin-bottom: 5px !important;}&#8221;]<\/p>\n<p class=\"titulo\" style=\"text-align: center;\">Chi pu\u00f2 partecipare?<\/p>\n<p>[\/vc_column_text][vc_separator color=&#8221;white&#8221; border_width=&#8221;2&#8243; el_width=&#8221;10&#8243; css=&#8221;.vc_custom_1602673333400{margin-top: 0px !important;margin-bottom: 0px !important;}&#8221;][vc_row_inner][vc_column_inner width=&#8221;1\/2&#8243;][vc_single_image image=&#8221;438&#8243; img_size=&#8221;full&#8221; alignment=&#8221;center&#8221; css=&#8221;.vc_custom_1604398623363{margin-bottom: 10px !important;}&#8221;][vc_column_text el_class=&#8221;texto-home&#8221;]<\/p>\n<p style=\"text-align: center;\"><strong>Candidati (PMI)<\/strong><\/p>\n<p style=\"text-align: center;\">I candidati sono <strong>piccole e medie imprese (PMI)<\/strong>. Possono iscriversi al programma registrandosi nella piattaforma di matchmaking o contattando uno dei punti di informazione locali che rappresentano il programma nei propri territori.<\/p>\n<p>[\/vc_column_text][vc_btn title=&#8221;Ulteriori informazioni&#8221; shape=&#8221;round&#8221; color=&#8221;white&#8221; align=&#8221;center&#8221; link=&#8221;url:https%3A%2F%2Fmobilise-sme.eu%2Fit%2Fchi-puo-partecipare%2F|title:Ulteriori%20informazioni|&#8221; el_class=&#8221;boton-blanco boton-desk&#8221;][\/vc_column_inner][vc_column_inner width=&#8221;1\/2&#8243;][vc_single_image image=&#8221;443&#8243; img_size=&#8221;full&#8221; alignment=&#8221;center&#8221; css=&#8221;.vc_custom_1604398630351{margin-bottom: 10px !important;}&#8221;][vc_column_text el_class=&#8221;texto-home&#8221;]<\/p>\n<p style=\"text-align: center;\"><strong>Partecipanti (dipendenti, manager e comproprietari)<\/strong><\/p>\n<p style=\"text-align: center;\">I partecipanti sono il personale appartenente ai richiedenti (PMI). Partecipano al programma MobiliseSME. Il termine partecipante comprende personale\/dipendenti, dirigenti e proprietari o comproprietari di PMI.<\/p>\n<p>[\/vc_column_text][vc_btn title=&#8221;Ulteriori informazioni&#8221; shape=&#8221;round&#8221; color=&#8221;white&#8221; align=&#8221;center&#8221; link=&#8221;url:https%3A%2F%2Fmobilise-sme.eu%2Fit%2Fchi-puo-partecipare%2F|title:Ulteriori%20informazioni|&#8221; el_class=&#8221;boton-blanco boton-desk&#8221;][\/vc_column_inner][vc_column_inner el_class=&#8221;boton-resp&#8221;][vc_btn title=&#8221;Ulteriori informazioni&#8221; shape=&#8221;round&#8221; color=&#8221;white&#8221; align=&#8221;center&#8221; link=&#8221;url:https%3A%2F%2Fmobilise-sme.eu%2Fit%2Fcome-partecipare%2F|title:Ulteriori%20informazioni|&#8221; el_class=&#8221;boton-blanco&#8221;][\/vc_column_inner][\/vc_row_inner][\/vc_column][\/vc_row][vc_row content_placement=&#8221;middle&#8221; css=&#8221;.vc_custom_1602674082740{padding-top: 20px !important;padding-bottom: 20px !important;}&#8221; el_class=&#8221;bloque3&#8243;][vc_column][vc_column_text css=&#8221;.vc_custom_1602674037059{margin-bottom: 5px !important;}&#8221;]<\/p>\n<p class=\"titulo\" style=\"text-align: center;\">Come partecipare?<\/p>\n<p>[\/vc_column_text][vc_separator color=&#8221;custom&#8221; border_width=&#8221;2&#8243; el_width=&#8221;10&#8243; css=&#8221;.vc_custom_1602674075761{margin-top: 0px !important;margin-bottom: 0px !important;}&#8221; accent_color=&#8221;#0d5387&#8243;][vc_row_inner css=&#8221;.vc_custom_1602762299583{padding-top: 30px !important;}&#8221;][vc_column_inner width=&#8221;1\/4&#8243;][vc_column_text]<\/p>\n<div class=\"number-block\">\n<p class=\"number\" style=\"text-align: center;\"><strong>1<\/strong><\/p>\n<\/div>\n<p class=\"text\" style=\"text-align: center;\">Contatta il tuo punto di informazione locale.<\/p>\n<p>[\/vc_column_text][\/vc_column_inner][vc_column_inner width=&#8221;1\/4&#8243;][vc_column_text]<\/p>\n<div class=\"number-block\">\n<p class=\"number\" style=\"text-align: center;\"><strong>2<\/strong><\/p>\n<\/div>\n<p class=\"text\" style=\"text-align: center;\">Registrati nella piattaforma Matchmaking e trova un partner commerciale.<\/p>\n<p>[\/vc_column_text][\/vc_column_inner][vc_column_inner width=&#8221;1\/4&#8243;][vc_column_text]<\/p>\n<div class=\"number-block\">\n<p class=\"number\" style=\"text-align: center;\"><strong>3<\/strong><\/p>\n<\/div>\n<p class=\"text\" style=\"text-align: center;\">Lavora sul documento di apprendimento MobiliseSME.<\/p>\n<p>[\/vc_column_text][\/vc_column_inner][vc_column_inner width=&#8221;1\/4&#8243;][vc_column_text]<\/p>\n<div class=\"number-block\">\n<p class=\"number\" style=\"text-align: center;\"><strong>4<\/strong><\/p>\n<\/div>\n<p class=\"text\" style=\"text-align: center;\">Pronti a partire!<\/p>\n<p>[\/vc_column_text][\/vc_column_inner][\/vc_row_inner][vc_row_inner el_class=&#8221;boton&#8221;][vc_column_inner][vc_btn title=&#8221;Ulteriori informazioni&#8221; shape=&#8221;round&#8221; color=&#8221;blue&#8221; align=&#8221;center&#8221; link=&#8221;url:https%3A%2F%2Fmobilise-sme.eu%2Fit%2Fcome-partecipare%2F|title:Ulteriori%20informazioni|&#8221;][\/vc_column_inner][\/vc_row_inner][\/vc_column][\/vc_row][vc_row content_placement=&#8221;middle&#8221; css=&#8221;.vc_custom_1602675566973{padding-top: 20px !important;padding-right: 0px !important;padding-bottom: 20px !important;padding-left: 0px !important;}&#8221; el_class=&#8221;bloque4&#8243;][vc_column][vc_row_inner el_class=&#8221;bloque4&#8243;][vc_column_inner el_class=&#8221;bloque-flecha&#8221; width=&#8221;1\/2&#8243; css=&#8221;.vc_custom_1639665534305{padding-top: 57.5px !important;padding-bottom: 57.5px !important;background-color: #efca34 !important;}&#8221;][vc_column_text]<\/p>\n<p class=\"flecha\"><a href=\"https:\/\/mobilise-sme.eu\/it\/sostegno-finanziario\/\">Sostegno finanziario<img src=\"https:\/\/mobilise-sme.eu\/wp-content\/uploads\/2020\/11\/flecha.png\" alt=\"Sostegno finanziario\" \/><\/a><\/p>\n<p>[\/vc_column_text][\/vc_column_inner][vc_column_inner el_class=&#8221;bloque-flecha&#8221; width=&#8221;1\/2&#8243; css=&#8221;.vc_custom_1606894844356{padding-top: 65px !important;padding-bottom: 50px !important;background-color: #0d5387 !important;}&#8221;][vc_column_text]<\/p>\n<p class=\"flecha\"><a href=\"https:\/\/mobilise-sme.eu\/it\/punti-di-contatto-locali\/\">Punti di contatto locali<img src=\"https:\/\/mobilise-sme.eu\/wp-content\/uploads\/2020\/11\/flecha.png\" alt=\"Punti di contatto locali\" \/><\/a><\/p>\n<p>[\/vc_column_text][\/vc_column_inner][\/vc_row_inner][\/vc_column][\/vc_row][vc_row content_placement=&#8221;middle&#8221; css=&#8221;.vc_custom_1606896014959{padding-top: 20px !important;padding-bottom: 0px !important;}&#8221; el_class=&#8221;bloque5&#8243;][vc_column][vc_column_text css=&#8221;.vc_custom_1602675887684{margin-bottom: 5px !important;}&#8221;]<\/p>\n<p class=\"titulo\" style=\"text-align: center;\">News<\/p>\n<p>[\/vc_column_text][vc_separator color=&#8221;custom&#8221; border_width=&#8221;2&#8243; el_width=&#8221;10&#8243; css=&#8221;.vc_custom_1602674075761{margin-top: 0px !important;margin-bottom: 0px !important;}&#8221; accent_color=&#8221;#0d5387&#8243;][vc_row_inner css=&#8221;.vc_custom_1639993411232{padding-top: 30px !important;padding-right: 0px !important;padding-left: 0px !important;}&#8221;][vc_column_inner css=&#8221;.vc_custom_1606289082552{padding-right: 0px !important;padding-left: 0px !important;}&#8221;][vc_raw_html]JTVCc3Bfd3BjYXJvdXNlbCUyMGlkJTNEJTIyMzIyMyUyMiU1RA==[\/vc_raw_html][\/vc_column_inner][\/vc_row_inner][\/vc_column][\/vc_row][vc_row css=&#8221;.vc_custom_1608032515955{padding-top: 100px !important;padding-bottom: 100px !important;background-image: url(https:\/\/mobilise-sme.eu\/wp-content\/uploads\/2020\/11\/Rectangle-11.png?id=504) !important;background-position: center !important;background-repeat: no-repeat !important;background-size: cover !important;}&#8221; el_class=&#8221;bloque6&#8243;][vc_column width=&#8221;2\/5&#8243; css=&#8221;.vc_custom_1606895071608{padding-top: 30px !important;padding-right: 20px !important;padding-bottom: 20px !important;padding-left: 20px !important;background-color: rgba(239,202,52,0.9) !important;*background-color: rgb(239,202,52) !important;}&#8221;][vc_column_text]<\/p>\n<p class=\"titulo\">Benvenuto nella piattaforma di matchmaking MobiliseSME<\/p>\n<p class=\"text\">Se sei un nuovo candidato che desidera registrare una nuova PMI o impresa, fai clic su &#8220;Avvia candidatura&#8221;. Se sei gi\u00e0 registrato, clicca su &#8220;Accedi&#8221;.<\/p>\n<p class=\"text\">Fare clic su \u201cGuida alla registrazione MobiliseSME \u201d per una guida passo passo su come registrarsi sulla piattaforma.<\/p>\n<p class=\"text\">\u00c8 inoltre possibile fare clic su &#8220;Guida MobiliseSME&#8221; per conoscere maggiori dettagli su come partecipare al programma. Di seguito le informazioni sui requisiti per i partecipanti.<\/p>\n<p>[\/vc_column_text][vc_btn title=&#8221;Ulteriori informazioni&#8221; shape=&#8221;round&#8221; color=&#8221;white&#8221; align=&#8221;left&#8221; link=&#8221;url:https%3A%2F%2Fmobilise-sme.eu%2Fit%2Fpiattaforma-di-matchmaking%2F|title:Ulteriori%20informazioni|&#8221; css=&#8221;.vc_custom_1607952988802{margin-bottom: 0px !important;}&#8221;][\/vc_column][vc_column width=&#8221;3\/5&#8243;][\/vc_column][\/vc_row]<\/p>\n","protected":false},"excerpt":{"rendered":"<p>[vc_row css=&#8221;.vc_custom_1608032447507{padding-top: 200px !important;padding-bottom: 200px !important;background-image: url(https:\/\/mobilise-sme.eu\/wp-content\/uploads\/2020\/11\/portada.png?id=430) !important;background-position: center !important;background-repeat: no-repeat !important;background-size: cover !important;}&#8221; el_class=&#8221;bloque1&#8243;][vc_column width=&#8221;2\/5&#8243; css=&#8221;.vc_custom_1645599872243{padding-top: 20px !important;padding-right: 20px !important;padding-bottom: 15px !important;padding-left: 20px !important;background-color: rgba(0,74,135,0.9) !important;*background-color: rgb(0,74,135) !important;}&#8221; el_class=&#8221;bloque_azul&#8221;][vc_column_text css=&#8221;.vc_custom_1657020460698{margin-bottom: 15px !important;}&#8221;] MobiliseSME MobiliseSME \u00e8 un programma avviato dall&#8217;UE (EURES, EASI). Ha lo scopo di aiutare a sviluppare le abilit\u00e0 e le capacit\u00e0 del personale delle aziende (dipendenti, manager e proprietari o comproprietari) sostenendo trasferte transfrontaliere a breve termine. Basandosi sul programma pilota di successo &#8220;MobiliseSME\u201d (VS\/2015\/0354)\u00a0attuato tra il 2015 e il 2017 da European Entrepreneurs CEA-PME, questo programma mira a sostenere le persone gi\u00e0 occupate e che desiderano [&hellip;]<\/p>\n","protected":false},"author":1,"featured_media":0,"parent":0,"menu_order":0,"comment_status":"closed","ping_status":"closed","template":"","meta":[],"yoast_head":"<!-- This site is optimized with the Yoast SEO plugin v15.4 - https:\/\/yoast.com\/wordpress\/plugins\/seo\/ -->\n<title>Home - Mobilsesme<\/title>\n<meta name=\"description\" content=\"Mobilsesme\" \/>\n<meta name=\"robots\" content=\"index, follow, max-snippet:-1, max-image-preview:large, max-video-preview:-1\" \/>\n<link rel=\"canonical\" href=\"https:\/\/mobilise-sme.eu\/it\/\" \/>\n<meta property=\"og:locale\" content=\"it_IT\" \/>\n<meta property=\"og:type\" content=\"article\" \/>\n<meta property=\"og:title\" content=\"Home - Mobilsesme\" \/>\n<meta property=\"og:description\" content=\"Mobilsesme\" \/>\n<meta property=\"og:url\" content=\"https:\/\/mobilise-sme.eu\/it\/\" \/>\n<meta property=\"og:site_name\" content=\"Mobilsesme\" \/>\n<meta property=\"article:modified_time\" content=\"2022-07-06T06:24:50+00:00\" \/>\n<meta property=\"og:image\" content=\"https:\/\/mobilise-sme.eu\/wp-content\/uploads\/2020\/10\/logo_mobilisesme.png\" \/>\n\t<meta property=\"og:image:width\" content=\"11138\" \/>\n\t<meta property=\"og:image:height\" content=\"2117\" \/>\n<meta name=\"twitter:card\" content=\"summary_large_image\" \/>\n<meta name=\"twitter:image\" content=\"https:\/\/mobilise-sme.eu\/wp-content\/uploads\/2020\/10\/logo_mobilisesme.png\" \/>\n<meta name=\"twitter:label1\" content=\"Scritto da\">\n\t<meta name=\"twitter:data1\" content=\"sumaysube\">\n\t<meta name=\"twitter:label2\" content=\"Tempo di lettura stimato\">\n\t<meta name=\"twitter:data2\" content=\"4 minuti\">\n<script type=\"application\/ld+json\" class=\"yoast-schema-graph\">{\"@context\":\"https:\/\/schema.org\",\"@graph\":[{\"@type\":\"WebSite\",\"@id\":\"https:\/\/mobilise-sme.eu\/#website\",\"url\":\"https:\/\/mobilise-sme.eu\/\",\"name\":\"Mobilsesme\",\"description\":\"Otro sitio realizado con WordPress\",\"potentialAction\":[{\"@type\":\"SearchAction\",\"target\":\"https:\/\/mobilise-sme.eu\/?s={search_term_string}\",\"query-input\":\"required name=search_term_string\"}],\"inLanguage\":\"it-IT\"},{\"@type\":\"ImageObject\",\"@id\":\"https:\/\/mobilise-sme.eu\/it\/#primaryimage\",\"inLanguage\":\"it-IT\",\"url\":\"https:\/\/mobilise-sme.eu\/wp-content\/uploads\/2020\/11\/Rectangle-42.png\",\"width\":22,\"height\":23},{\"@type\":\"WebPage\",\"@id\":\"https:\/\/mobilise-sme.eu\/it\/#webpage\",\"url\":\"https:\/\/mobilise-sme.eu\/it\/\",\"name\":\"Home - Mobilsesme\",\"isPartOf\":{\"@id\":\"https:\/\/mobilise-sme.eu\/#website\"},\"primaryImageOfPage\":{\"@id\":\"https:\/\/mobilise-sme.eu\/it\/#primaryimage\"},\"datePublished\":\"2021-01-11T12:54:36+00:00\",\"dateModified\":\"2022-07-06T06:24:50+00:00\",\"description\":\"Mobilsesme\",\"inLanguage\":\"it-IT\",\"potentialAction\":[{\"@type\":\"ReadAction\",\"target\":[\"https:\/\/mobilise-sme.eu\/it\/\"]}]}]}<\/script>\n<!-- \/ Yoast SEO plugin. -->","_links":{"self":[{"href":"https:\/\/mobilise-sme.eu\/it\/wp-json\/wp\/v2\/pages\/1305\/"}],"collection":[{"href":"https:\/\/mobilise-sme.eu\/it\/wp-json\/wp\/v2\/pages\/"}],"about":[{"href":"https:\/\/mobilise-sme.eu\/it\/wp-json\/wp\/v2\/types\/page\/"}],"author":[{"embeddable":true,"href":"https:\/\/mobilise-sme.eu\/it\/wp-json\/wp\/v2\/users\/1\/"}],"replies":[{"embeddable":true,"href":"https:\/\/mobilise-sme.eu\/it\/wp-json\/wp\/v2\/comments\/?post=1305"}],"version-history":[{"count":19,"href":"https:\/\/mobilise-sme.eu\/it\/wp-json\/wp\/v2\/pages\/1305\/revisions\/"}],"predecessor-version":[{"id":4164,"href":"https:\/\/mobilise-sme.eu\/it\/wp-json\/wp\/v2\/pages\/1305\/revisions\/4164\/"}],"wp:attachment":[{"href":"https:\/\/mobilise-sme.eu\/it\/wp-json\/wp\/v2\/media\/?parent=1305"}],"curies":[{"name":"wp","href":"https:\/\/api.w.org\/{rel}","templated":true}]}}