{"id":1542,"date":"2021-01-14T16:01:58","date_gmt":"2021-01-14T16:01:58","guid":{"rendered":"https:\/\/mobilise-sme.eu\/o-programe-mobilisesme\/"},"modified":"2021-12-20T11:11:25","modified_gmt":"2021-12-20T10:11:25","slug":"o-programe-mobilisesme","status":"publish","type":"page","link":"https:\/\/mobilise-sme.eu\/sk\/o-programe-mobilisesme\/","title":{"rendered":"O programe MobiliseSME"},"content":{"rendered":"<p>[vc_row el_class=&#8220;espaciado&#8220;][vc_column css=&#8220;.vc_custom_1602685030902{padding-top: 20px !important;}&#8220;][vc_column_text css=&#8220;.vc_custom_1607951141542{margin-bottom: 5px !important;}&#8220;]<\/p>\n<p class=\"titulo-blue\" style=\"text-align: center;\">O programe MobiliseSME<\/p>\n<p>[\/vc_column_text][vc_separator color=&#8220;custom&#8220; border_width=&#8220;2&#8243; el_width=&#8220;20&#8243; accent_color=&#8220;#0d5387&#8243;][vc_column_text]MobiliseSME je program Eur\u00f3pskej \u00fanie (EURES, EASI). Jeho cie\u013eom je <strong>pom\u00e1ha\u0165 rozv\u00edja\u0165 zru\u010dnost\u00ed a schopnosti pracovn\u00edkov spolo\u010dnost\u00ed<\/strong> (zamestnancov, mana\u017e\u00e9rov a majite\u013eov alebo spolumajite\u013eov) prostredn\u00edctvom kr\u00e1tkodob\u00fdch cezhrani\u010dn\u00fdch v\u00fdmenn\u00fdch pobytov.<\/p>\n<p>V nadv\u00e4znosti na \u00faspe\u0161n\u00fa pilotn\u00fa sch\u00e9mu \u201eMobiliseSME\u201c zrealizovan\u00fa v rokoch 2015 a\u017e 2017, je tento program zameran\u00fd na podporu \u013eud\u00ed, ktor\u00ed s\u00fa zamestnan\u00ed a chc\u00fa si na ist\u00fd \u010das vysk\u00fa\u0161a\u0165 <strong>cezhrani\u010dn\u00fa mobilitu<\/strong> v inej spolo\u010dnosti. Pracovn\u00fd pomer so zamestn\u00e1vate\u013eom ostane pritom zachovan\u00fd.<\/p>\n<p>Hlavn\u00e9 \u010drty programu MobiliseSME:<\/p>\n<p>[\/vc_column_text][vc_row_inner el_class=&#8220;numeros align&#8220;][vc_column_inner width=&#8220;1\/2&#8243;][vc_column_text]<\/p>\n<p class=\"number\">1<\/p>\n<p class=\"text-numbers\">Tento program pon\u00faka pracovn\u00edkom mal\u00e9ho alebo stredn\u00e9ho podniku (MSP) z jednej z kraj\u00edn E\u00da mo\u017enos\u0165 z\u00fa\u010dastni\u0165 sa v\u00fdmenn\u00e9ho pobytu v MSP v inej krajine E\u00da.<\/p>\n<p>[\/vc_column_text][vc_column_text]<\/p>\n<p class=\"number\">2<\/p>\n<p class=\"text-numbers\">Program m\u00f4\u017ee by\u0165 vyu\u017eit\u00fd aj na podporu u\u017e prebiehaj\u00facej spolupr\u00e1ce.<\/p>\n<p>[\/vc_column_text][vc_column_text]<\/p>\n<p class=\"number\">3<\/p>\n<p class=\"text-numbers\">V s\u00favislosti s \u00fa\u010das\u0165ou na programe nie s\u00fa stanoven\u00e9 \u017eiadne term\u00edny. Program MobiliseSME prebieha nepretr\u017eite.<\/p>\n<p>[\/vc_column_text][\/vc_column_inner][vc_column_inner width=&#8220;1\/2&#8243;][vc_column_text]<\/p>\n<p class=\"number\">4<\/p>\n<p class=\"text-numbers\">Program MobiliseSME spo\u010d\u00edva vo v\u00fdmennom pobyte v trvan\u00ed minim\u00e1lne 1 mesiac a maxim\u00e1lne 6 mesiacov.<\/p>\n<p>[\/vc_column_text][vc_column_text]<\/p>\n<p class=\"number\">5<\/p>\n<p class=\"text-numbers\">Pracovn\u00edci vysielaj\u00facej spolo\u010dnosti zost\u00e1vaj\u00fa zamestnan\u00ed aj po\u010das pobytu v zahrani\u010d\u00ed. Vysielaj\u00faci zamestn\u00e1vate\u013e na\u010falej vypl\u00e1ca zamestnancovi mzdu a pokr\u00fdva vzniknut\u00e9 v\u00fddavky.<\/p>\n<p>[\/vc_column_text][\/vc_column_inner][\/vc_row_inner][vc_row_inner][vc_column_inner css=&#8220;.vc_custom_1602685657320{padding-left: 0px !important;}&#8220;][vc_column_text]V r\u00e1mci programu MobiliseSME s\u00fa navy\u0161e spolo\u010dnostiam poskytovan\u00e9 \u010fal\u0161ie slu\u017eby a podpora, a to:<\/p>\n<p>[\/vc_column_text][\/vc_column_inner][\/vc_row_inner][vc_row_inner el_class=&#8220;checks align&#8220;][vc_column_inner width=&#8220;1\/2&#8243;][vc_column_text]<img class=\"check\" src=\"https:\/\/mobilise-sme.eu\/wp-content\/uploads\/2020\/10\/check.png\" \/><\/p>\n<p class=\"text-numbers\"><strong>Inform\u00e1cie o mo\u017enosti ich \u00fa\u010dasti na programe, ktor\u00fd podporuje internacionaliz\u00e1ciu<\/strong>. Prispieva tak k zvy\u0161ovaniu povedomia o d\u00f4le\u017eitosti odbornej pr\u00edpravy a internacionaliz\u00e1cie spolo\u010dnost\u00ed.<\/p>\n<p>[\/vc_column_text][vc_column_text]<img class=\"check\" src=\"https:\/\/mobilise-sme.eu\/wp-content\/uploads\/2020\/10\/check.png\" \/><\/p>\n<p class=\"text-numbers\"><strong>Poskytovanie dostupn\u00fdch n\u00e1strojov na nadv\u00e4zovanie spolupr\u00e1ce a kontaktov s ostatn\u00fdmi partnermi na \u00farovni E\u00da<\/strong>. V r\u00e1mci tejto slu\u017eby spolo\u010dnosti z\u00edskavaj\u00fa pr\u00edstup k sprostredkovate\u013eskej platforme a sieti lok\u00e1lnych kontaktn\u00fdch miest.<\/p>\n<p>[\/vc_column_text][vc_column_text]<img class=\"check\" src=\"https:\/\/mobilise-sme.eu\/wp-content\/uploads\/2020\/10\/check.png\" \/><\/p>\n<p class=\"text-numbers\"><strong>Anal\u00fdza profilu a potrieb \u00fa\u010dastn\u00edkov.<\/strong><\/p>\n<p>&nbsp;<\/p>\n<p>[\/vc_column_text][vc_column_text]<img class=\"check\" src=\"https:\/\/mobilise-sme.eu\/wp-content\/uploads\/2020\/10\/check.png\" \/><\/p>\n<p class=\"text-numbers\"><strong>Nadv\u00e4zovanie kontaktov s vhodn\u00fdmi obchodn\u00fdmi partnermi<\/strong>. Lok\u00e1lne kontaktn\u00e9 miesta s\u00fa rozhoduj\u00face pri h\u013eadan\u00ed partnersk\u00e9ho MSP, ktor\u00fd bude s\u00fahlasi\u0165 s v\u00fdmenn\u00fdm pobytom zamestnanca.<\/p>\n<p>[\/vc_column_text][vc_column_text]<img class=\"check\" src=\"https:\/\/mobilise-sme.eu\/wp-content\/uploads\/2020\/10\/check.png\" \/><\/p>\n<p class=\"text-numbers\"><strong>Usmernenie pri pr\u00edprave tzv. vzdel\u00e1vacieho projektu MobiliseSME a s n\u00edm s\u00favisiaca kontrola<\/strong>. Tzv. vzdel\u00e1vac\u00ed projekt MobiliseSME je hlavn\u00fdm pracovn\u00fdm dokumentom. Lok\u00e1lne kontaktn\u00e9 miesta v ka\u017edej krajine v\u00e1m pom\u00f4\u017eu s vypracovan\u00edm tohto dokumentu na z\u00e1klade va\u0161ich potrieb.<\/p>\n<p>[\/vc_column_text][\/vc_column_inner][vc_column_inner width=&#8220;1\/2&#8243;][vc_column_text]<img class=\"check\" src=\"https:\/\/mobilise-sme.eu\/wp-content\/uploads\/2020\/10\/check.png\" \/><\/p>\n<p class=\"text-numbers\"><strong>Za\u0161kolenie pred odchodom<\/strong>. Partnersk\u00e9 organiz\u00e1cie v\u00e1m pre odchodom urobia \u0161kolenie, na ktorom v\u00e1m poskytn\u00fa u\u017eito\u010dn\u00e9 inform\u00e1cie. T\u00fdka sa to \u0161irok\u00e9ho spektra t\u00e9m, ako s\u00fa obchodn\u00e9 z\u00e1le\u017eitosti v krajin\u00e1ch E\u00da a praktick\u00e9 inform\u00e1cie o pobyte v zahrani\u010d\u00ed.<\/p>\n<p>[\/vc_column_text][vc_column_text]<img class=\"check\" src=\"https:\/\/mobilise-sme.eu\/wp-content\/uploads\/2020\/10\/check.png\" \/><\/p>\n<p class=\"text-numbers\"><strong>Priebe\u017en\u00e9 hodnotenie vzdel\u00e1vac\u00edch cie\u013eov<\/strong>. V r\u00e1mci programu MobiliseSME sa z\u00e1rove\u0148 priebe\u017ene vyhodnocuje prebiehaj\u00faci pobyt.<\/p>\n<p>[\/vc_column_text][vc_column_text]<img class=\"check\" src=\"https:\/\/mobilise-sme.eu\/wp-content\/uploads\/2020\/10\/check.png\" \/><\/p>\n<p class=\"text-numbers\"><strong>Odpor\u00fa\u010dania a usmernenie oh\u013eadom \u010fal\u0161ieho rozvoja<\/strong>. V r\u00e1mci programu MobiliseSME v\u00e1m bud\u00fa poskytnut\u00e9 odpor\u00fa\u010dania a usmernenie oh\u013eadom odbornej pr\u00edpravy, inov\u00e1cie, internacionaliz\u00e1cie a mobility.<\/p>\n<p>[\/vc_column_text][\/vc_column_inner][\/vc_row_inner][vc_row_inner][vc_column_inner css=&#8220;.vc_custom_1602685657320{padding-left: 0px !important;}&#8220;][vc_column_text]Bli\u017e\u0161ie inform\u00e1cie n\u00e1jdete v \u010dasti <strong><a href=\"https:\/\/mobilise-sme.eu\/who-can-participate\/\">Kto sa m\u00f4\u017ee z\u00fa\u010dastni\u0165<\/a><\/strong>, Ako sa z\u00fa\u010dastni\u0165 alebo sa m\u00f4\u017eete obr\u00e1ti\u0165 na r\u00f4zne <a href=\"https:\/\/mobilise-sme.eu\/sk\/ako-sa-zucastnit\/\"><strong> Lok\u00e1lne kontaktn\u00e9 miesta<\/strong><\/a> v E\u00da.<\/p>\n<p>[\/vc_column_text][\/vc_column_inner][\/vc_row_inner][\/vc_column][\/vc_row]<\/p>\n","protected":false},"excerpt":{"rendered":"<p>[vc_row el_class=&#8220;espaciado&#8220;][vc_column css=&#8220;.vc_custom_1602685030902{padding-top: 20px !important;}&#8220;][vc_column_text css=&#8220;.vc_custom_1607951141542{margin-bottom: 5px !important;}&#8220;] O programe MobiliseSME [\/vc_column_text][vc_separator color=&#8220;custom&#8220; border_width=&#8220;2&#8243; el_width=&#8220;20&#8243; accent_color=&#8220;#0d5387&#8243;][vc_column_text]MobiliseSME je program Eur\u00f3pskej \u00fanie (EURES, EASI). Jeho cie\u013eom je pom\u00e1ha\u0165 rozv\u00edja\u0165 zru\u010dnost\u00ed a schopnosti pracovn\u00edkov spolo\u010dnost\u00ed (zamestnancov, mana\u017e\u00e9rov a majite\u013eov alebo spolumajite\u013eov) prostredn\u00edctvom kr\u00e1tkodob\u00fdch cezhrani\u010dn\u00fdch v\u00fdmenn\u00fdch pobytov. V nadv\u00e4znosti na \u00faspe\u0161n\u00fa pilotn\u00fa sch\u00e9mu \u201eMobiliseSME\u201c zrealizovan\u00fa v rokoch 2015 a\u017e 2017, je tento program zameran\u00fd na podporu \u013eud\u00ed, ktor\u00ed s\u00fa zamestnan\u00ed a chc\u00fa si na ist\u00fd \u010das vysk\u00fa\u0161a\u0165 cezhrani\u010dn\u00fa mobilitu v inej spolo\u010dnosti. Pracovn\u00fd pomer so zamestn\u00e1vate\u013eom ostane pritom zachovan\u00fd. Hlavn\u00e9 \u010drty programu MobiliseSME: [\/vc_column_text][vc_row_inner el_class=&#8220;numeros align&#8220;][vc_column_inner width=&#8220;1\/2&#8243;][vc_column_text] 1 Tento program pon\u00faka pracovn\u00edkom mal\u00e9ho alebo [&hellip;]<\/p>\n","protected":false},"author":1,"featured_media":0,"parent":0,"menu_order":0,"comment_status":"closed","ping_status":"closed","template":"","meta":[],"yoast_head":"<!-- This site is optimized with the Yoast SEO plugin v15.4 - https:\/\/yoast.com\/wordpress\/plugins\/seo\/ -->\n<title>O programe MobiliseSME - Mobilsesme<\/title>\n<meta name=\"robots\" content=\"index, follow, max-snippet:-1, max-image-preview:large, max-video-preview:-1\" \/>\n<link rel=\"canonical\" href=\"https:\/\/mobilise-sme.eu\/sk\/o-programe-mobilisesme\/\" \/>\n<meta property=\"og:locale\" content=\"sk_SK\" \/>\n<meta property=\"og:type\" content=\"article\" \/>\n<meta property=\"og:title\" content=\"O programe MobiliseSME - Mobilsesme\" \/>\n<meta property=\"og:description\" content=\"[vc_row el_class=&#8220;espaciado&#8220;][vc_column css=&#8220;.vc_custom_1602685030902{padding-top: 20px !important;}&#8220;][vc_column_text css=&#8220;.vc_custom_1607951141542{margin-bottom: 5px !important;}&#8220;] O programe MobiliseSME [\/vc_column_text][vc_separator color=&#8220;custom&#8220; border_width=&#8220;2&#8243; el_width=&#8220;20&#8243; accent_color=&#8220;#0d5387&#8243;][vc_column_text]MobiliseSME je program Eur\u00f3pskej \u00fanie (EURES, EASI). Jeho cie\u013eom je pom\u00e1ha\u0165 rozv\u00edja\u0165 zru\u010dnost\u00ed a schopnosti pracovn\u00edkov spolo\u010dnost\u00ed (zamestnancov, mana\u017e\u00e9rov a majite\u013eov alebo spolumajite\u013eov) prostredn\u00edctvom kr\u00e1tkodob\u00fdch cezhrani\u010dn\u00fdch v\u00fdmenn\u00fdch pobytov. V nadv\u00e4znosti na \u00faspe\u0161n\u00fa pilotn\u00fa sch\u00e9mu \u201eMobiliseSME\u201c zrealizovan\u00fa v rokoch 2015 a\u017e 2017, je tento program zameran\u00fd na podporu \u013eud\u00ed, ktor\u00ed s\u00fa zamestnan\u00ed a chc\u00fa si na ist\u00fd \u010das vysk\u00fa\u0161a\u0165 cezhrani\u010dn\u00fa mobilitu v inej spolo\u010dnosti. Pracovn\u00fd pomer so zamestn\u00e1vate\u013eom ostane pritom zachovan\u00fd. Hlavn\u00e9 \u010drty programu MobiliseSME: [\/vc_column_text][vc_row_inner el_class=&#8220;numeros align&#8220;][vc_column_inner width=&#8220;1\/2&#8243;][vc_column_text] 1 Tento program pon\u00faka pracovn\u00edkom mal\u00e9ho alebo [&hellip;]\" \/>\n<meta property=\"og:url\" content=\"https:\/\/mobilise-sme.eu\/sk\/o-programe-mobilisesme\/\" \/>\n<meta property=\"og:site_name\" content=\"Mobilsesme\" \/>\n<meta property=\"article:modified_time\" content=\"2021-12-20T10:11:25+00:00\" \/>\n<meta property=\"og:image\" content=\"https:\/\/mobilise-sme.eu\/wp-content\/uploads\/2020\/10\/check.png\" \/>\n<meta name=\"twitter:card\" content=\"summary_large_image\" \/>\n<meta name=\"twitter:label1\" content=\"Written by\">\n\t<meta name=\"twitter:data1\" content=\"sumaysube\">\n\t<meta name=\"twitter:label2\" content=\"Est. reading time\">\n\t<meta name=\"twitter:data2\" content=\"3 min\u00faty\">\n<script type=\"application\/ld+json\" class=\"yoast-schema-graph\">{\"@context\":\"https:\/\/schema.org\",\"@graph\":[{\"@type\":\"WebSite\",\"@id\":\"https:\/\/mobilise-sme.eu\/#website\",\"url\":\"https:\/\/mobilise-sme.eu\/\",\"name\":\"Mobilsesme\",\"description\":\"Otro sitio realizado con WordPress\",\"potentialAction\":[{\"@type\":\"SearchAction\",\"target\":\"https:\/\/mobilise-sme.eu\/?s={search_term_string}\",\"query-input\":\"required name=search_term_string\"}],\"inLanguage\":\"sk-SK\"},{\"@type\":\"ImageObject\",\"@id\":\"https:\/\/mobilise-sme.eu\/sk\/o-programe-mobilisesme\/#primaryimage\",\"inLanguage\":\"sk-SK\",\"url\":\"https:\/\/mobilise-sme.eu\/wp-content\/uploads\/2020\/10\/check.png\",\"width\":100,\"height\":100},{\"@type\":\"WebPage\",\"@id\":\"https:\/\/mobilise-sme.eu\/sk\/o-programe-mobilisesme\/#webpage\",\"url\":\"https:\/\/mobilise-sme.eu\/sk\/o-programe-mobilisesme\/\",\"name\":\"O programe MobiliseSME - Mobilsesme\",\"isPartOf\":{\"@id\":\"https:\/\/mobilise-sme.eu\/#website\"},\"primaryImageOfPage\":{\"@id\":\"https:\/\/mobilise-sme.eu\/sk\/o-programe-mobilisesme\/#primaryimage\"},\"datePublished\":\"2021-01-14T16:01:58+00:00\",\"dateModified\":\"2021-12-20T10:11:25+00:00\",\"inLanguage\":\"sk-SK\",\"potentialAction\":[{\"@type\":\"ReadAction\",\"target\":[\"https:\/\/mobilise-sme.eu\/sk\/o-programe-mobilisesme\/\"]}]}]}<\/script>\n<!-- \/ Yoast SEO plugin. -->","_links":{"self":[{"href":"https:\/\/mobilise-sme.eu\/sk\/wp-json\/wp\/v2\/pages\/1542\/"}],"collection":[{"href":"https:\/\/mobilise-sme.eu\/sk\/wp-json\/wp\/v2\/pages\/"}],"about":[{"href":"https:\/\/mobilise-sme.eu\/sk\/wp-json\/wp\/v2\/types\/page\/"}],"author":[{"embeddable":true,"href":"https:\/\/mobilise-sme.eu\/sk\/wp-json\/wp\/v2\/users\/1\/"}],"replies":[{"embeddable":true,"href":"https:\/\/mobilise-sme.eu\/sk\/wp-json\/wp\/v2\/comments\/?post=1542"}],"version-history":[{"count":11,"href":"https:\/\/mobilise-sme.eu\/sk\/wp-json\/wp\/v2\/pages\/1542\/revisions\/"}],"predecessor-version":[{"id":3574,"href":"https:\/\/mobilise-sme.eu\/sk\/wp-json\/wp\/v2\/pages\/1542\/revisions\/3574\/"}],"wp:attachment":[{"href":"https:\/\/mobilise-sme.eu\/sk\/wp-json\/wp\/v2\/media\/?parent=1542"}],"curies":[{"name":"wp","href":"https:\/\/api.w.org\/{rel}","templated":true}]}}