{"id":1546,"date":"2021-01-14T16:09:58","date_gmt":"2021-01-14T16:09:58","guid":{"rendered":"https:\/\/mobilise-sme.eu\/financna-podpora\/"},"modified":"2021-03-02T09:39:36","modified_gmt":"2021-03-02T09:39:36","slug":"financna-podpora","status":"publish","type":"page","link":"https:\/\/mobilise-sme.eu\/sk\/financna-podpora\/","title":{"rendered":"Finan\u010dn\u00e1 podpora"},"content":{"rendered":"<p>[vc_row el_class=&#8220;espaciado&#8220;][vc_column css=&#8220;.vc_custom_1602769662476{padding-top: 20px !important;}&#8220;][vc_column_text css=&#8220;.vc_custom_1602769942285{margin-bottom: 5px !important;}&#8220;]<\/p>\n<p class=\"titulo-yellow\" style=\"text-align: center;\">Finan\u010dn\u00e1 podpora<\/p>\n<p>[\/vc_column_text][vc_separator color=&#8220;custom&#8220; border_width=&#8220;2&#8243; el_width=&#8220;20&#8243; accent_color=&#8220;#efca34&#8243;][vc_column_text]<\/p>\n<p>V\u00fdmenn\u00e9 pobyty v r\u00e1mci programu MobiliseSME s\u00fa \u010diasto\u010dne financovan\u00e9.<\/p>\n<p>\u00da\u010delom finan\u010dnej podpory je prispie\u0165 na pokrytie v\u00fddavkov, ktor\u00e9 vznikn\u00fa v s\u00favislosti s pobytom zamestnanca, mana\u017e\u00e9ra, majite\u013ea alebo spolumajite\u013ea.<\/p>\n<p>Finan\u010dn\u00e1 pomoc z\u00e1vis\u00ed od krajiny, v ktorej sa uskuto\u010dn\u00ed v\u00fdmenn\u00fd pobyt. Mesa\u010dn\u00e1 v\u00fd\u0161ka finan\u010dnej pomoci je bli\u017e\u0161ie uveden\u00e1 v nasleduj\u00facej tabu\u013eke.<\/p>\n<p>[\/vc_column_text][vc_column_text el_class=&#8220;tabla&#8220;]<\/p>\n<p><strong>Mesa\u010dn\u00e1 finan\u010dn\u00e1 pomoc, ktor\u00fa vypl\u00e1caj\u00fa vysielaj\u00face partnersk\u00e9 organiz\u00e1cie tret\u00edm stran\u00e1m (vysielaj\u00facim spolo\u010dnostiam)<\/strong><\/p>\n<table class=\"table aligncenter\">\n<thead>\n<tr>\n<th scope=\"col\">Krajina pobytu\/Hostite\u013esk\u00e1 krajina<\/th>\n<th scope=\"col\">Mesa\u010dn\u00e1 suma\/\u20ac<\/th>\n<\/tr>\n<\/thead>\n<tbody>\n<tr>\n<td>Alb\u00e1nsko<\/td>\n<td>530<\/td>\n<\/tr>\n<tr>\n<td>Rak\u00fasko<\/td>\n<td>900<\/td>\n<\/tr>\n<tr>\n<td>Belgicko<\/td>\n<td>830<\/td>\n<\/tr>\n<tr>\n<td>Bulharsko<\/td>\n<td>560<\/td>\n<\/tr>\n<tr>\n<td>Chorv\u00e1tsko<\/td>\n<td>720<\/td>\n<\/tr>\n<tr>\n<td>Cyprus<\/td>\n<td>780<\/td>\n<\/tr>\n<tr>\n<td>\u010cesk\u00e1 republika<\/td>\n<td>610<\/td>\n<\/tr>\n<tr>\n<td>D\u00e1nsko<\/td>\n<td>1100<\/td>\n<\/tr>\n<tr>\n<td>Nemecko<\/td>\n<td>830<\/td>\n<\/tr>\n<tr>\n<td>Est\u00f3nsko<\/td>\n<td>670<\/td>\n<\/tr>\n<tr>\n<td>F\u00ednsko<\/td>\n<td>950<\/td>\n<\/tr>\n<tr>\n<td>Severomaced\u00f3nska republika<\/td>\n<td>560<\/td>\n<\/tr>\n<tr>\n<td>Franc\u00fazsko<\/td>\n<td>900<\/td>\n<\/tr>\n<tr>\n<td>Gr\u00e9cko<\/td>\n<td>780<\/td>\n<\/tr>\n<tr>\n<td>Ma\u010farsko<\/td>\n<td>670<\/td>\n<\/tr>\n<tr>\n<td>Island<\/td>\n<td>900<\/td>\n<\/tr>\n<tr>\n<td>\u00cdrsko<\/td>\n<td>1000<\/td>\n<\/tr>\n<tr>\n<td>Taliansko<\/td>\n<td>900<\/td>\n<\/tr>\n<tr>\n<td>Loty\u0161sko<\/td>\n<td>610<\/td>\n<\/tr>\n<tr>\n<td>Litva<\/td>\n<td>560<\/td>\n<\/tr>\n<tr>\n<td>Luxembursko<\/td>\n<td>830<\/td>\n<\/tr>\n<tr>\n<td>Malta<\/td>\n<td>720<\/td>\n<\/tr>\n<tr>\n<td>\u010cierna Hora<\/td>\n<td>560<\/td>\n<\/tr>\n<tr>\n<td>Holandsko<\/td>\n<td>830<\/td>\n<\/tr>\n<tr>\n<td>Po\u013esko<\/td>\n<td>610<\/td>\n<\/tr>\n<tr>\n<td>Portugalsko<\/td>\n<td>780<\/td>\n<\/tr>\n<tr>\n<td>Rumunsko<\/td>\n<td>560<\/td>\n<\/tr>\n<tr>\n<td>Srbsko<\/td>\n<td>560<\/td>\n<\/tr>\n<tr>\n<td>Slovensk\u00e1 republika<\/td>\n<td>610<\/td>\n<\/tr>\n<tr>\n<td>Slovinsko<\/td>\n<td>720<\/td>\n<\/tr>\n<tr>\n<td>\u0160panielsko<\/td>\n<td>830<\/td>\n<\/tr>\n<tr>\n<td>\u0160v\u00e9dsko<\/td>\n<td>950<\/td>\n<\/tr>\n<tr>\n<td>Turecko<\/td>\n<td>750<\/td>\n<\/tr>\n<tr>\n<td>Spojen\u00e9 kr\u00e1\u013eovstvo<\/td>\n<td>1000<\/td>\n<\/tr>\n<tr>\n<td>Zamestnanci so zdravotn\u00fdm postihnut\u00edm (bez oh\u013eadu na krajinu pobytu)<\/td>\n<td>1100<\/td>\n<\/tr>\n<\/tbody>\n<\/table>\n<p>[\/vc_column_text][vc_column_text]<\/p>\n<p>Pr\u00edspevok Eur\u00f3pskej \u00fanie m\u00f4\u017ee pokr\u00fdva\u0165 cestovn\u00e9 n\u00e1klady spojen\u00e9 s n\u00e1stupom do hostite\u013eskej spolo\u010dnosti, \u010das\u0165 n\u00e1kladov na expatri\u00e1ciu, n\u00e1klady na integr\u00e1ciu a v pr\u00edpade potreby aj kr\u00e1tky jazykov\u00fd kurz.<\/p>\n<p>Ak chcete z\u00edska\u0165 bli\u017e\u0161ie inform\u00e1cie, kontaktujte, pros\u00edm, ktor\u00e9ko\u013evek z lok\u00e1lnych kontaktn\u00fdch miest programu MobiliseSME. Ich zoznam n\u00e1jdete v \u010dasti Lok\u00e1lne kontaktn\u00e9 miesta.<\/p>\n<p>[\/vc_column_text][\/vc_column][\/vc_row]<\/p>\n","protected":false},"excerpt":{"rendered":"<p>[vc_row el_class=&#8220;espaciado&#8220;][vc_column css=&#8220;.vc_custom_1602769662476{padding-top: 20px !important;}&#8220;][vc_column_text css=&#8220;.vc_custom_1602769942285{margin-bottom: 5px !important;}&#8220;] Finan\u010dn\u00e1 podpora [\/vc_column_text][vc_separator color=&#8220;custom&#8220; border_width=&#8220;2&#8243; el_width=&#8220;20&#8243; accent_color=&#8220;#efca34&#8243;][vc_column_text] V\u00fdmenn\u00e9 pobyty v r\u00e1mci programu MobiliseSME s\u00fa \u010diasto\u010dne financovan\u00e9. \u00da\u010delom finan\u010dnej podpory je prispie\u0165 na pokrytie v\u00fddavkov, ktor\u00e9 vznikn\u00fa v s\u00favislosti s pobytom zamestnanca, mana\u017e\u00e9ra, majite\u013ea alebo spolumajite\u013ea. Finan\u010dn\u00e1 pomoc z\u00e1vis\u00ed od krajiny, v ktorej sa uskuto\u010dn\u00ed v\u00fdmenn\u00fd pobyt. Mesa\u010dn\u00e1 v\u00fd\u0161ka finan\u010dnej pomoci je bli\u017e\u0161ie uveden\u00e1 v nasleduj\u00facej tabu\u013eke. [\/vc_column_text][vc_column_text el_class=&#8220;tabla&#8220;] Mesa\u010dn\u00e1 finan\u010dn\u00e1 pomoc, ktor\u00fa vypl\u00e1caj\u00fa vysielaj\u00face partnersk\u00e9 organiz\u00e1cie tret\u00edm stran\u00e1m (vysielaj\u00facim spolo\u010dnostiam) Krajina pobytu\/Hostite\u013esk\u00e1 krajina Mesa\u010dn\u00e1 suma\/\u20ac Alb\u00e1nsko 530 Rak\u00fasko 900 Belgicko 830 Bulharsko 560 Chorv\u00e1tsko 720 Cyprus 780 \u010cesk\u00e1 republika 610 D\u00e1nsko 1100 [&hellip;]<\/p>\n","protected":false},"author":1,"featured_media":0,"parent":0,"menu_order":0,"comment_status":"closed","ping_status":"closed","template":"","meta":[],"yoast_head":"<!-- This site is optimized with the Yoast SEO plugin v15.4 - https:\/\/yoast.com\/wordpress\/plugins\/seo\/ -->\n<title>Finan\u010dn\u00e1 podpora - Mobilsesme<\/title>\n<meta name=\"robots\" content=\"index, follow, max-snippet:-1, max-image-preview:large, max-video-preview:-1\" \/>\n<link rel=\"canonical\" href=\"https:\/\/mobilise-sme.eu\/sk\/financial-support\/\" \/>\n<meta property=\"og:locale\" content=\"sk_SK\" \/>\n<meta property=\"og:type\" content=\"article\" \/>\n<meta property=\"og:title\" content=\"Finan\u010dn\u00e1 podpora - Mobilsesme\" \/>\n<meta property=\"og:description\" content=\"[vc_row el_class=&#8220;espaciado&#8220;][vc_column css=&#8220;.vc_custom_1602769662476{padding-top: 20px !important;}&#8220;][vc_column_text css=&#8220;.vc_custom_1602769942285{margin-bottom: 5px !important;}&#8220;] Finan\u010dn\u00e1 podpora [\/vc_column_text][vc_separator color=&#8220;custom&#8220; border_width=&#8220;2&#8243; el_width=&#8220;20&#8243; accent_color=&#8220;#efca34&#8243;][vc_column_text] V\u00fdmenn\u00e9 pobyty v r\u00e1mci programu MobiliseSME s\u00fa \u010diasto\u010dne financovan\u00e9. \u00da\u010delom finan\u010dnej podpory je prispie\u0165 na pokrytie v\u00fddavkov, ktor\u00e9 vznikn\u00fa v s\u00favislosti s pobytom zamestnanca, mana\u017e\u00e9ra, majite\u013ea alebo spolumajite\u013ea. Finan\u010dn\u00e1 pomoc z\u00e1vis\u00ed od krajiny, v ktorej sa uskuto\u010dn\u00ed v\u00fdmenn\u00fd pobyt. Mesa\u010dn\u00e1 v\u00fd\u0161ka finan\u010dnej pomoci je bli\u017e\u0161ie uveden\u00e1 v nasleduj\u00facej tabu\u013eke. [\/vc_column_text][vc_column_text el_class=&#8220;tabla&#8220;] Mesa\u010dn\u00e1 finan\u010dn\u00e1 pomoc, ktor\u00fa vypl\u00e1caj\u00fa vysielaj\u00face partnersk\u00e9 organiz\u00e1cie tret\u00edm stran\u00e1m (vysielaj\u00facim spolo\u010dnostiam) Krajina pobytu\/Hostite\u013esk\u00e1 krajina Mesa\u010dn\u00e1 suma\/\u20ac Alb\u00e1nsko 530 Rak\u00fasko 900 Belgicko 830 Bulharsko 560 Chorv\u00e1tsko 720 Cyprus 780 \u010cesk\u00e1 republika 610 D\u00e1nsko 1100 [&hellip;]\" \/>\n<meta property=\"og:url\" content=\"https:\/\/mobilise-sme.eu\/financial-support\/\" \/>\n<meta property=\"og:site_name\" content=\"Mobilsesme\" \/>\n<meta property=\"article:modified_time\" content=\"2021-03-02T09:39:36+00:00\" \/>\n<meta name=\"twitter:card\" content=\"summary_large_image\" \/>\n<meta name=\"twitter:label1\" content=\"Written by\">\n\t<meta name=\"twitter:data1\" content=\"sumaysube\">\n\t<meta name=\"twitter:label2\" content=\"Est. reading time\">\n\t<meta name=\"twitter:data2\" content=\"1 min\u00fata\">\n<script type=\"application\/ld+json\" class=\"yoast-schema-graph\">{\"@context\":\"https:\/\/schema.org\",\"@graph\":[{\"@type\":\"WebSite\",\"@id\":\"https:\/\/mobilise-sme.eu\/#website\",\"url\":\"https:\/\/mobilise-sme.eu\/\",\"name\":\"Mobilsesme\",\"description\":\"Otro sitio realizado con WordPress\",\"potentialAction\":[{\"@type\":\"SearchAction\",\"target\":\"https:\/\/mobilise-sme.eu\/?s={search_term_string}\",\"query-input\":\"required name=search_term_string\"}],\"inLanguage\":\"sk-SK\"},{\"@type\":\"WebPage\",\"@id\":\"https:\/\/mobilise-sme.eu\/financial-support\/#webpage\",\"url\":\"https:\/\/mobilise-sme.eu\/financial-support\/\",\"name\":\"Finan\\u010dn\\u00e1 podpora - Mobilsesme\",\"isPartOf\":{\"@id\":\"https:\/\/mobilise-sme.eu\/#website\"},\"datePublished\":\"2021-01-14T16:09:58+00:00\",\"dateModified\":\"2021-03-02T09:39:36+00:00\",\"inLanguage\":\"sk-SK\",\"potentialAction\":[{\"@type\":\"ReadAction\",\"target\":[\"https:\/\/mobilise-sme.eu\/financial-support\/\"]}]}]}<\/script>\n<!-- \/ Yoast SEO plugin. -->","_links":{"self":[{"href":"https:\/\/mobilise-sme.eu\/sk\/wp-json\/wp\/v2\/pages\/1546\/"}],"collection":[{"href":"https:\/\/mobilise-sme.eu\/sk\/wp-json\/wp\/v2\/pages\/"}],"about":[{"href":"https:\/\/mobilise-sme.eu\/sk\/wp-json\/wp\/v2\/types\/page\/"}],"author":[{"embeddable":true,"href":"https:\/\/mobilise-sme.eu\/sk\/wp-json\/wp\/v2\/users\/1\/"}],"replies":[{"embeddable":true,"href":"https:\/\/mobilise-sme.eu\/sk\/wp-json\/wp\/v2\/comments\/?post=1546"}],"version-history":[{"count":11,"href":"https:\/\/mobilise-sme.eu\/sk\/wp-json\/wp\/v2\/pages\/1546\/revisions\/"}],"predecessor-version":[{"id":2077,"href":"https:\/\/mobilise-sme.eu\/sk\/wp-json\/wp\/v2\/pages\/1546\/revisions\/2077\/"}],"wp:attachment":[{"href":"https:\/\/mobilise-sme.eu\/sk\/wp-json\/wp\/v2\/media\/?parent=1546"}],"curies":[{"name":"wp","href":"https:\/\/api.w.org\/{rel}","templated":true}]}}