{"id":1552,"date":"2021-01-14T17:14:04","date_gmt":"2021-01-14T17:14:04","guid":{"rendered":"https:\/\/mobilise-sme.eu\/ako-sa-zucastnit\/"},"modified":"2021-12-17T10:20:27","modified_gmt":"2021-12-17T09:20:27","slug":"ako-sa-zucastnit","status":"publish","type":"page","link":"https:\/\/mobilise-sme.eu\/sk\/ako-sa-zucastnit\/","title":{"rendered":"Ako sa z\u00fa\u010dastni\u0165"},"content":{"rendered":"<p>[vc_row el_class=&#8220;espaciado&#8220;][vc_column css=&#8220;.vc_custom_1602768873572{padding-top: 20px !important;}&#8220;][vc_column_text css=&#8220;.vc_custom_1602768906017{margin-bottom: 5px !important;}&#8220;]<\/p>\n<p class=\"titulo-blue\" style=\"text-align: center;\">Ako sa m\u00f4\u017eem z\u00fa\u010dastni\u0165?<\/p>\n<p>[\/vc_column_text][vc_separator color=&#8220;custom&#8220; border_width=&#8220;2&#8243; el_width=&#8220;20&#8243; accent_color=&#8220;#0d5387&#8243;][vc_column_text]<\/p>\n<p class=\"numero\">1<\/p>\n<p class=\"texto-numero\"><strong>Kontaktujte va\u0161e lok\u00e1lne kontaktn\u00e9 miesto<\/strong><\/p>\n<p class=\"texto-numero\">Lok\u00e1lne kontaktn\u00e9 miesta (sprostredkovate\u013esk\u00e9 organiz\u00e1cie) boli ofici\u00e1lne ustanoven\u00e9 programom EASI s cie\u013eom pom\u00e1ha\u0165 nadv\u00e4zova\u0165 kontakty medzi mal\u00fdmi a stredn\u00fdmi podnikmi v E\u00da v r\u00e1mci programu MobiliseSME.<\/p>\n<p class=\"texto-numero\">S\u00fa to subjekty, ako napr\u00edklad obchodn\u00e9 komory, inova\u010dn\u00e9 agent\u00fary, nad\u00e1cie, asoci\u00e1cie obchodn\u00fdch kom\u00f4r, obchodn\u00e9 organiz\u00e1cie, univerzity a podnikate\u013esk\u00e9 inkub\u00e1tory.<\/p>\n<p class=\"texto-numero\">Ich hlavnou \u00falohou je zabezpe\u010dova\u0165 \u00faspe\u0161n\u00e9 v\u00fdmenn\u00e9 pobyty medzi hostite\u013esk\u00fdmi a vysielaj\u00facimi spolo\u010dnos\u0165ami a z\u00e1rove\u0148 pon\u00faka\u0165 slu\u017eby nadv\u00e4zovania kontaktov s vhodn\u00fdmi obchodn\u00fdmi partnermi. M\u00f4\u017eete sa obr\u00e1ti\u0165 na ktor\u00e9ko\u013evek lok\u00e1lne kontaktn\u00e9 miesto vo va\u0161ej krajine. Ich zoznam n\u00e1jdete na webovej str\u00e1nke v \u010dasti Lok\u00e1lne kontaktn\u00e9 miesta.<\/p>\n<p class=\"texto-numero\">\u010eal\u0161\u00edmi n\u00e1strojmi, ktor\u00e9 v\u00e1m m\u00f4\u017eu pom\u00f4c\u0165 dozvedie\u0165 sa viac o programe, s\u00fa <a href=\"https:\/\/mobilise-sme.eu\/sk\/sprostredkovatelska-platforma\/\"><b>Sprievodca programom MobiliseSME<\/b><\/a> alebo <a href=\"https:\/\/mobilise-sme.eu\/sk\/sprostredkovatelska-platforma\/\"><b>Sprievodca registr\u00e1ciou<\/b><\/a>.<\/p>\n<p>[\/vc_column_text][vc_column_text]<\/p>\n<p class=\"numero\">2<\/p>\n<p class=\"texto-numero\"><strong>Zaregistrujte sa na sprostredkovate\u013eskej platforme a n\u00e1jdite si obchodn\u00e9ho partnera<\/strong><\/p>\n<p class=\"texto-numero\">Ak\u00e1ko\u013evek osoba pracuj\u00faca v opr\u00e1vnenom MSP, ktor\u00e1 sa chce z\u00fa\u010dastni\u0165 na programe MobiliseSME a zaregistrova\u0165 dan\u00fd podnik vo svojom mene, m\u00f4\u017ee kontaktova\u0165 partnersk\u00fa organiz\u00e1ciu.<\/p>\n<p class=\"texto-numero\">Mal\u00e9 a stredn\u00e9 podniky musia svoje \u017eiadosti predklada\u0165 prostredn\u00edctvom online registra\u010dn\u00e9ho n\u00e1stroja na sprostredkovate\u013eskej platforme. V r\u00e1mci registr\u00e1cie je potrebn\u00e9 zvoli\u0165 si jedno z lok\u00e1lnych kontaktn\u00fdch miest, ktor\u00e9 s\u00fa ur\u010den\u00e9 na poskytovanie tejto slu\u017eby.<\/p>\n<p class=\"texto-numero\">Po zaregistrovan\u00ed v\u00e1m bude pridelen\u00e9 lok\u00e1lne kontaktn\u00e9 miesto, ktor\u00e9 v\u00e1m pom\u00f4\u017ee po\u010das cel\u00e9ho procesu.<\/p>\n<p class=\"texto-numero\">Sprostredkovate\u013esk\u00e1 platforma v\u00e1m tie\u017e pom\u00f4\u017ee n\u00e1js\u0165 obchodn\u00fdch partnerov z ktorejko\u013evek krajiny E\u00da. Program m\u00f4\u017ee by\u0165 vyu\u017eit\u00fd aj na podporu u\u017e prebiehaj\u00facej spolupr\u00e1ce.<\/p>\n<p>[\/vc_column_text][vc_column_text]<\/p>\n<p class=\"numero\">3<\/p>\n<p class=\"texto-numero\"><strong>Vypracujte tzv. vzdel\u00e1vac\u00ed dokument MobiliseSME <\/strong><\/p>\n<p class=\"texto-numero\">Tzv. vzdel\u00e1vac\u00ed dokument MobiliseSME alebo pl\u00e1n aktiv\u00edt je hlavn\u00fdm pracovn\u00fdm a spolo\u010dn\u00fdm dokumentom pre v\u0161etky z\u00fa\u010dastnen\u00e9 strany. Bud\u00fa v \u0148om uveden\u00e9 ciele z\u00fa\u010dastnen\u00fdch str\u00e1n, popis vzdel\u00e1vacieho projektu, pl\u00e1novan\u00e9 aktivity a o\u010dak\u00e1van\u00e9 v\u00fdsledky.<\/p>\n<p class=\"texto-numero\">V r\u00e1mci programu MobiliseSME bol vypracovan\u00fd preh\u013eadn\u00fd n\u00e1vod, ako nap\u00edsa\u0165 tento dokument.<\/p>\n<p class=\"texto-numero\">Existuj\u00fa aj \u010fal\u0161ie pracovn\u00e9 dokumenty. Pre bli\u017e\u0161ie inform\u00e1cie kontaktujte lok\u00e1lne kontaktn\u00e9 miesto.<\/p>\n<p>[\/vc_column_text][vc_column_text]<\/p>\n<p class=\"numero\">4<\/p>\n<p class=\"texto-numero\"><strong>Pred odchodom<\/strong><\/p>\n<p class=\"texto-numero\">Pre odchodom v\u00e1m bud\u00fa poskytnut\u00e9 v\u0161etky praktick\u00e9 inform\u00e1cie, ktor\u00e9 budete potrebova\u0165 po\u010das pobytu. Patria sem v\u0161etky z\u00e1le\u017eitosti t\u00fdkaj\u00face sa E\u00da a obchodn\u00fdch subjektov, ako aj praktick\u00e9 inform\u00e1cie oh\u013eadom pobytu v zahrani\u010d\u00ed.<\/p>\n<p class=\"texto-numero\">Bli\u017e\u0161ie inform\u00e1cie o mo\u017en\u00fdch pr\u00e1vnych d\u00f4sledkoch (administrat\u00edvne z\u00e1le\u017eitosti, soci\u00e1lne poistenie, zdravotn\u00e1 starostlivos\u0165, pracovn\u00e9 a da\u0148ov\u00e9 pr\u00e1vo) v\u00e1m poskytne va\u0161e lok\u00e1lne kontaktn\u00e9 miesto.<\/p>\n<p class=\"texto-numero\">Na konci pobytu je potrebn\u00e9 vyplni\u0165 mal\u00fd dotazn\u00edk o spokojnosti.<\/p>\n<p>[\/vc_column_text][\/vc_column][\/vc_row]<\/p>\n","protected":false},"excerpt":{"rendered":"<p>[vc_row el_class=&#8220;espaciado&#8220;][vc_column css=&#8220;.vc_custom_1602768873572{padding-top: 20px !important;}&#8220;][vc_column_text css=&#8220;.vc_custom_1602768906017{margin-bottom: 5px !important;}&#8220;] Ako sa m\u00f4\u017eem z\u00fa\u010dastni\u0165? [\/vc_column_text][vc_separator color=&#8220;custom&#8220; border_width=&#8220;2&#8243; el_width=&#8220;20&#8243; accent_color=&#8220;#0d5387&#8243;][vc_column_text] 1 Kontaktujte va\u0161e lok\u00e1lne kontaktn\u00e9 miesto Lok\u00e1lne kontaktn\u00e9 miesta (sprostredkovate\u013esk\u00e9 organiz\u00e1cie) boli ofici\u00e1lne ustanoven\u00e9 programom EASI s cie\u013eom pom\u00e1ha\u0165 nadv\u00e4zova\u0165 kontakty medzi mal\u00fdmi a stredn\u00fdmi podnikmi v E\u00da v r\u00e1mci programu MobiliseSME. S\u00fa to subjekty, ako napr\u00edklad obchodn\u00e9 komory, inova\u010dn\u00e9 agent\u00fary, nad\u00e1cie, asoci\u00e1cie obchodn\u00fdch kom\u00f4r, obchodn\u00e9 organiz\u00e1cie, univerzity a podnikate\u013esk\u00e9 inkub\u00e1tory. Ich hlavnou \u00falohou je zabezpe\u010dova\u0165 \u00faspe\u0161n\u00e9 v\u00fdmenn\u00e9 pobyty medzi hostite\u013esk\u00fdmi a vysielaj\u00facimi spolo\u010dnos\u0165ami a z\u00e1rove\u0148 pon\u00faka\u0165 slu\u017eby nadv\u00e4zovania kontaktov s vhodn\u00fdmi obchodn\u00fdmi partnermi. M\u00f4\u017eete sa obr\u00e1ti\u0165 na ktor\u00e9ko\u013evek lok\u00e1lne kontaktn\u00e9 miesto vo [&hellip;]<\/p>\n","protected":false},"author":1,"featured_media":0,"parent":0,"menu_order":0,"comment_status":"closed","ping_status":"closed","template":"","meta":[],"yoast_head":"<!-- This site is optimized with the Yoast SEO plugin v15.4 - https:\/\/yoast.com\/wordpress\/plugins\/seo\/ -->\n<title>Ako sa z\u00fa\u010dastni\u0165 - Mobilsesme<\/title>\n<meta name=\"robots\" content=\"index, follow, max-snippet:-1, max-image-preview:large, max-video-preview:-1\" \/>\n<link rel=\"canonical\" href=\"https:\/\/mobilise-sme.eu\/sk\/ako-sa-zucastnit\/\" \/>\n<meta property=\"og:locale\" content=\"sk_SK\" \/>\n<meta property=\"og:type\" content=\"article\" \/>\n<meta property=\"og:title\" content=\"Ako sa z\u00fa\u010dastni\u0165 - Mobilsesme\" \/>\n<meta property=\"og:description\" content=\"[vc_row el_class=&#8220;espaciado&#8220;][vc_column css=&#8220;.vc_custom_1602768873572{padding-top: 20px !important;}&#8220;][vc_column_text css=&#8220;.vc_custom_1602768906017{margin-bottom: 5px !important;}&#8220;] Ako sa m\u00f4\u017eem z\u00fa\u010dastni\u0165? [\/vc_column_text][vc_separator color=&#8220;custom&#8220; border_width=&#8220;2&#8243; el_width=&#8220;20&#8243; accent_color=&#8220;#0d5387&#8243;][vc_column_text] 1 Kontaktujte va\u0161e lok\u00e1lne kontaktn\u00e9 miesto Lok\u00e1lne kontaktn\u00e9 miesta (sprostredkovate\u013esk\u00e9 organiz\u00e1cie) boli ofici\u00e1lne ustanoven\u00e9 programom EASI s cie\u013eom pom\u00e1ha\u0165 nadv\u00e4zova\u0165 kontakty medzi mal\u00fdmi a stredn\u00fdmi podnikmi v E\u00da v r\u00e1mci programu MobiliseSME. S\u00fa to subjekty, ako napr\u00edklad obchodn\u00e9 komory, inova\u010dn\u00e9 agent\u00fary, nad\u00e1cie, asoci\u00e1cie obchodn\u00fdch kom\u00f4r, obchodn\u00e9 organiz\u00e1cie, univerzity a podnikate\u013esk\u00e9 inkub\u00e1tory. Ich hlavnou \u00falohou je zabezpe\u010dova\u0165 \u00faspe\u0161n\u00e9 v\u00fdmenn\u00e9 pobyty medzi hostite\u013esk\u00fdmi a vysielaj\u00facimi spolo\u010dnos\u0165ami a z\u00e1rove\u0148 pon\u00faka\u0165 slu\u017eby nadv\u00e4zovania kontaktov s vhodn\u00fdmi obchodn\u00fdmi partnermi. M\u00f4\u017eete sa obr\u00e1ti\u0165 na ktor\u00e9ko\u013evek lok\u00e1lne kontaktn\u00e9 miesto vo [&hellip;]\" \/>\n<meta property=\"og:url\" content=\"https:\/\/mobilise-sme.eu\/sk\/ako-sa-zucastnit\/\" \/>\n<meta property=\"og:site_name\" content=\"Mobilsesme\" \/>\n<meta property=\"article:modified_time\" content=\"2021-12-17T09:20:27+00:00\" \/>\n<meta name=\"twitter:card\" content=\"summary_large_image\" \/>\n<meta name=\"twitter:label1\" content=\"Written by\">\n\t<meta name=\"twitter:data1\" content=\"sumaysube\">\n\t<meta name=\"twitter:label2\" content=\"Est. reading time\">\n\t<meta name=\"twitter:data2\" content=\"2 min\u00faty\">\n<script type=\"application\/ld+json\" class=\"yoast-schema-graph\">{\"@context\":\"https:\/\/schema.org\",\"@graph\":[{\"@type\":\"WebSite\",\"@id\":\"https:\/\/mobilise-sme.eu\/#website\",\"url\":\"https:\/\/mobilise-sme.eu\/\",\"name\":\"Mobilsesme\",\"description\":\"Otro sitio realizado con WordPress\",\"potentialAction\":[{\"@type\":\"SearchAction\",\"target\":\"https:\/\/mobilise-sme.eu\/?s={search_term_string}\",\"query-input\":\"required name=search_term_string\"}],\"inLanguage\":\"sk-SK\"},{\"@type\":\"WebPage\",\"@id\":\"https:\/\/mobilise-sme.eu\/sk\/ako-sa-zucastnit\/#webpage\",\"url\":\"https:\/\/mobilise-sme.eu\/sk\/ako-sa-zucastnit\/\",\"name\":\"Ako sa z\\u00fa\\u010dastni\\u0165 - Mobilsesme\",\"isPartOf\":{\"@id\":\"https:\/\/mobilise-sme.eu\/#website\"},\"datePublished\":\"2021-01-14T17:14:04+00:00\",\"dateModified\":\"2021-12-17T09:20:27+00:00\",\"inLanguage\":\"sk-SK\",\"potentialAction\":[{\"@type\":\"ReadAction\",\"target\":[\"https:\/\/mobilise-sme.eu\/sk\/ako-sa-zucastnit\/\"]}]}]}<\/script>\n<!-- \/ Yoast SEO plugin. -->","_links":{"self":[{"href":"https:\/\/mobilise-sme.eu\/sk\/wp-json\/wp\/v2\/pages\/1552\/"}],"collection":[{"href":"https:\/\/mobilise-sme.eu\/sk\/wp-json\/wp\/v2\/pages\/"}],"about":[{"href":"https:\/\/mobilise-sme.eu\/sk\/wp-json\/wp\/v2\/types\/page\/"}],"author":[{"embeddable":true,"href":"https:\/\/mobilise-sme.eu\/sk\/wp-json\/wp\/v2\/users\/1\/"}],"replies":[{"embeddable":true,"href":"https:\/\/mobilise-sme.eu\/sk\/wp-json\/wp\/v2\/comments\/?post=1552"}],"version-history":[{"count":9,"href":"https:\/\/mobilise-sme.eu\/sk\/wp-json\/wp\/v2\/pages\/1552\/revisions\/"}],"predecessor-version":[{"id":3467,"href":"https:\/\/mobilise-sme.eu\/sk\/wp-json\/wp\/v2\/pages\/1552\/revisions\/3467\/"}],"wp:attachment":[{"href":"https:\/\/mobilise-sme.eu\/sk\/wp-json\/wp\/v2\/media\/?parent=1552"}],"curies":[{"name":"wp","href":"https:\/\/api.w.org\/{rel}","templated":true}]}}