{"id":1557,"date":"2021-01-15T09:32:53","date_gmt":"2021-01-15T09:32:53","guid":{"rendered":"https:\/\/mobilise-sme.eu\/sprostredkovatelska-platforma\/"},"modified":"2021-03-02T09:49:57","modified_gmt":"2021-03-02T09:49:57","slug":"sprostredkovatelska-platforma","status":"publish","type":"page","link":"https:\/\/mobilise-sme.eu\/sk\/sprostredkovatelska-platforma\/","title":{"rendered":"Sprostredkovate\u013esk\u00e1 platforma"},"content":{"rendered":"<p>[vc_row el_class=&#8220;espaciado&#8220;][vc_column css=&#8220;.vc_custom_1602770862010{padding-top: 20px !important;}&#8220;][vc_column_text css=&#8220;.vc_custom_1602770908628{margin-bottom: 5px !important;}&#8220;]<\/p>\n<p class=\"titulo-blue\" style=\"text-align: center;\">Sprostredkovate\u013esk\u00e1 platforma<\/p>\n<p>[\/vc_column_text][vc_separator color=&#8220;custom&#8220; border_width=&#8220;2&#8243; el_width=&#8220;20&#8243; accent_color=&#8220;#0d5387&#8243;][vc_row_inner][vc_column_inner width=&#8220;1\/2&#8243;][vc_column_text]<\/p>\n<p>Vitajte na sprostredkovate\u013eskej platforme MobiliseSME.<\/p>\n<p>Ak ste nov\u00fdm \u017eiadate\u013eom, ktor\u00fd chce zaregistrova\u0165 nov\u00fd MSP alebo in\u00fd podnikate\u013esk\u00fd subjekt, kliknite na tla\u010didlo <strong><em>Za\u010da\u0165 registr\u00e1ciu<\/em><\/strong>. Ak ste sa u\u017e zaregistrovali, kliknite na <strong><em>Prihl\u00e1si\u0165 sa<\/em><\/strong>.<\/p>\n<p>[\/vc_column_text][vc_column_text el_class=&#8220;bloque-botones&#8220;]<\/p>\n<p style=\"text-align: center;\">Nie ste \u010dlenom?<\/p>\n<p class=\"blue-button\" style=\"text-align: center;\"><a href=\"#\">Za\u010da\u0165 registr\u00e1ciu<\/a><\/p>\n<p style=\"text-align: center;\">U\u017e ste \u010dlenom?<\/p>\n<p class=\"blue-button\" style=\"text-align: center;\"><a href=\"#\"><b>Prihl\u00e1senie<\/b><\/a><\/p>\n<p>[\/vc_column_text][\/vc_column_inner][vc_column_inner width=&#8220;1\/2&#8243;][vc_column_text]<\/p>\n<p>Kliknut\u00edm na <strong><em>Sprievodca registr\u00e1ciou programu MobiliseSME<\/em><\/strong>\u00a0sa zobraz\u00ed podrobn\u00fd n\u00e1vod, ako sa zaregistrova\u0165 na platforme.<\/p>\n<p>Bli\u017e\u0161ie inform\u00e1cie o tom, ako sa z\u00fa\u010dastni\u0165 na programe, z\u00edskate tie\u017e kliknut\u00edm na <em><strong>Sprievodca programom MobiliseSME<\/strong><\/em>.<\/p>\n<p>[\/vc_column_text][vc_column_text el_class=&#8220;bloque-botones&#8220; css=&#8220;.vc_custom_1608193578345{margin-top: 50px !important;padding-top: 52px !important;padding-bottom: 52px !important;}&#8220;]<\/p>\n<p class=\"yellow-button\" style=\"text-align: center;\"><a href=\"#\"><img src=\"https:\/\/mobilise-sme.eu\/wp-content\/uploads\/2020\/11\/Rectangle-42.png\" \/> Sprievodca registr\u00e1ciou programu MobiliseSME<\/a><\/p>\n<p class=\"yellow-button\" style=\"text-align: center;\"><a href=\"https:\/\/mobilise-sme.eu\/wp-content\/uploads\/2020\/12\/MobiliseSME_Guide-for-participants-1.pdf\" target=\"_blank\" rel=\"noopener noreferrer\"><img src=\"https:\/\/mobilise-sme.eu\/wp-content\/uploads\/2020\/11\/Rectangle-42.png\" \/> Sprievodca programom MobiliseSME<\/a><\/p>\n<p>[\/vc_column_text][\/vc_column_inner][\/vc_row_inner][\/vc_column][\/vc_row]<\/p>\n","protected":false},"excerpt":{"rendered":"<p>[vc_row el_class=&#8220;espaciado&#8220;][vc_column css=&#8220;.vc_custom_1602770862010{padding-top: 20px !important;}&#8220;][vc_column_text css=&#8220;.vc_custom_1602770908628{margin-bottom: 5px !important;}&#8220;] Sprostredkovate\u013esk\u00e1 platforma [\/vc_column_text][vc_separator color=&#8220;custom&#8220; border_width=&#8220;2&#8243; el_width=&#8220;20&#8243; accent_color=&#8220;#0d5387&#8243;][vc_row_inner][vc_column_inner width=&#8220;1\/2&#8243;][vc_column_text] Vitajte na sprostredkovate\u013eskej platforme MobiliseSME. Ak ste nov\u00fdm \u017eiadate\u013eom, ktor\u00fd chce zaregistrova\u0165 nov\u00fd MSP alebo in\u00fd podnikate\u013esk\u00fd subjekt, kliknite na tla\u010didlo Za\u010da\u0165 registr\u00e1ciu. Ak ste sa u\u017e zaregistrovali, kliknite na Prihl\u00e1si\u0165 sa. [\/vc_column_text][vc_column_text el_class=&#8220;bloque-botones&#8220;] Nie ste \u010dlenom? Za\u010da\u0165 registr\u00e1ciu U\u017e ste \u010dlenom? Prihl\u00e1senie [\/vc_column_text][\/vc_column_inner][vc_column_inner width=&#8220;1\/2&#8243;][vc_column_text] Kliknut\u00edm na Sprievodca registr\u00e1ciou programu MobiliseSME\u00a0sa zobraz\u00ed podrobn\u00fd n\u00e1vod, ako sa zaregistrova\u0165 na platforme. Bli\u017e\u0161ie inform\u00e1cie o tom, ako sa z\u00fa\u010dastni\u0165 na programe, z\u00edskate tie\u017e kliknut\u00edm na Sprievodca programom MobiliseSME. [\/vc_column_text][vc_column_text el_class=&#8220;bloque-botones&#8220; css=&#8220;.vc_custom_1608193578345{margin-top: 50px !important;padding-top: 52px !important;padding-bottom: 52px !important;}&#8220;] [&hellip;]<\/p>\n","protected":false},"author":1,"featured_media":0,"parent":0,"menu_order":0,"comment_status":"closed","ping_status":"closed","template":"","meta":[],"yoast_head":"<!-- This site is optimized with the Yoast SEO plugin v15.4 - https:\/\/yoast.com\/wordpress\/plugins\/seo\/ -->\n<title>Sprostredkovate\u013esk\u00e1 platforma - Mobilsesme<\/title>\n<meta name=\"robots\" content=\"index, follow, max-snippet:-1, max-image-preview:large, max-video-preview:-1\" \/>\n<link rel=\"canonical\" href=\"https:\/\/mobilise-sme.eu\/sk\/matchmaking-platform\/\" \/>\n<meta property=\"og:locale\" content=\"sk_SK\" \/>\n<meta property=\"og:type\" content=\"article\" \/>\n<meta property=\"og:title\" content=\"Sprostredkovate\u013esk\u00e1 platforma - Mobilsesme\" \/>\n<meta property=\"og:description\" content=\"[vc_row el_class=&#8220;espaciado&#8220;][vc_column css=&#8220;.vc_custom_1602770862010{padding-top: 20px !important;}&#8220;][vc_column_text css=&#8220;.vc_custom_1602770908628{margin-bottom: 5px !important;}&#8220;] Sprostredkovate\u013esk\u00e1 platforma [\/vc_column_text][vc_separator color=&#8220;custom&#8220; border_width=&#8220;2&#8243; el_width=&#8220;20&#8243; accent_color=&#8220;#0d5387&#8243;][vc_row_inner][vc_column_inner width=&#8220;1\/2&#8243;][vc_column_text] Vitajte na sprostredkovate\u013eskej platforme MobiliseSME. Ak ste nov\u00fdm \u017eiadate\u013eom, ktor\u00fd chce zaregistrova\u0165 nov\u00fd MSP alebo in\u00fd podnikate\u013esk\u00fd subjekt, kliknite na tla\u010didlo Za\u010da\u0165 registr\u00e1ciu. Ak ste sa u\u017e zaregistrovali, kliknite na Prihl\u00e1si\u0165 sa. [\/vc_column_text][vc_column_text el_class=&#8220;bloque-botones&#8220;] Nie ste \u010dlenom? Za\u010da\u0165 registr\u00e1ciu U\u017e ste \u010dlenom? Prihl\u00e1senie [\/vc_column_text][\/vc_column_inner][vc_column_inner width=&#8220;1\/2&#8243;][vc_column_text] Kliknut\u00edm na Sprievodca registr\u00e1ciou programu MobiliseSME\u00a0sa zobraz\u00ed podrobn\u00fd n\u00e1vod, ako sa zaregistrova\u0165 na platforme. Bli\u017e\u0161ie inform\u00e1cie o tom, ako sa z\u00fa\u010dastni\u0165 na programe, z\u00edskate tie\u017e kliknut\u00edm na Sprievodca programom MobiliseSME. [\/vc_column_text][vc_column_text el_class=&#8220;bloque-botones&#8220; css=&#8220;.vc_custom_1608193578345{margin-top: 50px !important;padding-top: 52px !important;padding-bottom: 52px !important;}&#8220;] [&hellip;]\" \/>\n<meta property=\"og:url\" content=\"https:\/\/mobilise-sme.eu\/matchmaking-platform\/\" \/>\n<meta property=\"og:site_name\" content=\"Mobilsesme\" \/>\n<meta property=\"article:modified_time\" content=\"2021-03-02T09:49:57+00:00\" \/>\n<meta property=\"og:image\" content=\"https:\/\/mobilise-sme.eu\/wp-content\/uploads\/2020\/11\/Rectangle-42.png\" \/>\n<meta name=\"twitter:card\" content=\"summary_large_image\" \/>\n<meta name=\"twitter:label1\" content=\"Written by\">\n\t<meta name=\"twitter:data1\" content=\"sumaysube\">\n\t<meta name=\"twitter:label2\" content=\"Est. reading time\">\n\t<meta name=\"twitter:data2\" content=\"1 min\u00fata\">\n<script type=\"application\/ld+json\" class=\"yoast-schema-graph\">{\"@context\":\"https:\/\/schema.org\",\"@graph\":[{\"@type\":\"WebSite\",\"@id\":\"https:\/\/mobilise-sme.eu\/#website\",\"url\":\"https:\/\/mobilise-sme.eu\/\",\"name\":\"Mobilsesme\",\"description\":\"Otro sitio realizado con WordPress\",\"potentialAction\":[{\"@type\":\"SearchAction\",\"target\":\"https:\/\/mobilise-sme.eu\/?s={search_term_string}\",\"query-input\":\"required name=search_term_string\"}],\"inLanguage\":\"sk-SK\"},{\"@type\":\"ImageObject\",\"@id\":\"https:\/\/mobilise-sme.eu\/matchmaking-platform\/#primaryimage\",\"inLanguage\":\"sk-SK\",\"url\":\"https:\/\/mobilise-sme.eu\/wp-content\/uploads\/2020\/11\/Rectangle-42.png\",\"width\":22,\"height\":23},{\"@type\":\"WebPage\",\"@id\":\"https:\/\/mobilise-sme.eu\/matchmaking-platform\/#webpage\",\"url\":\"https:\/\/mobilise-sme.eu\/matchmaking-platform\/\",\"name\":\"Sprostredkovate\\u013esk\\u00e1 platforma - Mobilsesme\",\"isPartOf\":{\"@id\":\"https:\/\/mobilise-sme.eu\/#website\"},\"primaryImageOfPage\":{\"@id\":\"https:\/\/mobilise-sme.eu\/matchmaking-platform\/#primaryimage\"},\"datePublished\":\"2021-01-15T09:32:53+00:00\",\"dateModified\":\"2021-03-02T09:49:57+00:00\",\"inLanguage\":\"sk-SK\",\"potentialAction\":[{\"@type\":\"ReadAction\",\"target\":[\"https:\/\/mobilise-sme.eu\/matchmaking-platform\/\"]}]}]}<\/script>\n<!-- \/ Yoast SEO plugin. -->","_links":{"self":[{"href":"https:\/\/mobilise-sme.eu\/sk\/wp-json\/wp\/v2\/pages\/1557\/"}],"collection":[{"href":"https:\/\/mobilise-sme.eu\/sk\/wp-json\/wp\/v2\/pages\/"}],"about":[{"href":"https:\/\/mobilise-sme.eu\/sk\/wp-json\/wp\/v2\/types\/page\/"}],"author":[{"embeddable":true,"href":"https:\/\/mobilise-sme.eu\/sk\/wp-json\/wp\/v2\/users\/1\/"}],"replies":[{"embeddable":true,"href":"https:\/\/mobilise-sme.eu\/sk\/wp-json\/wp\/v2\/comments\/?post=1557"}],"version-history":[{"count":8,"href":"https:\/\/mobilise-sme.eu\/sk\/wp-json\/wp\/v2\/pages\/1557\/revisions\/"}],"predecessor-version":[{"id":2088,"href":"https:\/\/mobilise-sme.eu\/sk\/wp-json\/wp\/v2\/pages\/1557\/revisions\/2088\/"}],"wp:attachment":[{"href":"https:\/\/mobilise-sme.eu\/sk\/wp-json\/wp\/v2\/media\/?parent=1557"}],"curies":[{"name":"wp","href":"https:\/\/api.w.org\/{rel}","templated":true}]}}