{"id":2068,"date":"2021-03-02T09:39:13","date_gmt":"2021-03-02T09:39:13","guid":{"rendered":"https:\/\/mobilise-sme.eu\/home\/"},"modified":"2022-07-06T08:26:53","modified_gmt":"2022-07-06T06:26:53","slug":"home","status":"publish","type":"page","link":"https:\/\/mobilise-sme.eu\/sk\/","title":{"rendered":"Home"},"content":{"rendered":"<p>[vc_row css=&#8220;.vc_custom_1608032447507{padding-top: 200px !important;padding-bottom: 200px !important;background-image: url(https:\/\/mobilise-sme.eu\/wp-content\/uploads\/2020\/11\/portada.png?id=430) !important;background-position: center !important;background-repeat: no-repeat !important;background-size: cover !important;}&#8220; el_class=&#8220;bloque1&#8243;][vc_column width=&#8220;2\/5&#8243; css=&#8220;.vc_custom_1645599927086{padding-top: 20px !important;padding-right: 20px !important;padding-bottom: 15px !important;padding-left: 20px !important;background-color: rgba(0,74,135,0.9) !important;*background-color: rgb(0,74,135) !important;}&#8220; el_class=&#8220;bloque_azul&#8220;][vc_column_text css=&#8220;.vc_custom_1657088811012{margin-bottom: 15px !important;}&#8220;]<\/p>\n<p class=\"titulo\">MobiliseSME<\/p>\n<p class=\"text\" style=\"margin-bottom: 7px;\">MobiliseSME je program Eur\u00f3pskej \u00fanie (EURES, EASI). Jeho cie\u013eom je pom\u00e1ha\u0165 rozv\u00edja\u0165 zru\u010dnost\u00ed a schopnosti pracovn\u00edkov spolo\u010dnost\u00ed (zamestnancov, mana\u017e\u00e9rov a majite\u013eov alebo spolumajite\u013eov) prostredn\u00edctvom kr\u00e1tkodob\u00fdch cezhrani\u010dn\u00fdch v\u00fdmenn\u00fdch pobytov.<\/p>\n<p class=\"text\" style=\"margin-bottom: 7px;\">Vych\u00e1dzaj\u00fac z \u00faspe\u0161n\u00e9ho pilotn\u00e9ho programu <a href=\"https:\/\/www.european-entrepreneurs.org\/projects\/mobilisesme\/\" target=\"_blank\" rel=\"noopener noreferrer\">&#8222;MobiliseSME&#8220; (VS\/2015\/0354)<\/a>, ktor\u00fd v rokoch 2015 a\u017e 2017 realizovala European Entrepreneurs CEA-PME, je tento program zameran\u00fd na podporu \u013eud\u00ed, ktor\u00ed u\u017e maj\u00fa zamestnanie a chc\u00fa si vysk\u00fa\u0161a\u0165 cezhrani\u010dn\u00fa mobilitu v inej spolo\u010dnosti na obmedzen\u00fd \u010das, pri\u010dom si zachovaj\u00fa zmluvn\u00fd vz\u0165ah so svoj\u00edm zamestn\u00e1vate\u013eom.<\/p>\n<p>[\/vc_column_text][vc_btn title=&#8220;Viac inform\u00e1ci\u00ed&#8220; shape=&#8220;round&#8220; color=&#8220;white&#8220; align=&#8220;left&#8220; link=&#8220;url:https%3A%2F%2Fmobilise-sme.eu%2Fsk%2Fo-programe-mobilisesme%2F|title:Viac%20inform%C3%A1ci%C3%AD|&#8220; el_class=&#8220;boton-blanco boton-home1&#8243;][vc_column_text el_class=&#8220;boton-home2&#8243;]<\/p>\n<p class=\"homebutton\" style=\"text-align: center;\"><a href=\"https:\/\/mobilise-sme.eu\/wp-content\/uploads\/2020\/12\/MobiliseSME_Guide-for-participants-1.pdf\" target=\"_blank\" rel=\"noopener noreferrer\"><img src=\"https:\/\/mobilise-sme.eu\/wp-content\/uploads\/2020\/11\/Rectangle-42.png\" alt=\"icono documento\" \/> Sprievodca programom MobiliseSME<\/a><\/p>\n<p>[\/vc_column_text][\/vc_column][vc_column width=&#8220;3\/5&#8243;][\/vc_column][\/vc_row][vc_row content_placement=&#8220;middle&#8220; css=&#8220;.vc_custom_1602673164695{padding-top: 20px !important;padding-bottom: 20px !important;background-color: #efca34 !important;}&#8220; el_class=&#8220;bloque2&#8243;][vc_column][vc_column_text css=&#8220;.vc_custom_1602673371394{margin-bottom: 5px !important;}&#8220;]<\/p>\n<p class=\"titulo\" style=\"text-align: center;\">Kto sa m\u00f4\u017ee z\u00fa\u010dastni\u0165?<\/p>\n<p>[\/vc_column_text][vc_separator color=&#8220;white&#8220; border_width=&#8220;2&#8243; el_width=&#8220;10&#8243; css=&#8220;.vc_custom_1602673333400{margin-top: 0px !important;margin-bottom: 0px !important;}&#8220;][vc_row_inner][vc_column_inner width=&#8220;1\/2&#8243;][vc_single_image image=&#8220;1322&#8243; img_size=&#8220;full&#8220; alignment=&#8220;center&#8220; css=&#8220;.vc_custom_1604398623363{margin-bottom: 10px !important;}&#8220;][vc_column_text el_class=&#8220;texto-home&#8220;]<\/p>\n<p style=\"text-align: center;\"><strong>\u017diadatelia (MSP)<\/strong><\/p>\n<p style=\"text-align: center;\">\u017diadate\u013emi s\u00fa mal\u00e9 a stredn\u00e9 podniky (MSP). Do programu sa m\u00f4\u017eu prihl\u00e1si\u0165 tak, \u017ee sa zaregistruj\u00fa na sprostredkovate\u013eskej platforme alebo sa obr\u00e1tia na ktor\u00e9ko\u013evek lok\u00e1lne kontaktn\u00e9 miesto tohto programu v danej krajine.<\/p>\n<p>[\/vc_column_text][vc_btn title=&#8220;Viac inform\u00e1ci\u00ed&#8220; shape=&#8220;round&#8220; color=&#8220;white&#8220; align=&#8220;center&#8220; link=&#8220;url:https%3A%2F%2Fmobilise-sme.eu%2Fsk%2Fkto-sa-moze-zucastnit%2F|title:Viac%20inform%C3%A1ci%C3%AD|&#8220; el_class=&#8220;boton-blanco boton-desk&#8220;][\/vc_column_inner][vc_column_inner width=&#8220;1\/2&#8243;][vc_single_image image=&#8220;1328&#8243; img_size=&#8220;full&#8220; alignment=&#8220;center&#8220; css=&#8220;.vc_custom_1604398630351{margin-bottom: 10px !important;}&#8220;][vc_column_text el_class=&#8220;texto-home&#8220;]<\/p>\n<p style=\"text-align: center;\"><strong>\u00da\u010dastn\u00edci (zamestnanci, mana\u017e\u00e9ri a spolumajitelia)<\/strong><\/p>\n<p style=\"text-align: center;\">\u00da\u010dastn\u00edci s\u00fa pracovn\u00edci podnikov, ktor\u00e9 s\u00fa \u017eiadate\u013emi (MSP). Z\u00fa\u010dast\u0148uj\u00fa sa na programe MobiliseSME. Pojem \u00fa\u010dastn\u00edk zah\u0155\u0148a pracovn\u00edkov: zamestnancov, mana\u017e\u00e9rov a majite\u013eov alebo spolumajite\u013eov MSP.<\/p>\n<p>[\/vc_column_text][vc_btn title=&#8220;Viac inform\u00e1ci\u00ed&#8220; shape=&#8220;round&#8220; color=&#8220;white&#8220; align=&#8220;center&#8220; link=&#8220;url:https%3A%2F%2Fmobilise-sme.eu%2Fsk%2Fkto-sa-moze-zucastnit%2F|title:Viac%20inform%C3%A1ci%C3%AD|&#8220; el_class=&#8220;boton-blanco boton-desk&#8220;][\/vc_column_inner][vc_column_inner el_class=&#8220;boton-resp&#8220;][vc_btn title=&#8220;Viac inform\u00e1ci\u00ed&#8220; shape=&#8220;round&#8220; color=&#8220;white&#8220; align=&#8220;center&#8220; link=&#8220;url:https%3A%2F%2Fmobilise-sme.eu%2Fsk%2Fako-sa-zucastnit%2F|title:Viac%20inform%C3%A1ci%C3%AD|&#8220; el_class=&#8220;boton-blanco&#8220;][\/vc_column_inner][\/vc_row_inner][\/vc_column][\/vc_row][vc_row content_placement=&#8220;middle&#8220; css=&#8220;.vc_custom_1602674082740{padding-top: 20px !important;padding-bottom: 20px !important;}&#8220; el_class=&#8220;bloque3&#8243;][vc_column][vc_column_text css=&#8220;.vc_custom_1602674037059{margin-bottom: 5px !important;}&#8220;]<\/p>\n<p class=\"titulo\" style=\"text-align: center;\">Ako sa m\u00f4\u017eem z\u00fa\u010dastni\u0165?<\/p>\n<p>[\/vc_column_text][vc_separator color=&#8220;custom&#8220; border_width=&#8220;2&#8243; el_width=&#8220;10&#8243; css=&#8220;.vc_custom_1602674075761{margin-top: 0px !important;margin-bottom: 0px !important;}&#8220; accent_color=&#8220;#0d5387&#8243;][vc_row_inner css=&#8220;.vc_custom_1602762299583{padding-top: 30px !important;}&#8220;][vc_column_inner width=&#8220;1\/4&#8243;][vc_column_text]<\/p>\n<div class=\"number-block\">\n<p class=\"number\" style=\"text-align: center;\"><strong>1<\/strong><\/p>\n<\/div>\n<p class=\"text\" style=\"text-align: center;\">Kontaktujte va\u0161e lok\u00e1lne kontaktn\u00e9 miesto.<\/p>\n<p>[\/vc_column_text][\/vc_column_inner][vc_column_inner width=&#8220;1\/4&#8243;][vc_column_text]<\/p>\n<div class=\"number-block\">\n<p class=\"number\" style=\"text-align: center;\"><strong>2<\/strong><\/p>\n<\/div>\n<p class=\"text\" style=\"text-align: center;\">Zaregistrujte sa na sprostredkovate\u013eskej platforme a n\u00e1jdite si obchodn\u00e9ho partnera.<\/p>\n<p>[\/vc_column_text][\/vc_column_inner][vc_column_inner width=&#8220;1\/4&#8243;][vc_column_text]<\/p>\n<div class=\"number-block\">\n<p class=\"number\" style=\"text-align: center;\"><strong>3<\/strong><\/p>\n<\/div>\n<p class=\"text\" style=\"text-align: center;\">Vypracujte tzv. vzdel\u00e1vac\u00ed dokument MobiliseSME.<\/p>\n<p>[\/vc_column_text][\/vc_column_inner][vc_column_inner width=&#8220;1\/4&#8243;][vc_column_text]<\/p>\n<div class=\"number-block\">\n<p class=\"number\" style=\"text-align: center;\"><strong>4<\/strong><\/p>\n<\/div>\n<p class=\"text\" style=\"text-align: center;\">Pred odchodom!<\/p>\n<p>[\/vc_column_text][\/vc_column_inner][\/vc_row_inner][vc_row_inner el_class=&#8220;boton&#8220;][vc_column_inner][vc_btn title=&#8220;Viac inform\u00e1ci\u00ed&#8220; shape=&#8220;round&#8220; color=&#8220;blue&#8220; align=&#8220;center&#8220; link=&#8220;url:https%3A%2F%2Fmobilise-sme.eu%2Fsk%2Fako-sa-zucastnit%2F|title:Viac%20inform%C3%A1ci%C3%AD|&#8220;][\/vc_column_inner][\/vc_row_inner][\/vc_column][\/vc_row][vc_row content_placement=&#8220;middle&#8220; css=&#8220;.vc_custom_1602675566973{padding-top: 20px !important;padding-right: 0px !important;padding-bottom: 20px !important;padding-left: 0px !important;}&#8220; el_class=&#8220;bloque4&#8243;][vc_column][vc_row_inner el_class=&#8220;bloque4&#8243;][vc_column_inner el_class=&#8220;bloque-flecha&#8220; width=&#8220;1\/2&#8243; css=&#8220;.vc_custom_1639665576886{padding-top: 57.5px !important;padding-bottom: 57.5px !important;background-color: #efca34 !important;}&#8220;][vc_column_text]<\/p>\n<p class=\"flecha\"><a href=\"https:\/\/mobilise-sme.eu\/sk\/financna-podpora\/\">Finan\u010dn\u00e1 podpora<img src=\"https:\/\/mobilise-sme.eu\/wp-content\/uploads\/2020\/11\/flecha.png\" alt=\"Financial support\" \/><\/a><\/p>\n<p>[\/vc_column_text][\/vc_column_inner][vc_column_inner el_class=&#8220;bloque-flecha&#8220; width=&#8220;1\/2&#8243; css=&#8220;.vc_custom_1639665584465{padding-top: 57.5px !important;padding-bottom: 57.5px !important;background-color: #0d5387 !important;}&#8220;][vc_column_text]<\/p>\n<p class=\"flecha\"><a href=\"https:\/\/mobilise-sme.eu\/sk\/lokalne-kontaktne-miesta\/\">Lok\u00e1lne kontaktn\u00e9 miesta<img src=\"https:\/\/mobilise-sme.eu\/wp-content\/uploads\/2020\/11\/flecha.png\" alt=\"Local contact points\" \/><\/a><\/p>\n<p>[\/vc_column_text][\/vc_column_inner][\/vc_row_inner][\/vc_column][\/vc_row][vc_row content_placement=&#8220;middle&#8220; css=&#8220;.vc_custom_1606896014959{padding-top: 20px !important;padding-bottom: 0px !important;}&#8220; el_class=&#8220;bloque5&#8243;][vc_column][vc_column_text css=&#8220;.vc_custom_1602675887684{margin-bottom: 5px !important;}&#8220;]<\/p>\n<p class=\"titulo\" style=\"text-align: center;\">Novinky<\/p>\n<p>[\/vc_column_text][vc_separator color=&#8220;custom&#8220; border_width=&#8220;2&#8243; el_width=&#8220;10&#8243; css=&#8220;.vc_custom_1602674075761{margin-top: 0px !important;margin-bottom: 0px !important;}&#8220; accent_color=&#8220;#0d5387&#8243;][vc_row_inner css=&#8220;.vc_custom_1639993509948{padding-top: 30px !important;padding-right: 0px !important;padding-left: 0px !important;}&#8220;][vc_column_inner css=&#8220;.vc_custom_1606289082552{padding-right: 0px !important;padding-left: 0px !important;}&#8220;][vc_raw_html]JTVCc3Bfd3BjYXJvdXNlbCUyMGlkJTNEJTIyMzIyMyUyMiU1RA==[\/vc_raw_html][\/vc_column_inner][\/vc_row_inner][\/vc_column][\/vc_row][vc_row css=&#8220;.vc_custom_1608032515955{padding-top: 100px !important;padding-bottom: 100px !important;background-image: url(https:\/\/mobilise-sme.eu\/wp-content\/uploads\/2020\/11\/Rectangle-11.png?id=504) !important;background-position: center !important;background-repeat: no-repeat !important;background-size: cover !important;}&#8220; el_class=&#8220;bloque6&#8243;][vc_column width=&#8220;2\/5&#8243; css=&#8220;.vc_custom_1606895071608{padding-top: 30px !important;padding-right: 20px !important;padding-bottom: 20px !important;padding-left: 20px !important;background-color: rgba(239,202,52,0.9) !important;*background-color: rgb(239,202,52) !important;}&#8220;][vc_column_text]<\/p>\n<p class=\"titulo\">Vitajte na sprostredkovate\u013eskej platforme MobiliseSME<\/p>\n<p class=\"text\">Ak ste nov\u00fdm \u017eiadate\u013eom, ktor\u00fd chce zaregistrova\u0165 nov\u00fd MSP alebo in\u00fd podnikate\u013esk\u00fd subjekt, kliknite na tla\u010didlo \u201eZa\u010da\u0165 registr\u00e1ciu\u201c. Ak ste sa u\u017e zaregistrovali, kliknite na \u201ePrihl\u00e1si\u0165 sa\u201c.<\/p>\n<p class=\"text\">Kliknut\u00edm na \u201eSprievodca registr\u00e1ciou programu MobiliseSME\u201c sa zobraz\u00ed podrobn\u00fd n\u00e1vod, ako sa zaregistrova\u0165 na platforme.<\/p>\n<p class=\"text\">Bli\u017e\u0161ie inform\u00e1cie o tom, ako sa z\u00fa\u010dastni\u0165 na programe, z\u00edskate tie\u017e kliknut\u00edm na \u201eSprievodca programom MobiliseSME\u201c. Ni\u017e\u0161ie n\u00e1jdete inform\u00e1cie o po\u017eiadavk\u00e1ch, ktor\u00e9 musia splni\u0165 \u00fa\u010dastn\u00edci.<\/p>\n<p>[\/vc_column_text][vc_btn title=&#8220;Viac inform\u00e1ci\u00ed&#8220; shape=&#8220;round&#8220; color=&#8220;white&#8220; align=&#8220;left&#8220; link=&#8220;url:https%3A%2F%2Fmobilise-sme.eu%2Fsk%2Fsprostredkovatelska-platforma%2F|title:Viac%20inform%C3%A1ci%C3%AD|&#8220; css=&#8220;.vc_custom_1607952988802{margin-bottom: 0px !important;}&#8220;][\/vc_column][vc_column width=&#8220;3\/5&#8243;][\/vc_column][\/vc_row]<\/p>\n","protected":false},"excerpt":{"rendered":"<p>[vc_row css=&#8220;.vc_custom_1608032447507{padding-top: 200px !important;padding-bottom: 200px !important;background-image: url(https:\/\/mobilise-sme.eu\/wp-content\/uploads\/2020\/11\/portada.png?id=430) !important;background-position: center !important;background-repeat: no-repeat !important;background-size: cover !important;}&#8220; el_class=&#8220;bloque1&#8243;][vc_column width=&#8220;2\/5&#8243; css=&#8220;.vc_custom_1645599927086{padding-top: 20px !important;padding-right: 20px !important;padding-bottom: 15px !important;padding-left: 20px !important;background-color: rgba(0,74,135,0.9) !important;*background-color: rgb(0,74,135) !important;}&#8220; el_class=&#8220;bloque_azul&#8220;][vc_column_text css=&#8220;.vc_custom_1657088811012{margin-bottom: 15px !important;}&#8220;] MobiliseSME MobiliseSME je program Eur\u00f3pskej \u00fanie (EURES, EASI). Jeho cie\u013eom je pom\u00e1ha\u0165 rozv\u00edja\u0165 zru\u010dnost\u00ed a schopnosti pracovn\u00edkov spolo\u010dnost\u00ed (zamestnancov, mana\u017e\u00e9rov a majite\u013eov alebo spolumajite\u013eov) prostredn\u00edctvom kr\u00e1tkodob\u00fdch cezhrani\u010dn\u00fdch v\u00fdmenn\u00fdch pobytov. Vych\u00e1dzaj\u00fac z \u00faspe\u0161n\u00e9ho pilotn\u00e9ho programu &#8222;MobiliseSME&#8220; (VS\/2015\/0354), ktor\u00fd v rokoch 2015 a\u017e 2017 realizovala European Entrepreneurs CEA-PME, je tento program zameran\u00fd na podporu \u013eud\u00ed, ktor\u00ed u\u017e maj\u00fa zamestnanie a chc\u00fa si vysk\u00fa\u0161a\u0165 cezhrani\u010dn\u00fa mobilitu v inej spolo\u010dnosti na [&hellip;]<\/p>\n","protected":false},"author":1,"featured_media":0,"parent":0,"menu_order":0,"comment_status":"closed","ping_status":"closed","template":"","meta":[],"yoast_head":"<!-- This site is optimized with the Yoast SEO plugin v15.4 - https:\/\/yoast.com\/wordpress\/plugins\/seo\/ -->\n<title>Home - Mobilsesme<\/title>\n<meta name=\"description\" content=\"Mobilsesme\" \/>\n<meta name=\"robots\" content=\"index, follow, max-snippet:-1, max-image-preview:large, max-video-preview:-1\" \/>\n<link rel=\"canonical\" href=\"https:\/\/mobilise-sme.eu\/sk\/\" \/>\n<meta property=\"og:locale\" content=\"sk_SK\" \/>\n<meta property=\"og:type\" content=\"article\" \/>\n<meta property=\"og:title\" content=\"Home - Mobilsesme\" \/>\n<meta property=\"og:description\" content=\"Mobilsesme\" \/>\n<meta property=\"og:url\" content=\"https:\/\/mobilise-sme.eu\/sk\/\" \/>\n<meta property=\"og:site_name\" content=\"Mobilsesme\" \/>\n<meta property=\"article:modified_time\" content=\"2022-07-06T06:26:53+00:00\" \/>\n<meta property=\"og:image\" content=\"https:\/\/mobilise-sme.eu\/wp-content\/uploads\/2021\/02\/logo_mobilisesme-1536x292-1.png\" \/>\n\t<meta property=\"og:image:width\" content=\"1536\" \/>\n\t<meta property=\"og:image:height\" content=\"292\" \/>\n<meta name=\"twitter:card\" content=\"summary_large_image\" \/>\n<meta name=\"twitter:image\" content=\"https:\/\/mobilise-sme.eu\/wp-content\/uploads\/2021\/02\/logo_mobilisesme-1536x292-1.png\" \/>\n<meta name=\"twitter:label1\" content=\"Written by\">\n\t<meta name=\"twitter:data1\" content=\"sumaysube\">\n\t<meta name=\"twitter:label2\" content=\"Est. reading time\">\n\t<meta name=\"twitter:data2\" content=\"5 min\u00fat\">\n<script type=\"application\/ld+json\" class=\"yoast-schema-graph\">{\"@context\":\"https:\/\/schema.org\",\"@graph\":[{\"@type\":\"WebSite\",\"@id\":\"https:\/\/mobilise-sme.eu\/#website\",\"url\":\"https:\/\/mobilise-sme.eu\/\",\"name\":\"Mobilsesme\",\"description\":\"Otro sitio realizado con WordPress\",\"potentialAction\":[{\"@type\":\"SearchAction\",\"target\":\"https:\/\/mobilise-sme.eu\/?s={search_term_string}\",\"query-input\":\"required name=search_term_string\"}],\"inLanguage\":\"sk-SK\"},{\"@type\":\"ImageObject\",\"@id\":\"https:\/\/mobilise-sme.eu\/sk\/#primaryimage\",\"inLanguage\":\"sk-SK\",\"url\":\"https:\/\/mobilise-sme.eu\/wp-content\/uploads\/2020\/11\/Rectangle-42.png\",\"width\":22,\"height\":23},{\"@type\":\"WebPage\",\"@id\":\"https:\/\/mobilise-sme.eu\/sk\/#webpage\",\"url\":\"https:\/\/mobilise-sme.eu\/sk\/\",\"name\":\"Home - Mobilsesme\",\"isPartOf\":{\"@id\":\"https:\/\/mobilise-sme.eu\/#website\"},\"primaryImageOfPage\":{\"@id\":\"https:\/\/mobilise-sme.eu\/sk\/#primaryimage\"},\"datePublished\":\"2021-03-02T09:39:13+00:00\",\"dateModified\":\"2022-07-06T06:26:53+00:00\",\"description\":\"Mobilsesme\",\"inLanguage\":\"sk-SK\",\"potentialAction\":[{\"@type\":\"ReadAction\",\"target\":[\"https:\/\/mobilise-sme.eu\/sk\/\"]}]}]}<\/script>\n<!-- \/ Yoast SEO plugin. -->","_links":{"self":[{"href":"https:\/\/mobilise-sme.eu\/sk\/wp-json\/wp\/v2\/pages\/2068\/"}],"collection":[{"href":"https:\/\/mobilise-sme.eu\/sk\/wp-json\/wp\/v2\/pages\/"}],"about":[{"href":"https:\/\/mobilise-sme.eu\/sk\/wp-json\/wp\/v2\/types\/page\/"}],"author":[{"embeddable":true,"href":"https:\/\/mobilise-sme.eu\/sk\/wp-json\/wp\/v2\/users\/1\/"}],"replies":[{"embeddable":true,"href":"https:\/\/mobilise-sme.eu\/sk\/wp-json\/wp\/v2\/comments\/?post=2068"}],"version-history":[{"count":18,"href":"https:\/\/mobilise-sme.eu\/sk\/wp-json\/wp\/v2\/pages\/2068\/revisions\/"}],"predecessor-version":[{"id":4177,"href":"https:\/\/mobilise-sme.eu\/sk\/wp-json\/wp\/v2\/pages\/2068\/revisions\/4177\/"}],"wp:attachment":[{"href":"https:\/\/mobilise-sme.eu\/sk\/wp-json\/wp\/v2\/media\/?parent=2068"}],"curies":[{"name":"wp","href":"https:\/\/api.w.org\/{rel}","templated":true}]}}