{"id":2083,"date":"2021-03-02T09:47:04","date_gmt":"2021-03-02T09:47:04","guid":{"rendered":"https:\/\/mobilise-sme.eu\/lokalne-kontaktne-miesta\/"},"modified":"2022-09-29T12:28:32","modified_gmt":"2022-09-29T10:28:32","slug":"lokalne-kontaktne-miesta","status":"publish","type":"page","link":"https:\/\/mobilise-sme.eu\/sk\/lokalne-kontaktne-miesta\/","title":{"rendered":"Lok\u00e1lne kontaktn\u00e9 miesta"},"content":{"rendered":"<p>[vc_row el_class=&#8220;espaciado bloquelocal&#8220;][vc_column css=&#8220;.vc_custom_1602769966142{padding-top: 20px !important;}&#8220;][vc_column_text css=&#8220;.vc_custom_1602769996122{margin-bottom: 5px !important;}&#8220;]<\/p>\n<p class=\"titulo-blue\" style=\"text-align: center;\">Lok\u00e1lne kontaktn\u00e9 miesta<\/p>\n<p>[\/vc_column_text][vc_separator color=&#8220;custom&#8220; border_width=&#8220;2&#8243; el_width=&#8220;20&#8243; accent_color=&#8220;#0d5387&#8243;][vc_column_text]Ak m\u00e1te z\u00e1ujem o \u00fa\u010das\u0165 na programe MobiliseSME, m\u00f4\u017eete kontaktova\u0165 ktor\u00fdko\u013evek z ni\u017e\u0161ie uveden\u00fdch subjektov.<\/p>\n<p>S\u00fa to subjekty, ako napr\u00edklad obchodn\u00e9 komory, inova\u010dn\u00e9 agent\u00fary, nad\u00e1cie, asoci\u00e1cie obchodn\u00fdch kom\u00f4r, obchodn\u00e9 organiz\u00e1cie, univerzity a podnikate\u013esk\u00e9 inkub\u00e1tory.<\/p>\n<p>Tieto subjekty boli ofici\u00e1lne ustanoven\u00e9<strong> programom EASI<\/strong> s cie\u013eom pom\u00e1ha\u0165 nadv\u00e4zova\u0165 kontakty medzi MSP v E\u00da v r\u00e1mci programu MobiliseSME.<\/p>\n<p>Ak sa vo va\u0161ej krajine nenach\u00e1dza lok\u00e1lne kontaktn\u00e9 miesto, kontaktujte <em>support@mobilise-sme.eu<\/em>. N\u00e1sledne v\u00e1m bude pridelen\u00e9 jedno z lok\u00e1lnych kontaktn\u00fdch miest.<\/p>\n<p>[\/vc_column_text][\/vc_column][\/vc_row][vc_row el_class=&#8220;espaciado2&#8243;][vc_column width=&#8220;1\/3&#8243; el_class=&#8220;bloquelocal2&#8243;][vc_raw_html]PGRpdiBjbGFzcz0ic2VsZWNjaW9uLWNpdWRhZCI+DQo8cCBjbGFzcz0ic2VsZWN0LWNvdW50cnkiPlZ5YmVydGUgc2kgc3ZvanUga3JhamludTwvcD4NCjxzZWxlY3Q+DQo8b3B0aW9uIHZhbHVlPSJtYXAiPktyYWppbmE8L29wdGlvbj4NCjxvcHRpb24gdmFsdWU9Im1hcCI+QWxiw6Fuc2tvPC9vcHRpb24+DQo8b3B0aW9uIHZhbHVlPSJhdXN0cmlhIj5SYWvDunNrbzwvb3B0aW9uPg0KPG9wdGlvbiB2YWx1ZT0iYmVsZ2l1bSI+QmVsZ2lja288L29wdGlvbj4NCjxvcHRpb24gdmFsdWU9Im1hcCI+QnVsaGFyc2tvPC9vcHRpb24+DQo8b3B0aW9uIHZhbHVlPSJjcm9hdGlhIj5DaG9ydsOhdHNrbzwvb3B0aW9uPg0KPG9wdGlvbiB2YWx1ZT0ibWFwIj5DeXBydXM8L29wdGlvbj4NCjxvcHRpb24gdmFsdWU9Im1hcCI+xIxlc2vDoSByZXB1Ymxpa2E8L29wdGlvbj4NCjxvcHRpb24gdmFsdWU9Im1hcCI+RMOhbnNrbzwvb3B0aW9uPg0KPG9wdGlvbiB2YWx1ZT0ibWFwIj5OZW1lY2tvPC9vcHRpb24+DQo8b3B0aW9uIHZhbHVlPSJtYXAiPkVzdMOzbnNrbzwvb3B0aW9uPg0KPG9wdGlvbiB2YWx1ZT0ibWFwIj5Gw61uc2tvPC9vcHRpb24+DQo8b3B0aW9uIHZhbHVlPSJtYXAiPlNldmVyb21hY2Vkw7Nuc2thIHJlcHVibGlrYTwvb3B0aW9uPg0KPG9wdGlvbiB2YWx1ZT0iZnJhbmNlIj5GcmFuY8O6enNrbzwvb3B0aW9uPg0KPG9wdGlvbiB2YWx1ZT0iZ3JlZWNlIj5HcsOpY2tvPC9vcHRpb24+DQo8b3B0aW9uIHZhbHVlPSJtYXAiPk1hxI9hcnNrbzwvb3B0aW9uPg0KPG9wdGlvbiB2YWx1ZT0ibWFwIj5Jc2xhbmQ8L29wdGlvbj4NCjxvcHRpb24gdmFsdWU9ImlyZWxhbmQiPsONcnNrbzwvb3B0aW9uPg0KPG9wdGlvbiB2YWx1ZT0iaXRhbHkyIj5UYWxpYW5za288L29wdGlvbj4NCjxvcHRpb24gdmFsdWU9Im1hcCI+TGl0dmE8L29wdGlvbj4NCjxvcHRpb24gdmFsdWU9ImJlbGdpdW0iPkx1eGVtYnVyc2tvPC9vcHRpb24+DQo8b3B0aW9uIHZhbHVlPSJtYXAiPk1hbHRhPC9vcHRpb24+DQo8b3B0aW9uIHZhbHVlPSJtb250ZW5lZ3JvIj7EjGllcm5hIEhvcmE8L29wdGlvbj4NCjxvcHRpb24gdmFsdWU9ImJlbGdpdW0iPkhvbGFuZHNrbzwvb3B0aW9uPg0KPG9wdGlvbiB2YWx1ZT0ibWFwIj5Qb8S+c2tvPC9vcHRpb24+DQo8b3B0aW9uIHZhbHVlPSJtYXAiPlBvcnR1Z2Fsc2tvPC9vcHRpb24+DQo8b3B0aW9uIHZhbHVlPSJzZXJiaWEiPlNyYnNrbzwvb3B0aW9uPg0KPG9wdGlvbiB2YWx1ZT0iaXRhbHkiPlNsb3ZlbnNrw6EgcmVwdWJsaWthPC9vcHRpb24+DQo8b3B0aW9uIHZhbHVlPSJzbG92ZW5pYSI+U2xvdmluc2tvPC9vcHRpb24+DQo8b3B0aW9uIHZhbHVlPSJzcGFpbiI+xaBwYW5pZWxza288L29wdGlvbj4NCjwvc2VsZWN0PjwvZGl2Pg==[\/vc_raw_html][vc_wp_text]<\/p>\n<div class=\"map box\">\n<p class=\"titulo-select\"><strong>Program MobiliseSME<\/strong><\/p>\n<p class=\"nombre\"><strong>Ak sa vo va\u0161ej krajine nenach\u00e1dza lok\u00e1lne kontaktn\u00e9 miesto, kontaktujte n\u00e1s na uvedenej e-mailovej adrese:<\/strong><\/p>\n<p class=\"mail\"><img src=\"https:\/\/mobilise-sme.eu\/wp-content\/uploads\/2020\/11\/mail.png\" \/> <a href=\"mailto:support@mobilise-sme.eu\" target=\"_blank\" rel=\"noopener noreferrer\">support@mobilise-sme.eu<\/a><\/p>\n<\/div>\n<p>[\/vc_wp_text][vc_wp_text]<\/p>\n<div class=\"belgium box\">\n<p class=\"titulo-select\"><strong>Official Spanish Chamber of Commerce in Belgium and Luxembourg (CAMARABELUX, Belgicko)<\/strong><\/p>\n<div class=\"boton\"><a>https:\/\/e-camara.com\/web\/<\/a><\/div>\n<p class=\"nombre\"><strong>Noelia S\u00e1nchez, EU Project Manager<\/strong><\/p>\n<p class=\"nombre\"><strong>Marta Gonz\u00e1lez, Secretary General<\/strong><\/p>\n<p class=\"mail\"><img src=\"https:\/\/mobilise-sme.eu\/wp-content\/uploads\/2020\/11\/mail.png\" \/> <a href=\"mailto:mobilisesme@e-camara.com\" target=\"_blank\" rel=\"noopener noreferrer\">mobilisesme@e-camara.com<\/a><\/p>\n<p class=\"telefono\"><img src=\"https:\/\/mobilise-sme.eu\/wp-content\/uploads\/2020\/11\/phone.png\" \/> +32 2517 17 40<\/p>\n<\/div>\n<p>[\/vc_wp_text][vc_wp_text]<\/p>\n<div class=\"spain box\">\n<p class=\"titulo-select\"><strong>Fundaci\u00f3n Equipo Humano (FEH, \u0160panielsko)<\/strong><\/p>\n<div class=\"boton\"><a href=\"https:\/\/fundacionequipohumano.es\/\" target=\"_blank\" rel=\"noopener noreferrer\">www.fundacionequipohumano.es<\/a><\/div>\n<p class=\"nombre\"><strong>Alfonso Cadenas Ca\u00f1am\u00e1s, EU Project Coordinator<\/strong><\/p>\n<p class=\"mail\"><img src=\"https:\/\/mobilise-sme.eu\/wp-content\/uploads\/2020\/11\/mail.png\" \/> <a href=\"mailto:alfonso.cadenas@fundacionequipohumano.es\" target=\"_blank\" rel=\"noopener noreferrer\">alfonso.cadenas@fundacionequipohumano.es<\/a><\/p>\n<p class=\"nombre\"><strong>Jose Enrique Val, EU Project Manager<\/strong><\/p>\n<p class=\"mail\"><img src=\"https:\/\/mobilise-sme.eu\/wp-content\/uploads\/2020\/11\/mail.png\" \/> <a href=\"mailto:je.val@fundacionequipohumano.es\">je.val@fundacionequipohumano.es<\/a><\/p>\n<p class=\"telefono\"><img src=\"https:\/\/mobilise-sme.eu\/wp-content\/uploads\/2020\/11\/phone.png\" \/> +34 670 36 72 16 +34 963 468 580<\/p>\n<\/div>\n<p>[\/vc_wp_text][vc_wp_text]<\/p>\n<div class=\"ireland box\">\n<p class=\"titulo-select\"><strong>Dublin Chamber of Commerce (DCC, \u00cdrsko)<\/strong><\/p>\n<div class=\"boton\"><a href=\"https:\/\/www.dublinchamber.ie\/\" target=\"_blank\" rel=\"noopener noreferrer\">https:\/\/www.dublinchamber.ie\/ <\/a><\/div>\n<p class=\"nombre\"><strong>Maria Deady, International Project Manager<\/strong><\/p>\n<p class=\"nombre\"><strong>Miriam Tuomey, Project Executive<\/strong><\/p>\n<p class=\"mail\"><img src=\"https:\/\/mobilise-sme.eu\/wp-content\/uploads\/2020\/11\/mail.png\" \/> <a href=\"mailto:international@dublinchamber.ie\">international@dublinchamber.ie<\/a><\/p>\n<p class=\"telefono\"><img src=\"https:\/\/mobilise-sme.eu\/wp-content\/uploads\/2020\/11\/phone.png\" \/> +353 1 6447200<\/p>\n<\/div>\n<p>[\/vc_wp_text][vc_wp_text]<\/p>\n<div class=\"serbia box\">\n<p class=\"titulo-select\"><strong>Business incubator Novi Sad Drustvo SA, (BINS, Srbsko)<\/strong><\/p>\n<div class=\"boton\"><a href=\"http:\/\/inkubator.biz\" target=\"_blank\" rel=\"noopener noreferrer\">http:\/\/inkubator.biz<\/a><\/div>\n<p class=\"mail\"><img src=\"https:\/\/mobilise-sme.eu\/wp-content\/uploads\/2020\/11\/mail.png\" \/> <a href=\"mailto:mobilisesme@inkubator.biz\">mobilisesme@inkubator.biz<\/a><\/p>\n<p class=\"telefono\"><img src=\"https:\/\/mobilise-sme.eu\/wp-content\/uploads\/2020\/11\/phone.png\" \/> +381 21 3000 300<\/p>\n<\/div>\n<p>[\/vc_wp_text][vc_wp_text]<\/p>\n<div class=\"croatia box\">\n<p class=\"titulo-select\"><strong><b>Tera Tehnopolis d.o.o.<\/b> (TERA, Chorv\u00e1tsko)<\/strong><\/p>\n<div class=\"boton\"><a href=\"http:\/\/web.tera.hr\/\" target=\"_blank\" rel=\"noopener noreferrer\">http:\/\/web.tera.hr\/<\/a><\/div>\n<p class=\"nombre\"><strong>Ivana Duman\u010di\u0107, Associate Expert<\/strong><\/p>\n<p class=\"mail\"><img src=\"https:\/\/mobilise-sme.eu\/wp-content\/uploads\/2020\/11\/mail.png\" \/> <a href=\"mailto:ivana@tera.hr\">ivana@tera.hr<\/a><\/p>\n<p class=\"telefono\"><img src=\"https:\/\/mobilise-sme.eu\/wp-content\/uploads\/2020\/11\/phone.png\" \/> +38 531 251 000<\/p>\n<\/div>\n<p>[\/vc_wp_text][vc_wp_text]<\/p>\n<div class=\"italy box\">\n<p class=\"titulo-select\"><strong>Taliansko-Slovensk\u00e1 obchodn\u00e1 komora (CCIS-TSOK, Slovensko)<\/strong><\/p>\n<div class=\"boton\"><a href=\"www.camit.sk\" target=\"_blank\" rel=\"noopener noreferrer\">www.camit.sk<\/a><\/div>\n<p class=\"mail\"><img src=\"https:\/\/mobilise-sme.eu\/wp-content\/uploads\/2020\/11\/mail.png\" \/> <a href=\"mailto:info@camitslovakia.sk\">info@camitslovakia.sk<\/a><\/p>\n<p class=\"telefono\"><img src=\"https:\/\/mobilise-sme.eu\/wp-content\/uploads\/2020\/11\/phone.png\" \/> +42 1948 899 880<\/p>\n<\/div>\n<p>[\/vc_wp_text][vc_wp_text]<\/p>\n<div class=\"slovenia box\">\n<p class=\"titulo-select\"><strong>BSC, poslovno podporni center, d.o.o., Kranj (BSC, Slovinsko)<\/strong><\/p>\n<div class=\"boton\"><a href=\"http:\/\/www.bsc-kranj.si\/\" target=\"_blank\" rel=\"noopener noreferrer\">http:\/\/www.bsc-kranj.si\/<\/a><\/div>\n<p class=\"mail\"><img src=\"https:\/\/mobilise-sme.eu\/wp-content\/uploads\/2020\/11\/mail.png\" \/> <a href=\"mailto:Nives.justin@bsc-kranj.si\">Nives.justin@bsc-kranj.si<\/a><\/p>\n<p class=\"mail\"><img src=\"https:\/\/mobilise-sme.eu\/wp-content\/uploads\/2020\/11\/mail.png\" \/> <a href=\"mailto:tamara.mravinec@bsc-kranj.si\">tamara.mravinec@bsc-kranj.si<\/a><\/p>\n<p class=\"telefono\"><img src=\"https:\/\/mobilise-sme.eu\/wp-content\/uploads\/2020\/11\/phone.png\" \/> +386 4 28 17 247<\/p>\n<p class=\"telefono\"><img src=\"https:\/\/mobilise-sme.eu\/wp-content\/uploads\/2020\/11\/phone.png\" \/> + 386 4 77 77 250<\/p>\n<\/div>\n<p>[\/vc_wp_text][vc_wp_text]<\/p>\n<div class=\"italy2 box\">\n<p class=\"titulo-select\"><strong>The Forum of the Adriatic and Ionian Chambers of Commerce (FORUM, Taliansko)<\/strong><\/p>\n<div class=\"boton\"><a href=\"https:\/\/www.forumaic.org\/\" target=\"_blank\" rel=\"noopener noreferrer\">https:\/\/www.forumaic.org\/<\/a><\/div>\n<p>&nbsp;<\/p>\n<p class=\"mail\"><img src=\"https:\/\/mobilise-sme.eu\/wp-content\/uploads\/2020\/11\/mail.png\" \/> <a href=\"mailto:segreteria.forum@marche.camcom.it\">segreteria.forum@marche.camcom.it<\/a><\/p>\n<p class=\"nombre\"><strong>Alina Nistor<\/strong><\/p>\n<p class=\"mail\"><img src=\"https:\/\/mobilise-sme.eu\/wp-content\/uploads\/2020\/11\/mail.png\" \/> <a href=\"mailto:alina.nistor@marche.camcom.it\">alina.nistor@marche.camcom.it<\/a><\/p>\n<\/div>\n<p>[\/vc_wp_text][vc_wp_text]<\/p>\n<div class=\"austria box\">\n<p class=\"titulo-select\"><strong>Chamber of Commerce of Austria (WKO, Rak\u00fasko)<\/strong><\/p>\n<div class=\"boton\"><a href=\"https:\/\/wko.at\" target=\"_blank\" rel=\"noopener noreferrer\">https:\/\/wko.at<\/a><\/div>\n<p class=\"nombre\"><strong>Christoph Huter<\/strong><\/p>\n<p class=\"mail\"><img src=\"https:\/\/mobilise-sme.eu\/wp-content\/uploads\/2020\/11\/mail.png\" \/> <a href=\"mailto:christoph.huter@wko.at\">christoph.huter@wko.at<\/a><\/p>\n<p class=\"telefono\"><img src=\"https:\/\/mobilise-sme.eu\/wp-content\/uploads\/2020\/11\/phone.png\" \/> +43 590900-3220<\/p>\n<p class=\"nombre\"><strong>Thomas Reichenbach<\/strong><\/p>\n<p class=\"mail\"><img src=\"https:\/\/mobilise-sme.eu\/wp-content\/uploads\/2020\/11\/mail.png\" \/> <a href=\"mailto:thomas.reichenbach@wko.at\">thomas.reichenbach@wko.at<\/a><\/p>\n<p class=\"telefono\"><img src=\"https:\/\/mobilise-sme.eu\/wp-content\/uploads\/2020\/11\/phone.png\" \/> +43 590900-4077<\/p>\n<\/div>\n<div class=\"austria box\">\n<p class=\"titulo-select\"><b>Internationaler Fachkr\u00e4fteaustausch (IFA)<\/b><\/p>\n<div class=\"boton\"><a href=\"https:\/\/ifa.or.at\/\" target=\"_blank\" rel=\"noopener noreferrer\">https:\/\/ifa.or.at\/<\/a><\/div>\n<p class=\"nombre\"><strong>Chirstina Prohammer<\/strong><\/p>\n<p class=\"mail\"><img src=\"https:\/\/mobilise-sme.eu\/wp-content\/uploads\/2020\/11\/mail.png\" \/> <a href=\"mailto:prohammer@ifa.or.at\">prohammer@ifa.or.at<\/a><\/p>\n<p class=\"telefono\"><img src=\"https:\/\/mobilise-sme.eu\/wp-content\/uploads\/2020\/11\/phone.png\" \/> +43-1-3665544-13<\/p>\n<\/div>\n<p>[\/vc_wp_text][vc_wp_text]<\/p>\n<div class=\"greece box\">\n<p class=\"titulo-select\"><strong>Association of Thessalian Enterprises and Industries (STHEV, Gr\u00e9cko)<\/strong><\/p>\n<div class=\"boton\"><a href=\"www.sthev.gr\" target=\"_blank\" rel=\"noopener noreferrer\">www.sthev.gr<\/a><\/div>\n<p class=\"nombre\"><strong>Eleni Evagelopoulou<\/strong><\/p>\n<p class=\"mail\"><img src=\"https:\/\/mobilise-sme.eu\/wp-content\/uploads\/2020\/11\/mail.png\" \/> <a href=\"mailto:education@sthev.gr\">education@sthev.gr<\/a><\/p>\n<\/div>\n<p>[\/vc_wp_text][vc_wp_text]<\/p>\n<div class=\"france box\">\n<p class=\"titulo-select\"><strong>Chamber of Commerce and Industry of Nouvelle-Aquitaine (CCI-NA, Franc\u00fazsko)<\/strong><\/p>\n<div class=\"boton\"><a href=\"www.nouvelle-aquitaine.cci.fr\" target=\"_blank\" rel=\"noopener noreferrer\">www.nouvelle-aquitaine.cci.fr<\/a><\/div>\n<p class=\"nombre\"><strong>Stephanie VINCENT<\/strong><\/p>\n<p class=\"mail\"><img src=\"https:\/\/mobilise-sme.eu\/wp-content\/uploads\/2020\/11\/mail.png\" \/> <a href=\"mailto:stephanie.vincent@nouvelle-aquitaine.cci.fr\">stephanie.vincent@nouvelle-aquitaine.cci.fr<\/a><\/p>\n<p class=\"telefono\"><img src=\"https:\/\/mobilise-sme.eu\/wp-content\/uploads\/2020\/11\/phone.png\" \/> +33556112813<\/p>\n<\/div>\n<p>[\/vc_wp_text][vc_wp_text]<\/p>\n<div class=\"montenegro box\">\n<p class=\"titulo-select\"><strong>Chamber of Economy of Montenegro (CEM, \u010cierna Hora)<\/strong><\/p>\n<div class=\"boton\"><a href=\"www.privrednakomora.me\" target=\"_blank\" rel=\"noopener noreferrer\">www.privrednakomora.me<\/a><\/div>\n<p class=\"mail\"><img src=\"https:\/\/mobilise-sme.eu\/wp-content\/uploads\/2020\/11\/mail.png\" \/> pkcg@pkcg.org<\/p>\n<p class=\"telefono\"><img src=\"https:\/\/mobilise-sme.eu\/wp-content\/uploads\/2020\/11\/phone.png\" \/> +38 22 0230706<\/p>\n<\/div>\n<p>[\/vc_wp_text][\/vc_column][vc_column width=&#8220;2\/3&#8243; css=&#8220;.vc_custom_1639998394058{margin-right: 0px !important;margin-left: 0px !important;padding-right: 0px !important;padding-left: 0px !important;}&#8220; el_class=&#8220;mapa&#8220;][vc_wp_text]<\/p>\n<div class=\"map box\"><img loading=\"lazy\" src=\"https:\/\/mobilise-sme.eu\/wp-content\/uploads\/2020\/11\/map_2.png\" alt=\"\" width=\"100%\" height=\"auto\" \/><\/div>\n<p>[\/vc_wp_text][vc_wp_text]<\/p>\n<div class=\"belgium box\"><img loading=\"lazy\" src=\"https:\/\/mobilise-sme.eu\/wp-content\/uploads\/2020\/11\/CAMARABELUX.png\" alt=\"\" width=\"100%\" height=\"auto\" \/><\/div>\n<p>[\/vc_wp_text][vc_wp_text]<\/p>\n<div class=\"spain box\"><img loading=\"lazy\" src=\"https:\/\/mobilise-sme.eu\/wp-content\/uploads\/2020\/11\/FEH.png\" alt=\"\" width=\"100%\" height=\"auto\" \/><\/div>\n<p>[\/vc_wp_text][vc_wp_text]<\/p>\n<div class=\"ireland box\"><img loading=\"lazy\" src=\"https:\/\/mobilise-sme.eu\/wp-content\/uploads\/2020\/11\/DCC.png\" alt=\"\" width=\"100%\" height=\"auto\" \/><\/div>\n<p>[\/vc_wp_text][vc_wp_text]<\/p>\n<div class=\"serbia box\"><img loading=\"lazy\" src=\"https:\/\/mobilise-sme.eu\/wp-content\/uploads\/2020\/11\/BINS.png\" alt=\"\" width=\"100%\" height=\"auto\" \/><\/div>\n<p>[\/vc_wp_text][vc_wp_text]<\/p>\n<div class=\"croatia box\"><img loading=\"lazy\" src=\"https:\/\/mobilise-sme.eu\/wp-content\/uploads\/2021\/03\/TERA-1.jpg\" alt=\"\" width=\"100%\" height=\"auto\" \/><\/div>\n<p>[\/vc_wp_text][vc_wp_text]<\/p>\n<div class=\"italy box\"><img loading=\"lazy\" src=\"https:\/\/mobilise-sme.eu\/wp-content\/uploads\/2021\/03\/CCIS-TSOK-1.jpg\" alt=\"\" width=\"100%\" height=\"auto\" \/><\/div>\n<p>[\/vc_wp_text][vc_wp_text]<\/p>\n<div class=\"slovenia box\"><img loading=\"lazy\" src=\"https:\/\/mobilise-sme.eu\/wp-content\/uploads\/2020\/11\/BSC-2.png\" alt=\"\" width=\"100%\" height=\"auto\" \/><\/div>\n<p>[\/vc_wp_text][vc_wp_text]<\/p>\n<div class=\"italy2 box\"><img loading=\"lazy\" src=\"https:\/\/mobilise-sme.eu\/wp-content\/uploads\/2020\/11\/FORUM.png\" alt=\"\" width=\"100%\" height=\"auto\" \/><\/div>\n<p>[\/vc_wp_text][vc_wp_text]<\/p>\n<div class=\"austria box\"><img loading=\"lazy\" src=\"https:\/\/mobilise-sme.eu\/wp-content\/uploads\/2020\/11\/WKO.png\" alt=\"\" width=\"100%\" height=\"auto\" \/><\/div>\n<p>[\/vc_wp_text][vc_wp_text]<\/p>\n<div class=\"greece box\"><img loading=\"lazy\" src=\"https:\/\/mobilise-sme.eu\/wp-content\/uploads\/2020\/11\/STHEV.png\" alt=\"\" width=\"100%\" height=\"auto\" \/><\/div>\n<p>[\/vc_wp_text][vc_wp_text]<\/p>\n<div class=\"france box\"><img loading=\"lazy\" src=\"https:\/\/mobilise-sme.eu\/wp-content\/uploads\/2020\/11\/CCI-NA.png\" alt=\"\" width=\"100%\" height=\"auto\" \/><\/div>\n<p>[\/vc_wp_text][vc_wp_text]<\/p>\n<div class=\"montenegro box\"><img loading=\"lazy\" src=\"https:\/\/mobilise-sme.eu\/wp-content\/uploads\/2020\/11\/CEM.png\" alt=\"\" width=\"100%\" height=\"auto\" \/><\/div>\n<p>[\/vc_wp_text][\/vc_column][\/vc_row]<\/p>\n","protected":false},"excerpt":{"rendered":"<p>[vc_row el_class=&#8220;espaciado bloquelocal&#8220;][vc_column css=&#8220;.vc_custom_1602769966142{padding-top: 20px !important;}&#8220;][vc_column_text css=&#8220;.vc_custom_1602769996122{margin-bottom: 5px !important;}&#8220;] Lok\u00e1lne kontaktn\u00e9 miesta [\/vc_column_text][vc_separator color=&#8220;custom&#8220; border_width=&#8220;2&#8243; el_width=&#8220;20&#8243; accent_color=&#8220;#0d5387&#8243;][vc_column_text]Ak m\u00e1te z\u00e1ujem o \u00fa\u010das\u0165 na programe MobiliseSME, m\u00f4\u017eete kontaktova\u0165 ktor\u00fdko\u013evek z ni\u017e\u0161ie uveden\u00fdch subjektov. S\u00fa to subjekty, ako napr\u00edklad obchodn\u00e9 komory, inova\u010dn\u00e9 agent\u00fary, nad\u00e1cie, asoci\u00e1cie obchodn\u00fdch kom\u00f4r, obchodn\u00e9 organiz\u00e1cie, univerzity a podnikate\u013esk\u00e9 inkub\u00e1tory. Tieto subjekty boli ofici\u00e1lne ustanoven\u00e9 programom EASI s cie\u013eom pom\u00e1ha\u0165 nadv\u00e4zova\u0165 kontakty medzi MSP v E\u00da v r\u00e1mci programu MobiliseSME. Ak sa vo va\u0161ej krajine nenach\u00e1dza lok\u00e1lne kontaktn\u00e9 miesto, kontaktujte support@mobilise-sme.eu. N\u00e1sledne v\u00e1m bude pridelen\u00e9 jedno z lok\u00e1lnych kontaktn\u00fdch miest. [\/vc_column_text][\/vc_column][\/vc_row][vc_row el_class=&#8220;espaciado2&#8243;][vc_column width=&#8220;1\/3&#8243; el_class=&#8220;bloquelocal2&#8243;][vc_raw_html]PGRpdiBjbGFzcz0ic2VsZWNjaW9uLWNpdWRhZCI+DQo8cCBjbGFzcz0ic2VsZWN0LWNvdW50cnkiPlZ5YmVydGUgc2kgc3ZvanUga3JhamludTwvcD4NCjxzZWxlY3Q+DQo8b3B0aW9uIHZhbHVlPSJtYXAiPktyYWppbmE8L29wdGlvbj4NCjxvcHRpb24gdmFsdWU9Im1hcCI+QWxiw6Fuc2tvPC9vcHRpb24+DQo8b3B0aW9uIHZhbHVlPSJhdXN0cmlhIj5SYWvDunNrbzwvb3B0aW9uPg0KPG9wdGlvbiB2YWx1ZT0iYmVsZ2l1bSI+QmVsZ2lja288L29wdGlvbj4NCjxvcHRpb24gdmFsdWU9Im1hcCI+QnVsaGFyc2tvPC9vcHRpb24+DQo8b3B0aW9uIHZhbHVlPSJjcm9hdGlhIj5DaG9ydsOhdHNrbzwvb3B0aW9uPg0KPG9wdGlvbiB2YWx1ZT0ibWFwIj5DeXBydXM8L29wdGlvbj4NCjxvcHRpb24gdmFsdWU9Im1hcCI+xIxlc2vDoSByZXB1Ymxpa2E8L29wdGlvbj4NCjxvcHRpb24gdmFsdWU9Im1hcCI+RMOhbnNrbzwvb3B0aW9uPg0KPG9wdGlvbiB2YWx1ZT0ibWFwIj5OZW1lY2tvPC9vcHRpb24+DQo8b3B0aW9uIHZhbHVlPSJtYXAiPkVzdMOzbnNrbzwvb3B0aW9uPg0KPG9wdGlvbiB2YWx1ZT0ibWFwIj5Gw61uc2tvPC9vcHRpb24+DQo8b3B0aW9uIHZhbHVlPSJtYXAiPlNldmVyb21hY2Vkw7Nuc2thIHJlcHVibGlrYTwvb3B0aW9uPg0KPG9wdGlvbiB2YWx1ZT0iZnJhbmNlIj5GcmFuY8O6enNrbzwvb3B0aW9uPg0KPG9wdGlvbiB2YWx1ZT0iZ3JlZWNlIj5HcsOpY2tvPC9vcHRpb24+DQo8b3B0aW9uIHZhbHVlPSJtYXAiPk1hxI9hcnNrbzwvb3B0aW9uPg0KPG9wdGlvbiB2YWx1ZT0ibWFwIj5Jc2xhbmQ8L29wdGlvbj4NCjxvcHRpb24gdmFsdWU9ImlyZWxhbmQiPsONcnNrbzwvb3B0aW9uPg0KPG9wdGlvbiB2YWx1ZT0iaXRhbHkyIj5UYWxpYW5za288L29wdGlvbj4NCjxvcHRpb24gdmFsdWU9Im1hcCI+TGl0dmE8L29wdGlvbj4NCjxvcHRpb24gdmFsdWU9ImJlbGdpdW0iPkx1eGVtYnVyc2tvPC9vcHRpb24+DQo8b3B0aW9uIHZhbHVlPSJtYXAiPk1hbHRhPC9vcHRpb24+DQo8b3B0aW9uIHZhbHVlPSJtb250ZW5lZ3JvIj7EjGllcm5hIEhvcmE8L29wdGlvbj4NCjxvcHRpb24gdmFsdWU9ImJlbGdpdW0iPkhvbGFuZHNrbzwvb3B0aW9uPg0KPG9wdGlvbiB2YWx1ZT0ibWFwIj5Qb8S+c2tvPC9vcHRpb24+DQo8b3B0aW9uIHZhbHVlPSJtYXAiPlBvcnR1Z2Fsc2tvPC9vcHRpb24+DQo8b3B0aW9uIHZhbHVlPSJzZXJiaWEiPlNyYnNrbzwvb3B0aW9uPg0KPG9wdGlvbiB2YWx1ZT0iaXRhbHkiPlNsb3ZlbnNrw6EgcmVwdWJsaWthPC9vcHRpb24+DQo8b3B0aW9uIHZhbHVlPSJzbG92ZW5pYSI+U2xvdmluc2tvPC9vcHRpb24+DQo8b3B0aW9uIHZhbHVlPSJzcGFpbiI+xaBwYW5pZWxza288L29wdGlvbj4NCjwvc2VsZWN0PjwvZGl2Pg==[\/vc_raw_html][vc_wp_text] Program MobiliseSME Ak sa vo va\u0161ej [&hellip;]<\/p>\n","protected":false},"author":1,"featured_media":0,"parent":0,"menu_order":0,"comment_status":"closed","ping_status":"closed","template":"","meta":[],"yoast_head":"<!-- This site is optimized with the Yoast SEO plugin v15.4 - https:\/\/yoast.com\/wordpress\/plugins\/seo\/ -->\n<title>Lok\u00e1lne kontaktn\u00e9 miesta - Mobilsesme<\/title>\n<meta name=\"robots\" content=\"index, follow, max-snippet:-1, max-image-preview:large, max-video-preview:-1\" \/>\n<link rel=\"canonical\" href=\"https:\/\/mobilise-sme.eu\/sk\/lokalne-kontaktne-miesta\/\" \/>\n<meta property=\"og:locale\" content=\"sk_SK\" \/>\n<meta property=\"og:type\" content=\"article\" \/>\n<meta property=\"og:title\" content=\"Lok\u00e1lne kontaktn\u00e9 miesta - Mobilsesme\" \/>\n<meta property=\"og:description\" content=\"[vc_row el_class=&#8220;espaciado bloquelocal&#8220;][vc_column css=&#8220;.vc_custom_1602769966142{padding-top: 20px !important;}&#8220;][vc_column_text css=&#8220;.vc_custom_1602769996122{margin-bottom: 5px !important;}&#8220;] Lok\u00e1lne kontaktn\u00e9 miesta [\/vc_column_text][vc_separator color=&#8220;custom&#8220; border_width=&#8220;2&#8243; el_width=&#8220;20&#8243; accent_color=&#8220;#0d5387&#8243;][vc_column_text]Ak m\u00e1te z\u00e1ujem o \u00fa\u010das\u0165 na programe MobiliseSME, m\u00f4\u017eete kontaktova\u0165 ktor\u00fdko\u013evek z ni\u017e\u0161ie uveden\u00fdch subjektov. S\u00fa to subjekty, ako napr\u00edklad obchodn\u00e9 komory, inova\u010dn\u00e9 agent\u00fary, nad\u00e1cie, asoci\u00e1cie obchodn\u00fdch kom\u00f4r, obchodn\u00e9 organiz\u00e1cie, univerzity a podnikate\u013esk\u00e9 inkub\u00e1tory. Tieto subjekty boli ofici\u00e1lne ustanoven\u00e9 programom EASI s cie\u013eom pom\u00e1ha\u0165 nadv\u00e4zova\u0165 kontakty medzi MSP v E\u00da v r\u00e1mci programu MobiliseSME. Ak sa vo va\u0161ej krajine nenach\u00e1dza lok\u00e1lne kontaktn\u00e9 miesto, kontaktujte support@mobilise-sme.eu. N\u00e1sledne v\u00e1m bude pridelen\u00e9 jedno z lok\u00e1lnych kontaktn\u00fdch miest. [\/vc_column_text][\/vc_column][\/vc_row][vc_row el_class=&#8220;espaciado2&#8243;][vc_column width=&#8220;1\/3&#8243; el_class=&#8220;bloquelocal2&#8243;][vc_raw_html]PGRpdiBjbGFzcz0ic2VsZWNjaW9uLWNpdWRhZCI+DQo8cCBjbGFzcz0ic2VsZWN0LWNvdW50cnkiPlZ5YmVydGUgc2kgc3ZvanUga3JhamludTwvcD4NCjxzZWxlY3Q+DQo8b3B0aW9uIHZhbHVlPSJtYXAiPktyYWppbmE8L29wdGlvbj4NCjxvcHRpb24gdmFsdWU9Im1hcCI+QWxiw6Fuc2tvPC9vcHRpb24+DQo8b3B0aW9uIHZhbHVlPSJhdXN0cmlhIj5SYWvDunNrbzwvb3B0aW9uPg0KPG9wdGlvbiB2YWx1ZT0iYmVsZ2l1bSI+QmVsZ2lja288L29wdGlvbj4NCjxvcHRpb24gdmFsdWU9Im1hcCI+QnVsaGFyc2tvPC9vcHRpb24+DQo8b3B0aW9uIHZhbHVlPSJjcm9hdGlhIj5DaG9ydsOhdHNrbzwvb3B0aW9uPg0KPG9wdGlvbiB2YWx1ZT0ibWFwIj5DeXBydXM8L29wdGlvbj4NCjxvcHRpb24gdmFsdWU9Im1hcCI+xIxlc2vDoSByZXB1Ymxpa2E8L29wdGlvbj4NCjxvcHRpb24gdmFsdWU9Im1hcCI+RMOhbnNrbzwvb3B0aW9uPg0KPG9wdGlvbiB2YWx1ZT0ibWFwIj5OZW1lY2tvPC9vcHRpb24+DQo8b3B0aW9uIHZhbHVlPSJtYXAiPkVzdMOzbnNrbzwvb3B0aW9uPg0KPG9wdGlvbiB2YWx1ZT0ibWFwIj5Gw61uc2tvPC9vcHRpb24+DQo8b3B0aW9uIHZhbHVlPSJtYXAiPlNldmVyb21hY2Vkw7Nuc2thIHJlcHVibGlrYTwvb3B0aW9uPg0KPG9wdGlvbiB2YWx1ZT0iZnJhbmNlIj5GcmFuY8O6enNrbzwvb3B0aW9uPg0KPG9wdGlvbiB2YWx1ZT0iZ3JlZWNlIj5HcsOpY2tvPC9vcHRpb24+DQo8b3B0aW9uIHZhbHVlPSJtYXAiPk1hxI9hcnNrbzwvb3B0aW9uPg0KPG9wdGlvbiB2YWx1ZT0ibWFwIj5Jc2xhbmQ8L29wdGlvbj4NCjxvcHRpb24gdmFsdWU9ImlyZWxhbmQiPsONcnNrbzwvb3B0aW9uPg0KPG9wdGlvbiB2YWx1ZT0iaXRhbHkyIj5UYWxpYW5za288L29wdGlvbj4NCjxvcHRpb24gdmFsdWU9Im1hcCI+TGl0dmE8L29wdGlvbj4NCjxvcHRpb24gdmFsdWU9ImJlbGdpdW0iPkx1eGVtYnVyc2tvPC9vcHRpb24+DQo8b3B0aW9uIHZhbHVlPSJtYXAiPk1hbHRhPC9vcHRpb24+DQo8b3B0aW9uIHZhbHVlPSJtb250ZW5lZ3JvIj7EjGllcm5hIEhvcmE8L29wdGlvbj4NCjxvcHRpb24gdmFsdWU9ImJlbGdpdW0iPkhvbGFuZHNrbzwvb3B0aW9uPg0KPG9wdGlvbiB2YWx1ZT0ibWFwIj5Qb8S+c2tvPC9vcHRpb24+DQo8b3B0aW9uIHZhbHVlPSJtYXAiPlBvcnR1Z2Fsc2tvPC9vcHRpb24+DQo8b3B0aW9uIHZhbHVlPSJzZXJiaWEiPlNyYnNrbzwvb3B0aW9uPg0KPG9wdGlvbiB2YWx1ZT0iaXRhbHkiPlNsb3ZlbnNrw6EgcmVwdWJsaWthPC9vcHRpb24+DQo8b3B0aW9uIHZhbHVlPSJzbG92ZW5pYSI+U2xvdmluc2tvPC9vcHRpb24+DQo8b3B0aW9uIHZhbHVlPSJzcGFpbiI+xaBwYW5pZWxza288L29wdGlvbj4NCjwvc2VsZWN0PjwvZGl2Pg==[\/vc_raw_html][vc_wp_text] Program MobiliseSME Ak sa vo va\u0161ej [&hellip;]\" \/>\n<meta property=\"og:url\" content=\"https:\/\/mobilise-sme.eu\/sk\/lokalne-kontaktne-miesta\/\" \/>\n<meta property=\"og:site_name\" content=\"Mobilsesme\" \/>\n<meta property=\"article:modified_time\" content=\"2022-09-29T10:28:32+00:00\" \/>\n<meta property=\"og:image\" content=\"https:\/\/mobilise-sme.eu\/wp-content\/uploads\/2020\/11\/mail.png\" \/>\n<meta name=\"twitter:card\" content=\"summary_large_image\" \/>\n<meta name=\"twitter:label1\" content=\"Written by\">\n\t<meta name=\"twitter:data1\" content=\"sumaysube\">\n\t<meta name=\"twitter:label2\" content=\"Est. reading time\">\n\t<meta name=\"twitter:data2\" content=\"4 min\u00faty\">\n<script type=\"application\/ld+json\" class=\"yoast-schema-graph\">{\"@context\":\"https:\/\/schema.org\",\"@graph\":[{\"@type\":\"WebSite\",\"@id\":\"https:\/\/mobilise-sme.eu\/#website\",\"url\":\"https:\/\/mobilise-sme.eu\/\",\"name\":\"Mobilsesme\",\"description\":\"Otro sitio realizado con WordPress\",\"potentialAction\":[{\"@type\":\"SearchAction\",\"target\":\"https:\/\/mobilise-sme.eu\/?s={search_term_string}\",\"query-input\":\"required name=search_term_string\"}],\"inLanguage\":\"sk-SK\"},{\"@type\":\"ImageObject\",\"@id\":\"https:\/\/mobilise-sme.eu\/sk\/lokalne-kontaktne-miesta\/#primaryimage\",\"inLanguage\":\"sk-SK\",\"url\":\"https:\/\/mobilise-sme.eu\/wp-content\/uploads\/2020\/11\/mail.png\",\"width\":15,\"height\":10},{\"@type\":\"WebPage\",\"@id\":\"https:\/\/mobilise-sme.eu\/sk\/lokalne-kontaktne-miesta\/#webpage\",\"url\":\"https:\/\/mobilise-sme.eu\/sk\/lokalne-kontaktne-miesta\/\",\"name\":\"Lok\\u00e1lne kontaktn\\u00e9 miesta - Mobilsesme\",\"isPartOf\":{\"@id\":\"https:\/\/mobilise-sme.eu\/#website\"},\"primaryImageOfPage\":{\"@id\":\"https:\/\/mobilise-sme.eu\/sk\/lokalne-kontaktne-miesta\/#primaryimage\"},\"datePublished\":\"2021-03-02T09:47:04+00:00\",\"dateModified\":\"2022-09-29T10:28:32+00:00\",\"inLanguage\":\"sk-SK\",\"potentialAction\":[{\"@type\":\"ReadAction\",\"target\":[\"https:\/\/mobilise-sme.eu\/sk\/lokalne-kontaktne-miesta\/\"]}]}]}<\/script>\n<!-- \/ Yoast SEO plugin. -->","_links":{"self":[{"href":"https:\/\/mobilise-sme.eu\/sk\/wp-json\/wp\/v2\/pages\/2083\/"}],"collection":[{"href":"https:\/\/mobilise-sme.eu\/sk\/wp-json\/wp\/v2\/pages\/"}],"about":[{"href":"https:\/\/mobilise-sme.eu\/sk\/wp-json\/wp\/v2\/types\/page\/"}],"author":[{"embeddable":true,"href":"https:\/\/mobilise-sme.eu\/sk\/wp-json\/wp\/v2\/users\/1\/"}],"replies":[{"embeddable":true,"href":"https:\/\/mobilise-sme.eu\/sk\/wp-json\/wp\/v2\/comments\/?post=2083"}],"version-history":[{"count":12,"href":"https:\/\/mobilise-sme.eu\/sk\/wp-json\/wp\/v2\/pages\/2083\/revisions\/"}],"predecessor-version":[{"id":4459,"href":"https:\/\/mobilise-sme.eu\/sk\/wp-json\/wp\/v2\/pages\/2083\/revisions\/4459\/"}],"wp:attachment":[{"href":"https:\/\/mobilise-sme.eu\/sk\/wp-json\/wp\/v2\/media\/?parent=2083"}],"curies":[{"name":"wp","href":"https:\/\/api.w.org\/{rel}","templated":true}]}}