{"id":2089,"date":"2021-03-02T09:53:44","date_gmt":"2021-03-02T09:53:44","guid":{"rendered":"https:\/\/mobilise-sme.eu\/kto-sa-moze-zucastnit\/"},"modified":"2021-03-02T09:53:44","modified_gmt":"2021-03-02T09:53:44","slug":"kto-sa-moze-zucastnit","status":"publish","type":"page","link":"https:\/\/mobilise-sme.eu\/sk\/kto-sa-moze-zucastnit\/","title":{"rendered":"Kto sa m\u00f4\u017ee z\u00fa\u010dastni\u0165"},"content":{"rendered":"<p>[vc_row el_class=&#8220;espaciado&#8220;][vc_column css=&#8220;.vc_custom_1602686899070{padding-top: 20px !important;}&#8220;][vc_column_text css=&#8220;.vc_custom_1602686966717{margin-bottom: 5px !important;}&#8220;]<\/p>\n<p class=\"titulo-yellow\" style=\"text-align: center;\">Kto sa m\u00f4\u017ee z\u00fa\u010dastni\u0165?<\/p>\n<p>[\/vc_column_text][vc_separator color=&#8220;custom&#8220; border_width=&#8220;2&#8243; el_width=&#8220;20&#8243; accent_color=&#8220;#efca34&#8243;][vc_row_inner][vc_column_inner width=&#8220;1\/2&#8243;][vc_column_text]<\/p>\n<p style=\"text-align: center;\"><strong>\u017diadatelia (MSP)<\/strong><\/p>\n<p>\u017diadate\u013emi s\u00fa <strong>mal\u00e9 a stredn\u00e9 podniky (MSP)<\/strong>. Do programu sa m\u00f4\u017eu prihl\u00e1si\u0165 tak, \u017ee sa zaregistruj\u00fa na tzv. sprostredkovate\u013eskej platforme alebo sa obr\u00e1tia na ktor\u00e9ko\u013evek lok\u00e1lne kontaktn\u00e9 miesto tohto programu v danej krajine.<\/p>\n<p>V\u0161etky z\u00fa\u010dastnen\u00e9 MSP musia sp\u013a\u0148a\u0165 geografick\u00e9 krit\u00e9ri\u00e1. V r\u00e1mci programu sa bud\u00fa bra\u0165 do \u00favahy \u017eiadatelia, ktor\u00ed maj\u00fa s\u00eddlo a s\u00fa zaregistrovan\u00ed v nasleduj\u00facich krajin\u00e1ch:<\/p>\n<ul>\n<li>\u010clensk\u00e9 \u0161t\u00e1ty E\u00da.<\/li>\n<li>Island a N\u00f3rsko v s\u00falade s Dohodou o eur\u00f3pskom hospod\u00e1rskom priestore (EEA).<\/li>\n<li>Alb\u00e1nsko, Severomaced\u00f3nska republika, \u010cierna Hora, Srbsko a Turecko.<\/li>\n<\/ul>\n<p>Do programu sa m\u00f4\u017eu zapoji\u0165 aj <strong>podniky jednotlivcov<\/strong>, ak s\u00fa pr\u00e1vnym subjektom a maj\u00fa pridelen\u00e9 I\u010c DPH. Za opr\u00e1vnen\u00e9 sa pova\u017euj\u00fa aj \u010fal\u0161ie profily, <strong>ako s\u00fa samostatne z\u00e1robkovo \u010dinn\u00e9 osoby, \u017eivnostn\u00edci, tzv. nez\u00e1visl\u00ed dod\u00e1vatelia<\/strong> a tie\u017e osoby vykon\u00e1vaj\u00face <strong>slobodn\u00e9 povolania<\/strong>, ako napr\u00edklad pr\u00e1vnici, not\u00e1ri, \u00fa\u010dtovn\u00edci, certifikovan\u00ed finan\u010dn\u00ed aud\u00edtori, lek\u00e1ri, farmaceuti, psychol\u00f3govia, architekti, in\u017einieri.\u00a0<\/p>\n<p>Ostatn\u00e9 formy samostatnej z\u00e1robkovej \u010dinnosti s\u00fa vyl\u00fa\u010den\u00e9. Odpor\u00fa\u010dame v\u0161ak, aby ste sa obr\u00e1tili na lok\u00e1lne kontaktn\u00e9 miesta, ktor\u00e9 m\u00f4\u017eu jednotliv\u00e9 pr\u00edpady pos\u00fadi\u0165 individu\u00e1lne.<\/p>\n<p><strong>V\u00e4\u010d\u0161ie spolo\u010dnosti<\/strong> sa m\u00f4\u017eu z\u00fa\u010dastni\u0165 tie\u017e, ale len ako hostite\u013esk\u00e9 spolo\u010dnosti (prij\u00edmaj\u00fa vyslan\u00fdch zamestnancov, ale nevysielaj\u00fa svojich zamestnancov).<\/p>\n<p>Z\u00e1ujemcovia o \u00fa\u010das\u0165 na programe s\u00fa povinn\u00ed sa zaregistrova\u0165 na tzv. sprostredkovate\u013eskej platforme. Ak\u00e1ko\u013evek osoba pracuj\u00faca v opr\u00e1vnenom MSP, ktor\u00e1 sa chce z\u00fa\u010dastni\u0165 na programe MobiliseSME a zaregistrova\u0165 dan\u00fd MSP vo svojom mene, m\u00f4\u017ee kontaktova\u0165 lok\u00e1lne kontaktn\u00e9 miesto.<\/p>\n<p>[\/vc_column_text][\/vc_column_inner][vc_column_inner width=&#8220;1\/2&#8243;][vc_column_text]<\/p>\n<p style=\"text-align: center;\"><strong>\u00da\u010dastn\u00edci (zamestnanci, mana\u017e\u00e9ri a spolumajitelia)<\/strong><\/p>\n<p>\u00da\u010dastn\u00edci s\u00fa pracovn\u00edci podnikov, ktor\u00e9 s\u00fa \u017eiadate\u013emi (MSP). Z\u00fa\u010dast\u0148uj\u00fa sa na programe MobiliseSME. Pojem \u00fa\u010dastn\u00edk zah\u0155\u0148a pracovn\u00edkov: zamestnancov, mana\u017e\u00e9rov a majite\u013eov alebo spolumajite\u013eov MSP.<\/p>\n<ul>\n<li>V r\u00e1mci MobiliseSME je <strong>zamestnanec definovan\u00fd<\/strong> ako osoba, ktor\u00e1 pracuje na pln\u00fd \u00fav\u00e4zok na z\u00e1klade pracovnej zmluvy.<\/li>\n<li>V r\u00e1mci MobiliseSME je mana\u017e\u00e9r definovan\u00fd ako osoba, ktor\u00e1 pracuje na pln\u00fd \u00fav\u00e4zok. Okrem toho mus\u00ed ma\u0165 <strong>osobitn\u00fa zodpovednos\u0165<\/strong> v r\u00e1mci ka\u017edodenn\u00fdch \u010dinnost\u00ed podniku.<\/li>\n<li>V r\u00e1mci MobiliseSME sa majite\u013eom alebo spolumajite\u013eom rozumie<strong> ka\u017ed\u00e1 osoba, ktor\u00e1 zalo\u017eila MSP<\/strong> alebo je jeho \u0161tatut\u00e1rnym org\u00e1nom.<\/li>\n<\/ul>\n<p>V pr\u00edpade \u010fal\u0161\u00edch ot\u00e1zok alebo nejasnost\u00ed oh\u013eadom profilov \u00fa\u010dastn\u00edkov kontaktujte, pros\u00edm, najbli\u017e\u0161ie lok\u00e1lne kontaktn\u00e9 miesto.<\/p>\n<p>[\/vc_column_text][\/vc_column_inner][\/vc_row_inner][vc_row_inner][vc_column_inner width=&#8220;1\/3&#8243;][vc_column_text]<\/p>\n<p class=\"homebutton\" style=\"text-align: center;\"><a href=\"https:\/\/mobilise-sme.eu\/wp-content\/uploads\/2020\/12\/leaflet_mobilisesme_GENERAL-1.pdf\" target=\"_blank\" rel=\"noopener noreferrer\"><img src=\"https:\/\/mobilise-sme.eu\/wp-content\/uploads\/2020\/11\/Rectangle-42.png\" \/> Let\u00e1k &#8211; v\u0161eobecn\u00e9 inform\u00e1cie<\/a><\/p>\n<p>[\/vc_column_text][\/vc_column_inner][vc_column_inner width=&#8220;1\/3&#8243;][vc_column_text]<\/p>\n<p class=\"homebutton\" style=\"text-align: center;\"><a href=\"https:\/\/mobilise-sme.eu\/wp-content\/uploads\/2020\/12\/leaflet_mobilisesme_HC-1.pdf\" target=\"_blank\" rel=\"noopener noreferrer\"><img src=\"https:\/\/mobilise-sme.eu\/wp-content\/uploads\/2020\/11\/Rectangle-42.png\" \/> Let\u00e1k &#8211; hostite\u013esk\u00e1 spolo\u010dnos\u0165<\/a><\/p>\n<p>[\/vc_column_text][\/vc_column_inner][vc_column_inner width=&#8220;1\/3&#8243;][vc_column_text]<\/p>\n<p class=\"homebutton\" style=\"text-align: center;\"><a href=\"https:\/\/mobilise-sme.eu\/wp-content\/uploads\/2020\/12\/leaflet_mobilisesme_SC-1.pdf\" target=\"_blank\" rel=\"noopener noreferrer\"><img src=\"https:\/\/mobilise-sme.eu\/wp-content\/uploads\/2020\/11\/Rectangle-42.png\" \/> Let\u00e1k &#8211; vysielaj\u00faca spolo\u010dnos\u0165<\/a><\/p>\n<p>[\/vc_column_text][\/vc_column_inner][\/vc_row_inner][\/vc_column][\/vc_row]<\/p>\n","protected":false},"excerpt":{"rendered":"<p>[vc_row el_class=&#8220;espaciado&#8220;][vc_column css=&#8220;.vc_custom_1602686899070{padding-top: 20px !important;}&#8220;][vc_column_text css=&#8220;.vc_custom_1602686966717{margin-bottom: 5px !important;}&#8220;] Kto sa m\u00f4\u017ee z\u00fa\u010dastni\u0165? [\/vc_column_text][vc_separator color=&#8220;custom&#8220; border_width=&#8220;2&#8243; el_width=&#8220;20&#8243; accent_color=&#8220;#efca34&#8243;][vc_row_inner][vc_column_inner width=&#8220;1\/2&#8243;][vc_column_text] \u017diadatelia (MSP) \u017diadate\u013emi s\u00fa mal\u00e9 a stredn\u00e9 podniky (MSP). Do programu sa m\u00f4\u017eu prihl\u00e1si\u0165 tak, \u017ee sa zaregistruj\u00fa na tzv. sprostredkovate\u013eskej platforme alebo sa obr\u00e1tia na ktor\u00e9ko\u013evek lok\u00e1lne kontaktn\u00e9 miesto tohto programu v danej krajine. V\u0161etky z\u00fa\u010dastnen\u00e9 MSP musia sp\u013a\u0148a\u0165 geografick\u00e9 krit\u00e9ri\u00e1. V r\u00e1mci programu sa bud\u00fa bra\u0165 do \u00favahy \u017eiadatelia, ktor\u00ed maj\u00fa s\u00eddlo a s\u00fa zaregistrovan\u00ed v nasleduj\u00facich krajin\u00e1ch: \u010clensk\u00e9 \u0161t\u00e1ty E\u00da. Island a N\u00f3rsko v s\u00falade s Dohodou o eur\u00f3pskom hospod\u00e1rskom priestore (EEA). Alb\u00e1nsko, Severomaced\u00f3nska republika, \u010cierna Hora, Srbsko a [&hellip;]<\/p>\n","protected":false},"author":1,"featured_media":0,"parent":0,"menu_order":0,"comment_status":"closed","ping_status":"closed","template":"","meta":[],"yoast_head":"<!-- This site is optimized with the Yoast SEO plugin v15.4 - https:\/\/yoast.com\/wordpress\/plugins\/seo\/ -->\n<title>Kto sa m\u00f4\u017ee z\u00fa\u010dastni\u0165 - Mobilsesme<\/title>\n<meta name=\"robots\" content=\"index, follow, max-snippet:-1, max-image-preview:large, max-video-preview:-1\" \/>\n<link rel=\"canonical\" href=\"https:\/\/mobilise-sme.eu\/sk\/who-can-participate\/\" \/>\n<meta property=\"og:locale\" content=\"sk_SK\" \/>\n<meta property=\"og:type\" content=\"article\" \/>\n<meta property=\"og:title\" content=\"Kto sa m\u00f4\u017ee z\u00fa\u010dastni\u0165 - Mobilsesme\" \/>\n<meta property=\"og:description\" content=\"[vc_row el_class=&#8220;espaciado&#8220;][vc_column css=&#8220;.vc_custom_1602686899070{padding-top: 20px !important;}&#8220;][vc_column_text css=&#8220;.vc_custom_1602686966717{margin-bottom: 5px !important;}&#8220;] Kto sa m\u00f4\u017ee z\u00fa\u010dastni\u0165? [\/vc_column_text][vc_separator color=&#8220;custom&#8220; border_width=&#8220;2&#8243; el_width=&#8220;20&#8243; accent_color=&#8220;#efca34&#8243;][vc_row_inner][vc_column_inner width=&#8220;1\/2&#8243;][vc_column_text] \u017diadatelia (MSP) \u017diadate\u013emi s\u00fa mal\u00e9 a stredn\u00e9 podniky (MSP). Do programu sa m\u00f4\u017eu prihl\u00e1si\u0165 tak, \u017ee sa zaregistruj\u00fa na tzv. sprostredkovate\u013eskej platforme alebo sa obr\u00e1tia na ktor\u00e9ko\u013evek lok\u00e1lne kontaktn\u00e9 miesto tohto programu v danej krajine. V\u0161etky z\u00fa\u010dastnen\u00e9 MSP musia sp\u013a\u0148a\u0165 geografick\u00e9 krit\u00e9ri\u00e1. V r\u00e1mci programu sa bud\u00fa bra\u0165 do \u00favahy \u017eiadatelia, ktor\u00ed maj\u00fa s\u00eddlo a s\u00fa zaregistrovan\u00ed v nasleduj\u00facich krajin\u00e1ch: \u010clensk\u00e9 \u0161t\u00e1ty E\u00da. Island a N\u00f3rsko v s\u00falade s Dohodou o eur\u00f3pskom hospod\u00e1rskom priestore (EEA). Alb\u00e1nsko, Severomaced\u00f3nska republika, \u010cierna Hora, Srbsko a [&hellip;]\" \/>\n<meta property=\"og:url\" content=\"https:\/\/mobilise-sme.eu\/who-can-participate\/\" \/>\n<meta property=\"og:site_name\" content=\"Mobilsesme\" \/>\n<meta property=\"og:image\" content=\"https:\/\/mobilise-sme.eu\/wp-content\/uploads\/2020\/11\/Rectangle-42.png\" \/>\n<meta name=\"twitter:card\" content=\"summary_large_image\" \/>\n<meta name=\"twitter:label1\" content=\"Written by\">\n\t<meta name=\"twitter:data1\" content=\"sumaysube\">\n\t<meta name=\"twitter:label2\" content=\"Est. reading time\">\n\t<meta name=\"twitter:data2\" content=\"2 min\u00faty\">\n<script type=\"application\/ld+json\" class=\"yoast-schema-graph\">{\"@context\":\"https:\/\/schema.org\",\"@graph\":[{\"@type\":\"WebSite\",\"@id\":\"https:\/\/mobilise-sme.eu\/#website\",\"url\":\"https:\/\/mobilise-sme.eu\/\",\"name\":\"Mobilsesme\",\"description\":\"Otro sitio realizado con WordPress\",\"potentialAction\":[{\"@type\":\"SearchAction\",\"target\":\"https:\/\/mobilise-sme.eu\/?s={search_term_string}\",\"query-input\":\"required name=search_term_string\"}],\"inLanguage\":\"sk-SK\"},{\"@type\":\"ImageObject\",\"@id\":\"https:\/\/mobilise-sme.eu\/who-can-participate\/#primaryimage\",\"inLanguage\":\"sk-SK\",\"url\":\"https:\/\/mobilise-sme.eu\/wp-content\/uploads\/2020\/11\/Rectangle-42.png\",\"width\":22,\"height\":23},{\"@type\":\"WebPage\",\"@id\":\"https:\/\/mobilise-sme.eu\/who-can-participate\/#webpage\",\"url\":\"https:\/\/mobilise-sme.eu\/who-can-participate\/\",\"name\":\"Kto sa m\\u00f4\\u017ee z\\u00fa\\u010dastni\\u0165 - Mobilsesme\",\"isPartOf\":{\"@id\":\"https:\/\/mobilise-sme.eu\/#website\"},\"primaryImageOfPage\":{\"@id\":\"https:\/\/mobilise-sme.eu\/who-can-participate\/#primaryimage\"},\"datePublished\":\"2021-03-02T09:53:44+00:00\",\"dateModified\":\"2021-03-02T09:53:44+00:00\",\"inLanguage\":\"sk-SK\",\"potentialAction\":[{\"@type\":\"ReadAction\",\"target\":[\"https:\/\/mobilise-sme.eu\/who-can-participate\/\"]}]}]}<\/script>\n<!-- \/ Yoast SEO plugin. -->","_links":{"self":[{"href":"https:\/\/mobilise-sme.eu\/sk\/wp-json\/wp\/v2\/pages\/2089\/"}],"collection":[{"href":"https:\/\/mobilise-sme.eu\/sk\/wp-json\/wp\/v2\/pages\/"}],"about":[{"href":"https:\/\/mobilise-sme.eu\/sk\/wp-json\/wp\/v2\/types\/page\/"}],"author":[{"embeddable":true,"href":"https:\/\/mobilise-sme.eu\/sk\/wp-json\/wp\/v2\/users\/1\/"}],"replies":[{"embeddable":true,"href":"https:\/\/mobilise-sme.eu\/sk\/wp-json\/wp\/v2\/comments\/?post=2089"}],"version-history":[{"count":2,"href":"https:\/\/mobilise-sme.eu\/sk\/wp-json\/wp\/v2\/pages\/2089\/revisions\/"}],"predecessor-version":[{"id":2091,"href":"https:\/\/mobilise-sme.eu\/sk\/wp-json\/wp\/v2\/pages\/2089\/revisions\/2091\/"}],"wp:attachment":[{"href":"https:\/\/mobilise-sme.eu\/sk\/wp-json\/wp\/v2\/media\/?parent=2089"}],"curies":[{"name":"wp","href":"https:\/\/api.w.org\/{rel}","templated":true}]}}