{"id":1560,"date":"2021-01-15T10:26:48","date_gmt":"2021-01-15T10:26:48","guid":{"rendered":"https:\/\/mobilise-sme.eu\/o-projektu-mobilisesme\/"},"modified":"2021-12-20T11:04:59","modified_gmt":"2021-12-20T10:04:59","slug":"o-projektu-mobilisesme","status":"publish","type":"page","link":"https:\/\/mobilise-sme.eu\/sl\/o-projektu-mobilisesme\/","title":{"rendered":"O projektu MobiliseSME"},"content":{"rendered":"<p>[vc_row el_class=&#8221;espaciado&#8221;][vc_column css=&#8221;.vc_custom_1602685030902{padding-top: 20px !important;}&#8221;][vc_column_text css=&#8221;.vc_custom_1607951141542{margin-bottom: 5px !important;}&#8221;]<\/p>\n<p class=\"titulo-blue\" style=\"text-align: center;\">O projektu MobiliseSME<\/p>\n<p>[\/vc_column_text][vc_separator color=&#8221;custom&#8221; border_width=&#8221;2&#8243; el_width=&#8221;20&#8243; accent_color=&#8221;#0d5387&#8243;][vc_column_text]MobiliseSME je program, ki se ga izvaja pod okriljem EU (EURES, EaSI). Njegov namen je <strong>pomagati pri razvoju ve\u0161\u010din in sposobnosti zaposlenih v podjetjih<\/strong> (zaposleni, mened\u017eerji in lastniki ali solastniki) s podpiranjem kratkoro\u010dnih \u010dezmejnih izmenjav.<\/p>\n<p>Na podlagi uspe\u0161nega pilotnega programa &#8220;MobiliseSME&#8221;, ki se je izvajal med letoma 2015 in 2017, pa je namen tega programa podpirati ljudi, ki so \u017ee zaposleni in \u017eelijo <strong>\u010dezmejno mobilnost<\/strong> izkusiti v drugem podjetju za omejeno \u010dasovno obdobje, hkrati pa ohraniti pogodbeno zvezo s svojim delodajalcem.<\/p>\n<p>Glavne zna\u010dilnosti programa MobiliseSME:<\/p>\n<p>[\/vc_column_text][vc_row_inner el_class=&#8221;numeros align&#8221;][vc_column_inner width=&#8221;1\/2&#8243;][vc_column_text]<\/p>\n<p class=\"number\">1<\/p>\n<p class=\"text-numbers\">Shema vklju\u010duje izmenjavo zaposlenih iz enega MSP-ja, ki je iz ene evropske dr\u017eave, v drug MSP, ki je v drugi evropski dr\u017eavi.<\/p>\n<p>[\/vc_column_text][vc_column_text]<\/p>\n<p class=\"number\">2<\/p>\n<p class=\"text-numbers\">Program omogo\u010da uporabo sheme za krepitev sodelovanja, ki \u017ee poteka.<\/p>\n<p>[\/vc_column_text][vc_column_text]<\/p>\n<p class=\"number\">3<\/p>\n<p class=\"text-numbers\">Rokov za sodelovanje ni. Program MobiliseSME deluje sproti.<\/p>\n<p>[\/vc_column_text][\/vc_column_inner][vc_column_inner width=&#8221;1\/2&#8243;][vc_column_text]<\/p>\n<p class=\"number\">4<\/p>\n<p class=\"text-numbers\">Program MobiliseSME vsebuje za\u010dasne izmenjave z obdobjem od najmanj enega meseca do najve\u010d \u0161est mesecev.<\/p>\n<p>[\/vc_column_text][vc_column_text]<\/p>\n<p class=\"number\">5<\/p>\n<p class=\"text-numbers\">V \u010dasu izmenjave, so napotene osebe \u0161e vedno zaposlene pri podjetju po\u0161iljatelju. Delodajalec oz. &#8220;po\u0161iljatelj&#8221; \u0161e vedno pla\u010duje pla\u010do in nastale stro\u0161ke svojemu zaposlenemu.<\/p>\n<p>[\/vc_column_text][\/vc_column_inner][\/vc_row_inner][vc_row_inner][vc_column_inner css=&#8221;.vc_custom_1602685657320{padding-left: 0px !important;}&#8221;][vc_column_text]Poleg tega program MobiliseSME nudi nadaljnje dejavnosti in podporo podjetjem:<\/p>\n<p>[\/vc_column_text][\/vc_column_inner][\/vc_row_inner][vc_row_inner el_class=&#8221;checks align&#8221;][vc_column_inner width=&#8221;1\/2&#8243;][vc_column_text]<img class=\"check\" src=\"https:\/\/mobilise-sme.eu\/wp-content\/uploads\/2020\/10\/check.png\" \/><\/p>\n<p class=\"text-numbers\"><strong>Informacije o njihovem sodelovanju v shemi internacionalizacije<\/strong>. Med drugim prispeva k ozave\u0161\u010danju o pomenu usposabljanja in internacionalizacije podjetij.<\/p>\n<p>[\/vc_column_text][vc_column_text]<img class=\"check\" src=\"https:\/\/mobilise-sme.eu\/wp-content\/uploads\/2020\/10\/check.png\" \/><\/p>\n<p class=\"text-numbers\"><strong>Zagotoviti razpolo\u017eljiva orodja za vzpostavitev izmenjav in stikov s sorodnimi podjetji na ravni EU<\/strong>. Predvsem prek dostopa do Matchmaking platforme in omre\u017eij lokalnih informacijskih to\u010dk.<\/p>\n<p>[\/vc_column_text][vc_column_text]<img class=\"check\" src=\"https:\/\/mobilise-sme.eu\/wp-content\/uploads\/2020\/10\/check.png\" \/><\/p>\n<p class=\"text-numbers\"><strong>Analiza profila in potreb udele\u017eencev.<\/strong><\/p>\n<p>&nbsp;<\/p>\n<p>[\/vc_column_text][vc_column_text]<img class=\"check\" src=\"https:\/\/mobilise-sme.eu\/wp-content\/uploads\/2020\/10\/check.png\" \/><\/p>\n<p class=\"text-numbers\"><strong>Storitve povezovanja<\/strong>. Lokalne informacijske to\u010dke so klju\u010dnega pomena za iskanje ustreznih MSP, ki se lahko dogovorijo o izmenjavi.<\/p>\n<p>[\/vc_column_text][vc_column_text]<img class=\"check\" src=\"https:\/\/mobilise-sme.eu\/wp-content\/uploads\/2020\/10\/check.png\" \/><\/p>\n<p class=\"text-numbers\"><strong>Smernice in pregled u\u010dnega projekta MobiliseSME<\/strong>. Glavni delovni dokument je MobiliseSME u\u010dni projekt. Lokalne informacijske to\u010dke v vsaki dr\u017eavi vam bodo pomagale pri pripravi osnutka glede na va\u0161e potrebe.<\/p>\n<p>[\/vc_column_text][\/vc_column_inner][vc_column_inner width=&#8221;1\/2&#8243;][vc_column_text]<img class=\"check\" src=\"https:\/\/mobilise-sme.eu\/wp-content\/uploads\/2020\/10\/check.png\" \/><\/p>\n<p class=\"text-numbers\"><strong>Storitve usposabljanja pred odhodom<\/strong>. Partnerske organizacije bodo pred odhodom zagotovile koristne informacije in pomagale pri pripravi na odhod. To zajema \u0161irok spekter tem, kot so poslovna vpra\u0161anja v dr\u017eavah EU in prakti\u010dne informacije o bivanju v tujini.<\/p>\n<p>[\/vc_column_text][vc_column_text]<img class=\"check\" src=\"https:\/\/mobilise-sme.eu\/wp-content\/uploads\/2020\/10\/check.png\" \/><\/p>\n<p class=\"text-numbers\"><strong>Stalno vrednotenje u\u010dnih ciljev<\/strong>. Program MobilizeSME sproti sledi in spremlja izmenjavo.<\/p>\n<p>[\/vc_column_text][vc_column_text]<img class=\"check\" src=\"https:\/\/mobilise-sme.eu\/wp-content\/uploads\/2020\/10\/check.png\" \/><\/p>\n<p class=\"text-numbers\"><strong>Priporo\u010dila za nadaljnji razvoj in usmerjanje<\/strong>. Program MobiliseSME bo vseboval priporo\u010dila in smernice za usposabljanje, inovacije, internacionalizacijo in mobilnost.<\/p>\n<p>[\/vc_column_text][\/vc_column_inner][\/vc_row_inner][vc_row_inner][vc_column_inner css=&#8221;.vc_custom_1602685657320{padding-left: 0px !important;}&#8221;][vc_column_text]Za dodatne podrobnosti kliknite na <strong><a href=\"https:\/\/mobilise-sme.eu\/who-can-participate\/\">Kdo lahko sodeluje<\/a>, <a href=\"https:\/\/mobilise-sme.eu\/how-to-participate\/\">Kako sodelovati<\/a><\/strong> ali na <strong>Lokalne informacijske to\u010dke<\/strong> v EU.<\/p>\n<p>[\/vc_column_text][\/vc_column_inner][\/vc_row_inner][\/vc_column][\/vc_row]<\/p>\n","protected":false},"excerpt":{"rendered":"<p>[vc_row el_class=&#8221;espaciado&#8221;][vc_column css=&#8221;.vc_custom_1602685030902{padding-top: 20px !important;}&#8221;][vc_column_text css=&#8221;.vc_custom_1607951141542{margin-bottom: 5px !important;}&#8221;] O projektu MobiliseSME [\/vc_column_text][vc_separator color=&#8221;custom&#8221; border_width=&#8221;2&#8243; el_width=&#8221;20&#8243; accent_color=&#8221;#0d5387&#8243;][vc_column_text]MobiliseSME je program, ki se ga izvaja pod okriljem EU (EURES, EaSI). Njegov namen je pomagati pri razvoju ve\u0161\u010din in sposobnosti zaposlenih v podjetjih (zaposleni, mened\u017eerji in lastniki ali solastniki) s podpiranjem kratkoro\u010dnih \u010dezmejnih izmenjav. Na podlagi uspe\u0161nega pilotnega programa &#8220;MobiliseSME&#8221;, ki se je izvajal med letoma 2015 in 2017, pa je namen tega programa podpirati ljudi, ki so \u017ee zaposleni in \u017eelijo \u010dezmejno mobilnost izkusiti v drugem podjetju za omejeno \u010dasovno obdobje, hkrati pa ohraniti pogodbeno zvezo s svojim delodajalcem. Glavne zna\u010dilnosti programa MobiliseSME: [&hellip;]<\/p>\n","protected":false},"author":1,"featured_media":0,"parent":0,"menu_order":0,"comment_status":"closed","ping_status":"closed","template":"","meta":[],"yoast_head":"<!-- This site is optimized with the Yoast SEO plugin v15.4 - https:\/\/yoast.com\/wordpress\/plugins\/seo\/ -->\n<title>O projektu MobiliseSME - Mobilsesme<\/title>\n<meta name=\"robots\" content=\"index, follow, max-snippet:-1, max-image-preview:large, max-video-preview:-1\" \/>\n<link rel=\"canonical\" href=\"https:\/\/mobilise-sme.eu\/sl\/o-projektu-mobilisesme\/\" \/>\n<meta property=\"og:locale\" content=\"sl_SI\" \/>\n<meta property=\"og:type\" content=\"article\" \/>\n<meta property=\"og:title\" content=\"O projektu MobiliseSME - Mobilsesme\" \/>\n<meta property=\"og:description\" content=\"[vc_row el_class=&#8221;espaciado&#8221;][vc_column css=&#8221;.vc_custom_1602685030902{padding-top: 20px !important;}&#8221;][vc_column_text css=&#8221;.vc_custom_1607951141542{margin-bottom: 5px !important;}&#8221;] O projektu MobiliseSME [\/vc_column_text][vc_separator color=&#8221;custom&#8221; border_width=&#8221;2&#8243; el_width=&#8221;20&#8243; accent_color=&#8221;#0d5387&#8243;][vc_column_text]MobiliseSME je program, ki se ga izvaja pod okriljem EU (EURES, EaSI). Njegov namen je pomagati pri razvoju ve\u0161\u010din in sposobnosti zaposlenih v podjetjih (zaposleni, mened\u017eerji in lastniki ali solastniki) s podpiranjem kratkoro\u010dnih \u010dezmejnih izmenjav. Na podlagi uspe\u0161nega pilotnega programa &#8220;MobiliseSME&#8221;, ki se je izvajal med letoma 2015 in 2017, pa je namen tega programa podpirati ljudi, ki so \u017ee zaposleni in \u017eelijo \u010dezmejno mobilnost izkusiti v drugem podjetju za omejeno \u010dasovno obdobje, hkrati pa ohraniti pogodbeno zvezo s svojim delodajalcem. Glavne zna\u010dilnosti programa MobiliseSME: [&hellip;]\" \/>\n<meta property=\"og:url\" content=\"https:\/\/mobilise-sme.eu\/sl\/o-projektu-mobilisesme\/\" \/>\n<meta property=\"og:site_name\" content=\"Mobilsesme\" \/>\n<meta property=\"article:modified_time\" content=\"2021-12-20T10:04:59+00:00\" \/>\n<meta property=\"og:image\" content=\"https:\/\/mobilise-sme.eu\/wp-content\/uploads\/2020\/10\/check.png\" \/>\n<meta name=\"twitter:card\" content=\"summary_large_image\" \/>\n<meta name=\"twitter:label1\" content=\"Written by\">\n\t<meta name=\"twitter:data1\" content=\"sumaysube\">\n\t<meta name=\"twitter:label2\" content=\"Est. reading time\">\n\t<meta name=\"twitter:data2\" content=\"2 minutes\">\n<script type=\"application\/ld+json\" class=\"yoast-schema-graph\">{\"@context\":\"https:\/\/schema.org\",\"@graph\":[{\"@type\":\"WebSite\",\"@id\":\"https:\/\/mobilise-sme.eu\/#website\",\"url\":\"https:\/\/mobilise-sme.eu\/\",\"name\":\"Mobilsesme\",\"description\":\"Otro sitio realizado con WordPress\",\"potentialAction\":[{\"@type\":\"SearchAction\",\"target\":\"https:\/\/mobilise-sme.eu\/?s={search_term_string}\",\"query-input\":\"required name=search_term_string\"}],\"inLanguage\":\"sl-SI\"},{\"@type\":\"ImageObject\",\"@id\":\"https:\/\/mobilise-sme.eu\/sl\/o-projektu-mobilisesme\/#primaryimage\",\"inLanguage\":\"sl-SI\",\"url\":\"https:\/\/mobilise-sme.eu\/wp-content\/uploads\/2020\/10\/check.png\",\"width\":100,\"height\":100},{\"@type\":\"WebPage\",\"@id\":\"https:\/\/mobilise-sme.eu\/sl\/o-projektu-mobilisesme\/#webpage\",\"url\":\"https:\/\/mobilise-sme.eu\/sl\/o-projektu-mobilisesme\/\",\"name\":\"O projektu MobiliseSME - Mobilsesme\",\"isPartOf\":{\"@id\":\"https:\/\/mobilise-sme.eu\/#website\"},\"primaryImageOfPage\":{\"@id\":\"https:\/\/mobilise-sme.eu\/sl\/o-projektu-mobilisesme\/#primaryimage\"},\"datePublished\":\"2021-01-15T10:26:48+00:00\",\"dateModified\":\"2021-12-20T10:04:59+00:00\",\"inLanguage\":\"sl-SI\",\"potentialAction\":[{\"@type\":\"ReadAction\",\"target\":[\"https:\/\/mobilise-sme.eu\/sl\/o-projektu-mobilisesme\/\"]}]}]}<\/script>\n<!-- \/ Yoast SEO plugin. -->","_links":{"self":[{"href":"https:\/\/mobilise-sme.eu\/sl\/wp-json\/wp\/v2\/pages\/1560\/"}],"collection":[{"href":"https:\/\/mobilise-sme.eu\/sl\/wp-json\/wp\/v2\/pages\/"}],"about":[{"href":"https:\/\/mobilise-sme.eu\/sl\/wp-json\/wp\/v2\/types\/page\/"}],"author":[{"embeddable":true,"href":"https:\/\/mobilise-sme.eu\/sl\/wp-json\/wp\/v2\/users\/1\/"}],"replies":[{"embeddable":true,"href":"https:\/\/mobilise-sme.eu\/sl\/wp-json\/wp\/v2\/comments\/?post=1560"}],"version-history":[{"count":3,"href":"https:\/\/mobilise-sme.eu\/sl\/wp-json\/wp\/v2\/pages\/1560\/revisions\/"}],"predecessor-version":[{"id":3572,"href":"https:\/\/mobilise-sme.eu\/sl\/wp-json\/wp\/v2\/pages\/1560\/revisions\/3572\/"}],"wp:attachment":[{"href":"https:\/\/mobilise-sme.eu\/sl\/wp-json\/wp\/v2\/media\/?parent=1560"}],"curies":[{"name":"wp","href":"https:\/\/api.w.org\/{rel}","templated":true}]}}