{"id":1563,"date":"2021-01-15T11:06:04","date_gmt":"2021-01-15T11:06:04","guid":{"rendered":"https:\/\/mobilise-sme.eu\/financna-pomoc\/"},"modified":"2021-01-15T11:06:04","modified_gmt":"2021-01-15T11:06:04","slug":"financna-pomoc","status":"publish","type":"page","link":"https:\/\/mobilise-sme.eu\/sl\/financna-pomoc\/","title":{"rendered":"Finan\u010dna pomo\u010d"},"content":{"rendered":"<p>[vc_row el_class=&#8221;espaciado&#8221;][vc_column css=&#8221;.vc_custom_1602769662476{padding-top: 20px !important;}&#8221;][vc_column_text css=&#8221;.vc_custom_1602769942285{margin-bottom: 5px !important;}&#8221;]<\/p>\n<p class=\"titulo-yellow\" style=\"text-align: center;\">Finan\u010dna pomo\u010d<\/p>\n<p>[\/vc_column_text][vc_separator color=&#8221;custom&#8221; border_width=&#8221;2&#8243; el_width=&#8221;20&#8243; accent_color=&#8221;#efca34&#8243;][vc_column_text]<\/p>\n<p>Izmenjave delno financira program MobiliseSME.<\/p>\n<p>Namen finan\u010dne podpore je prispevati k stro\u0161kom zaposlenega, mened\u017eerja, lastnika ali solastnika med bivanjem.<\/p>\n<p>Vi\u0161ina finan\u010dne pomo\u010di je odvisna od dr\u017eave v kateri se izmenjava izvaja, mese\u010dna finan\u010dna pomo\u010d pa je podrobno opisana v naslednji tabeli:<\/p>\n<p>[\/vc_column_text][vc_column_text el_class=&#8221;tabla&#8221;]<\/p>\n<p><strong>Mese\u010dna finan\u010dna pomo\u010d, ki jo nakazujejo partnerske organizacije po\u0161iljateljice tretjim osebam (podjetjem po\u0161iljateljem)<\/strong><\/p>\n<table class=\"table aligncenter\">\n<thead>\n<tr>\n<th scope=\"col\">Dr\u017eava bivanja\/dr\u017eava gostiteljica<\/th>\n<th scope=\"col\">Znesek na mesec\/EUR<\/th>\n<\/tr>\n<\/thead>\n<tbody>\n<tr>\n<td>Albanija<\/td>\n<td>530<\/td>\n<\/tr>\n<tr>\n<td>Avstrija<\/td>\n<td>900<\/td>\n<\/tr>\n<tr>\n<td>Belgija<\/td>\n<td>830<\/td>\n<\/tr>\n<tr>\n<td>Bolgarija<\/td>\n<td>560<\/td>\n<\/tr>\n<tr>\n<td>Hrva\u0161ka<\/td>\n<td>720<\/td>\n<\/tr>\n<tr>\n<td>Ciper<\/td>\n<td>780<\/td>\n<\/tr>\n<tr>\n<td>\u010ce\u0161ka<\/td>\n<td>610<\/td>\n<\/tr>\n<tr>\n<td>Danska<\/td>\n<td>1100<\/td>\n<\/tr>\n<tr>\n<td>Nem\u010dija<\/td>\n<td>830<\/td>\n<\/tr>\n<tr>\n<td>Estonija<\/td>\n<td>670<\/td>\n<\/tr>\n<tr>\n<td>Finska<\/td>\n<td>950<\/td>\n<\/tr>\n<tr>\n<td>Severna Makedonija<\/td>\n<td>560<\/td>\n<\/tr>\n<tr>\n<td>Francija<\/td>\n<td>900<\/td>\n<\/tr>\n<tr>\n<td>Gr\u010dija<\/td>\n<td>780<\/td>\n<\/tr>\n<tr>\n<td>Mad\u017earska<\/td>\n<td>670<\/td>\n<\/tr>\n<tr>\n<td>Islandija<\/td>\n<td>900<\/td>\n<\/tr>\n<tr>\n<td>Irska<\/td>\n<td>1000<\/td>\n<\/tr>\n<tr>\n<td>Italija<\/td>\n<td>900<\/td>\n<\/tr>\n<tr>\n<td>Latvija<\/td>\n<td>610<\/td>\n<\/tr>\n<tr>\n<td>Litva<\/td>\n<td>560<\/td>\n<\/tr>\n<tr>\n<td>Luksemburg<\/td>\n<td>830<\/td>\n<\/tr>\n<tr>\n<td>Malta<\/td>\n<td>720<\/td>\n<\/tr>\n<tr>\n<td>\u010crna gora<\/td>\n<td>560<\/td>\n<\/tr>\n<tr>\n<td>Nizozemska<\/td>\n<td>830<\/td>\n<\/tr>\n<tr>\n<td>Poljska<\/td>\n<td>610<\/td>\n<\/tr>\n<tr>\n<td>Portugalska<\/td>\n<td>780<\/td>\n<\/tr>\n<tr>\n<td>Romunija<\/td>\n<td>560<\/td>\n<\/tr>\n<tr>\n<td>Srbija<\/td>\n<td>560<\/td>\n<\/tr>\n<tr>\n<td>Slova\u0161ka<\/td>\n<td>610<\/td>\n<\/tr>\n<tr>\n<td>Slovenija<\/td>\n<td>720<\/td>\n<\/tr>\n<tr>\n<td>\u0160panija<\/td>\n<td>830<\/td>\n<\/tr>\n<tr>\n<td>\u0160vedska<\/td>\n<td>950<\/td>\n<\/tr>\n<tr>\n<td>Tur\u010dija<\/td>\n<td>750<\/td>\n<\/tr>\n<tr>\n<td>Zdru\u017eeno kraljestvo<\/td>\n<td>1000<\/td>\n<\/tr>\n<tr>\n<td>Invalidi (ne glede na dr\u017eavo bivanja)<\/td>\n<td>1100<\/td>\n<\/tr>\n<\/tbody>\n<\/table>\n<p>[\/vc_column_text][vc_column_text]<\/p>\n<p>Nepovratna sredstva Unije lahko krijejo potne stro\u0161ke, povezane s prevzemom dol\u017enosti v gostiteljskem podjetju, del stro\u0161kov selitve in integracijskih stro\u0161kov ter po potrebi tudi kratki jezikovni te\u010daj.<\/p>\n<p>Za ve\u010d podrobnosti se obrnite na katero koli lokalno informacijsko to\u010dko, ki upravlja program MobiliseSME v zavihku Lokalne informacijske to\u010dke.<\/p>\n<p>[\/vc_column_text][\/vc_column][\/vc_row]<\/p>\n","protected":false},"excerpt":{"rendered":"<p>[vc_row el_class=&#8221;espaciado&#8221;][vc_column css=&#8221;.vc_custom_1602769662476{padding-top: 20px !important;}&#8221;][vc_column_text css=&#8221;.vc_custom_1602769942285{margin-bottom: 5px !important;}&#8221;] Finan\u010dna pomo\u010d [\/vc_column_text][vc_separator color=&#8221;custom&#8221; border_width=&#8221;2&#8243; el_width=&#8221;20&#8243; accent_color=&#8221;#efca34&#8243;][vc_column_text] Izmenjave delno financira program MobiliseSME. Namen finan\u010dne podpore je prispevati k stro\u0161kom zaposlenega, mened\u017eerja, lastnika ali solastnika med bivanjem. Vi\u0161ina finan\u010dne pomo\u010di je odvisna od dr\u017eave v kateri se izmenjava izvaja, mese\u010dna finan\u010dna pomo\u010d pa je podrobno opisana v naslednji tabeli: [\/vc_column_text][vc_column_text el_class=&#8221;tabla&#8221;] Mese\u010dna finan\u010dna pomo\u010d, ki jo nakazujejo partnerske organizacije po\u0161iljateljice tretjim osebam (podjetjem po\u0161iljateljem) Dr\u017eava bivanja\/dr\u017eava gostiteljica Znesek na mesec\/EUR Albanija 530 Avstrija 900 Belgija 830 Bolgarija 560 Hrva\u0161ka 720 Ciper 780 \u010ce\u0161ka 610 Danska 1100 Nem\u010dija 830 Estonija 670 Finska 950 Severna [&hellip;]<\/p>\n","protected":false},"author":1,"featured_media":0,"parent":0,"menu_order":0,"comment_status":"closed","ping_status":"closed","template":"","meta":[],"yoast_head":"<!-- This site is optimized with the Yoast SEO plugin v15.4 - https:\/\/yoast.com\/wordpress\/plugins\/seo\/ -->\n<title>Finan\u010dna pomo\u010d - Mobilsesme<\/title>\n<meta name=\"robots\" content=\"index, follow, max-snippet:-1, max-image-preview:large, max-video-preview:-1\" \/>\n<link rel=\"canonical\" href=\"https:\/\/mobilise-sme.eu\/sl\/financial-support\/\" \/>\n<meta property=\"og:locale\" content=\"sl_SI\" \/>\n<meta property=\"og:type\" content=\"article\" \/>\n<meta property=\"og:title\" content=\"Finan\u010dna pomo\u010d - Mobilsesme\" \/>\n<meta property=\"og:description\" content=\"[vc_row el_class=&#8221;espaciado&#8221;][vc_column css=&#8221;.vc_custom_1602769662476{padding-top: 20px !important;}&#8221;][vc_column_text css=&#8221;.vc_custom_1602769942285{margin-bottom: 5px !important;}&#8221;] Finan\u010dna pomo\u010d [\/vc_column_text][vc_separator color=&#8221;custom&#8221; border_width=&#8221;2&#8243; el_width=&#8221;20&#8243; accent_color=&#8221;#efca34&#8243;][vc_column_text] Izmenjave delno financira program MobiliseSME. Namen finan\u010dne podpore je prispevati k stro\u0161kom zaposlenega, mened\u017eerja, lastnika ali solastnika med bivanjem. Vi\u0161ina finan\u010dne pomo\u010di je odvisna od dr\u017eave v kateri se izmenjava izvaja, mese\u010dna finan\u010dna pomo\u010d pa je podrobno opisana v naslednji tabeli: [\/vc_column_text][vc_column_text el_class=&#8221;tabla&#8221;] Mese\u010dna finan\u010dna pomo\u010d, ki jo nakazujejo partnerske organizacije po\u0161iljateljice tretjim osebam (podjetjem po\u0161iljateljem) Dr\u017eava bivanja\/dr\u017eava gostiteljica Znesek na mesec\/EUR Albanija 530 Avstrija 900 Belgija 830 Bolgarija 560 Hrva\u0161ka 720 Ciper 780 \u010ce\u0161ka 610 Danska 1100 Nem\u010dija 830 Estonija 670 Finska 950 Severna [&hellip;]\" \/>\n<meta property=\"og:url\" content=\"https:\/\/mobilise-sme.eu\/financial-support\/\" \/>\n<meta property=\"og:site_name\" content=\"Mobilsesme\" \/>\n<meta name=\"twitter:card\" content=\"summary_large_image\" \/>\n<meta name=\"twitter:label1\" content=\"Written by\">\n\t<meta name=\"twitter:data1\" content=\"sumaysube\">\n\t<meta name=\"twitter:label2\" content=\"Est. reading time\">\n\t<meta name=\"twitter:data2\" content=\"1 minute\">\n<script type=\"application\/ld+json\" class=\"yoast-schema-graph\">{\"@context\":\"https:\/\/schema.org\",\"@graph\":[{\"@type\":\"WebSite\",\"@id\":\"https:\/\/mobilise-sme.eu\/#website\",\"url\":\"https:\/\/mobilise-sme.eu\/\",\"name\":\"Mobilsesme\",\"description\":\"Otro sitio realizado con WordPress\",\"potentialAction\":[{\"@type\":\"SearchAction\",\"target\":\"https:\/\/mobilise-sme.eu\/?s={search_term_string}\",\"query-input\":\"required name=search_term_string\"}],\"inLanguage\":\"sl-SI\"},{\"@type\":\"WebPage\",\"@id\":\"https:\/\/mobilise-sme.eu\/financial-support\/#webpage\",\"url\":\"https:\/\/mobilise-sme.eu\/financial-support\/\",\"name\":\"Finan\\u010dna pomo\\u010d - Mobilsesme\",\"isPartOf\":{\"@id\":\"https:\/\/mobilise-sme.eu\/#website\"},\"datePublished\":\"2021-01-15T11:06:04+00:00\",\"dateModified\":\"2021-01-15T11:06:04+00:00\",\"inLanguage\":\"sl-SI\",\"potentialAction\":[{\"@type\":\"ReadAction\",\"target\":[\"https:\/\/mobilise-sme.eu\/financial-support\/\"]}]}]}<\/script>\n<!-- \/ Yoast SEO plugin. -->","_links":{"self":[{"href":"https:\/\/mobilise-sme.eu\/sl\/wp-json\/wp\/v2\/pages\/1563\/"}],"collection":[{"href":"https:\/\/mobilise-sme.eu\/sl\/wp-json\/wp\/v2\/pages\/"}],"about":[{"href":"https:\/\/mobilise-sme.eu\/sl\/wp-json\/wp\/v2\/types\/page\/"}],"author":[{"embeddable":true,"href":"https:\/\/mobilise-sme.eu\/sl\/wp-json\/wp\/v2\/users\/1\/"}],"replies":[{"embeddable":true,"href":"https:\/\/mobilise-sme.eu\/sl\/wp-json\/wp\/v2\/comments\/?post=1563"}],"version-history":[{"count":2,"href":"https:\/\/mobilise-sme.eu\/sl\/wp-json\/wp\/v2\/pages\/1563\/revisions\/"}],"predecessor-version":[{"id":1565,"href":"https:\/\/mobilise-sme.eu\/sl\/wp-json\/wp\/v2\/pages\/1563\/revisions\/1565\/"}],"wp:attachment":[{"href":"https:\/\/mobilise-sme.eu\/sl\/wp-json\/wp\/v2\/media\/?parent=1563"}],"curies":[{"name":"wp","href":"https:\/\/api.w.org\/{rel}","templated":true}]}}