{"id":1566,"date":"2021-01-15T12:08:21","date_gmt":"2021-01-15T12:08:21","guid":{"rendered":"https:\/\/mobilise-sme.eu\/kako-sodelovati\/"},"modified":"2021-12-17T10:26:11","modified_gmt":"2021-12-17T09:26:11","slug":"kako-sodelovati","status":"publish","type":"page","link":"https:\/\/mobilise-sme.eu\/sl\/kako-sodelovati\/","title":{"rendered":"Kako sodelovati"},"content":{"rendered":"<p>[vc_row el_class=&#8221;espaciado&#8221;][vc_column css=&#8221;.vc_custom_1602768873572{padding-top: 20px !important;}&#8221;][vc_column_text css=&#8221;.vc_custom_1602768906017{margin-bottom: 5px !important;}&#8221;]<\/p>\n<p class=\"titulo-blue\" style=\"text-align: center;\">Kako sodelovati?<\/p>\n<p>[\/vc_column_text][vc_separator color=&#8221;custom&#8221; border_width=&#8221;2&#8243; el_width=&#8221;20&#8243; accent_color=&#8221;#0d5387&#8243;][vc_column_text]<\/p>\n<p class=\"numero\">1<\/p>\n<p class=\"texto-numero\"><strong>Obrnite se na lokalno informacijsko to\u010dko<\/strong><\/p>\n<p class=\"texto-numero\"><strong>Program EaSI<\/strong> je uradno imenoval lokalne informacijske to\u010dke (posredni\u0161ke organizacije) za pomo\u010d pri vzpostavljanju stikov med MSP-ji v EU, v okviru programa MobiliseSME.<\/p>\n<p class=\"texto-numero\">To so med drugim subjekti, kot so gospodarske zbornice, agencije za inovacije, fundacije, zdru\u017eenje gospodarskih zbornic, poslovne organizacije, univerze in poslovni inkubatorji.<\/p>\n<p class=\"texto-numero\">Njihova glavna naloga je omogo\u010diti uspe\u0161no izmenjavo med podjetji gostitelji in po\u0161iljatelji ter ponuditi storitve posredni\u0161tva. Katerega koli od njih lahko kontaktirate s klikom na Lokalne informacijske to\u010dke.<\/p>\n<p class=\"texto-numero\">Druga orodja, ki vam lahko pomagajo izvedeti ve\u010d o programu, so <a href=\"https:\/\/mobilise-sme.eu\/sl\/matchmaking-platforma\/\"><b>MobiliseSME priro\u010dnik<\/b><\/a> ali <a href=\"https:\/\/mobilise-sme.eu\/sl\/matchmaking-platforma\/\"><b>Navodila za registracijo<\/b><\/a>.<\/p>\n<p>[\/vc_column_text][vc_column_text]<\/p>\n<p class=\"numero\">2<\/p>\n<p class=\"texto-numero\"><strong>Registrirajte se na Matchmaking platformi in poi\u0161\u010dite poslovnega partnerja<\/strong><\/p>\n<p class=\"texto-numero\">Vsaka oseba, ki pripada upravi\u010denemu MSP-ju, se lahko za sodelovanje v programu MobiliseSME obrne na partnersko organizacijo in v njegovem imenu registrira MSP.<\/p>\n<p class=\"texto-numero\">Podjetja morajo svoje prijave oddati prek spletnega orodja za registracijo na Matchmaking platformi. V okviru registracije mora podjetje izbrati eno od lokalnih informacijskih to\u010dk, uradno imenovanih za izvajanje te naloge.<\/p>\n<p class=\"texto-numero\">Ko se registrirate, vam bo dodeljena lokalna informacijska to\u010dka, ki vam bo pomagala med postopkom.<\/p>\n<p class=\"texto-numero\">Matchmaking platforma vam bo pomagala tudi pri iskanju sorodnih podjetij iz katere koli dr\u017eave EU. Program omogo\u010da uporabo sheme za spodbujanje poslovnega sodelovanja, ki \u017ee poteka.<\/p>\n<p>[\/vc_column_text][vc_column_text]<\/p>\n<p class=\"numero\">3<\/p>\n<p class=\"texto-numero\"><strong>Delo na u\u010dnem dokumentu MobiliseSME<\/strong><\/p>\n<p class=\"texto-numero\">U\u010dni dokument MobiliseSME ali na\u010drt dejavnosti je glavni delovni in povezovalni dokument za vse vpletene strani, kjer bodo opisani cilji za vse sodelujo\u010de, opis u\u010dnega projekta, na\u010drtovanje dejavnosti in pri\u010dakovani rezultati.<\/p>\n<p class=\"texto-numero\">Obstaja jasno vodilo, kako razviti ta del, ki ga je zasnoval program MobiliseSME.<\/p>\n<p class=\"texto-numero\">Obstajajo tudi drugi delovni dokumenti. Za dodatne podrobnosti se obrnite na lokalno informacijsko to\u010dko.<\/p>\n<p>[\/vc_column_text][vc_column_text]<\/p>\n<p class=\"numero\">4<\/p>\n<p class=\"texto-numero\"><strong>Pripravljeni!<\/strong><\/p>\n<p class=\"texto-numero\">Pred odhodom vam bo program MobiliseSME ponudil vse prakti\u010dne informacije, potrebne za izmenjavo. Sem spadajo vsa vpra\u0161anja v zvezi z EU in poslovnimi subjekti ter prakti\u010dne informacije o bivanju v tujini.<\/p>\n<p class=\"texto-numero\">Za podrobnosti o mo\u017enih pravnih posledicah (upravna, socialna, zdravstvena, delovna in dav\u010dna zakonodaja) se obrnite na lokalno informacijsko to\u010dko.<\/p>\n<p class=\"texto-numero\">Na koncu izmenjave bo potrebno izpolniti manj\u0161i vpra\u0161alnik o zadovoljstvu.<\/p>\n<p>[\/vc_column_text][\/vc_column][\/vc_row]<\/p>\n","protected":false},"excerpt":{"rendered":"<p>[vc_row el_class=&#8221;espaciado&#8221;][vc_column css=&#8221;.vc_custom_1602768873572{padding-top: 20px !important;}&#8221;][vc_column_text css=&#8221;.vc_custom_1602768906017{margin-bottom: 5px !important;}&#8221;] Kako sodelovati? [\/vc_column_text][vc_separator color=&#8221;custom&#8221; border_width=&#8221;2&#8243; el_width=&#8221;20&#8243; accent_color=&#8221;#0d5387&#8243;][vc_column_text] 1 Obrnite se na lokalno informacijsko to\u010dko Program EaSI je uradno imenoval lokalne informacijske to\u010dke (posredni\u0161ke organizacije) za pomo\u010d pri vzpostavljanju stikov med MSP-ji v EU, v okviru programa MobiliseSME. To so med drugim subjekti, kot so gospodarske zbornice, agencije za inovacije, fundacije, zdru\u017eenje gospodarskih zbornic, poslovne organizacije, univerze in poslovni inkubatorji. Njihova glavna naloga je omogo\u010diti uspe\u0161no izmenjavo med podjetji gostitelji in po\u0161iljatelji ter ponuditi storitve posredni\u0161tva. Katerega koli od njih lahko kontaktirate s klikom na Lokalne informacijske to\u010dke. Druga orodja, ki vam lahko [&hellip;]<\/p>\n","protected":false},"author":1,"featured_media":0,"parent":0,"menu_order":0,"comment_status":"closed","ping_status":"closed","template":"","meta":[],"yoast_head":"<!-- This site is optimized with the Yoast SEO plugin v15.4 - https:\/\/yoast.com\/wordpress\/plugins\/seo\/ -->\n<title>Kako sodelovati - Mobilsesme<\/title>\n<meta name=\"robots\" content=\"index, follow, max-snippet:-1, max-image-preview:large, max-video-preview:-1\" \/>\n<link rel=\"canonical\" href=\"https:\/\/mobilise-sme.eu\/sl\/kako-sodelovati\/\" \/>\n<meta property=\"og:locale\" content=\"sl_SI\" \/>\n<meta property=\"og:type\" content=\"article\" \/>\n<meta property=\"og:title\" content=\"Kako sodelovati - Mobilsesme\" \/>\n<meta property=\"og:description\" content=\"[vc_row el_class=&#8221;espaciado&#8221;][vc_column css=&#8221;.vc_custom_1602768873572{padding-top: 20px !important;}&#8221;][vc_column_text css=&#8221;.vc_custom_1602768906017{margin-bottom: 5px !important;}&#8221;] Kako sodelovati? [\/vc_column_text][vc_separator color=&#8221;custom&#8221; border_width=&#8221;2&#8243; el_width=&#8221;20&#8243; accent_color=&#8221;#0d5387&#8243;][vc_column_text] 1 Obrnite se na lokalno informacijsko to\u010dko Program EaSI je uradno imenoval lokalne informacijske to\u010dke (posredni\u0161ke organizacije) za pomo\u010d pri vzpostavljanju stikov med MSP-ji v EU, v okviru programa MobiliseSME. To so med drugim subjekti, kot so gospodarske zbornice, agencije za inovacije, fundacije, zdru\u017eenje gospodarskih zbornic, poslovne organizacije, univerze in poslovni inkubatorji. Njihova glavna naloga je omogo\u010diti uspe\u0161no izmenjavo med podjetji gostitelji in po\u0161iljatelji ter ponuditi storitve posredni\u0161tva. Katerega koli od njih lahko kontaktirate s klikom na Lokalne informacijske to\u010dke. Druga orodja, ki vam lahko [&hellip;]\" \/>\n<meta property=\"og:url\" content=\"https:\/\/mobilise-sme.eu\/sl\/kako-sodelovati\/\" \/>\n<meta property=\"og:site_name\" content=\"Mobilsesme\" \/>\n<meta property=\"article:modified_time\" content=\"2021-12-17T09:26:11+00:00\" \/>\n<meta name=\"twitter:card\" content=\"summary_large_image\" \/>\n<meta name=\"twitter:label1\" content=\"Written by\">\n\t<meta name=\"twitter:data1\" content=\"sumaysube\">\n\t<meta name=\"twitter:label2\" content=\"Est. reading time\">\n\t<meta name=\"twitter:data2\" content=\"2 minutes\">\n<script type=\"application\/ld+json\" class=\"yoast-schema-graph\">{\"@context\":\"https:\/\/schema.org\",\"@graph\":[{\"@type\":\"WebSite\",\"@id\":\"https:\/\/mobilise-sme.eu\/#website\",\"url\":\"https:\/\/mobilise-sme.eu\/\",\"name\":\"Mobilsesme\",\"description\":\"Otro sitio realizado con WordPress\",\"potentialAction\":[{\"@type\":\"SearchAction\",\"target\":\"https:\/\/mobilise-sme.eu\/?s={search_term_string}\",\"query-input\":\"required name=search_term_string\"}],\"inLanguage\":\"sl-SI\"},{\"@type\":\"WebPage\",\"@id\":\"https:\/\/mobilise-sme.eu\/sl\/kako-sodelovati\/#webpage\",\"url\":\"https:\/\/mobilise-sme.eu\/sl\/kako-sodelovati\/\",\"name\":\"Kako sodelovati - Mobilsesme\",\"isPartOf\":{\"@id\":\"https:\/\/mobilise-sme.eu\/#website\"},\"datePublished\":\"2021-01-15T12:08:21+00:00\",\"dateModified\":\"2021-12-17T09:26:11+00:00\",\"inLanguage\":\"sl-SI\",\"potentialAction\":[{\"@type\":\"ReadAction\",\"target\":[\"https:\/\/mobilise-sme.eu\/sl\/kako-sodelovati\/\"]}]}]}<\/script>\n<!-- \/ Yoast SEO plugin. -->","_links":{"self":[{"href":"https:\/\/mobilise-sme.eu\/sl\/wp-json\/wp\/v2\/pages\/1566\/"}],"collection":[{"href":"https:\/\/mobilise-sme.eu\/sl\/wp-json\/wp\/v2\/pages\/"}],"about":[{"href":"https:\/\/mobilise-sme.eu\/sl\/wp-json\/wp\/v2\/types\/page\/"}],"author":[{"embeddable":true,"href":"https:\/\/mobilise-sme.eu\/sl\/wp-json\/wp\/v2\/users\/1\/"}],"replies":[{"embeddable":true,"href":"https:\/\/mobilise-sme.eu\/sl\/wp-json\/wp\/v2\/comments\/?post=1566"}],"version-history":[{"count":6,"href":"https:\/\/mobilise-sme.eu\/sl\/wp-json\/wp\/v2\/pages\/1566\/revisions\/"}],"predecessor-version":[{"id":3469,"href":"https:\/\/mobilise-sme.eu\/sl\/wp-json\/wp\/v2\/pages\/1566\/revisions\/3469\/"}],"wp:attachment":[{"href":"https:\/\/mobilise-sme.eu\/sl\/wp-json\/wp\/v2\/media\/?parent=1566"}],"curies":[{"name":"wp","href":"https:\/\/api.w.org\/{rel}","templated":true}]}}