{"id":1569,"date":"2021-01-15T13:10:10","date_gmt":"2021-01-15T13:10:10","guid":{"rendered":"https:\/\/mobilise-sme.eu\/matchmaking-platforma\/"},"modified":"2021-01-28T08:53:19","modified_gmt":"2021-01-28T08:53:19","slug":"matchmaking-platforma","status":"publish","type":"page","link":"https:\/\/mobilise-sme.eu\/sl\/matchmaking-platforma\/","title":{"rendered":"Matchmaking platforma"},"content":{"rendered":"<p>[vc_row el_class=&#8221;espaciado&#8221;][vc_column css=&#8221;.vc_custom_1602770862010{padding-top: 20px !important;}&#8221;][vc_column_text css=&#8221;.vc_custom_1602770908628{margin-bottom: 5px !important;}&#8221;]<\/p>\n<p class=\"titulo-blue\" style=\"text-align: center;\">Matchmaking platforma<\/p>\n<p>[\/vc_column_text][vc_separator color=&#8221;custom&#8221; border_width=&#8221;2&#8243; el_width=&#8221;20&#8243; accent_color=&#8221;#0d5387&#8243;][vc_row_inner][vc_column_inner width=&#8221;1\/2&#8243;][vc_column_text]<\/p>\n<p>Dobrodo\u0161li na MobiliseSME platformi za povezovanja in izmenjave.<\/p>\n<p>\u010ce ste novi prijavitelj, ki \u017eeli registrirati nov MSP ali kako drugo podjetje, kliknite <strong><em>Za\u010dni s prijavo<\/em><\/strong>. \u010ce ste se \u017ee registrirali, kliknite na <strong><em>Prijava<\/em><\/strong>.<\/p>\n<p>[\/vc_column_text][vc_column_text el_class=&#8221;bloque-botones&#8221;]<\/p>\n<p style=\"text-align: center;\">Niste \u010dlan?<\/p>\n<p class=\"blue-button\" style=\"text-align: center;\"><a href=\"#\">Za\u010dni s prijavo<\/a><\/p>\n<p style=\"text-align: center;\">Ste \u017ee \u010dlan?<\/p>\n<p class=\"blue-button\" style=\"text-align: center;\"><a href=\"#\"><b>Prijava<\/b><\/a><\/p>\n<p>[\/vc_column_text][\/vc_column_inner][vc_column_inner width=&#8221;1\/2&#8243;][vc_column_text]<\/p>\n<p>Kliknite <em><strong>MobiliseSME navodila za registracijo<\/strong><\/em>\u00a0za podrobna navodila kako se registrirati na platformi.\u00a0<\/p>\n<p>\u010ce \u017eelite izvedeti ve\u010d podrobnosti o tem kako sodelovati v programu, lahko tudi kliknete <em><strong>MobiliseSME priro\u010dnik<\/strong><\/em>.<\/p>\n<p>[\/vc_column_text][vc_column_text el_class=&#8221;bloque-botones&#8221; css=&#8221;.vc_custom_1608193578345{margin-top: 50px !important;padding-top: 52px !important;padding-bottom: 52px !important;}&#8221;]<\/p>\n<p class=\"yellow-button\" style=\"text-align: center;\"><a href=\"#\"><img src=\"https:\/\/mobilise-sme.eu\/wp-content\/uploads\/2020\/11\/Rectangle-42.png\" \/> MobiliseSME navodila za registracijo<\/a><\/p>\n<p class=\"yellow-button\" style=\"text-align: center;\"><a href=\"https:\/\/mobilise-sme.eu\/wp-content\/uploads\/2020\/12\/MobiliseSME_Guide-for-participants-1.pdf\" target=\"_blank\" rel=\"noopener noreferrer\"><img src=\"https:\/\/mobilise-sme.eu\/wp-content\/uploads\/2020\/11\/Rectangle-42.png\" \/> MobiliseSME navodila<\/a><\/p>\n<p>[\/vc_column_text][\/vc_column_inner][\/vc_row_inner][\/vc_column][\/vc_row]<\/p>\n","protected":false},"excerpt":{"rendered":"<p>[vc_row el_class=&#8221;espaciado&#8221;][vc_column css=&#8221;.vc_custom_1602770862010{padding-top: 20px !important;}&#8221;][vc_column_text css=&#8221;.vc_custom_1602770908628{margin-bottom: 5px !important;}&#8221;] Matchmaking platforma [\/vc_column_text][vc_separator color=&#8221;custom&#8221; border_width=&#8221;2&#8243; el_width=&#8221;20&#8243; accent_color=&#8221;#0d5387&#8243;][vc_row_inner][vc_column_inner width=&#8221;1\/2&#8243;][vc_column_text] Dobrodo\u0161li na MobiliseSME platformi za povezovanja in izmenjave. \u010ce ste novi prijavitelj, ki \u017eeli registrirati nov MSP ali kako drugo podjetje, kliknite Za\u010dni s prijavo. \u010ce ste se \u017ee registrirali, kliknite na Prijava. [\/vc_column_text][vc_column_text el_class=&#8221;bloque-botones&#8221;] Niste \u010dlan? Za\u010dni s prijavo Ste \u017ee \u010dlan? Prijava [\/vc_column_text][\/vc_column_inner][vc_column_inner width=&#8221;1\/2&#8243;][vc_column_text] Kliknite MobiliseSME navodila za registracijo\u00a0za podrobna navodila kako se registrirati na platformi.\u00a0 \u010ce \u017eelite izvedeti ve\u010d podrobnosti o tem kako sodelovati v programu, lahko tudi kliknete MobiliseSME priro\u010dnik. [\/vc_column_text][vc_column_text el_class=&#8221;bloque-botones&#8221; css=&#8221;.vc_custom_1608193578345{margin-top: 50px !important;padding-top: 52px !important;padding-bottom: 52px !important;}&#8221;] MobiliseSME [&hellip;]<\/p>\n","protected":false},"author":1,"featured_media":0,"parent":0,"menu_order":0,"comment_status":"closed","ping_status":"closed","template":"","meta":[],"yoast_head":"<!-- This site is optimized with the Yoast SEO plugin v15.4 - https:\/\/yoast.com\/wordpress\/plugins\/seo\/ -->\n<title>Matchmaking platforma - Mobilsesme<\/title>\n<meta name=\"robots\" content=\"index, follow, max-snippet:-1, max-image-preview:large, max-video-preview:-1\" \/>\n<link rel=\"canonical\" href=\"https:\/\/mobilise-sme.eu\/sl\/matchmaking-platform\/\" \/>\n<meta property=\"og:locale\" content=\"sl_SI\" \/>\n<meta property=\"og:type\" content=\"article\" \/>\n<meta property=\"og:title\" content=\"Matchmaking platforma - Mobilsesme\" \/>\n<meta property=\"og:description\" content=\"[vc_row el_class=&#8221;espaciado&#8221;][vc_column css=&#8221;.vc_custom_1602770862010{padding-top: 20px !important;}&#8221;][vc_column_text css=&#8221;.vc_custom_1602770908628{margin-bottom: 5px !important;}&#8221;] Matchmaking platforma [\/vc_column_text][vc_separator color=&#8221;custom&#8221; border_width=&#8221;2&#8243; el_width=&#8221;20&#8243; accent_color=&#8221;#0d5387&#8243;][vc_row_inner][vc_column_inner width=&#8221;1\/2&#8243;][vc_column_text] Dobrodo\u0161li na MobiliseSME platformi za povezovanja in izmenjave. \u010ce ste novi prijavitelj, ki \u017eeli registrirati nov MSP ali kako drugo podjetje, kliknite Za\u010dni s prijavo. \u010ce ste se \u017ee registrirali, kliknite na Prijava. [\/vc_column_text][vc_column_text el_class=&#8221;bloque-botones&#8221;] Niste \u010dlan? Za\u010dni s prijavo Ste \u017ee \u010dlan? Prijava [\/vc_column_text][\/vc_column_inner][vc_column_inner width=&#8221;1\/2&#8243;][vc_column_text] Kliknite MobiliseSME navodila za registracijo\u00a0za podrobna navodila kako se registrirati na platformi.\u00a0 \u010ce \u017eelite izvedeti ve\u010d podrobnosti o tem kako sodelovati v programu, lahko tudi kliknete MobiliseSME priro\u010dnik. [\/vc_column_text][vc_column_text el_class=&#8221;bloque-botones&#8221; css=&#8221;.vc_custom_1608193578345{margin-top: 50px !important;padding-top: 52px !important;padding-bottom: 52px !important;}&#8221;] MobiliseSME [&hellip;]\" \/>\n<meta property=\"og:url\" content=\"https:\/\/mobilise-sme.eu\/matchmaking-platform\/\" \/>\n<meta property=\"og:site_name\" content=\"Mobilsesme\" \/>\n<meta property=\"article:modified_time\" content=\"2021-01-28T08:53:19+00:00\" \/>\n<meta property=\"og:image\" content=\"https:\/\/mobilise-sme.eu\/wp-content\/uploads\/2020\/11\/Rectangle-42.png\" \/>\n<meta name=\"twitter:card\" content=\"summary_large_image\" \/>\n<meta name=\"twitter:label1\" content=\"Written by\">\n\t<meta name=\"twitter:data1\" content=\"sumaysube\">\n\t<meta name=\"twitter:label2\" content=\"Est. reading time\">\n\t<meta name=\"twitter:data2\" content=\"1 minute\">\n<script type=\"application\/ld+json\" class=\"yoast-schema-graph\">{\"@context\":\"https:\/\/schema.org\",\"@graph\":[{\"@type\":\"WebSite\",\"@id\":\"https:\/\/mobilise-sme.eu\/#website\",\"url\":\"https:\/\/mobilise-sme.eu\/\",\"name\":\"Mobilsesme\",\"description\":\"Otro sitio realizado con WordPress\",\"potentialAction\":[{\"@type\":\"SearchAction\",\"target\":\"https:\/\/mobilise-sme.eu\/?s={search_term_string}\",\"query-input\":\"required name=search_term_string\"}],\"inLanguage\":\"sl-SI\"},{\"@type\":\"ImageObject\",\"@id\":\"https:\/\/mobilise-sme.eu\/matchmaking-platform\/#primaryimage\",\"inLanguage\":\"sl-SI\",\"url\":\"https:\/\/mobilise-sme.eu\/wp-content\/uploads\/2020\/11\/Rectangle-42.png\",\"width\":22,\"height\":23},{\"@type\":\"WebPage\",\"@id\":\"https:\/\/mobilise-sme.eu\/matchmaking-platform\/#webpage\",\"url\":\"https:\/\/mobilise-sme.eu\/matchmaking-platform\/\",\"name\":\"Matchmaking platforma - Mobilsesme\",\"isPartOf\":{\"@id\":\"https:\/\/mobilise-sme.eu\/#website\"},\"primaryImageOfPage\":{\"@id\":\"https:\/\/mobilise-sme.eu\/matchmaking-platform\/#primaryimage\"},\"datePublished\":\"2021-01-15T13:10:10+00:00\",\"dateModified\":\"2021-01-28T08:53:19+00:00\",\"inLanguage\":\"sl-SI\",\"potentialAction\":[{\"@type\":\"ReadAction\",\"target\":[\"https:\/\/mobilise-sme.eu\/matchmaking-platform\/\"]}]}]}<\/script>\n<!-- \/ Yoast SEO plugin. -->","_links":{"self":[{"href":"https:\/\/mobilise-sme.eu\/sl\/wp-json\/wp\/v2\/pages\/1569\/"}],"collection":[{"href":"https:\/\/mobilise-sme.eu\/sl\/wp-json\/wp\/v2\/pages\/"}],"about":[{"href":"https:\/\/mobilise-sme.eu\/sl\/wp-json\/wp\/v2\/types\/page\/"}],"author":[{"embeddable":true,"href":"https:\/\/mobilise-sme.eu\/sl\/wp-json\/wp\/v2\/users\/1\/"}],"replies":[{"embeddable":true,"href":"https:\/\/mobilise-sme.eu\/sl\/wp-json\/wp\/v2\/comments\/?post=1569"}],"version-history":[{"count":5,"href":"https:\/\/mobilise-sme.eu\/sl\/wp-json\/wp\/v2\/pages\/1569\/revisions\/"}],"predecessor-version":[{"id":1684,"href":"https:\/\/mobilise-sme.eu\/sl\/wp-json\/wp\/v2\/pages\/1569\/revisions\/1684\/"}],"wp:attachment":[{"href":"https:\/\/mobilise-sme.eu\/sl\/wp-json\/wp\/v2\/media\/?parent=1569"}],"curies":[{"name":"wp","href":"https:\/\/api.w.org\/{rel}","templated":true}]}}