{"id":1673,"date":"2021-01-28T08:45:31","date_gmt":"2021-01-28T08:45:31","guid":{"rendered":"https:\/\/mobilise-sme.eu\/home\/"},"modified":"2022-07-06T08:27:44","modified_gmt":"2022-07-06T06:27:44","slug":"home","status":"publish","type":"page","link":"https:\/\/mobilise-sme.eu\/sl\/","title":{"rendered":"Home"},"content":{"rendered":"<p>[vc_row css=&#8221;.vc_custom_1608032447507{padding-top: 200px !important;padding-bottom: 200px !important;background-image: url(https:\/\/mobilise-sme.eu\/wp-content\/uploads\/2020\/11\/portada.png?id=430) !important;background-position: center !important;background-repeat: no-repeat !important;background-size: cover !important;}&#8221; el_class=&#8221;bloque1&#8243;][vc_column width=&#8221;2\/5&#8243; css=&#8221;.vc_custom_1645599945514{padding-top: 20px !important;padding-right: 20px !important;padding-bottom: 15px !important;padding-left: 20px !important;background-color: rgba(0,74,135,0.9) !important;*background-color: rgb(0,74,135) !important;}&#8221; el_class=&#8221;bloque_azul&#8221;][vc_column_text css=&#8221;.vc_custom_1657088860928{margin-bottom: 15px !important;}&#8221;]<\/p>\n<p class=\"titulo\">MobiliseSME<\/p>\n<p class=\"text\" style=\"margin-bottom: 7px;\">MobiliseSME je program, ki se ga izvaja pod okriljem EU (EURES, EaSI). Njegov namen je pomagati pri razvoju ve\u0161\u010din in sposobnosti zaposlenih v podjetjih (zaposleni, mened\u017eerji in lastniki ali solastniki) s podpiranjem kratkoro\u010dnih \u010dezmejnih izmenjav.<\/p>\n<p class=\"text\" style=\"margin-bottom: 7px;\">Na podlagi uspe\u0161ne pilotne sheme <a href=\"https:\/\/www.european-entrepreneurs.org\/projects\/mobilisesme\/\" target=\"_blank\" rel=\"noopener noreferrer\">\u201eMobiliseSME\u201c (VS\/2015\/0354)<\/a>, ki jo je med letoma 2015 in 2017 izvajal European Entrepreneurs CEA-PME, je program namenjen podpori ljudem, ki so \u017ee zaposleni in \u017eelijo izkusiti \u010dezmejno mobilnost, v drugem podjetju, za omejeno \u010dasovno obdobje in ob ohranjanju pogodbene povezave z delodajalcem.<\/p>\n<p>[\/vc_column_text][vc_btn title=&#8221;Ve\u010d informacij&#8221; shape=&#8221;round&#8221; color=&#8221;white&#8221; align=&#8221;left&#8221; link=&#8221;url:https%3A%2F%2Fmobilise-sme.eu%2Fsl%2Fo-projektu-mobilisesme%2F|title:Ve%C4%8D%20informacij|&#8221; el_class=&#8221;boton-blanco boton-home1&#8243;][vc_column_text el_class=&#8221;boton-home2&#8243;]<\/p>\n<p class=\"homebutton\" style=\"text-align: center;\"><a href=\"https:\/\/mobilise-sme.eu\/wp-content\/uploads\/2020\/12\/MobiliseSME_Guide-for-participants-1.pdf\" target=\"_blank\" rel=\"noopener noreferrer\"><img src=\"https:\/\/mobilise-sme.eu\/wp-content\/uploads\/2020\/11\/Rectangle-42.png\" alt=\"icono documento\" \/> MobiliseSME navodila<\/a><\/p>\n<p>[\/vc_column_text][\/vc_column][vc_column width=&#8221;3\/5&#8243;][\/vc_column][\/vc_row][vc_row content_placement=&#8221;middle&#8221; css=&#8221;.vc_custom_1602673164695{padding-top: 20px !important;padding-bottom: 20px !important;background-color: #efca34 !important;}&#8221; el_class=&#8221;bloque2&#8243;][vc_column][vc_column_text css=&#8221;.vc_custom_1602673371394{margin-bottom: 5px !important;}&#8221;]<\/p>\n<p class=\"titulo\" style=\"text-align: center;\">Kdo lahko sodeluje?<\/p>\n<p>[\/vc_column_text][vc_separator color=&#8221;white&#8221; border_width=&#8221;2&#8243; el_width=&#8221;10&#8243; css=&#8221;.vc_custom_1602673333400{margin-top: 0px !important;margin-bottom: 0px !important;}&#8221;][vc_row_inner][vc_column_inner width=&#8221;1\/2&#8243;][vc_single_image image=&#8221;1323&#8243; img_size=&#8221;full&#8221; alignment=&#8221;center&#8221; css=&#8221;.vc_custom_1604398623363{margin-bottom: 10px !important;}&#8221;][vc_column_text el_class=&#8221;texto-home&#8221;]<\/p>\n<p style=\"text-align: center;\"><strong>Prijavitelji (MSP-ji)<\/strong><\/p>\n<p style=\"text-align: center;\">Prijavitelji so mala in srednje velika podjetja (MSP). V program se lahko prijavijo z registracijo na Matchmaking platformi ali pa se obrnejo na katero koli lokalno informacijsko to\u010dko, ki zastopa program na njihovem ozemlju.<\/p>\n<p>[\/vc_column_text][vc_btn title=&#8221;Ve\u010d informacij&#8221; shape=&#8221;round&#8221; color=&#8221;white&#8221; align=&#8221;center&#8221; link=&#8221;url:https%3A%2F%2Fmobilise-sme.eu%2Fsl%2Fkdo-lahko-sodeluje%2F|title:Ve%C4%8D%20informacij|&#8221; el_class=&#8221;boton-blanco boton-desk&#8221;][\/vc_column_inner][vc_column_inner width=&#8221;1\/2&#8243;][vc_single_image image=&#8221;1329&#8243; img_size=&#8221;full&#8221; alignment=&#8221;center&#8221; css=&#8221;.vc_custom_1604398630351{margin-bottom: 10px !important;}&#8221;][vc_column_text el_class=&#8221;texto-home&#8221;]<\/p>\n<p style=\"text-align: center;\"><strong>Udele\u017eenci (zaposleni, mened\u017eerji in solastniki)<\/strong><\/p>\n<p style=\"text-align: center;\">Udele\u017eenci so uslu\u017ebenci prijaviteljev (MSP). Sodelujejo v programu MobiliseSME. Izraz udele\u017eenec zajema osebje \/ zaposlene, mened\u017eerje in lastnike ali solastnike MSP.<\/p>\n<p>[\/vc_column_text][vc_btn title=&#8221;Ve\u010d informacij&#8221; shape=&#8221;round&#8221; color=&#8221;white&#8221; align=&#8221;center&#8221; link=&#8221;url:https%3A%2F%2Fmobilise-sme.eu%2Fsl%2Fkdo-lahko-sodeluje%2F|title:Ve%C4%8D%20informacij|&#8221; el_class=&#8221;boton-blanco boton-desk&#8221;][\/vc_column_inner][vc_column_inner el_class=&#8221;boton-resp&#8221;][vc_btn title=&#8221;Ve\u010d informacij&#8221; shape=&#8221;round&#8221; color=&#8221;white&#8221; align=&#8221;center&#8221; link=&#8221;url:https%3A%2F%2Fmobilise-sme.eu%2Fsl%2Fkako-sodelovati%2F|title:Ve%C4%8D%20informacij|&#8221; el_class=&#8221;boton-blanco&#8221;][\/vc_column_inner][\/vc_row_inner][\/vc_column][\/vc_row][vc_row content_placement=&#8221;middle&#8221; css=&#8221;.vc_custom_1602674082740{padding-top: 20px !important;padding-bottom: 20px !important;}&#8221; el_class=&#8221;bloque3&#8243;][vc_column][vc_column_text css=&#8221;.vc_custom_1602674037059{margin-bottom: 5px !important;}&#8221;]<\/p>\n<p class=\"titulo\" style=\"text-align: center;\">Kako sodelovati?<\/p>\n<p>[\/vc_column_text][vc_separator color=&#8221;custom&#8221; border_width=&#8221;2&#8243; el_width=&#8221;10&#8243; css=&#8221;.vc_custom_1602674075761{margin-top: 0px !important;margin-bottom: 0px !important;}&#8221; accent_color=&#8221;#0d5387&#8243;][vc_row_inner css=&#8221;.vc_custom_1602762299583{padding-top: 30px !important;}&#8221;][vc_column_inner width=&#8221;1\/4&#8243;][vc_column_text]<\/p>\n<div class=\"number-block\">\n<p class=\"number\" style=\"text-align: center;\"><strong>1<\/strong><\/p>\n<\/div>\n<p class=\"text\" style=\"text-align: center;\">Obrnite se na lokalno informacijsko to\u010dko.<\/p>\n<p>[\/vc_column_text][\/vc_column_inner][vc_column_inner width=&#8221;1\/4&#8243;][vc_column_text]<\/p>\n<div class=\"number-block\">\n<p class=\"number\" style=\"text-align: center;\"><strong>2<\/strong><\/p>\n<\/div>\n<p class=\"text\" style=\"text-align: center;\">Registrirajte se na Matchmaking platformi in poi\u0161\u010dite poslovnega partnerja.<\/p>\n<p>[\/vc_column_text][\/vc_column_inner][vc_column_inner width=&#8221;1\/4&#8243;][vc_column_text]<\/p>\n<div class=\"number-block\">\n<p class=\"number\" style=\"text-align: center;\"><strong>3<\/strong><\/p>\n<\/div>\n<p class=\"text\" style=\"text-align: center;\">Delo na u\u010dnem dokumentu MobiliseSME.<\/p>\n<p>[\/vc_column_text][\/vc_column_inner][vc_column_inner width=&#8221;1\/4&#8243;][vc_column_text]<\/p>\n<div class=\"number-block\">\n<p class=\"number\" style=\"text-align: center;\"><strong>4<\/strong><\/p>\n<\/div>\n<p class=\"text\" style=\"text-align: center;\">Pripravljeni!<\/p>\n<p>[\/vc_column_text][\/vc_column_inner][\/vc_row_inner][vc_row_inner el_class=&#8221;boton&#8221;][vc_column_inner][vc_btn title=&#8221;Ve\u010d informacij&#8221; shape=&#8221;round&#8221; color=&#8221;blue&#8221; align=&#8221;center&#8221; link=&#8221;url:https%3A%2F%2Fmobilise-sme.eu%2Fsl%2Fkako-sodelovati%2F|title:Ve%C4%8D%20informacij|&#8221;][\/vc_column_inner][\/vc_row_inner][\/vc_column][\/vc_row][vc_row content_placement=&#8221;middle&#8221; css=&#8221;.vc_custom_1602675566973{padding-top: 20px !important;padding-right: 0px !important;padding-bottom: 20px !important;padding-left: 0px !important;}&#8221; el_class=&#8221;bloque4&#8243;][vc_column][vc_row_inner el_class=&#8221;bloque4&#8243;][vc_column_inner el_class=&#8221;bloque-flecha&#8221; width=&#8221;1\/2&#8243; css=&#8221;.vc_custom_1639665596314{padding-top: 57.5px !important;padding-bottom: 57.5px !important;background-color: #efca34 !important;}&#8221;][vc_column_text]<\/p>\n<p class=\"flecha\"><a href=\"https:\/\/mobilise-sme.eu\/sl\/financna-pomoc\/\">Finan\u010dna pomo\u010d<img src=\"https:\/\/mobilise-sme.eu\/wp-content\/uploads\/2020\/11\/flecha.png\" alt=\"Financial support\" \/><\/a><\/p>\n<p>[\/vc_column_text][\/vc_column_inner][vc_column_inner el_class=&#8221;bloque-flecha&#8221; width=&#8221;1\/2&#8243; css=&#8221;.vc_custom_1639665603866{padding-top: 57.5px !important;padding-bottom: 57.5px !important;background-color: #0d5387 !important;}&#8221;][vc_column_text]<\/p>\n<p class=\"flecha\"><a href=\"https:\/\/mobilise-sme.eu\/sl\/lokalne-kontaktne-tocke\/\">Lokalne kontaktne to\u010dke<img src=\"https:\/\/mobilise-sme.eu\/wp-content\/uploads\/2020\/11\/flecha.png\" alt=\"Local contact points\" \/><\/a><\/p>\n<p>[\/vc_column_text][\/vc_column_inner][\/vc_row_inner][\/vc_column][\/vc_row][vc_row content_placement=&#8221;middle&#8221; css=&#8221;.vc_custom_1606896014959{padding-top: 20px !important;padding-bottom: 0px !important;}&#8221; el_class=&#8221;bloque5&#8243;][vc_column][vc_column_text css=&#8221;.vc_custom_1602675887684{margin-bottom: 5px !important;}&#8221;]<\/p>\n<p class=\"titulo\" style=\"text-align: center;\">Novice<\/p>\n<p>[\/vc_column_text][vc_separator color=&#8221;custom&#8221; border_width=&#8221;2&#8243; el_width=&#8221;10&#8243; css=&#8221;.vc_custom_1602674075761{margin-top: 0px !important;margin-bottom: 0px !important;}&#8221; accent_color=&#8221;#0d5387&#8243;][vc_row_inner css=&#8221;.vc_custom_1639993596952{padding-top: 30px !important;padding-right: 0px !important;padding-left: 0px !important;}&#8221;][vc_column_inner css=&#8221;.vc_custom_1606289082552{padding-right: 0px !important;padding-left: 0px !important;}&#8221;][vc_raw_html]JTVCc3Bfd3BjYXJvdXNlbCUyMGlkJTNEJTIyMzIyMyUyMiU1RA==[\/vc_raw_html][\/vc_column_inner][\/vc_row_inner][\/vc_column][\/vc_row][vc_row css=&#8221;.vc_custom_1608032515955{padding-top: 100px !important;padding-bottom: 100px !important;background-image: url(https:\/\/mobilise-sme.eu\/wp-content\/uploads\/2020\/11\/Rectangle-11.png?id=504) !important;background-position: center !important;background-repeat: no-repeat !important;background-size: cover !important;}&#8221; el_class=&#8221;bloque6&#8243;][vc_column width=&#8221;2\/5&#8243; css=&#8221;.vc_custom_1606895071608{padding-top: 30px !important;padding-right: 20px !important;padding-bottom: 20px !important;padding-left: 20px !important;background-color: rgba(239,202,52,0.9) !important;*background-color: rgb(239,202,52) !important;}&#8221;][vc_column_text]<\/p>\n<p class=\"titulo\">Dobrodo\u0161li na MobiliseSME platformi za povezovanja in izmenjave<\/p>\n<p class=\"text\">\u010ce ste novi prijavitelj, ki \u017eeli registrirati nov MSP ali kako drugo podjetje, kliknite \u00bbZa\u010dni s prijavo\u00ab. \u010ce ste se \u017ee registrirali, kliknite na \u00bbPrijava\u00ab.<\/p>\n<p class=\"text\">Kliknite \u00bbMobiliseSME navodila za registracijo\u00ab za podrobna navodila kako se registrirati na platformi.<\/p>\n<p class=\"text\">\u010ce \u017eelite izvedeti ve\u010d podrobnosti o tem kako sodelovati v programu, lahko tudi kliknete \u00bbMobiliseSME priro\u010dnik\u00ab. Spodaj najdete informacije o zahtevanih pogojih za udele\u017eence.<\/p>\n<p>[\/vc_column_text][vc_btn title=&#8221;Ve\u010d informacij&#8221; shape=&#8221;round&#8221; color=&#8221;white&#8221; align=&#8221;left&#8221; link=&#8221;url:https%3A%2F%2Fmobilise-sme.eu%2Fsl%2Fmatchmaking-platforma%2F|title:Ve%C4%8D%20informacij|&#8221; css=&#8221;.vc_custom_1607952988802{margin-bottom: 0px !important;}&#8221;][\/vc_column][vc_column width=&#8221;3\/5&#8243;][\/vc_column][\/vc_row]<\/p>\n","protected":false},"excerpt":{"rendered":"<p>[vc_row css=&#8221;.vc_custom_1608032447507{padding-top: 200px !important;padding-bottom: 200px !important;background-image: url(https:\/\/mobilise-sme.eu\/wp-content\/uploads\/2020\/11\/portada.png?id=430) !important;background-position: center !important;background-repeat: no-repeat !important;background-size: cover !important;}&#8221; el_class=&#8221;bloque1&#8243;][vc_column width=&#8221;2\/5&#8243; css=&#8221;.vc_custom_1645599945514{padding-top: 20px !important;padding-right: 20px !important;padding-bottom: 15px !important;padding-left: 20px !important;background-color: rgba(0,74,135,0.9) !important;*background-color: rgb(0,74,135) !important;}&#8221; el_class=&#8221;bloque_azul&#8221;][vc_column_text css=&#8221;.vc_custom_1657088860928{margin-bottom: 15px !important;}&#8221;] MobiliseSME MobiliseSME je program, ki se ga izvaja pod okriljem EU (EURES, EaSI). Njegov namen je pomagati pri razvoju ve\u0161\u010din in sposobnosti zaposlenih v podjetjih (zaposleni, mened\u017eerji in lastniki ali solastniki) s podpiranjem kratkoro\u010dnih \u010dezmejnih izmenjav. Na podlagi uspe\u0161ne pilotne sheme \u201eMobiliseSME\u201c (VS\/2015\/0354), ki jo je med letoma 2015 in 2017 izvajal European Entrepreneurs CEA-PME, je program namenjen podpori ljudem, ki so \u017ee zaposleni in \u017eelijo izkusiti [&hellip;]<\/p>\n","protected":false},"author":1,"featured_media":0,"parent":0,"menu_order":0,"comment_status":"closed","ping_status":"closed","template":"","meta":[],"yoast_head":"<!-- This site is optimized with the Yoast SEO plugin v15.4 - https:\/\/yoast.com\/wordpress\/plugins\/seo\/ -->\n<title>Home - Mobilsesme<\/title>\n<meta name=\"description\" content=\"Mobilsesme\" \/>\n<meta name=\"robots\" content=\"index, follow, max-snippet:-1, max-image-preview:large, max-video-preview:-1\" \/>\n<link rel=\"canonical\" href=\"https:\/\/mobilise-sme.eu\/sl\/\" \/>\n<meta property=\"og:locale\" content=\"sl_SI\" \/>\n<meta property=\"og:type\" content=\"article\" \/>\n<meta property=\"og:title\" content=\"Home - Mobilsesme\" \/>\n<meta property=\"og:description\" content=\"Mobilsesme\" \/>\n<meta property=\"og:url\" content=\"https:\/\/mobilise-sme.eu\/sl\/\" \/>\n<meta property=\"og:site_name\" content=\"Mobilsesme\" \/>\n<meta property=\"article:modified_time\" content=\"2022-07-06T06:27:44+00:00\" \/>\n<meta property=\"og:image\" content=\"https:\/\/mobilise-sme.eu\/wp-content\/uploads\/2021\/02\/logo_mobilisesme-1536x292-1.png\" \/>\n\t<meta property=\"og:image:width\" content=\"1536\" \/>\n\t<meta property=\"og:image:height\" content=\"292\" \/>\n<meta name=\"twitter:card\" content=\"summary_large_image\" \/>\n<meta name=\"twitter:image\" content=\"https:\/\/mobilise-sme.eu\/wp-content\/uploads\/2021\/02\/logo_mobilisesme-1536x292-1.png\" \/>\n<meta name=\"twitter:label1\" content=\"Written by\">\n\t<meta name=\"twitter:data1\" content=\"sumaysube\">\n\t<meta name=\"twitter:label2\" content=\"Est. reading time\">\n\t<meta name=\"twitter:data2\" content=\"4 minutes\">\n<script type=\"application\/ld+json\" class=\"yoast-schema-graph\">{\"@context\":\"https:\/\/schema.org\",\"@graph\":[{\"@type\":\"WebSite\",\"@id\":\"https:\/\/mobilise-sme.eu\/#website\",\"url\":\"https:\/\/mobilise-sme.eu\/\",\"name\":\"Mobilsesme\",\"description\":\"Otro sitio realizado con WordPress\",\"potentialAction\":[{\"@type\":\"SearchAction\",\"target\":\"https:\/\/mobilise-sme.eu\/?s={search_term_string}\",\"query-input\":\"required name=search_term_string\"}],\"inLanguage\":\"sl-SI\"},{\"@type\":\"ImageObject\",\"@id\":\"https:\/\/mobilise-sme.eu\/sl\/#primaryimage\",\"inLanguage\":\"sl-SI\",\"url\":\"https:\/\/mobilise-sme.eu\/wp-content\/uploads\/2020\/11\/Rectangle-42.png\",\"width\":22,\"height\":23},{\"@type\":\"WebPage\",\"@id\":\"https:\/\/mobilise-sme.eu\/sl\/#webpage\",\"url\":\"https:\/\/mobilise-sme.eu\/sl\/\",\"name\":\"Home - Mobilsesme\",\"isPartOf\":{\"@id\":\"https:\/\/mobilise-sme.eu\/#website\"},\"primaryImageOfPage\":{\"@id\":\"https:\/\/mobilise-sme.eu\/sl\/#primaryimage\"},\"datePublished\":\"2021-01-28T08:45:31+00:00\",\"dateModified\":\"2022-07-06T06:27:44+00:00\",\"description\":\"Mobilsesme\",\"inLanguage\":\"sl-SI\",\"potentialAction\":[{\"@type\":\"ReadAction\",\"target\":[\"https:\/\/mobilise-sme.eu\/sl\/\"]}]}]}<\/script>\n<!-- \/ Yoast SEO plugin. -->","_links":{"self":[{"href":"https:\/\/mobilise-sme.eu\/sl\/wp-json\/wp\/v2\/pages\/1673\/"}],"collection":[{"href":"https:\/\/mobilise-sme.eu\/sl\/wp-json\/wp\/v2\/pages\/"}],"about":[{"href":"https:\/\/mobilise-sme.eu\/sl\/wp-json\/wp\/v2\/types\/page\/"}],"author":[{"embeddable":true,"href":"https:\/\/mobilise-sme.eu\/sl\/wp-json\/wp\/v2\/users\/1\/"}],"replies":[{"embeddable":true,"href":"https:\/\/mobilise-sme.eu\/sl\/wp-json\/wp\/v2\/comments\/?post=1673"}],"version-history":[{"count":46,"href":"https:\/\/mobilise-sme.eu\/sl\/wp-json\/wp\/v2\/pages\/1673\/revisions\/"}],"predecessor-version":[{"id":4178,"href":"https:\/\/mobilise-sme.eu\/sl\/wp-json\/wp\/v2\/pages\/1673\/revisions\/4178\/"}],"wp:attachment":[{"href":"https:\/\/mobilise-sme.eu\/sl\/wp-json\/wp\/v2\/media\/?parent=1673"}],"curies":[{"name":"wp","href":"https:\/\/api.w.org\/{rel}","templated":true}]}}