{"id":1679,"date":"2021-01-28T08:51:23","date_gmt":"2021-01-28T08:51:23","guid":{"rendered":"https:\/\/mobilise-sme.eu\/lokalne-kontaktne-tocke\/"},"modified":"2022-09-29T12:28:35","modified_gmt":"2022-09-29T10:28:35","slug":"lokalne-kontaktne-tocke","status":"publish","type":"page","link":"https:\/\/mobilise-sme.eu\/sl\/lokalne-kontaktne-tocke\/","title":{"rendered":"Lokalne kontaktne to\u010dke"},"content":{"rendered":"<p>[vc_row el_class=&#8221;espaciado bloquelocal&#8221;][vc_column css=&#8221;.vc_custom_1602769966142{padding-top: 20px !important;}&#8221;][vc_column_text css=&#8221;.vc_custom_1602769996122{margin-bottom: 5px !important;}&#8221;]<\/p>\n<p class=\"titulo-blue\" style=\"text-align: center;\">Lokalne kontaktne to\u010dke<\/p>\n<p>[\/vc_column_text][vc_separator color=&#8221;custom&#8221; border_width=&#8221;2&#8243; el_width=&#8221;20&#8243; accent_color=&#8221;#0d5387&#8243;][vc_column_text]\u010ce vas zanima sodelovanje v programu MobiliseSME, se lahko obrnete na katero koli od spodaj navedenih oseb.<\/p>\n<p>To so med drugim subjekti, kot so gospodarske zbornice, agencije za inovacije, fundacije, zdru\u017eenje gospodarskih zbornic, poslovne organizacije, univerze in poslovni inkubatorji.<\/p>\n<p><strong>Program EaSI<\/strong> jih je uradno imenoval za pomo\u010d pri vzpostavljanju stikov med MSP-ji v EU, v okviru programa MobiliseSME.<\/p>\n<p>\u010ce va\u0161a dr\u017eava nima lokalne informacijske to\u010dke, se obrnite na <em>support@mobilise-sme.eu<\/em>. Dolo\u010dena vam bo lokalna kontaktna to\u010dka.<\/p>\n<p>[\/vc_column_text][\/vc_column][\/vc_row][vc_row el_class=&#8221;espaciado2&#8243;][vc_column width=&#8221;1\/3&#8243; el_class=&#8221;bloquelocal2&#8243;][vc_raw_html]PGRpdiBjbGFzcz0ic2VsZWNjaW9uLWNpdWRhZCI+PHAgY2xhc3M9InNlbGVjdC1jb3VudHJ5Ij5JemJlcml0ZSBzdm9qbyBkcsW+YXZvPC9wPjxzZWxlY3Q+PG9wdGlvbiB2YWx1ZT0ibWFwIj5EcsW+YXZhPC9vcHRpb24+PG9wdGlvbiB2YWx1ZT0ibWFwIj5BbGJhbmlqYTwvb3B0aW9uPjxvcHRpb24gdmFsdWU9ImF1c3RyaWEiPkF2c3RyaWphPC9vcHRpb24+PG9wdGlvbiB2YWx1ZT0iYmVsZ2l1bSI+QmVsZ2lqYTwvb3B0aW9uPjxvcHRpb24gdmFsdWU9Im1hcCI+Qm9sZ2FyaWphPC9vcHRpb24+PG9wdGlvbiB2YWx1ZT0iY3JvYXRpYSI+SHJ2YcWha2E8L29wdGlvbj48b3B0aW9uIHZhbHVlPSJtYXAiPkNpcGVyPC9vcHRpb24+PG9wdGlvbiB2YWx1ZT0ibWFwIj7EjGXFoWthPC9vcHRpb24+PG9wdGlvbiB2YWx1ZT0ibWFwIj5EYW5za2E8L29wdGlvbj48b3B0aW9uIHZhbHVlPSJtYXAiPk5lbcSNaWphPC9vcHRpb24+PG9wdGlvbiB2YWx1ZT0ibWFwIj5Fc3RvbmlqYTwvb3B0aW9uPjxvcHRpb24gdmFsdWU9Im1hcCI+Rmluc2thPC9vcHRpb24+PG9wdGlvbiB2YWx1ZT0ibWFwIj5TZXZlcm5hIE1ha2Vkb25pamE8L29wdGlvbj48b3B0aW9uIHZhbHVlPSJmcmFuY2UiPkZyYW5jaWphPC9vcHRpb24+PG9wdGlvbiB2YWx1ZT0iZ3JlZWNlIj5HcsSNaWphPC9vcHRpb24+PG9wdGlvbiB2YWx1ZT0ibWFwIj5NYWTFvmFyc2thPC9vcHRpb24+PG9wdGlvbiB2YWx1ZT0ibWFwIj5Jc2xhbmRpamE8L29wdGlvbj48b3B0aW9uIHZhbHVlPSJpcmVsYW5kIj5JcnNrYTwvb3B0aW9uPjxvcHRpb24gdmFsdWU9Iml0YWx5MiI+SXRhbGlqYTwvb3B0aW9uPjxvcHRpb24gdmFsdWU9Im1hcCI+TGl0dmE8L29wdGlvbj48b3B0aW9uIHZhbHVlPSJiZWxnaXVtIj5MdWtzZW1idXJnPC9vcHRpb24+PG9wdGlvbiB2YWx1ZT0ibWFwIj5NYWx0YTwvb3B0aW9uPjxvcHRpb24gdmFsdWU9Im1vbnRlbmVncm8iPsSMcm5hIGdvcmE8L29wdGlvbj48b3B0aW9uIHZhbHVlPSJiZWxnaXVtIj5OaXpvemVtc2thPC9vcHRpb24+PG9wdGlvbiB2YWx1ZT0ibWFwIj5Qb2xqc2thPC9vcHRpb24+PG9wdGlvbiB2YWx1ZT0ibWFwIj5Qb3J0dWdhbHNrYTwvb3B0aW9uPjxvcHRpb24gdmFsdWU9InNlcmJpYSI+U3JiaWphPC9vcHRpb24+PG9wdGlvbiB2YWx1ZT0iaXRhbHkiPlNsb3ZhxaFrYTwvb3B0aW9uPjxvcHRpb24gdmFsdWU9InNsb3ZlbmlhIj5TbG92ZW5pamE8L29wdGlvbj48b3B0aW9uIHZhbHVlPSJzcGFpbiI+xaBwYW5pamE8L29wdGlvbj48L3NlbGVjdD48L2Rpdj4=[\/vc_raw_html][vc_wp_text]<\/p>\n<div class=\"map box\">\n<p class=\"titulo-select\"><strong>MobiliseSME program<\/strong><\/p>\n<p class=\"nombre\"><strong>\u010ce v va\u0161i dr\u017eavi ni lokalne kontaktne to\u010dke, pi\u0161ite na spodnji e-po\u0161tni naslov: <\/strong><\/p>\n<p class=\"mail\"><img src=\"https:\/\/mobilise-sme.eu\/wp-content\/uploads\/2020\/11\/mail.png\" \/> <a href=\"mailto:support@mobilise-sme.eu\" target=\"_blank\" rel=\"noopener noreferrer\">support@mobilise-sme.eu<\/a><\/p>\n<\/div>\n<p>[\/vc_wp_text][vc_wp_text]<\/p>\n<div class=\"belgium box\">\n<p class=\"titulo-select\"><strong>Official Spanish Chamber of Commerce in Belgium and Luxembourg (CAMARABELUX, Belgija)<\/strong><\/p>\n<div class=\"boton\"><a>https:\/\/e-camara.com\/web\/<\/a><\/div>\n<p class=\"nombre\"><strong>Noelia S\u00e1nchez, Vodja EU projektov<\/strong><\/p>\n<p class=\"nombre\"><strong>Marta Gonz\u00e1lez, Generalni sekretar<\/strong><\/p>\n<p class=\"mail\"><img src=\"https:\/\/mobilise-sme.eu\/wp-content\/uploads\/2020\/11\/mail.png\" \/> <a href=\"mailto:mobilisesme@e-camara.com\" target=\"_blank\" rel=\"noopener noreferrer\">mobilisesme@e-camara.com<\/a><\/p>\n<p class=\"telefono\"><img src=\"https:\/\/mobilise-sme.eu\/wp-content\/uploads\/2020\/11\/phone.png\" \/> +32 2517 17 40<\/p>\n<\/div>\n<p>[\/vc_wp_text][vc_wp_text]<\/p>\n<div class=\"spain box\">\n<p class=\"titulo-select\"><strong>Fundaci\u00f3n Equipo Humano (FEH, \u0160panija)<\/strong><\/p>\n<div class=\"boton\"><a href=\"https:\/\/fundacionequipohumano.es\/\" target=\"_blank\" rel=\"noopener noreferrer\">www.fundacionequipohumano.es<\/a><\/div>\n<p class=\"nombre\"><strong>Alfonso Cadenas Ca\u00f1am\u00e1s, Koordinator EU projektov<\/strong><\/p>\n<p class=\"mail\"><img src=\"https:\/\/mobilise-sme.eu\/wp-content\/uploads\/2020\/11\/mail.png\" \/> <a href=\"mailto:alfonso.cadenas@fundacionequipohumano.es\">alfonso.cadenas@fundacionequipohumano.es<\/a><\/p>\n<p class=\"nombre\"><strong>Jose Enrique Val, Vodja EU projektov<\/strong><\/p>\n<p class=\"mail\"><img src=\"https:\/\/mobilise-sme.eu\/wp-content\/uploads\/2020\/11\/mail.png\" \/> <a href=\"mailto:je.val@fundacionequipohumano.es\">je.val@fundacionequipohumano.es<\/a><\/p>\n<p class=\"telefono\"><img src=\"https:\/\/mobilise-sme.eu\/wp-content\/uploads\/2020\/11\/phone.png\" \/> +34 670 36 72 16 +34 963 468 580<\/p>\n<\/div>\n<p>[\/vc_wp_text][vc_wp_text]<\/p>\n<div class=\"ireland box\">\n<p class=\"titulo-select\"><strong>Dublin Chamber of Commerce (DCC, Irska)<\/strong><\/p>\n<div class=\"boton\"><a href=\"https:\/\/www.dublinchamber.ie\/\" target=\"_blank\" rel=\"noopener noreferrer\">https:\/\/www.dublinchamber.ie\/ <\/a><\/div>\n<p class=\"nombre\"><strong>Maria Deady, Mednarodni vodja projektov<\/strong><\/p>\n<p class=\"nombre\"><strong>Miriam Tuomey, Vodja projektov<\/strong><\/p>\n<p class=\"mail\"><img src=\"https:\/\/mobilise-sme.eu\/wp-content\/uploads\/2020\/11\/mail.png\" \/> <a href=\"mailto:international@dublinchamber.ie\">international@dublinchamber.ie<\/a><\/p>\n<p class=\"telefono\"><img src=\"https:\/\/mobilise-sme.eu\/wp-content\/uploads\/2020\/11\/phone.png\" \/> +353 1 6447200<\/p>\n<\/div>\n<p>[\/vc_wp_text][vc_wp_text]<\/p>\n<div class=\"serbia box\">\n<p class=\"titulo-select\"><strong>Poslovni inkubator Novi Sad, (BINS, Srbija)<\/strong><\/p>\n<div class=\"boton\"><a href=\"http:\/\/inkubator.biz\" target=\"_blank\" rel=\"noopener noreferrer\">http:\/\/inkubator.biz<\/a><\/div>\n<p>&nbsp;<\/p>\n<p class=\"mail\"><img src=\"https:\/\/mobilise-sme.eu\/wp-content\/uploads\/2020\/11\/mail.png\" \/> <a href=\"mailto:mobilisesme@inkubator.biz\">mobilisesme@inkubator.biz<\/a><\/p>\n<p class=\"telefono\"><img src=\"https:\/\/mobilise-sme.eu\/wp-content\/uploads\/2020\/11\/phone.png\" \/> +381 21 3000 300<\/p>\n<\/div>\n<p>[\/vc_wp_text][vc_wp_text]<\/p>\n<div class=\"croatia box\">\n<p class=\"titulo-select\"><strong><b>Tera Tehnopolis d.o.o.<\/b> (TERA, Hrva\u0161ka)<\/strong><\/p>\n<div class=\"boton\"><a href=\"http:\/\/web.tera.hr\/\" target=\"_blank\" rel=\"noopener noreferrer\">http:\/\/web.tera.hr\/<\/a><\/div>\n<p class=\"nombre\"><strong>Ivana Duman\u010di\u0107, Izredni strokovnjak<\/strong><\/p>\n<p class=\"mail\"><img src=\"https:\/\/mobilise-sme.eu\/wp-content\/uploads\/2020\/11\/mail.png\" \/> <a href=\"mailto:ivana@tera.hr\">ivana@tera.hr<\/a><\/p>\n<p class=\"telefono\"><img src=\"https:\/\/mobilise-sme.eu\/wp-content\/uploads\/2020\/11\/phone.png\" \/> +38 531 251 000<\/p>\n<\/div>\n<p>[\/vc_wp_text][vc_wp_text]<\/p>\n<div class=\"italy box\">\n<p class=\"titulo-select\"><strong>Italian-Slovak Chamber of Commerce (CCIS-TSOK, Slova\u0161ka)<\/strong><\/p>\n<div class=\"boton\"><a href=\"www.camit.sk\" target=\"_blank\" rel=\"noopener noreferrer\">www.camit.sk<\/a><\/div>\n<p>&nbsp;<\/p>\n<p class=\"mail\"><img src=\"https:\/\/mobilise-sme.eu\/wp-content\/uploads\/2020\/11\/mail.png\" \/> <a href=\"mailto:info@camitslovakia.sk\">info@camitslovakia.sk<\/a><\/p>\n<p class=\"telefono\"><img src=\"https:\/\/mobilise-sme.eu\/wp-content\/uploads\/2020\/11\/phone.png\" \/> +42 1948 899 880<\/p>\n<\/div>\n<p>[\/vc_wp_text][vc_wp_text]<\/p>\n<div class=\"slovenia box\">\n<p class=\"titulo-select\"><strong>BSC, poslovno podporni center, d.o.o., Kranj (BSC Kranj, Slovenija)<\/strong><\/p>\n<div class=\"boton\"><a href=\"http:\/\/www.bsc-kranj.si\/\" target=\"_blank\" rel=\"noopener noreferrer\">http:\/\/www.bsc-kranj.si\/<\/a><\/div>\n<p>&nbsp;<\/p>\n<p class=\"mail\"><img src=\"https:\/\/mobilise-sme.eu\/wp-content\/uploads\/2020\/11\/mail.png\" \/> <a href=\"mailto:Nives.justin@bsc-kranj.si\">Nives.justin@bsc-kranj.si<\/a><\/p>\n<p class=\"mail\"><img src=\"https:\/\/mobilise-sme.eu\/wp-content\/uploads\/2020\/11\/mail.png\" \/> <a href=\"mailto:tamara.mravinec@bsc-kranj.si\">tamara.mravinec@bsc-kranj.si<\/a><\/p>\n<p class=\"telefono\"><img src=\"https:\/\/mobilise-sme.eu\/wp-content\/uploads\/2020\/11\/phone.png\" \/> +386 4 28 17 247<\/p>\n<p class=\"telefono\"><img src=\"https:\/\/mobilise-sme.eu\/wp-content\/uploads\/2020\/11\/phone.png\" \/> + 386 4 77 77 250<\/p>\n<\/div>\n<p>[\/vc_wp_text][vc_wp_text]<\/p>\n<div class=\"italy2 box\">\n<p class=\"titulo-select\"><strong>Forum of the Adriatic and Ionian Chambers of Commerce (FORUM AIC, Italija)<\/strong><\/p>\n<div class=\"boton\"><a href=\"https:\/\/www.forumaic.org\/\" target=\"_blank\" rel=\"noopener noreferrer\">https:\/\/www.forumaic.org\/<\/a><\/div>\n<p>&nbsp;<\/p>\n<p class=\"mail\"><img src=\"https:\/\/mobilise-sme.eu\/wp-content\/uploads\/2020\/11\/mail.png\" \/> <a href=\"mailto:segreteria.forum@marche.camcom.it\">segreteria.forum@marche.camcom.it<\/a><\/p>\n<p class=\"nombre\"><strong>Alina Nistor<\/strong><\/p>\n<p class=\"mail\"><img src=\"https:\/\/mobilise-sme.eu\/wp-content\/uploads\/2020\/11\/mail.png\" \/> <a href=\"mailto:alina.nistor@marche.camcom.it\">alina.nistor@marche.camcom.it<\/a><\/p>\n<p>&nbsp;<\/p>\n<\/div>\n<p>[\/vc_wp_text][vc_wp_text]<\/p>\n<div class=\"austria box\">\n<p class=\"titulo-select\"><strong>Austrian Chamber of Commerce (WKO, Avstrija)<\/strong><\/p>\n<div class=\"boton\"><a href=\"https:\/\/wko.at\" target=\"_blank\" rel=\"noopener noreferrer\">https:\/\/wko.at<\/a><\/div>\n<p class=\"nombre\"><strong>Christoph Huter<\/strong><\/p>\n<p class=\"mail\"><img src=\"https:\/\/mobilise-sme.eu\/wp-content\/uploads\/2020\/11\/mail.png\" \/> <a href=\"mailto:christoph.huter@wko.at\">christoph.huter@wko.at<\/a><\/p>\n<p class=\"telefono\"><img src=\"https:\/\/mobilise-sme.eu\/wp-content\/uploads\/2020\/11\/phone.png\" \/> +43 590900-3220<\/p>\n<p class=\"nombre\"><strong>Thomas Reichenbach<\/strong><\/p>\n<p class=\"mail\"><img src=\"https:\/\/mobilise-sme.eu\/wp-content\/uploads\/2020\/11\/mail.png\" \/> <a href=\"mailto:thomas.reichenbach@wko.at\">thomas.reichenbach@wko.at<\/a><\/p>\n<p class=\"telefono\"><img src=\"https:\/\/mobilise-sme.eu\/wp-content\/uploads\/2020\/11\/phone.png\" \/> +43 590900-4077<\/p>\n<\/div>\n<div class=\"austria box\">\n<p>&nbsp;<\/p>\n<p class=\"titulo-select\"><b>Internationaler Fachkr\u00e4fteaustausch (IFA)<\/b><\/p>\n<div class=\"boton\"><a href=\"https:\/\/ifa.or.at\/\" target=\"_blank\" rel=\"noopener noreferrer\">https:\/\/ifa.or.at\/<\/a><\/div>\n<p class=\"nombre\"><strong>Chirstina Prohammer<\/strong><\/p>\n<p class=\"mail\"><img src=\"https:\/\/mobilise-sme.eu\/wp-content\/uploads\/2020\/11\/mail.png\" \/> <a href=\"mailto:prohammer@ifa.or.at\">prohammer@ifa.or.at<\/a><\/p>\n<p class=\"telefono\"><img src=\"https:\/\/mobilise-sme.eu\/wp-content\/uploads\/2020\/11\/phone.png\" \/> +43-1-3665544-13<\/p>\n<\/div>\n<p>[\/vc_wp_text][vc_wp_text]<\/p>\n<div class=\"greece box\">\n<p class=\"titulo-select\"><strong>Association of Thessalian Enterprises and Industries (STHEV, Gr\u010dija)<\/strong><\/p>\n<div class=\"boton\"><a href=\"www.sthev.gr\" target=\"_blank\" rel=\"noopener noreferrer\">www.sthev.gr<\/a><\/div>\n<p class=\"nombre\"><strong>Eleni Evagelopoulou<\/strong><\/p>\n<p class=\"mail\"><img src=\"https:\/\/mobilise-sme.eu\/wp-content\/uploads\/2020\/11\/mail.png\" \/> <a href=\"mailto:education@sthev.gr\">education@sthev.gr<\/a><\/p>\n<p>&nbsp;<\/p>\n<\/div>\n<p>[\/vc_wp_text][vc_wp_text]<\/p>\n<div class=\"france box\">\n<p class=\"titulo-select\"><strong>Chamber of Commerce and Industry of Nouvelle-Aquitaine (CCI-NA, Francija)<\/strong><\/p>\n<div class=\"boton\"><a href=\"www.nouvelle-aquitaine.cci.fr\" target=\"_blank\" rel=\"noopener noreferrer\">www.nouvelle-aquitaine.cci.fr<\/a><\/div>\n<p class=\"nombre\"><strong>Stephanie VINCENT<\/strong><\/p>\n<p class=\"mail\"><img src=\"https:\/\/mobilise-sme.eu\/wp-content\/uploads\/2020\/11\/mail.png\" \/> <a href=\"mailto:stephanie.vincent@nouvelle-aquitaine.cci.fr\">stephanie.vincent@nouvelle-aquitaine.cci.fr<\/a><\/p>\n<p class=\"telefono\"><img src=\"https:\/\/mobilise-sme.eu\/wp-content\/uploads\/2020\/11\/phone.png\" \/> +33556112813<\/p>\n<p>&nbsp;<\/p>\n<\/div>\n<p>[\/vc_wp_text][vc_wp_text]<\/p>\n<div class=\"montenegro box\">\n<p class=\"titulo-select\"><strong>Privredna komora Crne Gore (CEM, \u010crna gora)<\/strong><\/p>\n<div class=\"boton\"><a href=\"www.privrednakomora.me\" target=\"_blank\" rel=\"noopener noreferrer\">www.privrednakomora.me<\/a><\/div>\n<p>&nbsp;<\/p>\n<p class=\"mail\"><img src=\"https:\/\/mobilise-sme.eu\/wp-content\/uploads\/2020\/11\/mail.png\" \/> <a href=\"mailto:pkcg@pkcg.org\">pkcg@pkcg.org<\/a><\/p>\n<p class=\"telefono\"><img src=\"https:\/\/mobilise-sme.eu\/wp-content\/uploads\/2020\/11\/phone.png\" \/> +38 22 0230706<\/p>\n<p>&nbsp;<\/p>\n<\/div>\n<p>[\/vc_wp_text][\/vc_column][vc_column width=&#8221;2\/3&#8243; css=&#8221;.vc_custom_1639998441662{margin-right: 0px !important;margin-left: 0px !important;padding-right: 0px !important;padding-left: 0px !important;}&#8221; el_class=&#8221;mapa&#8221;][vc_wp_text]<\/p>\n<div class=\"map box\"><img loading=\"lazy\" src=\"https:\/\/mobilise-sme.eu\/wp-content\/uploads\/2020\/11\/map_2.png\" alt=\"\" width=\"100%\" height=\"auto\" \/><\/div>\n<p>[\/vc_wp_text][vc_wp_text]<\/p>\n<div class=\"belgium box\"><img loading=\"lazy\" src=\"https:\/\/mobilise-sme.eu\/wp-content\/uploads\/2020\/11\/CAMARABELUX.png\" alt=\"\" width=\"100%\" height=\"auto\" \/><\/div>\n<p>[\/vc_wp_text][vc_wp_text]<\/p>\n<div class=\"spain box\"><img loading=\"lazy\" src=\"https:\/\/mobilise-sme.eu\/wp-content\/uploads\/2020\/11\/FEH.png\" alt=\"\" width=\"100%\" height=\"auto\" \/><\/div>\n<p>[\/vc_wp_text][vc_wp_text]<\/p>\n<div class=\"ireland box\"><img loading=\"lazy\" src=\"https:\/\/mobilise-sme.eu\/wp-content\/uploads\/2020\/11\/DCC.png\" alt=\"\" width=\"100%\" height=\"auto\" \/><\/div>\n<p>[\/vc_wp_text][vc_wp_text]<\/p>\n<div class=\"serbia box\"><img loading=\"lazy\" src=\"https:\/\/mobilise-sme.eu\/wp-content\/uploads\/2020\/11\/BINS.png\" alt=\"\" width=\"100%\" height=\"auto\" \/><\/div>\n<p>[\/vc_wp_text][vc_wp_text]<\/p>\n<div class=\"croatia box\"><img loading=\"lazy\" src=\"https:\/\/mobilise-sme.eu\/wp-content\/uploads\/2021\/03\/TERA-1.jpg\" alt=\"\" width=\"100%\" height=\"auto\" \/><\/div>\n<p>[\/vc_wp_text][vc_wp_text]<\/p>\n<div class=\"italy box\"><img loading=\"lazy\" src=\"https:\/\/mobilise-sme.eu\/wp-content\/uploads\/2021\/03\/CCIS-TSOK-1.jpg\" alt=\"\" width=\"100%\" height=\"auto\" \/><\/div>\n<p>[\/vc_wp_text][vc_wp_text]<\/p>\n<div class=\"slovenia box\"><img loading=\"lazy\" src=\"https:\/\/mobilise-sme.eu\/wp-content\/uploads\/2020\/11\/BSC-2.png\" alt=\"\" width=\"100%\" height=\"auto\" \/><\/div>\n<p>[\/vc_wp_text][vc_wp_text]<\/p>\n<div class=\"italy2 box\"><img loading=\"lazy\" src=\"https:\/\/mobilise-sme.eu\/wp-content\/uploads\/2020\/11\/FORUM.png\" alt=\"\" width=\"100%\" height=\"auto\" \/><\/div>\n<p>[\/vc_wp_text][vc_wp_text]<\/p>\n<div class=\"austria box\"><img loading=\"lazy\" src=\"https:\/\/mobilise-sme.eu\/wp-content\/uploads\/2020\/11\/WKO.png\" alt=\"\" width=\"100%\" height=\"auto\" \/><\/div>\n<p>[\/vc_wp_text][vc_wp_text]<\/p>\n<div class=\"greece box\"><img loading=\"lazy\" src=\"https:\/\/mobilise-sme.eu\/wp-content\/uploads\/2020\/11\/STHEV.png\" alt=\"\" width=\"100%\" height=\"auto\" \/><\/div>\n<p>[\/vc_wp_text][vc_wp_text]<\/p>\n<div class=\"france box\"><img loading=\"lazy\" src=\"https:\/\/mobilise-sme.eu\/wp-content\/uploads\/2020\/11\/CCI-NA.png\" alt=\"\" width=\"100%\" height=\"auto\" \/><\/div>\n<p>[\/vc_wp_text][vc_wp_text]<\/p>\n<div class=\"montenegro box\"><img loading=\"lazy\" src=\"https:\/\/mobilise-sme.eu\/wp-content\/uploads\/2020\/11\/CEM.png\" alt=\"\" width=\"100%\" height=\"auto\" \/><\/div>\n<p>[\/vc_wp_text][\/vc_column][\/vc_row]<\/p>\n","protected":false},"excerpt":{"rendered":"<p>[vc_row el_class=&#8221;espaciado bloquelocal&#8221;][vc_column css=&#8221;.vc_custom_1602769966142{padding-top: 20px !important;}&#8221;][vc_column_text css=&#8221;.vc_custom_1602769996122{margin-bottom: 5px !important;}&#8221;] Lokalne kontaktne to\u010dke [\/vc_column_text][vc_separator color=&#8221;custom&#8221; border_width=&#8221;2&#8243; el_width=&#8221;20&#8243; accent_color=&#8221;#0d5387&#8243;][vc_column_text]\u010ce vas zanima sodelovanje v programu MobiliseSME, se lahko obrnete na katero koli od spodaj navedenih oseb. To so med drugim subjekti, kot so gospodarske zbornice, agencije za inovacije, fundacije, zdru\u017eenje gospodarskih zbornic, poslovne organizacije, univerze in poslovni inkubatorji. Program EaSI jih je uradno imenoval za pomo\u010d pri vzpostavljanju stikov med MSP-ji v EU, v okviru programa MobiliseSME. \u010ce va\u0161a dr\u017eava nima lokalne informacijske to\u010dke, se obrnite na support@mobilise-sme.eu. Dolo\u010dena vam bo lokalna kontaktna to\u010dka. [\/vc_column_text][\/vc_column][\/vc_row][vc_row el_class=&#8221;espaciado2&#8243;][vc_column width=&#8221;1\/3&#8243; el_class=&#8221;bloquelocal2&#8243;][vc_raw_html]PGRpdiBjbGFzcz0ic2VsZWNjaW9uLWNpdWRhZCI+PHAgY2xhc3M9InNlbGVjdC1jb3VudHJ5Ij5JemJlcml0ZSBzdm9qbyBkcsW+YXZvPC9wPjxzZWxlY3Q+PG9wdGlvbiB2YWx1ZT0ibWFwIj5EcsW+YXZhPC9vcHRpb24+PG9wdGlvbiB2YWx1ZT0ibWFwIj5BbGJhbmlqYTwvb3B0aW9uPjxvcHRpb24gdmFsdWU9ImF1c3RyaWEiPkF2c3RyaWphPC9vcHRpb24+PG9wdGlvbiB2YWx1ZT0iYmVsZ2l1bSI+QmVsZ2lqYTwvb3B0aW9uPjxvcHRpb24gdmFsdWU9Im1hcCI+Qm9sZ2FyaWphPC9vcHRpb24+PG9wdGlvbiB2YWx1ZT0iY3JvYXRpYSI+SHJ2YcWha2E8L29wdGlvbj48b3B0aW9uIHZhbHVlPSJtYXAiPkNpcGVyPC9vcHRpb24+PG9wdGlvbiB2YWx1ZT0ibWFwIj7EjGXFoWthPC9vcHRpb24+PG9wdGlvbiB2YWx1ZT0ibWFwIj5EYW5za2E8L29wdGlvbj48b3B0aW9uIHZhbHVlPSJtYXAiPk5lbcSNaWphPC9vcHRpb24+PG9wdGlvbiB2YWx1ZT0ibWFwIj5Fc3RvbmlqYTwvb3B0aW9uPjxvcHRpb24gdmFsdWU9Im1hcCI+Rmluc2thPC9vcHRpb24+PG9wdGlvbiB2YWx1ZT0ibWFwIj5TZXZlcm5hIE1ha2Vkb25pamE8L29wdGlvbj48b3B0aW9uIHZhbHVlPSJmcmFuY2UiPkZyYW5jaWphPC9vcHRpb24+PG9wdGlvbiB2YWx1ZT0iZ3JlZWNlIj5HcsSNaWphPC9vcHRpb24+PG9wdGlvbiB2YWx1ZT0ibWFwIj5NYWTFvmFyc2thPC9vcHRpb24+PG9wdGlvbiB2YWx1ZT0ibWFwIj5Jc2xhbmRpamE8L29wdGlvbj48b3B0aW9uIHZhbHVlPSJpcmVsYW5kIj5JcnNrYTwvb3B0aW9uPjxvcHRpb24gdmFsdWU9Iml0YWx5MiI+SXRhbGlqYTwvb3B0aW9uPjxvcHRpb24gdmFsdWU9Im1hcCI+TGl0dmE8L29wdGlvbj48b3B0aW9uIHZhbHVlPSJiZWxnaXVtIj5MdWtzZW1idXJnPC9vcHRpb24+PG9wdGlvbiB2YWx1ZT0ibWFwIj5NYWx0YTwvb3B0aW9uPjxvcHRpb24gdmFsdWU9Im1vbnRlbmVncm8iPsSMcm5hIGdvcmE8L29wdGlvbj48b3B0aW9uIHZhbHVlPSJiZWxnaXVtIj5OaXpvemVtc2thPC9vcHRpb24+PG9wdGlvbiB2YWx1ZT0ibWFwIj5Qb2xqc2thPC9vcHRpb24+PG9wdGlvbiB2YWx1ZT0ibWFwIj5Qb3J0dWdhbHNrYTwvb3B0aW9uPjxvcHRpb24gdmFsdWU9InNlcmJpYSI+U3JiaWphPC9vcHRpb24+PG9wdGlvbiB2YWx1ZT0iaXRhbHkiPlNsb3ZhxaFrYTwvb3B0aW9uPjxvcHRpb24gdmFsdWU9InNsb3ZlbmlhIj5TbG92ZW5pamE8L29wdGlvbj48b3B0aW9uIHZhbHVlPSJzcGFpbiI+xaBwYW5pamE8L29wdGlvbj48L3NlbGVjdD48L2Rpdj4=[\/vc_raw_html][vc_wp_text] MobiliseSME program \u010ce v va\u0161i [&hellip;]<\/p>\n","protected":false},"author":1,"featured_media":0,"parent":0,"menu_order":0,"comment_status":"closed","ping_status":"closed","template":"","meta":[],"yoast_head":"<!-- This site is optimized with the Yoast SEO plugin v15.4 - https:\/\/yoast.com\/wordpress\/plugins\/seo\/ -->\n<title>Lokalne kontaktne to\u010dke - Mobilsesme<\/title>\n<meta name=\"robots\" content=\"index, follow, max-snippet:-1, max-image-preview:large, max-video-preview:-1\" \/>\n<link rel=\"canonical\" href=\"https:\/\/mobilise-sme.eu\/sl\/lokalne-kontaktne-tocke\/\" \/>\n<meta property=\"og:locale\" content=\"sl_SI\" \/>\n<meta property=\"og:type\" content=\"article\" \/>\n<meta property=\"og:title\" content=\"Lokalne kontaktne to\u010dke - Mobilsesme\" \/>\n<meta property=\"og:description\" content=\"[vc_row el_class=&#8221;espaciado bloquelocal&#8221;][vc_column css=&#8221;.vc_custom_1602769966142{padding-top: 20px !important;}&#8221;][vc_column_text css=&#8221;.vc_custom_1602769996122{margin-bottom: 5px !important;}&#8221;] Lokalne kontaktne to\u010dke [\/vc_column_text][vc_separator color=&#8221;custom&#8221; border_width=&#8221;2&#8243; el_width=&#8221;20&#8243; accent_color=&#8221;#0d5387&#8243;][vc_column_text]\u010ce vas zanima sodelovanje v programu MobiliseSME, se lahko obrnete na katero koli od spodaj navedenih oseb. To so med drugim subjekti, kot so gospodarske zbornice, agencije za inovacije, fundacije, zdru\u017eenje gospodarskih zbornic, poslovne organizacije, univerze in poslovni inkubatorji. Program EaSI jih je uradno imenoval za pomo\u010d pri vzpostavljanju stikov med MSP-ji v EU, v okviru programa MobiliseSME. \u010ce va\u0161a dr\u017eava nima lokalne informacijske to\u010dke, se obrnite na support@mobilise-sme.eu. Dolo\u010dena vam bo lokalna kontaktna to\u010dka. [\/vc_column_text][\/vc_column][\/vc_row][vc_row el_class=&#8221;espaciado2&#8243;][vc_column width=&#8221;1\/3&#8243; el_class=&#8221;bloquelocal2&#8243;][vc_raw_html]PGRpdiBjbGFzcz0ic2VsZWNjaW9uLWNpdWRhZCI+PHAgY2xhc3M9InNlbGVjdC1jb3VudHJ5Ij5JemJlcml0ZSBzdm9qbyBkcsW+YXZvPC9wPjxzZWxlY3Q+PG9wdGlvbiB2YWx1ZT0ibWFwIj5EcsW+YXZhPC9vcHRpb24+PG9wdGlvbiB2YWx1ZT0ibWFwIj5BbGJhbmlqYTwvb3B0aW9uPjxvcHRpb24gdmFsdWU9ImF1c3RyaWEiPkF2c3RyaWphPC9vcHRpb24+PG9wdGlvbiB2YWx1ZT0iYmVsZ2l1bSI+QmVsZ2lqYTwvb3B0aW9uPjxvcHRpb24gdmFsdWU9Im1hcCI+Qm9sZ2FyaWphPC9vcHRpb24+PG9wdGlvbiB2YWx1ZT0iY3JvYXRpYSI+SHJ2YcWha2E8L29wdGlvbj48b3B0aW9uIHZhbHVlPSJtYXAiPkNpcGVyPC9vcHRpb24+PG9wdGlvbiB2YWx1ZT0ibWFwIj7EjGXFoWthPC9vcHRpb24+PG9wdGlvbiB2YWx1ZT0ibWFwIj5EYW5za2E8L29wdGlvbj48b3B0aW9uIHZhbHVlPSJtYXAiPk5lbcSNaWphPC9vcHRpb24+PG9wdGlvbiB2YWx1ZT0ibWFwIj5Fc3RvbmlqYTwvb3B0aW9uPjxvcHRpb24gdmFsdWU9Im1hcCI+Rmluc2thPC9vcHRpb24+PG9wdGlvbiB2YWx1ZT0ibWFwIj5TZXZlcm5hIE1ha2Vkb25pamE8L29wdGlvbj48b3B0aW9uIHZhbHVlPSJmcmFuY2UiPkZyYW5jaWphPC9vcHRpb24+PG9wdGlvbiB2YWx1ZT0iZ3JlZWNlIj5HcsSNaWphPC9vcHRpb24+PG9wdGlvbiB2YWx1ZT0ibWFwIj5NYWTFvmFyc2thPC9vcHRpb24+PG9wdGlvbiB2YWx1ZT0ibWFwIj5Jc2xhbmRpamE8L29wdGlvbj48b3B0aW9uIHZhbHVlPSJpcmVsYW5kIj5JcnNrYTwvb3B0aW9uPjxvcHRpb24gdmFsdWU9Iml0YWx5MiI+SXRhbGlqYTwvb3B0aW9uPjxvcHRpb24gdmFsdWU9Im1hcCI+TGl0dmE8L29wdGlvbj48b3B0aW9uIHZhbHVlPSJiZWxnaXVtIj5MdWtzZW1idXJnPC9vcHRpb24+PG9wdGlvbiB2YWx1ZT0ibWFwIj5NYWx0YTwvb3B0aW9uPjxvcHRpb24gdmFsdWU9Im1vbnRlbmVncm8iPsSMcm5hIGdvcmE8L29wdGlvbj48b3B0aW9uIHZhbHVlPSJiZWxnaXVtIj5OaXpvemVtc2thPC9vcHRpb24+PG9wdGlvbiB2YWx1ZT0ibWFwIj5Qb2xqc2thPC9vcHRpb24+PG9wdGlvbiB2YWx1ZT0ibWFwIj5Qb3J0dWdhbHNrYTwvb3B0aW9uPjxvcHRpb24gdmFsdWU9InNlcmJpYSI+U3JiaWphPC9vcHRpb24+PG9wdGlvbiB2YWx1ZT0iaXRhbHkiPlNsb3ZhxaFrYTwvb3B0aW9uPjxvcHRpb24gdmFsdWU9InNsb3ZlbmlhIj5TbG92ZW5pamE8L29wdGlvbj48b3B0aW9uIHZhbHVlPSJzcGFpbiI+xaBwYW5pamE8L29wdGlvbj48L3NlbGVjdD48L2Rpdj4=[\/vc_raw_html][vc_wp_text] MobiliseSME program \u010ce v va\u0161i [&hellip;]\" \/>\n<meta property=\"og:url\" content=\"https:\/\/mobilise-sme.eu\/sl\/lokalne-kontaktne-tocke\/\" \/>\n<meta property=\"og:site_name\" content=\"Mobilsesme\" \/>\n<meta property=\"article:modified_time\" content=\"2022-09-29T10:28:35+00:00\" \/>\n<meta property=\"og:image\" content=\"https:\/\/mobilise-sme.eu\/wp-content\/uploads\/2020\/11\/mail.png\" \/>\n<meta name=\"twitter:card\" content=\"summary_large_image\" \/>\n<meta name=\"twitter:label1\" content=\"Written by\">\n\t<meta name=\"twitter:data1\" content=\"sumaysube\">\n\t<meta name=\"twitter:label2\" content=\"Est. reading time\">\n\t<meta name=\"twitter:data2\" content=\"4 minutes\">\n<script type=\"application\/ld+json\" class=\"yoast-schema-graph\">{\"@context\":\"https:\/\/schema.org\",\"@graph\":[{\"@type\":\"WebSite\",\"@id\":\"https:\/\/mobilise-sme.eu\/#website\",\"url\":\"https:\/\/mobilise-sme.eu\/\",\"name\":\"Mobilsesme\",\"description\":\"Otro sitio realizado con WordPress\",\"potentialAction\":[{\"@type\":\"SearchAction\",\"target\":\"https:\/\/mobilise-sme.eu\/?s={search_term_string}\",\"query-input\":\"required name=search_term_string\"}],\"inLanguage\":\"sl-SI\"},{\"@type\":\"ImageObject\",\"@id\":\"https:\/\/mobilise-sme.eu\/sl\/lokalne-kontaktne-tocke\/#primaryimage\",\"inLanguage\":\"sl-SI\",\"url\":\"https:\/\/mobilise-sme.eu\/wp-content\/uploads\/2020\/11\/mail.png\",\"width\":15,\"height\":10},{\"@type\":\"WebPage\",\"@id\":\"https:\/\/mobilise-sme.eu\/sl\/lokalne-kontaktne-tocke\/#webpage\",\"url\":\"https:\/\/mobilise-sme.eu\/sl\/lokalne-kontaktne-tocke\/\",\"name\":\"Lokalne kontaktne to\\u010dke - Mobilsesme\",\"isPartOf\":{\"@id\":\"https:\/\/mobilise-sme.eu\/#website\"},\"primaryImageOfPage\":{\"@id\":\"https:\/\/mobilise-sme.eu\/sl\/lokalne-kontaktne-tocke\/#primaryimage\"},\"datePublished\":\"2021-01-28T08:51:23+00:00\",\"dateModified\":\"2022-09-29T10:28:35+00:00\",\"inLanguage\":\"sl-SI\",\"potentialAction\":[{\"@type\":\"ReadAction\",\"target\":[\"https:\/\/mobilise-sme.eu\/sl\/lokalne-kontaktne-tocke\/\"]}]}]}<\/script>\n<!-- \/ Yoast SEO plugin. -->","_links":{"self":[{"href":"https:\/\/mobilise-sme.eu\/sl\/wp-json\/wp\/v2\/pages\/1679\/"}],"collection":[{"href":"https:\/\/mobilise-sme.eu\/sl\/wp-json\/wp\/v2\/pages\/"}],"about":[{"href":"https:\/\/mobilise-sme.eu\/sl\/wp-json\/wp\/v2\/types\/page\/"}],"author":[{"embeddable":true,"href":"https:\/\/mobilise-sme.eu\/sl\/wp-json\/wp\/v2\/users\/1\/"}],"replies":[{"embeddable":true,"href":"https:\/\/mobilise-sme.eu\/sl\/wp-json\/wp\/v2\/comments\/?post=1679"}],"version-history":[{"count":15,"href":"https:\/\/mobilise-sme.eu\/sl\/wp-json\/wp\/v2\/pages\/1679\/revisions\/"}],"predecessor-version":[{"id":4453,"href":"https:\/\/mobilise-sme.eu\/sl\/wp-json\/wp\/v2\/pages\/1679\/revisions\/4453\/"}],"wp:attachment":[{"href":"https:\/\/mobilise-sme.eu\/sl\/wp-json\/wp\/v2\/media\/?parent=1679"}],"curies":[{"name":"wp","href":"https:\/\/api.w.org\/{rel}","templated":true}]}}