{"id":1685,"date":"2021-01-28T08:54:20","date_gmt":"2021-01-28T08:54:20","guid":{"rendered":"https:\/\/mobilise-sme.eu\/kdo-lahko-sodeluje\/"},"modified":"2021-02-17T13:39:50","modified_gmt":"2021-02-17T13:39:50","slug":"kdo-lahko-sodeluje","status":"publish","type":"page","link":"https:\/\/mobilise-sme.eu\/sl\/kdo-lahko-sodeluje\/","title":{"rendered":"Kdo lahko sodeluje"},"content":{"rendered":"<p>[vc_row el_class=&#8221;espaciado&#8221;][vc_column css=&#8221;.vc_custom_1602686899070{padding-top: 20px !important;}&#8221;][vc_column_text css=&#8221;.vc_custom_1602686966717{margin-bottom: 5px !important;}&#8221;]<\/p>\n<p class=\"titulo-yellow\" style=\"text-align: center;\">Kdo lahko sodeluje?<\/p>\n<p>[\/vc_column_text][vc_separator color=&#8221;custom&#8221; border_width=&#8221;2&#8243; el_width=&#8221;20&#8243; accent_color=&#8221;#efca34&#8243;][vc_row_inner][vc_column_inner width=&#8221;1\/2&#8243;][vc_column_text]<\/p>\n<p style=\"text-align: center;\"><strong>Prijavitelji (MSP-ji)<\/strong><\/p>\n<p>Prijavitelji so <strong>mala in srednje velika podjetja (MSP)<\/strong>. V program se lahko prijavijo z registracijo na Matchmaking platformi ali pa se obrnejo na katero koli lokalno informacijsko to\u010dko, ki zastopa program na njihovem ozemlju.<\/p>\n<p>Vsi sodelujo\u010di MSP-ji morajo izpolnjevati geografska merila. Program bo upo\u0161teval prijavitelje, ki so ustanovljeni in registrirani v naslednjih dr\u017eavah:<\/p>\n<ul>\n<li>Dr\u017eave \u010dlanice EU.<\/li>\n<li>Islandija in Norve\u0161ka v skladu s Sporazumom o EGP.<\/li>\n<li>Albanija, Severna Makedonija, \u010crna gora, Srbija in Tur\u010dija.<\/li>\n<\/ul>\n<p><strong>Samostojni podjetniki<\/strong> lahko sodelujejo, \u010de so registrirani kot pravne osebe in imajo dav\u010dno \u0161tevilko. Upravi\u010deni so tudi drugi profili, kot so<strong> samozaposleni, svobodnjaki, neodvisni izvajalci<\/strong> in niz <strong>svobodnih poklicev<\/strong>, kot so odvetniki, notarji, dav\u010dni ra\u010dunovodje, poobla\u0161\u010deni finan\u010dni revizorji, zdravniki, farmacevti, psihologi, arhitekti, in\u017eenirji.<\/p>\n<p>Druge oblike samozaposlitve so izklju\u010dene. Priporo\u010dljivo pa je, da se posvetujete z lokalno informacijsko to\u010dko, saj je vsak primer lahko druga\u010den.<\/p>\n<p><strong>Ve\u010dja podjetja<\/strong> lahko sodelujejo, vendar le kot gostiteljska podjetja (sprejemajo zaposlene na izmenjavi, a jih ne po\u0161iljajo).<\/p>\n<p>Za sodelovanje v programu se morate obvezno registrirati na Matchmaking platformi. Vsaka oseba iz upravi\u010denega MSP-ja, se lahko obrne na lokalno informacijsko to\u010dko, da bo sodelovala v programu MobilizeSME in v svojem imenu registrira MSP.<\/p>\n<p>[\/vc_column_text][\/vc_column_inner][vc_column_inner width=&#8221;1\/2&#8243;][vc_column_text]<\/p>\n<p style=\"text-align: center;\"><strong>Udele\u017eenci (zaposleni, mened\u017eerji in solastniki)<\/strong><\/p>\n<p>Udele\u017eenci so uslu\u017ebenci prijaviteljev (MSP). Sodelujejo v programu MobiliseSME. Izraz udele\u017eenec zajema osebje \/ zaposlene, mened\u017eerje in lastnike ali solastnike MSP. Bolj konkretno:<\/p>\n<ul>\n<li>V okviru MobiliseSME je <strong>definicija zaposlenega<\/strong> oseba, ki dela s polnim delovnim \u010dasom po pogodbi o zaposlitvi.<\/li>\n<li>V okviru MobiliseSME je definicija mened\u017eerja oseba, ki dela s polnim delovnim \u010dasom. Poleg tega mora imeti<strong> posebno odgovornost<\/strong> znotraj vsakodnevnih dejavnosti.<\/li>\n<li>V okviru MobiliseSME lastnik ali solastnik pomeni <strong>vsako osebo, ki je financirala MSP<\/strong> ali je del upravnega odbora.<\/li>\n<\/ul>\n<p>Za nadaljnje podrobnosti ali dvome glede zahtev katerega koli od udele\u017eencev, se obrnite na najbli\u017ejo lokalno kontaktno to\u010dko.<\/p>\n<p>[\/vc_column_text][\/vc_column_inner][\/vc_row_inner][vc_row_inner][vc_column_inner width=&#8221;1\/3&#8243;][vc_column_text]<\/p>\n<p class=\"homebutton\" style=\"text-align: center;\"><a href=\"https:\/\/mobilise-sme.eu\/wp-content\/uploads\/2020\/12\/leaflet_mobilisesme_GENERAL-1.pdf\" target=\"_blank\" rel=\"noopener noreferrer\"><img src=\"https:\/\/mobilise-sme.eu\/wp-content\/uploads\/2020\/11\/Rectangle-42.png\" \/> Letak splo\u0161no o programu<\/a><\/p>\n<p>[\/vc_column_text][\/vc_column_inner][vc_column_inner width=&#8221;1\/3&#8243;][vc_column_text]<\/p>\n<p class=\"homebutton\" style=\"text-align: center;\"><a href=\"https:\/\/mobilise-sme.eu\/wp-content\/uploads\/2020\/12\/leaflet_mobilisesme_HC-1.pdf\" target=\"_blank\" rel=\"noopener noreferrer\"><img src=\"https:\/\/mobilise-sme.eu\/wp-content\/uploads\/2020\/11\/Rectangle-42.png\" \/> HC letak<\/a><\/p>\n<p>[\/vc_column_text][\/vc_column_inner][vc_column_inner width=&#8221;1\/3&#8243;][vc_column_text]<\/p>\n<p class=\"homebutton\" style=\"text-align: center;\"><a href=\"https:\/\/mobilise-sme.eu\/wp-content\/uploads\/2020\/12\/leaflet_mobilisesme_SC-1.pdf\" target=\"_blank\" rel=\"noopener noreferrer\"><img src=\"https:\/\/mobilise-sme.eu\/wp-content\/uploads\/2020\/11\/Rectangle-42.png\" \/> SC letak<\/a><\/p>\n<p>[\/vc_column_text][\/vc_column_inner][\/vc_row_inner][\/vc_column][\/vc_row]<\/p>\n","protected":false},"excerpt":{"rendered":"<p>[vc_row el_class=&#8221;espaciado&#8221;][vc_column css=&#8221;.vc_custom_1602686899070{padding-top: 20px !important;}&#8221;][vc_column_text css=&#8221;.vc_custom_1602686966717{margin-bottom: 5px !important;}&#8221;] Kdo lahko sodeluje? [\/vc_column_text][vc_separator color=&#8221;custom&#8221; border_width=&#8221;2&#8243; el_width=&#8221;20&#8243; accent_color=&#8221;#efca34&#8243;][vc_row_inner][vc_column_inner width=&#8221;1\/2&#8243;][vc_column_text] Prijavitelji (MSP-ji) Prijavitelji so mala in srednje velika podjetja (MSP). V program se lahko prijavijo z registracijo na Matchmaking platformi ali pa se obrnejo na katero koli lokalno informacijsko to\u010dko, ki zastopa program na njihovem ozemlju. Vsi sodelujo\u010di MSP-ji morajo izpolnjevati geografska merila. Program bo upo\u0161teval prijavitelje, ki so ustanovljeni in registrirani v naslednjih dr\u017eavah: Dr\u017eave \u010dlanice EU. Islandija in Norve\u0161ka v skladu s Sporazumom o EGP. Albanija, Severna Makedonija, \u010crna gora, Srbija in Tur\u010dija. Samostojni podjetniki lahko sodelujejo, \u010de so registrirani kot [&hellip;]<\/p>\n","protected":false},"author":1,"featured_media":0,"parent":0,"menu_order":0,"comment_status":"closed","ping_status":"closed","template":"","meta":[],"yoast_head":"<!-- This site is optimized with the Yoast SEO plugin v15.4 - https:\/\/yoast.com\/wordpress\/plugins\/seo\/ -->\n<title>Kdo lahko sodeluje - Mobilsesme<\/title>\n<meta name=\"robots\" content=\"index, follow, max-snippet:-1, max-image-preview:large, max-video-preview:-1\" \/>\n<link rel=\"canonical\" href=\"https:\/\/mobilise-sme.eu\/sl\/who-can-participate\/\" \/>\n<meta property=\"og:locale\" content=\"sl_SI\" \/>\n<meta property=\"og:type\" content=\"article\" \/>\n<meta property=\"og:title\" content=\"Kdo lahko sodeluje - Mobilsesme\" \/>\n<meta property=\"og:description\" content=\"[vc_row el_class=&#8221;espaciado&#8221;][vc_column css=&#8221;.vc_custom_1602686899070{padding-top: 20px !important;}&#8221;][vc_column_text css=&#8221;.vc_custom_1602686966717{margin-bottom: 5px !important;}&#8221;] Kdo lahko sodeluje? [\/vc_column_text][vc_separator color=&#8221;custom&#8221; border_width=&#8221;2&#8243; el_width=&#8221;20&#8243; accent_color=&#8221;#efca34&#8243;][vc_row_inner][vc_column_inner width=&#8221;1\/2&#8243;][vc_column_text] Prijavitelji (MSP-ji) Prijavitelji so mala in srednje velika podjetja (MSP). V program se lahko prijavijo z registracijo na Matchmaking platformi ali pa se obrnejo na katero koli lokalno informacijsko to\u010dko, ki zastopa program na njihovem ozemlju. Vsi sodelujo\u010di MSP-ji morajo izpolnjevati geografska merila. Program bo upo\u0161teval prijavitelje, ki so ustanovljeni in registrirani v naslednjih dr\u017eavah: Dr\u017eave \u010dlanice EU. Islandija in Norve\u0161ka v skladu s Sporazumom o EGP. Albanija, Severna Makedonija, \u010crna gora, Srbija in Tur\u010dija. Samostojni podjetniki lahko sodelujejo, \u010de so registrirani kot [&hellip;]\" \/>\n<meta property=\"og:url\" content=\"https:\/\/mobilise-sme.eu\/who-can-participate\/\" \/>\n<meta property=\"og:site_name\" content=\"Mobilsesme\" \/>\n<meta property=\"article:modified_time\" content=\"2021-02-17T13:39:50+00:00\" \/>\n<meta property=\"og:image\" content=\"https:\/\/mobilise-sme.eu\/wp-content\/uploads\/2020\/11\/Rectangle-42.png\" \/>\n<meta name=\"twitter:card\" content=\"summary_large_image\" \/>\n<meta name=\"twitter:label1\" content=\"Written by\">\n\t<meta name=\"twitter:data1\" content=\"sumaysube\">\n\t<meta name=\"twitter:label2\" content=\"Est. reading time\">\n\t<meta name=\"twitter:data2\" content=\"2 minutes\">\n<script type=\"application\/ld+json\" class=\"yoast-schema-graph\">{\"@context\":\"https:\/\/schema.org\",\"@graph\":[{\"@type\":\"WebSite\",\"@id\":\"https:\/\/mobilise-sme.eu\/#website\",\"url\":\"https:\/\/mobilise-sme.eu\/\",\"name\":\"Mobilsesme\",\"description\":\"Otro sitio realizado con WordPress\",\"potentialAction\":[{\"@type\":\"SearchAction\",\"target\":\"https:\/\/mobilise-sme.eu\/?s={search_term_string}\",\"query-input\":\"required name=search_term_string\"}],\"inLanguage\":\"sl-SI\"},{\"@type\":\"ImageObject\",\"@id\":\"https:\/\/mobilise-sme.eu\/who-can-participate\/#primaryimage\",\"inLanguage\":\"sl-SI\",\"url\":\"https:\/\/mobilise-sme.eu\/wp-content\/uploads\/2020\/11\/Rectangle-42.png\",\"width\":22,\"height\":23},{\"@type\":\"WebPage\",\"@id\":\"https:\/\/mobilise-sme.eu\/who-can-participate\/#webpage\",\"url\":\"https:\/\/mobilise-sme.eu\/who-can-participate\/\",\"name\":\"Kdo lahko sodeluje - Mobilsesme\",\"isPartOf\":{\"@id\":\"https:\/\/mobilise-sme.eu\/#website\"},\"primaryImageOfPage\":{\"@id\":\"https:\/\/mobilise-sme.eu\/who-can-participate\/#primaryimage\"},\"datePublished\":\"2021-01-28T08:54:20+00:00\",\"dateModified\":\"2021-02-17T13:39:50+00:00\",\"inLanguage\":\"sl-SI\",\"potentialAction\":[{\"@type\":\"ReadAction\",\"target\":[\"https:\/\/mobilise-sme.eu\/who-can-participate\/\"]}]}]}<\/script>\n<!-- \/ Yoast SEO plugin. -->","_links":{"self":[{"href":"https:\/\/mobilise-sme.eu\/sl\/wp-json\/wp\/v2\/pages\/1685\/"}],"collection":[{"href":"https:\/\/mobilise-sme.eu\/sl\/wp-json\/wp\/v2\/pages\/"}],"about":[{"href":"https:\/\/mobilise-sme.eu\/sl\/wp-json\/wp\/v2\/types\/page\/"}],"author":[{"embeddable":true,"href":"https:\/\/mobilise-sme.eu\/sl\/wp-json\/wp\/v2\/users\/1\/"}],"replies":[{"embeddable":true,"href":"https:\/\/mobilise-sme.eu\/sl\/wp-json\/wp\/v2\/comments\/?post=1685"}],"version-history":[{"count":4,"href":"https:\/\/mobilise-sme.eu\/sl\/wp-json\/wp\/v2\/pages\/1685\/revisions\/"}],"predecessor-version":[{"id":2050,"href":"https:\/\/mobilise-sme.eu\/sl\/wp-json\/wp\/v2\/pages\/1685\/revisions\/2050\/"}],"wp:attachment":[{"href":"https:\/\/mobilise-sme.eu\/sl\/wp-json\/wp\/v2\/media\/?parent=1685"}],"curies":[{"name":"wp","href":"https:\/\/api.w.org\/{rel}","templated":true}]}}