{"id":1527,"date":"2021-01-14T11:04:26","date_gmt":"2021-01-14T11:04:26","guid":{"rendered":"https:\/\/mobilise-sme.eu\/o-programu-moblilise-sme\/"},"modified":"2021-12-20T11:11:55","modified_gmt":"2021-12-20T10:11:55","slug":"o-programu-moblilise-sme","status":"publish","type":"page","link":"https:\/\/mobilise-sme.eu\/sr\/o-programu-moblilise-sme\/","title":{"rendered":"O programu Moblilise SME"},"content":{"rendered":"<p>[vc_row el_class=&#8220;espaciado&#8220;][vc_column css=&#8220;.vc_custom_1602685030902{padding-top: 20px !important;}&#8220;][vc_column_text css=&#8220;.vc_custom_1607951141542{margin-bottom: 5px !important;}&#8220;]<\/p>\n<p class=\"titulo-blue\" style=\"text-align: center;\">O programu Moblilise SME<\/p>\n<p>[\/vc_column_text][vc_separator color=&#8220;custom&#8220; border_width=&#8220;2&#8243; el_width=&#8220;20&#8243; accent_color=&#8220;#0d5387&#8243;][vc_column_text]MobiliseSME je program koji je pokrenula EU (EURES, EASI). Cilj ovog programa jeste da <strong>pomogne u razvoju ve\u0161tina i kapaciteta osoblja preduzec\u0301a<\/strong> (zaposleni, menad\u017eer i vlasnici ili suvlasnici) uspostavljanjem kontakata kako bi pobolj\u0161ali me\u0111unarodne kompetencije i putem ovakve razmene omogu\u0107ili svojim zaposlenima razvoj novih ve\u0161tina.<\/p>\n<p>Nadovezujuc\u0301i se na uspe\u0161nu pilot \u0161emu \u201eMobiliseSME\u201c koja je sprovedena izme\u0111u 2015. i 2017. godine, ovaj program ima za cilj da podr\u017ei ljude koji su vec\u0301 zaposleni i koji \u017eele da iskuse <strong>prekograni\u010dnu mobilnost<\/strong> u drugoj kompaniji na ograni\u010deno vreme, zadr\u017eavajuc\u0301i ugovornu vezu sa svojim poslodavcem.<\/p>\n<p>Glavne karakteristike programa MobiliseSME:<\/p>\n<p>[\/vc_column_text][vc_row_inner el_class=&#8220;numeros align&#8220;][vc_column_inner width=&#8220;1\/2&#8243;][vc_column_text]<\/p>\n<p class=\"number\">1<\/p>\n<p class=\"text-numbers\">\u0160ema podrazumeva razmenu osoblja iz MSP jedne zemlje EU u MSP, koje se nalazi u nekoj drugoj zemlji EU.<\/p>\n<p>[\/vc_column_text][vc_column_text]<\/p>\n<p class=\"number\">2<\/p>\n<p class=\"text-numbers\">Program podr\u017eava i razmene izme\u0111u subjekata koji su ve\u0107 ranije uspostavili me\u0111usobnu saradnju.<\/p>\n<p>[\/vc_column_text][vc_column_text]<\/p>\n<p class=\"number\">3<\/p>\n<p class=\"text-numbers\">Program nije ograni\u010den rokovima za prijavu ve\u0107 se sprovodi u kontinuitetu.<\/p>\n<p>[\/vc_column_text][\/vc_column_inner][vc_column_inner width=&#8220;1\/2&#8243;][vc_column_text]<\/p>\n<p class=\"number\">4<\/p>\n<p class=\"text-numbers\">Program MobiliseSME je baziran na privremenim razmenama osoblja prijavljenih pravnih lica. Minimalno trajanje razmene je 1 mesec a maksimalno 6 meseci.<\/p>\n<p>[\/vc_column_text][vc_column_text]<\/p>\n<p class=\"number\">5<\/p>\n<p class=\"text-numbers\">Tokom perioda trajanja razmene, osoblje koje je u\u010desnik programa razmene ostaje u statusu zaposlenog u kompaniji koja ih \u0161alje na program razmene. Poslodavac koji \u0161alje zaposlenog na razmenu, nastavlja sa isplatom pripadaju\u0107e zarade kao i ostalih tro\u0161kova u skladu sa nacionalnom legislativom.<\/p>\n<p>[\/vc_column_text][\/vc_column_inner][\/vc_row_inner][vc_row_inner][vc_column_inner css=&#8220;.vc_custom_1602685657320{padding-left: 0px !important;}&#8220;][vc_column_text]Program MobiliseSME pru\u017ea slede\u0107e aktivnosti i podr\u0161ku kompanijama:<\/p>\n<p>[\/vc_column_text][\/vc_column_inner][\/vc_row_inner][vc_row_inner el_class=&#8220;checks align&#8220;][vc_column_inner width=&#8220;1\/2&#8243;][vc_column_text]<img class=\"check\" src=\"https:\/\/mobilise-sme.eu\/wp-content\/uploads\/2020\/10\/check.png\" \/><\/p>\n<p class=\"text-numbers\"><strong>Informacije o njihovom u\u010de\u0161c\u0301u u \u0161emi internacionalizacije<\/strong>. Doprinosi podizanju svesti o zna\u010daju obuke i internacionalizacije kompanija.<\/p>\n<p>[\/vc_column_text][vc_column_text]<img class=\"check\" src=\"https:\/\/mobilise-sme.eu\/wp-content\/uploads\/2020\/10\/check.png\" \/><\/p>\n<p class=\"text-numbers\"><strong>Obezbe\u0111uje alate za uspostavljanje razmene i kontakata sa drugim saradnicima na nivou EU<\/strong>. Uglavnom putem pristupa platformi za Matchmaking kao i putem mre\u017ee lokalnih partnera.<\/p>\n<p>[\/vc_column_text][vc_column_text]<img class=\"check\" src=\"https:\/\/mobilise-sme.eu\/wp-content\/uploads\/2020\/10\/check.png\" \/><\/p>\n<p class=\"text-numbers\"><strong>Analiza profila i potreba u\u010desnika.<\/strong><\/p>\n<p>&nbsp;<\/p>\n<p>[\/vc_column_text][vc_column_text]<img class=\"check\" src=\"https:\/\/mobilise-sme.eu\/wp-content\/uploads\/2020\/10\/check.png\" \/><\/p>\n<p class=\"text-numbers\"><strong>Povezivanje u\u010desnika<\/strong>. Lokalni partneri su klju\u010dni za pronala\u017eenje odgovarajuc\u0301ih MSP koja se mogu slo\u017eiti oko upuc\u0301ivanja na program.<\/p>\n<p>[\/vc_column_text][vc_column_text]<img class=\"check\" src=\"https:\/\/mobilise-sme.eu\/wp-content\/uploads\/2020\/10\/check.png\" \/><\/p>\n<p class=\"text-numbers\"><strong>Smernice i pregled akcionog plana Moblise SME<\/strong>. Akcioni plan je glavni radni dokument. Lokalne kontakt ta\u010dke u svakoj z\u0301eml\u0301ji pomo\u0107i \u0107e vam u izradi ovog dokumenta u skladu sa va\u0161im potrebama.<\/p>\n<p>[\/vc_column_text][\/vc_column_inner][vc_column_inner width=&#8220;1\/2&#8243;][vc_column_text]<img class=\"check\" src=\"https:\/\/mobilise-sme.eu\/wp-content\/uploads\/2020\/10\/check.png\" \/><\/p>\n<p class=\"text-numbers\"><strong>Usluge obuke pre polaska<\/strong>. Neophodne informacije i obuku pru\u017eic\u0301e partnerske organizacije pre polaska na program. Ovo pokriva \u0161irok spektar tema kao \u0161to su pitanja vezana za poslovanje u zemljama EU i prakti\u010dne informacije o boravku u inostranstvu.<\/p>\n<p>[\/vc_column_text][vc_column_text]<img class=\"check\" src=\"https:\/\/mobilise-sme.eu\/wp-content\/uploads\/2020\/10\/check.png\" \/><\/p>\n<p class=\"text-numbers\"><strong>Stalno vrednovanje ciljeva u\u010denja<\/strong>. Program Mobilise SME tako\u0111e kontinuirano vr\u0161i pra\u0107enje razmene<\/p>\n<p>[\/vc_column_text][vc_column_text]<img class=\"check\" src=\"https:\/\/mobilise-sme.eu\/wp-content\/uploads\/2020\/10\/check.png\" \/><\/p>\n<p class=\"text-numbers\"><strong>Preporuke za dalji razvoj i smernice<\/strong>. MobiliseSME program \u0107e pru\u017eiti sve neophodne smerice za obuku, razvoj inovativnosti, internacionalizaciju i mobilnost.<\/p>\n<p>[\/vc_column_text][\/vc_column_inner][\/vc_row_inner][vc_row_inner][vc_column_inner css=&#8220;.vc_custom_1602685657320{padding-left: 0px !important;}&#8220;][vc_column_text]Za vi\u0161e detalja proverite u sekciji <strong><a href=\"https:\/\/mobilise-sme.eu\/who-can-participate\/\">Ko mo\u017ee da u\u010destvuje<\/a>, <a href=\"https:\/\/mobilise-sme.eu\/sr\/kako-se-prijaviti-za-ucesce\/\">kako da se prijavite za u\u010de\u0161\u0107e<\/a><\/strong> kao i ko su lokalne kontakt ta\u010dke na projektu u EU koji vam mogu pru\u017eiti vi\u0161e informacija.<\/p>\n<p>[\/vc_column_text][\/vc_column_inner][\/vc_row_inner][\/vc_column][\/vc_row]<\/p>\n","protected":false},"excerpt":{"rendered":"<p>[vc_row el_class=&#8220;espaciado&#8220;][vc_column css=&#8220;.vc_custom_1602685030902{padding-top: 20px !important;}&#8220;][vc_column_text css=&#8220;.vc_custom_1607951141542{margin-bottom: 5px !important;}&#8220;] O programu Moblilise SME [\/vc_column_text][vc_separator color=&#8220;custom&#8220; border_width=&#8220;2&#8243; el_width=&#8220;20&#8243; accent_color=&#8220;#0d5387&#8243;][vc_column_text]MobiliseSME je program koji je pokrenula EU (EURES, EASI). Cilj ovog programa jeste da pomogne u razvoju ve\u0161tina i kapaciteta osoblja preduzec\u0301a (zaposleni, menad\u017eer i vlasnici ili suvlasnici) uspostavljanjem kontakata kako bi pobolj\u0161ali me\u0111unarodne kompetencije i putem ovakve razmene omogu\u0107ili svojim zaposlenima razvoj novih ve\u0161tina. Nadovezujuc\u0301i se na uspe\u0161nu pilot \u0161emu \u201eMobiliseSME\u201c koja je sprovedena izme\u0111u 2015. i 2017. godine, ovaj program ima za cilj da podr\u017ei ljude koji su vec\u0301 zaposleni i koji \u017eele da iskuse prekograni\u010dnu mobilnost u drugoj kompaniji na ograni\u010deno [&hellip;]<\/p>\n","protected":false},"author":1,"featured_media":0,"parent":0,"menu_order":0,"comment_status":"closed","ping_status":"closed","template":"","meta":[],"yoast_head":"<!-- This site is optimized with the Yoast SEO plugin v15.4 - https:\/\/yoast.com\/wordpress\/plugins\/seo\/ -->\n<title>O programu Moblilise SME - Mobilsesme<\/title>\n<meta name=\"robots\" content=\"index, follow, max-snippet:-1, max-image-preview:large, max-video-preview:-1\" \/>\n<link rel=\"canonical\" href=\"https:\/\/mobilise-sme.eu\/sr\/o-programu-moblilise-sme\/\" \/>\n<meta property=\"og:locale\" content=\"sr_RS\" \/>\n<meta property=\"og:type\" content=\"article\" \/>\n<meta property=\"og:title\" content=\"O programu Moblilise SME - Mobilsesme\" \/>\n<meta property=\"og:description\" content=\"[vc_row el_class=&#8220;espaciado&#8220;][vc_column css=&#8220;.vc_custom_1602685030902{padding-top: 20px !important;}&#8220;][vc_column_text css=&#8220;.vc_custom_1607951141542{margin-bottom: 5px !important;}&#8220;] O programu Moblilise SME [\/vc_column_text][vc_separator color=&#8220;custom&#8220; border_width=&#8220;2&#8243; el_width=&#8220;20&#8243; accent_color=&#8220;#0d5387&#8243;][vc_column_text]MobiliseSME je program koji je pokrenula EU (EURES, EASI). Cilj ovog programa jeste da pomogne u razvoju ve\u0161tina i kapaciteta osoblja preduzec\u0301a (zaposleni, menad\u017eer i vlasnici ili suvlasnici) uspostavljanjem kontakata kako bi pobolj\u0161ali me\u0111unarodne kompetencije i putem ovakve razmene omogu\u0107ili svojim zaposlenima razvoj novih ve\u0161tina. Nadovezujuc\u0301i se na uspe\u0161nu pilot \u0161emu \u201eMobiliseSME\u201c koja je sprovedena izme\u0111u 2015. i 2017. godine, ovaj program ima za cilj da podr\u017ei ljude koji su vec\u0301 zaposleni i koji \u017eele da iskuse prekograni\u010dnu mobilnost u drugoj kompaniji na ograni\u010deno [&hellip;]\" \/>\n<meta property=\"og:url\" content=\"https:\/\/mobilise-sme.eu\/sr\/o-programu-moblilise-sme\/\" \/>\n<meta property=\"og:site_name\" content=\"Mobilsesme\" \/>\n<meta property=\"article:modified_time\" content=\"2021-12-20T10:11:55+00:00\" \/>\n<meta property=\"og:image\" content=\"https:\/\/mobilise-sme.eu\/wp-content\/uploads\/2020\/10\/check.png\" \/>\n<meta name=\"twitter:card\" content=\"summary_large_image\" \/>\n<meta name=\"twitter:label1\" content=\"Written by\">\n\t<meta name=\"twitter:data1\" content=\"sumaysube\">\n\t<meta name=\"twitter:label2\" content=\"Est. reading time\">\n\t<meta name=\"twitter:data2\" content=\"3 \u043c\u0438\u043d\u0443\u0442\u0430\">\n<script type=\"application\/ld+json\" class=\"yoast-schema-graph\">{\"@context\":\"https:\/\/schema.org\",\"@graph\":[{\"@type\":\"WebSite\",\"@id\":\"https:\/\/mobilise-sme.eu\/#website\",\"url\":\"https:\/\/mobilise-sme.eu\/\",\"name\":\"Mobilsesme\",\"description\":\"Otro sitio realizado con WordPress\",\"potentialAction\":[{\"@type\":\"SearchAction\",\"target\":\"https:\/\/mobilise-sme.eu\/?s={search_term_string}\",\"query-input\":\"required name=search_term_string\"}],\"inLanguage\":\"sr-RS\"},{\"@type\":\"ImageObject\",\"@id\":\"https:\/\/mobilise-sme.eu\/sr\/o-programu-moblilise-sme\/#primaryimage\",\"inLanguage\":\"sr-RS\",\"url\":\"https:\/\/mobilise-sme.eu\/wp-content\/uploads\/2020\/10\/check.png\",\"width\":100,\"height\":100},{\"@type\":\"WebPage\",\"@id\":\"https:\/\/mobilise-sme.eu\/sr\/o-programu-moblilise-sme\/#webpage\",\"url\":\"https:\/\/mobilise-sme.eu\/sr\/o-programu-moblilise-sme\/\",\"name\":\"O programu Moblilise SME - Mobilsesme\",\"isPartOf\":{\"@id\":\"https:\/\/mobilise-sme.eu\/#website\"},\"primaryImageOfPage\":{\"@id\":\"https:\/\/mobilise-sme.eu\/sr\/o-programu-moblilise-sme\/#primaryimage\"},\"datePublished\":\"2021-01-14T11:04:26+00:00\",\"dateModified\":\"2021-12-20T10:11:55+00:00\",\"inLanguage\":\"sr-RS\",\"potentialAction\":[{\"@type\":\"ReadAction\",\"target\":[\"https:\/\/mobilise-sme.eu\/sr\/o-programu-moblilise-sme\/\"]}]}]}<\/script>\n<!-- \/ Yoast SEO plugin. -->","_links":{"self":[{"href":"https:\/\/mobilise-sme.eu\/sr\/wp-json\/wp\/v2\/pages\/1527\/"}],"collection":[{"href":"https:\/\/mobilise-sme.eu\/sr\/wp-json\/wp\/v2\/pages\/"}],"about":[{"href":"https:\/\/mobilise-sme.eu\/sr\/wp-json\/wp\/v2\/types\/page\/"}],"author":[{"embeddable":true,"href":"https:\/\/mobilise-sme.eu\/sr\/wp-json\/wp\/v2\/users\/1\/"}],"replies":[{"embeddable":true,"href":"https:\/\/mobilise-sme.eu\/sr\/wp-json\/wp\/v2\/comments\/?post=1527"}],"version-history":[{"count":5,"href":"https:\/\/mobilise-sme.eu\/sr\/wp-json\/wp\/v2\/pages\/1527\/revisions\/"}],"predecessor-version":[{"id":3575,"href":"https:\/\/mobilise-sme.eu\/sr\/wp-json\/wp\/v2\/pages\/1527\/revisions\/3575\/"}],"wp:attachment":[{"href":"https:\/\/mobilise-sme.eu\/sr\/wp-json\/wp\/v2\/media\/?parent=1527"}],"curies":[{"name":"wp","href":"https:\/\/api.w.org\/{rel}","templated":true}]}}