{"id":1530,"date":"2021-01-14T12:48:53","date_gmt":"2021-01-14T12:48:53","guid":{"rendered":"https:\/\/mobilise-sme.eu\/finansijska-podrska\/"},"modified":"2021-02-08T10:31:42","modified_gmt":"2021-02-08T10:31:42","slug":"finansijska-podrska","status":"publish","type":"page","link":"https:\/\/mobilise-sme.eu\/sr\/finansijska-podrska\/","title":{"rendered":"Finansijska podr\u0161ka"},"content":{"rendered":"<p>[vc_row el_class=&#8220;espaciado&#8220;][vc_column css=&#8220;.vc_custom_1602769662476{padding-top: 20px !important;}&#8220;][vc_column_text css=&#8220;.vc_custom_1602769942285{margin-bottom: 5px !important;}&#8220;]<\/p>\n<p class=\"titulo-yellow\" style=\"text-align: center;\">Finansijska podr\u0161ka<\/p>\n<p>[\/vc_column_text][vc_separator color=&#8220;custom&#8220; border_width=&#8220;2&#8243; el_width=&#8220;20&#8243; accent_color=&#8220;#efca34&#8243;][vc_column_text]<\/p>\n<p>Upu\u0107ivanje zaposlenih delimi\u010dno je finansirano od strane MobiliseSME programa.<\/p>\n<p>Svrha finansijske podr\u0161ke je da doprinese pokri\u0107u tro\u0161kova zaposlenih, menad\u017eera, vlasnika ili suvlasnika tokom boravka.<\/p>\n<p>Finansijska pomoc\u0301 zavisi od zemlje u kojoj se vr\u0161i razmena, a mese\u010dna nov\u010dana pomoc\u0301 detaljno je navedena u sledec\u0301oj tabeli.<\/p>\n<p>[\/vc_column_text][vc_column_text el_class=&#8220;tabla&#8220;]<\/p>\n<p><strong>Mese\u010dnu finansijsku pomoc\u0301 ispla\u0107uje partnerska organizacija (Kompanijama koje \u0161alju zaposlene)<\/strong><\/p>\n<table class=\"table aligncenter\">\n<thead>\n<tr>\n<th scope=\"col\">Zemlja boravka\/Zemlja doma\u0107in<\/th>\n<th scope=\"col\">Mese\u010dni iznos u \u20ac<\/th>\n<\/tr>\n<\/thead>\n<tbody>\n<tr>\n<td>Albanija<\/td>\n<td>530<\/td>\n<\/tr>\n<tr>\n<td>Austrija<\/td>\n<td>900<\/td>\n<\/tr>\n<tr>\n<td>Belgija<\/td>\n<td>830<\/td>\n<\/tr>\n<tr>\n<td>Bugarska<\/td>\n<td>560<\/td>\n<\/tr>\n<tr>\n<td>Hrvatska<\/td>\n<td>720<\/td>\n<\/tr>\n<tr>\n<td>Kipar<\/td>\n<td>780<\/td>\n<\/tr>\n<tr>\n<td>\u010ce\u0161ka Republika<\/td>\n<td>610<\/td>\n<\/tr>\n<tr>\n<td>Danska<\/td>\n<td>1100<\/td>\n<\/tr>\n<tr>\n<td>Nema\u010dka<\/td>\n<td>830<\/td>\n<\/tr>\n<tr>\n<td>Estonija<\/td>\n<td>670<\/td>\n<\/tr>\n<tr>\n<td>Finska<\/td>\n<td>950<\/td>\n<\/tr>\n<tr>\n<td>Republika Severna Makedonija<\/td>\n<td>560<\/td>\n<\/tr>\n<tr>\n<td>Francuska<\/td>\n<td>900<\/td>\n<\/tr>\n<tr>\n<td>Gr\u010dka<\/td>\n<td>780<\/td>\n<\/tr>\n<tr>\n<td>Ma\u0111arska<\/td>\n<td>670<\/td>\n<\/tr>\n<tr>\n<td>Island<\/td>\n<td>900<\/td>\n<\/tr>\n<tr>\n<td>Irska<\/td>\n<td>1000<\/td>\n<\/tr>\n<tr>\n<td>Italija<\/td>\n<td>900<\/td>\n<\/tr>\n<tr>\n<td>Letonija<\/td>\n<td>610<\/td>\n<\/tr>\n<tr>\n<td>Litvanija<\/td>\n<td>560<\/td>\n<\/tr>\n<tr>\n<td>Luksemburg<\/td>\n<td>830<\/td>\n<\/tr>\n<tr>\n<td>Malta<\/td>\n<td>720<\/td>\n<\/tr>\n<tr>\n<td>Crna Gora<\/td>\n<td>560<\/td>\n<\/tr>\n<tr>\n<td>Holandija<\/td>\n<td>830<\/td>\n<\/tr>\n<tr>\n<td>Poljska<\/td>\n<td>610<\/td>\n<\/tr>\n<tr>\n<td>Portugal<\/td>\n<td>780<\/td>\n<\/tr>\n<tr>\n<td>Rumunija<\/td>\n<td>560<\/td>\n<\/tr>\n<tr>\n<td>Srbija<\/td>\n<td>560<\/td>\n<\/tr>\n<tr>\n<td>Slova\u010dka<\/td>\n<td>610<\/td>\n<\/tr>\n<tr>\n<td>Slovenija<\/td>\n<td>720<\/td>\n<\/tr>\n<tr>\n<td>\u0160panija<\/td>\n<td>830<\/td>\n<\/tr>\n<tr>\n<td>\u0160vedska<\/td>\n<td>950<\/td>\n<\/tr>\n<tr>\n<td>Turska<\/td>\n<td>750<\/td>\n<\/tr>\n<tr>\n<td>Ujedinjeno Kravljevstvo<\/td>\n<td>1000<\/td>\n<\/tr>\n<tr>\n<td>Zaposleni sa invaliditetom (bez obzira na zemlju boravka)<\/td>\n<td>1100<\/td>\n<\/tr>\n<\/tbody>\n<\/table>\n<p>[\/vc_column_text][vc_column_text]<\/p>\n<p>Bespovratna sredstva Unije mogu pokriti putne tro\u0161kove koji se odnose na preuzimanje du\u017enosti u kompaniji domac\u0301ina, deo tro\u0161kova emigracije i integracionih tro\u0161kova, a tamo gde je relevantno i kratku jezi\u010dku obuku.<\/p>\n<p>Za vi\u0161e detalja, kontaktirajte bilo kog od lokalnih partnera koji u\u010destvuje u realizaciju programa MobiliseSME, izlistanih u sekciji Lokalni partneri.<\/p>\n<p>[\/vc_column_text][\/vc_column][\/vc_row]<\/p>\n","protected":false},"excerpt":{"rendered":"<p>[vc_row el_class=&#8220;espaciado&#8220;][vc_column css=&#8220;.vc_custom_1602769662476{padding-top: 20px !important;}&#8220;][vc_column_text css=&#8220;.vc_custom_1602769942285{margin-bottom: 5px !important;}&#8220;] Finansijska podr\u0161ka [\/vc_column_text][vc_separator color=&#8220;custom&#8220; border_width=&#8220;2&#8243; el_width=&#8220;20&#8243; accent_color=&#8220;#efca34&#8243;][vc_column_text] Upu\u0107ivanje zaposlenih delimi\u010dno je finansirano od strane MobiliseSME programa. Svrha finansijske podr\u0161ke je da doprinese pokri\u0107u tro\u0161kova zaposlenih, menad\u017eera, vlasnika ili suvlasnika tokom boravka. Finansijska pomoc\u0301 zavisi od zemlje u kojoj se vr\u0161i razmena, a mese\u010dna nov\u010dana pomoc\u0301 detaljno je navedena u sledec\u0301oj tabeli. [\/vc_column_text][vc_column_text el_class=&#8220;tabla&#8220;] Mese\u010dnu finansijsku pomoc\u0301 ispla\u0107uje partnerska organizacija (Kompanijama koje \u0161alju zaposlene) Zemlja boravka\/Zemlja doma\u0107in Mese\u010dni iznos u \u20ac Albanija 530 Austrija 900 Belgija 830 Bugarska 560 Hrvatska 720 Kipar 780 \u010ce\u0161ka Republika 610 Danska 1100 Nema\u010dka 830 Estonija 670 Finska [&hellip;]<\/p>\n","protected":false},"author":1,"featured_media":0,"parent":0,"menu_order":0,"comment_status":"closed","ping_status":"closed","template":"","meta":[],"yoast_head":"<!-- This site is optimized with the Yoast SEO plugin v15.4 - https:\/\/yoast.com\/wordpress\/plugins\/seo\/ -->\n<title>Finansijska podr\u0161ka - Mobilsesme<\/title>\n<meta name=\"robots\" content=\"index, follow, max-snippet:-1, max-image-preview:large, max-video-preview:-1\" \/>\n<link rel=\"canonical\" href=\"https:\/\/mobilise-sme.eu\/sr\/financial-support\/\" \/>\n<meta property=\"og:locale\" content=\"sr_RS\" \/>\n<meta property=\"og:type\" content=\"article\" \/>\n<meta property=\"og:title\" content=\"Finansijska podr\u0161ka - Mobilsesme\" \/>\n<meta property=\"og:description\" content=\"[vc_row el_class=&#8220;espaciado&#8220;][vc_column css=&#8220;.vc_custom_1602769662476{padding-top: 20px !important;}&#8220;][vc_column_text css=&#8220;.vc_custom_1602769942285{margin-bottom: 5px !important;}&#8220;] Finansijska podr\u0161ka [\/vc_column_text][vc_separator color=&#8220;custom&#8220; border_width=&#8220;2&#8243; el_width=&#8220;20&#8243; accent_color=&#8220;#efca34&#8243;][vc_column_text] Upu\u0107ivanje zaposlenih delimi\u010dno je finansirano od strane MobiliseSME programa. Svrha finansijske podr\u0161ke je da doprinese pokri\u0107u tro\u0161kova zaposlenih, menad\u017eera, vlasnika ili suvlasnika tokom boravka. Finansijska pomoc\u0301 zavisi od zemlje u kojoj se vr\u0161i razmena, a mese\u010dna nov\u010dana pomoc\u0301 detaljno je navedena u sledec\u0301oj tabeli. [\/vc_column_text][vc_column_text el_class=&#8220;tabla&#8220;] Mese\u010dnu finansijsku pomoc\u0301 ispla\u0107uje partnerska organizacija (Kompanijama koje \u0161alju zaposlene) Zemlja boravka\/Zemlja doma\u0107in Mese\u010dni iznos u \u20ac Albanija 530 Austrija 900 Belgija 830 Bugarska 560 Hrvatska 720 Kipar 780 \u010ce\u0161ka Republika 610 Danska 1100 Nema\u010dka 830 Estonija 670 Finska [&hellip;]\" \/>\n<meta property=\"og:url\" content=\"https:\/\/mobilise-sme.eu\/financial-support\/\" \/>\n<meta property=\"og:site_name\" content=\"Mobilsesme\" \/>\n<meta property=\"article:modified_time\" content=\"2021-02-08T10:31:42+00:00\" \/>\n<meta name=\"twitter:card\" content=\"summary_large_image\" \/>\n<meta name=\"twitter:label1\" content=\"Written by\">\n\t<meta name=\"twitter:data1\" content=\"sumaysube\">\n\t<meta name=\"twitter:label2\" content=\"Est. reading time\">\n\t<meta name=\"twitter:data2\" content=\"1 \u043c\u0438\u043d\u0443\u0442\">\n<script type=\"application\/ld+json\" class=\"yoast-schema-graph\">{\"@context\":\"https:\/\/schema.org\",\"@graph\":[{\"@type\":\"WebSite\",\"@id\":\"https:\/\/mobilise-sme.eu\/#website\",\"url\":\"https:\/\/mobilise-sme.eu\/\",\"name\":\"Mobilsesme\",\"description\":\"Otro sitio realizado con WordPress\",\"potentialAction\":[{\"@type\":\"SearchAction\",\"target\":\"https:\/\/mobilise-sme.eu\/?s={search_term_string}\",\"query-input\":\"required name=search_term_string\"}],\"inLanguage\":\"sr-RS\"},{\"@type\":\"WebPage\",\"@id\":\"https:\/\/mobilise-sme.eu\/financial-support\/#webpage\",\"url\":\"https:\/\/mobilise-sme.eu\/financial-support\/\",\"name\":\"Finansijska podr\\u0161ka - Mobilsesme\",\"isPartOf\":{\"@id\":\"https:\/\/mobilise-sme.eu\/#website\"},\"datePublished\":\"2021-01-14T12:48:53+00:00\",\"dateModified\":\"2021-02-08T10:31:42+00:00\",\"inLanguage\":\"sr-RS\",\"potentialAction\":[{\"@type\":\"ReadAction\",\"target\":[\"https:\/\/mobilise-sme.eu\/financial-support\/\"]}]}]}<\/script>\n<!-- \/ Yoast SEO plugin. -->","_links":{"self":[{"href":"https:\/\/mobilise-sme.eu\/sr\/wp-json\/wp\/v2\/pages\/1530\/"}],"collection":[{"href":"https:\/\/mobilise-sme.eu\/sr\/wp-json\/wp\/v2\/pages\/"}],"about":[{"href":"https:\/\/mobilise-sme.eu\/sr\/wp-json\/wp\/v2\/types\/page\/"}],"author":[{"embeddable":true,"href":"https:\/\/mobilise-sme.eu\/sr\/wp-json\/wp\/v2\/users\/1\/"}],"replies":[{"embeddable":true,"href":"https:\/\/mobilise-sme.eu\/sr\/wp-json\/wp\/v2\/comments\/?post=1530"}],"version-history":[{"count":8,"href":"https:\/\/mobilise-sme.eu\/sr\/wp-json\/wp\/v2\/pages\/1530\/revisions\/"}],"predecessor-version":[{"id":1842,"href":"https:\/\/mobilise-sme.eu\/sr\/wp-json\/wp\/v2\/pages\/1530\/revisions\/1842\/"}],"wp:attachment":[{"href":"https:\/\/mobilise-sme.eu\/sr\/wp-json\/wp\/v2\/media\/?parent=1530"}],"curies":[{"name":"wp","href":"https:\/\/api.w.org\/{rel}","templated":true}]}}