{"id":1536,"date":"2021-01-14T13:41:38","date_gmt":"2021-01-14T13:41:38","guid":{"rendered":"https:\/\/mobilise-sme.eu\/platforma-za-povezivanje\/"},"modified":"2021-01-20T14:23:05","modified_gmt":"2021-01-20T14:23:05","slug":"platforma-za-povezivanje","status":"publish","type":"page","link":"https:\/\/mobilise-sme.eu\/sr\/platforma-za-povezivanje\/","title":{"rendered":"Platforma za povezivanje"},"content":{"rendered":"<p>[vc_row el_class=&#8220;espaciado&#8220;][vc_column css=&#8220;.vc_custom_1602770862010{padding-top: 20px !important;}&#8220;][vc_column_text css=&#8220;.vc_custom_1602770908628{margin-bottom: 5px !important;}&#8220;]<\/p>\n<p class=\"titulo-blue\" style=\"text-align: center;\">Platforma za povezivanje<\/p>\n<p>[\/vc_column_text][vc_separator color=&#8220;custom&#8220; border_width=&#8220;2&#8243; el_width=&#8220;20&#8243; accent_color=&#8220;#0d5387&#8243;][vc_row_inner][vc_column_inner width=&#8220;1\/2&#8243;][vc_column_text]<\/p>\n<p>Dobrodo\u0161li na Mobilise SME platformu za povezivanje.<\/p>\n<p>Ako ste novi podnosilac zahteva koji \u017eeli da registruje novo MSP ili preduzec\u0301e, kliknite na <em><strong>\u201ePokreni aplikaciju\u201c<\/strong><\/em>. Ako ste se vec\u0301 registrovali, kliknite na <strong><em>\u201ePrijava\u201c<\/em><\/strong>.<\/p>\n<p>[\/vc_column_text][vc_column_text el_class=&#8220;bloque-botones&#8220;]<\/p>\n<p style=\"text-align: center;\">Niste \u010dlan?<\/p>\n<p class=\"blue-button\" style=\"text-align: center;\"><a href=\"#\">Pokrenite aplikaciju<\/a><\/p>\n<p style=\"text-align: center;\">Ve\u0107 ste \u010dlan?<\/p>\n<p class=\"blue-button\" style=\"text-align: center;\"><a href=\"#\"><b>Prijavite se<\/b><\/a><\/p>\n<p>[\/vc_column_text][\/vc_column_inner][vc_column_inner width=&#8220;1\/2&#8243;][vc_column_text]<\/p>\n<p>Kliknite na <em><strong>\u201eVodi\u010d za registraciju MobiliseSME\u201c<\/strong><\/em> za detaljni vodi\u010d za registovanje na platformi.<\/p>\n<p>Tako\u0111e mo\u017eete da kliknete na <strong><em>\u201eVodi\u010d za MobiliseSME\u201c<\/em> <\/strong>da biste saznali vi\u0161e detalja o tome kako u\u010destvovati u programu<\/p>\n<p>[\/vc_column_text][vc_column_text el_class=&#8220;bloque-botones&#8220; css=&#8220;.vc_custom_1608193578345{margin-top: 50px !important;padding-top: 52px !important;padding-bottom: 52px !important;}&#8220;]<\/p>\n<p class=\"yellow-button\" style=\"text-align: center;\"><a href=\"#\"><img src=\"https:\/\/mobilise-sme.eu\/wp-content\/uploads\/2020\/11\/Rectangle-42.png\" \/> Mobilise SME vodi\u010d za registraciju <\/a><\/p>\n<p class=\"yellow-button\" style=\"text-align: center;\"><a href=\"https:\/\/mobilise-sme.eu\/wp-content\/uploads\/2020\/12\/MobiliseSME_Guide-for-participants-1.pdf\" target=\"_blank\" rel=\"noopener noreferrer\"><img src=\"https:\/\/mobilise-sme.eu\/wp-content\/uploads\/2020\/11\/Rectangle-42.png\" \/> Mobilise SME vodi\u010d<\/a><\/p>\n<p>[\/vc_column_text][\/vc_column_inner][\/vc_row_inner][\/vc_column][\/vc_row]<\/p>\n","protected":false},"excerpt":{"rendered":"<p>[vc_row el_class=&#8220;espaciado&#8220;][vc_column css=&#8220;.vc_custom_1602770862010{padding-top: 20px !important;}&#8220;][vc_column_text css=&#8220;.vc_custom_1602770908628{margin-bottom: 5px !important;}&#8220;] Platforma za povezivanje [\/vc_column_text][vc_separator color=&#8220;custom&#8220; border_width=&#8220;2&#8243; el_width=&#8220;20&#8243; accent_color=&#8220;#0d5387&#8243;][vc_row_inner][vc_column_inner width=&#8220;1\/2&#8243;][vc_column_text] Dobrodo\u0161li na Mobilise SME platformu za povezivanje. Ako ste novi podnosilac zahteva koji \u017eeli da registruje novo MSP ili preduzec\u0301e, kliknite na \u201ePokreni aplikaciju\u201c. Ako ste se vec\u0301 registrovali, kliknite na \u201ePrijava\u201c. [\/vc_column_text][vc_column_text el_class=&#8220;bloque-botones&#8220;] Niste \u010dlan? Pokrenite aplikaciju Ve\u0107 ste \u010dlan? Prijavite se [\/vc_column_text][\/vc_column_inner][vc_column_inner width=&#8220;1\/2&#8243;][vc_column_text] Kliknite na \u201eVodi\u010d za registraciju MobiliseSME\u201c za detaljni vodi\u010d za registovanje na platformi. Tako\u0111e mo\u017eete da kliknete na \u201eVodi\u010d za MobiliseSME\u201c da biste saznali vi\u0161e detalja o tome kako u\u010destvovati u programu [\/vc_column_text][vc_column_text el_class=&#8220;bloque-botones&#8220; css=&#8220;.vc_custom_1608193578345{margin-top: 50px !important;padding-top: 52px [&hellip;]<\/p>\n","protected":false},"author":1,"featured_media":0,"parent":0,"menu_order":0,"comment_status":"closed","ping_status":"closed","template":"","meta":[],"yoast_head":"<!-- This site is optimized with the Yoast SEO plugin v15.4 - https:\/\/yoast.com\/wordpress\/plugins\/seo\/ -->\n<title>Platforma za povezivanje - Mobilsesme<\/title>\n<meta name=\"robots\" content=\"index, follow, max-snippet:-1, max-image-preview:large, max-video-preview:-1\" \/>\n<link rel=\"canonical\" href=\"https:\/\/mobilise-sme.eu\/sr\/matchmaking-platform\/\" \/>\n<meta property=\"og:locale\" content=\"sr_RS\" \/>\n<meta property=\"og:type\" content=\"article\" \/>\n<meta property=\"og:title\" content=\"Platforma za povezivanje - Mobilsesme\" \/>\n<meta property=\"og:description\" content=\"[vc_row el_class=&#8220;espaciado&#8220;][vc_column css=&#8220;.vc_custom_1602770862010{padding-top: 20px !important;}&#8220;][vc_column_text css=&#8220;.vc_custom_1602770908628{margin-bottom: 5px !important;}&#8220;] Platforma za povezivanje [\/vc_column_text][vc_separator color=&#8220;custom&#8220; border_width=&#8220;2&#8243; el_width=&#8220;20&#8243; accent_color=&#8220;#0d5387&#8243;][vc_row_inner][vc_column_inner width=&#8220;1\/2&#8243;][vc_column_text] Dobrodo\u0161li na Mobilise SME platformu za povezivanje. Ako ste novi podnosilac zahteva koji \u017eeli da registruje novo MSP ili preduzec\u0301e, kliknite na \u201ePokreni aplikaciju\u201c. Ako ste se vec\u0301 registrovali, kliknite na \u201ePrijava\u201c. [\/vc_column_text][vc_column_text el_class=&#8220;bloque-botones&#8220;] Niste \u010dlan? Pokrenite aplikaciju Ve\u0107 ste \u010dlan? Prijavite se [\/vc_column_text][\/vc_column_inner][vc_column_inner width=&#8220;1\/2&#8243;][vc_column_text] Kliknite na \u201eVodi\u010d za registraciju MobiliseSME\u201c za detaljni vodi\u010d za registovanje na platformi. Tako\u0111e mo\u017eete da kliknete na \u201eVodi\u010d za MobiliseSME\u201c da biste saznali vi\u0161e detalja o tome kako u\u010destvovati u programu [\/vc_column_text][vc_column_text el_class=&#8220;bloque-botones&#8220; css=&#8220;.vc_custom_1608193578345{margin-top: 50px !important;padding-top: 52px [&hellip;]\" \/>\n<meta property=\"og:url\" content=\"https:\/\/mobilise-sme.eu\/matchmaking-platform\/\" \/>\n<meta property=\"og:site_name\" content=\"Mobilsesme\" \/>\n<meta property=\"article:modified_time\" content=\"2021-01-20T14:23:05+00:00\" \/>\n<meta property=\"og:image\" content=\"https:\/\/mobilise-sme.eu\/wp-content\/uploads\/2020\/11\/Rectangle-42.png\" \/>\n<meta name=\"twitter:card\" content=\"summary_large_image\" \/>\n<meta name=\"twitter:label1\" content=\"Written by\">\n\t<meta name=\"twitter:data1\" content=\"sumaysube\">\n\t<meta name=\"twitter:label2\" content=\"Est. reading time\">\n\t<meta name=\"twitter:data2\" content=\"1 \u043c\u0438\u043d\u0443\u0442\">\n<script type=\"application\/ld+json\" class=\"yoast-schema-graph\">{\"@context\":\"https:\/\/schema.org\",\"@graph\":[{\"@type\":\"WebSite\",\"@id\":\"https:\/\/mobilise-sme.eu\/#website\",\"url\":\"https:\/\/mobilise-sme.eu\/\",\"name\":\"Mobilsesme\",\"description\":\"Otro sitio realizado con WordPress\",\"potentialAction\":[{\"@type\":\"SearchAction\",\"target\":\"https:\/\/mobilise-sme.eu\/?s={search_term_string}\",\"query-input\":\"required name=search_term_string\"}],\"inLanguage\":\"sr-RS\"},{\"@type\":\"ImageObject\",\"@id\":\"https:\/\/mobilise-sme.eu\/matchmaking-platform\/#primaryimage\",\"inLanguage\":\"sr-RS\",\"url\":\"https:\/\/mobilise-sme.eu\/wp-content\/uploads\/2020\/11\/Rectangle-42.png\",\"width\":22,\"height\":23},{\"@type\":\"WebPage\",\"@id\":\"https:\/\/mobilise-sme.eu\/matchmaking-platform\/#webpage\",\"url\":\"https:\/\/mobilise-sme.eu\/matchmaking-platform\/\",\"name\":\"Platforma za povezivanje - Mobilsesme\",\"isPartOf\":{\"@id\":\"https:\/\/mobilise-sme.eu\/#website\"},\"primaryImageOfPage\":{\"@id\":\"https:\/\/mobilise-sme.eu\/matchmaking-platform\/#primaryimage\"},\"datePublished\":\"2021-01-14T13:41:38+00:00\",\"dateModified\":\"2021-01-20T14:23:05+00:00\",\"inLanguage\":\"sr-RS\",\"potentialAction\":[{\"@type\":\"ReadAction\",\"target\":[\"https:\/\/mobilise-sme.eu\/matchmaking-platform\/\"]}]}]}<\/script>\n<!-- \/ Yoast SEO plugin. -->","_links":{"self":[{"href":"https:\/\/mobilise-sme.eu\/sr\/wp-json\/wp\/v2\/pages\/1536\/"}],"collection":[{"href":"https:\/\/mobilise-sme.eu\/sr\/wp-json\/wp\/v2\/pages\/"}],"about":[{"href":"https:\/\/mobilise-sme.eu\/sr\/wp-json\/wp\/v2\/types\/page\/"}],"author":[{"embeddable":true,"href":"https:\/\/mobilise-sme.eu\/sr\/wp-json\/wp\/v2\/users\/1\/"}],"replies":[{"embeddable":true,"href":"https:\/\/mobilise-sme.eu\/sr\/wp-json\/wp\/v2\/comments\/?post=1536"}],"version-history":[{"count":5,"href":"https:\/\/mobilise-sme.eu\/sr\/wp-json\/wp\/v2\/pages\/1536\/revisions\/"}],"predecessor-version":[{"id":1659,"href":"https:\/\/mobilise-sme.eu\/sr\/wp-json\/wp\/v2\/pages\/1536\/revisions\/1659\/"}],"wp:attachment":[{"href":"https:\/\/mobilise-sme.eu\/sr\/wp-json\/wp\/v2\/media\/?parent=1536"}],"curies":[{"name":"wp","href":"https:\/\/api.w.org\/{rel}","templated":true}]}}