{"id":1539,"date":"2021-01-14T14:39:21","date_gmt":"2021-01-14T14:39:21","guid":{"rendered":"https:\/\/mobilise-sme.eu\/kako-se-prijaviti-za-ucesce\/"},"modified":"2021-12-17T10:07:29","modified_gmt":"2021-12-17T09:07:29","slug":"kako-se-prijaviti-za-ucesce","status":"publish","type":"page","link":"https:\/\/mobilise-sme.eu\/sr\/kako-se-prijaviti-za-ucesce\/","title":{"rendered":"Kako se prijaviti za u\u010de\u0161\u0107e?"},"content":{"rendered":"<p>[vc_row el_class=&#8220;espaciado&#8220;][vc_column css=&#8220;.vc_custom_1602768873572{padding-top: 20px !important;}&#8220;][vc_column_text css=&#8220;.vc_custom_1602768906017{margin-bottom: 5px !important;}&#8220;]<\/p>\n<p class=\"titulo-blue\" style=\"text-align: center;\">Kako da se prijavite za u\u010de\u0161\u0107e?<\/p>\n<p>[\/vc_column_text][vc_separator color=&#8220;custom&#8220; border_width=&#8220;2&#8243; el_width=&#8220;20&#8243; accent_color=&#8220;#0d5387&#8243;][vc_column_text]<\/p>\n<p class=\"numero\">1<\/p>\n<p class=\"texto-numero\"><strong>Kontaktirajte lokalne partnere<\/strong><\/p>\n<p class=\"texto-numero\">Lokalni partneri (posredni\u010dke organizacije) zvani\u010dno su imenovani od strane EASI programa kako bi pomogli u uspostavljanju kontakata izme\u0111u malih i srednjih preduzec\u0301a iz EU u okviru programa MobiliseSME.<\/p>\n<p class=\"texto-numero\">U pitanju su subjekti poput Privrednih KomoraAgencije za inovacije, Fondacije, Udru\u017eenja privrednih komora, Poslovne organizacije, Univerziteti i Poslovni inkubatori itd.<\/p>\n<p class=\"texto-numero\">Njihov glavni zadatak je da omoguc\u0301e uspe\u0161nu komunikaciju i saradnju izme\u0111u kompanija domac\u0301ina i kompanija koje \u0161alju zaposlene. Mo\u017eete kontaktirati bilo kog od partnera u va\u0161oj zemlji t\u0301ako \u0161to \u0107ete posetiti odeljak Lokalni partneri na veb lokaciji.<\/p>\n<p class=\"texto-numero\">Alati koji vam mogu pomoc\u0301i da saznate vi\u0161e o programu su <a href=\"https:\/\/mobilise-sme.eu\/sr\/platforma-za-povezivanje\/\"><b>Vodi\u010d za program MobiliseSME<\/b><\/a> illi <a href=\"https:\/\/mobilise-sme.eu\/sr\/platforma-za-povezivanje\/\"><b>Vodi\u010d za registraciju<\/b><\/a>.<\/p>\n<p>[\/vc_column_text][vc_column_text]<\/p>\n<p class=\"numero\">2<\/p>\n<p class=\"texto-numero\"><strong>Registrujte se na platformi za povezivanje i prona\u0111ite poslovnog partnera<\/strong><\/p>\n<p class=\"texto-numero\">Svako ko ispunjava uslove za MSP mo\u017ee stupiti u kontakt sa lokalnim partnerima kako bi u\u010destvovao u programu Mobilise SME i registrovala MSP na platformi.<\/p>\n<p class=\"texto-numero\">MSP moraju da podnesu prijave putem on-line alata za registraciju (Platforme za povezivanje). Kao deo registracije, MSP moraju odabrati jednog od lokalnih partnera koji je zvani\u010dno imenovan za obavljanje ovog zadatka.<\/p>\n<p class=\"texto-numero\">Nakon registracije MSP stupa u kontakt sa lokalnim partnerom koji treba da pru\u017ei pomo\u0107 i podr\u0161ku tokom procesa.<\/p>\n<p class=\"texto-numero\">Platforma za povezivanje \u0107e vam pomoc\u0301i da prona\u0111ete poslovne kolege i saradnike iz bilo koje zemlje E\u0301U. Program tako\u0111e, podr\u017eava ja\u010danje poslovne sar\u0301adnje koja se ve\u0107 odvija.<\/p>\n<p>[\/vc_column_text][vc_column_text]<\/p>\n<p class=\"numero\">3<\/p>\n<p class=\"texto-numero\"><strong>Rad na dokumentu MobiliseSME Learning (akcionom planu)<\/strong><\/p>\n<p class=\"texto-numero\">Akcioni plan je glavni radni i obavezujuc\u0301i dokument za sve uklju\u010dene strane. U okviru akcionog plana opisani su ciljevi svih strana, dat je opis projekta, planirane aktivnosti i o\u010dekivani ishodi.<\/p>\n<p class=\"texto-numero\">Pripremljen je vodi\u010d o tome kako razviti ovaj dokument, kao va\u017ean deo programa MobiliseSME.<\/p>\n<p class=\"texto-numero\">Za dodatna dokumenta kontaktirajte lokalne partnere.<\/p>\n<p>[\/vc_column_text][vc_column_text]<\/p>\n<p class=\"numero\">4<\/p>\n<p class=\"texto-numero\"><strong>Spremni za polazak!<\/strong><\/p>\n<p class=\"texto-numero\">Pre polaska, program MobiliseSME \u0107e vam pru\u017eiti sve prakti\u010dne informacije potrebne za razmenu. To uklju\u010duje sva pitanja u vezi sa poslovanjem sa kompanijama iz EU i prakti\u010dne informacije o boravku u inostranstvu.<\/p>\n<p class=\"texto-numero\">Za detalje o moguc\u0301im pravnim piitanjima (administrativne, socijalne, zdravstvene, radne i fiskalne zakone) obratite se lokalnim partnerima.<\/p>\n<p class=\"texto-numero\">Na kraju razmene potrebano je popuniti upitnik o zadovoljstvu programom Mobilise SME.<\/p>\n<p>[\/vc_column_text][\/vc_column][\/vc_row]<\/p>\n","protected":false},"excerpt":{"rendered":"<p>[vc_row el_class=&#8220;espaciado&#8220;][vc_column css=&#8220;.vc_custom_1602768873572{padding-top: 20px !important;}&#8220;][vc_column_text css=&#8220;.vc_custom_1602768906017{margin-bottom: 5px !important;}&#8220;] Kako da se prijavite za u\u010de\u0161\u0107e? [\/vc_column_text][vc_separator color=&#8220;custom&#8220; border_width=&#8220;2&#8243; el_width=&#8220;20&#8243; accent_color=&#8220;#0d5387&#8243;][vc_column_text] 1 Kontaktirajte lokalne partnere Lokalni partneri (posredni\u010dke organizacije) zvani\u010dno su imenovani od strane EASI programa kako bi pomogli u uspostavljanju kontakata izme\u0111u malih i srednjih preduzec\u0301a iz EU u okviru programa MobiliseSME. U pitanju su subjekti poput Privrednih KomoraAgencije za inovacije, Fondacije, Udru\u017eenja privrednih komora, Poslovne organizacije, Univerziteti i Poslovni inkubatori itd. Njihov glavni zadatak je da omoguc\u0301e uspe\u0161nu komunikaciju i saradnju izme\u0111u kompanija domac\u0301ina i kompanija koje \u0161alju zaposlene. Mo\u017eete kontaktirati bilo kog od partnera u va\u0161oj zemlji t\u0301ako \u0161to [&hellip;]<\/p>\n","protected":false},"author":1,"featured_media":0,"parent":0,"menu_order":0,"comment_status":"closed","ping_status":"closed","template":"","meta":[],"yoast_head":"<!-- This site is optimized with the Yoast SEO plugin v15.4 - https:\/\/yoast.com\/wordpress\/plugins\/seo\/ -->\n<title>Kako se prijaviti za u\u010de\u0161\u0107e? - Mobilsesme<\/title>\n<meta name=\"robots\" content=\"index, follow, max-snippet:-1, max-image-preview:large, max-video-preview:-1\" \/>\n<link rel=\"canonical\" href=\"https:\/\/mobilise-sme.eu\/sr\/kako-se-prijaviti-za-ucesce\/\" \/>\n<meta property=\"og:locale\" content=\"sr_RS\" \/>\n<meta property=\"og:type\" content=\"article\" \/>\n<meta property=\"og:title\" content=\"Kako se prijaviti za u\u010de\u0161\u0107e? - Mobilsesme\" \/>\n<meta property=\"og:description\" content=\"[vc_row el_class=&#8220;espaciado&#8220;][vc_column css=&#8220;.vc_custom_1602768873572{padding-top: 20px !important;}&#8220;][vc_column_text css=&#8220;.vc_custom_1602768906017{margin-bottom: 5px !important;}&#8220;] Kako da se prijavite za u\u010de\u0161\u0107e? [\/vc_column_text][vc_separator color=&#8220;custom&#8220; border_width=&#8220;2&#8243; el_width=&#8220;20&#8243; accent_color=&#8220;#0d5387&#8243;][vc_column_text] 1 Kontaktirajte lokalne partnere Lokalni partneri (posredni\u010dke organizacije) zvani\u010dno su imenovani od strane EASI programa kako bi pomogli u uspostavljanju kontakata izme\u0111u malih i srednjih preduzec\u0301a iz EU u okviru programa MobiliseSME. U pitanju su subjekti poput Privrednih KomoraAgencije za inovacije, Fondacije, Udru\u017eenja privrednih komora, Poslovne organizacije, Univerziteti i Poslovni inkubatori itd. Njihov glavni zadatak je da omoguc\u0301e uspe\u0161nu komunikaciju i saradnju izme\u0111u kompanija domac\u0301ina i kompanija koje \u0161alju zaposlene. Mo\u017eete kontaktirati bilo kog od partnera u va\u0161oj zemlji t\u0301ako \u0161to [&hellip;]\" \/>\n<meta property=\"og:url\" content=\"https:\/\/mobilise-sme.eu\/sr\/kako-se-prijaviti-za-ucesce\/\" \/>\n<meta property=\"og:site_name\" content=\"Mobilsesme\" \/>\n<meta property=\"article:modified_time\" content=\"2021-12-17T09:07:29+00:00\" \/>\n<meta name=\"twitter:card\" content=\"summary_large_image\" \/>\n<meta name=\"twitter:label1\" content=\"Written by\">\n\t<meta name=\"twitter:data1\" content=\"sumaysube\">\n\t<meta name=\"twitter:label2\" content=\"Est. reading time\">\n\t<meta name=\"twitter:data2\" content=\"2 \u043c\u0438\u043d\u0443\u0442\u0430\">\n<script type=\"application\/ld+json\" class=\"yoast-schema-graph\">{\"@context\":\"https:\/\/schema.org\",\"@graph\":[{\"@type\":\"WebSite\",\"@id\":\"https:\/\/mobilise-sme.eu\/#website\",\"url\":\"https:\/\/mobilise-sme.eu\/\",\"name\":\"Mobilsesme\",\"description\":\"Otro sitio realizado con WordPress\",\"potentialAction\":[{\"@type\":\"SearchAction\",\"target\":\"https:\/\/mobilise-sme.eu\/?s={search_term_string}\",\"query-input\":\"required name=search_term_string\"}],\"inLanguage\":\"sr-RS\"},{\"@type\":\"WebPage\",\"@id\":\"https:\/\/mobilise-sme.eu\/sr\/kako-se-prijaviti-za-ucesce\/#webpage\",\"url\":\"https:\/\/mobilise-sme.eu\/sr\/kako-se-prijaviti-za-ucesce\/\",\"name\":\"Kako se prijaviti za u\\u010de\\u0161\\u0107e? - Mobilsesme\",\"isPartOf\":{\"@id\":\"https:\/\/mobilise-sme.eu\/#website\"},\"datePublished\":\"2021-01-14T14:39:21+00:00\",\"dateModified\":\"2021-12-17T09:07:29+00:00\",\"inLanguage\":\"sr-RS\",\"potentialAction\":[{\"@type\":\"ReadAction\",\"target\":[\"https:\/\/mobilise-sme.eu\/sr\/kako-se-prijaviti-za-ucesce\/\"]}]}]}<\/script>\n<!-- \/ Yoast SEO plugin. -->","_links":{"self":[{"href":"https:\/\/mobilise-sme.eu\/sr\/wp-json\/wp\/v2\/pages\/1539\/"}],"collection":[{"href":"https:\/\/mobilise-sme.eu\/sr\/wp-json\/wp\/v2\/pages\/"}],"about":[{"href":"https:\/\/mobilise-sme.eu\/sr\/wp-json\/wp\/v2\/types\/page\/"}],"author":[{"embeddable":true,"href":"https:\/\/mobilise-sme.eu\/sr\/wp-json\/wp\/v2\/users\/1\/"}],"replies":[{"embeddable":true,"href":"https:\/\/mobilise-sme.eu\/sr\/wp-json\/wp\/v2\/comments\/?post=1539"}],"version-history":[{"count":6,"href":"https:\/\/mobilise-sme.eu\/sr\/wp-json\/wp\/v2\/pages\/1539\/revisions\/"}],"predecessor-version":[{"id":3465,"href":"https:\/\/mobilise-sme.eu\/sr\/wp-json\/wp\/v2\/pages\/1539\/revisions\/3465\/"}],"wp:attachment":[{"href":"https:\/\/mobilise-sme.eu\/sr\/wp-json\/wp\/v2\/media\/?parent=1539"}],"curies":[{"name":"wp","href":"https:\/\/api.w.org\/{rel}","templated":true}]}}