{"id":1654,"date":"2021-01-20T14:22:42","date_gmt":"2021-01-20T14:22:42","guid":{"rendered":"https:\/\/mobilise-sme.eu\/lokalni-partneri\/"},"modified":"2022-09-29T12:28:31","modified_gmt":"2022-09-29T10:28:31","slug":"lokalni-partneri","status":"publish","type":"page","link":"https:\/\/mobilise-sme.eu\/sr\/lokalni-partneri\/","title":{"rendered":"Lokalni partneri"},"content":{"rendered":"<p>[vc_row el_class=&#8220;espaciado bloquelocal&#8220;][vc_column css=&#8220;.vc_custom_1602769966142{padding-top: 20px !important;}&#8220;][vc_column_text css=&#8220;.vc_custom_1602769996122{margin-bottom: 5px !important;}&#8220;]<\/p>\n<p class=\"titulo-blue\" style=\"text-align: center;\">Lokalni partneri<\/p>\n<p>[\/vc_column_text][vc_separator color=&#8220;custom&#8220; border_width=&#8220;2&#8243; el_width=&#8220;20&#8243; accent_color=&#8220;#0d5387&#8243;][vc_column_text]Ako ste zainteresovani za u\u010de\u0161c\u0301e u programu MobiliseSME, mo\u017eete kontaktirati bilo kog od dole navedenih subjekata.<\/p>\n<p>U pitanju su subjekti poput Privrednih Komora, Agencije za inovacije, Fondacije, Udru\u017eenja privrednih komora, Poslovne organizacije, Univerziteti i Poslovni inkubatori itd.<\/p>\n<p>Zvani\u010dno su imenovani od strane EASI programa kako bi pomogli u uspostavljanju kontakata izme\u0111u malih i srednjih preduzec\u0301a iz EU u okviru programa MobiliseSME.<\/p>\n<p>Ako u va\u0161oj zemlji nema lokalnog partnera, kontaktirajte <em>support@mobilise-sme.eu<\/em>.<\/p>\n<p>[\/vc_column_text][\/vc_column][\/vc_row][vc_row el_class=&#8220;espaciado2&#8243;][vc_column width=&#8220;1\/3&#8243; el_class=&#8220;bloquelocal2&#8243;][vc_raw_html]PGRpdiBjbGFzcz0ic2VsZWNjaW9uLWNpdWRhZCI+DQo8cCBjbGFzcz0ic2VsZWN0LWNvdW50cnkiPkl6YWJlcml0ZSBzdm9qdSB6ZW1sanU8L3A+DQo8c2VsZWN0Pg0KPG9wdGlvbiB2YWx1ZT0ibWFwIj5EcsW+YXZhPC9vcHRpb24+DQo8b3B0aW9uIHZhbHVlPSJtYXAiPkFsYmFuaWphPC9vcHRpb24+DQo8b3B0aW9uIHZhbHVlPSJhdXN0cmlhIj5BdXN0cmlqYTwvb3B0aW9uPg0KPG9wdGlvbiB2YWx1ZT0iYmVsZ2l1bSI+QmVsZ2lqYTwvb3B0aW9uPg0KPG9wdGlvbiB2YWx1ZT0ibWFwIj5CdWdhcnNrYTwvb3B0aW9uPg0KPG9wdGlvbiB2YWx1ZT0iY3JvYXRpYSI+SHJ2YXRza2E8L29wdGlvbj4NCjxvcHRpb24gdmFsdWU9Im1hcCI+S2lwYXI8L29wdGlvbj4NCjxvcHRpb24gdmFsdWU9Im1hcCI+xIxlxaFrYSBSZXB1Ymxpa2E8L29wdGlvbj4NCjxvcHRpb24gdmFsdWU9Im1hcCI+RGFuc2thPC9vcHRpb24+DQo8b3B0aW9uIHZhbHVlPSJtYXAiPk5lbWHEjWthPC9vcHRpb24+DQo8b3B0aW9uIHZhbHVlPSJtYXAiPkVzdG9uaWphPC9vcHRpb24+DQo8b3B0aW9uIHZhbHVlPSJtYXAiPkZpbnNrYTwvb3B0aW9uPg0KPG9wdGlvbiB2YWx1ZT0ibWFwIj5SZXB1Ymxpa2EgU2V2ZXJuYSBNYWtlZG9uaWphPC9vcHRpb24+DQo8b3B0aW9uIHZhbHVlPSJmcmFuY2UiPkZyYW5jdXNrYTwvb3B0aW9uPg0KPG9wdGlvbiB2YWx1ZT0iZ3JlZWNlIj5HcsSNa2E8L29wdGlvbj4NCjxvcHRpb24gdmFsdWU9Im1hcCI+TWHEkWFyc2thPC9vcHRpb24+DQo8b3B0aW9uIHZhbHVlPSJtYXAiPklzbGFuZDwvb3B0aW9uPg0KPG9wdGlvbiB2YWx1ZT0iaXJlbGFuZCI+SXJza2E8L29wdGlvbj4NCjxvcHRpb24gdmFsdWU9Iml0YWx5MiI+SXRhbGlqYTwvb3B0aW9uPg0KPG9wdGlvbiB2YWx1ZT0ibWFwIj5MaXR2YW5pamE8L29wdGlvbj4NCjxvcHRpb24gdmFsdWU9ImJlbGdpdW0iPkx1a3NlbWJ1cmc8L29wdGlvbj4NCjxvcHRpb24gdmFsdWU9Im1hcCI+TWFsdGE8L29wdGlvbj4NCjxvcHRpb24gdmFsdWU9Im1vbnRlbmVncm8iPkNybmEgR29yYTwvb3B0aW9uPg0KPG9wdGlvbiB2YWx1ZT0iYmVsZ2l1bSI+SG9sYW5kaWphPC9vcHRpb24+DQo8b3B0aW9uIHZhbHVlPSJtYXAiPlBvbGpza2E8L29wdGlvbj4NCjxvcHRpb24gdmFsdWU9Im1hcCI+UG9ydHVnYWw8L29wdGlvbj4NCjxvcHRpb24gdmFsdWU9InNlcmJpYSI+U3JiaWphPC9vcHRpb24+DQo8b3B0aW9uIHZhbHVlPSJpdGFseSI+U2xvdmHEjWthPC9vcHRpb24+DQo8b3B0aW9uIHZhbHVlPSJzbG92ZW5pYSI+U2xvdmVuaWphPC9vcHRpb24+DQo8b3B0aW9uIHZhbHVlPSJzcGFpbiI+xaBwYW5pamE8L29wdGlvbj4NCjwvc2VsZWN0PjwvZGl2Pg==[\/vc_raw_html][vc_wp_text]<\/p>\n<div class=\"map box\">\n<p class=\"titulo-select\"><strong>MobiliseSME program<\/strong><\/p>\n<p class=\"nombre\"><strong>Ako u va\u0161oj zemlji ne postoji lokalna kontakt ta\u010dka, obratite se na mejl koji je naveden u nastavku:<\/strong><\/p>\n<p class=\"mail\"><img src=\"https:\/\/mobilise-sme.eu\/wp-content\/uploads\/2020\/11\/mail.png\" \/> <a href=\"mailto:support@mobilise-sme.eu\" target=\"_blank\" rel=\"noopener noreferrer\">support@mobilise-sme.eu<\/a><\/p>\n<\/div>\n<p>[\/vc_wp_text][vc_wp_text]<\/p>\n<div class=\"belgium box\">\n<p class=\"titulo-select\"><strong>\u0160panska privredna komora u Belgiji i Luksemburgu (CAMARABELUX, Belgija)<\/strong><\/p>\n<div class=\"boton\"><a>https:\/\/e-camara.com\/web\/<\/a><\/div>\n<p class=\"nombre\"><strong>Noelia S\u00e1nchez, Menad\u017eer EU Projekta<\/strong><\/p>\n<p class=\"nombre\"><strong>Marta Gonz\u00e1lez, Generalni Sekretar<\/strong><\/p>\n<p class=\"mail\"><img src=\"https:\/\/mobilise-sme.eu\/wp-content\/uploads\/2020\/11\/mail.png\" \/> <a href=\"mailto:mobilisesme@e-camara.com\" target=\"_blank\" rel=\"noopener noreferrer\">mobilisesme@e-camara.com<\/a><\/p>\n<p class=\"telefono\"><img src=\"https:\/\/mobilise-sme.eu\/wp-content\/uploads\/2020\/11\/phone.png\" \/> +32 2517 17 40<\/p>\n<\/div>\n<p>[\/vc_wp_text][vc_wp_text]<\/p>\n<div class=\"spain box\">\n<p class=\"titulo-select\"><strong>Fondacija Equipo Humano (FEH, \u0160panija)<\/strong><\/p>\n<div class=\"boton\"><a href=\"https:\/\/fundacionequipohumano.es\/\" target=\"_blank\" rel=\"noopener noreferrer\">www.fundacionequipohumano.es<\/a><\/div>\n<p class=\"nombre\"><strong>Alfonso Cadenas Ca\u00f1am\u00e1s, EU Koordinator Projekta<\/strong><\/p>\n<p class=\"mail\"><img src=\"https:\/\/mobilise-sme.eu\/wp-content\/uploads\/2020\/11\/mail.png\" \/> <a href=\"mailto:alfonso.cadenas@fundacionequipohumano.es\">alfonso.cadenas@fundacionequipohumano.es<\/a><\/p>\n<p class=\"nombre\"><strong>Jose Enrique Val, EU Menad\u017eer Projekta<\/strong><\/p>\n<p class=\"mail\"><img src=\"https:\/\/mobilise-sme.eu\/wp-content\/uploads\/2020\/11\/mail.png\" \/> <a href=\"mailto:je.val@fundacionequipohumano.es\">je.val@fundacionequipohumano.es<\/a><\/p>\n<p class=\"telefono\"><img src=\"https:\/\/mobilise-sme.eu\/wp-content\/uploads\/2020\/11\/phone.png\" \/> +34 670 36 72 16 +34 963 468 580<\/p>\n<\/div>\n<p>[\/vc_wp_text][vc_wp_text]<\/p>\n<div class=\"ireland box\">\n<p class=\"titulo-select\"><strong>Privredna komora u Dablinu (DCC, Irska)<\/strong><\/p>\n<div class=\"boton\"><a href=\"https:\/\/www.dublinchamber.ie\/\" target=\"_blank\" rel=\"noopener noreferrer\">https:\/\/www.dublinchamber.ie\/ <\/a><\/div>\n<p class=\"nombre\"><strong>Maria Deady, Internacionalni Menad\u017eer Projekta<\/strong><\/p>\n<p class=\"nombre\"><strong>Miriam Tuomey, Izvr\u0161ni direktor Projekta<\/strong><\/p>\n<p class=\"mail\"><img src=\"https:\/\/mobilise-sme.eu\/wp-content\/uploads\/2020\/11\/mail.png\" \/> <a href=\"mailto:international@dublinchamber.ie\">international@dublinchamber.ie<\/a><\/p>\n<p class=\"telefono\"><img src=\"https:\/\/mobilise-sme.eu\/wp-content\/uploads\/2020\/11\/phone.png\" \/> +353 1 6447200<\/p>\n<\/div>\n<p>[\/vc_wp_text][vc_wp_text]<\/p>\n<div class=\"serbia box\">\n<p class=\"titulo-select\"><strong>Poslovni Inkubator Novi Sad (BINS, Srbija)<\/strong><\/p>\n<div class=\"boton\"><a href=\"http:\/\/inkubator.biz\" target=\"_blank\" rel=\"noopener noreferrer\">http:\/\/inkubator.biz<\/a><\/div>\n<p class=\"mail\"><img src=\"https:\/\/mobilise-sme.eu\/wp-content\/uploads\/2020\/11\/mail.png\" \/> <a href=\"mailto:mobilisesme@inkubator.biz\">mobilisesme@inkubator.biz<\/a><\/p>\n<p class=\"telefono\"><img src=\"https:\/\/mobilise-sme.eu\/wp-content\/uploads\/2020\/11\/phone.png\" \/> +381 21 3000 300<\/p>\n<\/div>\n<p>[\/vc_wp_text][vc_wp_text]<\/p>\n<div class=\"croatia box\">\n<p class=\"titulo-select\"><strong><b>Tera Tehnopolis d.o.o.<\/b> (TERA, Hrvatska)<\/strong><\/p>\n<div class=\"boton\"><a href=\"http:\/\/web.tera.hr\/\" target=\"_blank\" rel=\"noopener noreferrer\">http:\/\/web.tera.hr\/<\/a><\/div>\n<p class=\"nombre\"><strong>Ivana Duman\u010di\u0107, Stru\u010dni saradnik<\/strong><\/p>\n<p class=\"mail\"><img src=\"https:\/\/mobilise-sme.eu\/wp-content\/uploads\/2020\/11\/mail.png\" \/> <a href=\"mailto:ivana@tera.hr\">ivana@tera.hr<\/a><\/p>\n<p class=\"telefono\"><img src=\"https:\/\/mobilise-sme.eu\/wp-content\/uploads\/2020\/11\/phone.png\" \/> +38 531 251 000<\/p>\n<\/div>\n<p>[\/vc_wp_text][vc_wp_text]<\/p>\n<div class=\"italy box\">\n<p class=\"titulo-select\"><strong>Italijansko- Slova\u010dka privredna komora (CCIS-TSOK, Slova\u010dka)<\/strong><\/p>\n<div class=\"boton\"><a href=\"www.camit.sk\" target=\"_blank\" rel=\"noopener noreferrer\">www.camit.sk<\/a><\/div>\n<p class=\"mail\"><img src=\"https:\/\/mobilise-sme.eu\/wp-content\/uploads\/2020\/11\/mail.png\" \/> <a href=\"mailto:info@camitslovakia.sk\">info@camitslovakia.sk<\/a><\/p>\n<p class=\"telefono\"><img src=\"https:\/\/mobilise-sme.eu\/wp-content\/uploads\/2020\/11\/phone.png\" \/> +42 1948 899 880<\/p>\n<\/div>\n<p>[\/vc_wp_text][vc_wp_text]<\/p>\n<div class=\"slovenia box\">\n<p class=\"titulo-select\"><strong>BSC, poslovno podporni centar, d.o.o., Kranj (BSC, Slovenija)<\/strong><\/p>\n<div class=\"boton\"><a href=\"http:\/\/www.bsc-kranj.si\/\" target=\"_blank\" rel=\"noopener noreferrer\">http:\/\/www.bsc-kranj.si\/<\/a><\/div>\n<p class=\"mail\"><img src=\"https:\/\/mobilise-sme.eu\/wp-content\/uploads\/2020\/11\/mail.png\" \/> <a href=\"mailto:Nives.justin@bsc-kranj.si\">Nives.justin@bsc-kranj.si<\/a><\/p>\n<p class=\"mail\"><img src=\"https:\/\/mobilise-sme.eu\/wp-content\/uploads\/2020\/11\/mail.png\" \/> <a href=\"mailto:tamara.mravinec@bsc-kranj.si\">tamara.mravinec@bsc-kranj.si<\/a><\/p>\n<p class=\"telefono\"><img src=\"https:\/\/mobilise-sme.eu\/wp-content\/uploads\/2020\/11\/phone.png\" \/> +386 4 28 17 247<\/p>\n<p class=\"telefono\"><img src=\"https:\/\/mobilise-sme.eu\/wp-content\/uploads\/2020\/11\/phone.png\" \/> + 386 4 77 77 250<\/p>\n<\/div>\n<p>[\/vc_wp_text][vc_wp_text]<\/p>\n<div class=\"italy2 box\">\n<p class=\"titulo-select\"><strong>Forum jadranske i jonske privredne komore (FORUM, Italija)<\/strong><\/p>\n<div class=\"boton\"><a href=\"https:\/\/www.forumaic.org\/\" target=\"_blank\" rel=\"noopener noreferrer\">https:\/\/www.forumaic.org\/<\/a><\/div>\n<p>&nbsp;<\/p>\n<p class=\"mail\"><img src=\"https:\/\/mobilise-sme.eu\/wp-content\/uploads\/2020\/11\/mail.png\" \/> <a href=\"mailto:segreteria.forum@marche.camcom.it\">segreteria.forum@marche.camcom.it<\/a><\/p>\n<p class=\"nombre\"><strong>Alina Nistor<\/strong><\/p>\n<p class=\"mail\"><img src=\"https:\/\/mobilise-sme.eu\/wp-content\/uploads\/2020\/11\/mail.png\" \/> <a href=\"mailto:alina.nistor@marche.camcom.it\">alina.nistor@marche.camcom.it<\/a><\/p>\n<\/div>\n<p>[\/vc_wp_text][vc_wp_text]<\/p>\n<div class=\"austria box\">\n<p class=\"titulo-select\"><strong>Privredna komora Austrije (WKO, Austrija)<\/strong><\/p>\n<div class=\"boton\"><a href=\"https:\/\/wko.at\" target=\"_blank\" rel=\"noopener noreferrer\">https:\/\/wko.at<\/a><\/div>\n<p class=\"nombre\"><strong>Christoph Huter<\/strong><\/p>\n<p class=\"mail\"><img src=\"https:\/\/mobilise-sme.eu\/wp-content\/uploads\/2020\/11\/mail.png\" \/> <a href=\"mailto:christoph.huter@wko.at\">christoph.huter@wko.at<\/a><\/p>\n<p class=\"telefono\"><img src=\"https:\/\/mobilise-sme.eu\/wp-content\/uploads\/2020\/11\/phone.png\" \/> +43 590900-3220<\/p>\n<p class=\"nombre\"><strong>Thomas Reichenbach<\/strong><\/p>\n<p class=\"mail\"><img src=\"https:\/\/mobilise-sme.eu\/wp-content\/uploads\/2020\/11\/mail.png\" \/> <a href=\"mailto:thomas.reichenbach@wko.at\">thomas.reichenbach@wko.at<\/a><\/p>\n<p class=\"telefono\"><img src=\"https:\/\/mobilise-sme.eu\/wp-content\/uploads\/2020\/11\/phone.png\" \/> +43 590900-4077<\/p>\n<\/div>\n<div class=\"austria box\">\n<p class=\"titulo-select\"><b>Internationaler Fachkr\u00e4fteaustausch (IFA)<\/b><\/p>\n<div class=\"boton\"><a href=\"https:\/\/ifa.or.at\/\" target=\"_blank\" rel=\"noopener noreferrer\">https:\/\/ifa.or.at\/<\/a><\/div>\n<p class=\"nombre\"><strong>Chirstina Prohammer<\/strong><\/p>\n<p class=\"mail\"><img src=\"https:\/\/mobilise-sme.eu\/wp-content\/uploads\/2020\/11\/mail.png\" \/> <a href=\"mailto:prohammer@ifa.or.at\">prohammer@ifa.or.at<\/a><\/p>\n<p class=\"telefono\"><img src=\"https:\/\/mobilise-sme.eu\/wp-content\/uploads\/2020\/11\/phone.png\" \/> +43-1-3665544-13<\/p>\n<\/div>\n<p>[\/vc_wp_text][vc_wp_text]<\/p>\n<div class=\"greece box\">\n<p class=\"titulo-select\"><strong>Udru\u017eenje tesalskih preduze\u0107a i industrija (STHEV, Gr\u010dka)<\/strong><\/p>\n<div class=\"boton\"><a href=\"www.sthev.gr\" target=\"_blank\" rel=\"noopener noreferrer\">www.sthev.gr<\/a><\/div>\n<p class=\"nombre\"><strong>Eleni Evagelopoulou<\/strong><\/p>\n<p class=\"mail\"><img src=\"https:\/\/mobilise-sme.eu\/wp-content\/uploads\/2020\/11\/mail.png\" \/> <a href=\"mailto:education@sthev.gr\">education@sthev.gr<\/a><\/p>\n<\/div>\n<p>[\/vc_wp_text][vc_wp_text]<\/p>\n<div class=\"france box\">\n<p class=\"titulo-select\"><strong>Privredna komora Nouvelle &#8211; Aquitaine (CCI-NA, Francuska)<\/strong><\/p>\n<div class=\"boton\"><a href=\"www.nouvelle-aquitaine.cci.fr\" target=\"_blank\" rel=\"noopener noreferrer\">www.nouvelle-aquitaine.cci.fr<\/a><\/div>\n<p class=\"nombre\"><strong>Stephanie VINCENT<\/strong><\/p>\n<p class=\"mail\"><img src=\"https:\/\/mobilise-sme.eu\/wp-content\/uploads\/2020\/11\/mail.png\" \/> <a href=\"mailto:stephanie.vincent@nouvelle-aquitaine.cci.fr\">stephanie.vincent@nouvelle-aquitaine.cci.fr<\/a><\/p>\n<p class=\"telefono\"><img src=\"https:\/\/mobilise-sme.eu\/wp-content\/uploads\/2020\/11\/phone.png\" \/> +33556112813<\/p>\n<\/div>\n<p>[\/vc_wp_text][vc_wp_text]<\/p>\n<div class=\"montenegro box\">\n<p class=\"titulo-select\"><strong>Privredna komora Crne Gore (CEM, Crna Gora)<\/strong><\/p>\n<div class=\"boton\"><a href=\"www.privrednakomora.me\" target=\"_blank\" rel=\"noopener noreferrer\">www.privrednakomora.me<\/a><\/div>\n<p class=\"mail\"><img src=\"https:\/\/mobilise-sme.eu\/wp-content\/uploads\/2020\/11\/mail.png\" \/> <a href=\"mailto:pkcg@pkcg.org\">pkcg@pkcg.org<\/a><\/p>\n<p class=\"telefono\"><img src=\"https:\/\/mobilise-sme.eu\/wp-content\/uploads\/2020\/11\/phone.png\" \/> +38 22 0230706<\/p>\n<\/div>\n<p>[\/vc_wp_text][\/vc_column][vc_column width=&#8220;2\/3&#8243; css=&#8220;.vc_custom_1639998303931{margin-right: 0px !important;margin-left: 0px !important;padding-right: 0px !important;padding-left: 0px !important;}&#8220; el_class=&#8220;mapa&#8220;][vc_wp_text]<\/p>\n<div class=\"map box\"><img loading=\"lazy\" src=\"https:\/\/mobilise-sme.eu\/wp-content\/uploads\/2020\/11\/map_2.png\" alt=\"\" width=\"100%\" height=\"auto\" \/><\/div>\n<p>[\/vc_wp_text][vc_wp_text]<\/p>\n<div class=\"belgium box\"><img loading=\"lazy\" src=\"https:\/\/mobilise-sme.eu\/wp-content\/uploads\/2020\/11\/CAMARABELUX.png\" alt=\"\" width=\"100%\" height=\"auto\" \/><\/div>\n<p>[\/vc_wp_text][vc_wp_text]<\/p>\n<div class=\"spain box\"><img loading=\"lazy\" src=\"https:\/\/mobilise-sme.eu\/wp-content\/uploads\/2020\/11\/FEH.png\" alt=\"\" width=\"100%\" height=\"auto\" \/><\/div>\n<p>[\/vc_wp_text][vc_wp_text]<\/p>\n<div class=\"ireland box\"><img loading=\"lazy\" src=\"https:\/\/mobilise-sme.eu\/wp-content\/uploads\/2020\/11\/DCC.png\" alt=\"\" width=\"100%\" height=\"auto\" \/><\/div>\n<p>[\/vc_wp_text][vc_wp_text]<\/p>\n<div class=\"serbia box\"><img loading=\"lazy\" src=\"https:\/\/mobilise-sme.eu\/wp-content\/uploads\/2020\/11\/BINS.png\" alt=\"\" width=\"100%\" height=\"auto\" \/><\/div>\n<p>[\/vc_wp_text][vc_wp_text]<\/p>\n<div class=\"croatia box\"><img loading=\"lazy\" src=\"https:\/\/mobilise-sme.eu\/wp-content\/uploads\/2021\/03\/TERA-1.jpg\" alt=\"\" width=\"100%\" height=\"auto\" \/><\/div>\n<p>[\/vc_wp_text][vc_wp_text]<\/p>\n<div class=\"italy box\"><img loading=\"lazy\" src=\"https:\/\/mobilise-sme.eu\/wp-content\/uploads\/2021\/03\/CCIS-TSOK-1.jpg\" alt=\"\" width=\"100%\" height=\"auto\" \/><\/div>\n<p>[\/vc_wp_text][vc_wp_text]<\/p>\n<div class=\"slovenia box\"><img loading=\"lazy\" src=\"https:\/\/mobilise-sme.eu\/wp-content\/uploads\/2020\/11\/BSC-2.png\" alt=\"\" width=\"100%\" height=\"auto\" \/><\/div>\n<p>[\/vc_wp_text][vc_wp_text]<\/p>\n<div class=\"italy2 box\"><img loading=\"lazy\" src=\"https:\/\/mobilise-sme.eu\/wp-content\/uploads\/2020\/11\/FORUM.png\" alt=\"\" width=\"100%\" height=\"auto\" \/><\/div>\n<p>[\/vc_wp_text][vc_wp_text]<\/p>\n<div class=\"austria box\"><img loading=\"lazy\" src=\"https:\/\/mobilise-sme.eu\/wp-content\/uploads\/2020\/11\/WKO.png\" alt=\"\" width=\"100%\" height=\"auto\" \/><\/div>\n<p>[\/vc_wp_text][vc_wp_text]<\/p>\n<div class=\"greece box\"><img loading=\"lazy\" src=\"https:\/\/mobilise-sme.eu\/wp-content\/uploads\/2020\/11\/STHEV.png\" alt=\"\" width=\"100%\" height=\"auto\" \/><\/div>\n<p>[\/vc_wp_text][vc_wp_text]<\/p>\n<div class=\"france box\"><img loading=\"lazy\" src=\"https:\/\/mobilise-sme.eu\/wp-content\/uploads\/2020\/11\/CCI-NA.png\" alt=\"\" width=\"100%\" height=\"auto\" \/><\/div>\n<p>[\/vc_wp_text][vc_wp_text]<\/p>\n<div class=\"montenegro box\"><img loading=\"lazy\" src=\"https:\/\/mobilise-sme.eu\/wp-content\/uploads\/2020\/11\/CEM.png\" alt=\"\" width=\"100%\" height=\"auto\" \/><\/div>\n<p>[\/vc_wp_text][\/vc_column][\/vc_row]<\/p>\n","protected":false},"excerpt":{"rendered":"<p>[vc_row el_class=&#8220;espaciado bloquelocal&#8220;][vc_column css=&#8220;.vc_custom_1602769966142{padding-top: 20px !important;}&#8220;][vc_column_text css=&#8220;.vc_custom_1602769996122{margin-bottom: 5px !important;}&#8220;] Lokalni partneri [\/vc_column_text][vc_separator color=&#8220;custom&#8220; border_width=&#8220;2&#8243; el_width=&#8220;20&#8243; accent_color=&#8220;#0d5387&#8243;][vc_column_text]Ako ste zainteresovani za u\u010de\u0161c\u0301e u programu MobiliseSME, mo\u017eete kontaktirati bilo kog od dole navedenih subjekata. U pitanju su subjekti poput Privrednih Komora, Agencije za inovacije, Fondacije, Udru\u017eenja privrednih komora, Poslovne organizacije, Univerziteti i Poslovni inkubatori itd. Zvani\u010dno su imenovani od strane EASI programa kako bi pomogli u uspostavljanju kontakata izme\u0111u malih i srednjih preduzec\u0301a iz EU u okviru programa MobiliseSME. Ako u va\u0161oj zemlji nema lokalnog partnera, kontaktirajte support@mobilise-sme.eu. [\/vc_column_text][\/vc_column][\/vc_row][vc_row el_class=&#8220;espaciado2&#8243;][vc_column width=&#8220;1\/3&#8243; el_class=&#8220;bloquelocal2&#8243;][vc_raw_html]PGRpdiBjbGFzcz0ic2VsZWNjaW9uLWNpdWRhZCI+DQo8cCBjbGFzcz0ic2VsZWN0LWNvdW50cnkiPkl6YWJlcml0ZSBzdm9qdSB6ZW1sanU8L3A+DQo8c2VsZWN0Pg0KPG9wdGlvbiB2YWx1ZT0ibWFwIj5EcsW+YXZhPC9vcHRpb24+DQo8b3B0aW9uIHZhbHVlPSJtYXAiPkFsYmFuaWphPC9vcHRpb24+DQo8b3B0aW9uIHZhbHVlPSJhdXN0cmlhIj5BdXN0cmlqYTwvb3B0aW9uPg0KPG9wdGlvbiB2YWx1ZT0iYmVsZ2l1bSI+QmVsZ2lqYTwvb3B0aW9uPg0KPG9wdGlvbiB2YWx1ZT0ibWFwIj5CdWdhcnNrYTwvb3B0aW9uPg0KPG9wdGlvbiB2YWx1ZT0iY3JvYXRpYSI+SHJ2YXRza2E8L29wdGlvbj4NCjxvcHRpb24gdmFsdWU9Im1hcCI+S2lwYXI8L29wdGlvbj4NCjxvcHRpb24gdmFsdWU9Im1hcCI+xIxlxaFrYSBSZXB1Ymxpa2E8L29wdGlvbj4NCjxvcHRpb24gdmFsdWU9Im1hcCI+RGFuc2thPC9vcHRpb24+DQo8b3B0aW9uIHZhbHVlPSJtYXAiPk5lbWHEjWthPC9vcHRpb24+DQo8b3B0aW9uIHZhbHVlPSJtYXAiPkVzdG9uaWphPC9vcHRpb24+DQo8b3B0aW9uIHZhbHVlPSJtYXAiPkZpbnNrYTwvb3B0aW9uPg0KPG9wdGlvbiB2YWx1ZT0ibWFwIj5SZXB1Ymxpa2EgU2V2ZXJuYSBNYWtlZG9uaWphPC9vcHRpb24+DQo8b3B0aW9uIHZhbHVlPSJmcmFuY2UiPkZyYW5jdXNrYTwvb3B0aW9uPg0KPG9wdGlvbiB2YWx1ZT0iZ3JlZWNlIj5HcsSNa2E8L29wdGlvbj4NCjxvcHRpb24gdmFsdWU9Im1hcCI+TWHEkWFyc2thPC9vcHRpb24+DQo8b3B0aW9uIHZhbHVlPSJtYXAiPklzbGFuZDwvb3B0aW9uPg0KPG9wdGlvbiB2YWx1ZT0iaXJlbGFuZCI+SXJza2E8L29wdGlvbj4NCjxvcHRpb24gdmFsdWU9Iml0YWx5MiI+SXRhbGlqYTwvb3B0aW9uPg0KPG9wdGlvbiB2YWx1ZT0ibWFwIj5MaXR2YW5pamE8L29wdGlvbj4NCjxvcHRpb24gdmFsdWU9ImJlbGdpdW0iPkx1a3NlbWJ1cmc8L29wdGlvbj4NCjxvcHRpb24gdmFsdWU9Im1hcCI+TWFsdGE8L29wdGlvbj4NCjxvcHRpb24gdmFsdWU9Im1vbnRlbmVncm8iPkNybmEgR29yYTwvb3B0aW9uPg0KPG9wdGlvbiB2YWx1ZT0iYmVsZ2l1bSI+SG9sYW5kaWphPC9vcHRpb24+DQo8b3B0aW9uIHZhbHVlPSJtYXAiPlBvbGpza2E8L29wdGlvbj4NCjxvcHRpb24gdmFsdWU9Im1hcCI+UG9ydHVnYWw8L29wdGlvbj4NCjxvcHRpb24gdmFsdWU9InNlcmJpYSI+U3JiaWphPC9vcHRpb24+DQo8b3B0aW9uIHZhbHVlPSJpdGFseSI+U2xvdmHEjWthPC9vcHRpb24+DQo8b3B0aW9uIHZhbHVlPSJzbG92ZW5pYSI+U2xvdmVuaWphPC9vcHRpb24+DQo8b3B0aW9uIHZhbHVlPSJzcGFpbiI+xaBwYW5pamE8L29wdGlvbj4NCjwvc2VsZWN0PjwvZGl2Pg==[\/vc_raw_html][vc_wp_text] MobiliseSME program Ako u va\u0161oj zemlji ne postoji lokalna kontakt ta\u010dka, [&hellip;]<\/p>\n","protected":false},"author":1,"featured_media":0,"parent":0,"menu_order":0,"comment_status":"closed","ping_status":"closed","template":"","meta":[],"yoast_head":"<!-- This site is optimized with the Yoast SEO plugin v15.4 - https:\/\/yoast.com\/wordpress\/plugins\/seo\/ -->\n<title>Lokalni partneri - Mobilsesme<\/title>\n<meta name=\"robots\" content=\"index, follow, max-snippet:-1, max-image-preview:large, max-video-preview:-1\" \/>\n<link rel=\"canonical\" href=\"https:\/\/mobilise-sme.eu\/sr\/lokalni-partneri\/\" \/>\n<meta property=\"og:locale\" content=\"sr_RS\" \/>\n<meta property=\"og:type\" content=\"article\" \/>\n<meta property=\"og:title\" content=\"Lokalni partneri - Mobilsesme\" \/>\n<meta property=\"og:description\" content=\"[vc_row el_class=&#8220;espaciado bloquelocal&#8220;][vc_column css=&#8220;.vc_custom_1602769966142{padding-top: 20px !important;}&#8220;][vc_column_text css=&#8220;.vc_custom_1602769996122{margin-bottom: 5px !important;}&#8220;] Lokalni partneri [\/vc_column_text][vc_separator color=&#8220;custom&#8220; border_width=&#8220;2&#8243; el_width=&#8220;20&#8243; accent_color=&#8220;#0d5387&#8243;][vc_column_text]Ako ste zainteresovani za u\u010de\u0161c\u0301e u programu MobiliseSME, mo\u017eete kontaktirati bilo kog od dole navedenih subjekata. U pitanju su subjekti poput Privrednih Komora, Agencije za inovacije, Fondacije, Udru\u017eenja privrednih komora, Poslovne organizacije, Univerziteti i Poslovni inkubatori itd. Zvani\u010dno su imenovani od strane EASI programa kako bi pomogli u uspostavljanju kontakata izme\u0111u malih i srednjih preduzec\u0301a iz EU u okviru programa MobiliseSME. Ako u va\u0161oj zemlji nema lokalnog partnera, kontaktirajte support@mobilise-sme.eu. [\/vc_column_text][\/vc_column][\/vc_row][vc_row el_class=&#8220;espaciado2&#8243;][vc_column width=&#8220;1\/3&#8243; el_class=&#8220;bloquelocal2&#8243;][vc_raw_html]PGRpdiBjbGFzcz0ic2VsZWNjaW9uLWNpdWRhZCI+DQo8cCBjbGFzcz0ic2VsZWN0LWNvdW50cnkiPkl6YWJlcml0ZSBzdm9qdSB6ZW1sanU8L3A+DQo8c2VsZWN0Pg0KPG9wdGlvbiB2YWx1ZT0ibWFwIj5EcsW+YXZhPC9vcHRpb24+DQo8b3B0aW9uIHZhbHVlPSJtYXAiPkFsYmFuaWphPC9vcHRpb24+DQo8b3B0aW9uIHZhbHVlPSJhdXN0cmlhIj5BdXN0cmlqYTwvb3B0aW9uPg0KPG9wdGlvbiB2YWx1ZT0iYmVsZ2l1bSI+QmVsZ2lqYTwvb3B0aW9uPg0KPG9wdGlvbiB2YWx1ZT0ibWFwIj5CdWdhcnNrYTwvb3B0aW9uPg0KPG9wdGlvbiB2YWx1ZT0iY3JvYXRpYSI+SHJ2YXRza2E8L29wdGlvbj4NCjxvcHRpb24gdmFsdWU9Im1hcCI+S2lwYXI8L29wdGlvbj4NCjxvcHRpb24gdmFsdWU9Im1hcCI+xIxlxaFrYSBSZXB1Ymxpa2E8L29wdGlvbj4NCjxvcHRpb24gdmFsdWU9Im1hcCI+RGFuc2thPC9vcHRpb24+DQo8b3B0aW9uIHZhbHVlPSJtYXAiPk5lbWHEjWthPC9vcHRpb24+DQo8b3B0aW9uIHZhbHVlPSJtYXAiPkVzdG9uaWphPC9vcHRpb24+DQo8b3B0aW9uIHZhbHVlPSJtYXAiPkZpbnNrYTwvb3B0aW9uPg0KPG9wdGlvbiB2YWx1ZT0ibWFwIj5SZXB1Ymxpa2EgU2V2ZXJuYSBNYWtlZG9uaWphPC9vcHRpb24+DQo8b3B0aW9uIHZhbHVlPSJmcmFuY2UiPkZyYW5jdXNrYTwvb3B0aW9uPg0KPG9wdGlvbiB2YWx1ZT0iZ3JlZWNlIj5HcsSNa2E8L29wdGlvbj4NCjxvcHRpb24gdmFsdWU9Im1hcCI+TWHEkWFyc2thPC9vcHRpb24+DQo8b3B0aW9uIHZhbHVlPSJtYXAiPklzbGFuZDwvb3B0aW9uPg0KPG9wdGlvbiB2YWx1ZT0iaXJlbGFuZCI+SXJza2E8L29wdGlvbj4NCjxvcHRpb24gdmFsdWU9Iml0YWx5MiI+SXRhbGlqYTwvb3B0aW9uPg0KPG9wdGlvbiB2YWx1ZT0ibWFwIj5MaXR2YW5pamE8L29wdGlvbj4NCjxvcHRpb24gdmFsdWU9ImJlbGdpdW0iPkx1a3NlbWJ1cmc8L29wdGlvbj4NCjxvcHRpb24gdmFsdWU9Im1hcCI+TWFsdGE8L29wdGlvbj4NCjxvcHRpb24gdmFsdWU9Im1vbnRlbmVncm8iPkNybmEgR29yYTwvb3B0aW9uPg0KPG9wdGlvbiB2YWx1ZT0iYmVsZ2l1bSI+SG9sYW5kaWphPC9vcHRpb24+DQo8b3B0aW9uIHZhbHVlPSJtYXAiPlBvbGpza2E8L29wdGlvbj4NCjxvcHRpb24gdmFsdWU9Im1hcCI+UG9ydHVnYWw8L29wdGlvbj4NCjxvcHRpb24gdmFsdWU9InNlcmJpYSI+U3JiaWphPC9vcHRpb24+DQo8b3B0aW9uIHZhbHVlPSJpdGFseSI+U2xvdmHEjWthPC9vcHRpb24+DQo8b3B0aW9uIHZhbHVlPSJzbG92ZW5pYSI+U2xvdmVuaWphPC9vcHRpb24+DQo8b3B0aW9uIHZhbHVlPSJzcGFpbiI+xaBwYW5pamE8L29wdGlvbj4NCjwvc2VsZWN0PjwvZGl2Pg==[\/vc_raw_html][vc_wp_text] MobiliseSME program Ako u va\u0161oj zemlji ne postoji lokalna kontakt ta\u010dka, [&hellip;]\" \/>\n<meta property=\"og:url\" content=\"https:\/\/mobilise-sme.eu\/sr\/lokalni-partneri\/\" \/>\n<meta property=\"og:site_name\" content=\"Mobilsesme\" \/>\n<meta property=\"article:modified_time\" content=\"2022-09-29T10:28:31+00:00\" \/>\n<meta property=\"og:image\" content=\"https:\/\/mobilise-sme.eu\/wp-content\/uploads\/2020\/11\/mail.png\" \/>\n<meta name=\"twitter:card\" content=\"summary_large_image\" \/>\n<meta name=\"twitter:label1\" content=\"Written by\">\n\t<meta name=\"twitter:data1\" content=\"sumaysube\">\n\t<meta name=\"twitter:label2\" content=\"Est. reading time\">\n\t<meta name=\"twitter:data2\" content=\"4 \u043c\u0438\u043d\u0443\u0442\u0430\">\n<script type=\"application\/ld+json\" class=\"yoast-schema-graph\">{\"@context\":\"https:\/\/schema.org\",\"@graph\":[{\"@type\":\"WebSite\",\"@id\":\"https:\/\/mobilise-sme.eu\/#website\",\"url\":\"https:\/\/mobilise-sme.eu\/\",\"name\":\"Mobilsesme\",\"description\":\"Otro sitio realizado con WordPress\",\"potentialAction\":[{\"@type\":\"SearchAction\",\"target\":\"https:\/\/mobilise-sme.eu\/?s={search_term_string}\",\"query-input\":\"required name=search_term_string\"}],\"inLanguage\":\"sr-RS\"},{\"@type\":\"ImageObject\",\"@id\":\"https:\/\/mobilise-sme.eu\/sr\/lokalni-partneri\/#primaryimage\",\"inLanguage\":\"sr-RS\",\"url\":\"https:\/\/mobilise-sme.eu\/wp-content\/uploads\/2020\/11\/mail.png\",\"width\":15,\"height\":10},{\"@type\":\"WebPage\",\"@id\":\"https:\/\/mobilise-sme.eu\/sr\/lokalni-partneri\/#webpage\",\"url\":\"https:\/\/mobilise-sme.eu\/sr\/lokalni-partneri\/\",\"name\":\"Lokalni partneri - Mobilsesme\",\"isPartOf\":{\"@id\":\"https:\/\/mobilise-sme.eu\/#website\"},\"primaryImageOfPage\":{\"@id\":\"https:\/\/mobilise-sme.eu\/sr\/lokalni-partneri\/#primaryimage\"},\"datePublished\":\"2021-01-20T14:22:42+00:00\",\"dateModified\":\"2022-09-29T10:28:31+00:00\",\"inLanguage\":\"sr-RS\",\"potentialAction\":[{\"@type\":\"ReadAction\",\"target\":[\"https:\/\/mobilise-sme.eu\/sr\/lokalni-partneri\/\"]}]}]}<\/script>\n<!-- \/ Yoast SEO plugin. -->","_links":{"self":[{"href":"https:\/\/mobilise-sme.eu\/sr\/wp-json\/wp\/v2\/pages\/1654\/"}],"collection":[{"href":"https:\/\/mobilise-sme.eu\/sr\/wp-json\/wp\/v2\/pages\/"}],"about":[{"href":"https:\/\/mobilise-sme.eu\/sr\/wp-json\/wp\/v2\/types\/page\/"}],"author":[{"embeddable":true,"href":"https:\/\/mobilise-sme.eu\/sr\/wp-json\/wp\/v2\/users\/1\/"}],"replies":[{"embeddable":true,"href":"https:\/\/mobilise-sme.eu\/sr\/wp-json\/wp\/v2\/comments\/?post=1654"}],"version-history":[{"count":14,"href":"https:\/\/mobilise-sme.eu\/sr\/wp-json\/wp\/v2\/pages\/1654\/revisions\/"}],"predecessor-version":[{"id":4458,"href":"https:\/\/mobilise-sme.eu\/sr\/wp-json\/wp\/v2\/pages\/1654\/revisions\/4458\/"}],"wp:attachment":[{"href":"https:\/\/mobilise-sme.eu\/sr\/wp-json\/wp\/v2\/media\/?parent=1654"}],"curies":[{"name":"wp","href":"https:\/\/api.w.org\/{rel}","templated":true}]}}