{"id":1660,"date":"2021-01-20T14:23:57","date_gmt":"2021-01-20T14:23:57","guid":{"rendered":"https:\/\/mobilise-sme.eu\/ko-moze-da-ucestvuje\/"},"modified":"2021-02-17T13:39:48","modified_gmt":"2021-02-17T13:39:48","slug":"ko-moze-da-ucestvuje","status":"publish","type":"page","link":"https:\/\/mobilise-sme.eu\/sr\/ko-moze-da-ucestvuje\/","title":{"rendered":"Ko mo\u017ee da u\u010destvuje"},"content":{"rendered":"<p>[vc_row el_class=&#8220;espaciado&#8220;][vc_column css=&#8220;.vc_custom_1602686899070{padding-top: 20px !important;}&#8220;][vc_column_text css=&#8220;.vc_custom_1602686966717{margin-bottom: 5px !important;}&#8220;]<\/p>\n<p class=\"titulo-yellow\" style=\"text-align: center;\">Ko mo\u017ee da u\u010destvuje?<\/p>\n<p>[\/vc_column_text][vc_separator color=&#8220;custom&#8220; border_width=&#8220;2&#8243; el_width=&#8220;20&#8243; accent_color=&#8220;#efca34&#8243;][vc_row_inner][vc_column_inner width=&#8220;1\/2&#8243;][vc_column_text]<\/p>\n<p style=\"text-align: center;\"><strong>Podnosioci zahteva (MSP)<\/strong><\/p>\n<p>Podnosioci zahteva su <strong>mala i srednja preduzec\u0301a (MSP)<\/strong>. Oni se mogu prijaviti za program registracijom na platformi za povezivanje ili kontaktiranjem bilo kog od partnera koji predstavljaju kontakt ta\u010dke za realizaciju programa u njihovoj zemlji.<\/p>\n<p>Sva MSP koja u\u010destvuju moraju ispunjavati geografske kriterijume. Program vodi ra\u010duna da su kandidati pravilno osnovani i registrovani u sledec\u0301im zemljama:<\/p>\n<ul>\n<li>Dr\u017eave \u010dlanice EU.<\/li>\n<li>Island i Norve\u0161ka u skladu sa EGP Sporazumom.<\/li>\n<li>Albanija, Republika Severna Makedonija, Crna Gora, Srbija i Turska.<\/li>\n<\/ul>\n<p>Preduzec\u0301ima sa jednim zaposlenim je dozvoljeno da u\u010destvuju ako su osnovana kao pravna lica i imaju PIB (poreski identifikacioni broj). Ostali profili poput samozaposlenih, freelancera i onih koji pripadaju skupu slobodnih profesija poput advokata, javnih bele\u017enika, ra\u010dunovo\u0111a, revizora, lekara, farmaceuta, psihologa\u2026tako\u0111e se smatraju podobnim ukoliko ispunjavaju kriterijume da su registrovani kao pravno lice tj. da imaju poreski identifikacioni broj.<\/p>\n<p>Ostali oblici samozapo\u0161ljavanja su isklju\u010deni. Me\u0111utim, preporu\u010duje se konsultovanje sa lokalnim partnerima, jer se to mo\u017ee razlikovati u zavisnosti od slu\u010daja.<\/p>\n<p>Vec\u0301e kompanije mogu u\u010destvovati, ali samo kao kompanije domac\u0301ini.<\/p>\n<p>Da biste u\u010destvovali na programu obavezna je registracija na platformi za povezivanje. Svako ko ispunjava uslove za MSP mo\u017ee stupiti u kontakt sa lokalnim partnerima kako bi u\u010destvovao u programu Mobilise SME i registrovao MSP na platformi.<\/p>\n<p>[\/vc_column_text][\/vc_column_inner][vc_column_inner width=&#8220;1\/2&#8243;][vc_column_text]<\/p>\n<p style=\"text-align: center;\"><strong>U\u010desnici (Zaposleni, Menad\u017eeri, Vlasnici\/Suvlasnici)<\/strong><\/p>\n<p>U\u010desnici su zaposleni koji rade u malim ili srednjim preduze\u0107ima koja su se prijavila za u\u010de\u0161\u0107e u programu Mobilise SME. Pod pojmom u\u010desnik podrazumevaju se zaposleni, menad\u017eeri, vlasnici ili suvlasnici malih i srednjih preduze\u0107a. Konkretno:<\/p>\n<ul>\n<li>U okviru Mobilise SME definicija zaposlenog glasi: Zaposleni je lice koje radi sa punim radnim vremenom pod ugovorom.<\/li>\n<li>U okviru Mobilise SME definicija menad\u017eera glasi: Menad\u017eer je osoba koja radi puno radno vreme pod ugovorom. Mora imati jasno definisane odgovornosti u obavljanju svakodnevnih aktivnosti.<\/li>\n<li>U okviru MobiliseSME programa definicija vlasnika\/suvlasnika glasi:<br \/>Vlasnik\/Suvlasnik ozna\u010dava osobu koja je osnovala malo ili srednje preduze\u0107e ili je deo Upravnog odbora.<\/li>\n<\/ul>\n<p>Za vi\u0161e detalja mo\u017eete kontaktirati partnere na projektu koji su vam najbli\u017ei.<\/p>\n<p>[\/vc_column_text][\/vc_column_inner][\/vc_row_inner][vc_row_inner][vc_column_inner width=&#8220;1\/3&#8243;][vc_column_text]<\/p>\n<p class=\"homebutton\" style=\"text-align: center;\"><a href=\"https:\/\/mobilise-sme.eu\/wp-content\/uploads\/2020\/12\/leaflet_mobilisesme_GENERAL-1.pdf\" target=\"_blank\" rel=\"noopener noreferrer\"><img src=\"https:\/\/mobilise-sme.eu\/wp-content\/uploads\/2020\/11\/Rectangle-42.png\" \/> Op\u0161te informacije<\/a><\/p>\n<p>[\/vc_column_text][\/vc_column_inner][vc_column_inner width=&#8220;1\/3&#8243;][vc_column_text]<\/p>\n<p class=\"homebutton\" style=\"text-align: center;\"><a href=\"https:\/\/mobilise-sme.eu\/wp-content\/uploads\/2020\/12\/leaflet_mobilisesme_HC-1.pdf\" target=\"_blank\" rel=\"noopener noreferrer\"><img src=\"https:\/\/mobilise-sme.eu\/wp-content\/uploads\/2020\/11\/Rectangle-42.png\" \/> Op\u0161te informacije &#8211; Kompanija doma\u0107in<\/a><\/p>\n<p>[\/vc_column_text][\/vc_column_inner][vc_column_inner width=&#8220;1\/3&#8243;][vc_column_text]<\/p>\n<p class=\"homebutton\" style=\"text-align: center;\"><a href=\"https:\/\/mobilise-sme.eu\/wp-content\/uploads\/2020\/12\/leaflet_mobilisesme_SC-1.pdf\" target=\"_blank\" rel=\"noopener noreferrer\"><img src=\"https:\/\/mobilise-sme.eu\/wp-content\/uploads\/2020\/11\/Rectangle-42.png\" \/> Op\u0161te informacije &#8211; Kompanija koja \u0161alje zaposlene<\/a><\/p>\n<p>[\/vc_column_text][\/vc_column_inner][\/vc_row_inner][\/vc_column][\/vc_row]<\/p>\n","protected":false},"excerpt":{"rendered":"<p>[vc_row el_class=&#8220;espaciado&#8220;][vc_column css=&#8220;.vc_custom_1602686899070{padding-top: 20px !important;}&#8220;][vc_column_text css=&#8220;.vc_custom_1602686966717{margin-bottom: 5px !important;}&#8220;] Ko mo\u017ee da u\u010destvuje? [\/vc_column_text][vc_separator color=&#8220;custom&#8220; border_width=&#8220;2&#8243; el_width=&#8220;20&#8243; accent_color=&#8220;#efca34&#8243;][vc_row_inner][vc_column_inner width=&#8220;1\/2&#8243;][vc_column_text] Podnosioci zahteva (MSP) Podnosioci zahteva su mala i srednja preduzec\u0301a (MSP). Oni se mogu prijaviti za program registracijom na platformi za povezivanje ili kontaktiranjem bilo kog od partnera koji predstavljaju kontakt ta\u010dke za realizaciju programa u njihovoj zemlji. Sva MSP koja u\u010destvuju moraju ispunjavati geografske kriterijume. Program vodi ra\u010duna da su kandidati pravilno osnovani i registrovani u sledec\u0301im zemljama: Dr\u017eave \u010dlanice EU. Island i Norve\u0161ka u skladu sa EGP Sporazumom. Albanija, Republika Severna Makedonija, Crna Gora, Srbija i Turska. Preduzec\u0301ima sa jednim [&hellip;]<\/p>\n","protected":false},"author":1,"featured_media":0,"parent":0,"menu_order":0,"comment_status":"closed","ping_status":"closed","template":"","meta":[],"yoast_head":"<!-- This site is optimized with the Yoast SEO plugin v15.4 - https:\/\/yoast.com\/wordpress\/plugins\/seo\/ -->\n<title>Ko mo\u017ee da u\u010destvuje - Mobilsesme<\/title>\n<meta name=\"robots\" content=\"index, follow, max-snippet:-1, max-image-preview:large, max-video-preview:-1\" \/>\n<link rel=\"canonical\" href=\"https:\/\/mobilise-sme.eu\/sr\/who-can-participate\/\" \/>\n<meta property=\"og:locale\" content=\"sr_RS\" \/>\n<meta property=\"og:type\" content=\"article\" \/>\n<meta property=\"og:title\" content=\"Ko mo\u017ee da u\u010destvuje - Mobilsesme\" \/>\n<meta property=\"og:description\" content=\"[vc_row el_class=&#8220;espaciado&#8220;][vc_column css=&#8220;.vc_custom_1602686899070{padding-top: 20px !important;}&#8220;][vc_column_text css=&#8220;.vc_custom_1602686966717{margin-bottom: 5px !important;}&#8220;] Ko mo\u017ee da u\u010destvuje? [\/vc_column_text][vc_separator color=&#8220;custom&#8220; border_width=&#8220;2&#8243; el_width=&#8220;20&#8243; accent_color=&#8220;#efca34&#8243;][vc_row_inner][vc_column_inner width=&#8220;1\/2&#8243;][vc_column_text] Podnosioci zahteva (MSP) Podnosioci zahteva su mala i srednja preduzec\u0301a (MSP). Oni se mogu prijaviti za program registracijom na platformi za povezivanje ili kontaktiranjem bilo kog od partnera koji predstavljaju kontakt ta\u010dke za realizaciju programa u njihovoj zemlji. Sva MSP koja u\u010destvuju moraju ispunjavati geografske kriterijume. Program vodi ra\u010duna da su kandidati pravilno osnovani i registrovani u sledec\u0301im zemljama: Dr\u017eave \u010dlanice EU. Island i Norve\u0161ka u skladu sa EGP Sporazumom. Albanija, Republika Severna Makedonija, Crna Gora, Srbija i Turska. Preduzec\u0301ima sa jednim [&hellip;]\" \/>\n<meta property=\"og:url\" content=\"https:\/\/mobilise-sme.eu\/who-can-participate\/\" \/>\n<meta property=\"og:site_name\" content=\"Mobilsesme\" \/>\n<meta property=\"article:modified_time\" content=\"2021-02-17T13:39:48+00:00\" \/>\n<meta property=\"og:image\" content=\"https:\/\/mobilise-sme.eu\/wp-content\/uploads\/2020\/11\/Rectangle-42.png\" \/>\n<meta name=\"twitter:card\" content=\"summary_large_image\" \/>\n<meta name=\"twitter:label1\" content=\"Written by\">\n\t<meta name=\"twitter:data1\" content=\"sumaysube\">\n\t<meta name=\"twitter:label2\" content=\"Est. reading time\">\n\t<meta name=\"twitter:data2\" content=\"2 \u043c\u0438\u043d\u0443\u0442\u0430\">\n<script type=\"application\/ld+json\" class=\"yoast-schema-graph\">{\"@context\":\"https:\/\/schema.org\",\"@graph\":[{\"@type\":\"WebSite\",\"@id\":\"https:\/\/mobilise-sme.eu\/#website\",\"url\":\"https:\/\/mobilise-sme.eu\/\",\"name\":\"Mobilsesme\",\"description\":\"Otro sitio realizado con WordPress\",\"potentialAction\":[{\"@type\":\"SearchAction\",\"target\":\"https:\/\/mobilise-sme.eu\/?s={search_term_string}\",\"query-input\":\"required name=search_term_string\"}],\"inLanguage\":\"sr-RS\"},{\"@type\":\"ImageObject\",\"@id\":\"https:\/\/mobilise-sme.eu\/who-can-participate\/#primaryimage\",\"inLanguage\":\"sr-RS\",\"url\":\"https:\/\/mobilise-sme.eu\/wp-content\/uploads\/2020\/11\/Rectangle-42.png\",\"width\":22,\"height\":23},{\"@type\":\"WebPage\",\"@id\":\"https:\/\/mobilise-sme.eu\/who-can-participate\/#webpage\",\"url\":\"https:\/\/mobilise-sme.eu\/who-can-participate\/\",\"name\":\"Ko mo\\u017ee da u\\u010destvuje - Mobilsesme\",\"isPartOf\":{\"@id\":\"https:\/\/mobilise-sme.eu\/#website\"},\"primaryImageOfPage\":{\"@id\":\"https:\/\/mobilise-sme.eu\/who-can-participate\/#primaryimage\"},\"datePublished\":\"2021-01-20T14:23:57+00:00\",\"dateModified\":\"2021-02-17T13:39:48+00:00\",\"inLanguage\":\"sr-RS\",\"potentialAction\":[{\"@type\":\"ReadAction\",\"target\":[\"https:\/\/mobilise-sme.eu\/who-can-participate\/\"]}]}]}<\/script>\n<!-- \/ Yoast SEO plugin. -->","_links":{"self":[{"href":"https:\/\/mobilise-sme.eu\/sr\/wp-json\/wp\/v2\/pages\/1660\/"}],"collection":[{"href":"https:\/\/mobilise-sme.eu\/sr\/wp-json\/wp\/v2\/pages\/"}],"about":[{"href":"https:\/\/mobilise-sme.eu\/sr\/wp-json\/wp\/v2\/types\/page\/"}],"author":[{"embeddable":true,"href":"https:\/\/mobilise-sme.eu\/sr\/wp-json\/wp\/v2\/users\/1\/"}],"replies":[{"embeddable":true,"href":"https:\/\/mobilise-sme.eu\/sr\/wp-json\/wp\/v2\/comments\/?post=1660"}],"version-history":[{"count":7,"href":"https:\/\/mobilise-sme.eu\/sr\/wp-json\/wp\/v2\/pages\/1660\/revisions\/"}],"predecessor-version":[{"id":2048,"href":"https:\/\/mobilise-sme.eu\/sr\/wp-json\/wp\/v2\/pages\/1660\/revisions\/2048\/"}],"wp:attachment":[{"href":"https:\/\/mobilise-sme.eu\/sr\/wp-json\/wp\/v2\/media\/?parent=1660"}],"curies":[{"name":"wp","href":"https:\/\/api.w.org\/{rel}","templated":true}]}}